{"id":1830,"date":"2020-10-08T11:35:55","date_gmt":"2020-10-08T09:35:55","guid":{"rendered":"https:\/\/www.mivam.com\/?post_type=product&#038;p=1830"},"modified":"2024-11-21T12:19:34","modified_gmt":"2024-11-21T11:19:34","slug":"etac-my-loo","status":"publish","type":"product","link":"https:\/\/www.mivam.com\/en\/izdelek\/etac-my-loo\/","title":{"rendered":"ETAC My-Loo"},"content":{"rendered":"<p><span class=\"tlid-translation translation\" lang=\"sl\"><span class=\"\" title=\"\">Strani\u0161\u010dna \u0161koljka s povi\u0161ico s patentiranimi po vi\u0161ini nastavljivimi nasloni za roke<\/span><\/span><\/p>\n<p><span class=\"\" title=\"\">My-Loo uporabnikom z omejeno mobilnostjo ali te\u017eavami z ravnote\u017ejem omogo\u010da samostojno in varno uporabo strani\u0161\u010da.<\/span> <span class=\"\" title=\"\">Z edinstveno, patentirano re\u0161itvijo z naslonom za roke, dobro oblikovanim sede\u017eem in hitro, enostavno namestitvijo, dvignjeni strani\u0161\u010dni sede\u017e ponuja visoko raven udobja in enostavno uporabo.<\/span><\/p>\n<p><span title=\"\">Izredno velika odprtina sede\u017ea olaj\u0161a osebno higieno.<\/span> <span title=\"\">Robustne naslone za roke je mogo\u010de priro\u010dno zlo\u017eiti navzgor in navzdol.<\/span><\/p>\n<p><span title=\"\">My-Loo pripada povsem novi generaciji pametnih izdelkov podjetja Etac, ki jih imenujemo &#8220;Next Level&#8221;.<\/span><\/p>\n<h3><strong><span style=\"color: #ff0000;\">Mo\u017eno dobiti na naro\u010dilnico (0703) &#8211; nastavek za toaletno \u0161koljko<\/span><br \/>\n<\/strong><\/h3>\n<h3><strong>Lastnosti<\/strong><\/h3>\n<table style=\"width: 635px; height: 447px;\">\n<tbody>\n<tr>\n<td style=\"width: 367.683px;\">Sede\u017ena vi\u0161ina<\/td>\n<td style=\"width: 252.517px;\">2 cm; 6 cm; 10 cm<\/td>\n<\/tr>\n<tr>\n<td style=\"width: 367.683px;\">Te\u017ea<\/td>\n<td style=\"width: 252.517px;\">2 cm s podporama: 3,2 kg<\/p>\n<p>6 cm s podporama: 3,4 kg<\/p>\n<p>10 cm s podporama: 3,7 kg<\/p>\n<p>6 cm brez podpor: 2,2 kg<\/p>\n<p>10 cm brez podpor: 2,4 kg<\/td>\n<\/tr>\n<tr>\n<td style=\"width: 367.683px;\">\u0160irina med podporama<\/td>\n<td style=\"width: 252.517px;\">48 cm<\/td>\n<\/tr>\n<tr>\n<td style=\"width: 367.683px;\">Material<\/td>\n<td style=\"width: 252.517px;\">Sede\u017e: polipropilen<\/p>\n<p>Naslon za roki: polipropilen<\/p>\n<p>Podpora: nerjave\u010de jeklo<\/td>\n<\/tr>\n<tr>\n<td style=\"width: 367.683px;\">Maksimalna te\u017ea uporabnika brez\/z podpore<\/td>\n<td style=\"width: 252.517px;\">150 kg\/200 kg<\/td>\n<\/tr>\n<\/tbody>\n<\/table>\n<table style=\"width: 951px;\">\n<tbody>\n<tr style=\"height: 267px;\">\n<td style=\"width: 254px; height: 267px;\"><img decoding=\"async\" class=\"wp-image-1831 aligncenter\" src=\"https:\/\/www.mivam.com\/wp-content\/uploads\/2020\/10\/etac-my-loo-fixed-adjustable-armrests_593803-300x300.jpg\" alt=\"\" width=\"243\" height=\"243\" srcset=\"https:\/\/www.mivam.com\/wp-content\/uploads\/2020\/10\/etac-my-loo-fixed-adjustable-armrests_593803-300x300.jpg 300w, https:\/\/www.mivam.com\/wp-content\/uploads\/2020\/10\/etac-my-loo-fixed-adjustable-armrests_593803-600x600.jpg 600w, https:\/\/www.mivam.com\/wp-content\/uploads\/2020\/10\/etac-my-loo-fixed-adjustable-armrests_593803-150x150.jpg 150w, https:\/\/www.mivam.com\/wp-content\/uploads\/2020\/10\/etac-my-loo-fixed-adjustable-armrests_593803-768x768.jpg 768w, https:\/\/www.mivam.com\/wp-content\/uploads\/2020\/10\/etac-my-loo-fixed-adjustable-armrests_593803-180x180.jpg 180w, https:\/\/www.mivam.com\/wp-content\/uploads\/2020\/10\/etac-my-loo-fixed-adjustable-armrests_593803.jpg 1000w\" sizes=\"(max-width: 243px) 100vw, 243px\" \/><\/td>\n<td style=\"width: 217px; height: 267px;\"><img decoding=\"async\" class=\"wp-image-1834 aligncenter\" src=\"https:\/\/www.mivam.com\/wp-content\/uploads\/2020\/10\/etac-my-loo-fixed-spacious-and-practical_593804-300x300.jpg\" alt=\"\" width=\"222\" height=\"222\" srcset=\"https:\/\/www.mivam.com\/wp-content\/uploads\/2020\/10\/etac-my-loo-fixed-spacious-and-practical_593804-300x300.jpg 300w, https:\/\/www.mivam.com\/wp-content\/uploads\/2020\/10\/etac-my-loo-fixed-spacious-and-practical_593804-600x600.jpg 600w, https:\/\/www.mivam.com\/wp-content\/uploads\/2020\/10\/etac-my-loo-fixed-spacious-and-practical_593804-150x150.jpg 150w, https:\/\/www.mivam.com\/wp-content\/uploads\/2020\/10\/etac-my-loo-fixed-spacious-and-practical_593804-768x768.jpg 768w, https:\/\/www.mivam.com\/wp-content\/uploads\/2020\/10\/etac-my-loo-fixed-spacious-and-practical_593804-180x180.jpg 180w, https:\/\/www.mivam.com\/wp-content\/uploads\/2020\/10\/etac-my-loo-fixed-spacious-and-practical_593804.jpg 1000w\" sizes=\"(max-width: 222px) 100vw, 222px\" \/><\/td>\n<td style=\"width: 207.417px; height: 267px;\"><img decoding=\"async\" class=\"wp-image-1832 aligncenter\" src=\"https:\/\/www.mivam.com\/wp-content\/uploads\/2020\/10\/etac-my-loo-fixed-safe-and-comfortable_593805-300x300.jpg\" alt=\"\" width=\"198\" height=\"198\" srcset=\"https:\/\/www.mivam.com\/wp-content\/uploads\/2020\/10\/etac-my-loo-fixed-safe-and-comfortable_593805-300x300.jpg 300w, https:\/\/www.mivam.com\/wp-content\/uploads\/2020\/10\/etac-my-loo-fixed-safe-and-comfortable_593805-600x600.jpg 600w, https:\/\/www.mivam.com\/wp-content\/uploads\/2020\/10\/etac-my-loo-fixed-safe-and-comfortable_593805-150x150.jpg 150w, https:\/\/www.mivam.com\/wp-content\/uploads\/2020\/10\/etac-my-loo-fixed-safe-and-comfortable_593805-768x768.jpg 768w, https:\/\/www.mivam.com\/wp-content\/uploads\/2020\/10\/etac-my-loo-fixed-safe-and-comfortable_593805-180x180.jpg 180w, https:\/\/www.mivam.com\/wp-content\/uploads\/2020\/10\/etac-my-loo-fixed-safe-and-comfortable_593805.jpg 1000w\" sizes=\"(max-width: 198px) 100vw, 198px\" \/><\/td>\n<td style=\"width: 273.583px; height: 267px;\"><img decoding=\"async\" class=\"wp-image-1833 aligncenter\" src=\"https:\/\/www.mivam.com\/wp-content\/uploads\/2020\/10\/etac-my-loo-fixed-simple-convenient-installation_593806-300x300.jpg\" alt=\"\" width=\"202\" height=\"202\" srcset=\"https:\/\/www.mivam.com\/wp-content\/uploads\/2020\/10\/etac-my-loo-fixed-simple-convenient-installation_593806-300x300.jpg 300w, https:\/\/www.mivam.com\/wp-content\/uploads\/2020\/10\/etac-my-loo-fixed-simple-convenient-installation_593806-600x600.jpg 600w, https:\/\/www.mivam.com\/wp-content\/uploads\/2020\/10\/etac-my-loo-fixed-simple-convenient-installation_593806-150x150.jpg 150w, https:\/\/www.mivam.com\/wp-content\/uploads\/2020\/10\/etac-my-loo-fixed-simple-convenient-installation_593806-768x768.jpg 768w, https:\/\/www.mivam.com\/wp-content\/uploads\/2020\/10\/etac-my-loo-fixed-simple-convenient-installation_593806-180x180.jpg 180w, https:\/\/www.mivam.com\/wp-content\/uploads\/2020\/10\/etac-my-loo-fixed-simple-convenient-installation_593806.jpg 1000w\" sizes=\"(max-width: 202px) 100vw, 202px\" \/><\/td>\n<\/tr>\n<tr style=\"height: 244.517px;\">\n<td style=\"width: 254px; height: 244.517px;\"><span class=\"tlid-translation translation\" lang=\"sl\"><strong><span class=\"\" title=\"\">Nastavljivi nasloni za <\/span><\/strong><\/span><span class=\"tlid-translation translation\" lang=\"sl\"><strong><span class=\"\" title=\"\">roke<\/span><\/strong><\/span><\/p>\n<p><span class=\"\" title=\"\">Z edinstveno, patentirano re\u0161itvijo lahko naslone za roke hitro in enostavno nastavite po vi\u0161ini.<\/span> <span title=\"\">Lahko se zlo\u017eijo navzgor in navzdol.<\/span> <span title=\"\">Po potrebi lahko My-Loo uporabljate le z enim naslonom za roke.<\/span><\/td>\n<td style=\"width: 217px; height: 244.517px;\"><span class=\"tlid-translation translation\" lang=\"sl\"><strong><span class=\"\" title=\"\">Prostorna in prakti\u010dna<\/span><\/strong><\/span><\/p>\n<p><span class=\"\" title=\"\"><span title=\"\">Izjemno velika odprtina sede\u017ea zagotavljajo odli\u010dno dostopnost.<\/span><\/span><span class=\"\" title=\"\"> <span title=\"\">Zasnova dvignjene strani\u0161\u010dne povi\u0161ice zagotavlja dovolj prostora za vse oblike telesa.<\/span><\/span><\/td>\n<td style=\"width: 207.417px; height: 244.517px;\"><span class=\"tlid-translation translation\" lang=\"sl\"><strong><span class=\"\" title=\"\">Varno in udobno<\/span><\/strong><\/span><\/p>\n<p><span title=\"\">My-Loo s stabilnimi nasloni za roke in dobro oblikovanim sede\u017eem omogo\u010da, da so varni in udobni za uporabnika.<\/span> <span title=\"\">Za dodatno udobje lahko dodamo mehak sede\u017e.<\/span><\/td>\n<td style=\"width: 273.583px; height: 244.517px;\"><span class=\"tlid-translation translation\" lang=\"sl\"><strong><span class=\"\" title=\"\">Preprosta, priro\u010dna namestitev<\/span><\/strong><\/span><\/p>\n<p><span class=\"\" title=\"\">Etac My-Loo se hitro in enostavno namesti z inovativno novo re\u0161itvijo.<\/span> <span title=\"\">Prakti\u010dne, hitre matice omogo\u010dajo pritrditev dvignjenega strani\u0161\u010dnega sede\u017ea od zgoraj.<\/span> <span title=\"\">Nato lahko sede\u017e in nasloni za roke gladko kliknete v nosilce.<\/span><\/td>\n<\/tr>\n<\/tbody>\n<\/table>\n<p>&nbsp;<\/p>\n<p><strong><span class=\"tlid-translation translation\" lang=\"sl\"><span class=\"\" title=\"\">Etac My-Loo s fiksno pritrditvijo<\/span><\/span><\/strong><\/p>\n<table style=\"width: 683px;\">\n<tbody>\n<tr>\n<td style=\"width: 452.1px;\">Vi\u0161ina podloge<\/td>\n<td style=\"width: 236.9px;\">\u0160ifra<\/td>\n<\/tr>\n<tr>\n<td style=\"width: 452.1px;\">-2 cm z nasloni za roke<\/td>\n<td style=\"width: 236.9px;\">80301510<\/td>\n<\/tr>\n<tr>\n<td style=\"width: 452.1px;\">-6 cm z nasloni za roke<\/td>\n<td style=\"width: 236.9px;\">80301511<\/td>\n<\/tr>\n<tr>\n<td style=\"width: 452.1px;\">-10 cm z nasloni za roke<\/td>\n<td style=\"width: 236.9px;\">80301512<\/td>\n<\/tr>\n<tr>\n<td style=\"width: 452.1px;\">-6 cm brez naslonov za roke<\/td>\n<td style=\"width: 236.9px;\">80301513<\/td>\n<\/tr>\n<tr>\n<td style=\"width: 452.1px;\">-10 cm brez naslonov za roke<\/td>\n<td style=\"width: 236.9px;\">80301514<\/td>\n<\/tr>\n<\/tbody>\n<\/table>\n<p>Video povezave YouTube:<\/p>\n<p><iframe src=\"\/\/www.youtube.com\/embed\/Wvrw8sCkcYs\" width=\"560\" height=\"314\" allowfullscreen=\"allowfullscreen\"><\/iframe><\/p>\n<p><iframe src=\"\/\/www.youtube.com\/embed\/55ZEUkSvwBw\" width=\"560\" height=\"314\" allowfullscreen=\"allowfullscreen\"><\/iframe><\/p>\n<p><iframe src=\"\/\/www.youtube.com\/embed\/PpRUMVL8Ubs\" width=\"560\" height=\"314\" allowfullscreen=\"allowfullscreen\"><\/iframe><\/p>\n<p><iframe src=\"\/\/www.youtube.com\/embed\/3caf4mCzJg8\" width=\"560\" height=\"314\" allowfullscreen=\"allowfullscreen\"><\/iframe><\/p>\n<p><iframe src=\"\/\/www.youtube.com\/embed\/wLjnlLQ2HW8\" width=\"560\" height=\"314\" allowfullscreen=\"allowfullscreen\"><\/iframe><\/p>\n<p><iframe src=\"\/\/www.youtube.com\/embed\/ptoAfP8WNAE\" width=\"560\" height=\"314\" allowfullscreen=\"allowfullscreen\"><\/iframe><\/p>\n<p>Mo\u017eni dodatki so na voljo na spletni strani: <a href=\"https:\/\/www.etac.com\/products\/toileting\/new-etac-my-loo-with-fixed-mounting\/#accessories\">https:\/\/www.etac.com\/products\/toileting\/new-etac-my-loo-with-fixed-mounting\/#accessories<\/a><\/p>\n<p>&nbsp;<\/p>\n","protected":false},"excerpt":{"rendered":"<p>Nastavek za WC \u0161koljko s povi\u0161ico<\/p>\n","protected":false},"featured_media":1836,"comment_status":"closed","ping_status":"closed","template":"","meta":[],"product_brand":[],"product_cat":[224,71],"product_tag":[],"class_list":{"0":"post-1830","1":"product","2":"type-product","3":"status-publish","4":"has-post-thumbnail","6":"product_cat-kopalniski-pripomocki","7":"product_cat-dodatki-za-kopalnico","9":"first","10":"instock","11":"taxable","12":"shipping-taxable","13":"product-type-simple"},"yoast_head":"<!-- This site is optimized with the Yoast SEO plugin v24.0 - https:\/\/yoast.com\/wordpress\/plugins\/seo\/ -->\n<title>ETAC My-Loo - Mi Vam<\/title>\n<meta name=\"description\" content=\"Nastavek za WC \u0161koljko s povi\u0161ico\" \/>\n<meta name=\"robots\" content=\"index, follow, max-snippet:-1, max-image-preview:large, max-video-preview:-1\" \/>\n<link rel=\"canonical\" href=\"https:\/\/www.mivam.com\/izdelek\/etac-my-loo\/\" \/>\n<meta property=\"og:locale\" content=\"en_US\" \/>\n<meta property=\"og:type\" content=\"article\" \/>\n<meta property=\"og:title\" content=\"ETAC My-Loo - Mi Vam\" \/>\n<meta property=\"og:description\" content=\"Nastavek za WC \u0161koljko s povi\u0161ico\" \/>\n<meta property=\"og:url\" content=\"https:\/\/www.mivam.com\/izdelek\/etac-my-loo\/\" \/>\n<meta property=\"og:site_name\" content=\"Mi Vam\" \/>\n<meta property=\"article:modified_time\" content=\"2024-11-21T11:19:34+00:00\" \/>\n<meta property=\"og:image\" content=\"https:\/\/www.mivam.com\/wp-content\/uploads\/2020\/10\/etac-my-loo-fixed-6-cm-w-armsupp-closed_594004.jpg\" \/>\n\t<meta property=\"og:image:width\" content=\"1000\" \/>\n\t<meta property=\"og:image:height\" content=\"1000\" \/>\n\t<meta property=\"og:image:type\" content=\"image\/jpeg\" \/>\n<meta name=\"twitter:card\" content=\"summary_large_image\" \/>\n<meta name=\"twitter:label1\" content=\"Est. reading time\" \/>\n\t<meta name=\"twitter:data1\" content=\"2 minutes\" \/>\n<script type=\"application\/ld+json\" class=\"yoast-schema-graph\">{\"@context\":\"https:\/\/schema.org\",\"@graph\":[{\"@type\":\"WebPage\",\"@id\":\"https:\/\/www.mivam.com\/izdelek\/etac-my-loo\/\",\"url\":\"https:\/\/www.mivam.com\/izdelek\/etac-my-loo\/\",\"name\":\"ETAC My-Loo - Mi Vam\",\"isPartOf\":{\"@id\":\"https:\/\/www.mivam.com\/#website\"},\"primaryImageOfPage\":{\"@id\":\"https:\/\/www.mivam.com\/izdelek\/etac-my-loo\/#primaryimage\"},\"image\":{\"@id\":\"https:\/\/www.mivam.com\/izdelek\/etac-my-loo\/#primaryimage\"},\"thumbnailUrl\":\"https:\/\/www.mivam.com\/wp-content\/uploads\/2020\/10\/etac-my-loo-fixed-6-cm-w-armsupp-closed_594004.jpg\",\"datePublished\":\"2020-10-08T09:35:55+00:00\",\"dateModified\":\"2024-11-21T11:19:34+00:00\",\"description\":\"Nastavek za WC \u0161koljko s povi\u0161ico\",\"breadcrumb\":{\"@id\":\"https:\/\/www.mivam.com\/izdelek\/etac-my-loo\/#breadcrumb\"},\"inLanguage\":\"en-US\",\"potentialAction\":[{\"@type\":\"ReadAction\",\"target\":[\"https:\/\/www.mivam.com\/izdelek\/etac-my-loo\/\"]}]},{\"@type\":\"ImageObject\",\"inLanguage\":\"en-US\",\"@id\":\"https:\/\/www.mivam.com\/izdelek\/etac-my-loo\/#primaryimage\",\"url\":\"https:\/\/www.mivam.com\/wp-content\/uploads\/2020\/10\/etac-my-loo-fixed-6-cm-w-armsupp-closed_594004.jpg\",\"contentUrl\":\"https:\/\/www.mivam.com\/wp-content\/uploads\/2020\/10\/etac-my-loo-fixed-6-cm-w-armsupp-closed_594004.jpg\",\"width\":1000,\"height\":1000},{\"@type\":\"BreadcrumbList\",\"@id\":\"https:\/\/www.mivam.com\/izdelek\/etac-my-loo\/#breadcrumb\",\"itemListElement\":[{\"@type\":\"ListItem\",\"position\":1,\"name\":\"Domov\",\"item\":\"https:\/\/www.mivam.com\/\"},{\"@type\":\"ListItem\",\"position\":2,\"name\":\"Shop\",\"item\":\"https:\/\/www.mivam.com\/en\/shop\/\"},{\"@type\":\"ListItem\",\"position\":3,\"name\":\"Kopalni\u0161ki pripomo\u010dki\",\"item\":\"https:\/\/www.mivam.com\/kategorija-izdelka\/kopalniski-pripomocki\/\"},{\"@type\":\"ListItem\",\"position\":4,\"name\":\"Dodatki za kopalnico\",\"item\":\"https:\/\/www.mivam.com\/kategorija-izdelka\/kopalniski-pripomocki\/dodatki-za-kopalnico\/\"},{\"@type\":\"ListItem\",\"position\":5,\"name\":\"ETAC My-Loo\"}]},{\"@type\":\"WebSite\",\"@id\":\"https:\/\/www.mivam.com\/#website\",\"url\":\"https:\/\/www.mivam.com\/\",\"name\":\"Mi Vam\",\"description\":\"Medicinski pripomo\u010dki in re\u0161itve za manj odvisno \u017eivljenje.\",\"potentialAction\":[{\"@type\":\"SearchAction\",\"target\":{\"@type\":\"EntryPoint\",\"urlTemplate\":\"https:\/\/www.mivam.com\/?s={search_term_string}\"},\"query-input\":{\"@type\":\"PropertyValueSpecification\",\"valueRequired\":true,\"valueName\":\"search_term_string\"}}],\"inLanguage\":\"en-US\"}]}<\/script>\n<!-- \/ Yoast SEO plugin. -->","yoast_head_json":{"title":"ETAC My-Loo - Mi Vam","description":"Nastavek za WC \u0161koljko s povi\u0161ico","robots":{"index":"index","follow":"follow","max-snippet":"max-snippet:-1","max-image-preview":"max-image-preview:large","max-video-preview":"max-video-preview:-1"},"canonical":"https:\/\/www.mivam.com\/izdelek\/etac-my-loo\/","og_locale":"en_US","og_type":"article","og_title":"ETAC My-Loo - Mi Vam","og_description":"Nastavek za WC \u0161koljko s povi\u0161ico","og_url":"https:\/\/www.mivam.com\/izdelek\/etac-my-loo\/","og_site_name":"Mi Vam","article_modified_time":"2024-11-21T11:19:34+00:00","og_image":[{"width":1000,"height":1000,"url":"https:\/\/www.mivam.com\/wp-content\/uploads\/2020\/10\/etac-my-loo-fixed-6-cm-w-armsupp-closed_594004.jpg","type":"image\/jpeg"}],"twitter_card":"summary_large_image","twitter_misc":{"Est. reading time":"2 minutes"},"schema":{"@context":"https:\/\/schema.org","@graph":[{"@type":"WebPage","@id":"https:\/\/www.mivam.com\/izdelek\/etac-my-loo\/","url":"https:\/\/www.mivam.com\/izdelek\/etac-my-loo\/","name":"ETAC My-Loo - Mi Vam","isPartOf":{"@id":"https:\/\/www.mivam.com\/#website"},"primaryImageOfPage":{"@id":"https:\/\/www.mivam.com\/izdelek\/etac-my-loo\/#primaryimage"},"image":{"@id":"https:\/\/www.mivam.com\/izdelek\/etac-my-loo\/#primaryimage"},"thumbnailUrl":"https:\/\/www.mivam.com\/wp-content\/uploads\/2020\/10\/etac-my-loo-fixed-6-cm-w-armsupp-closed_594004.jpg","datePublished":"2020-10-08T09:35:55+00:00","dateModified":"2024-11-21T11:19:34+00:00","description":"Nastavek za WC \u0161koljko s povi\u0161ico","breadcrumb":{"@id":"https:\/\/www.mivam.com\/izdelek\/etac-my-loo\/#breadcrumb"},"inLanguage":"en-US","potentialAction":[{"@type":"ReadAction","target":["https:\/\/www.mivam.com\/izdelek\/etac-my-loo\/"]}]},{"@type":"ImageObject","inLanguage":"en-US","@id":"https:\/\/www.mivam.com\/izdelek\/etac-my-loo\/#primaryimage","url":"https:\/\/www.mivam.com\/wp-content\/uploads\/2020\/10\/etac-my-loo-fixed-6-cm-w-armsupp-closed_594004.jpg","contentUrl":"https:\/\/www.mivam.com\/wp-content\/uploads\/2020\/10\/etac-my-loo-fixed-6-cm-w-armsupp-closed_594004.jpg","width":1000,"height":1000},{"@type":"BreadcrumbList","@id":"https:\/\/www.mivam.com\/izdelek\/etac-my-loo\/#breadcrumb","itemListElement":[{"@type":"ListItem","position":1,"name":"Domov","item":"https:\/\/www.mivam.com\/"},{"@type":"ListItem","position":2,"name":"Shop","item":"https:\/\/www.mivam.com\/en\/shop\/"},{"@type":"ListItem","position":3,"name":"Kopalni\u0161ki pripomo\u010dki","item":"https:\/\/www.mivam.com\/kategorija-izdelka\/kopalniski-pripomocki\/"},{"@type":"ListItem","position":4,"name":"Dodatki za kopalnico","item":"https:\/\/www.mivam.com\/kategorija-izdelka\/kopalniski-pripomocki\/dodatki-za-kopalnico\/"},{"@type":"ListItem","position":5,"name":"ETAC My-Loo"}]},{"@type":"WebSite","@id":"https:\/\/www.mivam.com\/#website","url":"https:\/\/www.mivam.com\/","name":"Mi Vam","description":"Medicinski pripomo\u010dki in re\u0161itve za manj odvisno \u017eivljenje.","potentialAction":[{"@type":"SearchAction","target":{"@type":"EntryPoint","urlTemplate":"https:\/\/www.mivam.com\/?s={search_term_string}"},"query-input":{"@type":"PropertyValueSpecification","valueRequired":true,"valueName":"search_term_string"}}],"inLanguage":"en-US"}]}},"_links":{"self":[{"href":"https:\/\/www.mivam.com\/en\/wp-json\/wp\/v2\/product\/1830","targetHints":{"allow":["GET"]}}],"collection":[{"href":"https:\/\/www.mivam.com\/en\/wp-json\/wp\/v2\/product"}],"about":[{"href":"https:\/\/www.mivam.com\/en\/wp-json\/wp\/v2\/types\/product"}],"replies":[{"embeddable":true,"href":"https:\/\/www.mivam.com\/en\/wp-json\/wp\/v2\/comments?post=1830"}],"wp:featuredmedia":[{"embeddable":true,"href":"https:\/\/www.mivam.com\/en\/wp-json\/wp\/v2\/media\/1836"}],"wp:attachment":[{"href":"https:\/\/www.mivam.com\/en\/wp-json\/wp\/v2\/media?parent=1830"}],"wp:term":[{"taxonomy":"product_brand","embeddable":true,"href":"https:\/\/www.mivam.com\/en\/wp-json\/wp\/v2\/product_brand?post=1830"},{"taxonomy":"product_cat","embeddable":true,"href":"https:\/\/www.mivam.com\/en\/wp-json\/wp\/v2\/product_cat?post=1830"},{"taxonomy":"product_tag","embeddable":true,"href":"https:\/\/www.mivam.com\/en\/wp-json\/wp\/v2\/product_tag?post=1830"}],"curies":[{"name":"wp","href":"https:\/\/api.w.org\/{rel}","templated":true}]}}