{"id":1819,"date":"2020-10-01T08:57:33","date_gmt":"2020-10-01T06:57:33","guid":{"rendered":"https:\/\/www.mivam.com\/?post_type=product&#038;p=1819"},"modified":"2025-06-19T16:06:31","modified_gmt":"2025-06-19T14:06:31","slug":"antidekubisna-blazina-euriausili-pl200","status":"publish","type":"product","link":"https:\/\/www.mivam.com\/en\/izdelek\/antidekubisna-blazina-euriausili-pl200\/","title":{"rendered":"Antidekubitusna blazina Euroausili PL200"},"content":{"rendered":"<p>PL200 je antidekubisna blazina z viskoelasti\u010dno spominsko peno.<\/p>\n<p><span class=\"tlid-translation translation\" lang=\"sl\"><span class=\"\" title=\"\">Blazina je priporo\u010dljiva za bolnike, ki veliko \u010dasa pre\u017eivijo na invalidskem vozi\u010dku in so izpostavljeni tveganju za nastanek ran na mestu pritiska.<\/span><\/span><\/p>\n<p><span class=\"tlid-translation translation\" lang=\"sl\"><span class=\"\" title=\"\">Izbrani material omogo\u010da, da se blazina samodejno prilagodi pacientu, kar zagotavlja optimalno in enakomerno porazdelitev te\u017ee in zmanj\u0161anje tlaka s spodnjo povr\u0161ino.<\/span><br \/>\n<span title=\"\">Zgornja povr\u0161ina prevleka je iz poliestra in poliuretana, obogatena s srebrnimi ioni in je zato antibakterijska.<\/span> <span title=\"\">Je elasti\u010dna, zmanj\u0161uje trenje, vodoodporna, zra\u010dna in pralna.<\/span><br \/>\n<span title=\"\">Spodnja povr\u0161ina prevleke je izdelana iz protizdrsnega materiala s PVC in poliestrom, kar zagotavlja polo\u017eaj na stolu.<\/span><br \/>\n<\/span><\/p>\n<p><img decoding=\"async\" class=\"alignnone size-medium wp-image-1820\" src=\"https:\/\/www.mivam.com\/wp-content\/uploads\/2020\/09\/blazina-euroausili-300x198.jpg\" alt=\"\" width=\"300\" height=\"198\" srcset=\"https:\/\/www.mivam.com\/wp-content\/uploads\/2020\/09\/blazina-euroausili-300x198.jpg 300w, https:\/\/www.mivam.com\/wp-content\/uploads\/2020\/09\/blazina-euroausili.jpg 434w\" sizes=\"(max-width: 300px) 100vw, 300px\" \/><img decoding=\"async\" class=\"alignnone wp-image-2191\" src=\"https:\/\/www.mivam.com\/wp-content\/uploads\/2020\/10\/euroausili-siva-prevleka.png\" alt=\"\" width=\"345\" height=\"164\" srcset=\"https:\/\/www.mivam.com\/wp-content\/uploads\/2020\/10\/euroausili-siva-prevleka.png 1416w, https:\/\/www.mivam.com\/wp-content\/uploads\/2020\/10\/euroausili-siva-prevleka-600x285.png 600w, https:\/\/www.mivam.com\/wp-content\/uploads\/2020\/10\/euroausili-siva-prevleka-300x142.png 300w, https:\/\/www.mivam.com\/wp-content\/uploads\/2020\/10\/euroausili-siva-prevleka-768x364.png 768w, https:\/\/www.mivam.com\/wp-content\/uploads\/2020\/10\/euroausili-siva-prevleka-1024x486.png 1024w\" sizes=\"(max-width: 345px) 100vw, 345px\" \/><\/p>\n<p>Prevleko je standardno v sivi barvi. Roza barva po naro\u010dilu.<\/p>\n<p><strong><span class=\"tlid-translation translation\" lang=\"sl\"><span title=\"\">POZICIONIRANJE<\/span><\/span><\/strong><\/p>\n<p><span class=\"tlid-translation translation\" lang=\"sl\"><span title=\"\">Blazino polo\u017eite na sede\u017e in pri tem pazite, da na stol namestite protizdrsno prevleko.<\/span><\/span><\/p>\n<p><strong>STANDARDNE DIMENZIJE<\/strong><\/p>\n<table style=\"width: 24.6694%;height: 192px\">\n<tbody>\n<tr style=\"height: 24px\">\n<td style=\"width: 344.8px;height: 24px\">Sede\u017ena blazina s sivo prevleko\u00a0 40&#215;40 cm<\/td>\n<\/tr>\n<tr style=\"height: 24px\">\n<td style=\"width: 344.8px;height: 24px\">Sede\u017ena blazina s sivo prevleko\u00a0 42&#215;42 cm<\/td>\n<\/tr>\n<tr style=\"height: 24px\">\n<td style=\"width: 344.8px;height: 24px\">Sede\u017ena blazina s sivo prevleko\u00a0 45&#215;40 cm<\/td>\n<\/tr>\n<tr style=\"height: 24px\">\n<td style=\"width: 344.8px;height: 24px\">Sede\u017ena blazina s sivo prevleko\u00a0 45&#215;45 cm<\/td>\n<\/tr>\n<tr style=\"height: 24px\">\n<td style=\"width: 344.8px;height: 24px\">Sede\u017ena blazina s sivo prevleko\u00a0 43&#215;43 cm<\/td>\n<\/tr>\n<tr style=\"height: 24px\">\n<td style=\"width: 344.8px;height: 24px\">Sede\u017ena blazina s sivo prevleko\u00a0 46&#215;43 cm<\/td>\n<\/tr>\n<tr style=\"height: 24px\">\n<td style=\"width: 344.8px;height: 24px\">Sede\u017ena blazina s sivo prevleko\u00a0 48&#215;43 cm<\/td>\n<\/tr>\n<tr style=\"height: 24px\">\n<td style=\"width: 344.8px;height: 24px\">Sede\u017ena blazina s sivo prevleko\u00a0 51&#215;43 cm<\/td>\n<\/tr>\n<\/tbody>\n<\/table>\n<table style=\"width: 639.783px;border-color: #000000\">\n<tbody>\n<tr>\n<td style=\"width: 309.5px\">Proizvajalec<\/td>\n<td style=\"width: 315.483px\">\u00a0Euro Ausili srl<\/td>\n<\/tr>\n<tr>\n<td style=\"width: 309.5px\">Izdelek<\/td>\n<td style=\"width: 315.483px\">Viskoelasti\u010dna spominska blazina<\/td>\n<\/tr>\n<tr>\n<td style=\"width: 309.5px\">Klasifikacija; skladno s 93\/42\/CEE<\/td>\n<td style=\"width: 315.483px\">Medicinski pripomo\u010dek razred 1<\/td>\n<\/tr>\n<tr>\n<td style=\"width: 309.5px\">Skladno<\/td>\n<td style=\"width: 315.483px\">93\/42\/CEE\u00a0 <span class=\"tlid-translation translation\" lang=\"sl\"><span class=\"\" title=\"\">in nadaljnje spremembe in dopolnitve<\/span><\/span> UNI EN ISO 9001 UNI EN ISO 13485<\/td>\n<\/tr>\n<tr>\n<td style=\"width: 309.5px\">Material<\/td>\n<td style=\"width: 315.483px\">Blazina: poliuretanska spominska pena<\/p>\n<p>Zgornja prevleka: Poliester-Poliuretan integrirano s srebrnimi ioni<\/p>\n<p>Spodnja prevleka: Nedrse\u010da prevleka iz poliestra (100%), prevle\u010dena s PVC<\/td>\n<\/tr>\n<tr>\n<td style=\"width: 309.5px\">Dimenzije<\/td>\n<td style=\"width: 315.483px\">Ve\u010d mo\u017enih dimenzij<\/td>\n<\/tr>\n<tr>\n<td style=\"width: 309.5px\">Maksimalna te\u017ea<\/td>\n<td style=\"width: 315.483px\">120 kg<\/td>\n<\/tr>\n<\/tbody>\n<\/table>\n<p>&nbsp;<\/p>\n<p>&nbsp;<\/p>\n<table style=\"width: 726px\">\n<tbody>\n<tr>\n<td style=\"width: 518.333px\">ZGORNJA PREVLEKA: <span class=\"tlid-translation translation\" lang=\"sl\"><span class=\"\" title=\"\">MEHANSKE IN FIZIKALNE LASTNOSTI<\/span><\/span><\/td>\n<td style=\"width: 192.867px\">STANDARD<\/td>\n<\/tr>\n<\/tbody>\n<\/table>\n<table style=\"width: 728px\">\n<tbody>\n<tr style=\"height: 24px\">\n<td style=\"width: 182px;height: 24px\">VODOODPORNO<\/td>\n<td style=\"width: 349.017px;height: 24px\">\u00a0\u00a0\u00a0\u00a0 &gt;3000 mm<\/td>\n<td style=\"width: 203.983px;height: 24px\">\u00a0ENS ISO 811<\/td>\n<\/tr>\n<tr style=\"height: 24px\">\n<td style=\"width: 182px;height: 24px\">ZRA\u010cNOST<\/td>\n<td style=\"width: 349.017px;height: 24px\">\u00a0\u00a0\u00a0\u00a0 &gt;600 g\/m2 x 24h ob 38\u00b0 C<\/td>\n<td style=\"width: 203.983px;height: 24px\">\u00a0DIN 53122<\/td>\n<\/tr>\n<tr style=\"height: 24px\">\n<td style=\"width: 182px;height: 24px\">PO\u017dARNA VARNOST<\/td>\n<td style=\"width: 349.017px;height: 24px\">\u00a0\u00a0\u00a0 BS 6807 CRIB 5 BS 7175 CRIB 5<\/td>\n<td style=\"width: 203.983px;height: 24px\"><\/td>\n<\/tr>\n<tr style=\"height: 72px\">\n<td style=\"width: 182px;height: 72px\"><span class=\"tlid-translation translation\" lang=\"sl\"><span class=\"\" title=\"\">STANDARD ODPORNOSTI NA GLIVE IN BAKTERIJE<br \/>\n<\/span><\/span><\/td>\n<td style=\"width: 349.017px;height: 72px\">\u00a0\u00a0\u00a0\u00a0 ATCC 6538 ATCC 9642<\/td>\n<td style=\"width: 203.983px;height: 72px\"><\/td>\n<\/tr>\n<tr style=\"height: 89.6px\">\n<td style=\"width: 182px;height: 89.6px\"><span class=\"tlid-translation translation\" lang=\"sl\"><span class=\"\" title=\"\">PRANJE BLAZINE<\/span><\/span><\/td>\n<td style=\"width: 349.017px;height: 89.6px\"><img decoding=\"async\" class=\"alignnone size-medium wp-image-1822\" src=\"https:\/\/www.mivam.com\/wp-content\/uploads\/2020\/09\/zajeta-slika-300x44.jpg\" alt=\"\" width=\"300\" height=\"44\" srcset=\"https:\/\/www.mivam.com\/wp-content\/uploads\/2020\/09\/zajeta-slika-300x44.jpg 300w, https:\/\/www.mivam.com\/wp-content\/uploads\/2020\/09\/zajeta-slika-600x87.jpg 600w, https:\/\/www.mivam.com\/wp-content\/uploads\/2020\/09\/zajeta-slika-768x112.jpg 768w, https:\/\/www.mivam.com\/wp-content\/uploads\/2020\/09\/zajeta-slika.jpg 789w\" sizes=\"(max-width: 300px) 100vw, 300px\" \/><\/p>\n<p><span class=\"tlid-translation translation\" lang=\"sl\"><span class=\"\" title=\"\">Obi\u010dajna navodila za \u010di\u0161\u010denje so, da povr\u0161ino obri\u0161ete z gladko gobo ali mehko krpo ter s toplo milnico.<\/span> <span class=\"\" title=\"\">Prevleko lahko operete z milom do 60 \u00b0 C (*).<\/span><br \/>\n<span class=\"\" title=\"\">&#8211; Kemi\u010dno \u010di\u0161\u010denje (ne uporabljajte perkloroetilena)<\/span><\/span><\/td>\n<td style=\"width: 203.983px;height: 89.6px\"><\/td>\n<\/tr>\n<\/tbody>\n<\/table>\n<p>&nbsp;<\/p>\n","protected":false},"excerpt":{"rendered":"<p>PL200 je antidekubisna blazina z viskoelasti\u010dno spominsko peno.<\/p>\n<p><span class=\"tlid-translation translation\" lang=\"sl\"><span class=\"\" title=\"\">Blazina je priporo\u010dljiva za bolnike, ki veliko \u010dasa pre\u017eivijo na invalidskem vozi\u010dku in so izpostavljeni tveganju za nastanek ran na mestu pritiska.<\/span><\/span><\/p>\n","protected":false},"featured_media":1820,"comment_status":"closed","ping_status":"closed","template":"","meta":[],"product_brand":[],"product_cat":[222,41],"product_tag":[267,92,85,700,657,94,702,96,701,93],"class_list":{"0":"post-1819","1":"product","2":"type-product","3":"status-publish","4":"has-post-thumbnail","6":"product_cat-invalidski-vozicki-in-skuterji","7":"product_cat-antidekubitusne-blazine","8":"product_tag-267","9":"product_tag-antidekubitusna","10":"product_tag-blazina","11":"product_tag-blazina-na-narocilnico","12":"product_tag-euro-ausili","13":"product_tag-euroausili","14":"product_tag-pena","15":"product_tag-pl200","16":"product_tag-spominska","17":"product_tag-spominska-pena","19":"first","20":"instock","21":"taxable","22":"shipping-taxable","23":"purchasable","24":"product-type-variable"},"yoast_head":"<!-- This site is optimized with the Yoast SEO plugin v24.0 - https:\/\/yoast.com\/wordpress\/plugins\/seo\/ -->\n<title>Antidekubitusna blazina Euroausili PL200 - Mi Vam<\/title>\n<meta name=\"description\" content=\"PL200 je antidekubisna blazina z viskoelasti\u010dno spominsko peno.  Blazina je priporo\u010dljiva za bolnike, ki veliko \u010dasa pre\u017eivijo na invalidskem vozi\u010dku in so izpostavljeni tveganju za nastanek ran na mestu pritiska.\" \/>\n<meta name=\"robots\" content=\"index, follow, max-snippet:-1, max-image-preview:large, max-video-preview:-1\" \/>\n<link rel=\"canonical\" href=\"https:\/\/www.mivam.com\/izdelek\/antidekubisna-blazina-euriausili-pl200\/\" \/>\n<meta property=\"og:locale\" content=\"en_US\" \/>\n<meta property=\"og:type\" content=\"article\" \/>\n<meta property=\"og:title\" content=\"Antidekubitusna blazina Euroausili PL200 - Mi Vam\" \/>\n<meta property=\"og:description\" content=\"PL200 je antidekubisna blazina z viskoelasti\u010dno spominsko peno.  Blazina je priporo\u010dljiva za bolnike, ki veliko \u010dasa pre\u017eivijo na invalidskem vozi\u010dku in so izpostavljeni tveganju za nastanek ran na mestu pritiska.\" \/>\n<meta property=\"og:url\" content=\"https:\/\/www.mivam.com\/izdelek\/antidekubisna-blazina-euriausili-pl200\/\" \/>\n<meta property=\"og:site_name\" content=\"Mi Vam\" \/>\n<meta property=\"article:modified_time\" content=\"2025-06-19T14:06:31+00:00\" \/>\n<meta property=\"og:image\" content=\"https:\/\/www.mivam.com\/wp-content\/uploads\/2020\/09\/blazina-euroausili.jpg\" \/>\n\t<meta property=\"og:image:width\" content=\"434\" \/>\n\t<meta property=\"og:image:height\" content=\"286\" \/>\n\t<meta property=\"og:image:type\" content=\"image\/jpeg\" \/>\n<meta name=\"twitter:card\" content=\"summary_large_image\" \/>\n<meta name=\"twitter:label1\" content=\"Est. reading time\" \/>\n\t<meta name=\"twitter:data1\" content=\"3 minutes\" \/>\n<script type=\"application\/ld+json\" class=\"yoast-schema-graph\">{\"@context\":\"https:\/\/schema.org\",\"@graph\":[{\"@type\":\"WebPage\",\"@id\":\"https:\/\/www.mivam.com\/izdelek\/antidekubisna-blazina-euriausili-pl200\/\",\"url\":\"https:\/\/www.mivam.com\/izdelek\/antidekubisna-blazina-euriausili-pl200\/\",\"name\":\"Antidekubitusna blazina Euroausili PL200 - Mi Vam\",\"isPartOf\":{\"@id\":\"https:\/\/www.mivam.com\/#website\"},\"primaryImageOfPage\":{\"@id\":\"https:\/\/www.mivam.com\/izdelek\/antidekubisna-blazina-euriausili-pl200\/#primaryimage\"},\"image\":{\"@id\":\"https:\/\/www.mivam.com\/izdelek\/antidekubisna-blazina-euriausili-pl200\/#primaryimage\"},\"thumbnailUrl\":\"https:\/\/www.mivam.com\/wp-content\/uploads\/2020\/09\/blazina-euroausili.jpg\",\"datePublished\":\"2020-10-01T06:57:33+00:00\",\"dateModified\":\"2025-06-19T14:06:31+00:00\",\"description\":\"PL200 je antidekubisna blazina z viskoelasti\u010dno spominsko peno. Blazina je priporo\u010dljiva za bolnike, ki veliko \u010dasa pre\u017eivijo na invalidskem vozi\u010dku in so izpostavljeni tveganju za nastanek ran na mestu pritiska.\",\"breadcrumb\":{\"@id\":\"https:\/\/www.mivam.com\/izdelek\/antidekubisna-blazina-euriausili-pl200\/#breadcrumb\"},\"inLanguage\":\"en-US\",\"potentialAction\":[{\"@type\":\"ReadAction\",\"target\":[\"https:\/\/www.mivam.com\/izdelek\/antidekubisna-blazina-euriausili-pl200\/\"]}]},{\"@type\":\"ImageObject\",\"inLanguage\":\"en-US\",\"@id\":\"https:\/\/www.mivam.com\/izdelek\/antidekubisna-blazina-euriausili-pl200\/#primaryimage\",\"url\":\"https:\/\/www.mivam.com\/wp-content\/uploads\/2020\/09\/blazina-euroausili.jpg\",\"contentUrl\":\"https:\/\/www.mivam.com\/wp-content\/uploads\/2020\/09\/blazina-euroausili.jpg\",\"width\":434,\"height\":286},{\"@type\":\"BreadcrumbList\",\"@id\":\"https:\/\/www.mivam.com\/izdelek\/antidekubisna-blazina-euriausili-pl200\/#breadcrumb\",\"itemListElement\":[{\"@type\":\"ListItem\",\"position\":1,\"name\":\"Domov\",\"item\":\"https:\/\/www.mivam.com\/\"},{\"@type\":\"ListItem\",\"position\":2,\"name\":\"Shop\",\"item\":\"https:\/\/www.mivam.com\/en\/shop\/\"},{\"@type\":\"ListItem\",\"position\":3,\"name\":\"Invalidski vozi\u010dki in skuterji\",\"item\":\"https:\/\/www.mivam.com\/kategorija-izdelka\/invalidski-vozicki-in-skuterji\/\"},{\"@type\":\"ListItem\",\"position\":4,\"name\":\"Antidekubitusne blazine\",\"item\":\"https:\/\/www.mivam.com\/kategorija-izdelka\/invalidski-vozicki-in-skuterji\/antidekubitusne-blazine\/\"},{\"@type\":\"ListItem\",\"position\":5,\"name\":\"Antidekubitusna blazina Euroausili PL200\"}]},{\"@type\":\"WebSite\",\"@id\":\"https:\/\/www.mivam.com\/#website\",\"url\":\"https:\/\/www.mivam.com\/\",\"name\":\"Mi Vam\",\"description\":\"Medicinski pripomo\u010dki in re\u0161itve za manj odvisno \u017eivljenje.\",\"potentialAction\":[{\"@type\":\"SearchAction\",\"target\":{\"@type\":\"EntryPoint\",\"urlTemplate\":\"https:\/\/www.mivam.com\/?s={search_term_string}\"},\"query-input\":{\"@type\":\"PropertyValueSpecification\",\"valueRequired\":true,\"valueName\":\"search_term_string\"}}],\"inLanguage\":\"en-US\"}]}<\/script>\n<!-- \/ Yoast SEO plugin. -->","yoast_head_json":{"title":"Antidekubitusna blazina Euroausili PL200 - Mi Vam","description":"PL200 je antidekubisna blazina z viskoelasti\u010dno spominsko peno.  Blazina je priporo\u010dljiva za bolnike, ki veliko \u010dasa pre\u017eivijo na invalidskem vozi\u010dku in so izpostavljeni tveganju za nastanek ran na mestu pritiska.","robots":{"index":"index","follow":"follow","max-snippet":"max-snippet:-1","max-image-preview":"max-image-preview:large","max-video-preview":"max-video-preview:-1"},"canonical":"https:\/\/www.mivam.com\/izdelek\/antidekubisna-blazina-euriausili-pl200\/","og_locale":"en_US","og_type":"article","og_title":"Antidekubitusna blazina Euroausili PL200 - Mi Vam","og_description":"PL200 je antidekubisna blazina z viskoelasti\u010dno spominsko peno.  Blazina je priporo\u010dljiva za bolnike, ki veliko \u010dasa pre\u017eivijo na invalidskem vozi\u010dku in so izpostavljeni tveganju za nastanek ran na mestu pritiska.","og_url":"https:\/\/www.mivam.com\/izdelek\/antidekubisna-blazina-euriausili-pl200\/","og_site_name":"Mi Vam","article_modified_time":"2025-06-19T14:06:31+00:00","og_image":[{"width":434,"height":286,"url":"https:\/\/www.mivam.com\/wp-content\/uploads\/2020\/09\/blazina-euroausili.jpg","type":"image\/jpeg"}],"twitter_card":"summary_large_image","twitter_misc":{"Est. reading time":"3 minutes"},"schema":{"@context":"https:\/\/schema.org","@graph":[{"@type":"WebPage","@id":"https:\/\/www.mivam.com\/izdelek\/antidekubisna-blazina-euriausili-pl200\/","url":"https:\/\/www.mivam.com\/izdelek\/antidekubisna-blazina-euriausili-pl200\/","name":"Antidekubitusna blazina Euroausili PL200 - Mi Vam","isPartOf":{"@id":"https:\/\/www.mivam.com\/#website"},"primaryImageOfPage":{"@id":"https:\/\/www.mivam.com\/izdelek\/antidekubisna-blazina-euriausili-pl200\/#primaryimage"},"image":{"@id":"https:\/\/www.mivam.com\/izdelek\/antidekubisna-blazina-euriausili-pl200\/#primaryimage"},"thumbnailUrl":"https:\/\/www.mivam.com\/wp-content\/uploads\/2020\/09\/blazina-euroausili.jpg","datePublished":"2020-10-01T06:57:33+00:00","dateModified":"2025-06-19T14:06:31+00:00","description":"PL200 je antidekubisna blazina z viskoelasti\u010dno spominsko peno. Blazina je priporo\u010dljiva za bolnike, ki veliko \u010dasa pre\u017eivijo na invalidskem vozi\u010dku in so izpostavljeni tveganju za nastanek ran na mestu pritiska.","breadcrumb":{"@id":"https:\/\/www.mivam.com\/izdelek\/antidekubisna-blazina-euriausili-pl200\/#breadcrumb"},"inLanguage":"en-US","potentialAction":[{"@type":"ReadAction","target":["https:\/\/www.mivam.com\/izdelek\/antidekubisna-blazina-euriausili-pl200\/"]}]},{"@type":"ImageObject","inLanguage":"en-US","@id":"https:\/\/www.mivam.com\/izdelek\/antidekubisna-blazina-euriausili-pl200\/#primaryimage","url":"https:\/\/www.mivam.com\/wp-content\/uploads\/2020\/09\/blazina-euroausili.jpg","contentUrl":"https:\/\/www.mivam.com\/wp-content\/uploads\/2020\/09\/blazina-euroausili.jpg","width":434,"height":286},{"@type":"BreadcrumbList","@id":"https:\/\/www.mivam.com\/izdelek\/antidekubisna-blazina-euriausili-pl200\/#breadcrumb","itemListElement":[{"@type":"ListItem","position":1,"name":"Domov","item":"https:\/\/www.mivam.com\/"},{"@type":"ListItem","position":2,"name":"Shop","item":"https:\/\/www.mivam.com\/en\/shop\/"},{"@type":"ListItem","position":3,"name":"Invalidski vozi\u010dki in skuterji","item":"https:\/\/www.mivam.com\/kategorija-izdelka\/invalidski-vozicki-in-skuterji\/"},{"@type":"ListItem","position":4,"name":"Antidekubitusne blazine","item":"https:\/\/www.mivam.com\/kategorija-izdelka\/invalidski-vozicki-in-skuterji\/antidekubitusne-blazine\/"},{"@type":"ListItem","position":5,"name":"Antidekubitusna blazina Euroausili PL200"}]},{"@type":"WebSite","@id":"https:\/\/www.mivam.com\/#website","url":"https:\/\/www.mivam.com\/","name":"Mi Vam","description":"Medicinski pripomo\u010dki in re\u0161itve za manj odvisno \u017eivljenje.","potentialAction":[{"@type":"SearchAction","target":{"@type":"EntryPoint","urlTemplate":"https:\/\/www.mivam.com\/?s={search_term_string}"},"query-input":{"@type":"PropertyValueSpecification","valueRequired":true,"valueName":"search_term_string"}}],"inLanguage":"en-US"}]}},"_links":{"self":[{"href":"https:\/\/www.mivam.com\/en\/wp-json\/wp\/v2\/product\/1819","targetHints":{"allow":["GET"]}}],"collection":[{"href":"https:\/\/www.mivam.com\/en\/wp-json\/wp\/v2\/product"}],"about":[{"href":"https:\/\/www.mivam.com\/en\/wp-json\/wp\/v2\/types\/product"}],"replies":[{"embeddable":true,"href":"https:\/\/www.mivam.com\/en\/wp-json\/wp\/v2\/comments?post=1819"}],"wp:featuredmedia":[{"embeddable":true,"href":"https:\/\/www.mivam.com\/en\/wp-json\/wp\/v2\/media\/1820"}],"wp:attachment":[{"href":"https:\/\/www.mivam.com\/en\/wp-json\/wp\/v2\/media?parent=1819"}],"wp:term":[{"taxonomy":"product_brand","embeddable":true,"href":"https:\/\/www.mivam.com\/en\/wp-json\/wp\/v2\/product_brand?post=1819"},{"taxonomy":"product_cat","embeddable":true,"href":"https:\/\/www.mivam.com\/en\/wp-json\/wp\/v2\/product_cat?post=1819"},{"taxonomy":"product_tag","embeddable":true,"href":"https:\/\/www.mivam.com\/en\/wp-json\/wp\/v2\/product_tag?post=1819"}],"curies":[{"name":"wp","href":"https:\/\/api.w.org\/{rel}","templated":true}]}}