{"id":1816,"date":"2020-08-24T15:05:58","date_gmt":"2020-08-24T13:05:58","guid":{"rendered":"https:\/\/www.mivam.com\/?post_type=product&#038;p=1816"},"modified":"2025-06-18T16:24:55","modified_gmt":"2025-06-18T14:24:55","slug":"dvojne-zlozljive-prenosne-rampe-za-vozicke","status":"publish","type":"product","link":"https:\/\/www.mivam.com\/en\/izdelek\/dvojne-zlozljive-prenosne-rampe-za-vozicke\/","title":{"rendered":"Dvojne zlo\u017eljive prenosne rampe za vozi\u010dke"},"content":{"rendered":"<p><img decoding=\"async\" class=\"alignnone size-medium wp-image-1817\" src=\"https:\/\/www.mivam.com\/wp-content\/uploads\/2020\/08\/dvojne-zlozljive-rampe-za-vozicke-300x260.jpg\" alt=\"\" width=\"300\" height=\"260\" srcset=\"https:\/\/www.mivam.com\/wp-content\/uploads\/2020\/08\/dvojne-zlozljive-rampe-za-vozicke-300x260.jpg 300w, https:\/\/www.mivam.com\/wp-content\/uploads\/2020\/08\/dvojne-zlozljive-rampe-za-vozicke.jpg 595w\" sizes=\"(max-width: 300px) 100vw, 300px\" \/><\/p>\n<table style=\"width: 306.3px\">\n<tbody>\n<tr>\n<td style=\"width: 139px\">MODEL<\/td>\n<td style=\"width: 172.3px\">VELIKOST<\/td>\n<\/tr>\n<tr>\n<td style=\"width: 139px\">DF 180<\/td>\n<td style=\"width: 172.3px\">76 x 180<\/td>\n<\/tr>\n<tr>\n<td style=\"width: 139px\">DF 240<\/td>\n<td style=\"width: 172.3px\">76 x 240<\/td>\n<\/tr>\n<tr>\n<td style=\"width: 139px\">DF 300<\/td>\n<td style=\"width: 172.3px\">76 x 300<\/td>\n<\/tr>\n<\/tbody>\n<\/table>\n<p>Upravne enote na podlagi odlo\u010dbe za elektromotorni vozi\u010dek ali skuter izdajo vrednotnico, s katero uporabniku subvencionirajo nakup klan\u010dine. Pravilnik o tehni\u010dnih pripomo\u010dkih in prilagoditvi vozila<\/p>\n<p><a href=\"http:\/\/www.pisrs.si\/Pis.web\/pregledPredpisa?id=PRAV12201\">http:\/\/www.pisrs.si\/Pis.web\/pregledPredpisa?id=PRAV12201<\/a><\/p>\n","protected":false},"excerpt":{"rendered":"<p>Prenosljive rampe\/klan\u010dine razli\u010dnih dol\u017ein in izvedb. V kolikor i\u0161\u010dete nekaj bolj konkretnega oziroma drugo dol\u017eino se prosim obrnite na nas in z veseljem vam bomo pomagali.<\/p>\n<p style=\"text-align: center\">Upravne enote na podlagi odlo\u010dbe za elektromotorni vozi\u010dek ali skuter izdajo vrednotnico, s katero uporabniku subvencionirajo nakup klan\u010dine. Pravilnik o tehni\u010dnih pripomo\u010dkih in prilagoditvi vozila<a href=\"https:\/\/www.mivam.com\/wp-content\/uploads\/2020\/08\/zajeta-slika.jpg\"><img decoding=\"async\" class=\"aligncenter wp-image-7747\" src=\"https:\/\/www.mivam.com\/wp-content\/uploads\/2020\/08\/zajeta-slika.jpg\" alt=\"\" width=\"520\" height=\"171\" srcset=\"https:\/\/www.mivam.com\/wp-content\/uploads\/2020\/08\/zajeta-slika.jpg 715w, https:\/\/www.mivam.com\/wp-content\/uploads\/2020\/08\/zajeta-slika-300x99.jpg 300w, https:\/\/www.mivam.com\/wp-content\/uploads\/2020\/08\/zajeta-slika-600x197.jpg 600w\" sizes=\"(max-width: 520px) 100vw, 520px\" \/><\/a><a href=\"http:\/\/www.pisrs.si\/Pis.web\/pregledPredpisa?id=PRAV12201\">http:\/\/www.pisrs.si\/Pis.web\/pregledPredpisa?id=PRAV12201<\/a><\/p>\n","protected":false},"featured_media":1817,"comment_status":"closed","ping_status":"closed","template":"","meta":[],"product_brand":[],"product_cat":[222,70],"product_tag":[704,654,689,691,690,705,703],"class_list":{"0":"post-1816","1":"product","2":"type-product","3":"status-publish","4":"has-post-thumbnail","6":"product_cat-invalidski-vozicki-in-skuterji","7":"product_cat-prenosljive-rampe-za-vozicke","8":"product_tag-dvojna-rampa","9":"product_tag-mobilex","10":"product_tag-prenosljive-rampe","11":"product_tag-rampa","12":"product_tag-rampe","13":"product_tag-zlozljiva-klancina","14":"product_tag-zlozljive-rampe","16":"first","17":"onbackorder","18":"taxable","19":"shipping-taxable","20":"product-type-simple"},"yoast_head":"<!-- This site is optimized with the Yoast SEO plugin v24.0 - https:\/\/yoast.com\/wordpress\/plugins\/seo\/ -->\n<title>Dvojne zlo\u017eljive prenosne rampe za vozi\u010dke - Mi Vam<\/title>\n<meta name=\"description\" content=\"Prenosljive rampe\/klan\u010dine razli\u010dnih dol\u017ein in izvedb. V kolikor i\u0161\u010dete nekaj bolj konkretnega oziroma drugo dol\u017eino se prosim obrnite na nas in z veseljem vam bomo pomagali. Upravne enote na podlagi odlo\u010dbe za elektromotorni vozi\u010dek ali skuter izdajo vrednotnico, s katero uporabniku subvencionirajo nakup klan\u010dine. Pravilnik o tehni\u010dnih pripomo\u010dkih in prilagoditvi vozilahttp:\/\/www.pisrs.si\/Pis.web\/pregledPredpisa?id=PRAV12201\" \/>\n<meta name=\"robots\" content=\"index, follow, max-snippet:-1, max-image-preview:large, max-video-preview:-1\" \/>\n<link rel=\"canonical\" href=\"https:\/\/www.mivam.com\/izdelek\/dvojne-zlozljive-prenosne-rampe-za-vozicke\/\" \/>\n<meta property=\"og:locale\" content=\"en_US\" \/>\n<meta property=\"og:type\" content=\"article\" \/>\n<meta property=\"og:title\" content=\"Dvojne zlo\u017eljive prenosne rampe za vozi\u010dke - Mi Vam\" \/>\n<meta property=\"og:description\" content=\"Prenosljive rampe\/klan\u010dine razli\u010dnih dol\u017ein in izvedb. V kolikor i\u0161\u010dete nekaj bolj konkretnega oziroma drugo dol\u017eino se prosim obrnite na nas in z veseljem vam bomo pomagali. Upravne enote na podlagi odlo\u010dbe za elektromotorni vozi\u010dek ali skuter izdajo vrednotnico, s katero uporabniku subvencionirajo nakup klan\u010dine. Pravilnik o tehni\u010dnih pripomo\u010dkih in prilagoditvi vozilahttp:\/\/www.pisrs.si\/Pis.web\/pregledPredpisa?id=PRAV12201\" \/>\n<meta property=\"og:url\" content=\"https:\/\/www.mivam.com\/izdelek\/dvojne-zlozljive-prenosne-rampe-za-vozicke\/\" \/>\n<meta property=\"og:site_name\" content=\"Mi Vam\" \/>\n<meta property=\"article:modified_time\" content=\"2025-06-18T14:24:55+00:00\" \/>\n<meta property=\"og:image\" content=\"https:\/\/www.mivam.com\/wp-content\/uploads\/2020\/08\/dvojne-zlozljive-rampe-za-vozicke.jpg\" \/>\n\t<meta property=\"og:image:width\" content=\"595\" \/>\n\t<meta property=\"og:image:height\" content=\"516\" \/>\n\t<meta property=\"og:image:type\" content=\"image\/jpeg\" \/>\n<meta name=\"twitter:card\" content=\"summary_large_image\" \/>\n<meta name=\"twitter:label1\" content=\"Est. reading time\" \/>\n\t<meta name=\"twitter:data1\" content=\"1 minute\" \/>\n<script type=\"application\/ld+json\" class=\"yoast-schema-graph\">{\"@context\":\"https:\/\/schema.org\",\"@graph\":[{\"@type\":\"WebPage\",\"@id\":\"https:\/\/www.mivam.com\/izdelek\/dvojne-zlozljive-prenosne-rampe-za-vozicke\/\",\"url\":\"https:\/\/www.mivam.com\/izdelek\/dvojne-zlozljive-prenosne-rampe-za-vozicke\/\",\"name\":\"Dvojne zlo\u017eljive prenosne rampe za vozi\u010dke - Mi Vam\",\"isPartOf\":{\"@id\":\"https:\/\/www.mivam.com\/#website\"},\"primaryImageOfPage\":{\"@id\":\"https:\/\/www.mivam.com\/izdelek\/dvojne-zlozljive-prenosne-rampe-za-vozicke\/#primaryimage\"},\"image\":{\"@id\":\"https:\/\/www.mivam.com\/izdelek\/dvojne-zlozljive-prenosne-rampe-za-vozicke\/#primaryimage\"},\"thumbnailUrl\":\"https:\/\/www.mivam.com\/wp-content\/uploads\/2020\/08\/dvojne-zlozljive-rampe-za-vozicke.jpg\",\"datePublished\":\"2020-08-24T13:05:58+00:00\",\"dateModified\":\"2025-06-18T14:24:55+00:00\",\"description\":\"Prenosljive rampe\/klan\u010dine razli\u010dnih dol\u017ein in izvedb. V kolikor i\u0161\u010dete nekaj bolj konkretnega oziroma drugo dol\u017eino se prosim obrnite na nas in z veseljem vam bomo pomagali. Upravne enote na podlagi odlo\u010dbe za elektromotorni vozi\u010dek ali skuter izdajo vrednotnico, s katero uporabniku subvencionirajo nakup klan\u010dine. Pravilnik o tehni\u010dnih pripomo\u010dkih in prilagoditvi vozilahttp:\/\/www.pisrs.si\/Pis.web\/pregledPredpisa?id=PRAV12201\",\"breadcrumb\":{\"@id\":\"https:\/\/www.mivam.com\/izdelek\/dvojne-zlozljive-prenosne-rampe-za-vozicke\/#breadcrumb\"},\"inLanguage\":\"en-US\",\"potentialAction\":[{\"@type\":\"ReadAction\",\"target\":[\"https:\/\/www.mivam.com\/izdelek\/dvojne-zlozljive-prenosne-rampe-za-vozicke\/\"]}]},{\"@type\":\"ImageObject\",\"inLanguage\":\"en-US\",\"@id\":\"https:\/\/www.mivam.com\/izdelek\/dvojne-zlozljive-prenosne-rampe-za-vozicke\/#primaryimage\",\"url\":\"https:\/\/www.mivam.com\/wp-content\/uploads\/2020\/08\/dvojne-zlozljive-rampe-za-vozicke.jpg\",\"contentUrl\":\"https:\/\/www.mivam.com\/wp-content\/uploads\/2020\/08\/dvojne-zlozljive-rampe-za-vozicke.jpg\",\"width\":595,\"height\":516},{\"@type\":\"BreadcrumbList\",\"@id\":\"https:\/\/www.mivam.com\/izdelek\/dvojne-zlozljive-prenosne-rampe-za-vozicke\/#breadcrumb\",\"itemListElement\":[{\"@type\":\"ListItem\",\"position\":1,\"name\":\"Domov\",\"item\":\"https:\/\/www.mivam.com\/\"},{\"@type\":\"ListItem\",\"position\":2,\"name\":\"Shop\",\"item\":\"https:\/\/www.mivam.com\/en\/shop\/\"},{\"@type\":\"ListItem\",\"position\":3,\"name\":\"Invalidski vozi\u010dki in skuterji\",\"item\":\"https:\/\/www.mivam.com\/kategorija-izdelka\/invalidski-vozicki-in-skuterji\/\"},{\"@type\":\"ListItem\",\"position\":4,\"name\":\"Prenosljive rampe za vozi\u010dke\",\"item\":\"https:\/\/www.mivam.com\/kategorija-izdelka\/invalidski-vozicki-in-skuterji\/prenosljive-rampe-za-vozicke\/\"},{\"@type\":\"ListItem\",\"position\":5,\"name\":\"Dvojne zlo\u017eljive prenosne rampe za vozi\u010dke\"}]},{\"@type\":\"WebSite\",\"@id\":\"https:\/\/www.mivam.com\/#website\",\"url\":\"https:\/\/www.mivam.com\/\",\"name\":\"Mi Vam\",\"description\":\"Medicinski pripomo\u010dki in re\u0161itve za manj odvisno \u017eivljenje.\",\"potentialAction\":[{\"@type\":\"SearchAction\",\"target\":{\"@type\":\"EntryPoint\",\"urlTemplate\":\"https:\/\/www.mivam.com\/?s={search_term_string}\"},\"query-input\":{\"@type\":\"PropertyValueSpecification\",\"valueRequired\":true,\"valueName\":\"search_term_string\"}}],\"inLanguage\":\"en-US\"}]}<\/script>\n<!-- \/ Yoast SEO plugin. -->","yoast_head_json":{"title":"Dvojne zlo\u017eljive prenosne rampe za vozi\u010dke - Mi Vam","description":"Prenosljive rampe\/klan\u010dine razli\u010dnih dol\u017ein in izvedb. V kolikor i\u0161\u010dete nekaj bolj konkretnega oziroma drugo dol\u017eino se prosim obrnite na nas in z veseljem vam bomo pomagali. Upravne enote na podlagi odlo\u010dbe za elektromotorni vozi\u010dek ali skuter izdajo vrednotnico, s katero uporabniku subvencionirajo nakup klan\u010dine. Pravilnik o tehni\u010dnih pripomo\u010dkih in prilagoditvi vozilahttp:\/\/www.pisrs.si\/Pis.web\/pregledPredpisa?id=PRAV12201","robots":{"index":"index","follow":"follow","max-snippet":"max-snippet:-1","max-image-preview":"max-image-preview:large","max-video-preview":"max-video-preview:-1"},"canonical":"https:\/\/www.mivam.com\/izdelek\/dvojne-zlozljive-prenosne-rampe-za-vozicke\/","og_locale":"en_US","og_type":"article","og_title":"Dvojne zlo\u017eljive prenosne rampe za vozi\u010dke - Mi Vam","og_description":"Prenosljive rampe\/klan\u010dine razli\u010dnih dol\u017ein in izvedb. V kolikor i\u0161\u010dete nekaj bolj konkretnega oziroma drugo dol\u017eino se prosim obrnite na nas in z veseljem vam bomo pomagali. Upravne enote na podlagi odlo\u010dbe za elektromotorni vozi\u010dek ali skuter izdajo vrednotnico, s katero uporabniku subvencionirajo nakup klan\u010dine. Pravilnik o tehni\u010dnih pripomo\u010dkih in prilagoditvi vozilahttp:\/\/www.pisrs.si\/Pis.web\/pregledPredpisa?id=PRAV12201","og_url":"https:\/\/www.mivam.com\/izdelek\/dvojne-zlozljive-prenosne-rampe-za-vozicke\/","og_site_name":"Mi Vam","article_modified_time":"2025-06-18T14:24:55+00:00","og_image":[{"width":595,"height":516,"url":"https:\/\/www.mivam.com\/wp-content\/uploads\/2020\/08\/dvojne-zlozljive-rampe-za-vozicke.jpg","type":"image\/jpeg"}],"twitter_card":"summary_large_image","twitter_misc":{"Est. reading time":"1 minute"},"schema":{"@context":"https:\/\/schema.org","@graph":[{"@type":"WebPage","@id":"https:\/\/www.mivam.com\/izdelek\/dvojne-zlozljive-prenosne-rampe-za-vozicke\/","url":"https:\/\/www.mivam.com\/izdelek\/dvojne-zlozljive-prenosne-rampe-za-vozicke\/","name":"Dvojne zlo\u017eljive prenosne rampe za vozi\u010dke - Mi Vam","isPartOf":{"@id":"https:\/\/www.mivam.com\/#website"},"primaryImageOfPage":{"@id":"https:\/\/www.mivam.com\/izdelek\/dvojne-zlozljive-prenosne-rampe-za-vozicke\/#primaryimage"},"image":{"@id":"https:\/\/www.mivam.com\/izdelek\/dvojne-zlozljive-prenosne-rampe-za-vozicke\/#primaryimage"},"thumbnailUrl":"https:\/\/www.mivam.com\/wp-content\/uploads\/2020\/08\/dvojne-zlozljive-rampe-za-vozicke.jpg","datePublished":"2020-08-24T13:05:58+00:00","dateModified":"2025-06-18T14:24:55+00:00","description":"Prenosljive rampe\/klan\u010dine razli\u010dnih dol\u017ein in izvedb. V kolikor i\u0161\u010dete nekaj bolj konkretnega oziroma drugo dol\u017eino se prosim obrnite na nas in z veseljem vam bomo pomagali. Upravne enote na podlagi odlo\u010dbe za elektromotorni vozi\u010dek ali skuter izdajo vrednotnico, s katero uporabniku subvencionirajo nakup klan\u010dine. Pravilnik o tehni\u010dnih pripomo\u010dkih in prilagoditvi vozilahttp:\/\/www.pisrs.si\/Pis.web\/pregledPredpisa?id=PRAV12201","breadcrumb":{"@id":"https:\/\/www.mivam.com\/izdelek\/dvojne-zlozljive-prenosne-rampe-za-vozicke\/#breadcrumb"},"inLanguage":"en-US","potentialAction":[{"@type":"ReadAction","target":["https:\/\/www.mivam.com\/izdelek\/dvojne-zlozljive-prenosne-rampe-za-vozicke\/"]}]},{"@type":"ImageObject","inLanguage":"en-US","@id":"https:\/\/www.mivam.com\/izdelek\/dvojne-zlozljive-prenosne-rampe-za-vozicke\/#primaryimage","url":"https:\/\/www.mivam.com\/wp-content\/uploads\/2020\/08\/dvojne-zlozljive-rampe-za-vozicke.jpg","contentUrl":"https:\/\/www.mivam.com\/wp-content\/uploads\/2020\/08\/dvojne-zlozljive-rampe-za-vozicke.jpg","width":595,"height":516},{"@type":"BreadcrumbList","@id":"https:\/\/www.mivam.com\/izdelek\/dvojne-zlozljive-prenosne-rampe-za-vozicke\/#breadcrumb","itemListElement":[{"@type":"ListItem","position":1,"name":"Domov","item":"https:\/\/www.mivam.com\/"},{"@type":"ListItem","position":2,"name":"Shop","item":"https:\/\/www.mivam.com\/en\/shop\/"},{"@type":"ListItem","position":3,"name":"Invalidski vozi\u010dki in skuterji","item":"https:\/\/www.mivam.com\/kategorija-izdelka\/invalidski-vozicki-in-skuterji\/"},{"@type":"ListItem","position":4,"name":"Prenosljive rampe za vozi\u010dke","item":"https:\/\/www.mivam.com\/kategorija-izdelka\/invalidski-vozicki-in-skuterji\/prenosljive-rampe-za-vozicke\/"},{"@type":"ListItem","position":5,"name":"Dvojne zlo\u017eljive prenosne rampe za vozi\u010dke"}]},{"@type":"WebSite","@id":"https:\/\/www.mivam.com\/#website","url":"https:\/\/www.mivam.com\/","name":"Mi Vam","description":"Medicinski pripomo\u010dki in re\u0161itve za manj odvisno \u017eivljenje.","potentialAction":[{"@type":"SearchAction","target":{"@type":"EntryPoint","urlTemplate":"https:\/\/www.mivam.com\/?s={search_term_string}"},"query-input":{"@type":"PropertyValueSpecification","valueRequired":true,"valueName":"search_term_string"}}],"inLanguage":"en-US"}]}},"_links":{"self":[{"href":"https:\/\/www.mivam.com\/en\/wp-json\/wp\/v2\/product\/1816","targetHints":{"allow":["GET"]}}],"collection":[{"href":"https:\/\/www.mivam.com\/en\/wp-json\/wp\/v2\/product"}],"about":[{"href":"https:\/\/www.mivam.com\/en\/wp-json\/wp\/v2\/types\/product"}],"replies":[{"embeddable":true,"href":"https:\/\/www.mivam.com\/en\/wp-json\/wp\/v2\/comments?post=1816"}],"wp:featuredmedia":[{"embeddable":true,"href":"https:\/\/www.mivam.com\/en\/wp-json\/wp\/v2\/media\/1817"}],"wp:attachment":[{"href":"https:\/\/www.mivam.com\/en\/wp-json\/wp\/v2\/media?parent=1816"}],"wp:term":[{"taxonomy":"product_brand","embeddable":true,"href":"https:\/\/www.mivam.com\/en\/wp-json\/wp\/v2\/product_brand?post=1816"},{"taxonomy":"product_cat","embeddable":true,"href":"https:\/\/www.mivam.com\/en\/wp-json\/wp\/v2\/product_cat?post=1816"},{"taxonomy":"product_tag","embeddable":true,"href":"https:\/\/www.mivam.com\/en\/wp-json\/wp\/v2\/product_tag?post=1816"}],"curies":[{"name":"wp","href":"https:\/\/api.w.org\/{rel}","templated":true}]}}