{"id":1774,"date":"2020-06-10T15:31:42","date_gmt":"2020-06-10T13:31:42","guid":{"rendered":"https:\/\/www.mivam.com\/?post_type=product&#038;p=1774"},"modified":"2025-06-18T16:39:21","modified_gmt":"2025-06-18T14:39:21","slug":"etac-tripp-tilt","status":"publish","type":"product","link":"https:\/\/www.mivam.com\/en\/izdelek\/etac-tripp-tilt\/","title":{"rendered":"Etac Tripp Tilt"},"content":{"rendered":"<p><span class=\"tlid-translation translation\" lang=\"sl\"><span class=\"\" title=\"\">Popolna velikost za otroke, najstnike in vitke ljudi<\/span><\/span><\/p>\n<p><span class=\"\" title=\"\">Tripp je tu\u0161irni stol z mehanizmom nagiba na levi strani.<\/span> <span class=\"\" title=\"\">Nagibanje od strani izbolj\u0161uje ergonomsko pravilen polo\u017eaj. Velikost Tripp-a je popoln tu\u0161irini stol za otroke, najstnike in vitke ljudi.<\/span> <span class=\"\" title=\"\">Poleg tega je mogo\u010de zlahka odstraniti podporo sede\u017ea in hrbta.<\/span> <span title=\"\">To omogo\u010da namestitev posamezne sede\u017ene enote.<\/span><\/p>\n<p><strong><span title=\"\">Razli\u010dni dodatki<\/span><\/strong><\/p>\n<p><span title=\"\">Tripp je mogo\u010de opremiti z oporo za glavo, pozicionirnim pasom, kahljico in razli\u010dnimi vrstami mehkih blazinic, ki ustrezajo razli\u010dnim potrebam.<\/span> <span title=\"\">Odstranljivi \u0161\u010ditnik pred brizganjem in dr\u017ealo kahljice sta kot standardna oprema.<\/span><\/p>\n<h3><strong>Lastnosti<\/strong><\/h3>\n<table style=\"width: 731.067px\">\n<tbody>\n<tr>\n<td style=\"width: 356px;text-align: center\">\u0160irina<\/td>\n<td style=\"width: 379.067px;text-align: center\">54.5 cm<\/td>\n<\/tr>\n<tr>\n<td style=\"width: 356px;text-align: center\">\u0160irina med naslonoma za roki<\/td>\n<td style=\"width: 379.067px;text-align: center\">36 cm<\/td>\n<\/tr>\n<tr>\n<td style=\"width: 356px;text-align: center\">Sede\u017ena vi\u0161ina<\/td>\n<td style=\"width: 379.067px;text-align: center\">58 cm<\/td>\n<\/tr>\n<tr>\n<td style=\"width: 356px;text-align: center\">Sede\u017ena \u0161irina<\/td>\n<td style=\"width: 379.067px;text-align: center\">38 cm<\/td>\n<\/tr>\n<tr>\n<td style=\"width: 356px;text-align: center\">Odprtina na sede\u017eu<\/td>\n<td style=\"width: 379.067px;text-align: center\">27 cm x 16,5 cm<\/td>\n<\/tr>\n<tr>\n<td style=\"width: 356px;text-align: center\">Naklon hrbta<\/td>\n<td style=\"width: 379.067px;text-align: center\">0\u00ba \u2013 -35\u00ba<\/td>\n<\/tr>\n<tr>\n<td style=\"width: 356px;text-align: center\">Te\u017ea tu\u0161irnega stola<\/td>\n<td style=\"width: 379.067px;text-align: center\">17 kg<\/td>\n<\/tr>\n<tr>\n<td style=\"width: 356px;text-align: center\">Najve\u010dja dovoljena te\u017ea uporabnika<\/td>\n<td style=\"width: 379.067px;text-align: center\">80 kg<\/td>\n<\/tr>\n<tr>\n<td style=\"width: 356px;text-align: center\">Materiali<\/td>\n<td style=\"width: 379.067px;text-align: center\">Podvozje: jeklene cevi<\/p>\n<p><span class=\"tlid-translation translation\" lang=\"sl\"><span class=\"\" title=\"\">Podpora sede\u017ea \/ hrbta: ABS plastika<\/span><\/span><\/p>\n<p><span class=\"tlid-translation translation\" lang=\"sl\"><span class=\"\" title=\"\">Naslon za roki: poliuretan<\/span><\/span><\/p>\n<p><span class=\"tlid-translation translation\" lang=\"sl\"><span title=\"\">Podno\u017eniki: poliuretan<\/span><\/span><\/p>\n<p><span class=\"tlid-translation translation\" lang=\"sl\"><span title=\"\">Nosilci naslonov na roki in podno\u017enikov: nerjave\u010de jeklo<\/span><\/span><\/p>\n<p><span class=\"tlid-translation translation\" lang=\"sl\"><span title=\"\">Kolesa, name\u0161\u010dena v krogli\u010dnih le\u017eajih, 2 zaklepanji: pocinkano jeklo \/ guma<\/span><\/span><\/td>\n<\/tr>\n<\/tbody>\n<\/table>\n<h3><strong>Dodatki<\/strong><\/h3>\n<h3><strong><span class=\"tlid-translation translation\" lang=\"sl\"><span class=\"\" title=\"\">Naslon za glavo<\/span><\/span><\/strong><\/h3>\n<p><span class=\"tlid-translation translation\" lang=\"sl\"><span class=\"\" title=\"\">Nastavljiv po vi\u0161ini<\/span> <span title=\"\">Material: poliuretan<\/span><\/span><\/p>\n<table style=\"width: 304px\">\n<tbody>\n<tr>\n<td style=\"width: 168.333px\">Naslon za glavo<\/td>\n<td style=\"width: 140.667px\">80209041<\/td>\n<\/tr>\n<\/tbody>\n<\/table>\n<p><img decoding=\"async\" class=\"alignnone size-medium wp-image-1776\" src=\"https:\/\/www.mivam.com\/wp-content\/uploads\/2020\/06\/etac-tripp-headrest_549309-300x300.jpg\" alt=\"\" width=\"300\" height=\"300\" srcset=\"https:\/\/www.mivam.com\/wp-content\/uploads\/2020\/06\/etac-tripp-headrest_549309-300x300.jpg 300w, https:\/\/www.mivam.com\/wp-content\/uploads\/2020\/06\/etac-tripp-headrest_549309-600x600.jpg 600w, https:\/\/www.mivam.com\/wp-content\/uploads\/2020\/06\/etac-tripp-headrest_549309-150x150.jpg 150w, https:\/\/www.mivam.com\/wp-content\/uploads\/2020\/06\/etac-tripp-headrest_549309-768x768.jpg 768w, https:\/\/www.mivam.com\/wp-content\/uploads\/2020\/06\/etac-tripp-headrest_549309-1024x1024.jpg 1024w, https:\/\/www.mivam.com\/wp-content\/uploads\/2020\/06\/etac-tripp-headrest_549309-180x180.jpg 180w, https:\/\/www.mivam.com\/wp-content\/uploads\/2020\/06\/etac-tripp-headrest_549309.jpg 1280w\" sizes=\"(max-width: 300px) 100vw, 300px\" \/><\/p>\n<p>&nbsp;<\/p>\n<h3><strong><span class=\"tlid-translation translation\" lang=\"sl\"><span class=\"\" title=\"\">Hrbtna blazina<\/span><\/span><\/strong><\/h3>\n<p><span class=\"tlid-translation translation\" lang=\"sl\"><span class=\"\" title=\"\">Zmanj\u0161a globino sede\u017ea za 6 cm<\/span><\/span><\/p>\n<div class=\"text-wrap tlid-copy-target\">\n<div class=\"result-shield-container tlid-copy-target\"><span class=\"tlid-translation translation\" lang=\"sl\"><span class=\"\" title=\"\">Material: Polieter,\u00a0 <\/span><\/span><span class=\"tlid-translation translation\" lang=\"sl\"><span class=\"\" title=\"\">prevle\u010dena tkanina<\/span><\/span><\/div>\n<\/div>\n<div>\n<table style=\"width: 351px\">\n<tbody>\n<tr>\n<td style=\"width: 162.817px\">Hrbtna blazina<\/td>\n<td style=\"width: 194.183px\">80209042<\/td>\n<\/tr>\n<\/tbody>\n<\/table>\n<\/div>\n<div><\/div>\n<div><img decoding=\"async\" class=\"alignnone size-medium wp-image-1780\" src=\"https:\/\/www.mivam.com\/wp-content\/uploads\/2020\/06\/etac-tripp-tilt-cushion_549325-300x300.jpg\" alt=\"\" width=\"300\" height=\"300\" srcset=\"https:\/\/www.mivam.com\/wp-content\/uploads\/2020\/06\/etac-tripp-tilt-cushion_549325-300x300.jpg 300w, https:\/\/www.mivam.com\/wp-content\/uploads\/2020\/06\/etac-tripp-tilt-cushion_549325-600x600.jpg 600w, https:\/\/www.mivam.com\/wp-content\/uploads\/2020\/06\/etac-tripp-tilt-cushion_549325-150x150.jpg 150w, https:\/\/www.mivam.com\/wp-content\/uploads\/2020\/06\/etac-tripp-tilt-cushion_549325-768x768.jpg 768w, https:\/\/www.mivam.com\/wp-content\/uploads\/2020\/06\/etac-tripp-tilt-cushion_549325-1024x1024.jpg 1024w, https:\/\/www.mivam.com\/wp-content\/uploads\/2020\/06\/etac-tripp-tilt-cushion_549325-180x180.jpg 180w, https:\/\/www.mivam.com\/wp-content\/uploads\/2020\/06\/etac-tripp-tilt-cushion_549325.jpg 1280w\" sizes=\"(max-width: 300px) 100vw, 300px\" \/><\/div>\n<div><\/div>\n<h3><span class=\"tlid-translation translation\" lang=\"sl\"><span class=\"\" title=\"\"><strong>Mehka blazi za hrbet<\/strong><br \/>\n<\/span><\/span><\/h3>\n<p><span class=\"tlid-translation translation\" lang=\"sl\"><span title=\"\">Standardna podpora za hrbet.<\/span><\/span><\/p>\n<p><span class=\"tlid-translation translation\" lang=\"sl\"><span class=\"\" title=\"\">Material: polietilen<\/span><\/span><\/p>\n<table style=\"width: 421px\">\n<tbody>\n<tr>\n<td style=\"width: 252.05px\">Mehka blazina za hrbet<\/td>\n<td style=\"width: 173.95px\">80209046<\/td>\n<\/tr>\n<\/tbody>\n<\/table>\n<p><img decoding=\"async\" class=\"alignnone size-medium wp-image-1784\" src=\"https:\/\/www.mivam.com\/wp-content\/uploads\/2020\/06\/etac-tripp-tilt-soft-back_549323-300x300.jpg\" alt=\"\" width=\"300\" height=\"300\" srcset=\"https:\/\/www.mivam.com\/wp-content\/uploads\/2020\/06\/etac-tripp-tilt-soft-back_549323-300x300.jpg 300w, https:\/\/www.mivam.com\/wp-content\/uploads\/2020\/06\/etac-tripp-tilt-soft-back_549323-600x600.jpg 600w, https:\/\/www.mivam.com\/wp-content\/uploads\/2020\/06\/etac-tripp-tilt-soft-back_549323-150x150.jpg 150w, https:\/\/www.mivam.com\/wp-content\/uploads\/2020\/06\/etac-tripp-tilt-soft-back_549323-768x768.jpg 768w, https:\/\/www.mivam.com\/wp-content\/uploads\/2020\/06\/etac-tripp-tilt-soft-back_549323-1024x1024.jpg 1024w, https:\/\/www.mivam.com\/wp-content\/uploads\/2020\/06\/etac-tripp-tilt-soft-back_549323-180x180.jpg 180w, https:\/\/www.mivam.com\/wp-content\/uploads\/2020\/06\/etac-tripp-tilt-soft-back_549323.jpg 1280w\" sizes=\"(max-width: 300px) 100vw, 300px\" \/><\/p>\n<p>&nbsp;<\/p>\n<h3><strong><span class=\"tlid-translation translation\" lang=\"sl\"><span class=\"\" title=\"\">Mehka sede\u017ena blazina<\/span><\/span><\/strong><\/h3>\n<p>Ima dobre protizdrsne lastnosti.<\/p>\n<p><span class=\"tlid-translation translation\" lang=\"sl\"><span class=\"\" title=\"\">Material: Celi\u010dni polietilen<\/span><\/span><\/p>\n<table style=\"width: 371px\">\n<tbody>\n<tr>\n<td style=\"width: 231.667px\">Mehka sede\u017ena blazina<\/td>\n<td style=\"width: 143.333px\">80209047<\/td>\n<\/tr>\n<\/tbody>\n<\/table>\n<div><\/div>\n<div><\/div>\n<div>\u00a0<img decoding=\"async\" class=\"alignnone size-medium wp-image-1783\" src=\"https:\/\/www.mivam.com\/wp-content\/uploads\/2020\/06\/etac-tripp-tilt-polstred-seat_549317-300x300.jpg\" alt=\"\" width=\"300\" height=\"300\" srcset=\"https:\/\/www.mivam.com\/wp-content\/uploads\/2020\/06\/etac-tripp-tilt-polstred-seat_549317-300x300.jpg 300w, https:\/\/www.mivam.com\/wp-content\/uploads\/2020\/06\/etac-tripp-tilt-polstred-seat_549317-600x600.jpg 600w, https:\/\/www.mivam.com\/wp-content\/uploads\/2020\/06\/etac-tripp-tilt-polstred-seat_549317-150x150.jpg 150w, https:\/\/www.mivam.com\/wp-content\/uploads\/2020\/06\/etac-tripp-tilt-polstred-seat_549317-768x768.jpg 768w, https:\/\/www.mivam.com\/wp-content\/uploads\/2020\/06\/etac-tripp-tilt-polstred-seat_549317-1024x1024.jpg 1024w, https:\/\/www.mivam.com\/wp-content\/uploads\/2020\/06\/etac-tripp-tilt-polstred-seat_549317-180x180.jpg 180w, https:\/\/www.mivam.com\/wp-content\/uploads\/2020\/06\/etac-tripp-tilt-polstred-seat_549317.jpg 1280w\" sizes=\"(max-width: 300px) 100vw, 300px\" \/><\/div>\n<div><\/div>\n<h3><strong><span class=\"tlid-translation translation\" lang=\"sl\"><span class=\"\" title=\"\">Mehka blazina za sede\u017e<\/span><\/span><\/strong><\/h3>\n<p><span class=\"tlid-translation translation\" lang=\"sl\"><span title=\"\">Material: Polieter<br \/>\n<\/span><\/span><\/p>\n<table style=\"width: 379px\">\n<tbody>\n<tr>\n<td style=\"width: 218.283px\">Mehka sede\u017ena blazina<\/td>\n<td style=\"width: 164.717px\">\u00a080209066<\/td>\n<\/tr>\n<\/tbody>\n<\/table>\n<p><img decoding=\"async\" class=\"alignnone size-medium wp-image-1778\" src=\"https:\/\/www.mivam.com\/wp-content\/uploads\/2020\/06\/etac-tripp-soft-seat-cushion_549319-300x300.jpg\" alt=\"\" width=\"300\" height=\"300\" srcset=\"https:\/\/www.mivam.com\/wp-content\/uploads\/2020\/06\/etac-tripp-soft-seat-cushion_549319-300x300.jpg 300w, https:\/\/www.mivam.com\/wp-content\/uploads\/2020\/06\/etac-tripp-soft-seat-cushion_549319-600x600.jpg 600w, https:\/\/www.mivam.com\/wp-content\/uploads\/2020\/06\/etac-tripp-soft-seat-cushion_549319-150x150.jpg 150w, https:\/\/www.mivam.com\/wp-content\/uploads\/2020\/06\/etac-tripp-soft-seat-cushion_549319-768x768.jpg 768w, https:\/\/www.mivam.com\/wp-content\/uploads\/2020\/06\/etac-tripp-soft-seat-cushion_549319-1024x1024.jpg 1024w, https:\/\/www.mivam.com\/wp-content\/uploads\/2020\/06\/etac-tripp-soft-seat-cushion_549319-180x180.jpg 180w, https:\/\/www.mivam.com\/wp-content\/uploads\/2020\/06\/etac-tripp-soft-seat-cushion_549319.jpg 1280w\" sizes=\"(max-width: 300px) 100vw, 300px\" \/><\/p>\n<p>&nbsp;<\/p>\n<h3><strong>Opora za roke- 500 mm<\/strong><\/h3>\n<p><span class=\"tlid-translation translation\" lang=\"sl\"><span class=\"\" title=\"\">Primerna samo za Etac Tripp Tilt<\/span><\/span><\/p>\n<table style=\"width: 273.667px\">\n<tbody>\n<tr>\n<td style=\"width: 106px\">500 mm<\/td>\n<td style=\"width: 172.667px\">80303035<\/td>\n<\/tr>\n<\/tbody>\n<\/table>\n<p><img decoding=\"async\" class=\"size-medium wp-image-1775\" src=\"https:\/\/www.mivam.com\/wp-content\/uploads\/2020\/06\/crossbar-12x12cm_567644-300x300.jpg\" alt=\"\" width=\"300\" height=\"300\" srcset=\"https:\/\/www.mivam.com\/wp-content\/uploads\/2020\/06\/crossbar-12x12cm_567644-300x300.jpg 300w, https:\/\/www.mivam.com\/wp-content\/uploads\/2020\/06\/crossbar-12x12cm_567644-600x600.jpg 600w, https:\/\/www.mivam.com\/wp-content\/uploads\/2020\/06\/crossbar-12x12cm_567644-150x150.jpg 150w, https:\/\/www.mivam.com\/wp-content\/uploads\/2020\/06\/crossbar-12x12cm_567644-768x768.jpg 768w, https:\/\/www.mivam.com\/wp-content\/uploads\/2020\/06\/crossbar-12x12cm_567644-1024x1024.jpg 1024w, https:\/\/www.mivam.com\/wp-content\/uploads\/2020\/06\/crossbar-12x12cm_567644-180x180.jpg 180w, https:\/\/www.mivam.com\/wp-content\/uploads\/2020\/06\/crossbar-12x12cm_567644.jpg 1280w\" sizes=\"(max-width: 300px) 100vw, 300px\" \/><\/p>\n<div><\/div>\n<h3><strong>Kahljica<\/strong><\/h3>\n<p>Zasnovana za popolno prileganje sede\u017eu<\/p>\n<p><span class=\"tlid-translation translation\" lang=\"sl\"><span title=\"\">Material: ABS<\/span><\/span><\/p>\n<table style=\"width: 245px\">\n<tbody>\n<tr>\n<td style=\"width: 121.433px\">Kahljica<\/td>\n<td style=\"width: 128.567px\">80209031<\/td>\n<\/tr>\n<\/tbody>\n<\/table>\n<div><\/div>\n<div><\/div>\n<div><\/div>\n<div class=\"tlid-result-transliteration-container result-transliteration-container transliteration-container\">\u00a0<img decoding=\"async\" class=\"alignnone size-medium wp-image-1777\" src=\"https:\/\/www.mivam.com\/wp-content\/uploads\/2020\/06\/etac-tripp-pan_549311-300x300.jpg\" alt=\"\" width=\"300\" height=\"300\" srcset=\"https:\/\/www.mivam.com\/wp-content\/uploads\/2020\/06\/etac-tripp-pan_549311-300x300.jpg 300w, https:\/\/www.mivam.com\/wp-content\/uploads\/2020\/06\/etac-tripp-pan_549311-600x600.jpg 600w, https:\/\/www.mivam.com\/wp-content\/uploads\/2020\/06\/etac-tripp-pan_549311-150x150.jpg 150w, https:\/\/www.mivam.com\/wp-content\/uploads\/2020\/06\/etac-tripp-pan_549311-768x768.jpg 768w, https:\/\/www.mivam.com\/wp-content\/uploads\/2020\/06\/etac-tripp-pan_549311-1024x1024.jpg 1024w, https:\/\/www.mivam.com\/wp-content\/uploads\/2020\/06\/etac-tripp-pan_549311-180x180.jpg 180w, https:\/\/www.mivam.com\/wp-content\/uploads\/2020\/06\/etac-tripp-pan_549311.jpg 1280w\" sizes=\"(max-width: 300px) 100vw, 300px\" \/><\/div>\n<div><\/div>\n<h3><strong>Zaklep za kahljico<\/strong><\/h3>\n<p>Dr\u017ei kahljico na svojem mestu.<\/p>\n<table style=\"width: 295px\">\n<tbody>\n<tr>\n<td style=\"width: 159.9px\">Trak za kahljico<\/td>\n<td style=\"width: 140.1px\">80209049<\/td>\n<\/tr>\n<\/tbody>\n<\/table>\n<p>&nbsp;<\/p>\n<p><img decoding=\"async\" class=\"size-medium wp-image-1782\" src=\"https:\/\/www.mivam.com\/wp-content\/uploads\/2020\/06\/etac-tripp-tilt-locker_549313-300x300.jpg\" alt=\"\" width=\"300\" height=\"300\" srcset=\"https:\/\/www.mivam.com\/wp-content\/uploads\/2020\/06\/etac-tripp-tilt-locker_549313-300x300.jpg 300w, https:\/\/www.mivam.com\/wp-content\/uploads\/2020\/06\/etac-tripp-tilt-locker_549313-600x600.jpg 600w, https:\/\/www.mivam.com\/wp-content\/uploads\/2020\/06\/etac-tripp-tilt-locker_549313-150x150.jpg 150w, https:\/\/www.mivam.com\/wp-content\/uploads\/2020\/06\/etac-tripp-tilt-locker_549313-768x768.jpg 768w, https:\/\/www.mivam.com\/wp-content\/uploads\/2020\/06\/etac-tripp-tilt-locker_549313-1024x1024.jpg 1024w, https:\/\/www.mivam.com\/wp-content\/uploads\/2020\/06\/etac-tripp-tilt-locker_549313-180x180.jpg 180w, https:\/\/www.mivam.com\/wp-content\/uploads\/2020\/06\/etac-tripp-tilt-locker_549313.jpg 1280w\" sizes=\"(max-width: 300px) 100vw, 300px\" \/><\/p>\n<h3><strong>Varnostni pas<br \/>\n<\/strong><\/h3>\n<p><span class=\"tlid-translation translation\" lang=\"sl\"><span class=\"\" title=\"\">Lahko se namesti vodoravno ali diagonalno.<\/span><\/span><\/p>\n<p><span title=\"\">Prilagodljiv po dol\u017eini.<\/span><\/p>\n<p><span title=\"\">Material: poliester<\/span><\/p>\n<table style=\"width: 175.8px\">\n<tbody>\n<tr>\n<td style=\"width: 176.8px\">80209034<\/td>\n<\/tr>\n<\/tbody>\n<\/table>\n<p>&nbsp;<\/p>\n<p><img decoding=\"async\" class=\"size-medium wp-image-1785\" src=\"https:\/\/www.mivam.com\/wp-content\/uploads\/2020\/06\/tripp-sakerhetsrem_589644-300x225.jpg\" alt=\"\" width=\"300\" height=\"225\" srcset=\"https:\/\/www.mivam.com\/wp-content\/uploads\/2020\/06\/tripp-sakerhetsrem_589644-300x225.jpg 300w, https:\/\/www.mivam.com\/wp-content\/uploads\/2020\/06\/tripp-sakerhetsrem_589644-800x600.jpg 800w, https:\/\/www.mivam.com\/wp-content\/uploads\/2020\/06\/tripp-sakerhetsrem_589644-600x450.jpg 600w, https:\/\/www.mivam.com\/wp-content\/uploads\/2020\/06\/tripp-sakerhetsrem_589644-768x576.jpg 768w, https:\/\/www.mivam.com\/wp-content\/uploads\/2020\/06\/tripp-sakerhetsrem_589644.jpg 896w\" sizes=\"(max-width: 300px) 100vw, 300px\" \/><\/p>\n","protected":false},"excerpt":{"rendered":"<p><strong><span style=\"color: #ff0000\">IZDELEK NI VE\u010c NA VOLJO ZA NARO\u010cILO. NA VOLJO LE \u0160E REZERVNI DELI IN SERVIS.<\/span><\/strong><\/p>\n","protected":false},"featured_media":1779,"comment_status":"closed","ping_status":"closed","template":"","meta":[],"product_brand":[],"product_cat":[224,43],"product_tag":[100,87,727,724,726,110,723,722,725],"class_list":{"0":"post-1774","1":"product","2":"type-product","3":"status-publish","4":"has-post-thumbnail","6":"product_cat-kopalniski-pripomocki","7":"product_cat-toaletno-tusirni-pripomocki","8":"product_tag-etac","9":"product_tag-otroski","10":"product_tag-otroski-stol","11":"product_tag-otroski-toletni-vozicek","12":"product_tag-stol","13":"product_tag-toaletni-stol","14":"product_tag-tripp","15":"product_tag-tripp-tilt","16":"product_tag-tusurni-stol","18":"first","19":"outofstock","20":"taxable","21":"shipping-taxable","22":"product-type-simple"},"yoast_head":"<!-- This site is optimized with the Yoast SEO plugin v24.0 - https:\/\/yoast.com\/wordpress\/plugins\/seo\/ -->\n<title>Etac Tripp Tilt - Mi Vam<\/title>\n<meta name=\"description\" content=\"IZDELEK NI VE\u010c NA VOLJO ZA NARO\u010cILO. NA VOLJO LE \u0160E REZERVNI DELI IN SERVIS.\" \/>\n<meta name=\"robots\" content=\"index, follow, max-snippet:-1, max-image-preview:large, max-video-preview:-1\" \/>\n<link rel=\"canonical\" href=\"https:\/\/www.mivam.com\/izdelek\/etac-tripp-tilt\/\" \/>\n<meta property=\"og:locale\" content=\"en_US\" \/>\n<meta property=\"og:type\" content=\"article\" \/>\n<meta property=\"og:title\" content=\"Etac Tripp Tilt - Mi Vam\" \/>\n<meta property=\"og:description\" content=\"IZDELEK NI VE\u010c NA VOLJO ZA NARO\u010cILO. NA VOLJO LE \u0160E REZERVNI DELI IN SERVIS.\" \/>\n<meta property=\"og:url\" content=\"https:\/\/www.mivam.com\/izdelek\/etac-tripp-tilt\/\" \/>\n<meta property=\"og:site_name\" content=\"Mi Vam\" \/>\n<meta property=\"article:modified_time\" content=\"2025-06-18T14:39:21+00:00\" \/>\n<meta property=\"og:image\" content=\"https:\/\/www.mivam.com\/wp-content\/uploads\/2020\/06\/etac-tripp-tilt_548917-e1592915921255.jpg\" \/>\n\t<meta property=\"og:image:width\" content=\"477\" \/>\n\t<meta property=\"og:image:height\" content=\"743\" \/>\n\t<meta property=\"og:image:type\" content=\"image\/jpeg\" \/>\n<meta name=\"twitter:card\" content=\"summary_large_image\" \/>\n<meta name=\"twitter:label1\" content=\"Est. reading time\" \/>\n\t<meta name=\"twitter:data1\" content=\"4 minutes\" \/>\n<script type=\"application\/ld+json\" class=\"yoast-schema-graph\">{\"@context\":\"https:\/\/schema.org\",\"@graph\":[{\"@type\":\"WebPage\",\"@id\":\"https:\/\/www.mivam.com\/izdelek\/etac-tripp-tilt\/\",\"url\":\"https:\/\/www.mivam.com\/izdelek\/etac-tripp-tilt\/\",\"name\":\"Etac Tripp Tilt - Mi Vam\",\"isPartOf\":{\"@id\":\"https:\/\/www.mivam.com\/#website\"},\"primaryImageOfPage\":{\"@id\":\"https:\/\/www.mivam.com\/izdelek\/etac-tripp-tilt\/#primaryimage\"},\"image\":{\"@id\":\"https:\/\/www.mivam.com\/izdelek\/etac-tripp-tilt\/#primaryimage\"},\"thumbnailUrl\":\"https:\/\/www.mivam.com\/wp-content\/uploads\/2020\/06\/etac-tripp-tilt_548917-e1592915921255.jpg\",\"datePublished\":\"2020-06-10T13:31:42+00:00\",\"dateModified\":\"2025-06-18T14:39:21+00:00\",\"description\":\"IZDELEK NI VE\u010c NA VOLJO ZA NARO\u010cILO. NA VOLJO LE \u0160E REZERVNI DELI IN SERVIS.\",\"breadcrumb\":{\"@id\":\"https:\/\/www.mivam.com\/izdelek\/etac-tripp-tilt\/#breadcrumb\"},\"inLanguage\":\"en-US\",\"potentialAction\":[{\"@type\":\"ReadAction\",\"target\":[\"https:\/\/www.mivam.com\/izdelek\/etac-tripp-tilt\/\"]}]},{\"@type\":\"ImageObject\",\"inLanguage\":\"en-US\",\"@id\":\"https:\/\/www.mivam.com\/izdelek\/etac-tripp-tilt\/#primaryimage\",\"url\":\"https:\/\/www.mivam.com\/wp-content\/uploads\/2020\/06\/etac-tripp-tilt_548917-e1592915921255.jpg\",\"contentUrl\":\"https:\/\/www.mivam.com\/wp-content\/uploads\/2020\/06\/etac-tripp-tilt_548917-e1592915921255.jpg\",\"width\":477,\"height\":743},{\"@type\":\"BreadcrumbList\",\"@id\":\"https:\/\/www.mivam.com\/izdelek\/etac-tripp-tilt\/#breadcrumb\",\"itemListElement\":[{\"@type\":\"ListItem\",\"position\":1,\"name\":\"Domov\",\"item\":\"https:\/\/www.mivam.com\/\"},{\"@type\":\"ListItem\",\"position\":2,\"name\":\"Shop\",\"item\":\"https:\/\/www.mivam.com\/en\/shop\/\"},{\"@type\":\"ListItem\",\"position\":3,\"name\":\"Kopalni\u0161ki pripomo\u010dki\",\"item\":\"https:\/\/www.mivam.com\/kategorija-izdelka\/kopalniski-pripomocki\/\"},{\"@type\":\"ListItem\",\"position\":4,\"name\":\"Toaletno-tu\u0161irni pripomo\u010dki\",\"item\":\"https:\/\/www.mivam.com\/kategorija-izdelka\/kopalniski-pripomocki\/toaletno-tusirni-pripomocki\/\"},{\"@type\":\"ListItem\",\"position\":5,\"name\":\"Etac Tripp Tilt\"}]},{\"@type\":\"WebSite\",\"@id\":\"https:\/\/www.mivam.com\/#website\",\"url\":\"https:\/\/www.mivam.com\/\",\"name\":\"Mi Vam\",\"description\":\"Medicinski pripomo\u010dki in re\u0161itve za manj odvisno \u017eivljenje.\",\"potentialAction\":[{\"@type\":\"SearchAction\",\"target\":{\"@type\":\"EntryPoint\",\"urlTemplate\":\"https:\/\/www.mivam.com\/?s={search_term_string}\"},\"query-input\":{\"@type\":\"PropertyValueSpecification\",\"valueRequired\":true,\"valueName\":\"search_term_string\"}}],\"inLanguage\":\"en-US\"}]}<\/script>\n<!-- \/ Yoast SEO plugin. -->","yoast_head_json":{"title":"Etac Tripp Tilt - Mi Vam","description":"IZDELEK NI VE\u010c NA VOLJO ZA NARO\u010cILO. NA VOLJO LE \u0160E REZERVNI DELI IN SERVIS.","robots":{"index":"index","follow":"follow","max-snippet":"max-snippet:-1","max-image-preview":"max-image-preview:large","max-video-preview":"max-video-preview:-1"},"canonical":"https:\/\/www.mivam.com\/izdelek\/etac-tripp-tilt\/","og_locale":"en_US","og_type":"article","og_title":"Etac Tripp Tilt - Mi Vam","og_description":"IZDELEK NI VE\u010c NA VOLJO ZA NARO\u010cILO. NA VOLJO LE \u0160E REZERVNI DELI IN SERVIS.","og_url":"https:\/\/www.mivam.com\/izdelek\/etac-tripp-tilt\/","og_site_name":"Mi Vam","article_modified_time":"2025-06-18T14:39:21+00:00","og_image":[{"width":477,"height":743,"url":"https:\/\/www.mivam.com\/wp-content\/uploads\/2020\/06\/etac-tripp-tilt_548917-e1592915921255.jpg","type":"image\/jpeg"}],"twitter_card":"summary_large_image","twitter_misc":{"Est. reading time":"4 minutes"},"schema":{"@context":"https:\/\/schema.org","@graph":[{"@type":"WebPage","@id":"https:\/\/www.mivam.com\/izdelek\/etac-tripp-tilt\/","url":"https:\/\/www.mivam.com\/izdelek\/etac-tripp-tilt\/","name":"Etac Tripp Tilt - Mi Vam","isPartOf":{"@id":"https:\/\/www.mivam.com\/#website"},"primaryImageOfPage":{"@id":"https:\/\/www.mivam.com\/izdelek\/etac-tripp-tilt\/#primaryimage"},"image":{"@id":"https:\/\/www.mivam.com\/izdelek\/etac-tripp-tilt\/#primaryimage"},"thumbnailUrl":"https:\/\/www.mivam.com\/wp-content\/uploads\/2020\/06\/etac-tripp-tilt_548917-e1592915921255.jpg","datePublished":"2020-06-10T13:31:42+00:00","dateModified":"2025-06-18T14:39:21+00:00","description":"IZDELEK NI VE\u010c NA VOLJO ZA NARO\u010cILO. NA VOLJO LE \u0160E REZERVNI DELI IN SERVIS.","breadcrumb":{"@id":"https:\/\/www.mivam.com\/izdelek\/etac-tripp-tilt\/#breadcrumb"},"inLanguage":"en-US","potentialAction":[{"@type":"ReadAction","target":["https:\/\/www.mivam.com\/izdelek\/etac-tripp-tilt\/"]}]},{"@type":"ImageObject","inLanguage":"en-US","@id":"https:\/\/www.mivam.com\/izdelek\/etac-tripp-tilt\/#primaryimage","url":"https:\/\/www.mivam.com\/wp-content\/uploads\/2020\/06\/etac-tripp-tilt_548917-e1592915921255.jpg","contentUrl":"https:\/\/www.mivam.com\/wp-content\/uploads\/2020\/06\/etac-tripp-tilt_548917-e1592915921255.jpg","width":477,"height":743},{"@type":"BreadcrumbList","@id":"https:\/\/www.mivam.com\/izdelek\/etac-tripp-tilt\/#breadcrumb","itemListElement":[{"@type":"ListItem","position":1,"name":"Domov","item":"https:\/\/www.mivam.com\/"},{"@type":"ListItem","position":2,"name":"Shop","item":"https:\/\/www.mivam.com\/en\/shop\/"},{"@type":"ListItem","position":3,"name":"Kopalni\u0161ki pripomo\u010dki","item":"https:\/\/www.mivam.com\/kategorija-izdelka\/kopalniski-pripomocki\/"},{"@type":"ListItem","position":4,"name":"Toaletno-tu\u0161irni pripomo\u010dki","item":"https:\/\/www.mivam.com\/kategorija-izdelka\/kopalniski-pripomocki\/toaletno-tusirni-pripomocki\/"},{"@type":"ListItem","position":5,"name":"Etac Tripp Tilt"}]},{"@type":"WebSite","@id":"https:\/\/www.mivam.com\/#website","url":"https:\/\/www.mivam.com\/","name":"Mi Vam","description":"Medicinski pripomo\u010dki in re\u0161itve za manj odvisno \u017eivljenje.","potentialAction":[{"@type":"SearchAction","target":{"@type":"EntryPoint","urlTemplate":"https:\/\/www.mivam.com\/?s={search_term_string}"},"query-input":{"@type":"PropertyValueSpecification","valueRequired":true,"valueName":"search_term_string"}}],"inLanguage":"en-US"}]}},"_links":{"self":[{"href":"https:\/\/www.mivam.com\/en\/wp-json\/wp\/v2\/product\/1774","targetHints":{"allow":["GET"]}}],"collection":[{"href":"https:\/\/www.mivam.com\/en\/wp-json\/wp\/v2\/product"}],"about":[{"href":"https:\/\/www.mivam.com\/en\/wp-json\/wp\/v2\/types\/product"}],"replies":[{"embeddable":true,"href":"https:\/\/www.mivam.com\/en\/wp-json\/wp\/v2\/comments?post=1774"}],"wp:featuredmedia":[{"embeddable":true,"href":"https:\/\/www.mivam.com\/en\/wp-json\/wp\/v2\/media\/1779"}],"wp:attachment":[{"href":"https:\/\/www.mivam.com\/en\/wp-json\/wp\/v2\/media?parent=1774"}],"wp:term":[{"taxonomy":"product_brand","embeddable":true,"href":"https:\/\/www.mivam.com\/en\/wp-json\/wp\/v2\/product_brand?post=1774"},{"taxonomy":"product_cat","embeddable":true,"href":"https:\/\/www.mivam.com\/en\/wp-json\/wp\/v2\/product_cat?post=1774"},{"taxonomy":"product_tag","embeddable":true,"href":"https:\/\/www.mivam.com\/en\/wp-json\/wp\/v2\/product_tag?post=1774"}],"curies":[{"name":"wp","href":"https:\/\/api.w.org\/{rel}","templated":true}]}}