{"id":1700,"date":"2020-05-26T09:20:22","date_gmt":"2020-05-26T07:20:22","guid":{"rendered":"https:\/\/www.mivam.com\/?post_type=product&#038;p=1700"},"modified":"2025-06-18T16:59:42","modified_gmt":"2025-06-18T14:59:42","slug":"pocivalnik-etac-prio","status":"publish","type":"product","link":"https:\/\/www.mivam.com\/en\/izdelek\/pocivalnik-etac-prio\/","title":{"rendered":"Po\u010divalnik Etac Prio"},"content":{"rendered":"<table style=\"width: 815px;height: 189px\">\n<tbody>\n<tr style=\"height: 104px\">\n<td style=\"width: 51px;height: 104px\"><strong>Model<\/strong><\/td>\n<td style=\"width: 68px;height: 104px\"><strong>Sede\u017ena \u0161irina<\/strong><\/td>\n<td style=\"width: 119.817px;height: 104px\"><strong>Sede\u017ena dol\u017eina<\/strong><\/td>\n<td style=\"width: 61.1834px;height: 104px\"><strong>Skupna \u0161irina<\/strong><\/td>\n<td style=\"width: 144px;height: 104px\"><strong>Skupna \u0161irina s podalj\u0161animi zavorami <\/strong><\/td>\n<td style=\"width: 101px;height: 104px\"><strong>Potovalna \u0161irina<\/strong><\/td>\n<td style=\"width: 100px;height: 104px\"><strong>Te\u017ea<\/strong><\/td>\n<td style=\"width: 108px;height: 104px\"><strong>Transportna<\/strong><\/p>\n<p><strong>te\u017ea<\/strong><\/td>\n<\/tr>\n<tr style=\"height: 24px\">\n<td style=\"width: 51px;height: 24px;text-align: center\">40 cm<\/td>\n<td style=\"width: 68px;height: 24px;text-align: center\">40 cm<\/td>\n<td style=\"width: 119.817px;height: 24px;text-align: center\">39-51 cm<\/td>\n<td style=\"width: 61.1834px;height: 24px;text-align: center\">59 cm<\/td>\n<td style=\"width: 144px;height: 24px;text-align: center\">64 cm<\/td>\n<td style=\"width: 101px;height: 24px;text-align: center\">56 cm<\/td>\n<td style=\"width: 100px;height: 24px;text-align: center\">33,5 kg<\/td>\n<td style=\"width: 108px;height: 24px;text-align: center\">22,9 kg<\/td>\n<\/tr>\n<tr style=\"height: 24px\">\n<td style=\"width: 51px;height: 24px;text-align: center\">45 cm<\/td>\n<td style=\"width: 68px;height: 24px;text-align: center\">45 cm<\/td>\n<td style=\"width: 119.817px;height: 24px;text-align: center\">39-51 cm<\/td>\n<td style=\"width: 61.1834px;height: 24px;text-align: center\">64 cm<\/td>\n<td style=\"width: 144px;height: 24px;text-align: center\">69 cm<\/td>\n<td style=\"width: 101px;height: 24px;text-align: center\">61 cm<\/td>\n<td style=\"width: 100px;height: 24px;text-align: center\">33,8 kg<\/td>\n<td style=\"width: 108px;height: 24px;text-align: center\">23,2 kg<\/td>\n<\/tr>\n<tr style=\"height: 24px\">\n<td style=\"width: 51px;height: 24px;text-align: center\">50 cm<\/td>\n<td style=\"width: 68px;height: 24px;text-align: center\">50 cm<\/td>\n<td style=\"width: 119.817px;height: 24px;text-align: center\">39-51 cm<\/td>\n<td style=\"width: 61.1834px;height: 24px;text-align: center\">69 cm<\/td>\n<td style=\"width: 144px;height: 24px;text-align: center\">74 cm<\/td>\n<td style=\"width: 101px;height: 24px;text-align: center\">66 cm<\/td>\n<td style=\"width: 100px;height: 24px;text-align: center\">34,1 kg<\/td>\n<td style=\"width: 108px;height: 24px;text-align: center\">23,5 kg<\/td>\n<\/tr>\n<tr style=\"height: 64.2px\">\n<td style=\"width: 51px;height: 64.2px;text-align: center\">55 cm<\/td>\n<td style=\"width: 68px;height: 64.2px;text-align: center\">55 cm<\/td>\n<td style=\"width: 119.817px;height: 64.2px;text-align: center\">39-51 cm<\/td>\n<td style=\"width: 61.1834px;height: 64.2px;text-align: center\">74 cm<\/td>\n<td style=\"width: 144px;height: 64.2px;text-align: center\">79 cm<\/td>\n<td style=\"width: 101px;height: 64.2px;text-align: center\">71 cm<\/td>\n<td style=\"width: 100px;height: 64.2px;text-align: center\">34,4 kg<\/td>\n<td style=\"width: 108px;height: 64.2px;text-align: center\">23,8 kg<\/td>\n<\/tr>\n<\/tbody>\n<\/table>\n<p><span class=\"tlid-translation translation\" lang=\"sl\"><span class=\"\" title=\"\">Etac Prio je edini ve\u010dnamenski invalidski vozi\u010dek, ki nudi dinami\u010dno podporo medenice.<\/span> <span class=\"\" title=\"\">Podpora, ki se med po\u010ditkom izklopi in ponovno aktivira v aktivnem polo\u017eaju.<\/span> <span class=\"\" title=\"\">To je le en primer Prioovih inovativnih funkcij, ki dejansko izbolj\u0161ajo toleranco sedenja skozi \u010das.<\/span> <span title=\"\">S podpori in oblikovanjem lahko izbolj\u0161ate sposobnost uporabnikov, da so aktivni in mobilni.<\/span> <span title=\"\">S svojim znanjem ustvarite pravo obliko in podporo &#8211; z uporabnikom, ki je name\u0161\u010den v invalidskem vozi\u010dku.<\/span> <\/span><\/p>\n<p><strong>Vi\u0161ina hrbta<\/strong>: 55-70 cm<\/p>\n<p><strong>Kot sede\u017ea<\/strong>: -3\u00b0 do +20\u00b0<\/p>\n<p><strong>Kot hrbta<\/strong>: 0\u00b0 do +30\u00b0<\/p>\n<p><strong>Pozicija koles<\/strong>: Etac Prio z 20, 22 ali 24 pogonskimi kolesi ima tri pozicije z nastavitvijo vi\u0161ine<\/p>\n<p><strong>Najve\u010dja dovoljena te\u017ea uporabnika:<\/strong> 135 kg<\/p>\n<p><span class=\"tlid-translation translation\" lang=\"sl\"><span class=\"\" title=\"\"><strong>Skupna te\u017ea<\/strong>: Merjena z nasloni za roke, podno\u017eniki, me\u010dnimi oporami, pogonskimi kolesi in varovali proti prekucu.<\/span><\/span><\/p>\n<p><strong>Sede\u017ena vi\u0161ina<\/strong>: 20, 22, in 24 pogonskimi kolesi: 38-52,5 cm<\/p>\n<p><strong>16 pogonska kolesa<\/strong>: 40-45 cm<\/p>\n<p><strong>Transportna te\u017ea<\/strong>: Te\u017ea brez naslonov za roke, podno\u017eniki, me\u010dnimi oporami in pogonskimi kolesi<\/p>\n","protected":false},"excerpt":{"rendered":"<p>Po\u010divalnik ETAC PRIO, z mnogo nastavitvami znotraj standarda. Mo\u017enost v pasivni, aktivni obliki. Mehanski ali elektri\u010dni naklon hrbtnega naslona in sede\u017ea.<\/p>\n","protected":false},"featured_media":2301,"comment_status":"closed","ping_status":"closed","template":"","meta":[],"product_brand":[],"product_cat":[222,37],"product_tag":[279,100,276,275,741,280,215],"class_list":{"0":"post-1700","1":"product","2":"type-product","3":"status-publish","4":"has-post-thumbnail","6":"product_cat-invalidski-vozicki-in-skuterji","7":"product_cat-pocivalniki-za-invalide","8":"product_tag-279","9":"product_tag-etac","10":"product_tag-pocivalnik","11":"product_tag-prio","12":"product_tag-serijski","13":"product_tag-serijski-pocivalnik","14":"product_tag-zzzs","16":"first","17":"onbackorder","18":"taxable","19":"shipping-taxable","20":"product-type-simple"},"yoast_head":"<!-- This site is optimized with the Yoast SEO plugin v24.0 - https:\/\/yoast.com\/wordpress\/plugins\/seo\/ -->\n<title>Po\u010divalnik Etac Prio - Mi Vam<\/title>\n<meta name=\"description\" content=\"Po\u010divalnik ETAC PRIO, z mnogo nastavitvami znotraj standarda. Mo\u017enost v pasivni, aktivni obliki. Mehanski ali elektri\u010dni naklon hrbtnega naslona in sede\u017ea.\" \/>\n<meta name=\"robots\" content=\"index, follow, max-snippet:-1, max-image-preview:large, max-video-preview:-1\" \/>\n<link rel=\"canonical\" href=\"https:\/\/www.mivam.com\/izdelek\/pocivalnik-etac-prio\/\" \/>\n<meta property=\"og:locale\" content=\"en_US\" \/>\n<meta property=\"og:type\" content=\"article\" \/>\n<meta property=\"og:title\" content=\"Po\u010divalnik Etac Prio - Mi Vam\" \/>\n<meta property=\"og:description\" content=\"Po\u010divalnik ETAC PRIO, z mnogo nastavitvami znotraj standarda. Mo\u017enost v pasivni, aktivni obliki. Mehanski ali elektri\u010dni naklon hrbtnega naslona in sede\u017ea.\" \/>\n<meta property=\"og:url\" content=\"https:\/\/www.mivam.com\/izdelek\/pocivalnik-etac-prio\/\" \/>\n<meta property=\"og:site_name\" content=\"Mi Vam\" \/>\n<meta property=\"article:modified_time\" content=\"2025-06-18T14:59:42+00:00\" \/>\n<meta property=\"og:image\" content=\"https:\/\/www.mivam.com\/wp-content\/uploads\/2020\/05\/prio-1.png\" \/>\n\t<meta property=\"og:image:width\" content=\"597\" \/>\n\t<meta property=\"og:image:height\" content=\"597\" \/>\n\t<meta property=\"og:image:type\" content=\"image\/png\" \/>\n<meta name=\"twitter:card\" content=\"summary_large_image\" \/>\n<meta name=\"twitter:label1\" content=\"Est. reading time\" \/>\n\t<meta name=\"twitter:data1\" content=\"2 minutes\" \/>\n<script type=\"application\/ld+json\" class=\"yoast-schema-graph\">{\"@context\":\"https:\/\/schema.org\",\"@graph\":[{\"@type\":\"WebPage\",\"@id\":\"https:\/\/www.mivam.com\/izdelek\/pocivalnik-etac-prio\/\",\"url\":\"https:\/\/www.mivam.com\/izdelek\/pocivalnik-etac-prio\/\",\"name\":\"Po\u010divalnik Etac Prio - Mi Vam\",\"isPartOf\":{\"@id\":\"https:\/\/www.mivam.com\/#website\"},\"primaryImageOfPage\":{\"@id\":\"https:\/\/www.mivam.com\/izdelek\/pocivalnik-etac-prio\/#primaryimage\"},\"image\":{\"@id\":\"https:\/\/www.mivam.com\/izdelek\/pocivalnik-etac-prio\/#primaryimage\"},\"thumbnailUrl\":\"https:\/\/www.mivam.com\/wp-content\/uploads\/2020\/05\/prio-1.png\",\"datePublished\":\"2020-05-26T07:20:22+00:00\",\"dateModified\":\"2025-06-18T14:59:42+00:00\",\"description\":\"Po\u010divalnik ETAC PRIO, z mnogo nastavitvami znotraj standarda. Mo\u017enost v pasivni, aktivni obliki. Mehanski ali elektri\u010dni naklon hrbtnega naslona in sede\u017ea.\",\"breadcrumb\":{\"@id\":\"https:\/\/www.mivam.com\/izdelek\/pocivalnik-etac-prio\/#breadcrumb\"},\"inLanguage\":\"en-US\",\"potentialAction\":[{\"@type\":\"ReadAction\",\"target\":[\"https:\/\/www.mivam.com\/izdelek\/pocivalnik-etac-prio\/\"]}]},{\"@type\":\"ImageObject\",\"inLanguage\":\"en-US\",\"@id\":\"https:\/\/www.mivam.com\/izdelek\/pocivalnik-etac-prio\/#primaryimage\",\"url\":\"https:\/\/www.mivam.com\/wp-content\/uploads\/2020\/05\/prio-1.png\",\"contentUrl\":\"https:\/\/www.mivam.com\/wp-content\/uploads\/2020\/05\/prio-1.png\",\"width\":597,\"height\":597},{\"@type\":\"BreadcrumbList\",\"@id\":\"https:\/\/www.mivam.com\/izdelek\/pocivalnik-etac-prio\/#breadcrumb\",\"itemListElement\":[{\"@type\":\"ListItem\",\"position\":1,\"name\":\"Domov\",\"item\":\"https:\/\/www.mivam.com\/\"},{\"@type\":\"ListItem\",\"position\":2,\"name\":\"Shop\",\"item\":\"https:\/\/www.mivam.com\/en\/shop\/\"},{\"@type\":\"ListItem\",\"position\":3,\"name\":\"Invalidski vozi\u010dki in skuterji\",\"item\":\"https:\/\/www.mivam.com\/kategorija-izdelka\/invalidski-vozicki-in-skuterji\/\"},{\"@type\":\"ListItem\",\"position\":4,\"name\":\"Po\u010divalniki\",\"item\":\"https:\/\/www.mivam.com\/kategorija-izdelka\/invalidski-vozicki-in-skuterji\/pocivalniki-za-invalide\/\"},{\"@type\":\"ListItem\",\"position\":5,\"name\":\"Po\u010divalnik Etac Prio\"}]},{\"@type\":\"WebSite\",\"@id\":\"https:\/\/www.mivam.com\/#website\",\"url\":\"https:\/\/www.mivam.com\/\",\"name\":\"Mi Vam\",\"description\":\"Medicinski pripomo\u010dki in re\u0161itve za manj odvisno \u017eivljenje.\",\"potentialAction\":[{\"@type\":\"SearchAction\",\"target\":{\"@type\":\"EntryPoint\",\"urlTemplate\":\"https:\/\/www.mivam.com\/?s={search_term_string}\"},\"query-input\":{\"@type\":\"PropertyValueSpecification\",\"valueRequired\":true,\"valueName\":\"search_term_string\"}}],\"inLanguage\":\"en-US\"}]}<\/script>\n<!-- \/ Yoast SEO plugin. -->","yoast_head_json":{"title":"Po\u010divalnik Etac Prio - Mi Vam","description":"Po\u010divalnik ETAC PRIO, z mnogo nastavitvami znotraj standarda. Mo\u017enost v pasivni, aktivni obliki. Mehanski ali elektri\u010dni naklon hrbtnega naslona in sede\u017ea.","robots":{"index":"index","follow":"follow","max-snippet":"max-snippet:-1","max-image-preview":"max-image-preview:large","max-video-preview":"max-video-preview:-1"},"canonical":"https:\/\/www.mivam.com\/izdelek\/pocivalnik-etac-prio\/","og_locale":"en_US","og_type":"article","og_title":"Po\u010divalnik Etac Prio - Mi Vam","og_description":"Po\u010divalnik ETAC PRIO, z mnogo nastavitvami znotraj standarda. Mo\u017enost v pasivni, aktivni obliki. Mehanski ali elektri\u010dni naklon hrbtnega naslona in sede\u017ea.","og_url":"https:\/\/www.mivam.com\/izdelek\/pocivalnik-etac-prio\/","og_site_name":"Mi Vam","article_modified_time":"2025-06-18T14:59:42+00:00","og_image":[{"width":597,"height":597,"url":"https:\/\/www.mivam.com\/wp-content\/uploads\/2020\/05\/prio-1.png","type":"image\/png"}],"twitter_card":"summary_large_image","twitter_misc":{"Est. reading time":"2 minutes"},"schema":{"@context":"https:\/\/schema.org","@graph":[{"@type":"WebPage","@id":"https:\/\/www.mivam.com\/izdelek\/pocivalnik-etac-prio\/","url":"https:\/\/www.mivam.com\/izdelek\/pocivalnik-etac-prio\/","name":"Po\u010divalnik Etac Prio - Mi Vam","isPartOf":{"@id":"https:\/\/www.mivam.com\/#website"},"primaryImageOfPage":{"@id":"https:\/\/www.mivam.com\/izdelek\/pocivalnik-etac-prio\/#primaryimage"},"image":{"@id":"https:\/\/www.mivam.com\/izdelek\/pocivalnik-etac-prio\/#primaryimage"},"thumbnailUrl":"https:\/\/www.mivam.com\/wp-content\/uploads\/2020\/05\/prio-1.png","datePublished":"2020-05-26T07:20:22+00:00","dateModified":"2025-06-18T14:59:42+00:00","description":"Po\u010divalnik ETAC PRIO, z mnogo nastavitvami znotraj standarda. Mo\u017enost v pasivni, aktivni obliki. Mehanski ali elektri\u010dni naklon hrbtnega naslona in sede\u017ea.","breadcrumb":{"@id":"https:\/\/www.mivam.com\/izdelek\/pocivalnik-etac-prio\/#breadcrumb"},"inLanguage":"en-US","potentialAction":[{"@type":"ReadAction","target":["https:\/\/www.mivam.com\/izdelek\/pocivalnik-etac-prio\/"]}]},{"@type":"ImageObject","inLanguage":"en-US","@id":"https:\/\/www.mivam.com\/izdelek\/pocivalnik-etac-prio\/#primaryimage","url":"https:\/\/www.mivam.com\/wp-content\/uploads\/2020\/05\/prio-1.png","contentUrl":"https:\/\/www.mivam.com\/wp-content\/uploads\/2020\/05\/prio-1.png","width":597,"height":597},{"@type":"BreadcrumbList","@id":"https:\/\/www.mivam.com\/izdelek\/pocivalnik-etac-prio\/#breadcrumb","itemListElement":[{"@type":"ListItem","position":1,"name":"Domov","item":"https:\/\/www.mivam.com\/"},{"@type":"ListItem","position":2,"name":"Shop","item":"https:\/\/www.mivam.com\/en\/shop\/"},{"@type":"ListItem","position":3,"name":"Invalidski vozi\u010dki in skuterji","item":"https:\/\/www.mivam.com\/kategorija-izdelka\/invalidski-vozicki-in-skuterji\/"},{"@type":"ListItem","position":4,"name":"Po\u010divalniki","item":"https:\/\/www.mivam.com\/kategorija-izdelka\/invalidski-vozicki-in-skuterji\/pocivalniki-za-invalide\/"},{"@type":"ListItem","position":5,"name":"Po\u010divalnik Etac Prio"}]},{"@type":"WebSite","@id":"https:\/\/www.mivam.com\/#website","url":"https:\/\/www.mivam.com\/","name":"Mi Vam","description":"Medicinski pripomo\u010dki in re\u0161itve za manj odvisno \u017eivljenje.","potentialAction":[{"@type":"SearchAction","target":{"@type":"EntryPoint","urlTemplate":"https:\/\/www.mivam.com\/?s={search_term_string}"},"query-input":{"@type":"PropertyValueSpecification","valueRequired":true,"valueName":"search_term_string"}}],"inLanguage":"en-US"}]}},"_links":{"self":[{"href":"https:\/\/www.mivam.com\/en\/wp-json\/wp\/v2\/product\/1700","targetHints":{"allow":["GET"]}}],"collection":[{"href":"https:\/\/www.mivam.com\/en\/wp-json\/wp\/v2\/product"}],"about":[{"href":"https:\/\/www.mivam.com\/en\/wp-json\/wp\/v2\/types\/product"}],"replies":[{"embeddable":true,"href":"https:\/\/www.mivam.com\/en\/wp-json\/wp\/v2\/comments?post=1700"}],"wp:featuredmedia":[{"embeddable":true,"href":"https:\/\/www.mivam.com\/en\/wp-json\/wp\/v2\/media\/2301"}],"wp:attachment":[{"href":"https:\/\/www.mivam.com\/en\/wp-json\/wp\/v2\/media?parent=1700"}],"wp:term":[{"taxonomy":"product_brand","embeddable":true,"href":"https:\/\/www.mivam.com\/en\/wp-json\/wp\/v2\/product_brand?post=1700"},{"taxonomy":"product_cat","embeddable":true,"href":"https:\/\/www.mivam.com\/en\/wp-json\/wp\/v2\/product_cat?post=1700"},{"taxonomy":"product_tag","embeddable":true,"href":"https:\/\/www.mivam.com\/en\/wp-json\/wp\/v2\/product_tag?post=1700"}],"curies":[{"name":"wp","href":"https:\/\/api.w.org\/{rel}","templated":true}]}}