{"id":1604,"date":"2019-05-27T15:48:12","date_gmt":"2019-05-27T13:48:12","guid":{"rendered":"https:\/\/www.mivam.com\/?post_type=product&#038;p=1604"},"modified":"2025-06-18T17:01:42","modified_gmt":"2025-06-18T15:01:42","slug":"dinamometer-jamar-hidravlicni","status":"publish","type":"product","link":"https:\/\/www.mivam.com\/en\/izdelek\/dinamometer-jamar-hidravlicni\/","title":{"rendered":"Dinamometer Jamar &#8211; hidravli\u010dni"},"content":{"rendered":"<p>&nbsp;<\/p>\n<ul>\n<li>ponuja obilo mo\u017enosti za rutinsko pregledovanje, prav tako pa za ocenjevanje po\u0161kodbe ali bolezni rok<\/li>\n<li>branje rezultata na dvojni merilni skali, kazalec, ki se ustavi na vrednosti najve\u010djega stiska in nastavljiv ro\u010daj<\/li>\n<li>Prilo\u017eena navodila za uporabo<\/li>\n<li>Garancija velja 1 leto<\/li>\n<li>Certifikat o kalibraciji<\/li>\n<\/ul>\n<p>&nbsp;<\/p>\n","protected":false},"excerpt":{"rendered":"<p>Ta dinamometer je idealen za preverjanje mo\u010di oprijema in funkcionalnosti rok. Pri delu s pacienti so natan\u010dni in to\u010dni merilni in\u0161trumenti pomembni, zato pride Jamar dinamometer \u017ee kalibriran in pripravljen na takoj\u0161njo klini\u010dno uporabo.<\/p>\n<p>Prav tako lahko ta dinamometer uporabljate za izometri\u010dno merjenje sile in kon\u010dne mo\u010di rok, saj ima pet nastavljivih pozicij prijema. Na ta na\u010din lahko spremljate mo\u010d in zdravljenje skozi dalj\u0161i \u010das.<\/p>\n<p>\u0161ifra izdelka:\u00a009 101 1725<\/p>\n","protected":false},"featured_media":1605,"comment_status":"closed","ping_status":"closed","template":"","meta":[],"product_brand":[],"product_cat":[225,61],"product_tag":[742,743,744,103,747,570,745,746],"class_list":{"0":"post-1604","1":"product","2":"type-product","3":"status-publish","4":"has-post-thumbnail","6":"product_cat-rehabilitacija","7":"product_cat-pripomocki-za-testiranje","8":"product_tag-dinamometer","9":"product_tag-hidravlicni","10":"product_tag-hidravlicni-dinamometer","11":"product_tag-jamar","12":"product_tag-performance","13":"product_tag-performance-health","14":"product_tag-rocni","15":"product_tag-rocni-dinamometer","17":"first","18":"instock","19":"taxable","20":"shipping-taxable","21":"product-type-simple"},"yoast_head":"<!-- This site is optimized with the Yoast SEO plugin v24.0 - https:\/\/yoast.com\/wordpress\/plugins\/seo\/ -->\n<title>Dinamometer Jamar - hidravli\u010dni - Mi Vam<\/title>\n<meta name=\"description\" content=\"Ta dinamometer je idealen za preverjanje mo\u010di oprijema in funkcionalnosti rok. Pri delu s pacienti so natan\u010dni in to\u010dni merilni in\u0161trumenti pomembni, zato pride Jamar dinamometer \u017ee kalibriran in pripravljen na takoj\u0161njo klini\u010dno uporabo.  Prav tako lahko ta dinamometer uporabljate za izometri\u010dno merjenje sile in kon\u010dne mo\u010di rok, saj ima pet nastavljivih pozicij prijema. Na ta na\u010din lahko spremljate mo\u010d in zdravljenje skozi dalj\u0161i \u010das.  \u0161ifra izdelka:\u00a009 101 1725\" \/>\n<meta name=\"robots\" content=\"index, follow, max-snippet:-1, max-image-preview:large, max-video-preview:-1\" \/>\n<link rel=\"canonical\" href=\"https:\/\/www.mivam.com\/izdelek\/dinamometer-jamar-hidravlicni\/\" \/>\n<meta property=\"og:locale\" content=\"en_US\" \/>\n<meta property=\"og:type\" content=\"article\" \/>\n<meta property=\"og:title\" content=\"Dinamometer Jamar - hidravli\u010dni - Mi Vam\" \/>\n<meta property=\"og:description\" content=\"Ta dinamometer je idealen za preverjanje mo\u010di oprijema in funkcionalnosti rok. Pri delu s pacienti so natan\u010dni in to\u010dni merilni in\u0161trumenti pomembni, zato pride Jamar dinamometer \u017ee kalibriran in pripravljen na takoj\u0161njo klini\u010dno uporabo.  Prav tako lahko ta dinamometer uporabljate za izometri\u010dno merjenje sile in kon\u010dne mo\u010di rok, saj ima pet nastavljivih pozicij prijema. Na ta na\u010din lahko spremljate mo\u010d in zdravljenje skozi dalj\u0161i \u010das.  \u0161ifra izdelka:\u00a009 101 1725\" \/>\n<meta property=\"og:url\" content=\"https:\/\/www.mivam.com\/izdelek\/dinamometer-jamar-hidravlicni\/\" \/>\n<meta property=\"og:site_name\" content=\"Mi Vam\" \/>\n<meta property=\"article:modified_time\" content=\"2025-06-18T15:01:42+00:00\" \/>\n<meta property=\"og:image\" content=\"https:\/\/www.mivam.com\/wp-content\/uploads\/2019\/05\/5030j1-jamar-hydraulic-hand-dynamometer-0-1.jpg\" \/>\n\t<meta property=\"og:image:width\" content=\"2000\" \/>\n\t<meta property=\"og:image:height\" content=\"2000\" \/>\n\t<meta property=\"og:image:type\" content=\"image\/jpeg\" \/>\n<meta name=\"twitter:card\" content=\"summary_large_image\" \/>\n<meta name=\"twitter:label1\" content=\"Est. reading time\" \/>\n\t<meta name=\"twitter:data1\" content=\"1 minute\" \/>\n<script type=\"application\/ld+json\" class=\"yoast-schema-graph\">{\"@context\":\"https:\/\/schema.org\",\"@graph\":[{\"@type\":\"WebPage\",\"@id\":\"https:\/\/www.mivam.com\/izdelek\/dinamometer-jamar-hidravlicni\/\",\"url\":\"https:\/\/www.mivam.com\/izdelek\/dinamometer-jamar-hidravlicni\/\",\"name\":\"Dinamometer Jamar - hidravli\u010dni - Mi Vam\",\"isPartOf\":{\"@id\":\"https:\/\/www.mivam.com\/#website\"},\"primaryImageOfPage\":{\"@id\":\"https:\/\/www.mivam.com\/izdelek\/dinamometer-jamar-hidravlicni\/#primaryimage\"},\"image\":{\"@id\":\"https:\/\/www.mivam.com\/izdelek\/dinamometer-jamar-hidravlicni\/#primaryimage\"},\"thumbnailUrl\":\"https:\/\/www.mivam.com\/wp-content\/uploads\/2019\/05\/5030j1-jamar-hydraulic-hand-dynamometer-0-1.jpg\",\"datePublished\":\"2019-05-27T13:48:12+00:00\",\"dateModified\":\"2025-06-18T15:01:42+00:00\",\"description\":\"Ta dinamometer je idealen za preverjanje mo\u010di oprijema in funkcionalnosti rok. Pri delu s pacienti so natan\u010dni in to\u010dni merilni in\u0161trumenti pomembni, zato pride Jamar dinamometer \u017ee kalibriran in pripravljen na takoj\u0161njo klini\u010dno uporabo. Prav tako lahko ta dinamometer uporabljate za izometri\u010dno merjenje sile in kon\u010dne mo\u010di rok, saj ima pet nastavljivih pozicij prijema. Na ta na\u010din lahko spremljate mo\u010d in zdravljenje skozi dalj\u0161i \u010das. \u0161ifra izdelka:\u00a009 101 1725\",\"breadcrumb\":{\"@id\":\"https:\/\/www.mivam.com\/izdelek\/dinamometer-jamar-hidravlicni\/#breadcrumb\"},\"inLanguage\":\"en-US\",\"potentialAction\":[{\"@type\":\"ReadAction\",\"target\":[\"https:\/\/www.mivam.com\/izdelek\/dinamometer-jamar-hidravlicni\/\"]}]},{\"@type\":\"ImageObject\",\"inLanguage\":\"en-US\",\"@id\":\"https:\/\/www.mivam.com\/izdelek\/dinamometer-jamar-hidravlicni\/#primaryimage\",\"url\":\"https:\/\/www.mivam.com\/wp-content\/uploads\/2019\/05\/5030j1-jamar-hydraulic-hand-dynamometer-0-1.jpg\",\"contentUrl\":\"https:\/\/www.mivam.com\/wp-content\/uploads\/2019\/05\/5030j1-jamar-hydraulic-hand-dynamometer-0-1.jpg\",\"width\":2000,\"height\":2000},{\"@type\":\"BreadcrumbList\",\"@id\":\"https:\/\/www.mivam.com\/izdelek\/dinamometer-jamar-hidravlicni\/#breadcrumb\",\"itemListElement\":[{\"@type\":\"ListItem\",\"position\":1,\"name\":\"Domov\",\"item\":\"https:\/\/www.mivam.com\/\"},{\"@type\":\"ListItem\",\"position\":2,\"name\":\"Shop\",\"item\":\"https:\/\/www.mivam.com\/en\/shop\/\"},{\"@type\":\"ListItem\",\"position\":3,\"name\":\"Rehabilitacija\",\"item\":\"https:\/\/www.mivam.com\/kategorija-izdelka\/rehabilitacija\/\"},{\"@type\":\"ListItem\",\"position\":4,\"name\":\"Pripomo\u010dki za testiranje\",\"item\":\"https:\/\/www.mivam.com\/kategorija-izdelka\/rehabilitacija\/pripomocki-za-testiranje\/\"},{\"@type\":\"ListItem\",\"position\":5,\"name\":\"Dinamometer Jamar &#8211; hidravli\u010dni\"}]},{\"@type\":\"WebSite\",\"@id\":\"https:\/\/www.mivam.com\/#website\",\"url\":\"https:\/\/www.mivam.com\/\",\"name\":\"Mi Vam\",\"description\":\"Medicinski pripomo\u010dki in re\u0161itve za manj odvisno \u017eivljenje.\",\"potentialAction\":[{\"@type\":\"SearchAction\",\"target\":{\"@type\":\"EntryPoint\",\"urlTemplate\":\"https:\/\/www.mivam.com\/?s={search_term_string}\"},\"query-input\":{\"@type\":\"PropertyValueSpecification\",\"valueRequired\":true,\"valueName\":\"search_term_string\"}}],\"inLanguage\":\"en-US\"}]}<\/script>\n<!-- \/ Yoast SEO plugin. -->","yoast_head_json":{"title":"Dinamometer Jamar - hidravli\u010dni - Mi Vam","description":"Ta dinamometer je idealen za preverjanje mo\u010di oprijema in funkcionalnosti rok. Pri delu s pacienti so natan\u010dni in to\u010dni merilni in\u0161trumenti pomembni, zato pride Jamar dinamometer \u017ee kalibriran in pripravljen na takoj\u0161njo klini\u010dno uporabo.  Prav tako lahko ta dinamometer uporabljate za izometri\u010dno merjenje sile in kon\u010dne mo\u010di rok, saj ima pet nastavljivih pozicij prijema. Na ta na\u010din lahko spremljate mo\u010d in zdravljenje skozi dalj\u0161i \u010das.  \u0161ifra izdelka:\u00a009 101 1725","robots":{"index":"index","follow":"follow","max-snippet":"max-snippet:-1","max-image-preview":"max-image-preview:large","max-video-preview":"max-video-preview:-1"},"canonical":"https:\/\/www.mivam.com\/izdelek\/dinamometer-jamar-hidravlicni\/","og_locale":"en_US","og_type":"article","og_title":"Dinamometer Jamar - hidravli\u010dni - Mi Vam","og_description":"Ta dinamometer je idealen za preverjanje mo\u010di oprijema in funkcionalnosti rok. Pri delu s pacienti so natan\u010dni in to\u010dni merilni in\u0161trumenti pomembni, zato pride Jamar dinamometer \u017ee kalibriran in pripravljen na takoj\u0161njo klini\u010dno uporabo.  Prav tako lahko ta dinamometer uporabljate za izometri\u010dno merjenje sile in kon\u010dne mo\u010di rok, saj ima pet nastavljivih pozicij prijema. Na ta na\u010din lahko spremljate mo\u010d in zdravljenje skozi dalj\u0161i \u010das.  \u0161ifra izdelka:\u00a009 101 1725","og_url":"https:\/\/www.mivam.com\/izdelek\/dinamometer-jamar-hidravlicni\/","og_site_name":"Mi Vam","article_modified_time":"2025-06-18T15:01:42+00:00","og_image":[{"width":2000,"height":2000,"url":"https:\/\/www.mivam.com\/wp-content\/uploads\/2019\/05\/5030j1-jamar-hydraulic-hand-dynamometer-0-1.jpg","type":"image\/jpeg"}],"twitter_card":"summary_large_image","twitter_misc":{"Est. reading time":"1 minute"},"schema":{"@context":"https:\/\/schema.org","@graph":[{"@type":"WebPage","@id":"https:\/\/www.mivam.com\/izdelek\/dinamometer-jamar-hidravlicni\/","url":"https:\/\/www.mivam.com\/izdelek\/dinamometer-jamar-hidravlicni\/","name":"Dinamometer Jamar - hidravli\u010dni - Mi Vam","isPartOf":{"@id":"https:\/\/www.mivam.com\/#website"},"primaryImageOfPage":{"@id":"https:\/\/www.mivam.com\/izdelek\/dinamometer-jamar-hidravlicni\/#primaryimage"},"image":{"@id":"https:\/\/www.mivam.com\/izdelek\/dinamometer-jamar-hidravlicni\/#primaryimage"},"thumbnailUrl":"https:\/\/www.mivam.com\/wp-content\/uploads\/2019\/05\/5030j1-jamar-hydraulic-hand-dynamometer-0-1.jpg","datePublished":"2019-05-27T13:48:12+00:00","dateModified":"2025-06-18T15:01:42+00:00","description":"Ta dinamometer je idealen za preverjanje mo\u010di oprijema in funkcionalnosti rok. Pri delu s pacienti so natan\u010dni in to\u010dni merilni in\u0161trumenti pomembni, zato pride Jamar dinamometer \u017ee kalibriran in pripravljen na takoj\u0161njo klini\u010dno uporabo. Prav tako lahko ta dinamometer uporabljate za izometri\u010dno merjenje sile in kon\u010dne mo\u010di rok, saj ima pet nastavljivih pozicij prijema. Na ta na\u010din lahko spremljate mo\u010d in zdravljenje skozi dalj\u0161i \u010das. \u0161ifra izdelka:\u00a009 101 1725","breadcrumb":{"@id":"https:\/\/www.mivam.com\/izdelek\/dinamometer-jamar-hidravlicni\/#breadcrumb"},"inLanguage":"en-US","potentialAction":[{"@type":"ReadAction","target":["https:\/\/www.mivam.com\/izdelek\/dinamometer-jamar-hidravlicni\/"]}]},{"@type":"ImageObject","inLanguage":"en-US","@id":"https:\/\/www.mivam.com\/izdelek\/dinamometer-jamar-hidravlicni\/#primaryimage","url":"https:\/\/www.mivam.com\/wp-content\/uploads\/2019\/05\/5030j1-jamar-hydraulic-hand-dynamometer-0-1.jpg","contentUrl":"https:\/\/www.mivam.com\/wp-content\/uploads\/2019\/05\/5030j1-jamar-hydraulic-hand-dynamometer-0-1.jpg","width":2000,"height":2000},{"@type":"BreadcrumbList","@id":"https:\/\/www.mivam.com\/izdelek\/dinamometer-jamar-hidravlicni\/#breadcrumb","itemListElement":[{"@type":"ListItem","position":1,"name":"Domov","item":"https:\/\/www.mivam.com\/"},{"@type":"ListItem","position":2,"name":"Shop","item":"https:\/\/www.mivam.com\/en\/shop\/"},{"@type":"ListItem","position":3,"name":"Rehabilitacija","item":"https:\/\/www.mivam.com\/kategorija-izdelka\/rehabilitacija\/"},{"@type":"ListItem","position":4,"name":"Pripomo\u010dki za testiranje","item":"https:\/\/www.mivam.com\/kategorija-izdelka\/rehabilitacija\/pripomocki-za-testiranje\/"},{"@type":"ListItem","position":5,"name":"Dinamometer Jamar &#8211; hidravli\u010dni"}]},{"@type":"WebSite","@id":"https:\/\/www.mivam.com\/#website","url":"https:\/\/www.mivam.com\/","name":"Mi Vam","description":"Medicinski pripomo\u010dki in re\u0161itve za manj odvisno \u017eivljenje.","potentialAction":[{"@type":"SearchAction","target":{"@type":"EntryPoint","urlTemplate":"https:\/\/www.mivam.com\/?s={search_term_string}"},"query-input":{"@type":"PropertyValueSpecification","valueRequired":true,"valueName":"search_term_string"}}],"inLanguage":"en-US"}]}},"_links":{"self":[{"href":"https:\/\/www.mivam.com\/en\/wp-json\/wp\/v2\/product\/1604","targetHints":{"allow":["GET"]}}],"collection":[{"href":"https:\/\/www.mivam.com\/en\/wp-json\/wp\/v2\/product"}],"about":[{"href":"https:\/\/www.mivam.com\/en\/wp-json\/wp\/v2\/types\/product"}],"replies":[{"embeddable":true,"href":"https:\/\/www.mivam.com\/en\/wp-json\/wp\/v2\/comments?post=1604"}],"wp:featuredmedia":[{"embeddable":true,"href":"https:\/\/www.mivam.com\/en\/wp-json\/wp\/v2\/media\/1605"}],"wp:attachment":[{"href":"https:\/\/www.mivam.com\/en\/wp-json\/wp\/v2\/media?parent=1604"}],"wp:term":[{"taxonomy":"product_brand","embeddable":true,"href":"https:\/\/www.mivam.com\/en\/wp-json\/wp\/v2\/product_brand?post=1604"},{"taxonomy":"product_cat","embeddable":true,"href":"https:\/\/www.mivam.com\/en\/wp-json\/wp\/v2\/product_cat?post=1604"},{"taxonomy":"product_tag","embeddable":true,"href":"https:\/\/www.mivam.com\/en\/wp-json\/wp\/v2\/product_tag?post=1604"}],"curies":[{"name":"wp","href":"https:\/\/api.w.org\/{rel}","templated":true}]}}