{"id":1579,"date":"2019-03-14T13:59:35","date_gmt":"2019-03-14T12:59:35","guid":{"rendered":"https:\/\/www.mivam.com\/?post_type=product&#038;p=1579"},"modified":"2025-06-18T17:07:02","modified_gmt":"2025-06-18T15:07:02","slug":"beauty-back-washer-etac-rocka-za-umivanje-hrbta","status":"publish","type":"product","link":"https:\/\/www.mivam.com\/en\/izdelek\/beauty-back-washer-etac-rocka-za-umivanje-hrbta\/","title":{"rendered":"Beauty back washer &#8211; ETAC &#8211; ro\u010dka za umivanje hrbta"},"content":{"rendered":"<p>Etac Beauty pripomo\u010dek za umivanje hrbta je oblikovan tako, da omogo\u010da lahko doseganje in umivanje telesa.<\/p>\n<p>Pralne krpice ne absorbirajo vode, kar naredi pripomo\u010dek lahek za enostavno uporabo. Krpice so na voljo za prodajo tudi posamezno; \u0161ifra:\u00a080210104 (2 kosa)<\/p>\n<p>Ro\u010daji so ovalni in imajo nedrse\u010do povr\u0161ino, ki omogo\u010da varen oprijem. Krpe so strojno pralne in zamenljive.<\/p>\n<p><strong>Tehni\u010dne lastnosti:<\/strong><\/p>\n<ul>\n<li>dol\u017eina 77 cm<\/li>\n<li>te\u017ea 203 g<\/li>\n<li>Material: Polipropilen in TPE<\/li>\n<li>Pralna krpa: bomba\u017e z notranjo oblogo iz polietilena<\/li>\n<li>Oblikovanje: Ergonomidesign<\/li>\n<li>Modeli izdelkov Beauty so registrirani<\/li>\n<\/ul>\n<p>\u0160ifra izdelka:\u00a0\u00a080210080<\/p>\n","protected":false},"excerpt":{"rendered":"<p>Etac Beauty pripomo\u010dek za umivanje hrbta je oblikovan tako, da omogo\u010da lahko doseganje in umivanje telesa.<\/p>\n","protected":false},"featured_media":1580,"comment_status":"closed","ping_status":"closed","template":"","meta":[],"product_brand":[],"product_cat":[224,57],"product_tag":[749,748,100,750,751,752],"class_list":{"0":"post-1579","1":"product","2":"type-product","3":"status-publish","4":"has-post-thumbnail","6":"product_cat-kopalniski-pripomocki","7":"product_cat-pripomocki-za-higieno","8":"product_tag-back-washer","9":"product_tag-beauty","10":"product_tag-etac","11":"product_tag-hrbet","12":"product_tag-lufa","13":"product_tag-umivanje","15":"first","16":"instock","17":"taxable","18":"shipping-taxable","19":"purchasable","20":"product-type-simple"},"yoast_head":"<!-- This site is optimized with the Yoast SEO plugin v24.0 - https:\/\/yoast.com\/wordpress\/plugins\/seo\/ -->\n<title>Beauty back washer - ETAC - ro\u010dka za umivanje hrbta - Mi Vam<\/title>\n<meta name=\"description\" content=\"Etac Beauty pripomo\u010dek za umivanje hrbta je oblikovan tako, da omogo\u010da lahko doseganje in umivanje telesa.\" \/>\n<meta name=\"robots\" content=\"index, follow, max-snippet:-1, max-image-preview:large, max-video-preview:-1\" \/>\n<link rel=\"canonical\" href=\"https:\/\/www.mivam.com\/izdelek\/beauty-back-washer-etac-rocka-za-umivanje-hrbta\/\" \/>\n<meta property=\"og:locale\" content=\"en_US\" \/>\n<meta property=\"og:type\" content=\"article\" \/>\n<meta property=\"og:title\" content=\"Beauty back washer - ETAC - ro\u010dka za umivanje hrbta - Mi Vam\" \/>\n<meta property=\"og:description\" content=\"Etac Beauty pripomo\u010dek za umivanje hrbta je oblikovan tako, da omogo\u010da lahko doseganje in umivanje telesa.\" \/>\n<meta property=\"og:url\" content=\"https:\/\/www.mivam.com\/izdelek\/beauty-back-washer-etac-rocka-za-umivanje-hrbta\/\" \/>\n<meta property=\"og:site_name\" content=\"Mi Vam\" \/>\n<meta property=\"article:modified_time\" content=\"2025-06-18T15:07:02+00:00\" \/>\n<meta property=\"og:image\" content=\"https:\/\/www.mivam.com\/wp-content\/uploads\/2019\/03\/552352-converters_thumbnails-xmlwidth450height450.png\" \/>\n\t<meta property=\"og:image:width\" content=\"450\" \/>\n\t<meta property=\"og:image:height\" content=\"450\" \/>\n\t<meta property=\"og:image:type\" content=\"image\/png\" \/>\n<meta name=\"twitter:card\" content=\"summary_large_image\" \/>\n<meta name=\"twitter:label1\" content=\"Est. reading time\" \/>\n\t<meta name=\"twitter:data1\" content=\"1 minute\" \/>\n<script type=\"application\/ld+json\" class=\"yoast-schema-graph\">{\"@context\":\"https:\/\/schema.org\",\"@graph\":[{\"@type\":\"WebPage\",\"@id\":\"https:\/\/www.mivam.com\/izdelek\/beauty-back-washer-etac-rocka-za-umivanje-hrbta\/\",\"url\":\"https:\/\/www.mivam.com\/izdelek\/beauty-back-washer-etac-rocka-za-umivanje-hrbta\/\",\"name\":\"Beauty back washer - ETAC - ro\u010dka za umivanje hrbta - Mi Vam\",\"isPartOf\":{\"@id\":\"https:\/\/www.mivam.com\/#website\"},\"primaryImageOfPage\":{\"@id\":\"https:\/\/www.mivam.com\/izdelek\/beauty-back-washer-etac-rocka-za-umivanje-hrbta\/#primaryimage\"},\"image\":{\"@id\":\"https:\/\/www.mivam.com\/izdelek\/beauty-back-washer-etac-rocka-za-umivanje-hrbta\/#primaryimage\"},\"thumbnailUrl\":\"https:\/\/www.mivam.com\/wp-content\/uploads\/2019\/03\/552352-converters_thumbnails-xmlwidth450height450.png\",\"datePublished\":\"2019-03-14T12:59:35+00:00\",\"dateModified\":\"2025-06-18T15:07:02+00:00\",\"description\":\"Etac Beauty pripomo\u010dek za umivanje hrbta je oblikovan tako, da omogo\u010da lahko doseganje in umivanje telesa.\",\"breadcrumb\":{\"@id\":\"https:\/\/www.mivam.com\/izdelek\/beauty-back-washer-etac-rocka-za-umivanje-hrbta\/#breadcrumb\"},\"inLanguage\":\"en-US\",\"potentialAction\":[{\"@type\":\"ReadAction\",\"target\":[\"https:\/\/www.mivam.com\/izdelek\/beauty-back-washer-etac-rocka-za-umivanje-hrbta\/\"]}]},{\"@type\":\"ImageObject\",\"inLanguage\":\"en-US\",\"@id\":\"https:\/\/www.mivam.com\/izdelek\/beauty-back-washer-etac-rocka-za-umivanje-hrbta\/#primaryimage\",\"url\":\"https:\/\/www.mivam.com\/wp-content\/uploads\/2019\/03\/552352-converters_thumbnails-xmlwidth450height450.png\",\"contentUrl\":\"https:\/\/www.mivam.com\/wp-content\/uploads\/2019\/03\/552352-converters_thumbnails-xmlwidth450height450.png\",\"width\":450,\"height\":450},{\"@type\":\"BreadcrumbList\",\"@id\":\"https:\/\/www.mivam.com\/izdelek\/beauty-back-washer-etac-rocka-za-umivanje-hrbta\/#breadcrumb\",\"itemListElement\":[{\"@type\":\"ListItem\",\"position\":1,\"name\":\"Domov\",\"item\":\"https:\/\/www.mivam.com\/\"},{\"@type\":\"ListItem\",\"position\":2,\"name\":\"Shop\",\"item\":\"https:\/\/www.mivam.com\/en\/shop\/\"},{\"@type\":\"ListItem\",\"position\":3,\"name\":\"Kopalni\u0161ki pripomo\u010dki\",\"item\":\"https:\/\/www.mivam.com\/kategorija-izdelka\/kopalniski-pripomocki\/\"},{\"@type\":\"ListItem\",\"position\":4,\"name\":\"Pripomo\u010dki za higieno\",\"item\":\"https:\/\/www.mivam.com\/kategorija-izdelka\/kopalniski-pripomocki\/pripomocki-za-higieno\/\"},{\"@type\":\"ListItem\",\"position\":5,\"name\":\"Beauty back washer &#8211; ETAC &#8211; ro\u010dka za umivanje hrbta\"}]},{\"@type\":\"WebSite\",\"@id\":\"https:\/\/www.mivam.com\/#website\",\"url\":\"https:\/\/www.mivam.com\/\",\"name\":\"Mi Vam\",\"description\":\"Medicinski pripomo\u010dki in re\u0161itve za manj odvisno \u017eivljenje.\",\"potentialAction\":[{\"@type\":\"SearchAction\",\"target\":{\"@type\":\"EntryPoint\",\"urlTemplate\":\"https:\/\/www.mivam.com\/?s={search_term_string}\"},\"query-input\":{\"@type\":\"PropertyValueSpecification\",\"valueRequired\":true,\"valueName\":\"search_term_string\"}}],\"inLanguage\":\"en-US\"}]}<\/script>\n<!-- \/ Yoast SEO plugin. -->","yoast_head_json":{"title":"Beauty back washer - ETAC - ro\u010dka za umivanje hrbta - Mi Vam","description":"Etac Beauty pripomo\u010dek za umivanje hrbta je oblikovan tako, da omogo\u010da lahko doseganje in umivanje telesa.","robots":{"index":"index","follow":"follow","max-snippet":"max-snippet:-1","max-image-preview":"max-image-preview:large","max-video-preview":"max-video-preview:-1"},"canonical":"https:\/\/www.mivam.com\/izdelek\/beauty-back-washer-etac-rocka-za-umivanje-hrbta\/","og_locale":"en_US","og_type":"article","og_title":"Beauty back washer - ETAC - ro\u010dka za umivanje hrbta - Mi Vam","og_description":"Etac Beauty pripomo\u010dek za umivanje hrbta je oblikovan tako, da omogo\u010da lahko doseganje in umivanje telesa.","og_url":"https:\/\/www.mivam.com\/izdelek\/beauty-back-washer-etac-rocka-za-umivanje-hrbta\/","og_site_name":"Mi Vam","article_modified_time":"2025-06-18T15:07:02+00:00","og_image":[{"width":450,"height":450,"url":"https:\/\/www.mivam.com\/wp-content\/uploads\/2019\/03\/552352-converters_thumbnails-xmlwidth450height450.png","type":"image\/png"}],"twitter_card":"summary_large_image","twitter_misc":{"Est. reading time":"1 minute"},"schema":{"@context":"https:\/\/schema.org","@graph":[{"@type":"WebPage","@id":"https:\/\/www.mivam.com\/izdelek\/beauty-back-washer-etac-rocka-za-umivanje-hrbta\/","url":"https:\/\/www.mivam.com\/izdelek\/beauty-back-washer-etac-rocka-za-umivanje-hrbta\/","name":"Beauty back washer - ETAC - ro\u010dka za umivanje hrbta - Mi Vam","isPartOf":{"@id":"https:\/\/www.mivam.com\/#website"},"primaryImageOfPage":{"@id":"https:\/\/www.mivam.com\/izdelek\/beauty-back-washer-etac-rocka-za-umivanje-hrbta\/#primaryimage"},"image":{"@id":"https:\/\/www.mivam.com\/izdelek\/beauty-back-washer-etac-rocka-za-umivanje-hrbta\/#primaryimage"},"thumbnailUrl":"https:\/\/www.mivam.com\/wp-content\/uploads\/2019\/03\/552352-converters_thumbnails-xmlwidth450height450.png","datePublished":"2019-03-14T12:59:35+00:00","dateModified":"2025-06-18T15:07:02+00:00","description":"Etac Beauty pripomo\u010dek za umivanje hrbta je oblikovan tako, da omogo\u010da lahko doseganje in umivanje telesa.","breadcrumb":{"@id":"https:\/\/www.mivam.com\/izdelek\/beauty-back-washer-etac-rocka-za-umivanje-hrbta\/#breadcrumb"},"inLanguage":"en-US","potentialAction":[{"@type":"ReadAction","target":["https:\/\/www.mivam.com\/izdelek\/beauty-back-washer-etac-rocka-za-umivanje-hrbta\/"]}]},{"@type":"ImageObject","inLanguage":"en-US","@id":"https:\/\/www.mivam.com\/izdelek\/beauty-back-washer-etac-rocka-za-umivanje-hrbta\/#primaryimage","url":"https:\/\/www.mivam.com\/wp-content\/uploads\/2019\/03\/552352-converters_thumbnails-xmlwidth450height450.png","contentUrl":"https:\/\/www.mivam.com\/wp-content\/uploads\/2019\/03\/552352-converters_thumbnails-xmlwidth450height450.png","width":450,"height":450},{"@type":"BreadcrumbList","@id":"https:\/\/www.mivam.com\/izdelek\/beauty-back-washer-etac-rocka-za-umivanje-hrbta\/#breadcrumb","itemListElement":[{"@type":"ListItem","position":1,"name":"Domov","item":"https:\/\/www.mivam.com\/"},{"@type":"ListItem","position":2,"name":"Shop","item":"https:\/\/www.mivam.com\/en\/shop\/"},{"@type":"ListItem","position":3,"name":"Kopalni\u0161ki pripomo\u010dki","item":"https:\/\/www.mivam.com\/kategorija-izdelka\/kopalniski-pripomocki\/"},{"@type":"ListItem","position":4,"name":"Pripomo\u010dki za higieno","item":"https:\/\/www.mivam.com\/kategorija-izdelka\/kopalniski-pripomocki\/pripomocki-za-higieno\/"},{"@type":"ListItem","position":5,"name":"Beauty back washer &#8211; ETAC &#8211; ro\u010dka za umivanje hrbta"}]},{"@type":"WebSite","@id":"https:\/\/www.mivam.com\/#website","url":"https:\/\/www.mivam.com\/","name":"Mi Vam","description":"Medicinski pripomo\u010dki in re\u0161itve za manj odvisno \u017eivljenje.","potentialAction":[{"@type":"SearchAction","target":{"@type":"EntryPoint","urlTemplate":"https:\/\/www.mivam.com\/?s={search_term_string}"},"query-input":{"@type":"PropertyValueSpecification","valueRequired":true,"valueName":"search_term_string"}}],"inLanguage":"en-US"}]}},"_links":{"self":[{"href":"https:\/\/www.mivam.com\/en\/wp-json\/wp\/v2\/product\/1579","targetHints":{"allow":["GET"]}}],"collection":[{"href":"https:\/\/www.mivam.com\/en\/wp-json\/wp\/v2\/product"}],"about":[{"href":"https:\/\/www.mivam.com\/en\/wp-json\/wp\/v2\/types\/product"}],"replies":[{"embeddable":true,"href":"https:\/\/www.mivam.com\/en\/wp-json\/wp\/v2\/comments?post=1579"}],"wp:featuredmedia":[{"embeddable":true,"href":"https:\/\/www.mivam.com\/en\/wp-json\/wp\/v2\/media\/1580"}],"wp:attachment":[{"href":"https:\/\/www.mivam.com\/en\/wp-json\/wp\/v2\/media?parent=1579"}],"wp:term":[{"taxonomy":"product_brand","embeddable":true,"href":"https:\/\/www.mivam.com\/en\/wp-json\/wp\/v2\/product_brand?post=1579"},{"taxonomy":"product_cat","embeddable":true,"href":"https:\/\/www.mivam.com\/en\/wp-json\/wp\/v2\/product_cat?post=1579"},{"taxonomy":"product_tag","embeddable":true,"href":"https:\/\/www.mivam.com\/en\/wp-json\/wp\/v2\/product_tag?post=1579"}],"curies":[{"name":"wp","href":"https:\/\/api.w.org\/{rel}","templated":true}]}}