{"id":1574,"date":"2019-03-14T12:17:59","date_gmt":"2019-03-14T11:17:59","guid":{"rendered":"https:\/\/www.mivam.com\/?post_type=product&#038;p=1574"},"modified":"2025-06-18T17:46:32","modified_gmt":"2025-06-18T15:46:32","slug":"tridelni-razdelilni-kroznik-s-pokrovom","status":"publish","type":"product","link":"https:\/\/www.mivam.com\/en\/izdelek\/tridelni-razdelilni-kroznik-s-pokrovom\/","title":{"rendered":"Tridelni razdelilni kro\u017enik s pokrovom"},"content":{"rendered":"<p>Kro\u017enik ima tri predele, vsak ima 38 mm vi\u0161ine, da hrana ostane lo\u010dena na kro\u017eniku. Manj\u0161a dela imata prostornino 200 ml, ve\u010dji del pa 375 ml. Kro\u017enik ima visok rob za la\u017eje zajemanje hrane.<\/p>\n<p>Pokrov je narejen iz plastike in je prozoren, kar pomaga tudi pri shranjevanju hrane, lahko pa jed odnesete s sabo kamorkoli se odpravljate.<\/p>\n<p>Primerno za uporabo v mikrovalovni pe\u010dici in pomivalnem stroju.<\/p>\n<p>Premer: 200 mm<\/p>\n<p>\u0161ifra izdelka:\u00a0091058197<\/p>\n","protected":false},"excerpt":{"rendered":"<p>Kro\u017enik ima tri predele, vsak ima 38 mm vi\u0161ine, da hrana ostane lo\u010dena na kro\u017eniku. Manj\u0161a dela imata prostornino 200 ml, ve\u010dji del pa 375 ml. Kro\u017enik ima visok rob za la\u017eje zajemanje hrane.<\/p>\n","protected":false},"featured_media":1575,"comment_status":"closed","ping_status":"closed","template":"","meta":[],"product_brand":[],"product_cat":[221],"product_tag":[416,758,757,759,756,755],"class_list":{"0":"post-1574","1":"product","2":"type-product","3":"status-publish","4":"has-post-thumbnail","6":"product_cat-nekategorizirano","7":"product_tag-kroznik","8":"product_tag-kroznik-locen","9":"product_tag-kroznik-z-pokrovom","10":"product_tag-loceni-predeli","11":"product_tag-prilagojen-kroznik","12":"product_tag-tridelni-kroznik","14":"first","15":"instock","16":"taxable","17":"shipping-taxable","18":"purchasable","19":"product-type-simple"},"yoast_head":"<!-- This site is optimized with the Yoast SEO plugin v24.0 - https:\/\/yoast.com\/wordpress\/plugins\/seo\/ -->\n<title>Tridelni razdelilni kro\u017enik s pokrovom - Mi Vam<\/title>\n<meta name=\"description\" content=\"Kro\u017enik ima tri predele, vsak ima 38 mm vi\u0161ine, da hrana ostane lo\u010dena na kro\u017eniku. Manj\u0161a dela imata prostornino 200 ml, ve\u010dji del pa 375 ml. Kro\u017enik ima visok rob za la\u017eje zajemanje hrane.\" \/>\n<meta name=\"robots\" content=\"index, follow, max-snippet:-1, max-image-preview:large, max-video-preview:-1\" \/>\n<link rel=\"canonical\" href=\"https:\/\/www.mivam.com\/izdelek\/tridelni-razdelilni-kroznik-s-pokrovom\/\" \/>\n<meta property=\"og:locale\" content=\"en_US\" \/>\n<meta property=\"og:type\" content=\"article\" \/>\n<meta property=\"og:title\" content=\"Tridelni razdelilni kro\u017enik s pokrovom - Mi Vam\" \/>\n<meta property=\"og:description\" content=\"Kro\u017enik ima tri predele, vsak ima 38 mm vi\u0161ine, da hrana ostane lo\u010dena na kro\u017eniku. Manj\u0161a dela imata prostornino 200 ml, ve\u010dji del pa 375 ml. Kro\u017enik ima visok rob za la\u017eje zajemanje hrane.\" \/>\n<meta property=\"og:url\" content=\"https:\/\/www.mivam.com\/izdelek\/tridelni-razdelilni-kroznik-s-pokrovom\/\" \/>\n<meta property=\"og:site_name\" content=\"Mi Vam\" \/>\n<meta property=\"article:modified_time\" content=\"2025-06-18T15:46:32+00:00\" \/>\n<meta property=\"og:image\" content=\"https:\/\/www.mivam.com\/wp-content\/uploads\/2019\/03\/kroznik-tridelni-s-pokrovom.jpg\" \/>\n\t<meta property=\"og:image:width\" content=\"2000\" \/>\n\t<meta property=\"og:image:height\" content=\"2000\" \/>\n\t<meta property=\"og:image:type\" content=\"image\/jpeg\" \/>\n<meta name=\"twitter:card\" content=\"summary_large_image\" \/>\n<meta name=\"twitter:label1\" content=\"Est. reading time\" \/>\n\t<meta name=\"twitter:data1\" content=\"1 minute\" \/>\n<script type=\"application\/ld+json\" class=\"yoast-schema-graph\">{\"@context\":\"https:\/\/schema.org\",\"@graph\":[{\"@type\":\"WebPage\",\"@id\":\"https:\/\/www.mivam.com\/izdelek\/tridelni-razdelilni-kroznik-s-pokrovom\/\",\"url\":\"https:\/\/www.mivam.com\/izdelek\/tridelni-razdelilni-kroznik-s-pokrovom\/\",\"name\":\"Tridelni razdelilni kro\u017enik s pokrovom - Mi Vam\",\"isPartOf\":{\"@id\":\"https:\/\/www.mivam.com\/#website\"},\"primaryImageOfPage\":{\"@id\":\"https:\/\/www.mivam.com\/izdelek\/tridelni-razdelilni-kroznik-s-pokrovom\/#primaryimage\"},\"image\":{\"@id\":\"https:\/\/www.mivam.com\/izdelek\/tridelni-razdelilni-kroznik-s-pokrovom\/#primaryimage\"},\"thumbnailUrl\":\"https:\/\/www.mivam.com\/wp-content\/uploads\/2019\/03\/kroznik-tridelni-s-pokrovom.jpg\",\"datePublished\":\"2019-03-14T11:17:59+00:00\",\"dateModified\":\"2025-06-18T15:46:32+00:00\",\"description\":\"Kro\u017enik ima tri predele, vsak ima 38 mm vi\u0161ine, da hrana ostane lo\u010dena na kro\u017eniku. Manj\u0161a dela imata prostornino 200 ml, ve\u010dji del pa 375 ml. Kro\u017enik ima visok rob za la\u017eje zajemanje hrane.\",\"breadcrumb\":{\"@id\":\"https:\/\/www.mivam.com\/izdelek\/tridelni-razdelilni-kroznik-s-pokrovom\/#breadcrumb\"},\"inLanguage\":\"en-US\",\"potentialAction\":[{\"@type\":\"ReadAction\",\"target\":[\"https:\/\/www.mivam.com\/izdelek\/tridelni-razdelilni-kroznik-s-pokrovom\/\"]}]},{\"@type\":\"ImageObject\",\"inLanguage\":\"en-US\",\"@id\":\"https:\/\/www.mivam.com\/izdelek\/tridelni-razdelilni-kroznik-s-pokrovom\/#primaryimage\",\"url\":\"https:\/\/www.mivam.com\/wp-content\/uploads\/2019\/03\/kroznik-tridelni-s-pokrovom.jpg\",\"contentUrl\":\"https:\/\/www.mivam.com\/wp-content\/uploads\/2019\/03\/kroznik-tridelni-s-pokrovom.jpg\",\"width\":2000,\"height\":2000},{\"@type\":\"BreadcrumbList\",\"@id\":\"https:\/\/www.mivam.com\/izdelek\/tridelni-razdelilni-kroznik-s-pokrovom\/#breadcrumb\",\"itemListElement\":[{\"@type\":\"ListItem\",\"position\":1,\"name\":\"Domov\",\"item\":\"https:\/\/www.mivam.com\/\"},{\"@type\":\"ListItem\",\"position\":2,\"name\":\"Shop\",\"item\":\"https:\/\/www.mivam.com\/en\/shop\/\"},{\"@type\":\"ListItem\",\"position\":3,\"name\":\"Nekategorizirano\",\"item\":\"https:\/\/www.mivam.com\/kategorija-izdelka\/nekategorizirano\/\"},{\"@type\":\"ListItem\",\"position\":4,\"name\":\"Tridelni razdelilni kro\u017enik s pokrovom\"}]},{\"@type\":\"WebSite\",\"@id\":\"https:\/\/www.mivam.com\/#website\",\"url\":\"https:\/\/www.mivam.com\/\",\"name\":\"Mi Vam\",\"description\":\"Medicinski pripomo\u010dki in re\u0161itve za manj odvisno \u017eivljenje.\",\"potentialAction\":[{\"@type\":\"SearchAction\",\"target\":{\"@type\":\"EntryPoint\",\"urlTemplate\":\"https:\/\/www.mivam.com\/?s={search_term_string}\"},\"query-input\":{\"@type\":\"PropertyValueSpecification\",\"valueRequired\":true,\"valueName\":\"search_term_string\"}}],\"inLanguage\":\"en-US\"}]}<\/script>\n<!-- \/ Yoast SEO plugin. -->","yoast_head_json":{"title":"Tridelni razdelilni kro\u017enik s pokrovom - Mi Vam","description":"Kro\u017enik ima tri predele, vsak ima 38 mm vi\u0161ine, da hrana ostane lo\u010dena na kro\u017eniku. Manj\u0161a dela imata prostornino 200 ml, ve\u010dji del pa 375 ml. Kro\u017enik ima visok rob za la\u017eje zajemanje hrane.","robots":{"index":"index","follow":"follow","max-snippet":"max-snippet:-1","max-image-preview":"max-image-preview:large","max-video-preview":"max-video-preview:-1"},"canonical":"https:\/\/www.mivam.com\/izdelek\/tridelni-razdelilni-kroznik-s-pokrovom\/","og_locale":"en_US","og_type":"article","og_title":"Tridelni razdelilni kro\u017enik s pokrovom - Mi Vam","og_description":"Kro\u017enik ima tri predele, vsak ima 38 mm vi\u0161ine, da hrana ostane lo\u010dena na kro\u017eniku. Manj\u0161a dela imata prostornino 200 ml, ve\u010dji del pa 375 ml. Kro\u017enik ima visok rob za la\u017eje zajemanje hrane.","og_url":"https:\/\/www.mivam.com\/izdelek\/tridelni-razdelilni-kroznik-s-pokrovom\/","og_site_name":"Mi Vam","article_modified_time":"2025-06-18T15:46:32+00:00","og_image":[{"width":2000,"height":2000,"url":"https:\/\/www.mivam.com\/wp-content\/uploads\/2019\/03\/kroznik-tridelni-s-pokrovom.jpg","type":"image\/jpeg"}],"twitter_card":"summary_large_image","twitter_misc":{"Est. reading time":"1 minute"},"schema":{"@context":"https:\/\/schema.org","@graph":[{"@type":"WebPage","@id":"https:\/\/www.mivam.com\/izdelek\/tridelni-razdelilni-kroznik-s-pokrovom\/","url":"https:\/\/www.mivam.com\/izdelek\/tridelni-razdelilni-kroznik-s-pokrovom\/","name":"Tridelni razdelilni kro\u017enik s pokrovom - Mi Vam","isPartOf":{"@id":"https:\/\/www.mivam.com\/#website"},"primaryImageOfPage":{"@id":"https:\/\/www.mivam.com\/izdelek\/tridelni-razdelilni-kroznik-s-pokrovom\/#primaryimage"},"image":{"@id":"https:\/\/www.mivam.com\/izdelek\/tridelni-razdelilni-kroznik-s-pokrovom\/#primaryimage"},"thumbnailUrl":"https:\/\/www.mivam.com\/wp-content\/uploads\/2019\/03\/kroznik-tridelni-s-pokrovom.jpg","datePublished":"2019-03-14T11:17:59+00:00","dateModified":"2025-06-18T15:46:32+00:00","description":"Kro\u017enik ima tri predele, vsak ima 38 mm vi\u0161ine, da hrana ostane lo\u010dena na kro\u017eniku. Manj\u0161a dela imata prostornino 200 ml, ve\u010dji del pa 375 ml. Kro\u017enik ima visok rob za la\u017eje zajemanje hrane.","breadcrumb":{"@id":"https:\/\/www.mivam.com\/izdelek\/tridelni-razdelilni-kroznik-s-pokrovom\/#breadcrumb"},"inLanguage":"en-US","potentialAction":[{"@type":"ReadAction","target":["https:\/\/www.mivam.com\/izdelek\/tridelni-razdelilni-kroznik-s-pokrovom\/"]}]},{"@type":"ImageObject","inLanguage":"en-US","@id":"https:\/\/www.mivam.com\/izdelek\/tridelni-razdelilni-kroznik-s-pokrovom\/#primaryimage","url":"https:\/\/www.mivam.com\/wp-content\/uploads\/2019\/03\/kroznik-tridelni-s-pokrovom.jpg","contentUrl":"https:\/\/www.mivam.com\/wp-content\/uploads\/2019\/03\/kroznik-tridelni-s-pokrovom.jpg","width":2000,"height":2000},{"@type":"BreadcrumbList","@id":"https:\/\/www.mivam.com\/izdelek\/tridelni-razdelilni-kroznik-s-pokrovom\/#breadcrumb","itemListElement":[{"@type":"ListItem","position":1,"name":"Domov","item":"https:\/\/www.mivam.com\/"},{"@type":"ListItem","position":2,"name":"Shop","item":"https:\/\/www.mivam.com\/en\/shop\/"},{"@type":"ListItem","position":3,"name":"Nekategorizirano","item":"https:\/\/www.mivam.com\/kategorija-izdelka\/nekategorizirano\/"},{"@type":"ListItem","position":4,"name":"Tridelni razdelilni kro\u017enik s pokrovom"}]},{"@type":"WebSite","@id":"https:\/\/www.mivam.com\/#website","url":"https:\/\/www.mivam.com\/","name":"Mi Vam","description":"Medicinski pripomo\u010dki in re\u0161itve za manj odvisno \u017eivljenje.","potentialAction":[{"@type":"SearchAction","target":{"@type":"EntryPoint","urlTemplate":"https:\/\/www.mivam.com\/?s={search_term_string}"},"query-input":{"@type":"PropertyValueSpecification","valueRequired":true,"valueName":"search_term_string"}}],"inLanguage":"en-US"}]}},"_links":{"self":[{"href":"https:\/\/www.mivam.com\/en\/wp-json\/wp\/v2\/product\/1574","targetHints":{"allow":["GET"]}}],"collection":[{"href":"https:\/\/www.mivam.com\/en\/wp-json\/wp\/v2\/product"}],"about":[{"href":"https:\/\/www.mivam.com\/en\/wp-json\/wp\/v2\/types\/product"}],"replies":[{"embeddable":true,"href":"https:\/\/www.mivam.com\/en\/wp-json\/wp\/v2\/comments?post=1574"}],"wp:featuredmedia":[{"embeddable":true,"href":"https:\/\/www.mivam.com\/en\/wp-json\/wp\/v2\/media\/1575"}],"wp:attachment":[{"href":"https:\/\/www.mivam.com\/en\/wp-json\/wp\/v2\/media?parent=1574"}],"wp:term":[{"taxonomy":"product_brand","embeddable":true,"href":"https:\/\/www.mivam.com\/en\/wp-json\/wp\/v2\/product_brand?post=1574"},{"taxonomy":"product_cat","embeddable":true,"href":"https:\/\/www.mivam.com\/en\/wp-json\/wp\/v2\/product_cat?post=1574"},{"taxonomy":"product_tag","embeddable":true,"href":"https:\/\/www.mivam.com\/en\/wp-json\/wp\/v2\/product_tag?post=1574"}],"curies":[{"name":"wp","href":"https:\/\/api.w.org\/{rel}","templated":true}]}}