{"id":1489,"date":"2019-02-27T09:55:16","date_gmt":"2019-02-27T08:55:16","guid":{"rendered":"https:\/\/www.mivam.com\/?post_type=product&#038;p=1489"},"modified":"2025-06-19T01:10:19","modified_gmt":"2025-06-18T23:10:19","slug":"pas-za-pravilno-drzo-vulkan","status":"publish","type":"product","link":"https:\/\/www.mivam.com\/en\/izdelek\/pas-za-pravilno-drzo-vulkan\/","title":{"rendered":"Pas za pravilno dr\u017eo &#8211; VULKAN"},"content":{"rendered":"<p>Ta prsna opora je zasnovana za vadbo dr\u017ee. Opora je lahka in zra\u010dna, zato je priporo\u010dljivo, da pod opornico nosite majico s kratkimi rokavi. Razli\u010dnih velikosti.<\/p>\n<ul>\n<li>X-Small 75-80cm (29\u00bd-31\u00bd&#8221;)<\/li>\n<li>Small 85-90cm (31\u00bd-35\u00bd&#8221;),<\/li>\n<li>Medium 95-100cm (35\u00bd-39\u00bd&#8221;),<\/li>\n<li>Large 105-110cm (39\u00bd-43\u00bc&#8221;),<\/li>\n<li>X-Large 115-120cm (45\u00bc-47\u00bc&#8221;)<\/li>\n<\/ul>\n","protected":false},"excerpt":{"rendered":"<p>Spodbuja pravilno dr\u017eo s stabilizacijo.<\/p>\n","protected":false},"featured_media":7770,"comment_status":"closed","ping_status":"closed","template":"","meta":[],"product_brand":[],"product_cat":[225,62],"product_tag":[774,772,773,775,776,581],"class_list":{"0":"post-1489","1":"product","2":"type-product","3":"status-publish","4":"has-post-thumbnail","6":"product_cat-rehabilitacija","7":"product_cat-rehabilitacijski-pripomocki","8":"product_tag-lahki-pas","9":"product_tag-pas-za-drzo","10":"product_tag-pravilna-drza","11":"product_tag-razlicne-velikosti","12":"product_tag-telesni-pas","13":"product_tag-vulkan","15":"first","16":"onbackorder","17":"taxable","18":"shipping-taxable","19":"purchasable","20":"product-type-simple"},"yoast_head":"<!-- This site is optimized with the Yoast SEO plugin v24.0 - https:\/\/yoast.com\/wordpress\/plugins\/seo\/ -->\n<title>Pas za pravilno dr\u017eo - VULKAN - Mi Vam<\/title>\n<meta name=\"description\" content=\"Spodbuja pravilno dr\u017eo s stabilizacijo.\" \/>\n<meta name=\"robots\" content=\"index, follow, max-snippet:-1, max-image-preview:large, max-video-preview:-1\" \/>\n<link rel=\"canonical\" href=\"https:\/\/www.mivam.com\/izdelek\/pas-za-pravilno-drzo-vulkan\/\" \/>\n<meta property=\"og:locale\" content=\"en_US\" \/>\n<meta property=\"og:type\" content=\"article\" \/>\n<meta property=\"og:title\" content=\"Pas za pravilno dr\u017eo - VULKAN - Mi Vam\" \/>\n<meta property=\"og:description\" content=\"Spodbuja pravilno dr\u017eo s stabilizacijo.\" \/>\n<meta property=\"og:url\" content=\"https:\/\/www.mivam.com\/izdelek\/pas-za-pravilno-drzo-vulkan\/\" \/>\n<meta property=\"og:site_name\" content=\"Mi Vam\" \/>\n<meta property=\"article:modified_time\" content=\"2025-06-18T23:10:19+00:00\" \/>\n<meta property=\"og:image\" content=\"https:\/\/www.mivam.com\/wp-content\/uploads\/2019\/02\/010400.jpg\" \/>\n\t<meta property=\"og:image:width\" content=\"1800\" \/>\n\t<meta property=\"og:image:height\" content=\"1807\" \/>\n\t<meta property=\"og:image:type\" content=\"image\/jpeg\" \/>\n<meta name=\"twitter:card\" content=\"summary_large_image\" \/>\n<meta name=\"twitter:label1\" content=\"Est. reading time\" \/>\n\t<meta name=\"twitter:data1\" content=\"1 minute\" \/>\n<script type=\"application\/ld+json\" class=\"yoast-schema-graph\">{\"@context\":\"https:\/\/schema.org\",\"@graph\":[{\"@type\":\"WebPage\",\"@id\":\"https:\/\/www.mivam.com\/izdelek\/pas-za-pravilno-drzo-vulkan\/\",\"url\":\"https:\/\/www.mivam.com\/izdelek\/pas-za-pravilno-drzo-vulkan\/\",\"name\":\"Pas za pravilno dr\u017eo - VULKAN - Mi Vam\",\"isPartOf\":{\"@id\":\"https:\/\/www.mivam.com\/#website\"},\"primaryImageOfPage\":{\"@id\":\"https:\/\/www.mivam.com\/izdelek\/pas-za-pravilno-drzo-vulkan\/#primaryimage\"},\"image\":{\"@id\":\"https:\/\/www.mivam.com\/izdelek\/pas-za-pravilno-drzo-vulkan\/#primaryimage\"},\"thumbnailUrl\":\"https:\/\/www.mivam.com\/wp-content\/uploads\/2019\/02\/010400.jpg\",\"datePublished\":\"2019-02-27T08:55:16+00:00\",\"dateModified\":\"2025-06-18T23:10:19+00:00\",\"description\":\"Spodbuja pravilno dr\u017eo s stabilizacijo.\",\"breadcrumb\":{\"@id\":\"https:\/\/www.mivam.com\/izdelek\/pas-za-pravilno-drzo-vulkan\/#breadcrumb\"},\"inLanguage\":\"en-US\",\"potentialAction\":[{\"@type\":\"ReadAction\",\"target\":[\"https:\/\/www.mivam.com\/izdelek\/pas-za-pravilno-drzo-vulkan\/\"]}]},{\"@type\":\"ImageObject\",\"inLanguage\":\"en-US\",\"@id\":\"https:\/\/www.mivam.com\/izdelek\/pas-za-pravilno-drzo-vulkan\/#primaryimage\",\"url\":\"https:\/\/www.mivam.com\/wp-content\/uploads\/2019\/02\/010400.jpg\",\"contentUrl\":\"https:\/\/www.mivam.com\/wp-content\/uploads\/2019\/02\/010400.jpg\",\"width\":1800,\"height\":1807},{\"@type\":\"BreadcrumbList\",\"@id\":\"https:\/\/www.mivam.com\/izdelek\/pas-za-pravilno-drzo-vulkan\/#breadcrumb\",\"itemListElement\":[{\"@type\":\"ListItem\",\"position\":1,\"name\":\"Domov\",\"item\":\"https:\/\/www.mivam.com\/\"},{\"@type\":\"ListItem\",\"position\":2,\"name\":\"Shop\",\"item\":\"https:\/\/www.mivam.com\/en\/shop\/\"},{\"@type\":\"ListItem\",\"position\":3,\"name\":\"Rehabilitacija\",\"item\":\"https:\/\/www.mivam.com\/kategorija-izdelka\/rehabilitacija\/\"},{\"@type\":\"ListItem\",\"position\":4,\"name\":\"Pas za pravilno dr\u017eo &#8211; VULKAN\"}]},{\"@type\":\"WebSite\",\"@id\":\"https:\/\/www.mivam.com\/#website\",\"url\":\"https:\/\/www.mivam.com\/\",\"name\":\"Mi Vam\",\"description\":\"Medicinski pripomo\u010dki in re\u0161itve za manj odvisno \u017eivljenje.\",\"potentialAction\":[{\"@type\":\"SearchAction\",\"target\":{\"@type\":\"EntryPoint\",\"urlTemplate\":\"https:\/\/www.mivam.com\/?s={search_term_string}\"},\"query-input\":{\"@type\":\"PropertyValueSpecification\",\"valueRequired\":true,\"valueName\":\"search_term_string\"}}],\"inLanguage\":\"en-US\"}]}<\/script>\n<!-- \/ Yoast SEO plugin. -->","yoast_head_json":{"title":"Pas za pravilno dr\u017eo - VULKAN - Mi Vam","description":"Spodbuja pravilno dr\u017eo s stabilizacijo.","robots":{"index":"index","follow":"follow","max-snippet":"max-snippet:-1","max-image-preview":"max-image-preview:large","max-video-preview":"max-video-preview:-1"},"canonical":"https:\/\/www.mivam.com\/izdelek\/pas-za-pravilno-drzo-vulkan\/","og_locale":"en_US","og_type":"article","og_title":"Pas za pravilno dr\u017eo - VULKAN - Mi Vam","og_description":"Spodbuja pravilno dr\u017eo s stabilizacijo.","og_url":"https:\/\/www.mivam.com\/izdelek\/pas-za-pravilno-drzo-vulkan\/","og_site_name":"Mi Vam","article_modified_time":"2025-06-18T23:10:19+00:00","og_image":[{"width":1800,"height":1807,"url":"https:\/\/www.mivam.com\/wp-content\/uploads\/2019\/02\/010400.jpg","type":"image\/jpeg"}],"twitter_card":"summary_large_image","twitter_misc":{"Est. reading time":"1 minute"},"schema":{"@context":"https:\/\/schema.org","@graph":[{"@type":"WebPage","@id":"https:\/\/www.mivam.com\/izdelek\/pas-za-pravilno-drzo-vulkan\/","url":"https:\/\/www.mivam.com\/izdelek\/pas-za-pravilno-drzo-vulkan\/","name":"Pas za pravilno dr\u017eo - VULKAN - Mi Vam","isPartOf":{"@id":"https:\/\/www.mivam.com\/#website"},"primaryImageOfPage":{"@id":"https:\/\/www.mivam.com\/izdelek\/pas-za-pravilno-drzo-vulkan\/#primaryimage"},"image":{"@id":"https:\/\/www.mivam.com\/izdelek\/pas-za-pravilno-drzo-vulkan\/#primaryimage"},"thumbnailUrl":"https:\/\/www.mivam.com\/wp-content\/uploads\/2019\/02\/010400.jpg","datePublished":"2019-02-27T08:55:16+00:00","dateModified":"2025-06-18T23:10:19+00:00","description":"Spodbuja pravilno dr\u017eo s stabilizacijo.","breadcrumb":{"@id":"https:\/\/www.mivam.com\/izdelek\/pas-za-pravilno-drzo-vulkan\/#breadcrumb"},"inLanguage":"en-US","potentialAction":[{"@type":"ReadAction","target":["https:\/\/www.mivam.com\/izdelek\/pas-za-pravilno-drzo-vulkan\/"]}]},{"@type":"ImageObject","inLanguage":"en-US","@id":"https:\/\/www.mivam.com\/izdelek\/pas-za-pravilno-drzo-vulkan\/#primaryimage","url":"https:\/\/www.mivam.com\/wp-content\/uploads\/2019\/02\/010400.jpg","contentUrl":"https:\/\/www.mivam.com\/wp-content\/uploads\/2019\/02\/010400.jpg","width":1800,"height":1807},{"@type":"BreadcrumbList","@id":"https:\/\/www.mivam.com\/izdelek\/pas-za-pravilno-drzo-vulkan\/#breadcrumb","itemListElement":[{"@type":"ListItem","position":1,"name":"Domov","item":"https:\/\/www.mivam.com\/"},{"@type":"ListItem","position":2,"name":"Shop","item":"https:\/\/www.mivam.com\/en\/shop\/"},{"@type":"ListItem","position":3,"name":"Rehabilitacija","item":"https:\/\/www.mivam.com\/kategorija-izdelka\/rehabilitacija\/"},{"@type":"ListItem","position":4,"name":"Pas za pravilno dr\u017eo &#8211; VULKAN"}]},{"@type":"WebSite","@id":"https:\/\/www.mivam.com\/#website","url":"https:\/\/www.mivam.com\/","name":"Mi Vam","description":"Medicinski pripomo\u010dki in re\u0161itve za manj odvisno \u017eivljenje.","potentialAction":[{"@type":"SearchAction","target":{"@type":"EntryPoint","urlTemplate":"https:\/\/www.mivam.com\/?s={search_term_string}"},"query-input":{"@type":"PropertyValueSpecification","valueRequired":true,"valueName":"search_term_string"}}],"inLanguage":"en-US"}]}},"_links":{"self":[{"href":"https:\/\/www.mivam.com\/en\/wp-json\/wp\/v2\/product\/1489","targetHints":{"allow":["GET"]}}],"collection":[{"href":"https:\/\/www.mivam.com\/en\/wp-json\/wp\/v2\/product"}],"about":[{"href":"https:\/\/www.mivam.com\/en\/wp-json\/wp\/v2\/types\/product"}],"replies":[{"embeddable":true,"href":"https:\/\/www.mivam.com\/en\/wp-json\/wp\/v2\/comments?post=1489"}],"wp:featuredmedia":[{"embeddable":true,"href":"https:\/\/www.mivam.com\/en\/wp-json\/wp\/v2\/media\/7770"}],"wp:attachment":[{"href":"https:\/\/www.mivam.com\/en\/wp-json\/wp\/v2\/media?parent=1489"}],"wp:term":[{"taxonomy":"product_brand","embeddable":true,"href":"https:\/\/www.mivam.com\/en\/wp-json\/wp\/v2\/product_brand?post=1489"},{"taxonomy":"product_cat","embeddable":true,"href":"https:\/\/www.mivam.com\/en\/wp-json\/wp\/v2\/product_cat?post=1489"},{"taxonomy":"product_tag","embeddable":true,"href":"https:\/\/www.mivam.com\/en\/wp-json\/wp\/v2\/product_tag?post=1489"}],"curies":[{"name":"wp","href":"https:\/\/api.w.org\/{rel}","templated":true}]}}