{"id":1421,"date":"2019-02-26T15:24:02","date_gmt":"2019-02-26T14:24:02","guid":{"rendered":"https:\/\/www.mivam.com\/?post_type=product&#038;p=1421"},"modified":"2025-06-19T01:25:28","modified_gmt":"2025-06-18T23:25:28","slug":"beauty-body-washer-etac-rocka-za-umivanje-telesa","status":"publish","type":"product","link":"https:\/\/www.mivam.com\/en\/izdelek\/beauty-body-washer-etac-rocka-za-umivanje-telesa\/","title":{"rendered":"Beauty body washer &#8211; ETAC &#8211; ro\u010dka za umivanje telesa"},"content":{"rendered":"<p>Proizvajalec: ETAC<\/p>\n<p>Ro\u010dka za umivanje telesa Etac Beauty je zasnovana tako, da omogo\u010da enostavno doseganje in pranje telesa. Krpe za pranje ne absorbirajo vode, zaradi \u010desar so izdelki lahki in uravnote\u017eeni tudi, ko so mokri. Ro\u010daji so ovalni in imajo nedrse\u010do povr\u0161ino, ki omogo\u010da varen oprijem. Krpe za pranje so strojno pralne in zamenljive.<\/p>\n<p><strong>Tehni\u010dne lastnosti:<\/strong><\/p>\n<ul>\n<li>Dol\u017eina: 38 cm<\/li>\n<li>Ute\u017e: 112 g<\/li>\n<li>Material: Polipropilen in TPE<\/li>\n<li>Pralna krpa: bomba\u017e z notranjo oblogo iz polietilena<\/li>\n<li>Oblikovanje: Ergonomidesign<\/li>\n<li>Modeli izdelkov Beauty so registrirani<\/li>\n<\/ul>\n<p>\u0160ifra izdelka:\u00a080210076<\/p>\n","protected":false},"excerpt":{"rendered":"<p>Ro\u010dka za umivanje telesa Etac Beauty je zasnovana tako, da omogo\u010da enostavno doseganje in pranje telesa.<\/p>\n","protected":false},"featured_media":1422,"comment_status":"closed","ping_status":"closed","template":"","meta":[],"product_brand":[],"product_cat":[224,57],"product_tag":[780,100,751,784,782,781,783],"class_list":{"0":"post-1421","1":"product","2":"type-product","3":"status-publish","4":"has-post-thumbnail","6":"product_cat-kopalniski-pripomocki","7":"product_cat-pripomocki-za-higieno","8":"product_tag-beauty-body-washer","9":"product_tag-etac","10":"product_tag-lufa","11":"product_tag-pripomocek-za-umivanje","12":"product_tag-rocka","13":"product_tag-rocka-za-umivanje","14":"product_tag-umivanje-telesa","16":"first","17":"instock","18":"taxable","19":"shipping-taxable","20":"purchasable","21":"product-type-simple"},"yoast_head":"<!-- This site is optimized with the Yoast SEO plugin v24.0 - https:\/\/yoast.com\/wordpress\/plugins\/seo\/ -->\n<title>Beauty body washer - ETAC - ro\u010dka za umivanje telesa - Mi Vam<\/title>\n<meta name=\"description\" content=\"Ro\u010dka za umivanje telesa Etac Beauty je zasnovana tako, da omogo\u010da enostavno doseganje in pranje telesa.\" \/>\n<meta name=\"robots\" content=\"index, follow, max-snippet:-1, max-image-preview:large, max-video-preview:-1\" \/>\n<link rel=\"canonical\" href=\"https:\/\/www.mivam.com\/izdelek\/beauty-body-washer-etac-rocka-za-umivanje-telesa\/\" \/>\n<meta property=\"og:locale\" content=\"en_US\" \/>\n<meta property=\"og:type\" content=\"article\" \/>\n<meta property=\"og:title\" content=\"Beauty body washer - ETAC - ro\u010dka za umivanje telesa - Mi Vam\" \/>\n<meta property=\"og:description\" content=\"Ro\u010dka za umivanje telesa Etac Beauty je zasnovana tako, da omogo\u010da enostavno doseganje in pranje telesa.\" \/>\n<meta property=\"og:url\" content=\"https:\/\/www.mivam.com\/izdelek\/beauty-body-washer-etac-rocka-za-umivanje-telesa\/\" \/>\n<meta property=\"og:site_name\" content=\"Mi Vam\" \/>\n<meta property=\"article:modified_time\" content=\"2025-06-18T23:25:28+00:00\" \/>\n<meta property=\"og:image\" content=\"https:\/\/www.mivam.com\/wp-content\/uploads\/2019\/02\/etac-body-washer-1.jpg\" \/>\n\t<meta property=\"og:image:width\" content=\"1000\" \/>\n\t<meta property=\"og:image:height\" content=\"742\" \/>\n\t<meta property=\"og:image:type\" content=\"image\/jpeg\" \/>\n<meta name=\"twitter:card\" content=\"summary_large_image\" \/>\n<meta name=\"twitter:label1\" content=\"Est. reading time\" \/>\n\t<meta name=\"twitter:data1\" content=\"1 minute\" \/>\n<script type=\"application\/ld+json\" class=\"yoast-schema-graph\">{\"@context\":\"https:\/\/schema.org\",\"@graph\":[{\"@type\":\"WebPage\",\"@id\":\"https:\/\/www.mivam.com\/izdelek\/beauty-body-washer-etac-rocka-za-umivanje-telesa\/\",\"url\":\"https:\/\/www.mivam.com\/izdelek\/beauty-body-washer-etac-rocka-za-umivanje-telesa\/\",\"name\":\"Beauty body washer - ETAC - ro\u010dka za umivanje telesa - Mi Vam\",\"isPartOf\":{\"@id\":\"https:\/\/www.mivam.com\/#website\"},\"primaryImageOfPage\":{\"@id\":\"https:\/\/www.mivam.com\/izdelek\/beauty-body-washer-etac-rocka-za-umivanje-telesa\/#primaryimage\"},\"image\":{\"@id\":\"https:\/\/www.mivam.com\/izdelek\/beauty-body-washer-etac-rocka-za-umivanje-telesa\/#primaryimage\"},\"thumbnailUrl\":\"https:\/\/www.mivam.com\/wp-content\/uploads\/2019\/02\/etac-body-washer-1.jpg\",\"datePublished\":\"2019-02-26T14:24:02+00:00\",\"dateModified\":\"2025-06-18T23:25:28+00:00\",\"description\":\"Ro\u010dka za umivanje telesa Etac Beauty je zasnovana tako, da omogo\u010da enostavno doseganje in pranje telesa.\",\"breadcrumb\":{\"@id\":\"https:\/\/www.mivam.com\/izdelek\/beauty-body-washer-etac-rocka-za-umivanje-telesa\/#breadcrumb\"},\"inLanguage\":\"en-US\",\"potentialAction\":[{\"@type\":\"ReadAction\",\"target\":[\"https:\/\/www.mivam.com\/izdelek\/beauty-body-washer-etac-rocka-za-umivanje-telesa\/\"]}]},{\"@type\":\"ImageObject\",\"inLanguage\":\"en-US\",\"@id\":\"https:\/\/www.mivam.com\/izdelek\/beauty-body-washer-etac-rocka-za-umivanje-telesa\/#primaryimage\",\"url\":\"https:\/\/www.mivam.com\/wp-content\/uploads\/2019\/02\/etac-body-washer-1.jpg\",\"contentUrl\":\"https:\/\/www.mivam.com\/wp-content\/uploads\/2019\/02\/etac-body-washer-1.jpg\",\"width\":1000,\"height\":742},{\"@type\":\"BreadcrumbList\",\"@id\":\"https:\/\/www.mivam.com\/izdelek\/beauty-body-washer-etac-rocka-za-umivanje-telesa\/#breadcrumb\",\"itemListElement\":[{\"@type\":\"ListItem\",\"position\":1,\"name\":\"Domov\",\"item\":\"https:\/\/www.mivam.com\/\"},{\"@type\":\"ListItem\",\"position\":2,\"name\":\"Shop\",\"item\":\"https:\/\/www.mivam.com\/en\/shop\/\"},{\"@type\":\"ListItem\",\"position\":3,\"name\":\"Kopalni\u0161ki pripomo\u010dki\",\"item\":\"https:\/\/www.mivam.com\/kategorija-izdelka\/kopalniski-pripomocki\/\"},{\"@type\":\"ListItem\",\"position\":4,\"name\":\"Pripomo\u010dki za higieno\",\"item\":\"https:\/\/www.mivam.com\/kategorija-izdelka\/kopalniski-pripomocki\/pripomocki-za-higieno\/\"},{\"@type\":\"ListItem\",\"position\":5,\"name\":\"Beauty body washer &#8211; ETAC &#8211; ro\u010dka za umivanje telesa\"}]},{\"@type\":\"WebSite\",\"@id\":\"https:\/\/www.mivam.com\/#website\",\"url\":\"https:\/\/www.mivam.com\/\",\"name\":\"Mi Vam\",\"description\":\"Medicinski pripomo\u010dki in re\u0161itve za manj odvisno \u017eivljenje.\",\"potentialAction\":[{\"@type\":\"SearchAction\",\"target\":{\"@type\":\"EntryPoint\",\"urlTemplate\":\"https:\/\/www.mivam.com\/?s={search_term_string}\"},\"query-input\":{\"@type\":\"PropertyValueSpecification\",\"valueRequired\":true,\"valueName\":\"search_term_string\"}}],\"inLanguage\":\"en-US\"}]}<\/script>\n<!-- \/ Yoast SEO plugin. -->","yoast_head_json":{"title":"Beauty body washer - ETAC - ro\u010dka za umivanje telesa - Mi Vam","description":"Ro\u010dka za umivanje telesa Etac Beauty je zasnovana tako, da omogo\u010da enostavno doseganje in pranje telesa.","robots":{"index":"index","follow":"follow","max-snippet":"max-snippet:-1","max-image-preview":"max-image-preview:large","max-video-preview":"max-video-preview:-1"},"canonical":"https:\/\/www.mivam.com\/izdelek\/beauty-body-washer-etac-rocka-za-umivanje-telesa\/","og_locale":"en_US","og_type":"article","og_title":"Beauty body washer - ETAC - ro\u010dka za umivanje telesa - Mi Vam","og_description":"Ro\u010dka za umivanje telesa Etac Beauty je zasnovana tako, da omogo\u010da enostavno doseganje in pranje telesa.","og_url":"https:\/\/www.mivam.com\/izdelek\/beauty-body-washer-etac-rocka-za-umivanje-telesa\/","og_site_name":"Mi Vam","article_modified_time":"2025-06-18T23:25:28+00:00","og_image":[{"width":1000,"height":742,"url":"https:\/\/www.mivam.com\/wp-content\/uploads\/2019\/02\/etac-body-washer-1.jpg","type":"image\/jpeg"}],"twitter_card":"summary_large_image","twitter_misc":{"Est. reading time":"1 minute"},"schema":{"@context":"https:\/\/schema.org","@graph":[{"@type":"WebPage","@id":"https:\/\/www.mivam.com\/izdelek\/beauty-body-washer-etac-rocka-za-umivanje-telesa\/","url":"https:\/\/www.mivam.com\/izdelek\/beauty-body-washer-etac-rocka-za-umivanje-telesa\/","name":"Beauty body washer - ETAC - ro\u010dka za umivanje telesa - Mi Vam","isPartOf":{"@id":"https:\/\/www.mivam.com\/#website"},"primaryImageOfPage":{"@id":"https:\/\/www.mivam.com\/izdelek\/beauty-body-washer-etac-rocka-za-umivanje-telesa\/#primaryimage"},"image":{"@id":"https:\/\/www.mivam.com\/izdelek\/beauty-body-washer-etac-rocka-za-umivanje-telesa\/#primaryimage"},"thumbnailUrl":"https:\/\/www.mivam.com\/wp-content\/uploads\/2019\/02\/etac-body-washer-1.jpg","datePublished":"2019-02-26T14:24:02+00:00","dateModified":"2025-06-18T23:25:28+00:00","description":"Ro\u010dka za umivanje telesa Etac Beauty je zasnovana tako, da omogo\u010da enostavno doseganje in pranje telesa.","breadcrumb":{"@id":"https:\/\/www.mivam.com\/izdelek\/beauty-body-washer-etac-rocka-za-umivanje-telesa\/#breadcrumb"},"inLanguage":"en-US","potentialAction":[{"@type":"ReadAction","target":["https:\/\/www.mivam.com\/izdelek\/beauty-body-washer-etac-rocka-za-umivanje-telesa\/"]}]},{"@type":"ImageObject","inLanguage":"en-US","@id":"https:\/\/www.mivam.com\/izdelek\/beauty-body-washer-etac-rocka-za-umivanje-telesa\/#primaryimage","url":"https:\/\/www.mivam.com\/wp-content\/uploads\/2019\/02\/etac-body-washer-1.jpg","contentUrl":"https:\/\/www.mivam.com\/wp-content\/uploads\/2019\/02\/etac-body-washer-1.jpg","width":1000,"height":742},{"@type":"BreadcrumbList","@id":"https:\/\/www.mivam.com\/izdelek\/beauty-body-washer-etac-rocka-za-umivanje-telesa\/#breadcrumb","itemListElement":[{"@type":"ListItem","position":1,"name":"Domov","item":"https:\/\/www.mivam.com\/"},{"@type":"ListItem","position":2,"name":"Shop","item":"https:\/\/www.mivam.com\/en\/shop\/"},{"@type":"ListItem","position":3,"name":"Kopalni\u0161ki pripomo\u010dki","item":"https:\/\/www.mivam.com\/kategorija-izdelka\/kopalniski-pripomocki\/"},{"@type":"ListItem","position":4,"name":"Pripomo\u010dki za higieno","item":"https:\/\/www.mivam.com\/kategorija-izdelka\/kopalniski-pripomocki\/pripomocki-za-higieno\/"},{"@type":"ListItem","position":5,"name":"Beauty body washer &#8211; ETAC &#8211; ro\u010dka za umivanje telesa"}]},{"@type":"WebSite","@id":"https:\/\/www.mivam.com\/#website","url":"https:\/\/www.mivam.com\/","name":"Mi Vam","description":"Medicinski pripomo\u010dki in re\u0161itve za manj odvisno \u017eivljenje.","potentialAction":[{"@type":"SearchAction","target":{"@type":"EntryPoint","urlTemplate":"https:\/\/www.mivam.com\/?s={search_term_string}"},"query-input":{"@type":"PropertyValueSpecification","valueRequired":true,"valueName":"search_term_string"}}],"inLanguage":"en-US"}]}},"_links":{"self":[{"href":"https:\/\/www.mivam.com\/en\/wp-json\/wp\/v2\/product\/1421","targetHints":{"allow":["GET"]}}],"collection":[{"href":"https:\/\/www.mivam.com\/en\/wp-json\/wp\/v2\/product"}],"about":[{"href":"https:\/\/www.mivam.com\/en\/wp-json\/wp\/v2\/types\/product"}],"replies":[{"embeddable":true,"href":"https:\/\/www.mivam.com\/en\/wp-json\/wp\/v2\/comments?post=1421"}],"wp:featuredmedia":[{"embeddable":true,"href":"https:\/\/www.mivam.com\/en\/wp-json\/wp\/v2\/media\/1422"}],"wp:attachment":[{"href":"https:\/\/www.mivam.com\/en\/wp-json\/wp\/v2\/media?parent=1421"}],"wp:term":[{"taxonomy":"product_brand","embeddable":true,"href":"https:\/\/www.mivam.com\/en\/wp-json\/wp\/v2\/product_brand?post=1421"},{"taxonomy":"product_cat","embeddable":true,"href":"https:\/\/www.mivam.com\/en\/wp-json\/wp\/v2\/product_cat?post=1421"},{"taxonomy":"product_tag","embeddable":true,"href":"https:\/\/www.mivam.com\/en\/wp-json\/wp\/v2\/product_tag?post=1421"}],"curies":[{"name":"wp","href":"https:\/\/api.w.org\/{rel}","templated":true}]}}