{"id":1417,"date":"2019-02-26T15:19:58","date_gmt":"2019-02-26T14:19:58","guid":{"rendered":"https:\/\/www.mivam.com\/?post_type=product&#038;p=1417"},"modified":"2025-06-19T01:27:07","modified_gmt":"2025-06-18T23:27:07","slug":"beauty-hair-washer-etac-glavnik-za-pranje-las","status":"publish","type":"product","link":"https:\/\/www.mivam.com\/en\/izdelek\/beauty-hair-washer-etac-glavnik-za-pranje-las\/","title":{"rendered":"Beauty hair washer &#8211; ETAC &#8211; glavnik za umivanje las"},"content":{"rendered":"<p>Proizvajalec: ETAC<\/p>\n<p>Beauty hair washer glavnik za umivanje las nadomesti prste, da nanese \u0161ampon in masira lasi\u0161\u010de. Gred in ro\u010daj sta enake oblike kot pri pripomo\u010dku za umivanje telesa, zaradi \u010desar je la\u017eje dose\u010di glavo brez obremenjevanja zapestja, ramen ali rok. Ro\u010daji so ovalni in imajo nedrse\u010do povr\u0161ino, ki omogo\u010da varen oprijem.<\/p>\n<p><strong>Tehni\u010dne specifikacije:<\/strong><\/p>\n<ul>\n<li>Dol\u017eina: 36 cm<\/li>\n<li>Ute\u017e:\u00a0112 g<\/li>\n<li>Material: Polipropilen in TPE<\/li>\n<li>Oblikovanje: Ergonomidesign<\/li>\n<li>Modeli izdelkov Beauty so registrirani.<\/li>\n<\/ul>\n<p>\u0160ifra izdelka:\u00a080210078<\/p>\n","protected":false},"excerpt":{"rendered":"<p>Beauty hair washer glavnik za pranje las nadomesti prste, da nanese \u0161ampon in masira lasi\u0161\u010de.<\/p>\n","protected":false},"featured_media":1418,"comment_status":"closed","ping_status":"closed","template":"","meta":[],"product_brand":[],"product_cat":[224,57],"product_tag":[791,785,788,100,786,790,789,787],"class_list":{"0":"post-1417","1":"product","2":"type-product","3":"status-publish","4":"has-post-thumbnail","6":"product_cat-kopalniski-pripomocki","7":"product_cat-pripomocki-za-higieno","8":"product_tag-beauty-hair","9":"product_tag-beauty-hair-washer","10":"product_tag-cesanje","11":"product_tag-etac","12":"product_tag-glavnik-za-umivanje-las","13":"product_tag-krtaca-za-glavo","14":"product_tag-krtaca-za-lase","15":"product_tag-umivanje-las","17":"first","18":"instock","19":"taxable","20":"shipping-taxable","21":"purchasable","22":"product-type-simple"},"yoast_head":"<!-- This site is optimized with the Yoast SEO plugin v24.0 - https:\/\/yoast.com\/wordpress\/plugins\/seo\/ -->\n<title>Beauty hair washer - ETAC - glavnik za umivanje las - Mi Vam<\/title>\n<meta name=\"description\" content=\"Beauty hair washer glavnik za pranje las nadomesti prste, da nanese \u0161ampon in masira lasi\u0161\u010de.\" \/>\n<meta name=\"robots\" content=\"index, follow, max-snippet:-1, max-image-preview:large, max-video-preview:-1\" \/>\n<link rel=\"canonical\" href=\"https:\/\/www.mivam.com\/izdelek\/beauty-hair-washer-etac-glavnik-za-pranje-las\/\" \/>\n<meta property=\"og:locale\" content=\"en_US\" \/>\n<meta property=\"og:type\" content=\"article\" \/>\n<meta property=\"og:title\" content=\"Beauty hair washer - ETAC - glavnik za umivanje las - Mi Vam\" \/>\n<meta property=\"og:description\" content=\"Beauty hair washer glavnik za pranje las nadomesti prste, da nanese \u0161ampon in masira lasi\u0161\u010de.\" \/>\n<meta property=\"og:url\" content=\"https:\/\/www.mivam.com\/izdelek\/beauty-hair-washer-etac-glavnik-za-pranje-las\/\" \/>\n<meta property=\"og:site_name\" content=\"Mi Vam\" \/>\n<meta property=\"article:modified_time\" content=\"2025-06-18T23:27:07+00:00\" \/>\n<meta property=\"og:image\" content=\"https:\/\/www.mivam.com\/wp-content\/uploads\/2019\/02\/etac-hair-washer-1.jpg\" \/>\n\t<meta property=\"og:image:width\" content=\"1000\" \/>\n\t<meta property=\"og:image:height\" content=\"742\" \/>\n\t<meta property=\"og:image:type\" content=\"image\/jpeg\" \/>\n<meta name=\"twitter:card\" content=\"summary_large_image\" \/>\n<meta name=\"twitter:label1\" content=\"Est. reading time\" \/>\n\t<meta name=\"twitter:data1\" content=\"1 minute\" \/>\n<script type=\"application\/ld+json\" class=\"yoast-schema-graph\">{\"@context\":\"https:\/\/schema.org\",\"@graph\":[{\"@type\":\"WebPage\",\"@id\":\"https:\/\/www.mivam.com\/izdelek\/beauty-hair-washer-etac-glavnik-za-pranje-las\/\",\"url\":\"https:\/\/www.mivam.com\/izdelek\/beauty-hair-washer-etac-glavnik-za-pranje-las\/\",\"name\":\"Beauty hair washer - ETAC - glavnik za umivanje las - Mi Vam\",\"isPartOf\":{\"@id\":\"https:\/\/www.mivam.com\/#website\"},\"primaryImageOfPage\":{\"@id\":\"https:\/\/www.mivam.com\/izdelek\/beauty-hair-washer-etac-glavnik-za-pranje-las\/#primaryimage\"},\"image\":{\"@id\":\"https:\/\/www.mivam.com\/izdelek\/beauty-hair-washer-etac-glavnik-za-pranje-las\/#primaryimage\"},\"thumbnailUrl\":\"https:\/\/www.mivam.com\/wp-content\/uploads\/2019\/02\/etac-hair-washer-1.jpg\",\"datePublished\":\"2019-02-26T14:19:58+00:00\",\"dateModified\":\"2025-06-18T23:27:07+00:00\",\"description\":\"Beauty hair washer glavnik za pranje las nadomesti prste, da nanese \u0161ampon in masira lasi\u0161\u010de.\",\"breadcrumb\":{\"@id\":\"https:\/\/www.mivam.com\/izdelek\/beauty-hair-washer-etac-glavnik-za-pranje-las\/#breadcrumb\"},\"inLanguage\":\"en-US\",\"potentialAction\":[{\"@type\":\"ReadAction\",\"target\":[\"https:\/\/www.mivam.com\/izdelek\/beauty-hair-washer-etac-glavnik-za-pranje-las\/\"]}]},{\"@type\":\"ImageObject\",\"inLanguage\":\"en-US\",\"@id\":\"https:\/\/www.mivam.com\/izdelek\/beauty-hair-washer-etac-glavnik-za-pranje-las\/#primaryimage\",\"url\":\"https:\/\/www.mivam.com\/wp-content\/uploads\/2019\/02\/etac-hair-washer-1.jpg\",\"contentUrl\":\"https:\/\/www.mivam.com\/wp-content\/uploads\/2019\/02\/etac-hair-washer-1.jpg\",\"width\":1000,\"height\":742},{\"@type\":\"BreadcrumbList\",\"@id\":\"https:\/\/www.mivam.com\/izdelek\/beauty-hair-washer-etac-glavnik-za-pranje-las\/#breadcrumb\",\"itemListElement\":[{\"@type\":\"ListItem\",\"position\":1,\"name\":\"Domov\",\"item\":\"https:\/\/www.mivam.com\/\"},{\"@type\":\"ListItem\",\"position\":2,\"name\":\"Shop\",\"item\":\"https:\/\/www.mivam.com\/en\/shop\/\"},{\"@type\":\"ListItem\",\"position\":3,\"name\":\"Kopalni\u0161ki pripomo\u010dki\",\"item\":\"https:\/\/www.mivam.com\/kategorija-izdelka\/kopalniski-pripomocki\/\"},{\"@type\":\"ListItem\",\"position\":4,\"name\":\"Pripomo\u010dki za higieno\",\"item\":\"https:\/\/www.mivam.com\/kategorija-izdelka\/kopalniski-pripomocki\/pripomocki-za-higieno\/\"},{\"@type\":\"ListItem\",\"position\":5,\"name\":\"Beauty hair washer &#8211; ETAC &#8211; glavnik za umivanje las\"}]},{\"@type\":\"WebSite\",\"@id\":\"https:\/\/www.mivam.com\/#website\",\"url\":\"https:\/\/www.mivam.com\/\",\"name\":\"Mi Vam\",\"description\":\"Medicinski pripomo\u010dki in re\u0161itve za manj odvisno \u017eivljenje.\",\"potentialAction\":[{\"@type\":\"SearchAction\",\"target\":{\"@type\":\"EntryPoint\",\"urlTemplate\":\"https:\/\/www.mivam.com\/?s={search_term_string}\"},\"query-input\":{\"@type\":\"PropertyValueSpecification\",\"valueRequired\":true,\"valueName\":\"search_term_string\"}}],\"inLanguage\":\"en-US\"}]}<\/script>\n<!-- \/ Yoast SEO plugin. -->","yoast_head_json":{"title":"Beauty hair washer - ETAC - glavnik za umivanje las - Mi Vam","description":"Beauty hair washer glavnik za pranje las nadomesti prste, da nanese \u0161ampon in masira lasi\u0161\u010de.","robots":{"index":"index","follow":"follow","max-snippet":"max-snippet:-1","max-image-preview":"max-image-preview:large","max-video-preview":"max-video-preview:-1"},"canonical":"https:\/\/www.mivam.com\/izdelek\/beauty-hair-washer-etac-glavnik-za-pranje-las\/","og_locale":"en_US","og_type":"article","og_title":"Beauty hair washer - ETAC - glavnik za umivanje las - Mi Vam","og_description":"Beauty hair washer glavnik za pranje las nadomesti prste, da nanese \u0161ampon in masira lasi\u0161\u010de.","og_url":"https:\/\/www.mivam.com\/izdelek\/beauty-hair-washer-etac-glavnik-za-pranje-las\/","og_site_name":"Mi Vam","article_modified_time":"2025-06-18T23:27:07+00:00","og_image":[{"width":1000,"height":742,"url":"https:\/\/www.mivam.com\/wp-content\/uploads\/2019\/02\/etac-hair-washer-1.jpg","type":"image\/jpeg"}],"twitter_card":"summary_large_image","twitter_misc":{"Est. reading time":"1 minute"},"schema":{"@context":"https:\/\/schema.org","@graph":[{"@type":"WebPage","@id":"https:\/\/www.mivam.com\/izdelek\/beauty-hair-washer-etac-glavnik-za-pranje-las\/","url":"https:\/\/www.mivam.com\/izdelek\/beauty-hair-washer-etac-glavnik-za-pranje-las\/","name":"Beauty hair washer - ETAC - glavnik za umivanje las - Mi Vam","isPartOf":{"@id":"https:\/\/www.mivam.com\/#website"},"primaryImageOfPage":{"@id":"https:\/\/www.mivam.com\/izdelek\/beauty-hair-washer-etac-glavnik-za-pranje-las\/#primaryimage"},"image":{"@id":"https:\/\/www.mivam.com\/izdelek\/beauty-hair-washer-etac-glavnik-za-pranje-las\/#primaryimage"},"thumbnailUrl":"https:\/\/www.mivam.com\/wp-content\/uploads\/2019\/02\/etac-hair-washer-1.jpg","datePublished":"2019-02-26T14:19:58+00:00","dateModified":"2025-06-18T23:27:07+00:00","description":"Beauty hair washer glavnik za pranje las nadomesti prste, da nanese \u0161ampon in masira lasi\u0161\u010de.","breadcrumb":{"@id":"https:\/\/www.mivam.com\/izdelek\/beauty-hair-washer-etac-glavnik-za-pranje-las\/#breadcrumb"},"inLanguage":"en-US","potentialAction":[{"@type":"ReadAction","target":["https:\/\/www.mivam.com\/izdelek\/beauty-hair-washer-etac-glavnik-za-pranje-las\/"]}]},{"@type":"ImageObject","inLanguage":"en-US","@id":"https:\/\/www.mivam.com\/izdelek\/beauty-hair-washer-etac-glavnik-za-pranje-las\/#primaryimage","url":"https:\/\/www.mivam.com\/wp-content\/uploads\/2019\/02\/etac-hair-washer-1.jpg","contentUrl":"https:\/\/www.mivam.com\/wp-content\/uploads\/2019\/02\/etac-hair-washer-1.jpg","width":1000,"height":742},{"@type":"BreadcrumbList","@id":"https:\/\/www.mivam.com\/izdelek\/beauty-hair-washer-etac-glavnik-za-pranje-las\/#breadcrumb","itemListElement":[{"@type":"ListItem","position":1,"name":"Domov","item":"https:\/\/www.mivam.com\/"},{"@type":"ListItem","position":2,"name":"Shop","item":"https:\/\/www.mivam.com\/en\/shop\/"},{"@type":"ListItem","position":3,"name":"Kopalni\u0161ki pripomo\u010dki","item":"https:\/\/www.mivam.com\/kategorija-izdelka\/kopalniski-pripomocki\/"},{"@type":"ListItem","position":4,"name":"Pripomo\u010dki za higieno","item":"https:\/\/www.mivam.com\/kategorija-izdelka\/kopalniski-pripomocki\/pripomocki-za-higieno\/"},{"@type":"ListItem","position":5,"name":"Beauty hair washer &#8211; ETAC &#8211; glavnik za umivanje las"}]},{"@type":"WebSite","@id":"https:\/\/www.mivam.com\/#website","url":"https:\/\/www.mivam.com\/","name":"Mi Vam","description":"Medicinski pripomo\u010dki in re\u0161itve za manj odvisno \u017eivljenje.","potentialAction":[{"@type":"SearchAction","target":{"@type":"EntryPoint","urlTemplate":"https:\/\/www.mivam.com\/?s={search_term_string}"},"query-input":{"@type":"PropertyValueSpecification","valueRequired":true,"valueName":"search_term_string"}}],"inLanguage":"en-US"}]}},"_links":{"self":[{"href":"https:\/\/www.mivam.com\/en\/wp-json\/wp\/v2\/product\/1417","targetHints":{"allow":["GET"]}}],"collection":[{"href":"https:\/\/www.mivam.com\/en\/wp-json\/wp\/v2\/product"}],"about":[{"href":"https:\/\/www.mivam.com\/en\/wp-json\/wp\/v2\/types\/product"}],"replies":[{"embeddable":true,"href":"https:\/\/www.mivam.com\/en\/wp-json\/wp\/v2\/comments?post=1417"}],"wp:featuredmedia":[{"embeddable":true,"href":"https:\/\/www.mivam.com\/en\/wp-json\/wp\/v2\/media\/1418"}],"wp:attachment":[{"href":"https:\/\/www.mivam.com\/en\/wp-json\/wp\/v2\/media?parent=1417"}],"wp:term":[{"taxonomy":"product_brand","embeddable":true,"href":"https:\/\/www.mivam.com\/en\/wp-json\/wp\/v2\/product_brand?post=1417"},{"taxonomy":"product_cat","embeddable":true,"href":"https:\/\/www.mivam.com\/en\/wp-json\/wp\/v2\/product_cat?post=1417"},{"taxonomy":"product_tag","embeddable":true,"href":"https:\/\/www.mivam.com\/en\/wp-json\/wp\/v2\/product_tag?post=1417"}],"curies":[{"name":"wp","href":"https:\/\/api.w.org\/{rel}","templated":true}]}}