{"id":1411,"date":"2019-02-26T15:16:07","date_gmt":"2019-02-26T14:16:07","guid":{"rendered":"https:\/\/www.mivam.com\/?post_type=product&#038;p=1411"},"modified":"2025-06-19T01:29:25","modified_gmt":"2025-06-18T23:29:25","slug":"beauty-comb-etac-glavnik-z-rocajem","status":"publish","type":"product","link":"https:\/\/www.mivam.com\/en\/izdelek\/beauty-comb-etac-glavnik-z-rocajem\/","title":{"rendered":"Beauty Comb &#8211; ETAC &#8211; glavnik z ro\u010dajem"},"content":{"rendered":"<p>Proizvajalec: ETAC<\/p>\n<p>Beauty Comb glavnik je ukrivljen za najbolj\u0161e udobje in nadzor pri \u010desanju \/ \u0161\u010detkanju las. Ro\u010daji so ovalni in imajo nedrse\u010do povr\u0161ino, ki omogo\u010da varen oprijem. Kozmeti\u010dni glavnik in \u0161\u010detka za lase sta v dveh dol\u017einah. Kraj\u0161a razli\u010dica je priporo\u010dljiva, ko uporabnik lahko dose\u017ee uho. Dalj\u0161a razli\u010dica je primerna za uporabnike, ki lahko dose\u017eejo le ramo.<\/p>\n<p><strong>Tehni\u010dna specifikacija:<\/strong><\/p>\n<ul>\n<li>Dol\u017eina: 30 ali 37 cm<\/li>\n<li>Ute\u017e: 30 cm: 80 g, 37 cm: 90 g<\/li>\n<li>Material:\u00a0Polipropilen in TPE<\/li>\n<li>Oblikovanje: Ergonomidesign<\/li>\n<li>Modeli izdelkov Beauty so registrirani.<\/li>\n<\/ul>\n","protected":false},"excerpt":{"rendered":"<p>Beauty Comb glavnik je ukrivljen za najbolj\u0161e udobje in nadzor pri \u010desanju \/ \u0161\u010detkanju las.<\/p>\n","protected":false},"featured_media":1413,"comment_status":"closed","ping_status":"closed","template":"","meta":[],"product_brand":[],"product_cat":[224,57],"product_tag":[792,793,100,796,797,794,795],"class_list":{"0":"post-1411","1":"product","2":"type-product","3":"status-publish","4":"has-post-thumbnail","6":"product_cat-kopalniski-pripomocki","7":"product_cat-pripomocki-za-higieno","8":"product_tag-beauty-combs","9":"product_tag-combs","10":"product_tag-etac","11":"product_tag-glavnik","12":"product_tag-glavnik-z-prilagojenim-rocajem","13":"product_tag-glavnik-z-rocajem","14":"product_tag-glavnik-za-lase","16":"first","17":"instock","18":"taxable","19":"shipping-taxable","20":"purchasable","21":"product-type-simple"},"yoast_head":"<!-- This site is optimized with the Yoast SEO plugin v24.0 - https:\/\/yoast.com\/wordpress\/plugins\/seo\/ -->\n<title>Beauty Comb - ETAC - glavnik z ro\u010dajem - Mi Vam<\/title>\n<meta name=\"description\" content=\"Beauty Comb glavnik je ukrivljen za najbolj\u0161e udobje in nadzor pri \u010desanju \/ \u0161\u010detkanju las.\" \/>\n<meta name=\"robots\" content=\"index, follow, max-snippet:-1, max-image-preview:large, max-video-preview:-1\" \/>\n<link rel=\"canonical\" href=\"https:\/\/www.mivam.com\/izdelek\/beauty-comb-etac-glavnik-z-rocajem\/\" \/>\n<meta property=\"og:locale\" content=\"en_US\" \/>\n<meta property=\"og:type\" content=\"article\" \/>\n<meta property=\"og:title\" content=\"Beauty Comb - ETAC - glavnik z ro\u010dajem - Mi Vam\" \/>\n<meta property=\"og:description\" content=\"Beauty Comb glavnik je ukrivljen za najbolj\u0161e udobje in nadzor pri \u010desanju \/ \u0161\u010detkanju las.\" \/>\n<meta property=\"og:url\" content=\"https:\/\/www.mivam.com\/izdelek\/beauty-comb-etac-glavnik-z-rocajem\/\" \/>\n<meta property=\"og:site_name\" content=\"Mi Vam\" \/>\n<meta property=\"article:modified_time\" content=\"2025-06-18T23:29:25+00:00\" \/>\n<meta property=\"og:image\" content=\"https:\/\/www.mivam.com\/wp-content\/uploads\/2019\/02\/etac-glavnik-z-rocajem-1.jpg\" \/>\n\t<meta property=\"og:image:width\" content=\"1000\" \/>\n\t<meta property=\"og:image:height\" content=\"742\" \/>\n\t<meta property=\"og:image:type\" content=\"image\/jpeg\" \/>\n<meta name=\"twitter:card\" content=\"summary_large_image\" \/>\n<meta name=\"twitter:label1\" content=\"Est. reading time\" \/>\n\t<meta name=\"twitter:data1\" content=\"1 minute\" \/>\n<script type=\"application\/ld+json\" class=\"yoast-schema-graph\">{\"@context\":\"https:\/\/schema.org\",\"@graph\":[{\"@type\":\"WebPage\",\"@id\":\"https:\/\/www.mivam.com\/izdelek\/beauty-comb-etac-glavnik-z-rocajem\/\",\"url\":\"https:\/\/www.mivam.com\/izdelek\/beauty-comb-etac-glavnik-z-rocajem\/\",\"name\":\"Beauty Comb - ETAC - glavnik z ro\u010dajem - Mi Vam\",\"isPartOf\":{\"@id\":\"https:\/\/www.mivam.com\/#website\"},\"primaryImageOfPage\":{\"@id\":\"https:\/\/www.mivam.com\/izdelek\/beauty-comb-etac-glavnik-z-rocajem\/#primaryimage\"},\"image\":{\"@id\":\"https:\/\/www.mivam.com\/izdelek\/beauty-comb-etac-glavnik-z-rocajem\/#primaryimage\"},\"thumbnailUrl\":\"https:\/\/www.mivam.com\/wp-content\/uploads\/2019\/02\/etac-glavnik-z-rocajem-1.jpg\",\"datePublished\":\"2019-02-26T14:16:07+00:00\",\"dateModified\":\"2025-06-18T23:29:25+00:00\",\"description\":\"Beauty Comb glavnik je ukrivljen za najbolj\u0161e udobje in nadzor pri \u010desanju \/ \u0161\u010detkanju las.\",\"breadcrumb\":{\"@id\":\"https:\/\/www.mivam.com\/izdelek\/beauty-comb-etac-glavnik-z-rocajem\/#breadcrumb\"},\"inLanguage\":\"en-US\",\"potentialAction\":[{\"@type\":\"ReadAction\",\"target\":[\"https:\/\/www.mivam.com\/izdelek\/beauty-comb-etac-glavnik-z-rocajem\/\"]}]},{\"@type\":\"ImageObject\",\"inLanguage\":\"en-US\",\"@id\":\"https:\/\/www.mivam.com\/izdelek\/beauty-comb-etac-glavnik-z-rocajem\/#primaryimage\",\"url\":\"https:\/\/www.mivam.com\/wp-content\/uploads\/2019\/02\/etac-glavnik-z-rocajem-1.jpg\",\"contentUrl\":\"https:\/\/www.mivam.com\/wp-content\/uploads\/2019\/02\/etac-glavnik-z-rocajem-1.jpg\",\"width\":1000,\"height\":742},{\"@type\":\"BreadcrumbList\",\"@id\":\"https:\/\/www.mivam.com\/izdelek\/beauty-comb-etac-glavnik-z-rocajem\/#breadcrumb\",\"itemListElement\":[{\"@type\":\"ListItem\",\"position\":1,\"name\":\"Domov\",\"item\":\"https:\/\/www.mivam.com\/\"},{\"@type\":\"ListItem\",\"position\":2,\"name\":\"Shop\",\"item\":\"https:\/\/www.mivam.com\/en\/shop\/\"},{\"@type\":\"ListItem\",\"position\":3,\"name\":\"Kopalni\u0161ki pripomo\u010dki\",\"item\":\"https:\/\/www.mivam.com\/kategorija-izdelka\/kopalniski-pripomocki\/\"},{\"@type\":\"ListItem\",\"position\":4,\"name\":\"Pripomo\u010dki za higieno\",\"item\":\"https:\/\/www.mivam.com\/kategorija-izdelka\/kopalniski-pripomocki\/pripomocki-za-higieno\/\"},{\"@type\":\"ListItem\",\"position\":5,\"name\":\"Beauty Comb &#8211; ETAC &#8211; glavnik z ro\u010dajem\"}]},{\"@type\":\"WebSite\",\"@id\":\"https:\/\/www.mivam.com\/#website\",\"url\":\"https:\/\/www.mivam.com\/\",\"name\":\"Mi Vam\",\"description\":\"Medicinski pripomo\u010dki in re\u0161itve za manj odvisno \u017eivljenje.\",\"potentialAction\":[{\"@type\":\"SearchAction\",\"target\":{\"@type\":\"EntryPoint\",\"urlTemplate\":\"https:\/\/www.mivam.com\/?s={search_term_string}\"},\"query-input\":{\"@type\":\"PropertyValueSpecification\",\"valueRequired\":true,\"valueName\":\"search_term_string\"}}],\"inLanguage\":\"en-US\"}]}<\/script>\n<!-- \/ Yoast SEO plugin. -->","yoast_head_json":{"title":"Beauty Comb - ETAC - glavnik z ro\u010dajem - Mi Vam","description":"Beauty Comb glavnik je ukrivljen za najbolj\u0161e udobje in nadzor pri \u010desanju \/ \u0161\u010detkanju las.","robots":{"index":"index","follow":"follow","max-snippet":"max-snippet:-1","max-image-preview":"max-image-preview:large","max-video-preview":"max-video-preview:-1"},"canonical":"https:\/\/www.mivam.com\/izdelek\/beauty-comb-etac-glavnik-z-rocajem\/","og_locale":"en_US","og_type":"article","og_title":"Beauty Comb - ETAC - glavnik z ro\u010dajem - Mi Vam","og_description":"Beauty Comb glavnik je ukrivljen za najbolj\u0161e udobje in nadzor pri \u010desanju \/ \u0161\u010detkanju las.","og_url":"https:\/\/www.mivam.com\/izdelek\/beauty-comb-etac-glavnik-z-rocajem\/","og_site_name":"Mi Vam","article_modified_time":"2025-06-18T23:29:25+00:00","og_image":[{"width":1000,"height":742,"url":"https:\/\/www.mivam.com\/wp-content\/uploads\/2019\/02\/etac-glavnik-z-rocajem-1.jpg","type":"image\/jpeg"}],"twitter_card":"summary_large_image","twitter_misc":{"Est. reading time":"1 minute"},"schema":{"@context":"https:\/\/schema.org","@graph":[{"@type":"WebPage","@id":"https:\/\/www.mivam.com\/izdelek\/beauty-comb-etac-glavnik-z-rocajem\/","url":"https:\/\/www.mivam.com\/izdelek\/beauty-comb-etac-glavnik-z-rocajem\/","name":"Beauty Comb - ETAC - glavnik z ro\u010dajem - Mi Vam","isPartOf":{"@id":"https:\/\/www.mivam.com\/#website"},"primaryImageOfPage":{"@id":"https:\/\/www.mivam.com\/izdelek\/beauty-comb-etac-glavnik-z-rocajem\/#primaryimage"},"image":{"@id":"https:\/\/www.mivam.com\/izdelek\/beauty-comb-etac-glavnik-z-rocajem\/#primaryimage"},"thumbnailUrl":"https:\/\/www.mivam.com\/wp-content\/uploads\/2019\/02\/etac-glavnik-z-rocajem-1.jpg","datePublished":"2019-02-26T14:16:07+00:00","dateModified":"2025-06-18T23:29:25+00:00","description":"Beauty Comb glavnik je ukrivljen za najbolj\u0161e udobje in nadzor pri \u010desanju \/ \u0161\u010detkanju las.","breadcrumb":{"@id":"https:\/\/www.mivam.com\/izdelek\/beauty-comb-etac-glavnik-z-rocajem\/#breadcrumb"},"inLanguage":"en-US","potentialAction":[{"@type":"ReadAction","target":["https:\/\/www.mivam.com\/izdelek\/beauty-comb-etac-glavnik-z-rocajem\/"]}]},{"@type":"ImageObject","inLanguage":"en-US","@id":"https:\/\/www.mivam.com\/izdelek\/beauty-comb-etac-glavnik-z-rocajem\/#primaryimage","url":"https:\/\/www.mivam.com\/wp-content\/uploads\/2019\/02\/etac-glavnik-z-rocajem-1.jpg","contentUrl":"https:\/\/www.mivam.com\/wp-content\/uploads\/2019\/02\/etac-glavnik-z-rocajem-1.jpg","width":1000,"height":742},{"@type":"BreadcrumbList","@id":"https:\/\/www.mivam.com\/izdelek\/beauty-comb-etac-glavnik-z-rocajem\/#breadcrumb","itemListElement":[{"@type":"ListItem","position":1,"name":"Domov","item":"https:\/\/www.mivam.com\/"},{"@type":"ListItem","position":2,"name":"Shop","item":"https:\/\/www.mivam.com\/en\/shop\/"},{"@type":"ListItem","position":3,"name":"Kopalni\u0161ki pripomo\u010dki","item":"https:\/\/www.mivam.com\/kategorija-izdelka\/kopalniski-pripomocki\/"},{"@type":"ListItem","position":4,"name":"Pripomo\u010dki za higieno","item":"https:\/\/www.mivam.com\/kategorija-izdelka\/kopalniski-pripomocki\/pripomocki-za-higieno\/"},{"@type":"ListItem","position":5,"name":"Beauty Comb &#8211; ETAC &#8211; glavnik z ro\u010dajem"}]},{"@type":"WebSite","@id":"https:\/\/www.mivam.com\/#website","url":"https:\/\/www.mivam.com\/","name":"Mi Vam","description":"Medicinski pripomo\u010dki in re\u0161itve za manj odvisno \u017eivljenje.","potentialAction":[{"@type":"SearchAction","target":{"@type":"EntryPoint","urlTemplate":"https:\/\/www.mivam.com\/?s={search_term_string}"},"query-input":{"@type":"PropertyValueSpecification","valueRequired":true,"valueName":"search_term_string"}}],"inLanguage":"en-US"}]}},"_links":{"self":[{"href":"https:\/\/www.mivam.com\/en\/wp-json\/wp\/v2\/product\/1411","targetHints":{"allow":["GET"]}}],"collection":[{"href":"https:\/\/www.mivam.com\/en\/wp-json\/wp\/v2\/product"}],"about":[{"href":"https:\/\/www.mivam.com\/en\/wp-json\/wp\/v2\/types\/product"}],"replies":[{"embeddable":true,"href":"https:\/\/www.mivam.com\/en\/wp-json\/wp\/v2\/comments?post=1411"}],"wp:featuredmedia":[{"embeddable":true,"href":"https:\/\/www.mivam.com\/en\/wp-json\/wp\/v2\/media\/1413"}],"wp:attachment":[{"href":"https:\/\/www.mivam.com\/en\/wp-json\/wp\/v2\/media?parent=1411"}],"wp:term":[{"taxonomy":"product_brand","embeddable":true,"href":"https:\/\/www.mivam.com\/en\/wp-json\/wp\/v2\/product_brand?post=1411"},{"taxonomy":"product_cat","embeddable":true,"href":"https:\/\/www.mivam.com\/en\/wp-json\/wp\/v2\/product_cat?post=1411"},{"taxonomy":"product_tag","embeddable":true,"href":"https:\/\/www.mivam.com\/en\/wp-json\/wp\/v2\/product_tag?post=1411"}],"curies":[{"name":"wp","href":"https:\/\/api.w.org\/{rel}","templated":true}]}}