{"id":1404,"date":"2019-02-26T15:06:47","date_gmt":"2019-02-26T14:06:47","guid":{"rendered":"https:\/\/www.mivam.com\/?post_type=product&#038;p=1404"},"modified":"2025-06-23T11:24:07","modified_gmt":"2025-06-23T09:24:07","slug":"e-pilot-alber-elektromotorni-pogon-za-invalidske-vozicke","status":"publish","type":"product","link":"https:\/\/www.mivam.com\/en\/izdelek\/e-pilot-alber-elektromotorni-pogon-za-invalidske-vozicke\/","title":{"rendered":"E-pilot ALBER &#8211; elektromotorni pogon za invalidske vozi\u010dke"},"content":{"rendered":"<div class=\"wpb-content-wrapper\"><p>[vc_row][vc_column][vc_column_text]Proizvajalec: ALBER<\/p>\n<p>Odli\u010dna kombinacija \u0161portno-elegantnega dizajna in popolne ergonomije: e-pilot podjetja Alber prepri\u010da. V nekaj sekundah spremeni va\u0161 invalidski vozi\u010dek v \u0161portno vozilo &#8211; dinami\u010dno kombinacijo za vsakodnevno uporabo. To odpravlja nadle\u017eno iskanje parkirnega prostora in dolgotrajen prenos v in iz avtomobila. Mo\u010dna vilica, vgrajen akumulatorski paket in zmogljivo pogonsko kolo odli\u010dno zdru\u017eujeta \u0161porten dizajn in prefinjeno ergonomijo.<\/p>\n<p>Peljite se do centra, obi\u0161\u010dite prijatelje ali preprosto u\u017eivajte v naravi. Ni problema z e-pilotom: samo priklopite ga na ro\u010dni invalidski vozi\u010dek, ga vklopite in obrnite ro\u010dico za hitrost.\u00a0 Tudi razdalje do 50 km zaradi velikega Li-Ion akumulatorja niso problem. Ko pridete do cilja, odstranite e-pilot in vozite z va\u0161im invalidskim vozi\u010dkom kot obi\u010dajno.<\/p>\n<p>Premagajte meje, u\u017eivajte novo svobodo. E-pilot ponuja novo vrsto mobilnosti. Zahvaljujo\u010d velikemu sprednjemu kolesu lahko enostavno raz\u0161irite mo\u017enosti ro\u010dnega invalidskega vozi\u010dka. Makadamska cesta ali slab teren ni problem. Celo robnik je mogo\u010de enostavno premagati.<\/p>\n<p>Pametne funkcije na poti: zahvaljujo\u010d opciji Mobility plus paketa se lahko uporaba e-pilota raz\u0161iri s funkcijami, kot je navigacija, ki ka\u017ee poti dostopne z invalidskim vozi\u010dkom, ali pove\u010danje hitrosti na 20 km\/h. Zaradi tega je potovanje zelo zabavno in hitreje boste dosegli svoj cilj.<\/p>\n<p>[\/vc_column_text][\/vc_column][\/vc_row][vc_row][vc_column][vc_single_image image=&#8221;7786&#8243; add_caption=&#8221;yes&#8221; onclick=&#8221;custom_link&#8221; link=&#8221;https:\/\/e-pilot.alber.de\/en\/viewer\/e-pilot&#8221; title=&#8221;KLIKNITE NA SLIKO ZA KONFIGURACIJO VA\u0160EGA LASTNEGA E-PILOT, to delite na &#x69;&#110;f&#x6f;&#x40;mi&#x76;&#97;m&#x2e;&#x63;om za ponudbo&#8221;][\/vc_column][\/vc_row][vc_row][vc_column]        \n\t\t\t\t<div class=\"file-wrap \" id=\"\">\n\t\t\t\t\t<a href=\"https:\/\/www.mivam.com\/wp-content\/uploads\/2019\/02\/halterungen_alber_202103_01.xlsx\" target=\"_blank\" class=\"file-dl-btn\">\t\n\t\t\t\t\t\tKOMPATIBILNOST Z VOZI\u010cKI - SEZNAM.vnd.openxmlformats-officedocument.spreadsheetml.sheet 825,31 KB\t\t\t\t\t<div class=\"file-icon-wrapper\">\n\t\t\t\t\t\t<svg width=\"19\" height=\"20\" viewBox=\"0 0 19 20\" fill=\"none\" xmlns=\"http:\/\/www.w3.org\/2000\/svg\">\n<path d=\"M9.55818 14.9683L4.93488 9.96001L5.85875 8.94249L8.9048 12.2413V0H10.2116V12.2413L13.2563 8.94391L14.1815 9.96001L9.55818 14.9683ZM2.5213 19.8125C1.92019 19.8125 1.4184 19.5945 1.01592 19.1586C0.612564 18.7218 0.410889 18.1779 0.410889 17.5269V14.098H1.71764V17.5269C1.71764 17.7439 1.80128 17.9435 1.96854 18.1256C2.13668 18.3067 2.32093 18.3973 2.5213 18.3973H16.5951C16.7954 18.3973 16.9797 18.3067 17.1478 18.1256C17.3151 17.9435 17.3987 17.7439 17.3987 17.5269V14.098H18.7055V17.5269C18.7055 18.1779 18.5042 18.7214 18.1017 19.1572C17.6984 19.594 17.1962 19.8125 16.5951 19.8125H2.5213Z\" fill=\"white\"\/>\n<\/svg>\t\t\t\t\t<\/div>\n\t\t\t\t\t<\/a>\n\t\t\t\t<\/div>\n        \n        [\/vc_column][\/vc_row]<\/p>\n<\/div>","protected":false},"excerpt":{"rendered":"<p>Dodatni elektri\u010dni pogon za ro\u010dne invalidske vozi\u010dke. Glejte na povezavo spodaj za \u017eeleno konfiguracijo katero lahko delite z nami za pripravo ponudbe.<\/p>\n","protected":false},"featured_media":1405,"comment_status":"closed","ping_status":"closed","template":"","meta":[],"product_brand":[],"product_cat":[222,54],"product_tag":[799,798,804,800,45,802,801,803,805],"class_list":{"0":"post-1404","1":"product","2":"type-product","3":"status-publish","4":"has-post-thumbnail","6":"product_cat-invalidski-vozicki-in-skuterji","7":"product_cat-elektricni-pogon-za-invalidske-vozicke","8":"product_tag-alber","9":"product_tag-e-pilot","10":"product_tag-elektromotorni-pogon","11":"product_tag-invacare","12":"product_tag-invalidski-vozicek","13":"product_tag-pogon-za-invalidski-vozicek","14":"product_tag-pogon-za-vozicek","15":"product_tag-sprednji-pogon","16":"product_tag-tretji-pogon","18":"first","19":"onbackorder","20":"taxable","21":"shipping-taxable","22":"product-type-simple"},"yoast_head":"<!-- This site is optimized with the Yoast SEO plugin v24.0 - https:\/\/yoast.com\/wordpress\/plugins\/seo\/ -->\n<title>E-pilot ALBER - elektromotorni pogon za invalidske vozi\u010dke - Mi Vam<\/title>\n<meta name=\"description\" content=\"Dodatni elektri\u010dni pogon za ro\u010dne invalidske vozi\u010dke. Glejte na povezavo spodaj za \u017eeleno konfiguracijo katero lahko delite z nami za pripravo ponudbe.\" \/>\n<meta name=\"robots\" content=\"index, follow, max-snippet:-1, max-image-preview:large, max-video-preview:-1\" \/>\n<link rel=\"canonical\" href=\"https:\/\/www.mivam.com\/izdelek\/e-pilot-alber-elektromotorni-pogon-za-invalidske-vozicke\/\" \/>\n<meta property=\"og:locale\" content=\"en_US\" \/>\n<meta property=\"og:type\" content=\"article\" \/>\n<meta property=\"og:title\" content=\"E-pilot ALBER - elektromotorni pogon za invalidske vozi\u010dke - Mi Vam\" \/>\n<meta property=\"og:description\" content=\"Dodatni elektri\u010dni pogon za ro\u010dne invalidske vozi\u010dke. Glejte na povezavo spodaj za \u017eeleno konfiguracijo katero lahko delite z nami za pripravo ponudbe.\" \/>\n<meta property=\"og:url\" content=\"https:\/\/www.mivam.com\/izdelek\/e-pilot-alber-elektromotorni-pogon-za-invalidske-vozicke\/\" \/>\n<meta property=\"og:site_name\" content=\"Mi Vam\" \/>\n<meta property=\"article:modified_time\" content=\"2025-06-23T09:24:07+00:00\" \/>\n<meta property=\"og:image\" content=\"https:\/\/www.mivam.com\/wp-content\/uploads\/2019\/02\/alber-e-pilot.jpg\" \/>\n\t<meta property=\"og:image:width\" content=\"1000\" \/>\n\t<meta property=\"og:image:height\" content=\"742\" \/>\n\t<meta property=\"og:image:type\" content=\"image\/jpeg\" \/>\n<meta name=\"twitter:card\" content=\"summary_large_image\" \/>\n<meta name=\"twitter:label1\" content=\"Est. reading time\" \/>\n\t<meta name=\"twitter:data1\" content=\"2 minutes\" \/>\n<script type=\"application\/ld+json\" class=\"yoast-schema-graph\">{\"@context\":\"https:\/\/schema.org\",\"@graph\":[{\"@type\":\"WebPage\",\"@id\":\"https:\/\/www.mivam.com\/izdelek\/e-pilot-alber-elektromotorni-pogon-za-invalidske-vozicke\/\",\"url\":\"https:\/\/www.mivam.com\/izdelek\/e-pilot-alber-elektromotorni-pogon-za-invalidske-vozicke\/\",\"name\":\"E-pilot ALBER - elektromotorni pogon za invalidske vozi\u010dke - Mi Vam\",\"isPartOf\":{\"@id\":\"https:\/\/www.mivam.com\/#website\"},\"primaryImageOfPage\":{\"@id\":\"https:\/\/www.mivam.com\/izdelek\/e-pilot-alber-elektromotorni-pogon-za-invalidske-vozicke\/#primaryimage\"},\"image\":{\"@id\":\"https:\/\/www.mivam.com\/izdelek\/e-pilot-alber-elektromotorni-pogon-za-invalidske-vozicke\/#primaryimage\"},\"thumbnailUrl\":\"https:\/\/www.mivam.com\/wp-content\/uploads\/2019\/02\/alber-e-pilot.jpg\",\"datePublished\":\"2019-02-26T14:06:47+00:00\",\"dateModified\":\"2025-06-23T09:24:07+00:00\",\"description\":\"Dodatni elektri\u010dni pogon za ro\u010dne invalidske vozi\u010dke. Glejte na povezavo spodaj za \u017eeleno konfiguracijo katero lahko delite z nami za pripravo ponudbe.\",\"breadcrumb\":{\"@id\":\"https:\/\/www.mivam.com\/izdelek\/e-pilot-alber-elektromotorni-pogon-za-invalidske-vozicke\/#breadcrumb\"},\"inLanguage\":\"en-US\",\"potentialAction\":[{\"@type\":\"ReadAction\",\"target\":[\"https:\/\/www.mivam.com\/izdelek\/e-pilot-alber-elektromotorni-pogon-za-invalidske-vozicke\/\"]}]},{\"@type\":\"ImageObject\",\"inLanguage\":\"en-US\",\"@id\":\"https:\/\/www.mivam.com\/izdelek\/e-pilot-alber-elektromotorni-pogon-za-invalidske-vozicke\/#primaryimage\",\"url\":\"https:\/\/www.mivam.com\/wp-content\/uploads\/2019\/02\/alber-e-pilot.jpg\",\"contentUrl\":\"https:\/\/www.mivam.com\/wp-content\/uploads\/2019\/02\/alber-e-pilot.jpg\",\"width\":1000,\"height\":742},{\"@type\":\"BreadcrumbList\",\"@id\":\"https:\/\/www.mivam.com\/izdelek\/e-pilot-alber-elektromotorni-pogon-za-invalidske-vozicke\/#breadcrumb\",\"itemListElement\":[{\"@type\":\"ListItem\",\"position\":1,\"name\":\"Domov\",\"item\":\"https:\/\/www.mivam.com\/\"},{\"@type\":\"ListItem\",\"position\":2,\"name\":\"Shop\",\"item\":\"https:\/\/www.mivam.com\/en\/shop\/\"},{\"@type\":\"ListItem\",\"position\":3,\"name\":\"Invalidski vozi\u010dki in skuterji\",\"item\":\"https:\/\/www.mivam.com\/kategorija-izdelka\/invalidski-vozicki-in-skuterji\/\"},{\"@type\":\"ListItem\",\"position\":4,\"name\":\"Elektri\u010dni pogon za invalidske vozi\u010dke\",\"item\":\"https:\/\/www.mivam.com\/kategorija-izdelka\/invalidski-vozicki-in-skuterji\/elektricni-pogon-za-invalidske-vozicke\/\"},{\"@type\":\"ListItem\",\"position\":5,\"name\":\"E-pilot ALBER &#8211; elektromotorni pogon za invalidske vozi\u010dke\"}]},{\"@type\":\"WebSite\",\"@id\":\"https:\/\/www.mivam.com\/#website\",\"url\":\"https:\/\/www.mivam.com\/\",\"name\":\"Mi Vam\",\"description\":\"Medicinski pripomo\u010dki in re\u0161itve za manj odvisno \u017eivljenje.\",\"potentialAction\":[{\"@type\":\"SearchAction\",\"target\":{\"@type\":\"EntryPoint\",\"urlTemplate\":\"https:\/\/www.mivam.com\/?s={search_term_string}\"},\"query-input\":{\"@type\":\"PropertyValueSpecification\",\"valueRequired\":true,\"valueName\":\"search_term_string\"}}],\"inLanguage\":\"en-US\"}]}<\/script>\n<!-- \/ Yoast SEO plugin. -->","yoast_head_json":{"title":"E-pilot ALBER - elektromotorni pogon za invalidske vozi\u010dke - Mi Vam","description":"Dodatni elektri\u010dni pogon za ro\u010dne invalidske vozi\u010dke. Glejte na povezavo spodaj za \u017eeleno konfiguracijo katero lahko delite z nami za pripravo ponudbe.","robots":{"index":"index","follow":"follow","max-snippet":"max-snippet:-1","max-image-preview":"max-image-preview:large","max-video-preview":"max-video-preview:-1"},"canonical":"https:\/\/www.mivam.com\/izdelek\/e-pilot-alber-elektromotorni-pogon-za-invalidske-vozicke\/","og_locale":"en_US","og_type":"article","og_title":"E-pilot ALBER - elektromotorni pogon za invalidske vozi\u010dke - Mi Vam","og_description":"Dodatni elektri\u010dni pogon za ro\u010dne invalidske vozi\u010dke. Glejte na povezavo spodaj za \u017eeleno konfiguracijo katero lahko delite z nami za pripravo ponudbe.","og_url":"https:\/\/www.mivam.com\/izdelek\/e-pilot-alber-elektromotorni-pogon-za-invalidske-vozicke\/","og_site_name":"Mi Vam","article_modified_time":"2025-06-23T09:24:07+00:00","og_image":[{"width":1000,"height":742,"url":"https:\/\/www.mivam.com\/wp-content\/uploads\/2019\/02\/alber-e-pilot.jpg","type":"image\/jpeg"}],"twitter_card":"summary_large_image","twitter_misc":{"Est. reading time":"2 minutes"},"schema":{"@context":"https:\/\/schema.org","@graph":[{"@type":"WebPage","@id":"https:\/\/www.mivam.com\/izdelek\/e-pilot-alber-elektromotorni-pogon-za-invalidske-vozicke\/","url":"https:\/\/www.mivam.com\/izdelek\/e-pilot-alber-elektromotorni-pogon-za-invalidske-vozicke\/","name":"E-pilot ALBER - elektromotorni pogon za invalidske vozi\u010dke - Mi Vam","isPartOf":{"@id":"https:\/\/www.mivam.com\/#website"},"primaryImageOfPage":{"@id":"https:\/\/www.mivam.com\/izdelek\/e-pilot-alber-elektromotorni-pogon-za-invalidske-vozicke\/#primaryimage"},"image":{"@id":"https:\/\/www.mivam.com\/izdelek\/e-pilot-alber-elektromotorni-pogon-za-invalidske-vozicke\/#primaryimage"},"thumbnailUrl":"https:\/\/www.mivam.com\/wp-content\/uploads\/2019\/02\/alber-e-pilot.jpg","datePublished":"2019-02-26T14:06:47+00:00","dateModified":"2025-06-23T09:24:07+00:00","description":"Dodatni elektri\u010dni pogon za ro\u010dne invalidske vozi\u010dke. Glejte na povezavo spodaj za \u017eeleno konfiguracijo katero lahko delite z nami za pripravo ponudbe.","breadcrumb":{"@id":"https:\/\/www.mivam.com\/izdelek\/e-pilot-alber-elektromotorni-pogon-za-invalidske-vozicke\/#breadcrumb"},"inLanguage":"en-US","potentialAction":[{"@type":"ReadAction","target":["https:\/\/www.mivam.com\/izdelek\/e-pilot-alber-elektromotorni-pogon-za-invalidske-vozicke\/"]}]},{"@type":"ImageObject","inLanguage":"en-US","@id":"https:\/\/www.mivam.com\/izdelek\/e-pilot-alber-elektromotorni-pogon-za-invalidske-vozicke\/#primaryimage","url":"https:\/\/www.mivam.com\/wp-content\/uploads\/2019\/02\/alber-e-pilot.jpg","contentUrl":"https:\/\/www.mivam.com\/wp-content\/uploads\/2019\/02\/alber-e-pilot.jpg","width":1000,"height":742},{"@type":"BreadcrumbList","@id":"https:\/\/www.mivam.com\/izdelek\/e-pilot-alber-elektromotorni-pogon-za-invalidske-vozicke\/#breadcrumb","itemListElement":[{"@type":"ListItem","position":1,"name":"Domov","item":"https:\/\/www.mivam.com\/"},{"@type":"ListItem","position":2,"name":"Shop","item":"https:\/\/www.mivam.com\/en\/shop\/"},{"@type":"ListItem","position":3,"name":"Invalidski vozi\u010dki in skuterji","item":"https:\/\/www.mivam.com\/kategorija-izdelka\/invalidski-vozicki-in-skuterji\/"},{"@type":"ListItem","position":4,"name":"Elektri\u010dni pogon za invalidske vozi\u010dke","item":"https:\/\/www.mivam.com\/kategorija-izdelka\/invalidski-vozicki-in-skuterji\/elektricni-pogon-za-invalidske-vozicke\/"},{"@type":"ListItem","position":5,"name":"E-pilot ALBER &#8211; elektromotorni pogon za invalidske vozi\u010dke"}]},{"@type":"WebSite","@id":"https:\/\/www.mivam.com\/#website","url":"https:\/\/www.mivam.com\/","name":"Mi Vam","description":"Medicinski pripomo\u010dki in re\u0161itve za manj odvisno \u017eivljenje.","potentialAction":[{"@type":"SearchAction","target":{"@type":"EntryPoint","urlTemplate":"https:\/\/www.mivam.com\/?s={search_term_string}"},"query-input":{"@type":"PropertyValueSpecification","valueRequired":true,"valueName":"search_term_string"}}],"inLanguage":"en-US"}]}},"_links":{"self":[{"href":"https:\/\/www.mivam.com\/en\/wp-json\/wp\/v2\/product\/1404","targetHints":{"allow":["GET"]}}],"collection":[{"href":"https:\/\/www.mivam.com\/en\/wp-json\/wp\/v2\/product"}],"about":[{"href":"https:\/\/www.mivam.com\/en\/wp-json\/wp\/v2\/types\/product"}],"replies":[{"embeddable":true,"href":"https:\/\/www.mivam.com\/en\/wp-json\/wp\/v2\/comments?post=1404"}],"wp:featuredmedia":[{"embeddable":true,"href":"https:\/\/www.mivam.com\/en\/wp-json\/wp\/v2\/media\/1405"}],"wp:attachment":[{"href":"https:\/\/www.mivam.com\/en\/wp-json\/wp\/v2\/media?parent=1404"}],"wp:term":[{"taxonomy":"product_brand","embeddable":true,"href":"https:\/\/www.mivam.com\/en\/wp-json\/wp\/v2\/product_brand?post=1404"},{"taxonomy":"product_cat","embeddable":true,"href":"https:\/\/www.mivam.com\/en\/wp-json\/wp\/v2\/product_cat?post=1404"},{"taxonomy":"product_tag","embeddable":true,"href":"https:\/\/www.mivam.com\/en\/wp-json\/wp\/v2\/product_tag?post=1404"}],"curies":[{"name":"wp","href":"https:\/\/api.w.org\/{rel}","templated":true}]}}