{"id":1392,"date":"2019-02-26T14:49:36","date_gmt":"2019-02-26T13:49:36","guid":{"rendered":"https:\/\/www.mivam.com\/?post_type=product&#038;p=1392"},"modified":"2025-06-19T02:03:44","modified_gmt":"2025-06-19T00:03:44","slug":"rolator-gemino-20","status":"publish","type":"product","link":"https:\/\/www.mivam.com\/en\/izdelek\/rolator-gemino-20\/","title":{"rendered":"Rolator &#8211; Gemino 20"},"content":{"rendered":"<div class=\"wpb-content-wrapper\"><p>[vc_row][vc_column][vc_column_text]Proizvajalec: SUNRISE MEDICAL<\/p>\n<p>Rolatorji z edinstveno zasnovo, funkcionalnostjo in prilagodljivostjo.<\/p>\n<p>Gemino 20 je na voljo v treh razli\u010dnih velikostih, tako da boste vedno lahko prepri\u010dani, da boste na\u0161li model, ki vam ustreza in va\u0161im potrebam. Gemino je zelo stabilen in trden preklopni valj\u010dek, ki ga uporabnik zelo enostavno upravlja.[\/vc_column_text][\/vc_column][\/vc_row][vc_row][vc_column][vc_column_text]Drugi modeli <strong>GEMINO<\/strong> <em>&#8220;v kolikor imate povpra\u0161evanje za drugi model zapisani spodaj to zapi\u0161ite v obrazcu za povpra\u0161evanje&#8221;<\/em>:<\/p>\n<p><a href=\"https:\/\/www.sunrisemedical.eu\/mobility-aids\/gemino\/rollators2025-06-19-014605.png\"><img decoding=\"async\" class=\"aligncenter size-full wp-image-7789\" src=\"https:\/\/www.mivam.com\/wp-content\/uploads\/2019\/02\/screenshot-2025-06-19-014605.png\" alt=\"\" width=\"1314\" height=\"1279\" srcset=\"https:\/\/www.mivam.com\/wp-content\/uploads\/2019\/02\/screenshot-2025-06-19-014605.png 1314w, https:\/\/www.mivam.com\/wp-content\/uploads\/2019\/02\/screenshot-2025-06-19-014605-300x292.png 300w, https:\/\/www.mivam.com\/wp-content\/uploads\/2019\/02\/screenshot-2025-06-19-014605-1024x997.png 1024w, https:\/\/www.mivam.com\/wp-content\/uploads\/2019\/02\/screenshot-2025-06-19-014605-768x748.png 768w, https:\/\/www.mivam.com\/wp-content\/uploads\/2019\/02\/screenshot-2025-06-19-014605-616x600.png 616w, https:\/\/www.mivam.com\/wp-content\/uploads\/2019\/02\/screenshot-2025-06-19-014605-600x584.png 600w\" sizes=\"(max-width: 1314px) 100vw, 1314px\" \/><\/a>[\/vc_column_text][vc_column_text]Razli\u010dni dodatki <strong>GEMINO<\/strong>:<\/p>\n<p><a href=\"https:\/\/www.sunrisemedical.eu\/mobility-aids\/gemino\/new-accessories\"><img decoding=\"async\" class=\"aligncenter size-full wp-image-7791\" src=\"https:\/\/www.mivam.com\/wp-content\/uploads\/2019\/02\/screenshot-2025-06-19-014339.png\" alt=\"\" width=\"866\" height=\"1248\" srcset=\"https:\/\/www.mivam.com\/wp-content\/uploads\/2019\/02\/screenshot-2025-06-19-014339.png 866w, https:\/\/www.mivam.com\/wp-content\/uploads\/2019\/02\/screenshot-2025-06-19-014339-208x300.png 208w, https:\/\/www.mivam.com\/wp-content\/uploads\/2019\/02\/screenshot-2025-06-19-014339-711x1024.png 711w, https:\/\/www.mivam.com\/wp-content\/uploads\/2019\/02\/screenshot-2025-06-19-014339-768x1107.png 768w, https:\/\/www.mivam.com\/wp-content\/uploads\/2019\/02\/screenshot-2025-06-19-014339-416x600.png 416w, https:\/\/www.mivam.com\/wp-content\/uploads\/2019\/02\/screenshot-2025-06-19-014339-600x865.png 600w\" sizes=\"(max-width: 866px) 100vw, 866px\" \/><\/a>[\/vc_column_text][\/vc_column][\/vc_row]<\/p>\n<\/div>","protected":false},"excerpt":{"rendered":"<p>Lahki rolatorji, ki nudijo odli\u010dno obliko in visoko funkcionalnost, po ugodni ceni.<\/p>\n","protected":false},"featured_media":1393,"comment_status":"closed","ping_status":"closed","template":"","meta":[],"product_brand":[],"product_cat":[228,60],"product_tag":[817,806,818,809,811,545,812,810,813],"class_list":{"0":"post-1392","1":"product","2":"type-product","3":"status-publish","4":"has-post-thumbnail","6":"product_cat-za-vsakdanjo-uporabo","7":"product_cat-pripomocki-za-gibanje-in-bivanje","8":"product_tag-817","9":"product_tag-gemino","10":"product_tag-gemino-20","11":"product_tag-hodulja-z-kolesi","12":"product_tag-hodulja-z-sedezom","13":"product_tag-rolator","14":"product_tag-rolator-sedez","15":"product_tag-rolator-z-veliki-kolesi","16":"product_tag-sunrise-medical","18":"first","19":"onbackorder","20":"taxable","21":"shipping-taxable","22":"product-type-simple"},"yoast_head":"<!-- This site is optimized with the Yoast SEO plugin v24.0 - https:\/\/yoast.com\/wordpress\/plugins\/seo\/ -->\n<title>Rolator - Gemino 20 - Mi Vam<\/title>\n<meta name=\"description\" content=\"Lahki rolatorji, ki nudijo odli\u010dno obliko in visoko funkcionalnost, po ugodni ceni.\" \/>\n<meta name=\"robots\" content=\"index, follow, max-snippet:-1, max-image-preview:large, max-video-preview:-1\" \/>\n<link rel=\"canonical\" href=\"https:\/\/www.mivam.com\/izdelek\/rolator-gemino-20\/\" \/>\n<meta property=\"og:locale\" content=\"en_US\" \/>\n<meta property=\"og:type\" content=\"article\" \/>\n<meta property=\"og:title\" content=\"Rolator - Gemino 20 - Mi Vam\" \/>\n<meta property=\"og:description\" content=\"Lahki rolatorji, ki nudijo odli\u010dno obliko in visoko funkcionalnost, po ugodni ceni.\" \/>\n<meta property=\"og:url\" content=\"https:\/\/www.mivam.com\/izdelek\/rolator-gemino-20\/\" \/>\n<meta property=\"og:site_name\" content=\"Mi Vam\" \/>\n<meta property=\"article:modified_time\" content=\"2025-06-19T00:03:44+00:00\" \/>\n<meta property=\"og:image\" content=\"https:\/\/www.mivam.com\/wp-content\/uploads\/2019\/02\/rolator-gemino-20-1.jpg\" \/>\n\t<meta property=\"og:image:width\" content=\"1000\" \/>\n\t<meta property=\"og:image:height\" content=\"742\" \/>\n\t<meta property=\"og:image:type\" content=\"image\/jpeg\" \/>\n<meta name=\"twitter:card\" content=\"summary_large_image\" \/>\n<meta name=\"twitter:label1\" content=\"Est. reading time\" \/>\n\t<meta name=\"twitter:data1\" content=\"1 minute\" \/>\n<script type=\"application\/ld+json\" class=\"yoast-schema-graph\">{\"@context\":\"https:\/\/schema.org\",\"@graph\":[{\"@type\":\"WebPage\",\"@id\":\"https:\/\/www.mivam.com\/izdelek\/rolator-gemino-20\/\",\"url\":\"https:\/\/www.mivam.com\/izdelek\/rolator-gemino-20\/\",\"name\":\"Rolator - Gemino 20 - Mi Vam\",\"isPartOf\":{\"@id\":\"https:\/\/www.mivam.com\/#website\"},\"primaryImageOfPage\":{\"@id\":\"https:\/\/www.mivam.com\/izdelek\/rolator-gemino-20\/#primaryimage\"},\"image\":{\"@id\":\"https:\/\/www.mivam.com\/izdelek\/rolator-gemino-20\/#primaryimage\"},\"thumbnailUrl\":\"https:\/\/www.mivam.com\/wp-content\/uploads\/2019\/02\/rolator-gemino-20-1.jpg\",\"datePublished\":\"2019-02-26T13:49:36+00:00\",\"dateModified\":\"2025-06-19T00:03:44+00:00\",\"description\":\"Lahki rolatorji, ki nudijo odli\u010dno obliko in visoko funkcionalnost, po ugodni ceni.\",\"breadcrumb\":{\"@id\":\"https:\/\/www.mivam.com\/izdelek\/rolator-gemino-20\/#breadcrumb\"},\"inLanguage\":\"en-US\",\"potentialAction\":[{\"@type\":\"ReadAction\",\"target\":[\"https:\/\/www.mivam.com\/izdelek\/rolator-gemino-20\/\"]}]},{\"@type\":\"ImageObject\",\"inLanguage\":\"en-US\",\"@id\":\"https:\/\/www.mivam.com\/izdelek\/rolator-gemino-20\/#primaryimage\",\"url\":\"https:\/\/www.mivam.com\/wp-content\/uploads\/2019\/02\/rolator-gemino-20-1.jpg\",\"contentUrl\":\"https:\/\/www.mivam.com\/wp-content\/uploads\/2019\/02\/rolator-gemino-20-1.jpg\",\"width\":1000,\"height\":742},{\"@type\":\"BreadcrumbList\",\"@id\":\"https:\/\/www.mivam.com\/izdelek\/rolator-gemino-20\/#breadcrumb\",\"itemListElement\":[{\"@type\":\"ListItem\",\"position\":1,\"name\":\"Domov\",\"item\":\"https:\/\/www.mivam.com\/\"},{\"@type\":\"ListItem\",\"position\":2,\"name\":\"Shop\",\"item\":\"https:\/\/www.mivam.com\/en\/shop\/\"},{\"@type\":\"ListItem\",\"position\":3,\"name\":\"Za vsakdanjo uporabo\",\"item\":\"https:\/\/www.mivam.com\/kategorija-izdelka\/za-vsakdanjo-uporabo\/\"},{\"@type\":\"ListItem\",\"position\":4,\"name\":\"Pripomo\u010dki za gibanje in udobje\",\"item\":\"https:\/\/www.mivam.com\/kategorija-izdelka\/za-vsakdanjo-uporabo\/pripomocki-za-gibanje-in-bivanje\/\"},{\"@type\":\"ListItem\",\"position\":5,\"name\":\"Rolator &#8211; Gemino 20\"}]},{\"@type\":\"WebSite\",\"@id\":\"https:\/\/www.mivam.com\/#website\",\"url\":\"https:\/\/www.mivam.com\/\",\"name\":\"Mi Vam\",\"description\":\"Medicinski pripomo\u010dki in re\u0161itve za manj odvisno \u017eivljenje.\",\"potentialAction\":[{\"@type\":\"SearchAction\",\"target\":{\"@type\":\"EntryPoint\",\"urlTemplate\":\"https:\/\/www.mivam.com\/?s={search_term_string}\"},\"query-input\":{\"@type\":\"PropertyValueSpecification\",\"valueRequired\":true,\"valueName\":\"search_term_string\"}}],\"inLanguage\":\"en-US\"}]}<\/script>\n<!-- \/ Yoast SEO plugin. -->","yoast_head_json":{"title":"Rolator - Gemino 20 - Mi Vam","description":"Lahki rolatorji, ki nudijo odli\u010dno obliko in visoko funkcionalnost, po ugodni ceni.","robots":{"index":"index","follow":"follow","max-snippet":"max-snippet:-1","max-image-preview":"max-image-preview:large","max-video-preview":"max-video-preview:-1"},"canonical":"https:\/\/www.mivam.com\/izdelek\/rolator-gemino-20\/","og_locale":"en_US","og_type":"article","og_title":"Rolator - Gemino 20 - Mi Vam","og_description":"Lahki rolatorji, ki nudijo odli\u010dno obliko in visoko funkcionalnost, po ugodni ceni.","og_url":"https:\/\/www.mivam.com\/izdelek\/rolator-gemino-20\/","og_site_name":"Mi Vam","article_modified_time":"2025-06-19T00:03:44+00:00","og_image":[{"width":1000,"height":742,"url":"https:\/\/www.mivam.com\/wp-content\/uploads\/2019\/02\/rolator-gemino-20-1.jpg","type":"image\/jpeg"}],"twitter_card":"summary_large_image","twitter_misc":{"Est. reading time":"1 minute"},"schema":{"@context":"https:\/\/schema.org","@graph":[{"@type":"WebPage","@id":"https:\/\/www.mivam.com\/izdelek\/rolator-gemino-20\/","url":"https:\/\/www.mivam.com\/izdelek\/rolator-gemino-20\/","name":"Rolator - Gemino 20 - Mi Vam","isPartOf":{"@id":"https:\/\/www.mivam.com\/#website"},"primaryImageOfPage":{"@id":"https:\/\/www.mivam.com\/izdelek\/rolator-gemino-20\/#primaryimage"},"image":{"@id":"https:\/\/www.mivam.com\/izdelek\/rolator-gemino-20\/#primaryimage"},"thumbnailUrl":"https:\/\/www.mivam.com\/wp-content\/uploads\/2019\/02\/rolator-gemino-20-1.jpg","datePublished":"2019-02-26T13:49:36+00:00","dateModified":"2025-06-19T00:03:44+00:00","description":"Lahki rolatorji, ki nudijo odli\u010dno obliko in visoko funkcionalnost, po ugodni ceni.","breadcrumb":{"@id":"https:\/\/www.mivam.com\/izdelek\/rolator-gemino-20\/#breadcrumb"},"inLanguage":"en-US","potentialAction":[{"@type":"ReadAction","target":["https:\/\/www.mivam.com\/izdelek\/rolator-gemino-20\/"]}]},{"@type":"ImageObject","inLanguage":"en-US","@id":"https:\/\/www.mivam.com\/izdelek\/rolator-gemino-20\/#primaryimage","url":"https:\/\/www.mivam.com\/wp-content\/uploads\/2019\/02\/rolator-gemino-20-1.jpg","contentUrl":"https:\/\/www.mivam.com\/wp-content\/uploads\/2019\/02\/rolator-gemino-20-1.jpg","width":1000,"height":742},{"@type":"BreadcrumbList","@id":"https:\/\/www.mivam.com\/izdelek\/rolator-gemino-20\/#breadcrumb","itemListElement":[{"@type":"ListItem","position":1,"name":"Domov","item":"https:\/\/www.mivam.com\/"},{"@type":"ListItem","position":2,"name":"Shop","item":"https:\/\/www.mivam.com\/en\/shop\/"},{"@type":"ListItem","position":3,"name":"Za vsakdanjo uporabo","item":"https:\/\/www.mivam.com\/kategorija-izdelka\/za-vsakdanjo-uporabo\/"},{"@type":"ListItem","position":4,"name":"Pripomo\u010dki za gibanje in udobje","item":"https:\/\/www.mivam.com\/kategorija-izdelka\/za-vsakdanjo-uporabo\/pripomocki-za-gibanje-in-bivanje\/"},{"@type":"ListItem","position":5,"name":"Rolator &#8211; Gemino 20"}]},{"@type":"WebSite","@id":"https:\/\/www.mivam.com\/#website","url":"https:\/\/www.mivam.com\/","name":"Mi Vam","description":"Medicinski pripomo\u010dki in re\u0161itve za manj odvisno \u017eivljenje.","potentialAction":[{"@type":"SearchAction","target":{"@type":"EntryPoint","urlTemplate":"https:\/\/www.mivam.com\/?s={search_term_string}"},"query-input":{"@type":"PropertyValueSpecification","valueRequired":true,"valueName":"search_term_string"}}],"inLanguage":"en-US"}]}},"_links":{"self":[{"href":"https:\/\/www.mivam.com\/en\/wp-json\/wp\/v2\/product\/1392","targetHints":{"allow":["GET"]}}],"collection":[{"href":"https:\/\/www.mivam.com\/en\/wp-json\/wp\/v2\/product"}],"about":[{"href":"https:\/\/www.mivam.com\/en\/wp-json\/wp\/v2\/types\/product"}],"replies":[{"embeddable":true,"href":"https:\/\/www.mivam.com\/en\/wp-json\/wp\/v2\/comments?post=1392"}],"wp:featuredmedia":[{"embeddable":true,"href":"https:\/\/www.mivam.com\/en\/wp-json\/wp\/v2\/media\/1393"}],"wp:attachment":[{"href":"https:\/\/www.mivam.com\/en\/wp-json\/wp\/v2\/media?parent=1392"}],"wp:term":[{"taxonomy":"product_brand","embeddable":true,"href":"https:\/\/www.mivam.com\/en\/wp-json\/wp\/v2\/product_brand?post=1392"},{"taxonomy":"product_cat","embeddable":true,"href":"https:\/\/www.mivam.com\/en\/wp-json\/wp\/v2\/product_cat?post=1392"},{"taxonomy":"product_tag","embeddable":true,"href":"https:\/\/www.mivam.com\/en\/wp-json\/wp\/v2\/product_tag?post=1392"}],"curies":[{"name":"wp","href":"https:\/\/api.w.org\/{rel}","templated":true}]}}