{"id":1369,"date":"2019-02-26T12:44:22","date_gmt":"2019-02-26T11:44:22","guid":{"rendered":"https:\/\/www.mivam.com\/?post_type=product&#038;p=1369"},"modified":"2025-06-19T02:05:58","modified_gmt":"2025-06-19T00:05:58","slug":"vertielectric-sistem-ropox-elektricni-vertikalni-premik-celotne-omarice","status":"publish","type":"product","link":"https:\/\/www.mivam.com\/en\/izdelek\/vertielectric-sistem-ropox-elektricni-vertikalni-premik-celotne-omarice\/","title":{"rendered":"VertiElectric Sistem ROPOX &#8211; elektri\u010dni vertikalni premik celotne omarice"},"content":{"rendered":"<p>Enostavno dviganje ali spu\u0161\u010danje stenske enote.<\/p>\n<p>VertiElectric je dvi\u017eni sistem za zgornje stenske omare v kuhinji. Sistem omogo\u010da spu\u0161\u010danje in dviganje omaric od 30 cm navzgor in navzdol, da se uporabnikom, ki sedijo, omogo\u010di enostaven dostop do vsebine omarice.<\/p>\n<p>Ne glede na to, ali opremljate novo kuhinjo ali \u010de dodatno opremljate obstoje\u010do kuhinjo, lahko uporabite VertiElectric, da jo naredite prijazno. Sistem je primeren za vsako zidno omarico standardne velikosti. To pomeni, da lahko navadne kuhinjske omare naredite dostopne osebam z motnjami v gibanju.<\/p>\n<p>Dvi\u017eni sistem je globoko le 5 cm in je name\u0161\u010den za sabo. Nastavitev vi\u0161ine je nastavljena z majhnim krmilnim stikalom na sprednji strani kuhinjske plo\u0161\u010de ali z daljinskim upravljalnikom.<\/p>\n<p>Z uporabo VertiElectric postajajo starej\u0161i in invalidi v kuhinji bolj samozavestni.<\/p>\n<p>&nbsp;<\/p>\n<h2>Tehni\u010dne specifikacije:<\/h2>\n<ul>\n<li>Izdelan v skladu z naslednjim standardom: DS \/ EN12182-2012<\/li>\n<li>Maks. obremenitev: 80\/120 kg enakomerno porazdeljena<\/li>\n<li>Vi\u0161ina \u0161katle: 70-90 cm<\/li>\n<li>\u0160katla \u0160irina: 40-180 cm<\/li>\n<li>Globina okvirja: 50 cm<\/li>\n<\/ul>\n","protected":false},"excerpt":{"rendered":"<p>Enostavno dviganje ali spu\u0161\u010danje stenske enote.<\/p>\n","protected":false},"featured_media":1382,"comment_status":"closed","ping_status":"closed","template":"","meta":[],"product_brand":[],"product_cat":[226,76],"product_tag":[821,823,505,432,820,822,819],"class_list":{"0":"post-1369","1":"product","2":"type-product","3":"status-publish","4":"has-post-thumbnail","6":"product_cat-pohistvo","7":"product_cat-pohistvo-za-gibalno-ovirane","8":"product_tag-elektricni-vertikalni-premik-omarice","9":"product_tag-pohistvo","10":"product_tag-prilagojeno-pohistvo","11":"product_tag-ropox","12":"product_tag-sistem-ropox","13":"product_tag-sistem-za-premik-omarice","14":"product_tag-vertielectric","16":"first","17":"onbackorder","18":"taxable","19":"shipping-taxable","20":"product-type-simple"},"yoast_head":"<!-- This site is optimized with the Yoast SEO plugin v24.0 - https:\/\/yoast.com\/wordpress\/plugins\/seo\/ -->\n<title>VertiElectric Sistem ROPOX - elektri\u010dni vertikalni premik celotne omarice - Mi Vam<\/title>\n<meta name=\"description\" content=\"Enostavno dviganje ali spu\u0161\u010danje stenske enote.\" \/>\n<meta name=\"robots\" content=\"index, follow, max-snippet:-1, max-image-preview:large, max-video-preview:-1\" \/>\n<link rel=\"canonical\" href=\"https:\/\/www.mivam.com\/izdelek\/vertielectric-sistem-ropox-elektricni-vertikalni-premik-celotne-omarice\/\" \/>\n<meta property=\"og:locale\" content=\"en_US\" \/>\n<meta property=\"og:type\" content=\"article\" \/>\n<meta property=\"og:title\" content=\"VertiElectric Sistem ROPOX - elektri\u010dni vertikalni premik celotne omarice - Mi Vam\" \/>\n<meta property=\"og:description\" content=\"Enostavno dviganje ali spu\u0161\u010danje stenske enote.\" \/>\n<meta property=\"og:url\" content=\"https:\/\/www.mivam.com\/izdelek\/vertielectric-sistem-ropox-elektricni-vertikalni-premik-celotne-omarice\/\" \/>\n<meta property=\"og:site_name\" content=\"Mi Vam\" \/>\n<meta property=\"article:modified_time\" content=\"2025-06-19T00:05:58+00:00\" \/>\n<meta property=\"og:image\" content=\"https:\/\/www.mivam.com\/wp-content\/uploads\/2019\/02\/vertielectric_reach_distance_system_1.jpg\" \/>\n\t<meta property=\"og:image:width\" content=\"1000\" \/>\n\t<meta property=\"og:image:height\" content=\"742\" \/>\n\t<meta property=\"og:image:type\" content=\"image\/jpeg\" \/>\n<meta name=\"twitter:card\" content=\"summary_large_image\" \/>\n<meta name=\"twitter:label1\" content=\"Est. reading time\" \/>\n\t<meta name=\"twitter:data1\" content=\"2 minutes\" \/>\n<script type=\"application\/ld+json\" class=\"yoast-schema-graph\">{\"@context\":\"https:\/\/schema.org\",\"@graph\":[{\"@type\":\"WebPage\",\"@id\":\"https:\/\/www.mivam.com\/izdelek\/vertielectric-sistem-ropox-elektricni-vertikalni-premik-celotne-omarice\/\",\"url\":\"https:\/\/www.mivam.com\/izdelek\/vertielectric-sistem-ropox-elektricni-vertikalni-premik-celotne-omarice\/\",\"name\":\"VertiElectric Sistem ROPOX - elektri\u010dni vertikalni premik celotne omarice - Mi Vam\",\"isPartOf\":{\"@id\":\"https:\/\/www.mivam.com\/#website\"},\"primaryImageOfPage\":{\"@id\":\"https:\/\/www.mivam.com\/izdelek\/vertielectric-sistem-ropox-elektricni-vertikalni-premik-celotne-omarice\/#primaryimage\"},\"image\":{\"@id\":\"https:\/\/www.mivam.com\/izdelek\/vertielectric-sistem-ropox-elektricni-vertikalni-premik-celotne-omarice\/#primaryimage\"},\"thumbnailUrl\":\"https:\/\/www.mivam.com\/wp-content\/uploads\/2019\/02\/vertielectric_reach_distance_system_1.jpg\",\"datePublished\":\"2019-02-26T11:44:22+00:00\",\"dateModified\":\"2025-06-19T00:05:58+00:00\",\"description\":\"Enostavno dviganje ali spu\u0161\u010danje stenske enote.\",\"breadcrumb\":{\"@id\":\"https:\/\/www.mivam.com\/izdelek\/vertielectric-sistem-ropox-elektricni-vertikalni-premik-celotne-omarice\/#breadcrumb\"},\"inLanguage\":\"en-US\",\"potentialAction\":[{\"@type\":\"ReadAction\",\"target\":[\"https:\/\/www.mivam.com\/izdelek\/vertielectric-sistem-ropox-elektricni-vertikalni-premik-celotne-omarice\/\"]}]},{\"@type\":\"ImageObject\",\"inLanguage\":\"en-US\",\"@id\":\"https:\/\/www.mivam.com\/izdelek\/vertielectric-sistem-ropox-elektricni-vertikalni-premik-celotne-omarice\/#primaryimage\",\"url\":\"https:\/\/www.mivam.com\/wp-content\/uploads\/2019\/02\/vertielectric_reach_distance_system_1.jpg\",\"contentUrl\":\"https:\/\/www.mivam.com\/wp-content\/uploads\/2019\/02\/vertielectric_reach_distance_system_1.jpg\",\"width\":1000,\"height\":742},{\"@type\":\"BreadcrumbList\",\"@id\":\"https:\/\/www.mivam.com\/izdelek\/vertielectric-sistem-ropox-elektricni-vertikalni-premik-celotne-omarice\/#breadcrumb\",\"itemListElement\":[{\"@type\":\"ListItem\",\"position\":1,\"name\":\"Domov\",\"item\":\"https:\/\/www.mivam.com\/\"},{\"@type\":\"ListItem\",\"position\":2,\"name\":\"Shop\",\"item\":\"https:\/\/www.mivam.com\/en\/shop\/\"},{\"@type\":\"ListItem\",\"position\":3,\"name\":\"Pohi\u0161tvo\",\"item\":\"https:\/\/www.mivam.com\/kategorija-izdelka\/pohistvo\/\"},{\"@type\":\"ListItem\",\"position\":4,\"name\":\"VertiElectric Sistem ROPOX &#8211; elektri\u010dni vertikalni premik celotne omarice\"}]},{\"@type\":\"WebSite\",\"@id\":\"https:\/\/www.mivam.com\/#website\",\"url\":\"https:\/\/www.mivam.com\/\",\"name\":\"Mi Vam\",\"description\":\"Medicinski pripomo\u010dki in re\u0161itve za manj odvisno \u017eivljenje.\",\"potentialAction\":[{\"@type\":\"SearchAction\",\"target\":{\"@type\":\"EntryPoint\",\"urlTemplate\":\"https:\/\/www.mivam.com\/?s={search_term_string}\"},\"query-input\":{\"@type\":\"PropertyValueSpecification\",\"valueRequired\":true,\"valueName\":\"search_term_string\"}}],\"inLanguage\":\"en-US\"}]}<\/script>\n<!-- \/ Yoast SEO plugin. -->","yoast_head_json":{"title":"VertiElectric Sistem ROPOX - elektri\u010dni vertikalni premik celotne omarice - Mi Vam","description":"Enostavno dviganje ali spu\u0161\u010danje stenske enote.","robots":{"index":"index","follow":"follow","max-snippet":"max-snippet:-1","max-image-preview":"max-image-preview:large","max-video-preview":"max-video-preview:-1"},"canonical":"https:\/\/www.mivam.com\/izdelek\/vertielectric-sistem-ropox-elektricni-vertikalni-premik-celotne-omarice\/","og_locale":"en_US","og_type":"article","og_title":"VertiElectric Sistem ROPOX - elektri\u010dni vertikalni premik celotne omarice - Mi Vam","og_description":"Enostavno dviganje ali spu\u0161\u010danje stenske enote.","og_url":"https:\/\/www.mivam.com\/izdelek\/vertielectric-sistem-ropox-elektricni-vertikalni-premik-celotne-omarice\/","og_site_name":"Mi Vam","article_modified_time":"2025-06-19T00:05:58+00:00","og_image":[{"width":1000,"height":742,"url":"https:\/\/www.mivam.com\/wp-content\/uploads\/2019\/02\/vertielectric_reach_distance_system_1.jpg","type":"image\/jpeg"}],"twitter_card":"summary_large_image","twitter_misc":{"Est. reading time":"2 minutes"},"schema":{"@context":"https:\/\/schema.org","@graph":[{"@type":"WebPage","@id":"https:\/\/www.mivam.com\/izdelek\/vertielectric-sistem-ropox-elektricni-vertikalni-premik-celotne-omarice\/","url":"https:\/\/www.mivam.com\/izdelek\/vertielectric-sistem-ropox-elektricni-vertikalni-premik-celotne-omarice\/","name":"VertiElectric Sistem ROPOX - elektri\u010dni vertikalni premik celotne omarice - Mi Vam","isPartOf":{"@id":"https:\/\/www.mivam.com\/#website"},"primaryImageOfPage":{"@id":"https:\/\/www.mivam.com\/izdelek\/vertielectric-sistem-ropox-elektricni-vertikalni-premik-celotne-omarice\/#primaryimage"},"image":{"@id":"https:\/\/www.mivam.com\/izdelek\/vertielectric-sistem-ropox-elektricni-vertikalni-premik-celotne-omarice\/#primaryimage"},"thumbnailUrl":"https:\/\/www.mivam.com\/wp-content\/uploads\/2019\/02\/vertielectric_reach_distance_system_1.jpg","datePublished":"2019-02-26T11:44:22+00:00","dateModified":"2025-06-19T00:05:58+00:00","description":"Enostavno dviganje ali spu\u0161\u010danje stenske enote.","breadcrumb":{"@id":"https:\/\/www.mivam.com\/izdelek\/vertielectric-sistem-ropox-elektricni-vertikalni-premik-celotne-omarice\/#breadcrumb"},"inLanguage":"en-US","potentialAction":[{"@type":"ReadAction","target":["https:\/\/www.mivam.com\/izdelek\/vertielectric-sistem-ropox-elektricni-vertikalni-premik-celotne-omarice\/"]}]},{"@type":"ImageObject","inLanguage":"en-US","@id":"https:\/\/www.mivam.com\/izdelek\/vertielectric-sistem-ropox-elektricni-vertikalni-premik-celotne-omarice\/#primaryimage","url":"https:\/\/www.mivam.com\/wp-content\/uploads\/2019\/02\/vertielectric_reach_distance_system_1.jpg","contentUrl":"https:\/\/www.mivam.com\/wp-content\/uploads\/2019\/02\/vertielectric_reach_distance_system_1.jpg","width":1000,"height":742},{"@type":"BreadcrumbList","@id":"https:\/\/www.mivam.com\/izdelek\/vertielectric-sistem-ropox-elektricni-vertikalni-premik-celotne-omarice\/#breadcrumb","itemListElement":[{"@type":"ListItem","position":1,"name":"Domov","item":"https:\/\/www.mivam.com\/"},{"@type":"ListItem","position":2,"name":"Shop","item":"https:\/\/www.mivam.com\/en\/shop\/"},{"@type":"ListItem","position":3,"name":"Pohi\u0161tvo","item":"https:\/\/www.mivam.com\/kategorija-izdelka\/pohistvo\/"},{"@type":"ListItem","position":4,"name":"VertiElectric Sistem ROPOX &#8211; elektri\u010dni vertikalni premik celotne omarice"}]},{"@type":"WebSite","@id":"https:\/\/www.mivam.com\/#website","url":"https:\/\/www.mivam.com\/","name":"Mi Vam","description":"Medicinski pripomo\u010dki in re\u0161itve za manj odvisno \u017eivljenje.","potentialAction":[{"@type":"SearchAction","target":{"@type":"EntryPoint","urlTemplate":"https:\/\/www.mivam.com\/?s={search_term_string}"},"query-input":{"@type":"PropertyValueSpecification","valueRequired":true,"valueName":"search_term_string"}}],"inLanguage":"en-US"}]}},"_links":{"self":[{"href":"https:\/\/www.mivam.com\/en\/wp-json\/wp\/v2\/product\/1369","targetHints":{"allow":["GET"]}}],"collection":[{"href":"https:\/\/www.mivam.com\/en\/wp-json\/wp\/v2\/product"}],"about":[{"href":"https:\/\/www.mivam.com\/en\/wp-json\/wp\/v2\/types\/product"}],"replies":[{"embeddable":true,"href":"https:\/\/www.mivam.com\/en\/wp-json\/wp\/v2\/comments?post=1369"}],"wp:featuredmedia":[{"embeddable":true,"href":"https:\/\/www.mivam.com\/en\/wp-json\/wp\/v2\/media\/1382"}],"wp:attachment":[{"href":"https:\/\/www.mivam.com\/en\/wp-json\/wp\/v2\/media?parent=1369"}],"wp:term":[{"taxonomy":"product_brand","embeddable":true,"href":"https:\/\/www.mivam.com\/en\/wp-json\/wp\/v2\/product_brand?post=1369"},{"taxonomy":"product_cat","embeddable":true,"href":"https:\/\/www.mivam.com\/en\/wp-json\/wp\/v2\/product_cat?post=1369"},{"taxonomy":"product_tag","embeddable":true,"href":"https:\/\/www.mivam.com\/en\/wp-json\/wp\/v2\/product_tag?post=1369"}],"curies":[{"name":"wp","href":"https:\/\/api.w.org\/{rel}","templated":true}]}}