{"id":1367,"date":"2019-02-26T12:43:16","date_gmt":"2019-02-26T11:43:16","guid":{"rendered":"https:\/\/www.mivam.com\/?post_type=product&#038;p=1367"},"modified":"2025-06-19T02:11:34","modified_gmt":"2025-06-19T00:11:34","slug":"diagonal-sistem-ropox-diagonalno-pomikanje-omaric","status":"publish","type":"product","link":"https:\/\/www.mivam.com\/en\/izdelek\/diagonal-sistem-ropox-diagonalno-pomikanje-omaric\/","title":{"rendered":"Diagonal Sistem ROPOX &#8211; diagonalno pomikanje omaric"},"content":{"rendered":"<p>Dvi\u017eni sistem, ki omogo\u010da nastavljivo vi\u0161ino zgornjih omaric v kuhinji.<\/p>\n<p>Sistem dvigala ima edinstveno zna\u010dilnost, saj ne le, da lahko ohi\u0161je spusti na vi\u0161ino, ki je dostopna sede\u010dim uporabnikom, temve\u010d lahko tudi premakne omarico naprej od stene in jo pribli\u017euje uporabniku. Na ta na\u010din sistem Diagonal lift omogo\u010da vse vsebine zgornjih stenskih omaric.<\/p>\n<p>Omare so name\u0161\u010dene na sistem Diagonal lift, ki elektri\u010dno vi\u0161ino prilagaja prek majhnega stikala. Obmo\u010dje nastavitve vi\u0161ine je 43 cm v vi\u0161ino in 18 cm vodoravno. Diagonalna poteza (navzdol in proti uporabniku) je zelo pomembna predvsem za sede\u010de uporabnike, saj se vsebina ohi\u0161ja zlahka dose\u017ee.<\/p>\n<p>Diagonal je dvi\u017eni sistem, ki je razvit za ljudi z omejeno fizi\u010dno mobilnostjo, starej\u0161im in invalidnim osebam pa zagotavlja pro\u017enost in svobodo pri uporabi kuhinje pod enakimi pogoji kot vsi drugi.<\/p>\n<h2>Tehni\u010dne specifikacije:<\/h2>\n<ul>\n<li>Izdelan v skladu z naslednjim standardom: DS \/ EN12182-2012<\/li>\n<li>Maks. obremenitev: 120 kg enakomerno porazdeljeno<\/li>\n<li>Vi\u0161ina \u0161katle: 70-92 cm<\/li>\n<li>\u0160katla \u0160irina: 40-180 cm<\/li>\n<li>Globina okvirja: 11,5 cm<\/li>\n<\/ul>\n","protected":false},"excerpt":{"rendered":"<p>Dvi\u017eni sistem, ki omogo\u010da nastavljivo vi\u0161ino zgornjih omaric v kuhinji.<\/p>\n","protected":false},"featured_media":1370,"comment_status":"closed","ping_status":"closed","template":"","meta":[],"product_brand":[],"product_cat":[226,76],"product_tag":[507,827,829,823,828,505,432],"class_list":{"0":"post-1367","1":"product","2":"type-product","3":"status-publish","4":"has-post-thumbnail","6":"product_cat-pohistvo","7":"product_cat-pohistvo-za-gibalno-ovirane","8":"product_tag-diagonal","9":"product_tag-diagonalno-pomikanje-omaric","10":"product_tag-elektricna-omarica","11":"product_tag-pohistvo","12":"product_tag-pomikanje-omarice","13":"product_tag-prilagojeno-pohistvo","14":"product_tag-ropox","16":"first","17":"onbackorder","18":"taxable","19":"shipping-taxable","20":"product-type-simple"},"yoast_head":"<!-- This site is optimized with the Yoast SEO plugin v24.0 - https:\/\/yoast.com\/wordpress\/plugins\/seo\/ -->\n<title>Diagonal Sistem ROPOX - diagonalno pomikanje omaric - Mi Vam<\/title>\n<meta name=\"description\" content=\"Dvi\u017eni sistem, ki omogo\u010da nastavljivo vi\u0161ino zgornjih omaric v kuhinji.\" \/>\n<meta name=\"robots\" content=\"index, follow, max-snippet:-1, max-image-preview:large, max-video-preview:-1\" \/>\n<link rel=\"canonical\" href=\"https:\/\/www.mivam.com\/izdelek\/diagonal-sistem-ropox-diagonalno-pomikanje-omaric\/\" \/>\n<meta property=\"og:locale\" content=\"en_US\" \/>\n<meta property=\"og:type\" content=\"article\" \/>\n<meta property=\"og:title\" content=\"Diagonal Sistem ROPOX - diagonalno pomikanje omaric - Mi Vam\" \/>\n<meta property=\"og:description\" content=\"Dvi\u017eni sistem, ki omogo\u010da nastavljivo vi\u0161ino zgornjih omaric v kuhinji.\" \/>\n<meta property=\"og:url\" content=\"https:\/\/www.mivam.com\/izdelek\/diagonal-sistem-ropox-diagonalno-pomikanje-omaric\/\" \/>\n<meta property=\"og:site_name\" content=\"Mi Vam\" \/>\n<meta property=\"article:modified_time\" content=\"2025-06-19T00:11:34+00:00\" \/>\n<meta property=\"og:image\" content=\"https:\/\/www.mivam.com\/wp-content\/uploads\/2019\/02\/zgornje-kuhinske-omarice-ropox-diagonalno-odpiranje-1.jpg\" \/>\n\t<meta property=\"og:image:width\" content=\"1000\" \/>\n\t<meta property=\"og:image:height\" content=\"742\" \/>\n\t<meta property=\"og:image:type\" content=\"image\/jpeg\" \/>\n<meta name=\"twitter:card\" content=\"summary_large_image\" \/>\n<meta name=\"twitter:label1\" content=\"Est. reading time\" \/>\n\t<meta name=\"twitter:data1\" content=\"2 minutes\" \/>\n<script type=\"application\/ld+json\" class=\"yoast-schema-graph\">{\"@context\":\"https:\/\/schema.org\",\"@graph\":[{\"@type\":\"WebPage\",\"@id\":\"https:\/\/www.mivam.com\/izdelek\/diagonal-sistem-ropox-diagonalno-pomikanje-omaric\/\",\"url\":\"https:\/\/www.mivam.com\/izdelek\/diagonal-sistem-ropox-diagonalno-pomikanje-omaric\/\",\"name\":\"Diagonal Sistem ROPOX - diagonalno pomikanje omaric - Mi Vam\",\"isPartOf\":{\"@id\":\"https:\/\/www.mivam.com\/#website\"},\"primaryImageOfPage\":{\"@id\":\"https:\/\/www.mivam.com\/izdelek\/diagonal-sistem-ropox-diagonalno-pomikanje-omaric\/#primaryimage\"},\"image\":{\"@id\":\"https:\/\/www.mivam.com\/izdelek\/diagonal-sistem-ropox-diagonalno-pomikanje-omaric\/#primaryimage\"},\"thumbnailUrl\":\"https:\/\/www.mivam.com\/wp-content\/uploads\/2019\/02\/zgornje-kuhinske-omarice-ropox-diagonalno-odpiranje-1.jpg\",\"datePublished\":\"2019-02-26T11:43:16+00:00\",\"dateModified\":\"2025-06-19T00:11:34+00:00\",\"description\":\"Dvi\u017eni sistem, ki omogo\u010da nastavljivo vi\u0161ino zgornjih omaric v kuhinji.\",\"breadcrumb\":{\"@id\":\"https:\/\/www.mivam.com\/izdelek\/diagonal-sistem-ropox-diagonalno-pomikanje-omaric\/#breadcrumb\"},\"inLanguage\":\"en-US\",\"potentialAction\":[{\"@type\":\"ReadAction\",\"target\":[\"https:\/\/www.mivam.com\/izdelek\/diagonal-sistem-ropox-diagonalno-pomikanje-omaric\/\"]}]},{\"@type\":\"ImageObject\",\"inLanguage\":\"en-US\",\"@id\":\"https:\/\/www.mivam.com\/izdelek\/diagonal-sistem-ropox-diagonalno-pomikanje-omaric\/#primaryimage\",\"url\":\"https:\/\/www.mivam.com\/wp-content\/uploads\/2019\/02\/zgornje-kuhinske-omarice-ropox-diagonalno-odpiranje-1.jpg\",\"contentUrl\":\"https:\/\/www.mivam.com\/wp-content\/uploads\/2019\/02\/zgornje-kuhinske-omarice-ropox-diagonalno-odpiranje-1.jpg\",\"width\":1000,\"height\":742},{\"@type\":\"BreadcrumbList\",\"@id\":\"https:\/\/www.mivam.com\/izdelek\/diagonal-sistem-ropox-diagonalno-pomikanje-omaric\/#breadcrumb\",\"itemListElement\":[{\"@type\":\"ListItem\",\"position\":1,\"name\":\"Domov\",\"item\":\"https:\/\/www.mivam.com\/\"},{\"@type\":\"ListItem\",\"position\":2,\"name\":\"Shop\",\"item\":\"https:\/\/www.mivam.com\/en\/shop\/\"},{\"@type\":\"ListItem\",\"position\":3,\"name\":\"Pohi\u0161tvo\",\"item\":\"https:\/\/www.mivam.com\/kategorija-izdelka\/pohistvo\/\"},{\"@type\":\"ListItem\",\"position\":4,\"name\":\"Pohi\u0161tvo za gibalno ovirane\",\"item\":\"https:\/\/www.mivam.com\/kategorija-izdelka\/pohistvo\/pohistvo-za-gibalno-ovirane\/\"},{\"@type\":\"ListItem\",\"position\":5,\"name\":\"Diagonal Sistem ROPOX &#8211; diagonalno pomikanje omaric\"}]},{\"@type\":\"WebSite\",\"@id\":\"https:\/\/www.mivam.com\/#website\",\"url\":\"https:\/\/www.mivam.com\/\",\"name\":\"Mi Vam\",\"description\":\"Medicinski pripomo\u010dki in re\u0161itve za manj odvisno \u017eivljenje.\",\"potentialAction\":[{\"@type\":\"SearchAction\",\"target\":{\"@type\":\"EntryPoint\",\"urlTemplate\":\"https:\/\/www.mivam.com\/?s={search_term_string}\"},\"query-input\":{\"@type\":\"PropertyValueSpecification\",\"valueRequired\":true,\"valueName\":\"search_term_string\"}}],\"inLanguage\":\"en-US\"}]}<\/script>\n<!-- \/ Yoast SEO plugin. -->","yoast_head_json":{"title":"Diagonal Sistem ROPOX - diagonalno pomikanje omaric - Mi Vam","description":"Dvi\u017eni sistem, ki omogo\u010da nastavljivo vi\u0161ino zgornjih omaric v kuhinji.","robots":{"index":"index","follow":"follow","max-snippet":"max-snippet:-1","max-image-preview":"max-image-preview:large","max-video-preview":"max-video-preview:-1"},"canonical":"https:\/\/www.mivam.com\/izdelek\/diagonal-sistem-ropox-diagonalno-pomikanje-omaric\/","og_locale":"en_US","og_type":"article","og_title":"Diagonal Sistem ROPOX - diagonalno pomikanje omaric - Mi Vam","og_description":"Dvi\u017eni sistem, ki omogo\u010da nastavljivo vi\u0161ino zgornjih omaric v kuhinji.","og_url":"https:\/\/www.mivam.com\/izdelek\/diagonal-sistem-ropox-diagonalno-pomikanje-omaric\/","og_site_name":"Mi Vam","article_modified_time":"2025-06-19T00:11:34+00:00","og_image":[{"width":1000,"height":742,"url":"https:\/\/www.mivam.com\/wp-content\/uploads\/2019\/02\/zgornje-kuhinske-omarice-ropox-diagonalno-odpiranje-1.jpg","type":"image\/jpeg"}],"twitter_card":"summary_large_image","twitter_misc":{"Est. reading time":"2 minutes"},"schema":{"@context":"https:\/\/schema.org","@graph":[{"@type":"WebPage","@id":"https:\/\/www.mivam.com\/izdelek\/diagonal-sistem-ropox-diagonalno-pomikanje-omaric\/","url":"https:\/\/www.mivam.com\/izdelek\/diagonal-sistem-ropox-diagonalno-pomikanje-omaric\/","name":"Diagonal Sistem ROPOX - diagonalno pomikanje omaric - Mi Vam","isPartOf":{"@id":"https:\/\/www.mivam.com\/#website"},"primaryImageOfPage":{"@id":"https:\/\/www.mivam.com\/izdelek\/diagonal-sistem-ropox-diagonalno-pomikanje-omaric\/#primaryimage"},"image":{"@id":"https:\/\/www.mivam.com\/izdelek\/diagonal-sistem-ropox-diagonalno-pomikanje-omaric\/#primaryimage"},"thumbnailUrl":"https:\/\/www.mivam.com\/wp-content\/uploads\/2019\/02\/zgornje-kuhinske-omarice-ropox-diagonalno-odpiranje-1.jpg","datePublished":"2019-02-26T11:43:16+00:00","dateModified":"2025-06-19T00:11:34+00:00","description":"Dvi\u017eni sistem, ki omogo\u010da nastavljivo vi\u0161ino zgornjih omaric v kuhinji.","breadcrumb":{"@id":"https:\/\/www.mivam.com\/izdelek\/diagonal-sistem-ropox-diagonalno-pomikanje-omaric\/#breadcrumb"},"inLanguage":"en-US","potentialAction":[{"@type":"ReadAction","target":["https:\/\/www.mivam.com\/izdelek\/diagonal-sistem-ropox-diagonalno-pomikanje-omaric\/"]}]},{"@type":"ImageObject","inLanguage":"en-US","@id":"https:\/\/www.mivam.com\/izdelek\/diagonal-sistem-ropox-diagonalno-pomikanje-omaric\/#primaryimage","url":"https:\/\/www.mivam.com\/wp-content\/uploads\/2019\/02\/zgornje-kuhinske-omarice-ropox-diagonalno-odpiranje-1.jpg","contentUrl":"https:\/\/www.mivam.com\/wp-content\/uploads\/2019\/02\/zgornje-kuhinske-omarice-ropox-diagonalno-odpiranje-1.jpg","width":1000,"height":742},{"@type":"BreadcrumbList","@id":"https:\/\/www.mivam.com\/izdelek\/diagonal-sistem-ropox-diagonalno-pomikanje-omaric\/#breadcrumb","itemListElement":[{"@type":"ListItem","position":1,"name":"Domov","item":"https:\/\/www.mivam.com\/"},{"@type":"ListItem","position":2,"name":"Shop","item":"https:\/\/www.mivam.com\/en\/shop\/"},{"@type":"ListItem","position":3,"name":"Pohi\u0161tvo","item":"https:\/\/www.mivam.com\/kategorija-izdelka\/pohistvo\/"},{"@type":"ListItem","position":4,"name":"Pohi\u0161tvo za gibalno ovirane","item":"https:\/\/www.mivam.com\/kategorija-izdelka\/pohistvo\/pohistvo-za-gibalno-ovirane\/"},{"@type":"ListItem","position":5,"name":"Diagonal Sistem ROPOX &#8211; diagonalno pomikanje omaric"}]},{"@type":"WebSite","@id":"https:\/\/www.mivam.com\/#website","url":"https:\/\/www.mivam.com\/","name":"Mi Vam","description":"Medicinski pripomo\u010dki in re\u0161itve za manj odvisno \u017eivljenje.","potentialAction":[{"@type":"SearchAction","target":{"@type":"EntryPoint","urlTemplate":"https:\/\/www.mivam.com\/?s={search_term_string}"},"query-input":{"@type":"PropertyValueSpecification","valueRequired":true,"valueName":"search_term_string"}}],"inLanguage":"en-US"}]}},"_links":{"self":[{"href":"https:\/\/www.mivam.com\/en\/wp-json\/wp\/v2\/product\/1367","targetHints":{"allow":["GET"]}}],"collection":[{"href":"https:\/\/www.mivam.com\/en\/wp-json\/wp\/v2\/product"}],"about":[{"href":"https:\/\/www.mivam.com\/en\/wp-json\/wp\/v2\/types\/product"}],"replies":[{"embeddable":true,"href":"https:\/\/www.mivam.com\/en\/wp-json\/wp\/v2\/comments?post=1367"}],"wp:featuredmedia":[{"embeddable":true,"href":"https:\/\/www.mivam.com\/en\/wp-json\/wp\/v2\/media\/1370"}],"wp:attachment":[{"href":"https:\/\/www.mivam.com\/en\/wp-json\/wp\/v2\/media?parent=1367"}],"wp:term":[{"taxonomy":"product_brand","embeddable":true,"href":"https:\/\/www.mivam.com\/en\/wp-json\/wp\/v2\/product_brand?post=1367"},{"taxonomy":"product_cat","embeddable":true,"href":"https:\/\/www.mivam.com\/en\/wp-json\/wp\/v2\/product_cat?post=1367"},{"taxonomy":"product_tag","embeddable":true,"href":"https:\/\/www.mivam.com\/en\/wp-json\/wp\/v2\/product_tag?post=1367"}],"curies":[{"name":"wp","href":"https:\/\/api.w.org\/{rel}","templated":true}]}}