{"id":1354,"date":"2019-02-26T12:28:38","date_gmt":"2019-02-26T11:28:38","guid":{"rendered":"https:\/\/www.mivam.com\/?post_type=product&#038;p=1354"},"modified":"2025-06-19T02:16:42","modified_gmt":"2025-06-19T00:16:42","slug":"medi2-ropox-dvizni-mizni-umivalnik","status":"publish","type":"product","link":"https:\/\/www.mivam.com\/en\/izdelek\/medi2-ropox-dvizni-mizni-umivalnik\/","title":{"rendered":"MEDI2 ROPOX &#8211; Dvi\u017eni mizni umivalnik"},"content":{"rendered":"<p>Ergonomska in vi\u0161inska nastavljiva miza, namenjena posebej za otro\u0161ke vrtce.<\/p>\n<p>Medi2 je vi\u0161inska nastavljiva miza, namenjena posebej za vrtce.<\/p>\n<p>Miza ima elektri\u010dno nastavitev vi\u0161ine. Nastavite lahko vi\u0161ino na udobno raven in lahko delajo v zdravem polo\u017eaju. Prav tako pomeni, da se izogibajo dvigovanju te\u017ee, ker se lahko otroci brez pomo\u010di splazijo po mizi.<\/p>\n<p>Vi\u0161ina je nastavljena z vrha dvi\u017ene enote. Poleg tega je namestitev kontrolnega stikala izven dosega otrok.<\/p>\n<p>Zaradi ergonomske oblike mize imajo skrbniki vse, kar potrebujejo. Ne glede na to, ali je name\u0161\u010den na polici na steni ali v eni ko\u0161ari pod tabelo za dojenje. Obstaja tudi veliko in mehko obmo\u010dje za otroke.<\/p>\n<p>&nbsp;<\/p>\n<h2>Tehni\u010dne specifikacije:<\/h2>\n<ul>\n<li>Izdelano v skladu z naslednjim standardom: DS \/ EN 12221-1: 2008 + A1 2013,<\/li>\n<li>Hitrost dviganja: 8 sek. za migracijo 400 mm = 50 mm \/ s<\/li>\n<li>Material: Vakuumska plastika. Aluminij. Premazano jeklo. Nerjave\u010de jeklo.<\/li>\n<li>Funkcionalne dimenzije: nastavitev vi\u0161ine 600-1000 mm<\/li>\n<li>Maks. obremenitev: 75 kg<\/li>\n<\/ul>\n","protected":false},"excerpt":{"rendered":"<p>Ergonomsko \/ vi\u0161insko nastavljiva miza in umivalnik, namenjena posebej za otro\u0161ke vrtce ali druge ustanove. Primerno tudi za prilagojene kopalnice v va\u0161em domu.<\/p>\n","protected":false},"featured_media":1366,"comment_status":"closed","ping_status":"closed","template":"","meta":[],"product_brand":[],"product_cat":[226,76],"product_tag":[831,830,454,525,823,505,432,449,343],"class_list":{"0":"post-1354","1":"product","2":"type-product","3":"status-publish","4":"has-post-thumbnail","6":"product_cat-pohistvo","7":"product_cat-pohistvo-za-gibalno-ovirane","8":"product_tag-dvizni-mizni-umivalnik","9":"product_tag-dvizni-umivalnik","10":"product_tag-kopalnica","11":"product_tag-medi2","12":"product_tag-pohistvo","13":"product_tag-prilagojeno-pohistvo","14":"product_tag-ropox","15":"product_tag-umivalnik","16":"product_tag-wc","18":"first","19":"onbackorder","20":"taxable","21":"shipping-taxable","22":"product-type-simple"},"yoast_head":"<!-- This site is optimized with the Yoast SEO plugin v24.0 - https:\/\/yoast.com\/wordpress\/plugins\/seo\/ -->\n<title>MEDI2 ROPOX - Dvi\u017eni mizni umivalnik - Mi Vam<\/title>\n<meta name=\"description\" content=\"Ergonomsko \/ vi\u0161insko nastavljiva miza in umivalnik, namenjena posebej za otro\u0161ke vrtce ali druge ustanove. Primerno tudi za prilagojene kopalnice v va\u0161em domu.\" \/>\n<meta name=\"robots\" content=\"index, follow, max-snippet:-1, max-image-preview:large, max-video-preview:-1\" \/>\n<link rel=\"canonical\" href=\"https:\/\/www.mivam.com\/izdelek\/medi2-ropox-dvizni-mizni-umivalnik\/\" \/>\n<meta property=\"og:locale\" content=\"en_US\" \/>\n<meta property=\"og:type\" content=\"article\" \/>\n<meta property=\"og:title\" content=\"MEDI2 ROPOX - Dvi\u017eni mizni umivalnik - Mi Vam\" \/>\n<meta property=\"og:description\" content=\"Ergonomsko \/ vi\u0161insko nastavljiva miza in umivalnik, namenjena posebej za otro\u0161ke vrtce ali druge ustanove. Primerno tudi za prilagojene kopalnice v va\u0161em domu.\" \/>\n<meta property=\"og:url\" content=\"https:\/\/www.mivam.com\/izdelek\/medi2-ropox-dvizni-mizni-umivalnik\/\" \/>\n<meta property=\"og:site_name\" content=\"Mi Vam\" \/>\n<meta property=\"article:modified_time\" content=\"2025-06-19T00:16:42+00:00\" \/>\n<meta property=\"og:image\" content=\"https:\/\/www.mivam.com\/wp-content\/uploads\/2019\/02\/nursing-table-medi2-with-sink2.jpg\" \/>\n\t<meta property=\"og:image:width\" content=\"1000\" \/>\n\t<meta property=\"og:image:height\" content=\"742\" \/>\n\t<meta property=\"og:image:type\" content=\"image\/jpeg\" \/>\n<meta name=\"twitter:card\" content=\"summary_large_image\" \/>\n<meta name=\"twitter:label1\" content=\"Est. reading time\" \/>\n\t<meta name=\"twitter:data1\" content=\"2 minutes\" \/>\n<script type=\"application\/ld+json\" class=\"yoast-schema-graph\">{\"@context\":\"https:\/\/schema.org\",\"@graph\":[{\"@type\":\"WebPage\",\"@id\":\"https:\/\/www.mivam.com\/izdelek\/medi2-ropox-dvizni-mizni-umivalnik\/\",\"url\":\"https:\/\/www.mivam.com\/izdelek\/medi2-ropox-dvizni-mizni-umivalnik\/\",\"name\":\"MEDI2 ROPOX - Dvi\u017eni mizni umivalnik - Mi Vam\",\"isPartOf\":{\"@id\":\"https:\/\/www.mivam.com\/#website\"},\"primaryImageOfPage\":{\"@id\":\"https:\/\/www.mivam.com\/izdelek\/medi2-ropox-dvizni-mizni-umivalnik\/#primaryimage\"},\"image\":{\"@id\":\"https:\/\/www.mivam.com\/izdelek\/medi2-ropox-dvizni-mizni-umivalnik\/#primaryimage\"},\"thumbnailUrl\":\"https:\/\/www.mivam.com\/wp-content\/uploads\/2019\/02\/nursing-table-medi2-with-sink2.jpg\",\"datePublished\":\"2019-02-26T11:28:38+00:00\",\"dateModified\":\"2025-06-19T00:16:42+00:00\",\"description\":\"Ergonomsko \/ vi\u0161insko nastavljiva miza in umivalnik, namenjena posebej za otro\u0161ke vrtce ali druge ustanove. Primerno tudi za prilagojene kopalnice v va\u0161em domu.\",\"breadcrumb\":{\"@id\":\"https:\/\/www.mivam.com\/izdelek\/medi2-ropox-dvizni-mizni-umivalnik\/#breadcrumb\"},\"inLanguage\":\"en-US\",\"potentialAction\":[{\"@type\":\"ReadAction\",\"target\":[\"https:\/\/www.mivam.com\/izdelek\/medi2-ropox-dvizni-mizni-umivalnik\/\"]}]},{\"@type\":\"ImageObject\",\"inLanguage\":\"en-US\",\"@id\":\"https:\/\/www.mivam.com\/izdelek\/medi2-ropox-dvizni-mizni-umivalnik\/#primaryimage\",\"url\":\"https:\/\/www.mivam.com\/wp-content\/uploads\/2019\/02\/nursing-table-medi2-with-sink2.jpg\",\"contentUrl\":\"https:\/\/www.mivam.com\/wp-content\/uploads\/2019\/02\/nursing-table-medi2-with-sink2.jpg\",\"width\":1000,\"height\":742},{\"@type\":\"BreadcrumbList\",\"@id\":\"https:\/\/www.mivam.com\/izdelek\/medi2-ropox-dvizni-mizni-umivalnik\/#breadcrumb\",\"itemListElement\":[{\"@type\":\"ListItem\",\"position\":1,\"name\":\"Domov\",\"item\":\"https:\/\/www.mivam.com\/\"},{\"@type\":\"ListItem\",\"position\":2,\"name\":\"Shop\",\"item\":\"https:\/\/www.mivam.com\/en\/shop\/\"},{\"@type\":\"ListItem\",\"position\":3,\"name\":\"Pohi\u0161tvo\",\"item\":\"https:\/\/www.mivam.com\/kategorija-izdelka\/pohistvo\/\"},{\"@type\":\"ListItem\",\"position\":4,\"name\":\"MEDI2 ROPOX &#8211; Dvi\u017eni mizni umivalnik\"}]},{\"@type\":\"WebSite\",\"@id\":\"https:\/\/www.mivam.com\/#website\",\"url\":\"https:\/\/www.mivam.com\/\",\"name\":\"Mi Vam\",\"description\":\"Medicinski pripomo\u010dki in re\u0161itve za manj odvisno \u017eivljenje.\",\"potentialAction\":[{\"@type\":\"SearchAction\",\"target\":{\"@type\":\"EntryPoint\",\"urlTemplate\":\"https:\/\/www.mivam.com\/?s={search_term_string}\"},\"query-input\":{\"@type\":\"PropertyValueSpecification\",\"valueRequired\":true,\"valueName\":\"search_term_string\"}}],\"inLanguage\":\"en-US\"}]}<\/script>\n<!-- \/ Yoast SEO plugin. -->","yoast_head_json":{"title":"MEDI2 ROPOX - Dvi\u017eni mizni umivalnik - Mi Vam","description":"Ergonomsko \/ vi\u0161insko nastavljiva miza in umivalnik, namenjena posebej za otro\u0161ke vrtce ali druge ustanove. Primerno tudi za prilagojene kopalnice v va\u0161em domu.","robots":{"index":"index","follow":"follow","max-snippet":"max-snippet:-1","max-image-preview":"max-image-preview:large","max-video-preview":"max-video-preview:-1"},"canonical":"https:\/\/www.mivam.com\/izdelek\/medi2-ropox-dvizni-mizni-umivalnik\/","og_locale":"en_US","og_type":"article","og_title":"MEDI2 ROPOX - Dvi\u017eni mizni umivalnik - Mi Vam","og_description":"Ergonomsko \/ vi\u0161insko nastavljiva miza in umivalnik, namenjena posebej za otro\u0161ke vrtce ali druge ustanove. Primerno tudi za prilagojene kopalnice v va\u0161em domu.","og_url":"https:\/\/www.mivam.com\/izdelek\/medi2-ropox-dvizni-mizni-umivalnik\/","og_site_name":"Mi Vam","article_modified_time":"2025-06-19T00:16:42+00:00","og_image":[{"width":1000,"height":742,"url":"https:\/\/www.mivam.com\/wp-content\/uploads\/2019\/02\/nursing-table-medi2-with-sink2.jpg","type":"image\/jpeg"}],"twitter_card":"summary_large_image","twitter_misc":{"Est. reading time":"2 minutes"},"schema":{"@context":"https:\/\/schema.org","@graph":[{"@type":"WebPage","@id":"https:\/\/www.mivam.com\/izdelek\/medi2-ropox-dvizni-mizni-umivalnik\/","url":"https:\/\/www.mivam.com\/izdelek\/medi2-ropox-dvizni-mizni-umivalnik\/","name":"MEDI2 ROPOX - Dvi\u017eni mizni umivalnik - Mi Vam","isPartOf":{"@id":"https:\/\/www.mivam.com\/#website"},"primaryImageOfPage":{"@id":"https:\/\/www.mivam.com\/izdelek\/medi2-ropox-dvizni-mizni-umivalnik\/#primaryimage"},"image":{"@id":"https:\/\/www.mivam.com\/izdelek\/medi2-ropox-dvizni-mizni-umivalnik\/#primaryimage"},"thumbnailUrl":"https:\/\/www.mivam.com\/wp-content\/uploads\/2019\/02\/nursing-table-medi2-with-sink2.jpg","datePublished":"2019-02-26T11:28:38+00:00","dateModified":"2025-06-19T00:16:42+00:00","description":"Ergonomsko \/ vi\u0161insko nastavljiva miza in umivalnik, namenjena posebej za otro\u0161ke vrtce ali druge ustanove. Primerno tudi za prilagojene kopalnice v va\u0161em domu.","breadcrumb":{"@id":"https:\/\/www.mivam.com\/izdelek\/medi2-ropox-dvizni-mizni-umivalnik\/#breadcrumb"},"inLanguage":"en-US","potentialAction":[{"@type":"ReadAction","target":["https:\/\/www.mivam.com\/izdelek\/medi2-ropox-dvizni-mizni-umivalnik\/"]}]},{"@type":"ImageObject","inLanguage":"en-US","@id":"https:\/\/www.mivam.com\/izdelek\/medi2-ropox-dvizni-mizni-umivalnik\/#primaryimage","url":"https:\/\/www.mivam.com\/wp-content\/uploads\/2019\/02\/nursing-table-medi2-with-sink2.jpg","contentUrl":"https:\/\/www.mivam.com\/wp-content\/uploads\/2019\/02\/nursing-table-medi2-with-sink2.jpg","width":1000,"height":742},{"@type":"BreadcrumbList","@id":"https:\/\/www.mivam.com\/izdelek\/medi2-ropox-dvizni-mizni-umivalnik\/#breadcrumb","itemListElement":[{"@type":"ListItem","position":1,"name":"Domov","item":"https:\/\/www.mivam.com\/"},{"@type":"ListItem","position":2,"name":"Shop","item":"https:\/\/www.mivam.com\/en\/shop\/"},{"@type":"ListItem","position":3,"name":"Pohi\u0161tvo","item":"https:\/\/www.mivam.com\/kategorija-izdelka\/pohistvo\/"},{"@type":"ListItem","position":4,"name":"MEDI2 ROPOX &#8211; Dvi\u017eni mizni umivalnik"}]},{"@type":"WebSite","@id":"https:\/\/www.mivam.com\/#website","url":"https:\/\/www.mivam.com\/","name":"Mi Vam","description":"Medicinski pripomo\u010dki in re\u0161itve za manj odvisno \u017eivljenje.","potentialAction":[{"@type":"SearchAction","target":{"@type":"EntryPoint","urlTemplate":"https:\/\/www.mivam.com\/?s={search_term_string}"},"query-input":{"@type":"PropertyValueSpecification","valueRequired":true,"valueName":"search_term_string"}}],"inLanguage":"en-US"}]}},"_links":{"self":[{"href":"https:\/\/www.mivam.com\/en\/wp-json\/wp\/v2\/product\/1354","targetHints":{"allow":["GET"]}}],"collection":[{"href":"https:\/\/www.mivam.com\/en\/wp-json\/wp\/v2\/product"}],"about":[{"href":"https:\/\/www.mivam.com\/en\/wp-json\/wp\/v2\/types\/product"}],"replies":[{"embeddable":true,"href":"https:\/\/www.mivam.com\/en\/wp-json\/wp\/v2\/comments?post=1354"}],"wp:featuredmedia":[{"embeddable":true,"href":"https:\/\/www.mivam.com\/en\/wp-json\/wp\/v2\/media\/1366"}],"wp:attachment":[{"href":"https:\/\/www.mivam.com\/en\/wp-json\/wp\/v2\/media?parent=1354"}],"wp:term":[{"taxonomy":"product_brand","embeddable":true,"href":"https:\/\/www.mivam.com\/en\/wp-json\/wp\/v2\/product_brand?post=1354"},{"taxonomy":"product_cat","embeddable":true,"href":"https:\/\/www.mivam.com\/en\/wp-json\/wp\/v2\/product_cat?post=1354"},{"taxonomy":"product_tag","embeddable":true,"href":"https:\/\/www.mivam.com\/en\/wp-json\/wp\/v2\/product_tag?post=1354"}],"curies":[{"name":"wp","href":"https:\/\/api.w.org\/{rel}","templated":true}]}}