{"id":1353,"date":"2019-02-26T12:25:28","date_gmt":"2019-02-26T11:25:28","guid":{"rendered":"https:\/\/www.mivam.com\/?post_type=product&#038;p=1353"},"modified":"2025-06-19T02:14:11","modified_gmt":"2025-06-19T00:14:11","slug":"maxi2-ropox-dvizni-mizni-umivalnik","status":"publish","type":"product","link":"https:\/\/www.mivam.com\/en\/izdelek\/maxi2-ropox-dvizni-mizni-umivalnik\/","title":{"rendered":"MAXI2 ROPOX &#8211; Dvi\u017eni mizni umivalnik"},"content":{"rendered":"<p>Maxi2 je vi\u0161inska nastavljiva in ergonomska miza, ki je primerna za vrtce.<\/p>\n<p>Zaradi edinstvene in funkcionalne oblike negovalne mize, skrbniki dobijo popolno dr\u017eo za delo in zmanj\u0161ajo koli\u010dino te\u017ekega dviga. Miza je oblikovana prijazno za \u010di\u0161\u010denje z zaobljenimi vogali in robovi. To omogo\u010da enostavno vzdr\u017eevanje visoke ravni higiene okoli garderobe.<\/p>\n<p>Maxi2 je nastavljiva po vi\u0161ini od 40-100 cm. Tudi majhni otroci se lahko povzpnejo na mizo sami. Negovalec lahko prilagodi vi\u0161ino krmilnega stikala, ki se nahaja na vrhu, izven dosega otrok. Miza ima tudi vgrajen varnostni postanek. To zagotavlja varnost med nastavitvami vi\u0161ine.<\/p>\n<h2>Tehni\u010dne specifikacije:<\/h2>\n<ul>\n<li>Izdelano v skladu z naslednjim standardom: DS \/ EN 12221-1: 2008 + A1 2013<\/li>\n<li>Hitrost dviganja: 12 sek. za migracijo 600 mm = 50 mm \/ s<\/li>\n<li>Material: Vakuumska plastika. Aluminij. Premazano jeklo. Nerjave\u010de jeklo.<\/li>\n<li>Funkcionalne dimenzije: nastavitev vi\u0161ine 400-1000 mm<\/li>\n<li>Maks. obremenitev: 75 kg<\/li>\n<\/ul>\n","protected":false},"excerpt":{"rendered":"<p>Maxi2 je vi\u0161inska nastavljiv in ergonomski umivalnik, ki je primerna za dom ali ustanove kot vrtci.<\/p>\n","protected":false},"featured_media":1361,"comment_status":"closed","ping_status":"closed","template":"","meta":[],"product_brand":[],"product_cat":[226,76],"product_tag":[830,454,524,823,505,432,343],"class_list":{"0":"post-1353","1":"product","2":"type-product","3":"status-publish","4":"has-post-thumbnail","6":"product_cat-pohistvo","7":"product_cat-pohistvo-za-gibalno-ovirane","8":"product_tag-dvizni-umivalnik","9":"product_tag-kopalnica","10":"product_tag-maxi2","11":"product_tag-pohistvo","12":"product_tag-prilagojeno-pohistvo","13":"product_tag-ropox","14":"product_tag-wc","16":"first","17":"onbackorder","18":"taxable","19":"shipping-taxable","20":"product-type-simple"},"yoast_head":"<!-- This site is optimized with the Yoast SEO plugin v24.0 - https:\/\/yoast.com\/wordpress\/plugins\/seo\/ -->\n<title>MAXI2 ROPOX - Dvi\u017eni mizni umivalnik - Mi Vam<\/title>\n<meta name=\"description\" content=\"Maxi2 je vi\u0161inska nastavljiv in ergonomski umivalnik, ki je primerna za dom ali ustanove kot vrtci.\" \/>\n<meta name=\"robots\" content=\"index, follow, max-snippet:-1, max-image-preview:large, max-video-preview:-1\" \/>\n<link rel=\"canonical\" href=\"https:\/\/www.mivam.com\/izdelek\/maxi2-ropox-dvizni-mizni-umivalnik\/\" \/>\n<meta property=\"og:locale\" content=\"en_US\" \/>\n<meta property=\"og:type\" content=\"article\" \/>\n<meta property=\"og:title\" content=\"MAXI2 ROPOX - Dvi\u017eni mizni umivalnik - Mi Vam\" \/>\n<meta property=\"og:description\" content=\"Maxi2 je vi\u0161inska nastavljiv in ergonomski umivalnik, ki je primerna za dom ali ustanove kot vrtci.\" \/>\n<meta property=\"og:url\" content=\"https:\/\/www.mivam.com\/izdelek\/maxi2-ropox-dvizni-mizni-umivalnik\/\" \/>\n<meta property=\"og:site_name\" content=\"Mi Vam\" \/>\n<meta property=\"article:modified_time\" content=\"2025-06-19T00:14:11+00:00\" \/>\n<meta property=\"og:image\" content=\"https:\/\/www.mivam.com\/wp-content\/uploads\/2019\/02\/ropox-maxi2-1.jpg\" \/>\n\t<meta property=\"og:image:width\" content=\"1000\" \/>\n\t<meta property=\"og:image:height\" content=\"742\" \/>\n\t<meta property=\"og:image:type\" content=\"image\/jpeg\" \/>\n<meta name=\"twitter:card\" content=\"summary_large_image\" \/>\n<meta name=\"twitter:label1\" content=\"Est. reading time\" \/>\n\t<meta name=\"twitter:data1\" content=\"1 minute\" \/>\n<script type=\"application\/ld+json\" class=\"yoast-schema-graph\">{\"@context\":\"https:\/\/schema.org\",\"@graph\":[{\"@type\":\"WebPage\",\"@id\":\"https:\/\/www.mivam.com\/izdelek\/maxi2-ropox-dvizni-mizni-umivalnik\/\",\"url\":\"https:\/\/www.mivam.com\/izdelek\/maxi2-ropox-dvizni-mizni-umivalnik\/\",\"name\":\"MAXI2 ROPOX - Dvi\u017eni mizni umivalnik - Mi Vam\",\"isPartOf\":{\"@id\":\"https:\/\/www.mivam.com\/#website\"},\"primaryImageOfPage\":{\"@id\":\"https:\/\/www.mivam.com\/izdelek\/maxi2-ropox-dvizni-mizni-umivalnik\/#primaryimage\"},\"image\":{\"@id\":\"https:\/\/www.mivam.com\/izdelek\/maxi2-ropox-dvizni-mizni-umivalnik\/#primaryimage\"},\"thumbnailUrl\":\"https:\/\/www.mivam.com\/wp-content\/uploads\/2019\/02\/ropox-maxi2-1.jpg\",\"datePublished\":\"2019-02-26T11:25:28+00:00\",\"dateModified\":\"2025-06-19T00:14:11+00:00\",\"description\":\"Maxi2 je vi\u0161inska nastavljiv in ergonomski umivalnik, ki je primerna za dom ali ustanove kot vrtci.\",\"breadcrumb\":{\"@id\":\"https:\/\/www.mivam.com\/izdelek\/maxi2-ropox-dvizni-mizni-umivalnik\/#breadcrumb\"},\"inLanguage\":\"en-US\",\"potentialAction\":[{\"@type\":\"ReadAction\",\"target\":[\"https:\/\/www.mivam.com\/izdelek\/maxi2-ropox-dvizni-mizni-umivalnik\/\"]}]},{\"@type\":\"ImageObject\",\"inLanguage\":\"en-US\",\"@id\":\"https:\/\/www.mivam.com\/izdelek\/maxi2-ropox-dvizni-mizni-umivalnik\/#primaryimage\",\"url\":\"https:\/\/www.mivam.com\/wp-content\/uploads\/2019\/02\/ropox-maxi2-1.jpg\",\"contentUrl\":\"https:\/\/www.mivam.com\/wp-content\/uploads\/2019\/02\/ropox-maxi2-1.jpg\",\"width\":1000,\"height\":742},{\"@type\":\"BreadcrumbList\",\"@id\":\"https:\/\/www.mivam.com\/izdelek\/maxi2-ropox-dvizni-mizni-umivalnik\/#breadcrumb\",\"itemListElement\":[{\"@type\":\"ListItem\",\"position\":1,\"name\":\"Domov\",\"item\":\"https:\/\/www.mivam.com\/\"},{\"@type\":\"ListItem\",\"position\":2,\"name\":\"Shop\",\"item\":\"https:\/\/www.mivam.com\/en\/shop\/\"},{\"@type\":\"ListItem\",\"position\":3,\"name\":\"Pohi\u0161tvo\",\"item\":\"https:\/\/www.mivam.com\/kategorija-izdelka\/pohistvo\/\"},{\"@type\":\"ListItem\",\"position\":4,\"name\":\"MAXI2 ROPOX &#8211; Dvi\u017eni mizni umivalnik\"}]},{\"@type\":\"WebSite\",\"@id\":\"https:\/\/www.mivam.com\/#website\",\"url\":\"https:\/\/www.mivam.com\/\",\"name\":\"Mi Vam\",\"description\":\"Medicinski pripomo\u010dki in re\u0161itve za manj odvisno \u017eivljenje.\",\"potentialAction\":[{\"@type\":\"SearchAction\",\"target\":{\"@type\":\"EntryPoint\",\"urlTemplate\":\"https:\/\/www.mivam.com\/?s={search_term_string}\"},\"query-input\":{\"@type\":\"PropertyValueSpecification\",\"valueRequired\":true,\"valueName\":\"search_term_string\"}}],\"inLanguage\":\"en-US\"}]}<\/script>\n<!-- \/ Yoast SEO plugin. -->","yoast_head_json":{"title":"MAXI2 ROPOX - Dvi\u017eni mizni umivalnik - Mi Vam","description":"Maxi2 je vi\u0161inska nastavljiv in ergonomski umivalnik, ki je primerna za dom ali ustanove kot vrtci.","robots":{"index":"index","follow":"follow","max-snippet":"max-snippet:-1","max-image-preview":"max-image-preview:large","max-video-preview":"max-video-preview:-1"},"canonical":"https:\/\/www.mivam.com\/izdelek\/maxi2-ropox-dvizni-mizni-umivalnik\/","og_locale":"en_US","og_type":"article","og_title":"MAXI2 ROPOX - Dvi\u017eni mizni umivalnik - Mi Vam","og_description":"Maxi2 je vi\u0161inska nastavljiv in ergonomski umivalnik, ki je primerna za dom ali ustanove kot vrtci.","og_url":"https:\/\/www.mivam.com\/izdelek\/maxi2-ropox-dvizni-mizni-umivalnik\/","og_site_name":"Mi Vam","article_modified_time":"2025-06-19T00:14:11+00:00","og_image":[{"width":1000,"height":742,"url":"https:\/\/www.mivam.com\/wp-content\/uploads\/2019\/02\/ropox-maxi2-1.jpg","type":"image\/jpeg"}],"twitter_card":"summary_large_image","twitter_misc":{"Est. reading time":"1 minute"},"schema":{"@context":"https:\/\/schema.org","@graph":[{"@type":"WebPage","@id":"https:\/\/www.mivam.com\/izdelek\/maxi2-ropox-dvizni-mizni-umivalnik\/","url":"https:\/\/www.mivam.com\/izdelek\/maxi2-ropox-dvizni-mizni-umivalnik\/","name":"MAXI2 ROPOX - Dvi\u017eni mizni umivalnik - Mi Vam","isPartOf":{"@id":"https:\/\/www.mivam.com\/#website"},"primaryImageOfPage":{"@id":"https:\/\/www.mivam.com\/izdelek\/maxi2-ropox-dvizni-mizni-umivalnik\/#primaryimage"},"image":{"@id":"https:\/\/www.mivam.com\/izdelek\/maxi2-ropox-dvizni-mizni-umivalnik\/#primaryimage"},"thumbnailUrl":"https:\/\/www.mivam.com\/wp-content\/uploads\/2019\/02\/ropox-maxi2-1.jpg","datePublished":"2019-02-26T11:25:28+00:00","dateModified":"2025-06-19T00:14:11+00:00","description":"Maxi2 je vi\u0161inska nastavljiv in ergonomski umivalnik, ki je primerna za dom ali ustanove kot vrtci.","breadcrumb":{"@id":"https:\/\/www.mivam.com\/izdelek\/maxi2-ropox-dvizni-mizni-umivalnik\/#breadcrumb"},"inLanguage":"en-US","potentialAction":[{"@type":"ReadAction","target":["https:\/\/www.mivam.com\/izdelek\/maxi2-ropox-dvizni-mizni-umivalnik\/"]}]},{"@type":"ImageObject","inLanguage":"en-US","@id":"https:\/\/www.mivam.com\/izdelek\/maxi2-ropox-dvizni-mizni-umivalnik\/#primaryimage","url":"https:\/\/www.mivam.com\/wp-content\/uploads\/2019\/02\/ropox-maxi2-1.jpg","contentUrl":"https:\/\/www.mivam.com\/wp-content\/uploads\/2019\/02\/ropox-maxi2-1.jpg","width":1000,"height":742},{"@type":"BreadcrumbList","@id":"https:\/\/www.mivam.com\/izdelek\/maxi2-ropox-dvizni-mizni-umivalnik\/#breadcrumb","itemListElement":[{"@type":"ListItem","position":1,"name":"Domov","item":"https:\/\/www.mivam.com\/"},{"@type":"ListItem","position":2,"name":"Shop","item":"https:\/\/www.mivam.com\/en\/shop\/"},{"@type":"ListItem","position":3,"name":"Pohi\u0161tvo","item":"https:\/\/www.mivam.com\/kategorija-izdelka\/pohistvo\/"},{"@type":"ListItem","position":4,"name":"MAXI2 ROPOX &#8211; Dvi\u017eni mizni umivalnik"}]},{"@type":"WebSite","@id":"https:\/\/www.mivam.com\/#website","url":"https:\/\/www.mivam.com\/","name":"Mi Vam","description":"Medicinski pripomo\u010dki in re\u0161itve za manj odvisno \u017eivljenje.","potentialAction":[{"@type":"SearchAction","target":{"@type":"EntryPoint","urlTemplate":"https:\/\/www.mivam.com\/?s={search_term_string}"},"query-input":{"@type":"PropertyValueSpecification","valueRequired":true,"valueName":"search_term_string"}}],"inLanguage":"en-US"}]}},"_links":{"self":[{"href":"https:\/\/www.mivam.com\/en\/wp-json\/wp\/v2\/product\/1353","targetHints":{"allow":["GET"]}}],"collection":[{"href":"https:\/\/www.mivam.com\/en\/wp-json\/wp\/v2\/product"}],"about":[{"href":"https:\/\/www.mivam.com\/en\/wp-json\/wp\/v2\/types\/product"}],"replies":[{"embeddable":true,"href":"https:\/\/www.mivam.com\/en\/wp-json\/wp\/v2\/comments?post=1353"}],"wp:featuredmedia":[{"embeddable":true,"href":"https:\/\/www.mivam.com\/en\/wp-json\/wp\/v2\/media\/1361"}],"wp:attachment":[{"href":"https:\/\/www.mivam.com\/en\/wp-json\/wp\/v2\/media?parent=1353"}],"wp:term":[{"taxonomy":"product_brand","embeddable":true,"href":"https:\/\/www.mivam.com\/en\/wp-json\/wp\/v2\/product_brand?post=1353"},{"taxonomy":"product_cat","embeddable":true,"href":"https:\/\/www.mivam.com\/en\/wp-json\/wp\/v2\/product_cat?post=1353"},{"taxonomy":"product_tag","embeddable":true,"href":"https:\/\/www.mivam.com\/en\/wp-json\/wp\/v2\/product_tag?post=1353"}],"curies":[{"name":"wp","href":"https:\/\/api.w.org\/{rel}","templated":true}]}}