{"id":1314,"date":"2019-02-15T13:32:42","date_gmt":"2019-02-15T12:32:42","guid":{"rendered":"https:\/\/www.mivam.com\/?post_type=product&#038;p=1314"},"modified":"2025-06-19T02:21:14","modified_gmt":"2025-06-19T00:21:14","slug":"tempur-antidekubitusna-blazina-za-sedez","status":"publish","type":"product","link":"https:\/\/www.mivam.com\/en\/izdelek\/tempur-antidekubitusna-blazina-za-sedez\/","title":{"rendered":"Tempur &#8211; antidekubitusna blazina za sede\u017e"},"content":{"rendered":"<p>Blazino lahko uporabljate na razli\u010dnih sedalnih povr\u0161inah. Ima funkcijo enakomerne porazdelitve te\u017ee po celotni povr\u0161ini sede\u017ea in nudi dolgotrajno udobje. Prevleka je inkontinentna in se enostavno \u010disti.<\/p>\n<blockquote><p><em>TEMPUR-pedic\u00ae avtenti\u010dna spominska pena se popolnoma prilagodi telesu.<\/em><br \/>\n<em>Sodobni materiali so bili razviti in preizku\u0161eni za vesoljsko agencijo NASA.<\/em><br \/>\n<em>Vse prevleke na blazinah TEMPUR-pedic\u00ae se enostavno snamejo in so pralne.\u00a0<\/em><\/p><\/blockquote>\n<p>Ostale dimenzije, ki so na voljo (dobavni rok: 6-8 tednov):<\/p>\n<ul>\n<li>47x47x5<\/li>\n<li>47x47x7.5<\/li>\n<li>45x45x5<\/li>\n<li>45x45x7.5<\/li>\n<li>43x47x7.5<\/li>\n<li>43x47x5<\/li>\n<li>43x45x5<\/li>\n<li>43x43x5 (na zalogi)<\/li>\n<li>43x43x7.5<\/li>\n<li>40x45x7.5<\/li>\n<li>40x45x5 (na zalogi)<\/li>\n<li>40x40x7.5<\/li>\n<li>40x40x5 (na zalogi)<\/li>\n<\/ul>\n<p>V podjetju vam lahko blazino prilagodimo po specifi\u010dnih merah (rezanje in prilagoditev prevleke). Ta storitev se ra\u010duna individualno od cene blazine (40 \u20ac &#8211; DDV vklju\u010den).<\/p>\n","protected":false},"excerpt":{"rendered":"<p>Dimenzije na zalogi in na voljo:<\/p>\n<ul>\n<li>40x40x5 cm<\/li>\n<li>43x43x5 cm<\/li>\n<li>45x40x5 cm<\/li>\n<\/ul>\n","protected":false},"featured_media":2826,"comment_status":"closed","ping_status":"closed","template":"","meta":[],"product_brand":[],"product_cat":[222,41],"product_tag":[267,92,85,838,837,93,82,215],"class_list":{"0":"post-1314","1":"product","2":"type-product","3":"status-publish","4":"has-post-thumbnail","6":"product_cat-invalidski-vozicki-in-skuterji","7":"product_cat-antidekubitusne-blazine","8":"product_tag-267","9":"product_tag-antidekubitusna","10":"product_tag-blazina","11":"product_tag-blazina-za-invalidski-vozicek","12":"product_tag-blazina-za-vozicek","13":"product_tag-spominska-pena","14":"product_tag-tempur","15":"product_tag-zzzs","17":"first","18":"instock","19":"taxable","20":"shipping-taxable","21":"product-type-simple"},"yoast_head":"<!-- This site is optimized with the Yoast SEO plugin v24.0 - https:\/\/yoast.com\/wordpress\/plugins\/seo\/ -->\n<title>Tempur - antidekubitusna blazina za sede\u017e - Mi Vam<\/title>\n<meta name=\"description\" content=\"Dimenzije na zalogi in na voljo:   40x40x5 cm  43x43x5 cm  45x40x5 cm\" \/>\n<meta name=\"robots\" content=\"index, follow, max-snippet:-1, max-image-preview:large, max-video-preview:-1\" \/>\n<link rel=\"canonical\" href=\"https:\/\/www.mivam.com\/izdelek\/tempur-antidekubitusna-blazina-za-sedez\/\" \/>\n<meta property=\"og:locale\" content=\"en_US\" \/>\n<meta property=\"og:type\" content=\"article\" \/>\n<meta property=\"og:title\" content=\"Tempur - antidekubitusna blazina za sede\u017e - Mi Vam\" \/>\n<meta property=\"og:description\" content=\"Dimenzije na zalogi in na voljo:   40x40x5 cm  43x43x5 cm  45x40x5 cm\" \/>\n<meta property=\"og:url\" content=\"https:\/\/www.mivam.com\/izdelek\/tempur-antidekubitusna-blazina-za-sedez\/\" \/>\n<meta property=\"og:site_name\" content=\"Mi Vam\" \/>\n<meta property=\"article:modified_time\" content=\"2025-06-19T00:21:14+00:00\" \/>\n<meta property=\"og:image\" content=\"https:\/\/www.mivam.com\/wp-content\/uploads\/2019\/02\/tempur-slika-1.png\" \/>\n\t<meta property=\"og:image:width\" content=\"887\" \/>\n\t<meta property=\"og:image:height\" content=\"786\" \/>\n\t<meta property=\"og:image:type\" content=\"image\/png\" \/>\n<meta name=\"twitter:card\" content=\"summary_large_image\" \/>\n<meta name=\"twitter:label1\" content=\"Est. reading time\" \/>\n\t<meta name=\"twitter:data1\" content=\"1 minute\" \/>\n<script type=\"application\/ld+json\" class=\"yoast-schema-graph\">{\"@context\":\"https:\/\/schema.org\",\"@graph\":[{\"@type\":\"WebPage\",\"@id\":\"https:\/\/www.mivam.com\/izdelek\/tempur-antidekubitusna-blazina-za-sedez\/\",\"url\":\"https:\/\/www.mivam.com\/izdelek\/tempur-antidekubitusna-blazina-za-sedez\/\",\"name\":\"Tempur - antidekubitusna blazina za sede\u017e - Mi Vam\",\"isPartOf\":{\"@id\":\"https:\/\/www.mivam.com\/#website\"},\"primaryImageOfPage\":{\"@id\":\"https:\/\/www.mivam.com\/izdelek\/tempur-antidekubitusna-blazina-za-sedez\/#primaryimage\"},\"image\":{\"@id\":\"https:\/\/www.mivam.com\/izdelek\/tempur-antidekubitusna-blazina-za-sedez\/#primaryimage\"},\"thumbnailUrl\":\"https:\/\/www.mivam.com\/wp-content\/uploads\/2019\/02\/tempur-slika-1.png\",\"datePublished\":\"2019-02-15T12:32:42+00:00\",\"dateModified\":\"2025-06-19T00:21:14+00:00\",\"description\":\"Dimenzije na zalogi in na voljo: 40x40x5 cm 43x43x5 cm 45x40x5 cm\",\"breadcrumb\":{\"@id\":\"https:\/\/www.mivam.com\/izdelek\/tempur-antidekubitusna-blazina-za-sedez\/#breadcrumb\"},\"inLanguage\":\"en-US\",\"potentialAction\":[{\"@type\":\"ReadAction\",\"target\":[\"https:\/\/www.mivam.com\/izdelek\/tempur-antidekubitusna-blazina-za-sedez\/\"]}]},{\"@type\":\"ImageObject\",\"inLanguage\":\"en-US\",\"@id\":\"https:\/\/www.mivam.com\/izdelek\/tempur-antidekubitusna-blazina-za-sedez\/#primaryimage\",\"url\":\"https:\/\/www.mivam.com\/wp-content\/uploads\/2019\/02\/tempur-slika-1.png\",\"contentUrl\":\"https:\/\/www.mivam.com\/wp-content\/uploads\/2019\/02\/tempur-slika-1.png\",\"width\":887,\"height\":786},{\"@type\":\"BreadcrumbList\",\"@id\":\"https:\/\/www.mivam.com\/izdelek\/tempur-antidekubitusna-blazina-za-sedez\/#breadcrumb\",\"itemListElement\":[{\"@type\":\"ListItem\",\"position\":1,\"name\":\"Domov\",\"item\":\"https:\/\/www.mivam.com\/\"},{\"@type\":\"ListItem\",\"position\":2,\"name\":\"Shop\",\"item\":\"https:\/\/www.mivam.com\/en\/shop\/\"},{\"@type\":\"ListItem\",\"position\":3,\"name\":\"Invalidski vozi\u010dki in skuterji\",\"item\":\"https:\/\/www.mivam.com\/kategorija-izdelka\/invalidski-vozicki-in-skuterji\/\"},{\"@type\":\"ListItem\",\"position\":4,\"name\":\"Antidekubitusne blazine\",\"item\":\"https:\/\/www.mivam.com\/kategorija-izdelka\/invalidski-vozicki-in-skuterji\/antidekubitusne-blazine\/\"},{\"@type\":\"ListItem\",\"position\":5,\"name\":\"Tempur &#8211; antidekubitusna blazina za sede\u017e\"}]},{\"@type\":\"WebSite\",\"@id\":\"https:\/\/www.mivam.com\/#website\",\"url\":\"https:\/\/www.mivam.com\/\",\"name\":\"Mi Vam\",\"description\":\"Medicinski pripomo\u010dki in re\u0161itve za manj odvisno \u017eivljenje.\",\"potentialAction\":[{\"@type\":\"SearchAction\",\"target\":{\"@type\":\"EntryPoint\",\"urlTemplate\":\"https:\/\/www.mivam.com\/?s={search_term_string}\"},\"query-input\":{\"@type\":\"PropertyValueSpecification\",\"valueRequired\":true,\"valueName\":\"search_term_string\"}}],\"inLanguage\":\"en-US\"}]}<\/script>\n<!-- \/ Yoast SEO plugin. -->","yoast_head_json":{"title":"Tempur - antidekubitusna blazina za sede\u017e - Mi Vam","description":"Dimenzije na zalogi in na voljo:   40x40x5 cm  43x43x5 cm  45x40x5 cm","robots":{"index":"index","follow":"follow","max-snippet":"max-snippet:-1","max-image-preview":"max-image-preview:large","max-video-preview":"max-video-preview:-1"},"canonical":"https:\/\/www.mivam.com\/izdelek\/tempur-antidekubitusna-blazina-za-sedez\/","og_locale":"en_US","og_type":"article","og_title":"Tempur - antidekubitusna blazina za sede\u017e - Mi Vam","og_description":"Dimenzije na zalogi in na voljo:   40x40x5 cm  43x43x5 cm  45x40x5 cm","og_url":"https:\/\/www.mivam.com\/izdelek\/tempur-antidekubitusna-blazina-za-sedez\/","og_site_name":"Mi Vam","article_modified_time":"2025-06-19T00:21:14+00:00","og_image":[{"width":887,"height":786,"url":"https:\/\/www.mivam.com\/wp-content\/uploads\/2019\/02\/tempur-slika-1.png","type":"image\/png"}],"twitter_card":"summary_large_image","twitter_misc":{"Est. reading time":"1 minute"},"schema":{"@context":"https:\/\/schema.org","@graph":[{"@type":"WebPage","@id":"https:\/\/www.mivam.com\/izdelek\/tempur-antidekubitusna-blazina-za-sedez\/","url":"https:\/\/www.mivam.com\/izdelek\/tempur-antidekubitusna-blazina-za-sedez\/","name":"Tempur - antidekubitusna blazina za sede\u017e - Mi Vam","isPartOf":{"@id":"https:\/\/www.mivam.com\/#website"},"primaryImageOfPage":{"@id":"https:\/\/www.mivam.com\/izdelek\/tempur-antidekubitusna-blazina-za-sedez\/#primaryimage"},"image":{"@id":"https:\/\/www.mivam.com\/izdelek\/tempur-antidekubitusna-blazina-za-sedez\/#primaryimage"},"thumbnailUrl":"https:\/\/www.mivam.com\/wp-content\/uploads\/2019\/02\/tempur-slika-1.png","datePublished":"2019-02-15T12:32:42+00:00","dateModified":"2025-06-19T00:21:14+00:00","description":"Dimenzije na zalogi in na voljo: 40x40x5 cm 43x43x5 cm 45x40x5 cm","breadcrumb":{"@id":"https:\/\/www.mivam.com\/izdelek\/tempur-antidekubitusna-blazina-za-sedez\/#breadcrumb"},"inLanguage":"en-US","potentialAction":[{"@type":"ReadAction","target":["https:\/\/www.mivam.com\/izdelek\/tempur-antidekubitusna-blazina-za-sedez\/"]}]},{"@type":"ImageObject","inLanguage":"en-US","@id":"https:\/\/www.mivam.com\/izdelek\/tempur-antidekubitusna-blazina-za-sedez\/#primaryimage","url":"https:\/\/www.mivam.com\/wp-content\/uploads\/2019\/02\/tempur-slika-1.png","contentUrl":"https:\/\/www.mivam.com\/wp-content\/uploads\/2019\/02\/tempur-slika-1.png","width":887,"height":786},{"@type":"BreadcrumbList","@id":"https:\/\/www.mivam.com\/izdelek\/tempur-antidekubitusna-blazina-za-sedez\/#breadcrumb","itemListElement":[{"@type":"ListItem","position":1,"name":"Domov","item":"https:\/\/www.mivam.com\/"},{"@type":"ListItem","position":2,"name":"Shop","item":"https:\/\/www.mivam.com\/en\/shop\/"},{"@type":"ListItem","position":3,"name":"Invalidski vozi\u010dki in skuterji","item":"https:\/\/www.mivam.com\/kategorija-izdelka\/invalidski-vozicki-in-skuterji\/"},{"@type":"ListItem","position":4,"name":"Antidekubitusne blazine","item":"https:\/\/www.mivam.com\/kategorija-izdelka\/invalidski-vozicki-in-skuterji\/antidekubitusne-blazine\/"},{"@type":"ListItem","position":5,"name":"Tempur &#8211; antidekubitusna blazina za sede\u017e"}]},{"@type":"WebSite","@id":"https:\/\/www.mivam.com\/#website","url":"https:\/\/www.mivam.com\/","name":"Mi Vam","description":"Medicinski pripomo\u010dki in re\u0161itve za manj odvisno \u017eivljenje.","potentialAction":[{"@type":"SearchAction","target":{"@type":"EntryPoint","urlTemplate":"https:\/\/www.mivam.com\/?s={search_term_string}"},"query-input":{"@type":"PropertyValueSpecification","valueRequired":true,"valueName":"search_term_string"}}],"inLanguage":"en-US"}]}},"_links":{"self":[{"href":"https:\/\/www.mivam.com\/en\/wp-json\/wp\/v2\/product\/1314","targetHints":{"allow":["GET"]}}],"collection":[{"href":"https:\/\/www.mivam.com\/en\/wp-json\/wp\/v2\/product"}],"about":[{"href":"https:\/\/www.mivam.com\/en\/wp-json\/wp\/v2\/types\/product"}],"replies":[{"embeddable":true,"href":"https:\/\/www.mivam.com\/en\/wp-json\/wp\/v2\/comments?post=1314"}],"wp:featuredmedia":[{"embeddable":true,"href":"https:\/\/www.mivam.com\/en\/wp-json\/wp\/v2\/media\/2826"}],"wp:attachment":[{"href":"https:\/\/www.mivam.com\/en\/wp-json\/wp\/v2\/media?parent=1314"}],"wp:term":[{"taxonomy":"product_brand","embeddable":true,"href":"https:\/\/www.mivam.com\/en\/wp-json\/wp\/v2\/product_brand?post=1314"},{"taxonomy":"product_cat","embeddable":true,"href":"https:\/\/www.mivam.com\/en\/wp-json\/wp\/v2\/product_cat?post=1314"},{"taxonomy":"product_tag","embeddable":true,"href":"https:\/\/www.mivam.com\/en\/wp-json\/wp\/v2\/product_tag?post=1314"}],"curies":[{"name":"wp","href":"https:\/\/api.w.org\/{rel}","templated":true}]}}