{"id":1304,"date":"2019-02-15T13:10:00","date_gmt":"2019-02-15T12:10:00","guid":{"rendered":"https:\/\/www.mivam.com\/?post_type=product&#038;p=1304"},"modified":"2025-12-09T14:40:44","modified_gmt":"2025-12-09T13:40:44","slug":"stimulite-antidekubitusna-blazina-za-sedez","status":"publish","type":"product","link":"https:\/\/www.mivam.com\/en\/izdelek\/stimulite-antidekubitusna-blazina-za-sedez\/","title":{"rendered":"Stimulite &#8211; antidekubitusna blazina za sede\u017e"},"content":{"rendered":"<div class=\"wpb-content-wrapper\"><p>[vc_row][vc_column][vc_column_text]<span lang=\"EN-GB\">Stimulite sede\u017ene blazinevam nudijo razbremenitev pritiska za prepre\u010devanje prele\u017eanin pri osebah, ki so zaradi razli\u010dnih bolezenskih vzrokov ohromljeni in odvisni od uporabe invalidskega vozi\u010dka.<br \/>\n<\/span><span lang=\"EN-GB\"><br \/>\nBlazine STIMULITE odlikuje nekaj odli\u010dnih lastnosti : optimalna razbremenitev pritiska, suho sedenje zaradi stalnega zra\u010denja sti\u010dne ploskve, majhna te\u017ea in higieni\u010dnost blazine zaradi mo\u017enosti pranja.\u00a0<\/span><\/p>\n<p>Mo\u017ene so tudi v obliki za zelo ob\u010dutljive uporabnike &#8211; <strong>Extra Sensitive.\u00a0<\/strong>Te vsebujejo dodatno razbremenitev na primernih to\u010dkah. Za ve\u010d informacij se obrnite na nas ali si o njih preberite v na\u0161em prospektu.<\/p>\n<table class=\" alignleft\">\n<tbody>\n<tr>\n<td>Stimulite &#8211; Classic<\/td>\n<td>Stimulite &#8211; SlimLine<\/td>\n<td>Stimulite &#8211; Sport<\/td>\n<\/tr>\n<tr>\n<td><img decoding=\"async\" class=\"alignnone size-thumbnail wp-image-1460\" src=\"https:\/\/www.mivam.com\/wp-content\/uploads\/2019\/02\/stimulite-classic-150x150.jpg\" alt=\"\" width=\"150\" height=\"150\" srcset=\"https:\/\/www.mivam.com\/wp-content\/uploads\/2019\/02\/stimulite-classic-150x150.jpg 150w, https:\/\/www.mivam.com\/wp-content\/uploads\/2019\/02\/stimulite-classic-300x300.jpg 300w, https:\/\/www.mivam.com\/wp-content\/uploads\/2019\/02\/stimulite-classic-180x180.jpg 180w, https:\/\/www.mivam.com\/wp-content\/uploads\/2019\/02\/stimulite-classic.jpg 327w\" sizes=\"(max-width: 150px) 100vw, 150px\" \/><\/td>\n<td><img decoding=\"async\" class=\"alignnone size-thumbnail wp-image-1461\" src=\"https:\/\/www.mivam.com\/wp-content\/uploads\/2019\/02\/stimulite-slimline-150x150.jpg\" alt=\"\" width=\"150\" height=\"150\" srcset=\"https:\/\/www.mivam.com\/wp-content\/uploads\/2019\/02\/stimulite-slimline-150x150.jpg 150w, https:\/\/www.mivam.com\/wp-content\/uploads\/2019\/02\/stimulite-slimline-300x300.jpg 300w, https:\/\/www.mivam.com\/wp-content\/uploads\/2019\/02\/stimulite-slimline-180x180.jpg 180w, https:\/\/www.mivam.com\/wp-content\/uploads\/2019\/02\/stimulite-slimline.jpg 327w\" sizes=\"(max-width: 150px) 100vw, 150px\" \/><\/td>\n<td><img decoding=\"async\" class=\"alignnone size-thumbnail wp-image-1462\" src=\"https:\/\/www.mivam.com\/wp-content\/uploads\/2019\/02\/stimulite-sport-150x150.jpg\" alt=\"\" width=\"150\" height=\"150\" srcset=\"https:\/\/www.mivam.com\/wp-content\/uploads\/2019\/02\/stimulite-sport-150x150.jpg 150w, https:\/\/www.mivam.com\/wp-content\/uploads\/2019\/02\/stimulite-sport-300x300.jpg 300w, https:\/\/www.mivam.com\/wp-content\/uploads\/2019\/02\/stimulite-sport-180x180.jpg 180w, https:\/\/www.mivam.com\/wp-content\/uploads\/2019\/02\/stimulite-sport.jpg 327w\" sizes=\"(max-width: 150px) 100vw, 150px\" \/><\/td>\n<\/tr>\n<tr>\n<td>\n<ul>\n<li>Vi\u0161ina: 7 cm &#8211; triplastna<\/li>\n<li>Te\u017ea: cca 1,5kg<\/li>\n<li>Max. obte\u017eitev: 130kg<\/li>\n<li>Velikosti od 36 x 36cm do 51x51cm &#8211; prilagodljivo po 1 cm interval<\/li>\n<li>Ravna sede\u017ena blazina<\/li>\n<li>Primerna za ve\u010dino uporabnikov<\/li>\n<li>Visoka razbremenilnost za uporabnike z pove\u010danim tveganjem prele\u017eanin<\/li>\n<\/ul>\n<\/td>\n<td>\n<ul>\n<li>Vi\u0161ina: 6 cm &#8211; dvoplastna<\/li>\n<li>Te\u017ea: 1,5 kg<\/li>\n<li>Max. obte\u017eitev: 120kg<\/li>\n<li>Velikosti od 36 x 36 cm do 51 x 51 cm &#8211; prilagodljivo po 1 cm interval<\/li>\n<li>Lahka, anatomsko oblikovana sede\u017ena blazina, primerna za aktivne uporabnike<\/li>\n<\/ul>\n<p>&nbsp;<\/td>\n<td>\n<ul>\n<li>Vi\u0161ina 5 cm<\/li>\n<li>Te\u017ea 1 kg<\/li>\n<li>Max obte\u017eitev 120 kg<\/li>\n<li>Velikost od 36&#215;36 cm do 51x51cm &#8211;\u00a0prilagodljivo po 1 cm interval<\/li>\n<li>Vklju\u010duje zra\u010dno nepremo\u010dljivo prevleko<\/li>\n<li>Za aktivne uporabnike<\/li>\n<\/ul>\n<\/td>\n<\/tr>\n<\/tbody>\n<\/table>\n<p>Prenesite si prospekt\u00a0<span style=\"text-decoration: underline;\"><strong><a href=\"https:\/\/www.mivam.com\/wp-content\/uploads\/2019\/02\/supracor-medical-brochure.pdf\">Supracor-Stimulite-bro\u0161ura.<\/a><\/strong><\/span><\/p>\n<h3><span style=\"color: #ff0000;\"><strong>Blazino je mo\u017eno dobiti na naro\u010dilnico (0806) &#8211; Blazina za sede\u017e zelo zahtevna<\/strong><\/span><\/h3>\n<p><span style=\"text-decoration: underline;\">Pri naro\u010dilnicah (0802) in (0805) je potrebno dopla\u010dilo.<\/span>[\/vc_column_text][\/vc_column][\/vc_row][vc_row][vc_column][vc_column_text]<a href=\"https:\/\/supracor-com.translate.goog\/collections\/medical?_x_tr_sl=en&amp;_x_tr_tl=sl&amp;_x_tr_hl=sl&amp;_x_tr_pto=wapp\"><img decoding=\"async\" class=\"aligncenter size-full wp-image-7804\" src=\"https:\/\/www.mivam.com\/wp-content\/uploads\/2019\/02\/screenshot-2025-06-19-023529.jpg\" alt=\"\" width=\"1209\" height=\"1018\" srcset=\"https:\/\/www.mivam.com\/wp-content\/uploads\/2019\/02\/screenshot-2025-06-19-023529.jpg 1209w, https:\/\/www.mivam.com\/wp-content\/uploads\/2019\/02\/screenshot-2025-06-19-023529-300x253.jpg 300w, https:\/\/www.mivam.com\/wp-content\/uploads\/2019\/02\/screenshot-2025-06-19-023529-1024x862.jpg 1024w, https:\/\/www.mivam.com\/wp-content\/uploads\/2019\/02\/screenshot-2025-06-19-023529-768x647.jpg 768w, https:\/\/www.mivam.com\/wp-content\/uploads\/2019\/02\/screenshot-2025-06-19-023529-713x600.jpg 713w, https:\/\/www.mivam.com\/wp-content\/uploads\/2019\/02\/screenshot-2025-06-19-023529-600x505.jpg 600w\" sizes=\"(max-width: 1209px) 100vw, 1209px\" \/><\/a><\/p>\n<p><a href=\"https:\/\/supracor-com.translate.goog\/collections\/medical?_x_tr_sl=en&amp;_x_tr_tl=sl&amp;_x_tr_hl=sl&amp;_x_tr_pto=wapp\"><img decoding=\"async\" class=\"aligncenter size-full wp-image-7806\" src=\"https:\/\/www.mivam.com\/wp-content\/uploads\/2019\/02\/screenshot-2025-06-19-023400.jpg\" alt=\"\" width=\"1190\" height=\"507\" srcset=\"https:\/\/www.mivam.com\/wp-content\/uploads\/2019\/02\/screenshot-2025-06-19-023400.jpg 1190w, https:\/\/www.mivam.com\/wp-content\/uploads\/2019\/02\/screenshot-2025-06-19-023400-300x128.jpg 300w, https:\/\/www.mivam.com\/wp-content\/uploads\/2019\/02\/screenshot-2025-06-19-023400-1024x436.jpg 1024w, https:\/\/www.mivam.com\/wp-content\/uploads\/2019\/02\/screenshot-2025-06-19-023400-768x327.jpg 768w, https:\/\/www.mivam.com\/wp-content\/uploads\/2019\/02\/screenshot-2025-06-19-023400-800x341.jpg 800w, https:\/\/www.mivam.com\/wp-content\/uploads\/2019\/02\/screenshot-2025-06-19-023400-600x256.jpg 600w\" sizes=\"(max-width: 1190px) 100vw, 1190px\" \/><\/a>[\/vc_column_text][\/vc_column][\/vc_row]<\/p>\n<\/div>","protected":false},"excerpt":{"rendered":"<p><span lang=\"EN-GB\">Stimulite sede\u017ene blazinevam nudijo razbremenitev pritiska za prepre\u010devanje prele\u017eanin pri osebah, ki so zaradi razli\u010dnih bolezenskih vzrokov ohromljeni in odvisni od uporabe invalidskega vozi\u010dka.<\/span><\/p>\n<p>Stimulite blazine zdru\u017eujejo vse pozitivne zna\u010dilnosti blazine na osnovi zra\u010dnih celic in spominske pene.<\/p>\n<p>Prenesite si prospekt\u00a0<strong><a href=\"https:\/\/www.mivam.com\/wp-content\/uploads\/2019\/02\/supracor-medical-brochure.pdf\">Supracor-Stimulite-bro\u0161ura<\/a>.<\/strong><\/p>\n","protected":false},"featured_media":1311,"comment_status":"closed","ping_status":"closed","template":"","meta":[],"product_brand":[],"product_cat":[222,41],"product_tag":[243,92,845,162,843,841,844,846,160,163,842,164,161,165],"class_list":{"0":"post-1304","1":"product","2":"type-product","3":"status-publish","4":"has-post-thumbnail","6":"product_cat-invalidski-vozicki-in-skuterji","7":"product_cat-antidekubitusne-blazine","8":"product_tag-243","9":"product_tag-antidekubitusna","10":"product_tag-blazina-usa","11":"product_tag-classic","12":"product_tag-classic-xs","13":"product_tag-contured","14":"product_tag-contured-xs","15":"product_tag-elite","16":"product_tag-sedezna-blazina","17":"product_tag-slimline","18":"product_tag-slimline-xs","19":"product_tag-sport","20":"product_tag-stimulite","21":"product_tag-supracor","23":"first","24":"instock","25":"taxable","26":"shipping-taxable","27":"product-type-simple"},"yoast_head":"<!-- This site is optimized with the Yoast SEO plugin v24.0 - https:\/\/yoast.com\/wordpress\/plugins\/seo\/ -->\n<title>Stimulite - antidekubitusna blazina za sede\u017e - Mi Vam<\/title>\n<meta name=\"description\" content=\"Stimulite sede\u017ene blazinevam nudijo razbremenitev pritiska za prepre\u010devanje prele\u017eanin pri osebah, ki so zaradi razli\u010dnih bolezenskih vzrokov ohromljeni in odvisni od uporabe invalidskega vozi\u010dka.  Stimulite blazine zdru\u017eujejo vse pozitivne zna\u010dilnosti blazine na osnovi zra\u010dnih celic in spominske pene.  Prenesite si prospekt\u00a0Supracor-Stimulite-bro\u0161ura.\" \/>\n<meta name=\"robots\" content=\"index, follow, max-snippet:-1, max-image-preview:large, max-video-preview:-1\" \/>\n<link rel=\"canonical\" href=\"https:\/\/www.mivam.com\/izdelek\/stimulite-antidekubitusna-blazina-za-sedez\/\" \/>\n<meta property=\"og:locale\" content=\"en_US\" \/>\n<meta property=\"og:type\" content=\"article\" \/>\n<meta property=\"og:title\" content=\"Stimulite - antidekubitusna blazina za sede\u017e - Mi Vam\" \/>\n<meta property=\"og:description\" content=\"Stimulite sede\u017ene blazinevam nudijo razbremenitev pritiska za prepre\u010devanje prele\u017eanin pri osebah, ki so zaradi razli\u010dnih bolezenskih vzrokov ohromljeni in odvisni od uporabe invalidskega vozi\u010dka.  Stimulite blazine zdru\u017eujejo vse pozitivne zna\u010dilnosti blazine na osnovi zra\u010dnih celic in spominske pene.  Prenesite si prospekt\u00a0Supracor-Stimulite-bro\u0161ura.\" \/>\n<meta property=\"og:url\" content=\"https:\/\/www.mivam.com\/izdelek\/stimulite-antidekubitusna-blazina-za-sedez\/\" \/>\n<meta property=\"og:site_name\" content=\"Mi Vam\" \/>\n<meta property=\"article:modified_time\" content=\"2025-12-09T13:40:44+00:00\" \/>\n<meta property=\"og:image\" content=\"https:\/\/www.mivam.com\/wp-content\/uploads\/2019\/02\/stimulite-1.jpg\" \/>\n\t<meta property=\"og:image:width\" content=\"1000\" \/>\n\t<meta property=\"og:image:height\" content=\"742\" \/>\n\t<meta property=\"og:image:type\" content=\"image\/jpeg\" \/>\n<meta name=\"twitter:card\" content=\"summary_large_image\" \/>\n<meta name=\"twitter:label1\" content=\"Est. reading time\" \/>\n\t<meta name=\"twitter:data1\" content=\"3 minutes\" \/>\n<script type=\"application\/ld+json\" class=\"yoast-schema-graph\">{\"@context\":\"https:\/\/schema.org\",\"@graph\":[{\"@type\":\"WebPage\",\"@id\":\"https:\/\/www.mivam.com\/izdelek\/stimulite-antidekubitusna-blazina-za-sedez\/\",\"url\":\"https:\/\/www.mivam.com\/izdelek\/stimulite-antidekubitusna-blazina-za-sedez\/\",\"name\":\"Stimulite - antidekubitusna blazina za sede\u017e - Mi Vam\",\"isPartOf\":{\"@id\":\"https:\/\/www.mivam.com\/#website\"},\"primaryImageOfPage\":{\"@id\":\"https:\/\/www.mivam.com\/izdelek\/stimulite-antidekubitusna-blazina-za-sedez\/#primaryimage\"},\"image\":{\"@id\":\"https:\/\/www.mivam.com\/izdelek\/stimulite-antidekubitusna-blazina-za-sedez\/#primaryimage\"},\"thumbnailUrl\":\"https:\/\/www.mivam.com\/wp-content\/uploads\/2019\/02\/stimulite-1.jpg\",\"datePublished\":\"2019-02-15T12:10:00+00:00\",\"dateModified\":\"2025-12-09T13:40:44+00:00\",\"description\":\"Stimulite sede\u017ene blazinevam nudijo razbremenitev pritiska za prepre\u010devanje prele\u017eanin pri osebah, ki so zaradi razli\u010dnih bolezenskih vzrokov ohromljeni in odvisni od uporabe invalidskega vozi\u010dka. Stimulite blazine zdru\u017eujejo vse pozitivne zna\u010dilnosti blazine na osnovi zra\u010dnih celic in spominske pene. Prenesite si prospekt\u00a0Supracor-Stimulite-bro\u0161ura.\",\"breadcrumb\":{\"@id\":\"https:\/\/www.mivam.com\/izdelek\/stimulite-antidekubitusna-blazina-za-sedez\/#breadcrumb\"},\"inLanguage\":\"en-US\",\"potentialAction\":[{\"@type\":\"ReadAction\",\"target\":[\"https:\/\/www.mivam.com\/izdelek\/stimulite-antidekubitusna-blazina-za-sedez\/\"]}]},{\"@type\":\"ImageObject\",\"inLanguage\":\"en-US\",\"@id\":\"https:\/\/www.mivam.com\/izdelek\/stimulite-antidekubitusna-blazina-za-sedez\/#primaryimage\",\"url\":\"https:\/\/www.mivam.com\/wp-content\/uploads\/2019\/02\/stimulite-1.jpg\",\"contentUrl\":\"https:\/\/www.mivam.com\/wp-content\/uploads\/2019\/02\/stimulite-1.jpg\",\"width\":1000,\"height\":742},{\"@type\":\"BreadcrumbList\",\"@id\":\"https:\/\/www.mivam.com\/izdelek\/stimulite-antidekubitusna-blazina-za-sedez\/#breadcrumb\",\"itemListElement\":[{\"@type\":\"ListItem\",\"position\":1,\"name\":\"Domov\",\"item\":\"https:\/\/www.mivam.com\/\"},{\"@type\":\"ListItem\",\"position\":2,\"name\":\"Shop\",\"item\":\"https:\/\/www.mivam.com\/en\/shop\/\"},{\"@type\":\"ListItem\",\"position\":3,\"name\":\"Invalidski vozi\u010dki in skuterji\",\"item\":\"https:\/\/www.mivam.com\/kategorija-izdelka\/invalidski-vozicki-in-skuterji\/\"},{\"@type\":\"ListItem\",\"position\":4,\"name\":\"Antidekubitusne blazine\",\"item\":\"https:\/\/www.mivam.com\/kategorija-izdelka\/invalidski-vozicki-in-skuterji\/antidekubitusne-blazine\/\"},{\"@type\":\"ListItem\",\"position\":5,\"name\":\"Stimulite &#8211; antidekubitusna blazina za sede\u017e\"}]},{\"@type\":\"WebSite\",\"@id\":\"https:\/\/www.mivam.com\/#website\",\"url\":\"https:\/\/www.mivam.com\/\",\"name\":\"Mi Vam\",\"description\":\"Medicinski pripomo\u010dki in re\u0161itve za manj odvisno \u017eivljenje.\",\"potentialAction\":[{\"@type\":\"SearchAction\",\"target\":{\"@type\":\"EntryPoint\",\"urlTemplate\":\"https:\/\/www.mivam.com\/?s={search_term_string}\"},\"query-input\":{\"@type\":\"PropertyValueSpecification\",\"valueRequired\":true,\"valueName\":\"search_term_string\"}}],\"inLanguage\":\"en-US\"}]}<\/script>\n<!-- \/ Yoast SEO plugin. -->","yoast_head_json":{"title":"Stimulite - antidekubitusna blazina za sede\u017e - Mi Vam","description":"Stimulite sede\u017ene blazinevam nudijo razbremenitev pritiska za prepre\u010devanje prele\u017eanin pri osebah, ki so zaradi razli\u010dnih bolezenskih vzrokov ohromljeni in odvisni od uporabe invalidskega vozi\u010dka.  Stimulite blazine zdru\u017eujejo vse pozitivne zna\u010dilnosti blazine na osnovi zra\u010dnih celic in spominske pene.  Prenesite si prospekt\u00a0Supracor-Stimulite-bro\u0161ura.","robots":{"index":"index","follow":"follow","max-snippet":"max-snippet:-1","max-image-preview":"max-image-preview:large","max-video-preview":"max-video-preview:-1"},"canonical":"https:\/\/www.mivam.com\/izdelek\/stimulite-antidekubitusna-blazina-za-sedez\/","og_locale":"en_US","og_type":"article","og_title":"Stimulite - antidekubitusna blazina za sede\u017e - Mi Vam","og_description":"Stimulite sede\u017ene blazinevam nudijo razbremenitev pritiska za prepre\u010devanje prele\u017eanin pri osebah, ki so zaradi razli\u010dnih bolezenskih vzrokov ohromljeni in odvisni od uporabe invalidskega vozi\u010dka.  Stimulite blazine zdru\u017eujejo vse pozitivne zna\u010dilnosti blazine na osnovi zra\u010dnih celic in spominske pene.  Prenesite si prospekt\u00a0Supracor-Stimulite-bro\u0161ura.","og_url":"https:\/\/www.mivam.com\/izdelek\/stimulite-antidekubitusna-blazina-za-sedez\/","og_site_name":"Mi Vam","article_modified_time":"2025-12-09T13:40:44+00:00","og_image":[{"width":1000,"height":742,"url":"https:\/\/www.mivam.com\/wp-content\/uploads\/2019\/02\/stimulite-1.jpg","type":"image\/jpeg"}],"twitter_card":"summary_large_image","twitter_misc":{"Est. reading time":"3 minutes"},"schema":{"@context":"https:\/\/schema.org","@graph":[{"@type":"WebPage","@id":"https:\/\/www.mivam.com\/izdelek\/stimulite-antidekubitusna-blazina-za-sedez\/","url":"https:\/\/www.mivam.com\/izdelek\/stimulite-antidekubitusna-blazina-za-sedez\/","name":"Stimulite - antidekubitusna blazina za sede\u017e - Mi Vam","isPartOf":{"@id":"https:\/\/www.mivam.com\/#website"},"primaryImageOfPage":{"@id":"https:\/\/www.mivam.com\/izdelek\/stimulite-antidekubitusna-blazina-za-sedez\/#primaryimage"},"image":{"@id":"https:\/\/www.mivam.com\/izdelek\/stimulite-antidekubitusna-blazina-za-sedez\/#primaryimage"},"thumbnailUrl":"https:\/\/www.mivam.com\/wp-content\/uploads\/2019\/02\/stimulite-1.jpg","datePublished":"2019-02-15T12:10:00+00:00","dateModified":"2025-12-09T13:40:44+00:00","description":"Stimulite sede\u017ene blazinevam nudijo razbremenitev pritiska za prepre\u010devanje prele\u017eanin pri osebah, ki so zaradi razli\u010dnih bolezenskih vzrokov ohromljeni in odvisni od uporabe invalidskega vozi\u010dka. Stimulite blazine zdru\u017eujejo vse pozitivne zna\u010dilnosti blazine na osnovi zra\u010dnih celic in spominske pene. Prenesite si prospekt\u00a0Supracor-Stimulite-bro\u0161ura.","breadcrumb":{"@id":"https:\/\/www.mivam.com\/izdelek\/stimulite-antidekubitusna-blazina-za-sedez\/#breadcrumb"},"inLanguage":"en-US","potentialAction":[{"@type":"ReadAction","target":["https:\/\/www.mivam.com\/izdelek\/stimulite-antidekubitusna-blazina-za-sedez\/"]}]},{"@type":"ImageObject","inLanguage":"en-US","@id":"https:\/\/www.mivam.com\/izdelek\/stimulite-antidekubitusna-blazina-za-sedez\/#primaryimage","url":"https:\/\/www.mivam.com\/wp-content\/uploads\/2019\/02\/stimulite-1.jpg","contentUrl":"https:\/\/www.mivam.com\/wp-content\/uploads\/2019\/02\/stimulite-1.jpg","width":1000,"height":742},{"@type":"BreadcrumbList","@id":"https:\/\/www.mivam.com\/izdelek\/stimulite-antidekubitusna-blazina-za-sedez\/#breadcrumb","itemListElement":[{"@type":"ListItem","position":1,"name":"Domov","item":"https:\/\/www.mivam.com\/"},{"@type":"ListItem","position":2,"name":"Shop","item":"https:\/\/www.mivam.com\/en\/shop\/"},{"@type":"ListItem","position":3,"name":"Invalidski vozi\u010dki in skuterji","item":"https:\/\/www.mivam.com\/kategorija-izdelka\/invalidski-vozicki-in-skuterji\/"},{"@type":"ListItem","position":4,"name":"Antidekubitusne blazine","item":"https:\/\/www.mivam.com\/kategorija-izdelka\/invalidski-vozicki-in-skuterji\/antidekubitusne-blazine\/"},{"@type":"ListItem","position":5,"name":"Stimulite &#8211; antidekubitusna blazina za sede\u017e"}]},{"@type":"WebSite","@id":"https:\/\/www.mivam.com\/#website","url":"https:\/\/www.mivam.com\/","name":"Mi Vam","description":"Medicinski pripomo\u010dki in re\u0161itve za manj odvisno \u017eivljenje.","potentialAction":[{"@type":"SearchAction","target":{"@type":"EntryPoint","urlTemplate":"https:\/\/www.mivam.com\/?s={search_term_string}"},"query-input":{"@type":"PropertyValueSpecification","valueRequired":true,"valueName":"search_term_string"}}],"inLanguage":"en-US"}]}},"_links":{"self":[{"href":"https:\/\/www.mivam.com\/en\/wp-json\/wp\/v2\/product\/1304","targetHints":{"allow":["GET"]}}],"collection":[{"href":"https:\/\/www.mivam.com\/en\/wp-json\/wp\/v2\/product"}],"about":[{"href":"https:\/\/www.mivam.com\/en\/wp-json\/wp\/v2\/types\/product"}],"replies":[{"embeddable":true,"href":"https:\/\/www.mivam.com\/en\/wp-json\/wp\/v2\/comments?post=1304"}],"wp:featuredmedia":[{"embeddable":true,"href":"https:\/\/www.mivam.com\/en\/wp-json\/wp\/v2\/media\/1311"}],"wp:attachment":[{"href":"https:\/\/www.mivam.com\/en\/wp-json\/wp\/v2\/media?parent=1304"}],"wp:term":[{"taxonomy":"product_brand","embeddable":true,"href":"https:\/\/www.mivam.com\/en\/wp-json\/wp\/v2\/product_brand?post=1304"},{"taxonomy":"product_cat","embeddable":true,"href":"https:\/\/www.mivam.com\/en\/wp-json\/wp\/v2\/product_cat?post=1304"},{"taxonomy":"product_tag","embeddable":true,"href":"https:\/\/www.mivam.com\/en\/wp-json\/wp\/v2\/product_tag?post=1304"}],"curies":[{"name":"wp","href":"https:\/\/api.w.org\/{rel}","templated":true}]}}