{"id":1282,"date":"2019-02-15T12:37:31","date_gmt":"2019-02-15T11:37:31","guid":{"rendered":"https:\/\/www.mivam.com\/?post_type=product&#038;p=1282"},"modified":"2025-06-19T02:22:39","modified_gmt":"2025-06-19T00:22:39","slug":"trophy-skuter","status":"publish","type":"product","link":"https:\/\/www.mivam.com\/en\/izdelek\/trophy-skuter\/","title":{"rendered":"Trophy skuter"},"content":{"rendered":"<p>Elektri\u010dni skuter Trophy vam s sistemom vzmetenja in dodelano ergonomijo nudi vrhunsko udobje. Z mo\u017enostjo prilagoditve je primeren za vsakega uporabnika, tako za vo\u017enjo zunaj, kakor tudi v zaprtih prostorih. Zahteven teren zanj ne predstavlja nobenih ovir.<\/p>\n<p>Elektri\u010dni skuter Trophy je lahko tri- ali \u0161tiri-kolesni. Ogrodje, osnova hrbtnega naslona, sede\u017ena plo\u0161\u010da, nosilec naslonjala za roke ter naslona za glavo so izdelani iz jekla. Blazina je iz ergonomsko oblikovane pene. Oblazinjenje sede\u017ea je odporno proti gorenju ter ustreza predpisanim standardom.<\/p>\n<p>Barva skuterja je kovinsko rde\u010da. Osnovni model vklju\u010duje: bateriji, polnilec, lu\u010di, smerokaze, zavorne lu\u010di, vzratno ogledalo, ko\u0161arico spredaj, digitalni merilec hitrosti, \u0161tevec dnevno prevo\u017eenih kilometrov ter prikaz stanja baterije. Mo\u017enost ostale dodatne opreme.<\/p>\n<table>\n<tbody>\n<tr>\n<td>\u00a0<img decoding=\"async\" class=\"alignnone size-thumbnail wp-image-1296\" src=\"https:\/\/www.mivam.com\/wp-content\/uploads\/2019\/02\/sirina-sedeza4.jpg\" alt=\"\" width=\"61\" height=\"61\" \/><\/td>\n<td><img decoding=\"async\" class=\"alignnone size-thumbnail wp-image-1294\" src=\"https:\/\/www.mivam.com\/wp-content\/uploads\/2019\/02\/globina-sedeza4.jpg\" alt=\"\" width=\"61\" height=\"61\" \/><\/td>\n<td><img decoding=\"async\" class=\"alignnone size-thumbnail wp-image-1298\" src=\"https:\/\/www.mivam.com\/wp-content\/uploads\/2019\/02\/visina-sedeza4.jpg\" alt=\"\" width=\"61\" height=\"61\" \/><\/td>\n<td><img decoding=\"async\" class=\"alignnone size-thumbnail wp-image-1297\" src=\"https:\/\/www.mivam.com\/wp-content\/uploads\/2019\/02\/sirina-skuterja4.jpg\" alt=\"\" width=\"60\" height=\"61\" \/><\/td>\n<td><img decoding=\"async\" class=\"alignnone size-full wp-image-1293\" src=\"https:\/\/www.mivam.com\/wp-content\/uploads\/2019\/02\/dolzina-skuterja2.jpg\" alt=\"\" width=\"61\" height=\"61\" \/><\/td>\n<td><img decoding=\"async\" class=\"alignnone size-thumbnail wp-image-1295\" src=\"https:\/\/www.mivam.com\/wp-content\/uploads\/2019\/02\/max-obremenitev-1.jpg\" alt=\"\" width=\"61\" height=\"61\" \/><\/td>\n<\/tr>\n<tr>\n<td>50 cm<\/td>\n<td>\u00a043 cm<\/td>\n<td>\u00a042-55 cm<\/td>\n<td>66 cm<\/td>\n<td>140 cm<\/td>\n<td>3-kolesni: 98kg<br \/>\n4-kolesni: 98 kg<br \/>\nmax. obremenitev: 159kg<\/td>\n<\/tr>\n<\/tbody>\n<\/table>\n<p>&nbsp;<\/p>\n<p><a href=\"https:\/\/www.mivam.com\/wp-content\/uploads\/2019\/02\/trophyprospektang.pdf\" target=\"_blank\" rel=\"noopener\">Trophy &#8211; Prospekt &#8211; ang<\/a><br \/>\n<a href=\"https:\/\/www.mivam.com\/wp-content\/uploads\/2019\/02\/trophydeklaracija_copy1.pdf\" target=\"_blank\" rel=\"noopener\">Trophy &#8211; deklaracija<\/a><br \/>\n<a href=\"https:\/\/www.mivam.com\/wp-content\/uploads\/2019\/02\/trophytehnine_lastnosti.xls\" target=\"_blank\" rel=\"noopener\">Trophy &#8211; tehni\u010dne lastnosti<\/a><\/p>\n","protected":false},"excerpt":{"rendered":"<p>Elektri\u010dni skuter Trophy vam s sistemom vzmetenja in dodelano ergonomijo nudi vrhunsko udobje. Z mo\u017enostjo prilagoditve je primeren za vsakega uporabnika, tako za vo\u017enjo zunaj, kakor tudi v zaprtih prostorih. Zahteven teren zanj ne predstavlja nobenih ovir.<\/p>\n","protected":false},"featured_media":1284,"comment_status":"closed","ping_status":"closed","template":"","meta":[],"product_brand":[],"product_cat":[222,75],"product_tag":[324,321,840,115,813,839],"class_list":{"0":"post-1282","1":"product","2":"type-product","3":"status-publish","4":"has-post-thumbnail","6":"product_cat-invalidski-vozicki-in-skuterji","7":"product_cat-skuterji","8":"product_tag-324","9":"product_tag-elektricni-skuter","10":"product_tag-handicare","11":"product_tag-skuter","12":"product_tag-sunrise-medical","13":"product_tag-trophy","15":"first","16":"onbackorder","17":"taxable","18":"shipping-taxable","19":"product-type-simple"},"yoast_head":"<!-- This site is optimized with the Yoast SEO plugin v24.0 - https:\/\/yoast.com\/wordpress\/plugins\/seo\/ -->\n<title>Trophy skuter - Mi Vam<\/title>\n<meta name=\"description\" content=\"Elektri\u010dni skuter Trophy vam s sistemom vzmetenja in dodelano ergonomijo nudi vrhunsko udobje. Z mo\u017enostjo prilagoditve je primeren za vsakega uporabnika, tako za vo\u017enjo zunaj, kakor tudi v zaprtih prostorih. Zahteven teren zanj ne predstavlja nobenih ovir.\" \/>\n<meta name=\"robots\" content=\"index, follow, max-snippet:-1, max-image-preview:large, max-video-preview:-1\" \/>\n<link rel=\"canonical\" href=\"https:\/\/www.mivam.com\/izdelek\/trophy-skuter\/\" \/>\n<meta property=\"og:locale\" content=\"en_US\" \/>\n<meta property=\"og:type\" content=\"article\" \/>\n<meta property=\"og:title\" content=\"Trophy skuter - Mi Vam\" \/>\n<meta property=\"og:description\" content=\"Elektri\u010dni skuter Trophy vam s sistemom vzmetenja in dodelano ergonomijo nudi vrhunsko udobje. Z mo\u017enostjo prilagoditve je primeren za vsakega uporabnika, tako za vo\u017enjo zunaj, kakor tudi v zaprtih prostorih. Zahteven teren zanj ne predstavlja nobenih ovir.\" \/>\n<meta property=\"og:url\" content=\"https:\/\/www.mivam.com\/izdelek\/trophy-skuter\/\" \/>\n<meta property=\"og:site_name\" content=\"Mi Vam\" \/>\n<meta property=\"article:modified_time\" content=\"2025-06-19T00:22:39+00:00\" \/>\n<meta property=\"og:image\" content=\"https:\/\/www.mivam.com\/wp-content\/uploads\/2019\/02\/trophy-skuter-1.jpg\" \/>\n\t<meta property=\"og:image:width\" content=\"1000\" \/>\n\t<meta property=\"og:image:height\" content=\"742\" \/>\n\t<meta property=\"og:image:type\" content=\"image\/jpeg\" \/>\n<meta name=\"twitter:card\" content=\"summary_large_image\" \/>\n<meta name=\"twitter:label1\" content=\"Est. reading time\" \/>\n\t<meta name=\"twitter:data1\" content=\"3 minutes\" \/>\n<script type=\"application\/ld+json\" class=\"yoast-schema-graph\">{\"@context\":\"https:\/\/schema.org\",\"@graph\":[{\"@type\":\"WebPage\",\"@id\":\"https:\/\/www.mivam.com\/izdelek\/trophy-skuter\/\",\"url\":\"https:\/\/www.mivam.com\/izdelek\/trophy-skuter\/\",\"name\":\"Trophy skuter - Mi Vam\",\"isPartOf\":{\"@id\":\"https:\/\/www.mivam.com\/#website\"},\"primaryImageOfPage\":{\"@id\":\"https:\/\/www.mivam.com\/izdelek\/trophy-skuter\/#primaryimage\"},\"image\":{\"@id\":\"https:\/\/www.mivam.com\/izdelek\/trophy-skuter\/#primaryimage\"},\"thumbnailUrl\":\"https:\/\/www.mivam.com\/wp-content\/uploads\/2019\/02\/trophy-skuter-1.jpg\",\"datePublished\":\"2019-02-15T11:37:31+00:00\",\"dateModified\":\"2025-06-19T00:22:39+00:00\",\"description\":\"Elektri\u010dni skuter Trophy vam s sistemom vzmetenja in dodelano ergonomijo nudi vrhunsko udobje. Z mo\u017enostjo prilagoditve je primeren za vsakega uporabnika, tako za vo\u017enjo zunaj, kakor tudi v zaprtih prostorih. Zahteven teren zanj ne predstavlja nobenih ovir.\",\"breadcrumb\":{\"@id\":\"https:\/\/www.mivam.com\/izdelek\/trophy-skuter\/#breadcrumb\"},\"inLanguage\":\"en-US\",\"potentialAction\":[{\"@type\":\"ReadAction\",\"target\":[\"https:\/\/www.mivam.com\/izdelek\/trophy-skuter\/\"]}]},{\"@type\":\"ImageObject\",\"inLanguage\":\"en-US\",\"@id\":\"https:\/\/www.mivam.com\/izdelek\/trophy-skuter\/#primaryimage\",\"url\":\"https:\/\/www.mivam.com\/wp-content\/uploads\/2019\/02\/trophy-skuter-1.jpg\",\"contentUrl\":\"https:\/\/www.mivam.com\/wp-content\/uploads\/2019\/02\/trophy-skuter-1.jpg\",\"width\":1000,\"height\":742},{\"@type\":\"BreadcrumbList\",\"@id\":\"https:\/\/www.mivam.com\/izdelek\/trophy-skuter\/#breadcrumb\",\"itemListElement\":[{\"@type\":\"ListItem\",\"position\":1,\"name\":\"Domov\",\"item\":\"https:\/\/www.mivam.com\/\"},{\"@type\":\"ListItem\",\"position\":2,\"name\":\"Shop\",\"item\":\"https:\/\/www.mivam.com\/en\/shop\/\"},{\"@type\":\"ListItem\",\"position\":3,\"name\":\"Invalidski vozi\u010dki in skuterji\",\"item\":\"https:\/\/www.mivam.com\/kategorija-izdelka\/invalidski-vozicki-in-skuterji\/\"},{\"@type\":\"ListItem\",\"position\":4,\"name\":\"Skuterji\",\"item\":\"https:\/\/www.mivam.com\/kategorija-izdelka\/invalidski-vozicki-in-skuterji\/skuterji\/\"},{\"@type\":\"ListItem\",\"position\":5,\"name\":\"Trophy skuter\"}]},{\"@type\":\"WebSite\",\"@id\":\"https:\/\/www.mivam.com\/#website\",\"url\":\"https:\/\/www.mivam.com\/\",\"name\":\"Mi Vam\",\"description\":\"Medicinski pripomo\u010dki in re\u0161itve za manj odvisno \u017eivljenje.\",\"potentialAction\":[{\"@type\":\"SearchAction\",\"target\":{\"@type\":\"EntryPoint\",\"urlTemplate\":\"https:\/\/www.mivam.com\/?s={search_term_string}\"},\"query-input\":{\"@type\":\"PropertyValueSpecification\",\"valueRequired\":true,\"valueName\":\"search_term_string\"}}],\"inLanguage\":\"en-US\"}]}<\/script>\n<!-- \/ Yoast SEO plugin. -->","yoast_head_json":{"title":"Trophy skuter - Mi Vam","description":"Elektri\u010dni skuter Trophy vam s sistemom vzmetenja in dodelano ergonomijo nudi vrhunsko udobje. Z mo\u017enostjo prilagoditve je primeren za vsakega uporabnika, tako za vo\u017enjo zunaj, kakor tudi v zaprtih prostorih. Zahteven teren zanj ne predstavlja nobenih ovir.","robots":{"index":"index","follow":"follow","max-snippet":"max-snippet:-1","max-image-preview":"max-image-preview:large","max-video-preview":"max-video-preview:-1"},"canonical":"https:\/\/www.mivam.com\/izdelek\/trophy-skuter\/","og_locale":"en_US","og_type":"article","og_title":"Trophy skuter - Mi Vam","og_description":"Elektri\u010dni skuter Trophy vam s sistemom vzmetenja in dodelano ergonomijo nudi vrhunsko udobje. Z mo\u017enostjo prilagoditve je primeren za vsakega uporabnika, tako za vo\u017enjo zunaj, kakor tudi v zaprtih prostorih. Zahteven teren zanj ne predstavlja nobenih ovir.","og_url":"https:\/\/www.mivam.com\/izdelek\/trophy-skuter\/","og_site_name":"Mi Vam","article_modified_time":"2025-06-19T00:22:39+00:00","og_image":[{"width":1000,"height":742,"url":"https:\/\/www.mivam.com\/wp-content\/uploads\/2019\/02\/trophy-skuter-1.jpg","type":"image\/jpeg"}],"twitter_card":"summary_large_image","twitter_misc":{"Est. reading time":"3 minutes"},"schema":{"@context":"https:\/\/schema.org","@graph":[{"@type":"WebPage","@id":"https:\/\/www.mivam.com\/izdelek\/trophy-skuter\/","url":"https:\/\/www.mivam.com\/izdelek\/trophy-skuter\/","name":"Trophy skuter - Mi Vam","isPartOf":{"@id":"https:\/\/www.mivam.com\/#website"},"primaryImageOfPage":{"@id":"https:\/\/www.mivam.com\/izdelek\/trophy-skuter\/#primaryimage"},"image":{"@id":"https:\/\/www.mivam.com\/izdelek\/trophy-skuter\/#primaryimage"},"thumbnailUrl":"https:\/\/www.mivam.com\/wp-content\/uploads\/2019\/02\/trophy-skuter-1.jpg","datePublished":"2019-02-15T11:37:31+00:00","dateModified":"2025-06-19T00:22:39+00:00","description":"Elektri\u010dni skuter Trophy vam s sistemom vzmetenja in dodelano ergonomijo nudi vrhunsko udobje. Z mo\u017enostjo prilagoditve je primeren za vsakega uporabnika, tako za vo\u017enjo zunaj, kakor tudi v zaprtih prostorih. Zahteven teren zanj ne predstavlja nobenih ovir.","breadcrumb":{"@id":"https:\/\/www.mivam.com\/izdelek\/trophy-skuter\/#breadcrumb"},"inLanguage":"en-US","potentialAction":[{"@type":"ReadAction","target":["https:\/\/www.mivam.com\/izdelek\/trophy-skuter\/"]}]},{"@type":"ImageObject","inLanguage":"en-US","@id":"https:\/\/www.mivam.com\/izdelek\/trophy-skuter\/#primaryimage","url":"https:\/\/www.mivam.com\/wp-content\/uploads\/2019\/02\/trophy-skuter-1.jpg","contentUrl":"https:\/\/www.mivam.com\/wp-content\/uploads\/2019\/02\/trophy-skuter-1.jpg","width":1000,"height":742},{"@type":"BreadcrumbList","@id":"https:\/\/www.mivam.com\/izdelek\/trophy-skuter\/#breadcrumb","itemListElement":[{"@type":"ListItem","position":1,"name":"Domov","item":"https:\/\/www.mivam.com\/"},{"@type":"ListItem","position":2,"name":"Shop","item":"https:\/\/www.mivam.com\/en\/shop\/"},{"@type":"ListItem","position":3,"name":"Invalidski vozi\u010dki in skuterji","item":"https:\/\/www.mivam.com\/kategorija-izdelka\/invalidski-vozicki-in-skuterji\/"},{"@type":"ListItem","position":4,"name":"Skuterji","item":"https:\/\/www.mivam.com\/kategorija-izdelka\/invalidski-vozicki-in-skuterji\/skuterji\/"},{"@type":"ListItem","position":5,"name":"Trophy skuter"}]},{"@type":"WebSite","@id":"https:\/\/www.mivam.com\/#website","url":"https:\/\/www.mivam.com\/","name":"Mi Vam","description":"Medicinski pripomo\u010dki in re\u0161itve za manj odvisno \u017eivljenje.","potentialAction":[{"@type":"SearchAction","target":{"@type":"EntryPoint","urlTemplate":"https:\/\/www.mivam.com\/?s={search_term_string}"},"query-input":{"@type":"PropertyValueSpecification","valueRequired":true,"valueName":"search_term_string"}}],"inLanguage":"en-US"}]}},"_links":{"self":[{"href":"https:\/\/www.mivam.com\/en\/wp-json\/wp\/v2\/product\/1282","targetHints":{"allow":["GET"]}}],"collection":[{"href":"https:\/\/www.mivam.com\/en\/wp-json\/wp\/v2\/product"}],"about":[{"href":"https:\/\/www.mivam.com\/en\/wp-json\/wp\/v2\/types\/product"}],"replies":[{"embeddable":true,"href":"https:\/\/www.mivam.com\/en\/wp-json\/wp\/v2\/comments?post=1282"}],"wp:featuredmedia":[{"embeddable":true,"href":"https:\/\/www.mivam.com\/en\/wp-json\/wp\/v2\/media\/1284"}],"wp:attachment":[{"href":"https:\/\/www.mivam.com\/en\/wp-json\/wp\/v2\/media?parent=1282"}],"wp:term":[{"taxonomy":"product_brand","embeddable":true,"href":"https:\/\/www.mivam.com\/en\/wp-json\/wp\/v2\/product_brand?post=1282"},{"taxonomy":"product_cat","embeddable":true,"href":"https:\/\/www.mivam.com\/en\/wp-json\/wp\/v2\/product_cat?post=1282"},{"taxonomy":"product_tag","embeddable":true,"href":"https:\/\/www.mivam.com\/en\/wp-json\/wp\/v2\/product_tag?post=1282"}],"curies":[{"name":"wp","href":"https:\/\/api.w.org\/{rel}","templated":true}]}}