{"id":1267,"date":"2019-02-15T12:30:22","date_gmt":"2019-02-15T11:30:22","guid":{"rendered":"https:\/\/www.mivam.com\/?post_type=product&#038;p=1267"},"modified":"2025-06-19T02:42:35","modified_gmt":"2025-06-19T00:42:35","slug":"fortress-calypso-skuter","status":"publish","type":"product","link":"https:\/\/www.mivam.com\/en\/izdelek\/fortress-calypso-skuter\/","title":{"rendered":"Fortress Calypso skuter"},"content":{"rendered":"<p>Trikolesni elektri\u010dni skuter Calypso ima vse lastnosti velikega skuterja, vendar je zaradi svoje okretnosti primeren tudi za uporabo v zaprtih prostorih. Njegova velika prednost je, da ga je mo\u010d razstaviti. Zato ga lahko transportirate tudi v osebnem avtomobilu.<\/p>\n<p>Elektri\u010dni skuter Calypso je primeren za vo\u017enjo po srednje zahtevnem terenu.<\/p>\n<p>Ogrodje, osnova hrbtnega naslona, sede\u017ena plo\u0161\u010da, nosilec naslonjala za roke ter naslona za glavo so izdelani iz jekla. Blazina je iz ergonomsko oblikovane pene. Oblazinjenje sede\u017ea je odporno proti gorenju ter ustreza predpisanim standardom.<\/p>\n<p>Barva skuterja je srebrno sive z kovinsko temno modrimi dodatki. Osnovni model vklju\u010duje: bateriji, polnilec, lu\u010di, smerokaze, naslon za glavo ter ko\u0161arico spredaj. Mo\u017enost ostale dodatne opreme.<\/p>\n<p>&nbsp;<\/p>\n<table>\n<tbody>\n<tr>\n<td>\u00a0<img decoding=\"async\" class=\"alignnone size-thumbnail wp-image-1278\" src=\"https:\/\/www.mivam.com\/wp-content\/uploads\/2019\/02\/sirina-sedeza.jpg\" alt=\"\" width=\"61\" height=\"61\" \/><\/td>\n<td>\u00a0<img decoding=\"async\" class=\"alignnone size-thumbnail wp-image-1276\" src=\"https:\/\/www.mivam.com\/wp-content\/uploads\/2019\/02\/globina-sedeza.jpg\" alt=\"\" width=\"61\" height=\"61\" \/><\/td>\n<td>\u00a0<img decoding=\"async\" class=\"alignnone size-thumbnail wp-image-1280\" src=\"https:\/\/www.mivam.com\/wp-content\/uploads\/2019\/02\/visina-sedeza.jpg\" alt=\"\" width=\"61\" height=\"61\" \/><\/td>\n<td>\u00a0<img decoding=\"async\" class=\"alignnone size-thumbnail wp-image-1279\" src=\"https:\/\/www.mivam.com\/wp-content\/uploads\/2019\/02\/sirina-skuterja.jpg\" alt=\"\" width=\"60\" height=\"61\" \/><\/td>\n<td>\u00a0<img decoding=\"async\" class=\"alignnone size-full wp-image-1275\" src=\"https:\/\/www.mivam.com\/wp-content\/uploads\/2019\/02\/dolzina-skuterja.jpg\" alt=\"\" width=\"61\" height=\"61\" \/><\/td>\n<td>\u00a0<img decoding=\"async\" class=\"alignnone size-thumbnail wp-image-1277\" src=\"https:\/\/www.mivam.com\/wp-content\/uploads\/2019\/02\/max-obremenitev.jpg\" alt=\"\" width=\"61\" height=\"61\" \/><\/td>\n<\/tr>\n<tr>\n<td>45,7 cm<\/td>\n<td>44,5 cm<\/td>\n<td>43,2-49 cm<\/td>\n<td>62,2 cm<\/td>\n<td>121,4 cm<\/td>\n<td>3-kolesni: 70kg<br \/>\nmax. obremenitev: 125kg<\/td>\n<\/tr>\n<\/tbody>\n<\/table>\n<p><a href=\"https:\/\/www.mivam.com\/wp-content\/uploads\/2019\/02\/skuterjiprimerjalna_tabela.xls\" target=\"_blank\" rel=\"noopener\">Primerjalna tabela skuterjev<\/a><\/p>\n","protected":false},"excerpt":{"rendered":"<p>Trikolesni elektri\u010dni skuter Calypso ima vse lastnosti velikega skuterja, vendar je zaradi svoje okretnosti primeren tudi za uporabo v zaprtih prostorih. Njegova velika prednost je, da ga je mo\u010d razstaviti. Zato ga lahko transportirate tudi v osebnem avtomobilu.<\/p>\n","protected":false},"featured_media":1268,"comment_status":"closed","ping_status":"closed","template":"","meta":[],"product_brand":[],"product_cat":[222,75],"product_tag":[324,847,321,840,115,53,52,813,215],"class_list":{"0":"post-1267","1":"product","2":"type-product","3":"status-publish","4":"has-post-thumbnail","6":"product_cat-invalidski-vozicki-in-skuterji","7":"product_cat-skuterji","8":"product_tag-324","9":"product_tag-calypso","10":"product_tag-elektricni-skuter","11":"product_tag-handicare","12":"product_tag-skuter","13":"product_tag-skuterji-za-gobalno-ovirane-osebe","14":"product_tag-skuterji-za-invalide","15":"product_tag-sunrise-medical","16":"product_tag-zzzs","18":"first","19":"onbackorder","20":"taxable","21":"shipping-taxable","22":"product-type-simple"},"yoast_head":"<!-- This site is optimized with the Yoast SEO plugin v24.0 - https:\/\/yoast.com\/wordpress\/plugins\/seo\/ -->\n<title>Fortress Calypso skuter - Mi Vam<\/title>\n<meta name=\"description\" content=\"Trikolesni elektri\u010dni skuter Calypso ima vse lastnosti velikega skuterja, vendar je zaradi svoje okretnosti primeren tudi za uporabo v zaprtih prostorih. Njegova velika prednost je, da ga je mo\u010d razstaviti. Zato ga lahko transportirate tudi v osebnem avtomobilu.\" \/>\n<meta name=\"robots\" content=\"index, follow, max-snippet:-1, max-image-preview:large, max-video-preview:-1\" \/>\n<link rel=\"canonical\" href=\"https:\/\/www.mivam.com\/izdelek\/fortress-calypso-skuter\/\" \/>\n<meta property=\"og:locale\" content=\"en_US\" \/>\n<meta property=\"og:type\" content=\"article\" \/>\n<meta property=\"og:title\" content=\"Fortress Calypso skuter - Mi Vam\" \/>\n<meta property=\"og:description\" content=\"Trikolesni elektri\u010dni skuter Calypso ima vse lastnosti velikega skuterja, vendar je zaradi svoje okretnosti primeren tudi za uporabo v zaprtih prostorih. Njegova velika prednost je, da ga je mo\u010d razstaviti. Zato ga lahko transportirate tudi v osebnem avtomobilu.\" \/>\n<meta property=\"og:url\" content=\"https:\/\/www.mivam.com\/izdelek\/fortress-calypso-skuter\/\" \/>\n<meta property=\"og:site_name\" content=\"Mi Vam\" \/>\n<meta property=\"article:modified_time\" content=\"2025-06-19T00:42:35+00:00\" \/>\n<meta property=\"og:image\" content=\"https:\/\/www.mivam.com\/wp-content\/uploads\/2019\/02\/fortress-calypso-1.jpg\" \/>\n\t<meta property=\"og:image:width\" content=\"1000\" \/>\n\t<meta property=\"og:image:height\" content=\"742\" \/>\n\t<meta property=\"og:image:type\" content=\"image\/jpeg\" \/>\n<meta name=\"twitter:card\" content=\"summary_large_image\" \/>\n<meta name=\"twitter:label1\" content=\"Est. reading time\" \/>\n\t<meta name=\"twitter:data1\" content=\"3 minutes\" \/>\n<script type=\"application\/ld+json\" class=\"yoast-schema-graph\">{\"@context\":\"https:\/\/schema.org\",\"@graph\":[{\"@type\":\"WebPage\",\"@id\":\"https:\/\/www.mivam.com\/izdelek\/fortress-calypso-skuter\/\",\"url\":\"https:\/\/www.mivam.com\/izdelek\/fortress-calypso-skuter\/\",\"name\":\"Fortress Calypso skuter - Mi Vam\",\"isPartOf\":{\"@id\":\"https:\/\/www.mivam.com\/#website\"},\"primaryImageOfPage\":{\"@id\":\"https:\/\/www.mivam.com\/izdelek\/fortress-calypso-skuter\/#primaryimage\"},\"image\":{\"@id\":\"https:\/\/www.mivam.com\/izdelek\/fortress-calypso-skuter\/#primaryimage\"},\"thumbnailUrl\":\"https:\/\/www.mivam.com\/wp-content\/uploads\/2019\/02\/fortress-calypso-1.jpg\",\"datePublished\":\"2019-02-15T11:30:22+00:00\",\"dateModified\":\"2025-06-19T00:42:35+00:00\",\"description\":\"Trikolesni elektri\u010dni skuter Calypso ima vse lastnosti velikega skuterja, vendar je zaradi svoje okretnosti primeren tudi za uporabo v zaprtih prostorih. Njegova velika prednost je, da ga je mo\u010d razstaviti. Zato ga lahko transportirate tudi v osebnem avtomobilu.\",\"breadcrumb\":{\"@id\":\"https:\/\/www.mivam.com\/izdelek\/fortress-calypso-skuter\/#breadcrumb\"},\"inLanguage\":\"en-US\",\"potentialAction\":[{\"@type\":\"ReadAction\",\"target\":[\"https:\/\/www.mivam.com\/izdelek\/fortress-calypso-skuter\/\"]}]},{\"@type\":\"ImageObject\",\"inLanguage\":\"en-US\",\"@id\":\"https:\/\/www.mivam.com\/izdelek\/fortress-calypso-skuter\/#primaryimage\",\"url\":\"https:\/\/www.mivam.com\/wp-content\/uploads\/2019\/02\/fortress-calypso-1.jpg\",\"contentUrl\":\"https:\/\/www.mivam.com\/wp-content\/uploads\/2019\/02\/fortress-calypso-1.jpg\",\"width\":1000,\"height\":742},{\"@type\":\"BreadcrumbList\",\"@id\":\"https:\/\/www.mivam.com\/izdelek\/fortress-calypso-skuter\/#breadcrumb\",\"itemListElement\":[{\"@type\":\"ListItem\",\"position\":1,\"name\":\"Domov\",\"item\":\"https:\/\/www.mivam.com\/\"},{\"@type\":\"ListItem\",\"position\":2,\"name\":\"Shop\",\"item\":\"https:\/\/www.mivam.com\/en\/shop\/\"},{\"@type\":\"ListItem\",\"position\":3,\"name\":\"Invalidski vozi\u010dki in skuterji\",\"item\":\"https:\/\/www.mivam.com\/kategorija-izdelka\/invalidski-vozicki-in-skuterji\/\"},{\"@type\":\"ListItem\",\"position\":4,\"name\":\"Skuterji\",\"item\":\"https:\/\/www.mivam.com\/kategorija-izdelka\/invalidski-vozicki-in-skuterji\/skuterji\/\"},{\"@type\":\"ListItem\",\"position\":5,\"name\":\"Fortress Calypso skuter\"}]},{\"@type\":\"WebSite\",\"@id\":\"https:\/\/www.mivam.com\/#website\",\"url\":\"https:\/\/www.mivam.com\/\",\"name\":\"Mi Vam\",\"description\":\"Medicinski pripomo\u010dki in re\u0161itve za manj odvisno \u017eivljenje.\",\"potentialAction\":[{\"@type\":\"SearchAction\",\"target\":{\"@type\":\"EntryPoint\",\"urlTemplate\":\"https:\/\/www.mivam.com\/?s={search_term_string}\"},\"query-input\":{\"@type\":\"PropertyValueSpecification\",\"valueRequired\":true,\"valueName\":\"search_term_string\"}}],\"inLanguage\":\"en-US\"}]}<\/script>\n<!-- \/ Yoast SEO plugin. -->","yoast_head_json":{"title":"Fortress Calypso skuter - Mi Vam","description":"Trikolesni elektri\u010dni skuter Calypso ima vse lastnosti velikega skuterja, vendar je zaradi svoje okretnosti primeren tudi za uporabo v zaprtih prostorih. Njegova velika prednost je, da ga je mo\u010d razstaviti. Zato ga lahko transportirate tudi v osebnem avtomobilu.","robots":{"index":"index","follow":"follow","max-snippet":"max-snippet:-1","max-image-preview":"max-image-preview:large","max-video-preview":"max-video-preview:-1"},"canonical":"https:\/\/www.mivam.com\/izdelek\/fortress-calypso-skuter\/","og_locale":"en_US","og_type":"article","og_title":"Fortress Calypso skuter - Mi Vam","og_description":"Trikolesni elektri\u010dni skuter Calypso ima vse lastnosti velikega skuterja, vendar je zaradi svoje okretnosti primeren tudi za uporabo v zaprtih prostorih. Njegova velika prednost je, da ga je mo\u010d razstaviti. Zato ga lahko transportirate tudi v osebnem avtomobilu.","og_url":"https:\/\/www.mivam.com\/izdelek\/fortress-calypso-skuter\/","og_site_name":"Mi Vam","article_modified_time":"2025-06-19T00:42:35+00:00","og_image":[{"width":1000,"height":742,"url":"https:\/\/www.mivam.com\/wp-content\/uploads\/2019\/02\/fortress-calypso-1.jpg","type":"image\/jpeg"}],"twitter_card":"summary_large_image","twitter_misc":{"Est. reading time":"3 minutes"},"schema":{"@context":"https:\/\/schema.org","@graph":[{"@type":"WebPage","@id":"https:\/\/www.mivam.com\/izdelek\/fortress-calypso-skuter\/","url":"https:\/\/www.mivam.com\/izdelek\/fortress-calypso-skuter\/","name":"Fortress Calypso skuter - Mi Vam","isPartOf":{"@id":"https:\/\/www.mivam.com\/#website"},"primaryImageOfPage":{"@id":"https:\/\/www.mivam.com\/izdelek\/fortress-calypso-skuter\/#primaryimage"},"image":{"@id":"https:\/\/www.mivam.com\/izdelek\/fortress-calypso-skuter\/#primaryimage"},"thumbnailUrl":"https:\/\/www.mivam.com\/wp-content\/uploads\/2019\/02\/fortress-calypso-1.jpg","datePublished":"2019-02-15T11:30:22+00:00","dateModified":"2025-06-19T00:42:35+00:00","description":"Trikolesni elektri\u010dni skuter Calypso ima vse lastnosti velikega skuterja, vendar je zaradi svoje okretnosti primeren tudi za uporabo v zaprtih prostorih. Njegova velika prednost je, da ga je mo\u010d razstaviti. Zato ga lahko transportirate tudi v osebnem avtomobilu.","breadcrumb":{"@id":"https:\/\/www.mivam.com\/izdelek\/fortress-calypso-skuter\/#breadcrumb"},"inLanguage":"en-US","potentialAction":[{"@type":"ReadAction","target":["https:\/\/www.mivam.com\/izdelek\/fortress-calypso-skuter\/"]}]},{"@type":"ImageObject","inLanguage":"en-US","@id":"https:\/\/www.mivam.com\/izdelek\/fortress-calypso-skuter\/#primaryimage","url":"https:\/\/www.mivam.com\/wp-content\/uploads\/2019\/02\/fortress-calypso-1.jpg","contentUrl":"https:\/\/www.mivam.com\/wp-content\/uploads\/2019\/02\/fortress-calypso-1.jpg","width":1000,"height":742},{"@type":"BreadcrumbList","@id":"https:\/\/www.mivam.com\/izdelek\/fortress-calypso-skuter\/#breadcrumb","itemListElement":[{"@type":"ListItem","position":1,"name":"Domov","item":"https:\/\/www.mivam.com\/"},{"@type":"ListItem","position":2,"name":"Shop","item":"https:\/\/www.mivam.com\/en\/shop\/"},{"@type":"ListItem","position":3,"name":"Invalidski vozi\u010dki in skuterji","item":"https:\/\/www.mivam.com\/kategorija-izdelka\/invalidski-vozicki-in-skuterji\/"},{"@type":"ListItem","position":4,"name":"Skuterji","item":"https:\/\/www.mivam.com\/kategorija-izdelka\/invalidski-vozicki-in-skuterji\/skuterji\/"},{"@type":"ListItem","position":5,"name":"Fortress Calypso skuter"}]},{"@type":"WebSite","@id":"https:\/\/www.mivam.com\/#website","url":"https:\/\/www.mivam.com\/","name":"Mi Vam","description":"Medicinski pripomo\u010dki in re\u0161itve za manj odvisno \u017eivljenje.","potentialAction":[{"@type":"SearchAction","target":{"@type":"EntryPoint","urlTemplate":"https:\/\/www.mivam.com\/?s={search_term_string}"},"query-input":{"@type":"PropertyValueSpecification","valueRequired":true,"valueName":"search_term_string"}}],"inLanguage":"en-US"}]}},"_links":{"self":[{"href":"https:\/\/www.mivam.com\/en\/wp-json\/wp\/v2\/product\/1267","targetHints":{"allow":["GET"]}}],"collection":[{"href":"https:\/\/www.mivam.com\/en\/wp-json\/wp\/v2\/product"}],"about":[{"href":"https:\/\/www.mivam.com\/en\/wp-json\/wp\/v2\/types\/product"}],"replies":[{"embeddable":true,"href":"https:\/\/www.mivam.com\/en\/wp-json\/wp\/v2\/comments?post=1267"}],"wp:featuredmedia":[{"embeddable":true,"href":"https:\/\/www.mivam.com\/en\/wp-json\/wp\/v2\/media\/1268"}],"wp:attachment":[{"href":"https:\/\/www.mivam.com\/en\/wp-json\/wp\/v2\/media?parent=1267"}],"wp:term":[{"taxonomy":"product_brand","embeddable":true,"href":"https:\/\/www.mivam.com\/en\/wp-json\/wp\/v2\/product_brand?post=1267"},{"taxonomy":"product_cat","embeddable":true,"href":"https:\/\/www.mivam.com\/en\/wp-json\/wp\/v2\/product_cat?post=1267"},{"taxonomy":"product_tag","embeddable":true,"href":"https:\/\/www.mivam.com\/en\/wp-json\/wp\/v2\/product_tag?post=1267"}],"curies":[{"name":"wp","href":"https:\/\/api.w.org\/{rel}","templated":true}]}}