{"id":1249,"date":"2019-02-15T11:03:56","date_gmt":"2019-02-15T10:03:56","guid":{"rendered":"https:\/\/www.mivam.com\/?post_type=product&#038;p=1249"},"modified":"2025-06-19T02:49:00","modified_gmt":"2025-06-19T00:49:00","slug":"emineo-invalidski-pocivalnik","status":"publish","type":"product","link":"https:\/\/www.mivam.com\/en\/izdelek\/emineo-invalidski-pocivalnik\/","title":{"rendered":"Emineo &#8211; invalidski po\u010divalnik"},"content":{"rendered":"<div class=\"wpb-content-wrapper\"><p>[vc_row][vc_column][vc_column_text]<strong>Prednosti prilagodljivega invalidskega vozi\u010dka in udobnega invalidskega vozi\u010dka v enem dizajnu.<\/strong><\/p>\n<p>I\u0161\u010dete resni\u010dno ve\u010dnamenski invalidski vozi\u010dek? Emineo zdru\u017euje prednosti prilagodljivega invalidskega vozi\u010dka in udobnega invalidskega vozi\u010dka v eni izvedbi. To je tudi najla\u017eja izbira za invalidske vozi\u010dke na trgu. Ponuja zelo dobre vozne lastnosti in spodbuja aktivnost ob zagotavljanju maksimalnega udobja z edinstveno funkcijo nagibanja sede\u017ea &#8211; enostavno upravljanje s strani uporabnika in skrbnika. Izberite vrsto okvirja in model, ki ustreza va\u0161im potrebam.[\/vc_column_text][\/vc_column][\/vc_row][vc_row][vc_column]\r\n<div class=\"file-wrap \" id=\"\">\r\n\t\t\t\t\t<a href=\"https:\/\/www.mivam.com\/wp-content\/uploads\/2019\/02\/32569.pdf\" target=\"_blank\" class=\"file-dl-btn\">\t\r\n\t\t\t\t\t\t<img decoding=\"async\" src=\"https:\/\/www.mivam.com\/wp-content\/uploads\/2019\/02\/features-emineo-1-no.jpg\" alt=\"Bro\u0161ura EMINEO\" \/>\r\n\t\t\t\t\t\t<span>Bro\u0161ura EMINEO<\/span>\r\n\t\t\t\t\t<\/a>\r\n\t\t\t\t<\/div>\r\n       \r\n        [\/vc_column][\/vc_row]<\/p>\n<\/div>","protected":false},"excerpt":{"rendered":"<p><strong>Prednosti prilagodljivega invalidskega vozi\u010dka in udobnega invalidskega vozi\u010dka v enem dizajnu.<\/strong><\/p>\n","protected":false},"featured_media":1250,"comment_status":"closed","ping_status":"closed","template":"","meta":[],"product_brand":[],"product_cat":[222,37],"product_tag":[279,851,848,276,280,813],"class_list":{"0":"post-1249","1":"product","2":"type-product","3":"status-publish","4":"has-post-thumbnail","6":"product_cat-invalidski-vozicki-in-skuterji","7":"product_cat-pocivalniki-za-invalide","8":"product_tag-279","9":"product_tag-breezy","10":"product_tag-emineo","11":"product_tag-pocivalnik","12":"product_tag-serijski-pocivalnik","13":"product_tag-sunrise-medical","15":"first","16":"onbackorder","17":"taxable","18":"shipping-taxable","19":"product-type-simple"},"yoast_head":"<!-- This site is optimized with the Yoast SEO plugin v24.0 - https:\/\/yoast.com\/wordpress\/plugins\/seo\/ -->\n<title>Emineo - invalidski po\u010divalnik - Mi Vam<\/title>\n<meta name=\"description\" content=\"Prednosti prilagodljivega invalidskega vozi\u010dka in udobnega invalidskega vozi\u010dka v enem dizajnu.\" \/>\n<meta name=\"robots\" content=\"index, follow, max-snippet:-1, max-image-preview:large, max-video-preview:-1\" \/>\n<link rel=\"canonical\" href=\"https:\/\/www.mivam.com\/izdelek\/emineo-invalidski-pocivalnik\/\" \/>\n<meta property=\"og:locale\" content=\"en_US\" \/>\n<meta property=\"og:type\" content=\"article\" \/>\n<meta property=\"og:title\" content=\"Emineo - invalidski po\u010divalnik - Mi Vam\" \/>\n<meta property=\"og:description\" content=\"Prednosti prilagodljivega invalidskega vozi\u010dka in udobnega invalidskega vozi\u010dka v enem dizajnu.\" \/>\n<meta property=\"og:url\" content=\"https:\/\/www.mivam.com\/izdelek\/emineo-invalidski-pocivalnik\/\" \/>\n<meta property=\"og:site_name\" content=\"Mi Vam\" \/>\n<meta property=\"article:modified_time\" content=\"2025-06-19T00:49:00+00:00\" \/>\n<meta property=\"og:image\" content=\"https:\/\/www.mivam.com\/wp-content\/uploads\/2019\/02\/emineo-pocivalnik-za-invalide-1.jpg\" \/>\n\t<meta property=\"og:image:width\" content=\"1000\" \/>\n\t<meta property=\"og:image:height\" content=\"742\" \/>\n\t<meta property=\"og:image:type\" content=\"image\/jpeg\" \/>\n<meta name=\"twitter:card\" content=\"summary_large_image\" \/>\n<meta name=\"twitter:label1\" content=\"Est. reading time\" \/>\n\t<meta name=\"twitter:data1\" content=\"1 minute\" \/>\n<script type=\"application\/ld+json\" class=\"yoast-schema-graph\">{\"@context\":\"https:\/\/schema.org\",\"@graph\":[{\"@type\":\"WebPage\",\"@id\":\"https:\/\/www.mivam.com\/izdelek\/emineo-invalidski-pocivalnik\/\",\"url\":\"https:\/\/www.mivam.com\/izdelek\/emineo-invalidski-pocivalnik\/\",\"name\":\"Emineo - invalidski po\u010divalnik - Mi Vam\",\"isPartOf\":{\"@id\":\"https:\/\/www.mivam.com\/#website\"},\"primaryImageOfPage\":{\"@id\":\"https:\/\/www.mivam.com\/izdelek\/emineo-invalidski-pocivalnik\/#primaryimage\"},\"image\":{\"@id\":\"https:\/\/www.mivam.com\/izdelek\/emineo-invalidski-pocivalnik\/#primaryimage\"},\"thumbnailUrl\":\"https:\/\/www.mivam.com\/wp-content\/uploads\/2019\/02\/emineo-pocivalnik-za-invalide-1.jpg\",\"datePublished\":\"2019-02-15T10:03:56+00:00\",\"dateModified\":\"2025-06-19T00:49:00+00:00\",\"description\":\"Prednosti prilagodljivega invalidskega vozi\u010dka in udobnega invalidskega vozi\u010dka v enem dizajnu.\",\"breadcrumb\":{\"@id\":\"https:\/\/www.mivam.com\/izdelek\/emineo-invalidski-pocivalnik\/#breadcrumb\"},\"inLanguage\":\"en-US\",\"potentialAction\":[{\"@type\":\"ReadAction\",\"target\":[\"https:\/\/www.mivam.com\/izdelek\/emineo-invalidski-pocivalnik\/\"]}]},{\"@type\":\"ImageObject\",\"inLanguage\":\"en-US\",\"@id\":\"https:\/\/www.mivam.com\/izdelek\/emineo-invalidski-pocivalnik\/#primaryimage\",\"url\":\"https:\/\/www.mivam.com\/wp-content\/uploads\/2019\/02\/emineo-pocivalnik-za-invalide-1.jpg\",\"contentUrl\":\"https:\/\/www.mivam.com\/wp-content\/uploads\/2019\/02\/emineo-pocivalnik-za-invalide-1.jpg\",\"width\":1000,\"height\":742},{\"@type\":\"BreadcrumbList\",\"@id\":\"https:\/\/www.mivam.com\/izdelek\/emineo-invalidski-pocivalnik\/#breadcrumb\",\"itemListElement\":[{\"@type\":\"ListItem\",\"position\":1,\"name\":\"Domov\",\"item\":\"https:\/\/www.mivam.com\/\"},{\"@type\":\"ListItem\",\"position\":2,\"name\":\"Shop\",\"item\":\"https:\/\/www.mivam.com\/en\/shop\/\"},{\"@type\":\"ListItem\",\"position\":3,\"name\":\"Invalidski vozi\u010dki in skuterji\",\"item\":\"https:\/\/www.mivam.com\/kategorija-izdelka\/invalidski-vozicki-in-skuterji\/\"},{\"@type\":\"ListItem\",\"position\":4,\"name\":\"Po\u010divalniki\",\"item\":\"https:\/\/www.mivam.com\/kategorija-izdelka\/invalidski-vozicki-in-skuterji\/pocivalniki-za-invalide\/\"},{\"@type\":\"ListItem\",\"position\":5,\"name\":\"Emineo &#8211; invalidski po\u010divalnik\"}]},{\"@type\":\"WebSite\",\"@id\":\"https:\/\/www.mivam.com\/#website\",\"url\":\"https:\/\/www.mivam.com\/\",\"name\":\"Mi Vam\",\"description\":\"Medicinski pripomo\u010dki in re\u0161itve za manj odvisno \u017eivljenje.\",\"potentialAction\":[{\"@type\":\"SearchAction\",\"target\":{\"@type\":\"EntryPoint\",\"urlTemplate\":\"https:\/\/www.mivam.com\/?s={search_term_string}\"},\"query-input\":{\"@type\":\"PropertyValueSpecification\",\"valueRequired\":true,\"valueName\":\"search_term_string\"}}],\"inLanguage\":\"en-US\"}]}<\/script>\n<!-- \/ Yoast SEO plugin. -->","yoast_head_json":{"title":"Emineo - invalidski po\u010divalnik - Mi Vam","description":"Prednosti prilagodljivega invalidskega vozi\u010dka in udobnega invalidskega vozi\u010dka v enem dizajnu.","robots":{"index":"index","follow":"follow","max-snippet":"max-snippet:-1","max-image-preview":"max-image-preview:large","max-video-preview":"max-video-preview:-1"},"canonical":"https:\/\/www.mivam.com\/izdelek\/emineo-invalidski-pocivalnik\/","og_locale":"en_US","og_type":"article","og_title":"Emineo - invalidski po\u010divalnik - Mi Vam","og_description":"Prednosti prilagodljivega invalidskega vozi\u010dka in udobnega invalidskega vozi\u010dka v enem dizajnu.","og_url":"https:\/\/www.mivam.com\/izdelek\/emineo-invalidski-pocivalnik\/","og_site_name":"Mi Vam","article_modified_time":"2025-06-19T00:49:00+00:00","og_image":[{"width":1000,"height":742,"url":"https:\/\/www.mivam.com\/wp-content\/uploads\/2019\/02\/emineo-pocivalnik-za-invalide-1.jpg","type":"image\/jpeg"}],"twitter_card":"summary_large_image","twitter_misc":{"Est. reading time":"1 minute"},"schema":{"@context":"https:\/\/schema.org","@graph":[{"@type":"WebPage","@id":"https:\/\/www.mivam.com\/izdelek\/emineo-invalidski-pocivalnik\/","url":"https:\/\/www.mivam.com\/izdelek\/emineo-invalidski-pocivalnik\/","name":"Emineo - invalidski po\u010divalnik - Mi Vam","isPartOf":{"@id":"https:\/\/www.mivam.com\/#website"},"primaryImageOfPage":{"@id":"https:\/\/www.mivam.com\/izdelek\/emineo-invalidski-pocivalnik\/#primaryimage"},"image":{"@id":"https:\/\/www.mivam.com\/izdelek\/emineo-invalidski-pocivalnik\/#primaryimage"},"thumbnailUrl":"https:\/\/www.mivam.com\/wp-content\/uploads\/2019\/02\/emineo-pocivalnik-za-invalide-1.jpg","datePublished":"2019-02-15T10:03:56+00:00","dateModified":"2025-06-19T00:49:00+00:00","description":"Prednosti prilagodljivega invalidskega vozi\u010dka in udobnega invalidskega vozi\u010dka v enem dizajnu.","breadcrumb":{"@id":"https:\/\/www.mivam.com\/izdelek\/emineo-invalidski-pocivalnik\/#breadcrumb"},"inLanguage":"en-US","potentialAction":[{"@type":"ReadAction","target":["https:\/\/www.mivam.com\/izdelek\/emineo-invalidski-pocivalnik\/"]}]},{"@type":"ImageObject","inLanguage":"en-US","@id":"https:\/\/www.mivam.com\/izdelek\/emineo-invalidski-pocivalnik\/#primaryimage","url":"https:\/\/www.mivam.com\/wp-content\/uploads\/2019\/02\/emineo-pocivalnik-za-invalide-1.jpg","contentUrl":"https:\/\/www.mivam.com\/wp-content\/uploads\/2019\/02\/emineo-pocivalnik-za-invalide-1.jpg","width":1000,"height":742},{"@type":"BreadcrumbList","@id":"https:\/\/www.mivam.com\/izdelek\/emineo-invalidski-pocivalnik\/#breadcrumb","itemListElement":[{"@type":"ListItem","position":1,"name":"Domov","item":"https:\/\/www.mivam.com\/"},{"@type":"ListItem","position":2,"name":"Shop","item":"https:\/\/www.mivam.com\/en\/shop\/"},{"@type":"ListItem","position":3,"name":"Invalidski vozi\u010dki in skuterji","item":"https:\/\/www.mivam.com\/kategorija-izdelka\/invalidski-vozicki-in-skuterji\/"},{"@type":"ListItem","position":4,"name":"Po\u010divalniki","item":"https:\/\/www.mivam.com\/kategorija-izdelka\/invalidski-vozicki-in-skuterji\/pocivalniki-za-invalide\/"},{"@type":"ListItem","position":5,"name":"Emineo &#8211; invalidski po\u010divalnik"}]},{"@type":"WebSite","@id":"https:\/\/www.mivam.com\/#website","url":"https:\/\/www.mivam.com\/","name":"Mi Vam","description":"Medicinski pripomo\u010dki in re\u0161itve za manj odvisno \u017eivljenje.","potentialAction":[{"@type":"SearchAction","target":{"@type":"EntryPoint","urlTemplate":"https:\/\/www.mivam.com\/?s={search_term_string}"},"query-input":{"@type":"PropertyValueSpecification","valueRequired":true,"valueName":"search_term_string"}}],"inLanguage":"en-US"}]}},"_links":{"self":[{"href":"https:\/\/www.mivam.com\/en\/wp-json\/wp\/v2\/product\/1249","targetHints":{"allow":["GET"]}}],"collection":[{"href":"https:\/\/www.mivam.com\/en\/wp-json\/wp\/v2\/product"}],"about":[{"href":"https:\/\/www.mivam.com\/en\/wp-json\/wp\/v2\/types\/product"}],"replies":[{"embeddable":true,"href":"https:\/\/www.mivam.com\/en\/wp-json\/wp\/v2\/comments?post=1249"}],"wp:featuredmedia":[{"embeddable":true,"href":"https:\/\/www.mivam.com\/en\/wp-json\/wp\/v2\/media\/1250"}],"wp:attachment":[{"href":"https:\/\/www.mivam.com\/en\/wp-json\/wp\/v2\/media?parent=1249"}],"wp:term":[{"taxonomy":"product_brand","embeddable":true,"href":"https:\/\/www.mivam.com\/en\/wp-json\/wp\/v2\/product_brand?post=1249"},{"taxonomy":"product_cat","embeddable":true,"href":"https:\/\/www.mivam.com\/en\/wp-json\/wp\/v2\/product_cat?post=1249"},{"taxonomy":"product_tag","embeddable":true,"href":"https:\/\/www.mivam.com\/en\/wp-json\/wp\/v2\/product_tag?post=1249"}],"curies":[{"name":"wp","href":"https:\/\/api.w.org\/{rel}","templated":true}]}}