{"id":1229,"date":"2019-02-15T10:25:58","date_gmt":"2019-02-15T09:25:58","guid":{"rendered":"https:\/\/www.mivam.com\/?post_type=product&#038;p=1229"},"modified":"2025-06-19T02:55:53","modified_gmt":"2025-06-19T00:55:53","slug":"etac-clean-24-samovozni-podtusni-vozicek","status":"publish","type":"product","link":"https:\/\/www.mivam.com\/en\/izdelek\/etac-clean-24-samovozni-podtusni-vozicek\/","title":{"rendered":"Etac Clean 24 &#8211; samovozni podtu\u0161ni vozi\u010dek"},"content":{"rendered":"<p><strong>Enostaven za manevriranje, za neodvisnega uporabnika<\/strong><\/p>\n<p>24-pal\u010dna kolesa Etac Clean so postavljena tako, da olaj\u0161ajo manevriranje s stolom brez ogro\u017eanja varnosti in udobja uporabnikov. Preprosto se prena\u0161a na in iz stolov zaradi velikega, neomejenega sede\u017ea pred kolesi. Zavorne ro\u010dice so prav tako name\u0161\u010dene pod sede\u017eem, tako da med premikanjem ne pridejo v po\u0161tev, medtem ko ostanejo enostavno dostopne.<\/p>\n<p>Etac Clean 24 \u201dsamodejni tu\u0161 komodni stol ima enake osnovne prednosti kot ostali \u010dlani dru\u017eine Clean &#8211; vendar omogo\u010da uporabniku, da samostojno upravlja stol.<\/p>\n<p><strong>Dodatki:<\/strong><\/p>\n<p>Dodatki za toletni vozi\u010dek Etac Clean 24 si lahko ogledate na uradni strani proizvajalca <a href=\"https:\/\/www.etac.com\/products\/mobile-shower-commodes\/etac-clean-24-self-propelled\/#accessories\" target=\"_blank\" rel=\"noopener\"><strong>Etac Clean 24 dodatki<\/strong><\/a>.<\/p>\n<p><iframe title=\"Etac Clean - Mounting the rear wheel adapter\" width=\"640\" height=\"360\" src=\"https:\/\/www.youtube.com\/embed\/L0SpyNPRCBE?feature=oembed\" frameborder=\"0\" allow=\"accelerometer; autoplay; clipboard-write; encrypted-media; gyroscope; picture-in-picture; web-share\" referrerpolicy=\"strict-origin-when-cross-origin\" allowfullscreen><\/iframe><\/p>\n","protected":false},"excerpt":{"rendered":"<p><strong>Za tiste, ki lahko samostojno upravljajo stol.<\/strong><\/p>\n<p>24-pal\u010dna kolesa Etac Clean so postavljena tako, da olaj\u0161ajo manevriranje s stolom brez ogro\u017eanja varnosti in udobja uporabnikov. Preprosto se prena\u0161a na in iz stolov zaradi velikega, neomejenega sede\u017ea pred kolesi. Zavorne ro\u010dice so prav tako name\u0161\u010dene pod sede\u017eem, tako da med premikanjem ne pridejo v po\u0161tev, medtem ko ostanejo enostavno dostopne.<\/p>\n<p>Dobavni rok: 1 dan<\/p>\n","protected":false},"featured_media":1231,"comment_status":"closed","ping_status":"closed","template":"","meta":[],"product_brand":[],"product_cat":[224,43],"product_tag":[302,303,855,858,100,857,859,860,110,301,730],"class_list":{"0":"post-1229","1":"product","2":"type-product","3":"status-publish","4":"has-post-thumbnail","6":"product_cat-kopalniski-pripomocki","7":"product_cat-toaletno-tusirni-pripomocki","8":"product_tag-302","9":"product_tag-303","10":"product_tag-clean","11":"product_tag-clean-24","12":"product_tag-etac","13":"product_tag-etac-clean","14":"product_tag-samovozni-toaletni-stol","15":"product_tag-samovozni-tusirni-stol","16":"product_tag-toaletni-stol","17":"product_tag-tusirni-stol","18":"product_tag-velika-kolesa","20":"first","21":"instock","22":"taxable","23":"shipping-taxable","24":"product-type-simple"},"yoast_head":"<!-- This site is optimized with the Yoast SEO plugin v24.0 - https:\/\/yoast.com\/wordpress\/plugins\/seo\/ -->\n<title>Etac Clean 24 - samovozni podtu\u0161ni vozi\u010dek - Mi Vam<\/title>\n<meta name=\"description\" content=\"Za tiste, ki lahko samostojno upravljajo stol.  24-pal\u010dna kolesa Etac Clean so postavljena tako, da olaj\u0161ajo manevriranje s stolom brez ogro\u017eanja varnosti in udobja uporabnikov. Preprosto se prena\u0161a na in iz stolov zaradi velikega, neomejenega sede\u017ea pred kolesi. Zavorne ro\u010dice so prav tako name\u0161\u010dene pod sede\u017eem, tako da med premikanjem ne pridejo v po\u0161tev, medtem ko ostanejo enostavno dostopne.  Dobavni rok: 1 dan\" \/>\n<meta name=\"robots\" content=\"index, follow, max-snippet:-1, max-image-preview:large, max-video-preview:-1\" \/>\n<link rel=\"canonical\" href=\"https:\/\/www.mivam.com\/izdelek\/etac-clean-24-samovozni-podtusni-vozicek\/\" \/>\n<meta property=\"og:locale\" content=\"en_US\" \/>\n<meta property=\"og:type\" content=\"article\" \/>\n<meta property=\"og:title\" content=\"Etac Clean 24 - samovozni podtu\u0161ni vozi\u010dek - Mi Vam\" \/>\n<meta property=\"og:description\" content=\"Za tiste, ki lahko samostojno upravljajo stol.  24-pal\u010dna kolesa Etac Clean so postavljena tako, da olaj\u0161ajo manevriranje s stolom brez ogro\u017eanja varnosti in udobja uporabnikov. Preprosto se prena\u0161a na in iz stolov zaradi velikega, neomejenega sede\u017ea pred kolesi. Zavorne ro\u010dice so prav tako name\u0161\u010dene pod sede\u017eem, tako da med premikanjem ne pridejo v po\u0161tev, medtem ko ostanejo enostavno dostopne.  Dobavni rok: 1 dan\" \/>\n<meta property=\"og:url\" content=\"https:\/\/www.mivam.com\/izdelek\/etac-clean-24-samovozni-podtusni-vozicek\/\" \/>\n<meta property=\"og:site_name\" content=\"Mi Vam\" \/>\n<meta property=\"article:modified_time\" content=\"2025-06-19T00:55:53+00:00\" \/>\n<meta property=\"og:image\" content=\"https:\/\/www.mivam.com\/wp-content\/uploads\/2019\/02\/etac-clean-24-toaletni-vozicek-2.jpg\" \/>\n\t<meta property=\"og:image:width\" content=\"1000\" \/>\n\t<meta property=\"og:image:height\" content=\"742\" \/>\n\t<meta property=\"og:image:type\" content=\"image\/jpeg\" \/>\n<meta name=\"twitter:card\" content=\"summary_large_image\" \/>\n<meta name=\"twitter:label1\" content=\"Est. reading time\" \/>\n\t<meta name=\"twitter:data1\" content=\"1 minute\" \/>\n<script type=\"application\/ld+json\" class=\"yoast-schema-graph\">{\"@context\":\"https:\/\/schema.org\",\"@graph\":[{\"@type\":\"WebPage\",\"@id\":\"https:\/\/www.mivam.com\/izdelek\/etac-clean-24-samovozni-podtusni-vozicek\/\",\"url\":\"https:\/\/www.mivam.com\/izdelek\/etac-clean-24-samovozni-podtusni-vozicek\/\",\"name\":\"Etac Clean 24 - samovozni podtu\u0161ni vozi\u010dek - Mi Vam\",\"isPartOf\":{\"@id\":\"https:\/\/www.mivam.com\/#website\"},\"primaryImageOfPage\":{\"@id\":\"https:\/\/www.mivam.com\/izdelek\/etac-clean-24-samovozni-podtusni-vozicek\/#primaryimage\"},\"image\":{\"@id\":\"https:\/\/www.mivam.com\/izdelek\/etac-clean-24-samovozni-podtusni-vozicek\/#primaryimage\"},\"thumbnailUrl\":\"https:\/\/www.mivam.com\/wp-content\/uploads\/2019\/02\/etac-clean-24-toaletni-vozicek-2.jpg\",\"datePublished\":\"2019-02-15T09:25:58+00:00\",\"dateModified\":\"2025-06-19T00:55:53+00:00\",\"description\":\"Za tiste, ki lahko samostojno upravljajo stol. 24-pal\u010dna kolesa Etac Clean so postavljena tako, da olaj\u0161ajo manevriranje s stolom brez ogro\u017eanja varnosti in udobja uporabnikov. Preprosto se prena\u0161a na in iz stolov zaradi velikega, neomejenega sede\u017ea pred kolesi. Zavorne ro\u010dice so prav tako name\u0161\u010dene pod sede\u017eem, tako da med premikanjem ne pridejo v po\u0161tev, medtem ko ostanejo enostavno dostopne. Dobavni rok: 1 dan\",\"breadcrumb\":{\"@id\":\"https:\/\/www.mivam.com\/izdelek\/etac-clean-24-samovozni-podtusni-vozicek\/#breadcrumb\"},\"inLanguage\":\"en-US\",\"potentialAction\":[{\"@type\":\"ReadAction\",\"target\":[\"https:\/\/www.mivam.com\/izdelek\/etac-clean-24-samovozni-podtusni-vozicek\/\"]}]},{\"@type\":\"ImageObject\",\"inLanguage\":\"en-US\",\"@id\":\"https:\/\/www.mivam.com\/izdelek\/etac-clean-24-samovozni-podtusni-vozicek\/#primaryimage\",\"url\":\"https:\/\/www.mivam.com\/wp-content\/uploads\/2019\/02\/etac-clean-24-toaletni-vozicek-2.jpg\",\"contentUrl\":\"https:\/\/www.mivam.com\/wp-content\/uploads\/2019\/02\/etac-clean-24-toaletni-vozicek-2.jpg\",\"width\":1000,\"height\":742},{\"@type\":\"BreadcrumbList\",\"@id\":\"https:\/\/www.mivam.com\/izdelek\/etac-clean-24-samovozni-podtusni-vozicek\/#breadcrumb\",\"itemListElement\":[{\"@type\":\"ListItem\",\"position\":1,\"name\":\"Domov\",\"item\":\"https:\/\/www.mivam.com\/\"},{\"@type\":\"ListItem\",\"position\":2,\"name\":\"Shop\",\"item\":\"https:\/\/www.mivam.com\/en\/shop\/\"},{\"@type\":\"ListItem\",\"position\":3,\"name\":\"Kopalni\u0161ki pripomo\u010dki\",\"item\":\"https:\/\/www.mivam.com\/kategorija-izdelka\/kopalniski-pripomocki\/\"},{\"@type\":\"ListItem\",\"position\":4,\"name\":\"Toaletno-tu\u0161irni pripomo\u010dki\",\"item\":\"https:\/\/www.mivam.com\/kategorija-izdelka\/kopalniski-pripomocki\/toaletno-tusirni-pripomocki\/\"},{\"@type\":\"ListItem\",\"position\":5,\"name\":\"Etac Clean 24 &#8211; samovozni podtu\u0161ni vozi\u010dek\"}]},{\"@type\":\"WebSite\",\"@id\":\"https:\/\/www.mivam.com\/#website\",\"url\":\"https:\/\/www.mivam.com\/\",\"name\":\"Mi Vam\",\"description\":\"Medicinski pripomo\u010dki in re\u0161itve za manj odvisno \u017eivljenje.\",\"potentialAction\":[{\"@type\":\"SearchAction\",\"target\":{\"@type\":\"EntryPoint\",\"urlTemplate\":\"https:\/\/www.mivam.com\/?s={search_term_string}\"},\"query-input\":{\"@type\":\"PropertyValueSpecification\",\"valueRequired\":true,\"valueName\":\"search_term_string\"}}],\"inLanguage\":\"en-US\"}]}<\/script>\n<!-- \/ Yoast SEO plugin. -->","yoast_head_json":{"title":"Etac Clean 24 - samovozni podtu\u0161ni vozi\u010dek - Mi Vam","description":"Za tiste, ki lahko samostojno upravljajo stol.  24-pal\u010dna kolesa Etac Clean so postavljena tako, da olaj\u0161ajo manevriranje s stolom brez ogro\u017eanja varnosti in udobja uporabnikov. Preprosto se prena\u0161a na in iz stolov zaradi velikega, neomejenega sede\u017ea pred kolesi. Zavorne ro\u010dice so prav tako name\u0161\u010dene pod sede\u017eem, tako da med premikanjem ne pridejo v po\u0161tev, medtem ko ostanejo enostavno dostopne.  Dobavni rok: 1 dan","robots":{"index":"index","follow":"follow","max-snippet":"max-snippet:-1","max-image-preview":"max-image-preview:large","max-video-preview":"max-video-preview:-1"},"canonical":"https:\/\/www.mivam.com\/izdelek\/etac-clean-24-samovozni-podtusni-vozicek\/","og_locale":"en_US","og_type":"article","og_title":"Etac Clean 24 - samovozni podtu\u0161ni vozi\u010dek - Mi Vam","og_description":"Za tiste, ki lahko samostojno upravljajo stol.  24-pal\u010dna kolesa Etac Clean so postavljena tako, da olaj\u0161ajo manevriranje s stolom brez ogro\u017eanja varnosti in udobja uporabnikov. Preprosto se prena\u0161a na in iz stolov zaradi velikega, neomejenega sede\u017ea pred kolesi. Zavorne ro\u010dice so prav tako name\u0161\u010dene pod sede\u017eem, tako da med premikanjem ne pridejo v po\u0161tev, medtem ko ostanejo enostavno dostopne.  Dobavni rok: 1 dan","og_url":"https:\/\/www.mivam.com\/izdelek\/etac-clean-24-samovozni-podtusni-vozicek\/","og_site_name":"Mi Vam","article_modified_time":"2025-06-19T00:55:53+00:00","og_image":[{"width":1000,"height":742,"url":"https:\/\/www.mivam.com\/wp-content\/uploads\/2019\/02\/etac-clean-24-toaletni-vozicek-2.jpg","type":"image\/jpeg"}],"twitter_card":"summary_large_image","twitter_misc":{"Est. reading time":"1 minute"},"schema":{"@context":"https:\/\/schema.org","@graph":[{"@type":"WebPage","@id":"https:\/\/www.mivam.com\/izdelek\/etac-clean-24-samovozni-podtusni-vozicek\/","url":"https:\/\/www.mivam.com\/izdelek\/etac-clean-24-samovozni-podtusni-vozicek\/","name":"Etac Clean 24 - samovozni podtu\u0161ni vozi\u010dek - Mi Vam","isPartOf":{"@id":"https:\/\/www.mivam.com\/#website"},"primaryImageOfPage":{"@id":"https:\/\/www.mivam.com\/izdelek\/etac-clean-24-samovozni-podtusni-vozicek\/#primaryimage"},"image":{"@id":"https:\/\/www.mivam.com\/izdelek\/etac-clean-24-samovozni-podtusni-vozicek\/#primaryimage"},"thumbnailUrl":"https:\/\/www.mivam.com\/wp-content\/uploads\/2019\/02\/etac-clean-24-toaletni-vozicek-2.jpg","datePublished":"2019-02-15T09:25:58+00:00","dateModified":"2025-06-19T00:55:53+00:00","description":"Za tiste, ki lahko samostojno upravljajo stol. 24-pal\u010dna kolesa Etac Clean so postavljena tako, da olaj\u0161ajo manevriranje s stolom brez ogro\u017eanja varnosti in udobja uporabnikov. Preprosto se prena\u0161a na in iz stolov zaradi velikega, neomejenega sede\u017ea pred kolesi. Zavorne ro\u010dice so prav tako name\u0161\u010dene pod sede\u017eem, tako da med premikanjem ne pridejo v po\u0161tev, medtem ko ostanejo enostavno dostopne. Dobavni rok: 1 dan","breadcrumb":{"@id":"https:\/\/www.mivam.com\/izdelek\/etac-clean-24-samovozni-podtusni-vozicek\/#breadcrumb"},"inLanguage":"en-US","potentialAction":[{"@type":"ReadAction","target":["https:\/\/www.mivam.com\/izdelek\/etac-clean-24-samovozni-podtusni-vozicek\/"]}]},{"@type":"ImageObject","inLanguage":"en-US","@id":"https:\/\/www.mivam.com\/izdelek\/etac-clean-24-samovozni-podtusni-vozicek\/#primaryimage","url":"https:\/\/www.mivam.com\/wp-content\/uploads\/2019\/02\/etac-clean-24-toaletni-vozicek-2.jpg","contentUrl":"https:\/\/www.mivam.com\/wp-content\/uploads\/2019\/02\/etac-clean-24-toaletni-vozicek-2.jpg","width":1000,"height":742},{"@type":"BreadcrumbList","@id":"https:\/\/www.mivam.com\/izdelek\/etac-clean-24-samovozni-podtusni-vozicek\/#breadcrumb","itemListElement":[{"@type":"ListItem","position":1,"name":"Domov","item":"https:\/\/www.mivam.com\/"},{"@type":"ListItem","position":2,"name":"Shop","item":"https:\/\/www.mivam.com\/en\/shop\/"},{"@type":"ListItem","position":3,"name":"Kopalni\u0161ki pripomo\u010dki","item":"https:\/\/www.mivam.com\/kategorija-izdelka\/kopalniski-pripomocki\/"},{"@type":"ListItem","position":4,"name":"Toaletno-tu\u0161irni pripomo\u010dki","item":"https:\/\/www.mivam.com\/kategorija-izdelka\/kopalniski-pripomocki\/toaletno-tusirni-pripomocki\/"},{"@type":"ListItem","position":5,"name":"Etac Clean 24 &#8211; samovozni podtu\u0161ni vozi\u010dek"}]},{"@type":"WebSite","@id":"https:\/\/www.mivam.com\/#website","url":"https:\/\/www.mivam.com\/","name":"Mi Vam","description":"Medicinski pripomo\u010dki in re\u0161itve za manj odvisno \u017eivljenje.","potentialAction":[{"@type":"SearchAction","target":{"@type":"EntryPoint","urlTemplate":"https:\/\/www.mivam.com\/?s={search_term_string}"},"query-input":{"@type":"PropertyValueSpecification","valueRequired":true,"valueName":"search_term_string"}}],"inLanguage":"en-US"}]}},"_links":{"self":[{"href":"https:\/\/www.mivam.com\/en\/wp-json\/wp\/v2\/product\/1229","targetHints":{"allow":["GET"]}}],"collection":[{"href":"https:\/\/www.mivam.com\/en\/wp-json\/wp\/v2\/product"}],"about":[{"href":"https:\/\/www.mivam.com\/en\/wp-json\/wp\/v2\/types\/product"}],"replies":[{"embeddable":true,"href":"https:\/\/www.mivam.com\/en\/wp-json\/wp\/v2\/comments?post=1229"}],"wp:featuredmedia":[{"embeddable":true,"href":"https:\/\/www.mivam.com\/en\/wp-json\/wp\/v2\/media\/1231"}],"wp:attachment":[{"href":"https:\/\/www.mivam.com\/en\/wp-json\/wp\/v2\/media?parent=1229"}],"wp:term":[{"taxonomy":"product_brand","embeddable":true,"href":"https:\/\/www.mivam.com\/en\/wp-json\/wp\/v2\/product_brand?post=1229"},{"taxonomy":"product_cat","embeddable":true,"href":"https:\/\/www.mivam.com\/en\/wp-json\/wp\/v2\/product_cat?post=1229"},{"taxonomy":"product_tag","embeddable":true,"href":"https:\/\/www.mivam.com\/en\/wp-json\/wp\/v2\/product_tag?post=1229"}],"curies":[{"name":"wp","href":"https:\/\/api.w.org\/{rel}","templated":true}]}}