{"id":1221,"date":"2019-02-15T10:05:32","date_gmt":"2019-02-15T09:05:32","guid":{"rendered":"https:\/\/www.mivam.com\/?post_type=product&#038;p=1221"},"modified":"2025-06-19T02:58:28","modified_gmt":"2025-06-19T00:58:28","slug":"etac-clean-podtusni-vozicek","status":"publish","type":"product","link":"https:\/\/www.mivam.com\/en\/izdelek\/etac-clean-podtusni-vozicek\/","title":{"rendered":"Etac Clean &#8211; podtu\u0161ni vozi\u010dek"},"content":{"rendered":"<p><strong>Enostavna monta\u017ea in manevriranje<\/strong><\/p>\n<p>Stol za prhanje Etac Clean je zelo enostaven za uporabo, zahvaljujo\u010d \u0161irini potisnega ro\u010daja. Pametna zasnova je vidna na celotnem stolu. Pokon\u010dna ro\u010dica zagotavlja, da je Clean popolnoma primeren, tudi nad stenskimi sanitarijami, stol pa je odprt na hrbtni strani za la\u017eji dostop.<\/p>\n<p><strong>Udobna in prakti\u010dna podpora za noge<\/strong><\/p>\n<p>Podpora za stopala na stolu Clean tu\u0161 je edinstvena in jo lahko potisnete pod sede\u017e, ko je ne uporabljate. Mehka ukrivljena povr\u0161ina zagotavlja dobro udobje za stopala, ki so prav tako za\u0161\u010ditena s stransko za\u0161\u010dito opore za stopala.<\/p>\n<p>Vse druge razli\u010dice Clean-a imajo tudi te funkcije, vendar imajo tudi dodatne funkcije za zadovoljevanje drugih potreb.<\/p>\n<p><strong>Dodatki:<\/strong><\/p>\n<p>Dodatki za toletni vozi\u010dek Etac Clean podtu\u0161ni vozi\u010dek\/stol si lahko ogledate na uradni strani proizvajalca <a href=\"https:\/\/www.etac.com\/products\/mobile-shower-commodes\/etac-clean-shower-commode-chair\/#accessories\" target=\"_blank\" rel=\"noopener\"><strong>Etac Clean shower commode chair<\/strong><\/a>.<\/p>\n<p><iframe title=\"Etac Clean - Key product features\" width=\"640\" height=\"360\" src=\"https:\/\/www.youtube.com\/embed\/aqyovDsj8No?feature=oembed\" frameborder=\"0\" allow=\"accelerometer; autoplay; clipboard-write; encrypted-media; gyroscope; picture-in-picture; web-share\" referrerpolicy=\"strict-origin-when-cross-origin\" allowfullscreen><\/iframe><\/p>\n","protected":false},"excerpt":{"rendered":"<p><strong>Varno in enostavno za uporabnike in skrbnike.<\/strong><\/p>\n<p>Stol za prhanje Etac Clean je zelo enostaven za uporabo, zahvaljujo\u010d \u0161irini potisnega ro\u010daja. Pametna zasnova je vidna na celotnem stolu. Pokon\u010dna ro\u010dica zagotavlja, da je Clean popolnoma primeren, tudi nad stenskimi sanitarijami, stol pa je odprt na hrbtni strani za la\u017eji dostop.<\/p>\n","protected":false},"featured_media":1222,"comment_status":"closed","ping_status":"closed","template":"","meta":[],"product_brand":[],"product_cat":[224,43],"product_tag":[302,303,855,100,857,110,301],"class_list":{"0":"post-1221","1":"product","2":"type-product","3":"status-publish","4":"has-post-thumbnail","6":"product_cat-kopalniski-pripomocki","7":"product_cat-toaletno-tusirni-pripomocki","8":"product_tag-302","9":"product_tag-303","10":"product_tag-clean","11":"product_tag-etac","12":"product_tag-etac-clean","13":"product_tag-toaletni-stol","14":"product_tag-tusirni-stol","16":"first","17":"instock","18":"taxable","19":"shipping-taxable","20":"product-type-simple"},"yoast_head":"<!-- This site is optimized with the Yoast SEO plugin v24.0 - https:\/\/yoast.com\/wordpress\/plugins\/seo\/ -->\n<title>Etac Clean - podtu\u0161ni vozi\u010dek - Mi Vam<\/title>\n<meta name=\"description\" content=\"Varno in enostavno za uporabnike in skrbnike.  Stol za prhanje Etac Clean je zelo enostaven za uporabo, zahvaljujo\u010d \u0161irini potisnega ro\u010daja. Pametna zasnova je vidna na celotnem stolu. Pokon\u010dna ro\u010dica zagotavlja, da je Clean popolnoma primeren, tudi nad stenskimi sanitarijami, stol pa je odprt na hrbtni strani za la\u017eji dostop.\" \/>\n<meta name=\"robots\" content=\"index, follow, max-snippet:-1, max-image-preview:large, max-video-preview:-1\" \/>\n<link rel=\"canonical\" href=\"https:\/\/www.mivam.com\/izdelek\/etac-clean-podtusni-vozicek\/\" \/>\n<meta property=\"og:locale\" content=\"en_US\" \/>\n<meta property=\"og:type\" content=\"article\" \/>\n<meta property=\"og:title\" content=\"Etac Clean - podtu\u0161ni vozi\u010dek - Mi Vam\" \/>\n<meta property=\"og:description\" content=\"Varno in enostavno za uporabnike in skrbnike.  Stol za prhanje Etac Clean je zelo enostaven za uporabo, zahvaljujo\u010d \u0161irini potisnega ro\u010daja. Pametna zasnova je vidna na celotnem stolu. Pokon\u010dna ro\u010dica zagotavlja, da je Clean popolnoma primeren, tudi nad stenskimi sanitarijami, stol pa je odprt na hrbtni strani za la\u017eji dostop.\" \/>\n<meta property=\"og:url\" content=\"https:\/\/www.mivam.com\/izdelek\/etac-clean-podtusni-vozicek\/\" \/>\n<meta property=\"og:site_name\" content=\"Mi Vam\" \/>\n<meta property=\"article:modified_time\" content=\"2025-06-19T00:58:28+00:00\" \/>\n<meta property=\"og:image\" content=\"https:\/\/www.mivam.com\/wp-content\/uploads\/2019\/02\/etac-clean-podtusni-vozicek-1.jpg\" \/>\n\t<meta property=\"og:image:width\" content=\"1000\" \/>\n\t<meta property=\"og:image:height\" content=\"742\" \/>\n\t<meta property=\"og:image:type\" content=\"image\/jpeg\" \/>\n<meta name=\"twitter:card\" content=\"summary_large_image\" \/>\n<meta name=\"twitter:label1\" content=\"Est. reading time\" \/>\n\t<meta name=\"twitter:data1\" content=\"1 minute\" \/>\n<script type=\"application\/ld+json\" class=\"yoast-schema-graph\">{\"@context\":\"https:\/\/schema.org\",\"@graph\":[{\"@type\":\"WebPage\",\"@id\":\"https:\/\/www.mivam.com\/izdelek\/etac-clean-podtusni-vozicek\/\",\"url\":\"https:\/\/www.mivam.com\/izdelek\/etac-clean-podtusni-vozicek\/\",\"name\":\"Etac Clean - podtu\u0161ni vozi\u010dek - Mi Vam\",\"isPartOf\":{\"@id\":\"https:\/\/www.mivam.com\/#website\"},\"primaryImageOfPage\":{\"@id\":\"https:\/\/www.mivam.com\/izdelek\/etac-clean-podtusni-vozicek\/#primaryimage\"},\"image\":{\"@id\":\"https:\/\/www.mivam.com\/izdelek\/etac-clean-podtusni-vozicek\/#primaryimage\"},\"thumbnailUrl\":\"https:\/\/www.mivam.com\/wp-content\/uploads\/2019\/02\/etac-clean-podtusni-vozicek-1.jpg\",\"datePublished\":\"2019-02-15T09:05:32+00:00\",\"dateModified\":\"2025-06-19T00:58:28+00:00\",\"description\":\"Varno in enostavno za uporabnike in skrbnike. Stol za prhanje Etac Clean je zelo enostaven za uporabo, zahvaljujo\u010d \u0161irini potisnega ro\u010daja. Pametna zasnova je vidna na celotnem stolu. Pokon\u010dna ro\u010dica zagotavlja, da je Clean popolnoma primeren, tudi nad stenskimi sanitarijami, stol pa je odprt na hrbtni strani za la\u017eji dostop.\",\"breadcrumb\":{\"@id\":\"https:\/\/www.mivam.com\/izdelek\/etac-clean-podtusni-vozicek\/#breadcrumb\"},\"inLanguage\":\"en-US\",\"potentialAction\":[{\"@type\":\"ReadAction\",\"target\":[\"https:\/\/www.mivam.com\/izdelek\/etac-clean-podtusni-vozicek\/\"]}]},{\"@type\":\"ImageObject\",\"inLanguage\":\"en-US\",\"@id\":\"https:\/\/www.mivam.com\/izdelek\/etac-clean-podtusni-vozicek\/#primaryimage\",\"url\":\"https:\/\/www.mivam.com\/wp-content\/uploads\/2019\/02\/etac-clean-podtusni-vozicek-1.jpg\",\"contentUrl\":\"https:\/\/www.mivam.com\/wp-content\/uploads\/2019\/02\/etac-clean-podtusni-vozicek-1.jpg\",\"width\":1000,\"height\":742},{\"@type\":\"BreadcrumbList\",\"@id\":\"https:\/\/www.mivam.com\/izdelek\/etac-clean-podtusni-vozicek\/#breadcrumb\",\"itemListElement\":[{\"@type\":\"ListItem\",\"position\":1,\"name\":\"Domov\",\"item\":\"https:\/\/www.mivam.com\/\"},{\"@type\":\"ListItem\",\"position\":2,\"name\":\"Shop\",\"item\":\"https:\/\/www.mivam.com\/en\/shop\/\"},{\"@type\":\"ListItem\",\"position\":3,\"name\":\"Kopalni\u0161ki pripomo\u010dki\",\"item\":\"https:\/\/www.mivam.com\/kategorija-izdelka\/kopalniski-pripomocki\/\"},{\"@type\":\"ListItem\",\"position\":4,\"name\":\"Toaletno-tu\u0161irni pripomo\u010dki\",\"item\":\"https:\/\/www.mivam.com\/kategorija-izdelka\/kopalniski-pripomocki\/toaletno-tusirni-pripomocki\/\"},{\"@type\":\"ListItem\",\"position\":5,\"name\":\"Etac Clean &#8211; podtu\u0161ni vozi\u010dek\"}]},{\"@type\":\"WebSite\",\"@id\":\"https:\/\/www.mivam.com\/#website\",\"url\":\"https:\/\/www.mivam.com\/\",\"name\":\"Mi Vam\",\"description\":\"Medicinski pripomo\u010dki in re\u0161itve za manj odvisno \u017eivljenje.\",\"potentialAction\":[{\"@type\":\"SearchAction\",\"target\":{\"@type\":\"EntryPoint\",\"urlTemplate\":\"https:\/\/www.mivam.com\/?s={search_term_string}\"},\"query-input\":{\"@type\":\"PropertyValueSpecification\",\"valueRequired\":true,\"valueName\":\"search_term_string\"}}],\"inLanguage\":\"en-US\"}]}<\/script>\n<!-- \/ Yoast SEO plugin. -->","yoast_head_json":{"title":"Etac Clean - podtu\u0161ni vozi\u010dek - Mi Vam","description":"Varno in enostavno za uporabnike in skrbnike.  Stol za prhanje Etac Clean je zelo enostaven za uporabo, zahvaljujo\u010d \u0161irini potisnega ro\u010daja. Pametna zasnova je vidna na celotnem stolu. Pokon\u010dna ro\u010dica zagotavlja, da je Clean popolnoma primeren, tudi nad stenskimi sanitarijami, stol pa je odprt na hrbtni strani za la\u017eji dostop.","robots":{"index":"index","follow":"follow","max-snippet":"max-snippet:-1","max-image-preview":"max-image-preview:large","max-video-preview":"max-video-preview:-1"},"canonical":"https:\/\/www.mivam.com\/izdelek\/etac-clean-podtusni-vozicek\/","og_locale":"en_US","og_type":"article","og_title":"Etac Clean - podtu\u0161ni vozi\u010dek - Mi Vam","og_description":"Varno in enostavno za uporabnike in skrbnike.  Stol za prhanje Etac Clean je zelo enostaven za uporabo, zahvaljujo\u010d \u0161irini potisnega ro\u010daja. Pametna zasnova je vidna na celotnem stolu. Pokon\u010dna ro\u010dica zagotavlja, da je Clean popolnoma primeren, tudi nad stenskimi sanitarijami, stol pa je odprt na hrbtni strani za la\u017eji dostop.","og_url":"https:\/\/www.mivam.com\/izdelek\/etac-clean-podtusni-vozicek\/","og_site_name":"Mi Vam","article_modified_time":"2025-06-19T00:58:28+00:00","og_image":[{"width":1000,"height":742,"url":"https:\/\/www.mivam.com\/wp-content\/uploads\/2019\/02\/etac-clean-podtusni-vozicek-1.jpg","type":"image\/jpeg"}],"twitter_card":"summary_large_image","twitter_misc":{"Est. reading time":"1 minute"},"schema":{"@context":"https:\/\/schema.org","@graph":[{"@type":"WebPage","@id":"https:\/\/www.mivam.com\/izdelek\/etac-clean-podtusni-vozicek\/","url":"https:\/\/www.mivam.com\/izdelek\/etac-clean-podtusni-vozicek\/","name":"Etac Clean - podtu\u0161ni vozi\u010dek - Mi Vam","isPartOf":{"@id":"https:\/\/www.mivam.com\/#website"},"primaryImageOfPage":{"@id":"https:\/\/www.mivam.com\/izdelek\/etac-clean-podtusni-vozicek\/#primaryimage"},"image":{"@id":"https:\/\/www.mivam.com\/izdelek\/etac-clean-podtusni-vozicek\/#primaryimage"},"thumbnailUrl":"https:\/\/www.mivam.com\/wp-content\/uploads\/2019\/02\/etac-clean-podtusni-vozicek-1.jpg","datePublished":"2019-02-15T09:05:32+00:00","dateModified":"2025-06-19T00:58:28+00:00","description":"Varno in enostavno za uporabnike in skrbnike. Stol za prhanje Etac Clean je zelo enostaven za uporabo, zahvaljujo\u010d \u0161irini potisnega ro\u010daja. Pametna zasnova je vidna na celotnem stolu. Pokon\u010dna ro\u010dica zagotavlja, da je Clean popolnoma primeren, tudi nad stenskimi sanitarijami, stol pa je odprt na hrbtni strani za la\u017eji dostop.","breadcrumb":{"@id":"https:\/\/www.mivam.com\/izdelek\/etac-clean-podtusni-vozicek\/#breadcrumb"},"inLanguage":"en-US","potentialAction":[{"@type":"ReadAction","target":["https:\/\/www.mivam.com\/izdelek\/etac-clean-podtusni-vozicek\/"]}]},{"@type":"ImageObject","inLanguage":"en-US","@id":"https:\/\/www.mivam.com\/izdelek\/etac-clean-podtusni-vozicek\/#primaryimage","url":"https:\/\/www.mivam.com\/wp-content\/uploads\/2019\/02\/etac-clean-podtusni-vozicek-1.jpg","contentUrl":"https:\/\/www.mivam.com\/wp-content\/uploads\/2019\/02\/etac-clean-podtusni-vozicek-1.jpg","width":1000,"height":742},{"@type":"BreadcrumbList","@id":"https:\/\/www.mivam.com\/izdelek\/etac-clean-podtusni-vozicek\/#breadcrumb","itemListElement":[{"@type":"ListItem","position":1,"name":"Domov","item":"https:\/\/www.mivam.com\/"},{"@type":"ListItem","position":2,"name":"Shop","item":"https:\/\/www.mivam.com\/en\/shop\/"},{"@type":"ListItem","position":3,"name":"Kopalni\u0161ki pripomo\u010dki","item":"https:\/\/www.mivam.com\/kategorija-izdelka\/kopalniski-pripomocki\/"},{"@type":"ListItem","position":4,"name":"Toaletno-tu\u0161irni pripomo\u010dki","item":"https:\/\/www.mivam.com\/kategorija-izdelka\/kopalniski-pripomocki\/toaletno-tusirni-pripomocki\/"},{"@type":"ListItem","position":5,"name":"Etac Clean &#8211; podtu\u0161ni vozi\u010dek"}]},{"@type":"WebSite","@id":"https:\/\/www.mivam.com\/#website","url":"https:\/\/www.mivam.com\/","name":"Mi Vam","description":"Medicinski pripomo\u010dki in re\u0161itve za manj odvisno \u017eivljenje.","potentialAction":[{"@type":"SearchAction","target":{"@type":"EntryPoint","urlTemplate":"https:\/\/www.mivam.com\/?s={search_term_string}"},"query-input":{"@type":"PropertyValueSpecification","valueRequired":true,"valueName":"search_term_string"}}],"inLanguage":"en-US"}]}},"_links":{"self":[{"href":"https:\/\/www.mivam.com\/en\/wp-json\/wp\/v2\/product\/1221","targetHints":{"allow":["GET"]}}],"collection":[{"href":"https:\/\/www.mivam.com\/en\/wp-json\/wp\/v2\/product"}],"about":[{"href":"https:\/\/www.mivam.com\/en\/wp-json\/wp\/v2\/types\/product"}],"replies":[{"embeddable":true,"href":"https:\/\/www.mivam.com\/en\/wp-json\/wp\/v2\/comments?post=1221"}],"wp:featuredmedia":[{"embeddable":true,"href":"https:\/\/www.mivam.com\/en\/wp-json\/wp\/v2\/media\/1222"}],"wp:attachment":[{"href":"https:\/\/www.mivam.com\/en\/wp-json\/wp\/v2\/media?parent=1221"}],"wp:term":[{"taxonomy":"product_brand","embeddable":true,"href":"https:\/\/www.mivam.com\/en\/wp-json\/wp\/v2\/product_brand?post=1221"},{"taxonomy":"product_cat","embeddable":true,"href":"https:\/\/www.mivam.com\/en\/wp-json\/wp\/v2\/product_cat?post=1221"},{"taxonomy":"product_tag","embeddable":true,"href":"https:\/\/www.mivam.com\/en\/wp-json\/wp\/v2\/product_tag?post=1221"}],"curies":[{"name":"wp","href":"https:\/\/api.w.org\/{rel}","templated":true}]}}