{"id":1213,"date":"2019-02-15T09:50:31","date_gmt":"2019-02-15T08:50:31","guid":{"rendered":"https:\/\/www.mivam.com\/?post_type=product&#038;p=1213"},"modified":"2025-06-19T13:16:46","modified_gmt":"2025-06-19T11:16:46","slug":"scalacombi-s46","status":"publish","type":"product","link":"https:\/\/www.mivam.com\/en\/izdelek\/scalacombi-s46\/","title":{"rendered":"Scalacombi S46 &#8211; ALBER"},"content":{"rendered":"<div class=\"wpb-content-wrapper\"><p>[vc_row][vc_column][vc_column_text]<\/p>\n<section id=\"c8809\" class=\"text-element followingteaser \">\n<div class=\"row \">\n<div class=\"columns small-12 medium-10 end\">\n<h2>scalacombi &#8211; Mobilni pripomo\u010dek za hojo po stopnicah s sede\u017eem<\/h2>\n<p>Vsak korak postane ovira, ko zaradi bolezni ali invalidnosti ne morete ve\u010d samostojno hoditi po stopnicah.<\/p>\n<p>Ne glede na to, ali so strme, ozke ali vijugaste stopnice iz lesa, kamna ali preproge, Scalacombi zlahka in ne\u017eno premaga vse stopnice.<\/p>\n<p>Senzorji, vgrajeni v Scalacombi, olaj\u0161ajo upravljanje za upravljavca in zagotavljajo najvi\u0161jo raven varnosti poleg ne\u017enega gibanja.<\/p>\n<h1><span class=\"\">Scalamobil v preprostih izrazih<\/span><\/h1>\n<p><iframe title=\"scalamobil S35 and scalacombi S36 | mobile stairclimbing aid simply explained\" width=\"640\" height=\"360\" src=\"https:\/\/www.youtube.com\/embed\/ZiUOBwPvVEc?feature=oembed\" frameborder=\"0\" allow=\"accelerometer; autoplay; clipboard-write; encrypted-media; gyroscope; picture-in-picture; web-share\" referrerpolicy=\"strict-origin-when-cross-origin\" allowfullscreen><\/iframe><\/p>\n<p>&nbsp;<\/p>\n<\/div>\n<\/div>\n<\/section>\n<p>[\/vc_column_text][\/vc_column][\/vc_row][vc_row][vc_column width=&#8221;1\/2&#8243;][vc_column_text]<\/p>\n<section id=\"c8814\" class=\"text-element followingteaser \">\n<div class=\"row \">\n<div class=\"columns small-12\">\n<h2>Kak\u0161na je razlika med mobilnim pripomo\u010dkom za hojo po stopnicah in stopni\u0161\u010dnim dvigalom?<\/h2>\n<p>Za razliko od stopni\u0161\u010dnih dvigal na\u0161i mobilni pripomo\u010dki za plezanje po stopnicah ne zahtevajo nobenih strukturnih sprememb. To pomeni, da ni energijsko potratnih razprav in usklajevanj na sestankih lastnikov ter \u010dakanja na obrtnike.<\/p>\n<p>Na\u0161i mobilni pripomo\u010dki za plezanje po stopnicah so neodvisni od stopni\u0161\u010dnih podestov in stopni\u0161\u010dnih ja\u0161kov.<\/p>\n<\/div>\n<\/div>\n<\/section>\n<p>[\/vc_column_text][\/vc_column][vc_column width=&#8221;1\/2&#8243;][vc_single_image image=&#8221;7824&#8243;][\/vc_column][\/vc_row][vc_row][vc_column][vc_column_text]<\/p>\n<div class=\"teaser-text grey-light\">\n<div class=\"text-only-grey\">\n<h2>Prihrani prostor \u2013 preprosto ga vzemite s seboj, kamor koli greste.<\/h2>\n<p>Scalacombi lahko uporabljate kjer koli. Va\u0161 stopni\u0161\u010dni vzpon lahko v trenutku razstavite na kompaktne posamezne dele in se prilega celo v majhen prtlja\u017enik.<\/p>\n<\/div>\n<\/div>\n<p>[\/vc_column_text][\/vc_column][\/vc_row][vc_row][vc_column][vc_column_text]<\/p>\n<section id=\"c1501\" class=\"text-element followingteaser \">\n<div class=\"row \">\n<div class=\"columns small-12\">\n<h1>Kak\u0161na je razlika med stopni\u0161\u010dnim vzpenjalom in stopni\u0161\u010dnim dvigalom?<\/h1>\n<p>Mobilne stopni\u0161\u010dne dvigalke so opremljene s stalnim sede\u017eem ali pa so pritrjene na invalidski vozi\u010dek od zadaj. Ker ni treba ni\u010desar name\u0161\u010dati in je naprave mogo\u010de razstaviti, jih je mogo\u010de uporabljati na prakti\u010dno vseh stopnicah. Plezati je mogo\u010de tudi po ozkih stopni\u0161\u010dih in vijugastih stopnicah. Za uporabo stopni\u0161\u010dne dvigalke je potrebna pou\u010dena oseba, ki stoji za napravo in jo vodi. Stopni\u0161\u010dne dvigalke, kot je scalamobil, priznavajo zdravstvene zavarovalnice in jim je zato mogo\u010de povrniti stro\u0161ke.<\/p>\n<p>Stopni\u0161\u010dna dvigala so trajno name\u0161\u010dena v stopni\u0161\u010du in jih je mogo\u010de uporabljati brez zunanje pomo\u010di. Zato so idealna za ljudi, ki ne potrebujejo invalidskega vozi\u010dka ali \u017eelijo \u017eiveti sami in\/ali biti neodvisni. Stro\u0161ki namestitve stopni\u0161\u010dnega dvigala se razlikujejo glede na \u0161tevilo nadstropij in vrsto stopnic. Zdravstvene zavarovalnice jih obi\u010dajno ne povrnejo.<\/p>\n<\/div>\n<div class=\"columns small-12\">\n<p>&nbsp;<\/p>\n<table style=\"border-collapse: collapse;width: 100%\">\n<tbody>\n<tr>\n<td style=\"width: 33.3333%\">Najpomembnej\u0161e razlike na prvi pogled:<\/td>\n<td style=\"width: 33.3333%\">Mobilni stopni\u0161\u010dni plezalec <strong>SCALACOMBI<\/strong><\/td>\n<td style=\"width: 33.3333%\">Trajno name\u0161\u010deno stopni\u0161\u010dno dvigalo<\/td>\n<\/tr>\n<tr>\n<td style=\"width: 33.3333%\"><span class=\"\">Uporaba na ozkih stopni\u0161\u010dih ali na vijugastih stopnicah <\/span><\/td>\n<td style=\"width: 33.3333%\">DA<br \/>\nOdvisno od uporabljenega invalidskega vozi\u010dka<\/td>\n<td style=\"width: 33.3333%\">DA<br \/>\nOdvisno od strukturnih okoli\u0161\u010din<\/td>\n<\/tr>\n<tr>\n<td style=\"width: 33.3333%\">Lahko se uporablja zunaj doma<\/td>\n<td style=\"width: 33.3333%\">DA<\/td>\n<td style=\"width: 33.3333%\">NE<\/td>\n<\/tr>\n<tr>\n<td style=\"width: 33.3333%\">Potreben operater<\/td>\n<td style=\"width: 33.3333%\">DA<\/td>\n<td style=\"width: 33.3333%\">NE<\/td>\n<\/tr>\n<\/tbody>\n<\/table>\n<\/div>\n<\/div>\n<\/section>\n<p>[\/vc_column_text][\/vc_column][\/vc_row][vc_row][vc_column]\r\n<div class=\"file-wrap \" id=\"\">\r\n\t\t\t\t\t<a href=\"https:\/\/www.mivam.com\/wp-content\/uploads\/2019\/02\/prospekt_scalamobil_s45_scalacombi_s46_englisch_46-0002-6-02-01_.pdf\" target=\"_blank\" class=\"file-dl-btn\">\t\r\n\t\t\t\t\t\t<img decoding=\"async\" src=\"https:\/\/www.mivam.com\/wp-content\/uploads\/2019\/02\/screenshot-2025-06-19-031632-785x1024.png\" alt=\"SCALACOMBI BRO\u0160URA\" \/>\r\n\t\t\t\t\t\t<span>SCALACOMBI BRO\u0160URA<\/span>\r\n\t\t\t\t\t<\/a>\r\n\t\t\t\t<\/div>\r\n       \r\n        [\/vc_column][\/vc_row]<\/p>\n<\/div>","protected":false},"excerpt":{"rendered":"<p>Scalacombi S46 obvladuje notranje in zunanje stopnice in stopnice vseh vrst z malo napora in se lahko upravlja okrog nekaterih zelo ozkih, tesnih in spiralnih stopni\u0161\u010d, ki vam odpirajo nova obzorja.<\/p>\n<ul>\n<li>Scalamobil S46 ima udobno vgrajen sede\u017e.<\/li>\n<li>Priporo\u010dljivo za ljudi, ki ne potrebujejo stopni\u0161\u010da za invalidske vozi\u010dke.<\/li>\n<li>Popolnoma prenosljiv, je idealen za uporabo z ve\u010d operaterji in na mnogih lokacijah.<\/li>\n<li>V letu 2025 \u0161e mo\u017enost prejeti starej\u0161i model S36<\/li>\n<\/ul>\n","protected":false},"featured_media":7828,"comment_status":"closed","ping_status":"closed","template":"","meta":[],"product_brand":[],"product_cat":[222,50],"product_tag":[799,800,863,870,862,864,861,868,866,869,865,867],"class_list":{"0":"post-1213","1":"product","2":"type-product","3":"status-publish","4":"has-post-thumbnail","6":"product_cat-invalidski-vozicki-in-skuterji","7":"product_cat-stopniscni-vzpenjalniki","8":"product_tag-alber","9":"product_tag-invacare","10":"product_tag-s36","11":"product_tag-s46","12":"product_tag-scalacombi","13":"product_tag-scalacombi-s36","14":"product_tag-scalamobil","15":"product_tag-sedez","16":"product_tag-stopnice","17":"product_tag-stopniscno-dvigalo","18":"product_tag-vzpenjalnik","19":"product_tag-vzpenjalnik-po-stopnicah","21":"first","22":"onbackorder","23":"taxable","24":"shipping-taxable","25":"product-type-simple"},"yoast_head":"<!-- This site is optimized with the Yoast SEO plugin v24.0 - https:\/\/yoast.com\/wordpress\/plugins\/seo\/ -->\n<title>Scalacombi S46 - ALBER - Mi Vam<\/title>\n<meta name=\"description\" content=\"Scalacombi S46 obvladuje notranje in zunanje stopnice in stopnice vseh vrst z malo napora in se lahko upravlja okrog nekaterih zelo ozkih, tesnih in spiralnih stopni\u0161\u010d, ki vam odpirajo nova obzorja.   Scalamobil S46 ima udobno vgrajen sede\u017e.  Priporo\u010dljivo za ljudi, ki ne potrebujejo stopni\u0161\u010da za invalidske vozi\u010dke.  Popolnoma prenosljiv, je idealen za uporabo z ve\u010d operaterji in na mnogih lokacijah.  V letu 2025 \u0161e mo\u017enost prejeti starej\u0161i model S36\" \/>\n<meta name=\"robots\" content=\"index, follow, max-snippet:-1, max-image-preview:large, max-video-preview:-1\" \/>\n<link rel=\"canonical\" href=\"https:\/\/www.mivam.com\/izdelek\/scalacombi-s46\/\" \/>\n<meta property=\"og:locale\" content=\"en_US\" \/>\n<meta property=\"og:type\" content=\"article\" \/>\n<meta property=\"og:title\" content=\"Scalacombi S46 - ALBER - Mi Vam\" \/>\n<meta property=\"og:description\" content=\"Scalacombi S46 obvladuje notranje in zunanje stopnice in stopnice vseh vrst z malo napora in se lahko upravlja okrog nekaterih zelo ozkih, tesnih in spiralnih stopni\u0161\u010d, ki vam odpirajo nova obzorja.   Scalamobil S46 ima udobno vgrajen sede\u017e.  Priporo\u010dljivo za ljudi, ki ne potrebujejo stopni\u0161\u010da za invalidske vozi\u010dke.  Popolnoma prenosljiv, je idealen za uporabo z ve\u010d operaterji in na mnogih lokacijah.  V letu 2025 \u0161e mo\u017enost prejeti starej\u0161i model S36\" \/>\n<meta property=\"og:url\" content=\"https:\/\/www.mivam.com\/izdelek\/scalacombi-s46\/\" \/>\n<meta property=\"og:site_name\" content=\"Mi Vam\" \/>\n<meta property=\"article:modified_time\" content=\"2025-06-19T11:16:46+00:00\" \/>\n<meta property=\"og:image\" content=\"https:\/\/www.mivam.com\/wp-content\/uploads\/2019\/02\/images-1.jpg\" \/>\n\t<meta property=\"og:image:width\" content=\"224\" \/>\n\t<meta property=\"og:image:height\" content=\"224\" \/>\n\t<meta property=\"og:image:type\" content=\"image\/jpeg\" \/>\n<meta name=\"twitter:card\" content=\"summary_large_image\" \/>\n<meta name=\"twitter:label1\" content=\"Est. reading time\" \/>\n\t<meta name=\"twitter:data1\" content=\"3 minutes\" \/>\n<script type=\"application\/ld+json\" class=\"yoast-schema-graph\">{\"@context\":\"https:\/\/schema.org\",\"@graph\":[{\"@type\":\"WebPage\",\"@id\":\"https:\/\/www.mivam.com\/izdelek\/scalacombi-s46\/\",\"url\":\"https:\/\/www.mivam.com\/izdelek\/scalacombi-s46\/\",\"name\":\"Scalacombi S46 - ALBER - Mi Vam\",\"isPartOf\":{\"@id\":\"https:\/\/www.mivam.com\/#website\"},\"primaryImageOfPage\":{\"@id\":\"https:\/\/www.mivam.com\/izdelek\/scalacombi-s46\/#primaryimage\"},\"image\":{\"@id\":\"https:\/\/www.mivam.com\/izdelek\/scalacombi-s46\/#primaryimage\"},\"thumbnailUrl\":\"https:\/\/www.mivam.com\/wp-content\/uploads\/2019\/02\/images-1.jpg\",\"datePublished\":\"2019-02-15T08:50:31+00:00\",\"dateModified\":\"2025-06-19T11:16:46+00:00\",\"description\":\"Scalacombi S46 obvladuje notranje in zunanje stopnice in stopnice vseh vrst z malo napora in se lahko upravlja okrog nekaterih zelo ozkih, tesnih in spiralnih stopni\u0161\u010d, ki vam odpirajo nova obzorja. Scalamobil S46 ima udobno vgrajen sede\u017e. Priporo\u010dljivo za ljudi, ki ne potrebujejo stopni\u0161\u010da za invalidske vozi\u010dke. Popolnoma prenosljiv, je idealen za uporabo z ve\u010d operaterji in na mnogih lokacijah. V letu 2025 \u0161e mo\u017enost prejeti starej\u0161i model S36\",\"breadcrumb\":{\"@id\":\"https:\/\/www.mivam.com\/izdelek\/scalacombi-s46\/#breadcrumb\"},\"inLanguage\":\"en-US\",\"potentialAction\":[{\"@type\":\"ReadAction\",\"target\":[\"https:\/\/www.mivam.com\/izdelek\/scalacombi-s46\/\"]}]},{\"@type\":\"ImageObject\",\"inLanguage\":\"en-US\",\"@id\":\"https:\/\/www.mivam.com\/izdelek\/scalacombi-s46\/#primaryimage\",\"url\":\"https:\/\/www.mivam.com\/wp-content\/uploads\/2019\/02\/images-1.jpg\",\"contentUrl\":\"https:\/\/www.mivam.com\/wp-content\/uploads\/2019\/02\/images-1.jpg\",\"width\":224,\"height\":224},{\"@type\":\"BreadcrumbList\",\"@id\":\"https:\/\/www.mivam.com\/izdelek\/scalacombi-s46\/#breadcrumb\",\"itemListElement\":[{\"@type\":\"ListItem\",\"position\":1,\"name\":\"Domov\",\"item\":\"https:\/\/www.mivam.com\/\"},{\"@type\":\"ListItem\",\"position\":2,\"name\":\"Shop\",\"item\":\"https:\/\/www.mivam.com\/en\/shop\/\"},{\"@type\":\"ListItem\",\"position\":3,\"name\":\"Invalidski vozi\u010dki in skuterji\",\"item\":\"https:\/\/www.mivam.com\/kategorija-izdelka\/invalidski-vozicki-in-skuterji\/\"},{\"@type\":\"ListItem\",\"position\":4,\"name\":\"Stopni\u0161\u010dni vzpenjalniki\",\"item\":\"https:\/\/www.mivam.com\/kategorija-izdelka\/invalidski-vozicki-in-skuterji\/stopniscni-vzpenjalniki\/\"},{\"@type\":\"ListItem\",\"position\":5,\"name\":\"Scalacombi S46 &#8211; ALBER\"}]},{\"@type\":\"WebSite\",\"@id\":\"https:\/\/www.mivam.com\/#website\",\"url\":\"https:\/\/www.mivam.com\/\",\"name\":\"Mi Vam\",\"description\":\"Medicinski pripomo\u010dki in re\u0161itve za manj odvisno \u017eivljenje.\",\"potentialAction\":[{\"@type\":\"SearchAction\",\"target\":{\"@type\":\"EntryPoint\",\"urlTemplate\":\"https:\/\/www.mivam.com\/?s={search_term_string}\"},\"query-input\":{\"@type\":\"PropertyValueSpecification\",\"valueRequired\":true,\"valueName\":\"search_term_string\"}}],\"inLanguage\":\"en-US\"}]}<\/script>\n<!-- \/ Yoast SEO plugin. -->","yoast_head_json":{"title":"Scalacombi S46 - ALBER - Mi Vam","description":"Scalacombi S46 obvladuje notranje in zunanje stopnice in stopnice vseh vrst z malo napora in se lahko upravlja okrog nekaterih zelo ozkih, tesnih in spiralnih stopni\u0161\u010d, ki vam odpirajo nova obzorja.   Scalamobil S46 ima udobno vgrajen sede\u017e.  Priporo\u010dljivo za ljudi, ki ne potrebujejo stopni\u0161\u010da za invalidske vozi\u010dke.  Popolnoma prenosljiv, je idealen za uporabo z ve\u010d operaterji in na mnogih lokacijah.  V letu 2025 \u0161e mo\u017enost prejeti starej\u0161i model S36","robots":{"index":"index","follow":"follow","max-snippet":"max-snippet:-1","max-image-preview":"max-image-preview:large","max-video-preview":"max-video-preview:-1"},"canonical":"https:\/\/www.mivam.com\/izdelek\/scalacombi-s46\/","og_locale":"en_US","og_type":"article","og_title":"Scalacombi S46 - ALBER - Mi Vam","og_description":"Scalacombi S46 obvladuje notranje in zunanje stopnice in stopnice vseh vrst z malo napora in se lahko upravlja okrog nekaterih zelo ozkih, tesnih in spiralnih stopni\u0161\u010d, ki vam odpirajo nova obzorja.   Scalamobil S46 ima udobno vgrajen sede\u017e.  Priporo\u010dljivo za ljudi, ki ne potrebujejo stopni\u0161\u010da za invalidske vozi\u010dke.  Popolnoma prenosljiv, je idealen za uporabo z ve\u010d operaterji in na mnogih lokacijah.  V letu 2025 \u0161e mo\u017enost prejeti starej\u0161i model S36","og_url":"https:\/\/www.mivam.com\/izdelek\/scalacombi-s46\/","og_site_name":"Mi Vam","article_modified_time":"2025-06-19T11:16:46+00:00","og_image":[{"width":224,"height":224,"url":"https:\/\/www.mivam.com\/wp-content\/uploads\/2019\/02\/images-1.jpg","type":"image\/jpeg"}],"twitter_card":"summary_large_image","twitter_misc":{"Est. reading time":"3 minutes"},"schema":{"@context":"https:\/\/schema.org","@graph":[{"@type":"WebPage","@id":"https:\/\/www.mivam.com\/izdelek\/scalacombi-s46\/","url":"https:\/\/www.mivam.com\/izdelek\/scalacombi-s46\/","name":"Scalacombi S46 - ALBER - Mi Vam","isPartOf":{"@id":"https:\/\/www.mivam.com\/#website"},"primaryImageOfPage":{"@id":"https:\/\/www.mivam.com\/izdelek\/scalacombi-s46\/#primaryimage"},"image":{"@id":"https:\/\/www.mivam.com\/izdelek\/scalacombi-s46\/#primaryimage"},"thumbnailUrl":"https:\/\/www.mivam.com\/wp-content\/uploads\/2019\/02\/images-1.jpg","datePublished":"2019-02-15T08:50:31+00:00","dateModified":"2025-06-19T11:16:46+00:00","description":"Scalacombi S46 obvladuje notranje in zunanje stopnice in stopnice vseh vrst z malo napora in se lahko upravlja okrog nekaterih zelo ozkih, tesnih in spiralnih stopni\u0161\u010d, ki vam odpirajo nova obzorja. Scalamobil S46 ima udobno vgrajen sede\u017e. Priporo\u010dljivo za ljudi, ki ne potrebujejo stopni\u0161\u010da za invalidske vozi\u010dke. Popolnoma prenosljiv, je idealen za uporabo z ve\u010d operaterji in na mnogih lokacijah. V letu 2025 \u0161e mo\u017enost prejeti starej\u0161i model S36","breadcrumb":{"@id":"https:\/\/www.mivam.com\/izdelek\/scalacombi-s46\/#breadcrumb"},"inLanguage":"en-US","potentialAction":[{"@type":"ReadAction","target":["https:\/\/www.mivam.com\/izdelek\/scalacombi-s46\/"]}]},{"@type":"ImageObject","inLanguage":"en-US","@id":"https:\/\/www.mivam.com\/izdelek\/scalacombi-s46\/#primaryimage","url":"https:\/\/www.mivam.com\/wp-content\/uploads\/2019\/02\/images-1.jpg","contentUrl":"https:\/\/www.mivam.com\/wp-content\/uploads\/2019\/02\/images-1.jpg","width":224,"height":224},{"@type":"BreadcrumbList","@id":"https:\/\/www.mivam.com\/izdelek\/scalacombi-s46\/#breadcrumb","itemListElement":[{"@type":"ListItem","position":1,"name":"Domov","item":"https:\/\/www.mivam.com\/"},{"@type":"ListItem","position":2,"name":"Shop","item":"https:\/\/www.mivam.com\/en\/shop\/"},{"@type":"ListItem","position":3,"name":"Invalidski vozi\u010dki in skuterji","item":"https:\/\/www.mivam.com\/kategorija-izdelka\/invalidski-vozicki-in-skuterji\/"},{"@type":"ListItem","position":4,"name":"Stopni\u0161\u010dni vzpenjalniki","item":"https:\/\/www.mivam.com\/kategorija-izdelka\/invalidski-vozicki-in-skuterji\/stopniscni-vzpenjalniki\/"},{"@type":"ListItem","position":5,"name":"Scalacombi S46 &#8211; ALBER"}]},{"@type":"WebSite","@id":"https:\/\/www.mivam.com\/#website","url":"https:\/\/www.mivam.com\/","name":"Mi Vam","description":"Medicinski pripomo\u010dki in re\u0161itve za manj odvisno \u017eivljenje.","potentialAction":[{"@type":"SearchAction","target":{"@type":"EntryPoint","urlTemplate":"https:\/\/www.mivam.com\/?s={search_term_string}"},"query-input":{"@type":"PropertyValueSpecification","valueRequired":true,"valueName":"search_term_string"}}],"inLanguage":"en-US"}]}},"_links":{"self":[{"href":"https:\/\/www.mivam.com\/en\/wp-json\/wp\/v2\/product\/1213","targetHints":{"allow":["GET"]}}],"collection":[{"href":"https:\/\/www.mivam.com\/en\/wp-json\/wp\/v2\/product"}],"about":[{"href":"https:\/\/www.mivam.com\/en\/wp-json\/wp\/v2\/types\/product"}],"replies":[{"embeddable":true,"href":"https:\/\/www.mivam.com\/en\/wp-json\/wp\/v2\/comments?post=1213"}],"wp:featuredmedia":[{"embeddable":true,"href":"https:\/\/www.mivam.com\/en\/wp-json\/wp\/v2\/media\/7828"}],"wp:attachment":[{"href":"https:\/\/www.mivam.com\/en\/wp-json\/wp\/v2\/media?parent=1213"}],"wp:term":[{"taxonomy":"product_brand","embeddable":true,"href":"https:\/\/www.mivam.com\/en\/wp-json\/wp\/v2\/product_brand?post=1213"},{"taxonomy":"product_cat","embeddable":true,"href":"https:\/\/www.mivam.com\/en\/wp-json\/wp\/v2\/product_cat?post=1213"},{"taxonomy":"product_tag","embeddable":true,"href":"https:\/\/www.mivam.com\/en\/wp-json\/wp\/v2\/product_tag?post=1213"}],"curies":[{"name":"wp","href":"https:\/\/api.w.org\/{rel}","templated":true}]}}