{"id":1194,"date":"2019-02-15T09:32:09","date_gmt":"2019-02-15T08:32:09","guid":{"rendered":"https:\/\/www.mivam.com\/?post_type=product&#038;p=1194"},"modified":"2025-06-19T03:51:21","modified_gmt":"2025-06-19T01:51:21","slug":"scalamobil-s45","status":"publish","type":"product","link":"https:\/\/www.mivam.com\/en\/izdelek\/scalamobil-s45\/","title":{"rendered":"Scalamobil S45 &#8211; ALBER"},"content":{"rendered":"<div class=\"wpb-content-wrapper\"><p>[vc_row][vc_column][vc_column_text]<\/p>\n<div class=\"description\">\n<div>\n<p><strong>Po stopnicah navzdol. Varnost navzgor.<\/strong><\/p>\n<p><span class=\"\">Alber Scalamobil S45 je nov mobilni pripomo\u010dek za preprosto in varno plezanje po stopnicah. \u010ce vsakodnevna mobilnost postane problem, so stopnice pogosto nepremostljiva ovira. Fiksne re\u0161itve za mobilnost zahtevajo zapletene in drage prenove ter niso vedno primerne za vsako vrsto stopnic. S Scalamobilom S45 niso potrebne nobene strukturne spremembe za uporabo teh vsestranskih plezalnih pripomo\u010dkov, ki so zdru\u017eljivi z vsemi vrstami stopnic.\u00a0<\/span><\/p>\n<p><iframe title=\"scalamobil S45: The most innovative mobile stair climbing aid 2024 - Simply explained!\" width=\"640\" height=\"360\" src=\"https:\/\/www.youtube.com\/embed\/prNS9EUr7wQ?feature=oembed\" frameborder=\"0\" allow=\"accelerometer; autoplay; clipboard-write; encrypted-media; gyroscope; picture-in-picture; web-share\" referrerpolicy=\"strict-origin-when-cross-origin\" allowfullscreen><\/iframe><\/p>\n<\/div>\n<\/div>\n<p>[\/vc_column_text][\/vc_column][\/vc_row][vc_row][vc_column][vc_single_image image=&#8221;7847&#8243;][\/vc_column][\/vc_row][vc_row][vc_column][vc_single_image image=&#8221;7850&#8243;][\/vc_column][\/vc_row][vc_row][vc_column]        \n\t\t\t\t<div class=\"file-wrap \" id=\"\">\n\t\t\t\t\t<a href=\"https:\/\/www.mivam.com\/wp-content\/uploads\/2019\/02\/halterungen_alber_202103_01.xlsx\" target=\"_blank\" class=\"file-dl-btn\">\t\n\t\t\t\t\t\tKOMPATIBILNOST Z RO\u010cNIMI VOZI\u010cKI - PREGLED.vnd.openxmlformats-officedocument.spreadsheetml.sheet 825,31 KB\t\t\t\t\t<div class=\"file-icon-wrapper\">\n\t\t\t\t\t\t<svg width=\"19\" height=\"20\" viewBox=\"0 0 19 20\" fill=\"none\" xmlns=\"http:\/\/www.w3.org\/2000\/svg\">\n<path d=\"M9.55818 14.9683L4.93488 9.96001L5.85875 8.94249L8.9048 12.2413V0H10.2116V12.2413L13.2563 8.94391L14.1815 9.96001L9.55818 14.9683ZM2.5213 19.8125C1.92019 19.8125 1.4184 19.5945 1.01592 19.1586C0.612564 18.7218 0.410889 18.1779 0.410889 17.5269V14.098H1.71764V17.5269C1.71764 17.7439 1.80128 17.9435 1.96854 18.1256C2.13668 18.3067 2.32093 18.3973 2.5213 18.3973H16.5951C16.7954 18.3973 16.9797 18.3067 17.1478 18.1256C17.3151 17.9435 17.3987 17.7439 17.3987 17.5269V14.098H18.7055V17.5269C18.7055 18.1779 18.5042 18.7214 18.1017 19.1572C17.6984 19.594 17.1962 19.8125 16.5951 19.8125H2.5213Z\" fill=\"white\"\/>\n<\/svg>\t\t\t\t\t<\/div>\n\t\t\t\t\t<\/a>\n\t\t\t\t<\/div>\n        \n        [\/vc_column][\/vc_row][vc_row][vc_column]\r\n<div class=\"file-wrap \" id=\"\">\r\n\t\t\t\t\t<a href=\"https:\/\/www.mivam.com\/wp-content\/uploads\/2019\/02\/prospekt_scalamobil_s45_scalacombi_s46_englisch_46-0002-6-02-01_.pdf\" target=\"_blank\" class=\"file-dl-btn\">\t\r\n\t\t\t\t\t\t<img decoding=\"async\" src=\"https:\/\/www.mivam.com\/wp-content\/uploads\/2019\/02\/screenshot-2025-06-19-031632-785x1024.png\" alt=\"SCALAMOBIL BRO\u0160URA\" \/>\r\n\t\t\t\t\t\t<span>SCALAMOBIL BRO\u0160URA<\/span>\r\n\t\t\t\t\t<\/a>\r\n\t\t\t\t<\/div>\r\n       \r\n        [\/vc_column][\/vc_row]<\/p>\n<\/div>","protected":false},"excerpt":{"rendered":"<p>Stopni\u0161\u010dnega vzpenjalnika Scalamobil S45 je mo\u017eno namestiti direktno na va\u0161 invalidski vozi\u010dek. Pripomo\u010dek omogo\u010da enostavnost uporabe in mobilnost, kot \u0161e nikoli prej.<\/p>\n","protected":false},"featured_media":7856,"comment_status":"closed","ping_status":"closed","template":"","meta":[],"product_brand":[],"product_cat":[222,50],"product_tag":[799,800,874,875,861,872,873,51,876,865,877],"class_list":{"0":"post-1194","1":"product","2":"type-product","3":"status-publish","4":"has-post-thumbnail","6":"product_cat-invalidski-vozicki-in-skuterji","7":"product_cat-stopniscni-vzpenjalniki","8":"product_tag-alber","9":"product_tag-invacare","10":"product_tag-s35","11":"product_tag-s45","12":"product_tag-scalamobil","13":"product_tag-scalamobil-s35","14":"product_tag-scalamobil-s45","15":"product_tag-stopniscni-vzpenjalnik","16":"product_tag-stopnisni-vzpenjalnik","17":"product_tag-vzpenjalnik","18":"product_tag-vzpenjalnik-za-vozicke","20":"first","21":"onbackorder","22":"taxable","23":"shipping-taxable","24":"product-type-simple"},"yoast_head":"<!-- This site is optimized with the Yoast SEO plugin v24.0 - https:\/\/yoast.com\/wordpress\/plugins\/seo\/ -->\n<title>Scalamobil S45 - ALBER - Mi Vam<\/title>\n<meta name=\"description\" content=\"Stopni\u0161\u010dnega vzpenjalnika Scalamobil S45 je mo\u017eno namestiti direktno na va\u0161 invalidski vozi\u010dek. Pripomo\u010dek omogo\u010da enostavnost uporabe in mobilnost, kot \u0161e nikoli prej.\" \/>\n<meta name=\"robots\" content=\"index, follow, max-snippet:-1, max-image-preview:large, max-video-preview:-1\" \/>\n<link rel=\"canonical\" href=\"https:\/\/www.mivam.com\/izdelek\/scalamobil-s45\/\" \/>\n<meta property=\"og:locale\" content=\"en_US\" \/>\n<meta property=\"og:type\" content=\"article\" \/>\n<meta property=\"og:title\" content=\"Scalamobil S45 - ALBER - Mi Vam\" \/>\n<meta property=\"og:description\" content=\"Stopni\u0161\u010dnega vzpenjalnika Scalamobil S45 je mo\u017eno namestiti direktno na va\u0161 invalidski vozi\u010dek. Pripomo\u010dek omogo\u010da enostavnost uporabe in mobilnost, kot \u0161e nikoli prej.\" \/>\n<meta property=\"og:url\" content=\"https:\/\/www.mivam.com\/izdelek\/scalamobil-s45\/\" \/>\n<meta property=\"og:site_name\" content=\"Mi Vam\" \/>\n<meta property=\"article:modified_time\" content=\"2025-06-19T01:51:21+00:00\" \/>\n<meta property=\"og:image\" content=\"https:\/\/www.mivam.com\/wp-content\/uploads\/2019\/02\/1744987871_mpic017229_scalamobil-of117.jpg\" \/>\n\t<meta property=\"og:image:width\" content=\"550\" \/>\n\t<meta property=\"og:image:height\" content=\"550\" \/>\n\t<meta property=\"og:image:type\" content=\"image\/jpeg\" \/>\n<meta name=\"twitter:card\" content=\"summary_large_image\" \/>\n<meta name=\"twitter:label1\" content=\"Est. reading time\" \/>\n\t<meta name=\"twitter:data1\" content=\"2 minutes\" \/>\n<script type=\"application\/ld+json\" class=\"yoast-schema-graph\">{\"@context\":\"https:\/\/schema.org\",\"@graph\":[{\"@type\":\"WebPage\",\"@id\":\"https:\/\/www.mivam.com\/izdelek\/scalamobil-s45\/\",\"url\":\"https:\/\/www.mivam.com\/izdelek\/scalamobil-s45\/\",\"name\":\"Scalamobil S45 - ALBER - Mi Vam\",\"isPartOf\":{\"@id\":\"https:\/\/www.mivam.com\/#website\"},\"primaryImageOfPage\":{\"@id\":\"https:\/\/www.mivam.com\/izdelek\/scalamobil-s45\/#primaryimage\"},\"image\":{\"@id\":\"https:\/\/www.mivam.com\/izdelek\/scalamobil-s45\/#primaryimage\"},\"thumbnailUrl\":\"https:\/\/www.mivam.com\/wp-content\/uploads\/2019\/02\/1744987871_mpic017229_scalamobil-of117.jpg\",\"datePublished\":\"2019-02-15T08:32:09+00:00\",\"dateModified\":\"2025-06-19T01:51:21+00:00\",\"description\":\"Stopni\u0161\u010dnega vzpenjalnika Scalamobil S45 je mo\u017eno namestiti direktno na va\u0161 invalidski vozi\u010dek. Pripomo\u010dek omogo\u010da enostavnost uporabe in mobilnost, kot \u0161e nikoli prej.\",\"breadcrumb\":{\"@id\":\"https:\/\/www.mivam.com\/izdelek\/scalamobil-s45\/#breadcrumb\"},\"inLanguage\":\"en-US\",\"potentialAction\":[{\"@type\":\"ReadAction\",\"target\":[\"https:\/\/www.mivam.com\/izdelek\/scalamobil-s45\/\"]}]},{\"@type\":\"ImageObject\",\"inLanguage\":\"en-US\",\"@id\":\"https:\/\/www.mivam.com\/izdelek\/scalamobil-s45\/#primaryimage\",\"url\":\"https:\/\/www.mivam.com\/wp-content\/uploads\/2019\/02\/1744987871_mpic017229_scalamobil-of117.jpg\",\"contentUrl\":\"https:\/\/www.mivam.com\/wp-content\/uploads\/2019\/02\/1744987871_mpic017229_scalamobil-of117.jpg\",\"width\":550,\"height\":550},{\"@type\":\"BreadcrumbList\",\"@id\":\"https:\/\/www.mivam.com\/izdelek\/scalamobil-s45\/#breadcrumb\",\"itemListElement\":[{\"@type\":\"ListItem\",\"position\":1,\"name\":\"Domov\",\"item\":\"https:\/\/www.mivam.com\/\"},{\"@type\":\"ListItem\",\"position\":2,\"name\":\"Shop\",\"item\":\"https:\/\/www.mivam.com\/en\/shop\/\"},{\"@type\":\"ListItem\",\"position\":3,\"name\":\"Invalidski vozi\u010dki in skuterji\",\"item\":\"https:\/\/www.mivam.com\/kategorija-izdelka\/invalidski-vozicki-in-skuterji\/\"},{\"@type\":\"ListItem\",\"position\":4,\"name\":\"Stopni\u0161\u010dni vzpenjalniki\",\"item\":\"https:\/\/www.mivam.com\/kategorija-izdelka\/invalidski-vozicki-in-skuterji\/stopniscni-vzpenjalniki\/\"},{\"@type\":\"ListItem\",\"position\":5,\"name\":\"Scalamobil S45 &#8211; ALBER\"}]},{\"@type\":\"WebSite\",\"@id\":\"https:\/\/www.mivam.com\/#website\",\"url\":\"https:\/\/www.mivam.com\/\",\"name\":\"Mi Vam\",\"description\":\"Medicinski pripomo\u010dki in re\u0161itve za manj odvisno \u017eivljenje.\",\"potentialAction\":[{\"@type\":\"SearchAction\",\"target\":{\"@type\":\"EntryPoint\",\"urlTemplate\":\"https:\/\/www.mivam.com\/?s={search_term_string}\"},\"query-input\":{\"@type\":\"PropertyValueSpecification\",\"valueRequired\":true,\"valueName\":\"search_term_string\"}}],\"inLanguage\":\"en-US\"}]}<\/script>\n<!-- \/ Yoast SEO plugin. -->","yoast_head_json":{"title":"Scalamobil S45 - ALBER - Mi Vam","description":"Stopni\u0161\u010dnega vzpenjalnika Scalamobil S45 je mo\u017eno namestiti direktno na va\u0161 invalidski vozi\u010dek. Pripomo\u010dek omogo\u010da enostavnost uporabe in mobilnost, kot \u0161e nikoli prej.","robots":{"index":"index","follow":"follow","max-snippet":"max-snippet:-1","max-image-preview":"max-image-preview:large","max-video-preview":"max-video-preview:-1"},"canonical":"https:\/\/www.mivam.com\/izdelek\/scalamobil-s45\/","og_locale":"en_US","og_type":"article","og_title":"Scalamobil S45 - ALBER - Mi Vam","og_description":"Stopni\u0161\u010dnega vzpenjalnika Scalamobil S45 je mo\u017eno namestiti direktno na va\u0161 invalidski vozi\u010dek. Pripomo\u010dek omogo\u010da enostavnost uporabe in mobilnost, kot \u0161e nikoli prej.","og_url":"https:\/\/www.mivam.com\/izdelek\/scalamobil-s45\/","og_site_name":"Mi Vam","article_modified_time":"2025-06-19T01:51:21+00:00","og_image":[{"width":550,"height":550,"url":"https:\/\/www.mivam.com\/wp-content\/uploads\/2019\/02\/1744987871_mpic017229_scalamobil-of117.jpg","type":"image\/jpeg"}],"twitter_card":"summary_large_image","twitter_misc":{"Est. reading time":"2 minutes"},"schema":{"@context":"https:\/\/schema.org","@graph":[{"@type":"WebPage","@id":"https:\/\/www.mivam.com\/izdelek\/scalamobil-s45\/","url":"https:\/\/www.mivam.com\/izdelek\/scalamobil-s45\/","name":"Scalamobil S45 - ALBER - Mi Vam","isPartOf":{"@id":"https:\/\/www.mivam.com\/#website"},"primaryImageOfPage":{"@id":"https:\/\/www.mivam.com\/izdelek\/scalamobil-s45\/#primaryimage"},"image":{"@id":"https:\/\/www.mivam.com\/izdelek\/scalamobil-s45\/#primaryimage"},"thumbnailUrl":"https:\/\/www.mivam.com\/wp-content\/uploads\/2019\/02\/1744987871_mpic017229_scalamobil-of117.jpg","datePublished":"2019-02-15T08:32:09+00:00","dateModified":"2025-06-19T01:51:21+00:00","description":"Stopni\u0161\u010dnega vzpenjalnika Scalamobil S45 je mo\u017eno namestiti direktno na va\u0161 invalidski vozi\u010dek. Pripomo\u010dek omogo\u010da enostavnost uporabe in mobilnost, kot \u0161e nikoli prej.","breadcrumb":{"@id":"https:\/\/www.mivam.com\/izdelek\/scalamobil-s45\/#breadcrumb"},"inLanguage":"en-US","potentialAction":[{"@type":"ReadAction","target":["https:\/\/www.mivam.com\/izdelek\/scalamobil-s45\/"]}]},{"@type":"ImageObject","inLanguage":"en-US","@id":"https:\/\/www.mivam.com\/izdelek\/scalamobil-s45\/#primaryimage","url":"https:\/\/www.mivam.com\/wp-content\/uploads\/2019\/02\/1744987871_mpic017229_scalamobil-of117.jpg","contentUrl":"https:\/\/www.mivam.com\/wp-content\/uploads\/2019\/02\/1744987871_mpic017229_scalamobil-of117.jpg","width":550,"height":550},{"@type":"BreadcrumbList","@id":"https:\/\/www.mivam.com\/izdelek\/scalamobil-s45\/#breadcrumb","itemListElement":[{"@type":"ListItem","position":1,"name":"Domov","item":"https:\/\/www.mivam.com\/"},{"@type":"ListItem","position":2,"name":"Shop","item":"https:\/\/www.mivam.com\/en\/shop\/"},{"@type":"ListItem","position":3,"name":"Invalidski vozi\u010dki in skuterji","item":"https:\/\/www.mivam.com\/kategorija-izdelka\/invalidski-vozicki-in-skuterji\/"},{"@type":"ListItem","position":4,"name":"Stopni\u0161\u010dni vzpenjalniki","item":"https:\/\/www.mivam.com\/kategorija-izdelka\/invalidski-vozicki-in-skuterji\/stopniscni-vzpenjalniki\/"},{"@type":"ListItem","position":5,"name":"Scalamobil S45 &#8211; ALBER"}]},{"@type":"WebSite","@id":"https:\/\/www.mivam.com\/#website","url":"https:\/\/www.mivam.com\/","name":"Mi Vam","description":"Medicinski pripomo\u010dki in re\u0161itve za manj odvisno \u017eivljenje.","potentialAction":[{"@type":"SearchAction","target":{"@type":"EntryPoint","urlTemplate":"https:\/\/www.mivam.com\/?s={search_term_string}"},"query-input":{"@type":"PropertyValueSpecification","valueRequired":true,"valueName":"search_term_string"}}],"inLanguage":"en-US"}]}},"_links":{"self":[{"href":"https:\/\/www.mivam.com\/en\/wp-json\/wp\/v2\/product\/1194","targetHints":{"allow":["GET"]}}],"collection":[{"href":"https:\/\/www.mivam.com\/en\/wp-json\/wp\/v2\/product"}],"about":[{"href":"https:\/\/www.mivam.com\/en\/wp-json\/wp\/v2\/types\/product"}],"replies":[{"embeddable":true,"href":"https:\/\/www.mivam.com\/en\/wp-json\/wp\/v2\/comments?post=1194"}],"wp:featuredmedia":[{"embeddable":true,"href":"https:\/\/www.mivam.com\/en\/wp-json\/wp\/v2\/media\/7856"}],"wp:attachment":[{"href":"https:\/\/www.mivam.com\/en\/wp-json\/wp\/v2\/media?parent=1194"}],"wp:term":[{"taxonomy":"product_brand","embeddable":true,"href":"https:\/\/www.mivam.com\/en\/wp-json\/wp\/v2\/product_brand?post=1194"},{"taxonomy":"product_cat","embeddable":true,"href":"https:\/\/www.mivam.com\/en\/wp-json\/wp\/v2\/product_cat?post=1194"},{"taxonomy":"product_tag","embeddable":true,"href":"https:\/\/www.mivam.com\/en\/wp-json\/wp\/v2\/product_tag?post=1194"}],"curies":[{"name":"wp","href":"https:\/\/api.w.org\/{rel}","templated":true}]}}