{"id":1188,"date":"2019-02-12T12:57:28","date_gmt":"2019-02-12T11:57:28","guid":{"rendered":"https:\/\/www.mivam.com\/?post_type=product&#038;p=1188"},"modified":"2025-06-19T04:09:52","modified_gmt":"2025-06-19T02:09:52","slug":"e-fix-alber-elektromotorni-pogon-za-invalidske-vozicke","status":"publish","type":"product","link":"https:\/\/www.mivam.com\/en\/izdelek\/e-fix-alber-elektromotorni-pogon-za-invalidske-vozicke\/","title":{"rendered":"E-fix ALBER &#8211; elektromotorni pogon za invalidske vozi\u010dke"},"content":{"rendered":"<div class=\"wpb-content-wrapper\"><p>[vc_row][vc_column][vc_column_text]<\/p>\n<h3>E-FIX &#8211; Majhen kompaktni elektri\u010dni invalidski vozi\u010dek.<\/h3>\n<p>S svojim dodatnim pogonom za e-popravilo ro\u010dni vozi\u010dek spremenite v kompaktni elektri\u010dni invalidski vozi\u010dek. Pogon se lahko individualno programira in se zato lahko popolnoma prilagodi va\u0161im osebnim potrebam. Elektri\u010dni dodatni pogon je preprost na\u010din za pove\u010danje va\u0161e svobode gibanja. E-Fix vam omogo\u010da tudi ve\u010djo razdaljo in brezskrbno upravljanje pobo\u010dij.<\/p>\n<h3>\u017delim ostati neodvisen &#8211; e-fix omogo\u010da<\/h3>\n<p>Izstopanje in vsakdanje \u017eivljenje je ve\u010dina ljudi. Kaj pa, \u010de bolezen ali starost pomeni, da ne morete ve\u010d zapustiti svojega stanovanja brez pomo\u010di? Koristen pomo\u010dnik je elektri\u010dni dodaten pogon e-fix, ki va\u0161 invalidski vozi\u010dek spremeni v majhen in lahek elektri\u010dni invalidski vozi\u010dek. Nato lahko samostojno pokrivate ve\u010dje razdalje in upravljate pobo\u010dja brez stresa ali zunanje pomo\u010di.<\/p>\n<div style=\"width: 640px;\" class=\"wp-video\"><!--[if lt IE 9]><script>document.createElement('video');<\/script><![endif]-->\n<video class=\"wp-video-shortcode\" id=\"video-1188-1\" width=\"640\" height=\"360\" preload=\"metadata\" controls=\"controls\"><source type=\"video\/mp4\" src=\"https:\/\/www.alber.de\/uploads\/pics\/e-fix-Teaser_Abgabe_4mbs_03.mp4?_=1\" \/><a href=\"https:\/\/www.alber.de\/uploads\/pics\/e-fix-Teaser_Abgabe_4mbs_03.mp4\">https:\/\/www.alber.de\/uploads\/pics\/e-fix-Teaser_Abgabe_4mbs_03.mp4<\/a><\/video><\/div>\n<p>[\/vc_column_text][\/vc_column][\/vc_row][vc_row][vc_column width=&#8221;1\/2&#8243;][vc_column_text]<a href=\"https:\/\/www.mivam.com\/wp-content\/uploads\/2019\/02\/flexibel-2-in-1.png\"><img decoding=\"async\" class=\"aligncenter size-full wp-image-7876\" src=\"https:\/\/www.mivam.com\/wp-content\/uploads\/2019\/02\/flexibel-2-in-1.png\" alt=\"\" width=\"900\" height=\"640\" srcset=\"https:\/\/www.mivam.com\/wp-content\/uploads\/2019\/02\/flexibel-2-in-1.png 900w, https:\/\/www.mivam.com\/wp-content\/uploads\/2019\/02\/flexibel-2-in-1-300x213.png 300w, https:\/\/www.mivam.com\/wp-content\/uploads\/2019\/02\/flexibel-2-in-1-768x546.png 768w, https:\/\/www.mivam.com\/wp-content\/uploads\/2019\/02\/flexibel-2-in-1-800x569.png 800w, https:\/\/www.mivam.com\/wp-content\/uploads\/2019\/02\/flexibel-2-in-1-600x427.png 600w\" sizes=\"(max-width: 900px) 100vw, 900px\" \/><\/a><\/p>\n<h2>Ostanite prilagodljivi \u2013 dva invalidska vozi\u010dka v enem!<\/h2>\n<p>\u010ce situacija to zahteva, lahko e-fix enostavno premikate tudi ro\u010dno: pogonska kolesa odklopite z ro\u010dajem in invalidski vozi\u010dek lahko potiskate ro\u010dno kot obi\u010dajno \u2013 bodisi z uporabo potisnih obro\u010dev bodisi s pomo\u010djo spremljevalca. Ro\u010dna kolesa se obi\u010dajno \u0161e vedno lahko uporabljajo. [\/vc_column_text][\/vc_column][vc_column width=&#8221;1\/2&#8243;][vc_column_text]<a href=\"https:\/\/www.mivam.com\/wp-content\/uploads\/2019\/02\/platzsparend_01.png\"><img decoding=\"async\" class=\"aligncenter size-full wp-image-7878\" src=\"https:\/\/www.mivam.com\/wp-content\/uploads\/2019\/02\/platzsparend_01.png\" alt=\"\" width=\"900\" height=\"640\" srcset=\"https:\/\/www.mivam.com\/wp-content\/uploads\/2019\/02\/platzsparend_01.png 900w, https:\/\/www.mivam.com\/wp-content\/uploads\/2019\/02\/platzsparend_01-300x213.png 300w, https:\/\/www.mivam.com\/wp-content\/uploads\/2019\/02\/platzsparend_01-768x546.png 768w, https:\/\/www.mivam.com\/wp-content\/uploads\/2019\/02\/platzsparend_01-800x569.png 800w, https:\/\/www.mivam.com\/wp-content\/uploads\/2019\/02\/platzsparend_01-600x427.png 600w\" sizes=\"(max-width: 900px) 100vw, 900px\" \/><\/a><\/p>\n<h2>Zavzame malo prostora \u2013 preprosto ga vzemite s seboj kamor koli greste.<\/h2>\n<p>Komponente lahkega in kompaktnega dodatnega pogona je mogo\u010de hitro odstraniti z invalidskega vozi\u010dka brez orodja. Vse je hitro in enostavno razporejeno. Tudi v najmanj\u0161ih prtlja\u017enikih.[\/vc_column_text][\/vc_column][\/vc_row][vc_row][vc_column width=&#8221;1\/2&#8243;][vc_column_text]<\/p>\n<p style=\"text-align: left\"><a href=\"https:\/\/www.mivam.com\/wp-content\/uploads\/2019\/02\/alber_zusatzantrieb_efix_01.jpg\"><img decoding=\"async\" class=\"size-full wp-image-7880 alignleft\" src=\"https:\/\/www.mivam.com\/wp-content\/uploads\/2019\/02\/alber_zusatzantrieb_efix_01.jpg\" alt=\"\" width=\"555\" height=\"416\" srcset=\"https:\/\/www.mivam.com\/wp-content\/uploads\/2019\/02\/alber_zusatzantrieb_efix_01.jpg 555w, https:\/\/www.mivam.com\/wp-content\/uploads\/2019\/02\/alber_zusatzantrieb_efix_01-300x225.jpg 300w\" sizes=\"(max-width: 555px) 100vw, 555px\" \/><\/a><\/p>\n<div class=\"columns small-12 medium-6\">\n<h2>\u017delim ostati neodvisen \u2013 e-fix mi to omogo\u010da<\/h2>\n<div>\n<p>Za ve\u010dino ljudi je odhod na prosto in u\u017eivanje v vsakdanjem \u017eivljenju nekaj povsem naravnega. Kaj pa, \u010de zaradi bolezni ali starosti ne morete ve\u010d zapustiti svojega stanovanja brez pomo\u010di? Koristen pomo\u010dnik je elektri\u010dni dodatek e-fix, ki va\u0161 invalidski vozi\u010dek spremeni v majhen in lahek elektri\u010dni invalidski vozi\u010dek. Tako lahko samostojno premagujete ve\u010dje razdalje in se spopadate s klan\u010dinami brez stresa ali zunanje pomo\u010di.<\/p>\n<\/div>\n<\/div>\n<p>[\/vc_column_text][\/vc_column][vc_column width=&#8221;1\/2&#8243;][vc_column_text]<a href=\"https:\/\/www.mivam.com\/wp-content\/uploads\/2019\/02\/alber_zusatzantrieb_efix_02.jpg\"><img decoding=\"async\" class=\"size-full wp-image-7882 alignright\" src=\"https:\/\/www.mivam.com\/wp-content\/uploads\/2019\/02\/alber_zusatzantrieb_efix_02.jpg\" alt=\"\" width=\"555\" height=\"416\" srcset=\"https:\/\/www.mivam.com\/wp-content\/uploads\/2019\/02\/alber_zusatzantrieb_efix_02.jpg 555w, https:\/\/www.mivam.com\/wp-content\/uploads\/2019\/02\/alber_zusatzantrieb_efix_02-300x225.jpg 300w\" sizes=\"(max-width: 555px) 100vw, 555px\" \/><\/a><\/p>\n<div class=\"columns small-12 medium-6 medium-order-1\">\n<h2>\u0160e vedno sem neodvisen zaradi e-fixa<\/h2>\n<div>\n<p>Vsi si \u017eelimo imeti nadzor nad svojim \u017eivljenjem \u010dim dlje. Oprema, kot je dodatni pogon e-fix, vam lahko pri tem pomaga. Dodatni pogon, ki je odli\u010den v vseh okoli\u0161\u010dinah, je v veliko pomo\u010d v vsakdanjem \u017eivljenju. Z e-fixom je va\u0161 invalidski vozi\u010dek neverjetno enostaven za upravljanje \u2013 takoj se ga boste nau\u010dili obvladati!<br \/>\nZmogljiva pogonska kolesa e-fixa so odli\u010dna tudi za uporabo na prostem. Sprehodi s partnerjem ali prijatelji, sprehod po mestu \u2013 z e-fixom lahko po\u010dnete vse to in \u0161e ve\u010d. Hitrost se z enostavnim oprijemnim gumbom nastavi med 0,5 in 6 km\/h. Praviloma velja, da po\u010dasneje ko vozite, hitreje se invalidski vozi\u010dek odziva. Vi krmilite, e-fix se odziva!<\/p>\n<\/div>\n<\/div>\n<p>[\/vc_column_text][\/vc_column][\/vc_row][vc_row][vc_column width=&#8221;1\/2&#8243;][vc_column_text]<a href=\"https:\/\/www-alber-de.translate.goog\/?_x_tr_sl=en&amp;_x_tr_tl=sl&amp;_x_tr_hl=sl&amp;_x_tr_pto=wapp&amp;_x_tr_hist=true#zubehoer\"><img decoding=\"async\" class=\"size-full wp-image-7884 alignright\" src=\"https:\/\/www.mivam.com\/wp-content\/uploads\/2019\/02\/alber_zubehoer_kippstuetzen_schwarz_01.jpg\" alt=\"\" width=\"555\" height=\"416\" srcset=\"https:\/\/www.mivam.com\/wp-content\/uploads\/2019\/02\/alber_zubehoer_kippstuetzen_schwarz_01.jpg 555w, https:\/\/www.mivam.com\/wp-content\/uploads\/2019\/02\/alber_zubehoer_kippstuetzen_schwarz_01-300x225.jpg 300w\" sizes=\"(max-width: 555px) 100vw, 555px\" \/><\/a><\/p>\n<div class=\"columns small-12 medium-6 medium-order-1\">\n<h2>Za\u0161\u010dita pred prevra\u010danjem z vrtenjem in funkcijo dvigovanja<\/h2>\n<div>\n<p>Za\u0161\u010dita pred prevra\u010danjem je dobavljiva v parih. Z na\u0161o za\u0161\u010dito pred prevra\u010danjem zagotavljamo skladnost z nem\u0161kim zakonom o medicinskih pripomo\u010dkih.<\/p>\n<\/div>\n<div>\n<ul>\n<li>e-fix za\u0161\u010dita pred prevra\u010danjem z vrtenjem in funkcijo dvigovanja<\/li>\n<li>Odstranljivo s pomo\u010djo naprave za hitro sprostitev<\/li>\n<li>Vi\u0161ino in dol\u017eino je mogo\u010de nastaviti<\/li>\n<li>Z avtomatsko funkcijo vrtenja za prevoz robnikov in pragov<\/li>\n<li>Funkcija dvigovanja za enostavno odstranitev pogonskih koles<\/li>\n<li>Kliknite na sliko za pregled ve\u010d vrst dodatkov<\/li>\n<\/ul>\n<\/div>\n<\/div>\n<p>[\/vc_column_text][\/vc_column][vc_column width=&#8221;1\/2&#8243;]\r\n<div class=\"file-wrap \" id=\"\">\r\n\t\t\t\t\t<a href=\"https:\/\/www.mivam.com\/wp-content\/uploads\/2019\/02\/alber_prospekt_e-fix_e35_en.pdf\" target=\"_blank\" class=\"file-dl-btn\">\t\r\n\t\t\t\t\t\t<img decoding=\"async\" src=\"https:\/\/www.mivam.com\/wp-content\/uploads\/2019\/02\/screenshot-2025-06-19-040552-784x1024.png\" alt=\"BRO\u0160URA E-FIX\" \/>\r\n\t\t\t\t\t\t<span>BRO\u0160URA E-FIX<\/span>\r\n\t\t\t\t\t<\/a>\r\n\t\t\t\t<\/div>\r\n       \r\n                \n\t\t\t\t<div class=\"file-wrap \" id=\"\">\n\t\t\t\t\t<a href=\"https:\/\/www.mivam.com\/wp-content\/uploads\/2019\/02\/halterungen_alber_202103_01.xlsx\" target=\"_blank\" class=\"file-dl-btn\">\t\n\t\t\t\t\t\tKOMPATIBILNOST Z VOZI\u010cKI.vnd.openxmlformats-officedocument.spreadsheetml.sheet 825,31 KB\t\t\t\t\t<div class=\"file-icon-wrapper\">\n\t\t\t\t\t\t<svg width=\"19\" height=\"20\" viewBox=\"0 0 19 20\" fill=\"none\" xmlns=\"http:\/\/www.w3.org\/2000\/svg\">\n<path d=\"M9.55818 14.9683L4.93488 9.96001L5.85875 8.94249L8.9048 12.2413V0H10.2116V12.2413L13.2563 8.94391L14.1815 9.96001L9.55818 14.9683ZM2.5213 19.8125C1.92019 19.8125 1.4184 19.5945 1.01592 19.1586C0.612564 18.7218 0.410889 18.1779 0.410889 17.5269V14.098H1.71764V17.5269C1.71764 17.7439 1.80128 17.9435 1.96854 18.1256C2.13668 18.3067 2.32093 18.3973 2.5213 18.3973H16.5951C16.7954 18.3973 16.9797 18.3067 17.1478 18.1256C17.3151 17.9435 17.3987 17.7439 17.3987 17.5269V14.098H18.7055V17.5269C18.7055 18.1779 18.5042 18.7214 18.1017 19.1572C17.6984 19.594 17.1962 19.8125 16.5951 19.8125H2.5213Z\" fill=\"white\"\/>\n<\/svg>\t\t\t\t\t<\/div>\n\t\t\t\t\t<\/a>\n\t\t\t\t<\/div>\n        \n        [\/vc_column][\/vc_row][vc_row][vc_column]\r\n        <div id=\"1750298453495-24be3f8a-793d\" class=\"ns-yt-video  standard \" data-videos='{\"videos\":[{\"video_id\":\"fa-zpJjRC8Q\",\"image\":\"\"}],\"type\":\"standard\"}'>\r\n                            <div class=\"ns-yt-wrapper\">\r\n                    <div id=\"fa-zpJjRC8Q-1750298453495-24be3f8a-793d\" class=\"ns-yt-youtube\" data-embed=\"fa-zpJjRC8Q\">\r\n                        <div class=\"ns-yt-play-button\"><\/div>\r\n                    <\/div>\r\n                <\/div>\r\n                    <\/div>\r\n\r\n        [\/vc_column][\/vc_row]<\/p>\n<\/div>","protected":false},"excerpt":{"rendered":"<p>S svojim dodatnim pogonom za E-FIX ro\u010dni vozi\u010dek spremenite v kompaktni elektri\u010dni invalidski vozi\u010dek s komandno ro\u010dico. Pogon se lahko individualno programira in se zato lahko popolnoma prilagodi va\u0161im osebnim potrebam. Elektri\u010dni dodatni pogon je preprost na\u010din za pove\u010danje va\u0161e svobode gibanja. E-Fix vam omogo\u010da tudi ve\u010djo razdaljo in brezskrbno upravljanje pobo\u010dij.<\/p>\n","protected":false},"featured_media":1189,"comment_status":"closed","ping_status":"closed","template":"","meta":[],"product_brand":[],"product_cat":[222,54],"product_tag":[799,881,884,882,883,878,879,880,49,800,251],"class_list":{"0":"post-1188","1":"product","2":"type-product","3":"status-publish","4":"has-post-thumbnail","6":"product_cat-invalidski-vozicki-in-skuterji","7":"product_cat-elektricni-pogon-za-invalidske-vozicke","8":"product_tag-alber","9":"product_tag-dodatni-pogon","10":"product_tag-dodatni-pogon-komanda","11":"product_tag-dodatni-pogon-za-invalidski-vozicek","12":"product_tag-dodatni-pogon-za-rocni-vozicek","13":"product_tag-e-fix","14":"product_tag-e-fix-e35","15":"product_tag-e35","16":"product_tag-elektromotorni-pogon-za-invalidske-vozicke","17":"product_tag-invacare","18":"product_tag-rocni-vozicek","20":"first","21":"onbackorder","22":"taxable","23":"shipping-taxable","24":"product-type-simple"},"yoast_head":"<!-- This site is optimized with the Yoast SEO plugin v24.0 - https:\/\/yoast.com\/wordpress\/plugins\/seo\/ -->\n<title>E-fix ALBER - elektromotorni pogon za invalidske vozi\u010dke - Mi Vam<\/title>\n<meta name=\"description\" content=\"S svojim dodatnim pogonom za E-FIX ro\u010dni vozi\u010dek spremenite v kompaktni elektri\u010dni invalidski vozi\u010dek s komandno ro\u010dico. Pogon se lahko individualno programira in se zato lahko popolnoma prilagodi va\u0161im osebnim potrebam. Elektri\u010dni dodatni pogon je preprost na\u010din za pove\u010danje va\u0161e svobode gibanja. E-Fix vam omogo\u010da tudi ve\u010djo razdaljo in brezskrbno upravljanje pobo\u010dij.\" \/>\n<meta name=\"robots\" content=\"index, follow, max-snippet:-1, max-image-preview:large, max-video-preview:-1\" \/>\n<link rel=\"canonical\" href=\"https:\/\/www.mivam.com\/izdelek\/e-fix-alber-elektromotorni-pogon-za-invalidske-vozicke\/\" \/>\n<meta property=\"og:locale\" content=\"en_US\" \/>\n<meta property=\"og:type\" content=\"article\" \/>\n<meta property=\"og:title\" content=\"E-fix ALBER - elektromotorni pogon za invalidske vozi\u010dke - Mi Vam\" \/>\n<meta property=\"og:description\" content=\"S svojim dodatnim pogonom za E-FIX ro\u010dni vozi\u010dek spremenite v kompaktni elektri\u010dni invalidski vozi\u010dek s komandno ro\u010dico. Pogon se lahko individualno programira in se zato lahko popolnoma prilagodi va\u0161im osebnim potrebam. Elektri\u010dni dodatni pogon je preprost na\u010din za pove\u010danje va\u0161e svobode gibanja. E-Fix vam omogo\u010da tudi ve\u010djo razdaljo in brezskrbno upravljanje pobo\u010dij.\" \/>\n<meta property=\"og:url\" content=\"https:\/\/www.mivam.com\/izdelek\/e-fix-alber-elektromotorni-pogon-za-invalidske-vozicke\/\" \/>\n<meta property=\"og:site_name\" content=\"Mi Vam\" \/>\n<meta property=\"article:modified_time\" content=\"2025-06-19T02:09:52+00:00\" \/>\n<meta property=\"og:image\" content=\"https:\/\/www.mivam.com\/wp-content\/uploads\/2019\/02\/alber-efix-1.jpg\" \/>\n\t<meta property=\"og:image:width\" content=\"1000\" \/>\n\t<meta property=\"og:image:height\" content=\"742\" \/>\n\t<meta property=\"og:image:type\" content=\"image\/jpeg\" \/>\n<meta name=\"twitter:card\" content=\"summary_large_image\" \/>\n<meta name=\"twitter:label1\" content=\"Est. reading time\" \/>\n\t<meta name=\"twitter:data1\" content=\"5 minutes\" \/>\n<script type=\"application\/ld+json\" class=\"yoast-schema-graph\">{\"@context\":\"https:\/\/schema.org\",\"@graph\":[{\"@type\":\"WebPage\",\"@id\":\"https:\/\/www.mivam.com\/izdelek\/e-fix-alber-elektromotorni-pogon-za-invalidske-vozicke\/\",\"url\":\"https:\/\/www.mivam.com\/izdelek\/e-fix-alber-elektromotorni-pogon-za-invalidske-vozicke\/\",\"name\":\"E-fix ALBER - elektromotorni pogon za invalidske vozi\u010dke - Mi Vam\",\"isPartOf\":{\"@id\":\"https:\/\/www.mivam.com\/#website\"},\"primaryImageOfPage\":{\"@id\":\"https:\/\/www.mivam.com\/izdelek\/e-fix-alber-elektromotorni-pogon-za-invalidske-vozicke\/#primaryimage\"},\"image\":{\"@id\":\"https:\/\/www.mivam.com\/izdelek\/e-fix-alber-elektromotorni-pogon-za-invalidske-vozicke\/#primaryimage\"},\"thumbnailUrl\":\"https:\/\/www.mivam.com\/wp-content\/uploads\/2019\/02\/alber-efix-1.jpg\",\"datePublished\":\"2019-02-12T11:57:28+00:00\",\"dateModified\":\"2025-06-19T02:09:52+00:00\",\"description\":\"S svojim dodatnim pogonom za E-FIX ro\u010dni vozi\u010dek spremenite v kompaktni elektri\u010dni invalidski vozi\u010dek s komandno ro\u010dico. Pogon se lahko individualno programira in se zato lahko popolnoma prilagodi va\u0161im osebnim potrebam. Elektri\u010dni dodatni pogon je preprost na\u010din za pove\u010danje va\u0161e svobode gibanja. E-Fix vam omogo\u010da tudi ve\u010djo razdaljo in brezskrbno upravljanje pobo\u010dij.\",\"breadcrumb\":{\"@id\":\"https:\/\/www.mivam.com\/izdelek\/e-fix-alber-elektromotorni-pogon-za-invalidske-vozicke\/#breadcrumb\"},\"inLanguage\":\"en-US\",\"potentialAction\":[{\"@type\":\"ReadAction\",\"target\":[\"https:\/\/www.mivam.com\/izdelek\/e-fix-alber-elektromotorni-pogon-za-invalidske-vozicke\/\"]}]},{\"@type\":\"ImageObject\",\"inLanguage\":\"en-US\",\"@id\":\"https:\/\/www.mivam.com\/izdelek\/e-fix-alber-elektromotorni-pogon-za-invalidske-vozicke\/#primaryimage\",\"url\":\"https:\/\/www.mivam.com\/wp-content\/uploads\/2019\/02\/alber-efix-1.jpg\",\"contentUrl\":\"https:\/\/www.mivam.com\/wp-content\/uploads\/2019\/02\/alber-efix-1.jpg\",\"width\":1000,\"height\":742},{\"@type\":\"BreadcrumbList\",\"@id\":\"https:\/\/www.mivam.com\/izdelek\/e-fix-alber-elektromotorni-pogon-za-invalidske-vozicke\/#breadcrumb\",\"itemListElement\":[{\"@type\":\"ListItem\",\"position\":1,\"name\":\"Domov\",\"item\":\"https:\/\/www.mivam.com\/\"},{\"@type\":\"ListItem\",\"position\":2,\"name\":\"Shop\",\"item\":\"https:\/\/www.mivam.com\/en\/shop\/\"},{\"@type\":\"ListItem\",\"position\":3,\"name\":\"Invalidski vozi\u010dki in skuterji\",\"item\":\"https:\/\/www.mivam.com\/kategorija-izdelka\/invalidski-vozicki-in-skuterji\/\"},{\"@type\":\"ListItem\",\"position\":4,\"name\":\"Elektri\u010dni pogon za invalidske vozi\u010dke\",\"item\":\"https:\/\/www.mivam.com\/kategorija-izdelka\/invalidski-vozicki-in-skuterji\/elektricni-pogon-za-invalidske-vozicke\/\"},{\"@type\":\"ListItem\",\"position\":5,\"name\":\"E-fix ALBER &#8211; elektromotorni pogon za invalidske vozi\u010dke\"}]},{\"@type\":\"WebSite\",\"@id\":\"https:\/\/www.mivam.com\/#website\",\"url\":\"https:\/\/www.mivam.com\/\",\"name\":\"Mi Vam\",\"description\":\"Medicinski pripomo\u010dki in re\u0161itve za manj odvisno \u017eivljenje.\",\"potentialAction\":[{\"@type\":\"SearchAction\",\"target\":{\"@type\":\"EntryPoint\",\"urlTemplate\":\"https:\/\/www.mivam.com\/?s={search_term_string}\"},\"query-input\":{\"@type\":\"PropertyValueSpecification\",\"valueRequired\":true,\"valueName\":\"search_term_string\"}}],\"inLanguage\":\"en-US\"}]}<\/script>\n<!-- \/ Yoast SEO plugin. -->","yoast_head_json":{"title":"E-fix ALBER - elektromotorni pogon za invalidske vozi\u010dke - Mi Vam","description":"S svojim dodatnim pogonom za E-FIX ro\u010dni vozi\u010dek spremenite v kompaktni elektri\u010dni invalidski vozi\u010dek s komandno ro\u010dico. Pogon se lahko individualno programira in se zato lahko popolnoma prilagodi va\u0161im osebnim potrebam. Elektri\u010dni dodatni pogon je preprost na\u010din za pove\u010danje va\u0161e svobode gibanja. E-Fix vam omogo\u010da tudi ve\u010djo razdaljo in brezskrbno upravljanje pobo\u010dij.","robots":{"index":"index","follow":"follow","max-snippet":"max-snippet:-1","max-image-preview":"max-image-preview:large","max-video-preview":"max-video-preview:-1"},"canonical":"https:\/\/www.mivam.com\/izdelek\/e-fix-alber-elektromotorni-pogon-za-invalidske-vozicke\/","og_locale":"en_US","og_type":"article","og_title":"E-fix ALBER - elektromotorni pogon za invalidske vozi\u010dke - Mi Vam","og_description":"S svojim dodatnim pogonom za E-FIX ro\u010dni vozi\u010dek spremenite v kompaktni elektri\u010dni invalidski vozi\u010dek s komandno ro\u010dico. Pogon se lahko individualno programira in se zato lahko popolnoma prilagodi va\u0161im osebnim potrebam. Elektri\u010dni dodatni pogon je preprost na\u010din za pove\u010danje va\u0161e svobode gibanja. E-Fix vam omogo\u010da tudi ve\u010djo razdaljo in brezskrbno upravljanje pobo\u010dij.","og_url":"https:\/\/www.mivam.com\/izdelek\/e-fix-alber-elektromotorni-pogon-za-invalidske-vozicke\/","og_site_name":"Mi Vam","article_modified_time":"2025-06-19T02:09:52+00:00","og_image":[{"width":1000,"height":742,"url":"https:\/\/www.mivam.com\/wp-content\/uploads\/2019\/02\/alber-efix-1.jpg","type":"image\/jpeg"}],"twitter_card":"summary_large_image","twitter_misc":{"Est. reading time":"5 minutes"},"schema":{"@context":"https:\/\/schema.org","@graph":[{"@type":"WebPage","@id":"https:\/\/www.mivam.com\/izdelek\/e-fix-alber-elektromotorni-pogon-za-invalidske-vozicke\/","url":"https:\/\/www.mivam.com\/izdelek\/e-fix-alber-elektromotorni-pogon-za-invalidske-vozicke\/","name":"E-fix ALBER - elektromotorni pogon za invalidske vozi\u010dke - Mi Vam","isPartOf":{"@id":"https:\/\/www.mivam.com\/#website"},"primaryImageOfPage":{"@id":"https:\/\/www.mivam.com\/izdelek\/e-fix-alber-elektromotorni-pogon-za-invalidske-vozicke\/#primaryimage"},"image":{"@id":"https:\/\/www.mivam.com\/izdelek\/e-fix-alber-elektromotorni-pogon-za-invalidske-vozicke\/#primaryimage"},"thumbnailUrl":"https:\/\/www.mivam.com\/wp-content\/uploads\/2019\/02\/alber-efix-1.jpg","datePublished":"2019-02-12T11:57:28+00:00","dateModified":"2025-06-19T02:09:52+00:00","description":"S svojim dodatnim pogonom za E-FIX ro\u010dni vozi\u010dek spremenite v kompaktni elektri\u010dni invalidski vozi\u010dek s komandno ro\u010dico. Pogon se lahko individualno programira in se zato lahko popolnoma prilagodi va\u0161im osebnim potrebam. Elektri\u010dni dodatni pogon je preprost na\u010din za pove\u010danje va\u0161e svobode gibanja. E-Fix vam omogo\u010da tudi ve\u010djo razdaljo in brezskrbno upravljanje pobo\u010dij.","breadcrumb":{"@id":"https:\/\/www.mivam.com\/izdelek\/e-fix-alber-elektromotorni-pogon-za-invalidske-vozicke\/#breadcrumb"},"inLanguage":"en-US","potentialAction":[{"@type":"ReadAction","target":["https:\/\/www.mivam.com\/izdelek\/e-fix-alber-elektromotorni-pogon-za-invalidske-vozicke\/"]}]},{"@type":"ImageObject","inLanguage":"en-US","@id":"https:\/\/www.mivam.com\/izdelek\/e-fix-alber-elektromotorni-pogon-za-invalidske-vozicke\/#primaryimage","url":"https:\/\/www.mivam.com\/wp-content\/uploads\/2019\/02\/alber-efix-1.jpg","contentUrl":"https:\/\/www.mivam.com\/wp-content\/uploads\/2019\/02\/alber-efix-1.jpg","width":1000,"height":742},{"@type":"BreadcrumbList","@id":"https:\/\/www.mivam.com\/izdelek\/e-fix-alber-elektromotorni-pogon-za-invalidske-vozicke\/#breadcrumb","itemListElement":[{"@type":"ListItem","position":1,"name":"Domov","item":"https:\/\/www.mivam.com\/"},{"@type":"ListItem","position":2,"name":"Shop","item":"https:\/\/www.mivam.com\/en\/shop\/"},{"@type":"ListItem","position":3,"name":"Invalidski vozi\u010dki in skuterji","item":"https:\/\/www.mivam.com\/kategorija-izdelka\/invalidski-vozicki-in-skuterji\/"},{"@type":"ListItem","position":4,"name":"Elektri\u010dni pogon za invalidske vozi\u010dke","item":"https:\/\/www.mivam.com\/kategorija-izdelka\/invalidski-vozicki-in-skuterji\/elektricni-pogon-za-invalidske-vozicke\/"},{"@type":"ListItem","position":5,"name":"E-fix ALBER &#8211; elektromotorni pogon za invalidske vozi\u010dke"}]},{"@type":"WebSite","@id":"https:\/\/www.mivam.com\/#website","url":"https:\/\/www.mivam.com\/","name":"Mi Vam","description":"Medicinski pripomo\u010dki in re\u0161itve za manj odvisno \u017eivljenje.","potentialAction":[{"@type":"SearchAction","target":{"@type":"EntryPoint","urlTemplate":"https:\/\/www.mivam.com\/?s={search_term_string}"},"query-input":{"@type":"PropertyValueSpecification","valueRequired":true,"valueName":"search_term_string"}}],"inLanguage":"en-US"}]}},"_links":{"self":[{"href":"https:\/\/www.mivam.com\/en\/wp-json\/wp\/v2\/product\/1188","targetHints":{"allow":["GET"]}}],"collection":[{"href":"https:\/\/www.mivam.com\/en\/wp-json\/wp\/v2\/product"}],"about":[{"href":"https:\/\/www.mivam.com\/en\/wp-json\/wp\/v2\/types\/product"}],"replies":[{"embeddable":true,"href":"https:\/\/www.mivam.com\/en\/wp-json\/wp\/v2\/comments?post=1188"}],"wp:featuredmedia":[{"embeddable":true,"href":"https:\/\/www.mivam.com\/en\/wp-json\/wp\/v2\/media\/1189"}],"wp:attachment":[{"href":"https:\/\/www.mivam.com\/en\/wp-json\/wp\/v2\/media?parent=1188"}],"wp:term":[{"taxonomy":"product_brand","embeddable":true,"href":"https:\/\/www.mivam.com\/en\/wp-json\/wp\/v2\/product_brand?post=1188"},{"taxonomy":"product_cat","embeddable":true,"href":"https:\/\/www.mivam.com\/en\/wp-json\/wp\/v2\/product_cat?post=1188"},{"taxonomy":"product_tag","embeddable":true,"href":"https:\/\/www.mivam.com\/en\/wp-json\/wp\/v2\/product_tag?post=1188"}],"curies":[{"name":"wp","href":"https:\/\/api.w.org\/{rel}","templated":true}]}}