{"id":1174,"date":"2019-02-12T12:30:14","date_gmt":"2019-02-12T11:30:14","guid":{"rendered":"https:\/\/www.mivam.com\/?post_type=product&#038;p=1174"},"modified":"2025-06-19T04:32:03","modified_gmt":"2025-06-19T02:32:03","slug":"e-motion-alber-elektromotorni-pogon-za-invalidske-vozicke","status":"publish","type":"product","link":"https:\/\/www.mivam.com\/en\/izdelek\/e-motion-alber-elektromotorni-pogon-za-invalidske-vozicke\/","title":{"rendered":"E-motion ALBER &#8211; elektromotorni pogon za invalidske vozi\u010dke"},"content":{"rendered":"<div class=\"wpb-content-wrapper\"><p>[vc_row][vc_column][vc_column_text]Z elektromotornim pomo\u017enim pogonom e-motion boste mo\u010dno izbolj\u0161ali svojo neodvisnost in sposobnost gibanja. Ob pravilni uporabi Vam bo kmalu postal nepogre\u0161ljiv in Vam nudil popolnoma nepri\u010dakovane mo\u017enosti. Namestite ga na invalidski vozi\u010dek in dobili boste pomo\u010d pri potiskanju vozi\u010dka, ki vam bo vedno pri roki.<\/p>\n<p><strong>Nekaj lastnosti in prednosti:<\/strong><\/p>\n<ul>\n<li>Popolnoma brezsli\u0161na tehnologija, motorja brez zobnikov in brez \u0161\u010detk.<\/li>\n<li>Vzdr\u017eevanje skoraj ni potrebno.<\/li>\n<li>Raven mo\u010di, ki jo potrebujete za dodatno potiskanje vozi\u010dka, dolo\u010dite sami.<\/li>\n<li>Vrhunska krmilna elektronika, ki nudi visoko ugodje ob poganjanju vozi\u010dka.<\/li>\n<li>Vo\u017enja po vzpetini navzdol je lahka in varna, ker je pogon opremljen z elektri\u010dnima zavorama.<\/li>\n<li>Pomo\u017eni pogon je mogo\u010de namestiti na ve\u010dino vozi\u010dkov na ro\u010dni pogon z oznako CE in 24\u201d pogonskima kolesoma.<\/li>\n<li>Sestavljiva zgradba omogo\u010da lahek in hiter prevoz.<\/li>\n<li>Prijazen za uporabo vsled lahko dostopnih stikal za vklop in izklop, nastavitve jakosti mo\u010di pomo\u010di, odstranitev baterij in namestitev oziroma odstranitev koles in namestitev obi\u010dajnih koles.<\/li>\n<\/ul>\n<p><iframe title=\"Alber e-motion M25 Power Wheels for wheelchairs\" width=\"640\" height=\"360\" src=\"https:\/\/www.youtube.com\/embed\/JsT80WPKBUs?feature=oembed\" frameborder=\"0\" allow=\"accelerometer; autoplay; clipboard-write; encrypted-media; gyroscope; picture-in-picture; web-share\" referrerpolicy=\"strict-origin-when-cross-origin\" allowfullscreen><\/iframe><\/p>\n<p>[\/vc_column_text][\/vc_column][\/vc_row][vc_row][vc_column][vc_column_text]<\/p>\n<section id=\"c6961\" class=\"text-element followingteaser \">\n<div class=\"row \">\n<div class=\"columns small-12 medium-10 end\">\n<h2>e-motion \u2013 dodatek, ki se aktivira s potisnim obro\u010dem in razbremeni<\/h2>\n<p>E-motion zdru\u017euje aktivno mobilnost s terapevtskimi koristmi. Tudi vozniki invalidskih vozi\u010dkov z omejeno mo\u010djo rok in telesa si lahko z e-motion povrnejo mobilnost. Elektromotorji, ki so vgrajeni v pesta koles, u\u010dinkovito podpirajo uporabnika invalidskega vozi\u010dka, ki se mora za premagovanje ve\u010djih razdalj ali klan\u010din veliko manj truditi.<\/p>\n<p>&nbsp;<\/p>\n<\/div>\n<\/div>\n<\/section>\n<p>[\/vc_column_text][\/vc_column][\/vc_row][vc_row][vc_column width=&#8221;1\/2&#8243;][vc_column_text]<\/p>\n<section id=\"c6961\" class=\"text-element followingteaser \">\n<div class=\"row \">\n<div class=\"columns small-12 medium-10 end\">\n<p><a href=\"https:\/\/www.mivam.com\/wp-content\/uploads\/2019\/02\/rs19840_emotion_be117-scr-1.jpg\"><img decoding=\"async\" class=\"size-full wp-image-7931 alignleft\" src=\"https:\/\/www.mivam.com\/wp-content\/uploads\/2019\/02\/rs19840_emotion_be117-scr-1.jpg\" alt=\"\" width=\"555\" height=\"371\" srcset=\"https:\/\/www.mivam.com\/wp-content\/uploads\/2019\/02\/rs19840_emotion_be117-scr-1.jpg 555w, https:\/\/www.mivam.com\/wp-content\/uploads\/2019\/02\/rs19840_emotion_be117-scr-1-300x201.jpg 300w\" sizes=\"(max-width: 555px) 100vw, 555px\" \/><\/a><\/p>\n<div class=\"columns small-12 medium-6\">\n<h2>La\u017eje potiskanje v vsakdanjem \u017eivljenju<\/h2>\n<p>Obvladovanje vsakdanjega \u017eivljenja od voznikov invalidskih vozi\u010dkov pogosto zahteva precej ve\u010d fizi\u010dnega napora. Ta napor v\u010dasih postane skoraj nevzdr\u017een z napredovanjem starosti ali boleznijo. Elektri\u010dni dodatni pogon e-motion je idealna re\u0161itev za obvladovanje tega izziva: vsak impulz na potisnem obro\u010du zazna zelo ob\u010dutljiv senzor in ga pretvori v popolno koli\u010dino elektri\u010dne pomo\u010di. Posledi\u010dno je pogon ro\u010dnega invalidskega vozi\u010dka veliko la\u017eji.<\/p>\n<\/div>\n<\/div>\n<\/div>\n<\/section>\n<p>[\/vc_column_text][\/vc_column][vc_column width=&#8221;1\/2&#8243;][vc_column_text]<a href=\"https:\/\/www.mivam.com\/wp-content\/uploads\/2019\/02\/rs19807_emotion_be84-scr-1.jpg\"><img decoding=\"async\" class=\"size-full wp-image-7933 alignright\" src=\"https:\/\/www.mivam.com\/wp-content\/uploads\/2019\/02\/rs19807_emotion_be84-scr-1.jpg\" alt=\"\" width=\"555\" height=\"371\" srcset=\"https:\/\/www.mivam.com\/wp-content\/uploads\/2019\/02\/rs19807_emotion_be84-scr-1.jpg 555w, https:\/\/www.mivam.com\/wp-content\/uploads\/2019\/02\/rs19807_emotion_be84-scr-1-300x201.jpg 300w\" sizes=\"(max-width: 555px) 100vw, 555px\" \/><\/a><\/p>\n<div class=\"columns small-12 medium-6 medium-order-1\">\n<h2>Ohranite kondicijo in ohranite svoje sklepe<\/h2>\n<p>Sedenje na invalidskem vozi\u010dku povzro\u010da tudi razli\u010dne specifi\u010dne te\u017eave za telo. Da bi \u010dim dlje ohranili telesno pripravljenost, je pomembno, da namesto elektri\u010dnega invalidskega vozi\u010dka uporabljate ro\u010dni invalidski vozi\u010dek. E-motion ohranja uporabnike invalidskih vozi\u010dkov aktivne, pove\u010duje njihovo mobilnost in trenira njihovo vitalnost. Hkrati se obremenitev mi\u0161ic in sklepov zmanj\u0161a, kar jih \u0161\u010diti pred prezgodnjo obrabo.<\/p>\n<\/div>\n<p>[\/vc_column_text][\/vc_column][\/vc_row][vc_row][vc_column width=&#8221;1\/2&#8243;][vc_column_text]<a href=\"https:\/\/www.mivam.com\/wp-content\/uploads\/2019\/02\/rs24812_psx_20210421_164227-scr.jpeg\"><img decoding=\"async\" class=\"wp-image-7935 alignleft\" src=\"https:\/\/www.mivam.com\/wp-content\/uploads\/2019\/02\/rs24812_psx_20210421_164227-scr.jpeg\" alt=\"\" width=\"568\" height=\"427\" srcset=\"https:\/\/www.mivam.com\/wp-content\/uploads\/2019\/02\/rs24812_psx_20210421_164227-scr.jpeg 850w, https:\/\/www.mivam.com\/wp-content\/uploads\/2019\/02\/rs24812_psx_20210421_164227-scr-300x225.jpeg 300w, https:\/\/www.mivam.com\/wp-content\/uploads\/2019\/02\/rs24812_psx_20210421_164227-scr-768x576.jpeg 768w, https:\/\/www.mivam.com\/wp-content\/uploads\/2019\/02\/rs24812_psx_20210421_164227-scr-800x600.jpeg 800w, https:\/\/www.mivam.com\/wp-content\/uploads\/2019\/02\/rs24812_psx_20210421_164227-scr-600x450.jpeg 600w\" sizes=\"(max-width: 568px) 100vw, 568px\" \/><\/a><\/p>\n<h2><span class=\"\">Dva razli\u010dna na\u010dina vo\u017enje z e-motion DuoDrive \u2013 Izberite svojo izbiro<\/span><\/h2>\n<p>Z razli\u010dico e-motion \u00bbDuoDrive\u00ab lahko v na\u010dinu vo\u017enje s tempomatom prevozite dalj\u0161e razdalje brez uporabe obro\u010da. Preprosto nastavite hitrost s pomo\u010djo brez\u017ei\u010dne krmilne enote* in pogonska kolesa bodo opravila ostalo. Zdaj morate le \u0161e ohraniti smer in se nasloniti nazaj. Ta re\u0161itev vam ponuja dva razli\u010dna na\u010dina vo\u017enje, med katerima lahko kadar koli spontano preklapljate, odvisno od va\u0161ih potreb. Mimogrede, DuoDrive deluje tudi na klan\u010dinah do 10 % in zanesljivo vzdr\u017euje nastavljeno hitrost pri vo\u017enji navzdol.<\/p>\n<p>[\/vc_column_text][\/vc_column][vc_column width=&#8221;1\/2&#8243;][vc_column_text]<a href=\"https:\/\/www.mivam.com\/wp-content\/uploads\/2019\/02\/rs20079_emotion_be76-scr.jpg\"><img decoding=\"async\" class=\"size-full wp-image-7939 alignleft\" src=\"https:\/\/www.mivam.com\/wp-content\/uploads\/2019\/02\/rs20079_emotion_be76-scr.jpg\" alt=\"\" width=\"555\" height=\"416\" srcset=\"https:\/\/www.mivam.com\/wp-content\/uploads\/2019\/02\/rs20079_emotion_be76-scr.jpg 555w, https:\/\/www.mivam.com\/wp-content\/uploads\/2019\/02\/rs20079_emotion_be76-scr-300x225.jpg 300w\" sizes=\"(max-width: 555px) 100vw, 555px\" \/><\/a><a href=\"https:\/\/www-alber-de.translate.goog\/en\/products\/active-drives\/e-motion\/?_x_tr_sl=en&amp;_x_tr_tl=sl&amp;_x_tr_hl=sl&amp;_x_tr_pto=wapp#app\"><img decoding=\"async\" class=\"aligncenter wp-image-7937\" src=\"https:\/\/www.mivam.com\/wp-content\/uploads\/2019\/02\/rs20085_emotion_be115-scr.jpg\" alt=\"\" width=\"556\" height=\"417\" srcset=\"https:\/\/www.mivam.com\/wp-content\/uploads\/2019\/02\/rs20085_emotion_be115-scr.jpg 555w, https:\/\/www.mivam.com\/wp-content\/uploads\/2019\/02\/rs20085_emotion_be115-scr-300x225.jpg 300w\" sizes=\"(max-width: 556px) 100vw, 556px\" \/><\/a><\/p>\n<div class=\"teaser-text \">\n<div class=\"text-only-grey\">\n<h2 style=\"text-align: left\">Zavzame malo prostora \u2013 preprosto ga vzemite s seboj kamor koli greste.<\/h2>\n<p style=\"text-align: left\">Komponente lahkega in kompaktnega dodatnega pogona je mogo\u010de hitro odstraniti z invalidskega vozi\u010dka brez orodja. Vse je hitro in enostavno razporejeno. Tudi v najmanj\u0161ih prtlja\u017enikih.<\/p>\n<div class=\"text-only-grey\">\n<h2>Aplikacija za mobilnost e-motion<\/h2>\n<p>Pametni telefoni so postali sestavni del na\u0161ega vsakdanjega \u017eivljenja. Seveda tudi e-motion v celoti izkori\u0161\u010da prednosti te tehnologije. Z brezpla\u010dno aplikacijo e-motion Mobility imate na voljo ve\u010d prednastavljenih voznih profilov. Kliknite na sliko, da izvete ve\u010d.<\/p>\n<\/div>\n<\/div>\n<\/div>\n<p>[\/vc_column_text][\/vc_column][\/vc_row][vc_row][vc_column][vc_column_text]<\/p>\n<h1 style=\"text-align: center\">Takole deluje: e-motion v preprostih izrazih<\/h1>\n<p><iframe title=\"e-motion M25 | Power add-on drive for wheelchairs\" width=\"640\" height=\"360\" src=\"https:\/\/www.youtube.com\/embed\/1zj9ryFTXG0?feature=oembed\" frameborder=\"0\" allow=\"accelerometer; autoplay; clipboard-write; encrypted-media; gyroscope; picture-in-picture; web-share\" referrerpolicy=\"strict-origin-when-cross-origin\" allowfullscreen><\/iframe><\/p>\n<p>[\/vc_column_text][\/vc_column][\/vc_row][vc_row][vc_column][vc_column_text]<\/p>\n<h1 style=\"text-align: center\">e-motion DuoDrive | Uvod<\/h1>\n<p><iframe title=\"e-motion DuoDrive | Introduction\" width=\"640\" height=\"360\" src=\"https:\/\/www.youtube.com\/embed\/AudvtP9Sj3k?feature=oembed\" frameborder=\"0\" allow=\"accelerometer; autoplay; clipboard-write; encrypted-media; gyroscope; picture-in-picture; web-share\" referrerpolicy=\"strict-origin-when-cross-origin\" allowfullscreen><\/iframe><\/p>\n<p>[\/vc_column_text][\/vc_column][\/vc_row][vc_row][vc_column width=&#8221;1\/2&#8243;]\r\n<div class=\"file-wrap \" id=\"\">\r\n\t\t\t\t\t<a href=\"https:\/\/www.mivam.com\/wp-content\/uploads\/2019\/02\/alber_prospektflyer_e-motion_duodrive_en.pdf\" target=\"_blank\" class=\"file-dl-btn\">\t\r\n\t\t\t\t\t\t<img decoding=\"async\" src=\"https:\/\/www.mivam.com\/wp-content\/uploads\/2019\/02\/screenshot-2025-06-19-042334-722x1024.png\" alt=\"BRO\u0160URA DUO DRIVE\" \/>\r\n\t\t\t\t\t\t<span>BRO\u0160URA DUO DRIVE<\/span>\r\n\t\t\t\t\t<\/a>\r\n\t\t\t\t<\/div>\r\n       \r\n        [\/vc_column][vc_column width=&#8221;1\/2&#8243;]\r\n<div class=\"file-wrap \" id=\"\">\r\n\t\t\t\t\t<a href=\"https:\/\/www.mivam.com\/wp-content\/uploads\/2019\/02\/alber_prospekt_e-motion_m25_en.pdf\" target=\"_blank\" class=\"file-dl-btn\">\t\r\n\t\t\t\t\t\t<img decoding=\"async\" src=\"https:\/\/www.mivam.com\/wp-content\/uploads\/2019\/02\/screenshot-2025-06-19-042319-1024x723.png\" alt=\"BRO\u0160URA E-MOTION\" \/>\r\n\t\t\t\t\t\t<span>BRO\u0160URA E-MOTION<\/span>\r\n\t\t\t\t\t<\/a>\r\n\t\t\t\t<\/div>\r\n       \r\n        [\/vc_column][\/vc_row]<\/p>\n<\/div>","protected":false},"excerpt":{"rendered":"<p>Z elektromotornim pomo\u017enim pogonom e-motion boste mo\u010dno izbolj\u0161ali svojo neodvisnost in sposobnost gibanja. Ob pravilni uporabi Vam bo kmalu postal nepogre\u0161ljiv in Vam nudil popolnoma nepri\u010dakovane mo\u017enosti. Namestite ga na invalidski vozi\u010dek in dobili boste pomo\u010d pri potiskanju vozi\u010dka, ki vam bo vedno pri roki.<\/p>\n","protected":false},"featured_media":1176,"comment_status":"closed","ping_status":"closed","template":"","meta":[],"product_brand":[],"product_cat":[222,54],"product_tag":[891,799,885,117,804,49,800,45,888,887,886,889,890],"class_list":{"0":"post-1174","1":"product","2":"type-product","3":"status-publish","4":"has-post-thumbnail","6":"product_cat-invalidski-vozicki-in-skuterji","7":"product_cat-elektricni-pogon-za-invalidske-vozicke","8":"product_tag-891","9":"product_tag-alber","10":"product_tag-e-motion","11":"product_tag-elektromotorni","12":"product_tag-elektromotorni-pogon","13":"product_tag-elektromotorni-pogon-za-invalidske-vozicke","14":"product_tag-invacare","15":"product_tag-invalidski-vozicek","16":"product_tag-m15","17":"product_tag-m25","18":"product_tag-motion","19":"product_tag-pogon-v-kolesih","20":"product_tag-pogon-za-invalidske-vozicke","22":"first","23":"onbackorder","24":"taxable","25":"shipping-taxable","26":"product-type-simple"},"yoast_head":"<!-- This site is optimized with the Yoast SEO plugin v24.0 - https:\/\/yoast.com\/wordpress\/plugins\/seo\/ -->\n<title>E-motion ALBER - elektromotorni pogon za invalidske vozi\u010dke - Mi Vam<\/title>\n<meta name=\"description\" content=\"Z elektromotornim pomo\u017enim pogonom e-motion boste mo\u010dno izbolj\u0161ali svojo neodvisnost in sposobnost gibanja. Ob pravilni uporabi Vam bo kmalu postal nepogre\u0161ljiv in Vam nudil popolnoma nepri\u010dakovane mo\u017enosti. Namestite ga na invalidski vozi\u010dek in dobili boste pomo\u010d pri potiskanju vozi\u010dka, ki vam bo vedno pri roki.\" \/>\n<meta name=\"robots\" content=\"index, follow, max-snippet:-1, max-image-preview:large, max-video-preview:-1\" \/>\n<link rel=\"canonical\" href=\"https:\/\/www.mivam.com\/izdelek\/e-motion-alber-elektromotorni-pogon-za-invalidske-vozicke\/\" \/>\n<meta property=\"og:locale\" content=\"en_US\" \/>\n<meta property=\"og:type\" content=\"article\" \/>\n<meta property=\"og:title\" content=\"E-motion ALBER - elektromotorni pogon za invalidske vozi\u010dke - Mi Vam\" \/>\n<meta property=\"og:description\" content=\"Z elektromotornim pomo\u017enim pogonom e-motion boste mo\u010dno izbolj\u0161ali svojo neodvisnost in sposobnost gibanja. Ob pravilni uporabi Vam bo kmalu postal nepogre\u0161ljiv in Vam nudil popolnoma nepri\u010dakovane mo\u017enosti. Namestite ga na invalidski vozi\u010dek in dobili boste pomo\u010d pri potiskanju vozi\u010dka, ki vam bo vedno pri roki.\" \/>\n<meta property=\"og:url\" content=\"https:\/\/www.mivam.com\/izdelek\/e-motion-alber-elektromotorni-pogon-za-invalidske-vozicke\/\" \/>\n<meta property=\"og:site_name\" content=\"Mi Vam\" \/>\n<meta property=\"article:modified_time\" content=\"2025-06-19T02:32:03+00:00\" \/>\n<meta property=\"og:image\" content=\"https:\/\/www.mivam.com\/wp-content\/uploads\/2019\/02\/e-motion-2.jpg\" \/>\n\t<meta property=\"og:image:width\" content=\"1000\" \/>\n\t<meta property=\"og:image:height\" content=\"742\" \/>\n\t<meta property=\"og:image:type\" content=\"image\/jpeg\" \/>\n<meta name=\"twitter:card\" content=\"summary_large_image\" \/>\n<meta name=\"twitter:label1\" content=\"Est. reading time\" \/>\n\t<meta name=\"twitter:data1\" content=\"5 minutes\" \/>\n<script type=\"application\/ld+json\" class=\"yoast-schema-graph\">{\"@context\":\"https:\/\/schema.org\",\"@graph\":[{\"@type\":\"WebPage\",\"@id\":\"https:\/\/www.mivam.com\/izdelek\/e-motion-alber-elektromotorni-pogon-za-invalidske-vozicke\/\",\"url\":\"https:\/\/www.mivam.com\/izdelek\/e-motion-alber-elektromotorni-pogon-za-invalidske-vozicke\/\",\"name\":\"E-motion ALBER - elektromotorni pogon za invalidske vozi\u010dke - Mi Vam\",\"isPartOf\":{\"@id\":\"https:\/\/www.mivam.com\/#website\"},\"primaryImageOfPage\":{\"@id\":\"https:\/\/www.mivam.com\/izdelek\/e-motion-alber-elektromotorni-pogon-za-invalidske-vozicke\/#primaryimage\"},\"image\":{\"@id\":\"https:\/\/www.mivam.com\/izdelek\/e-motion-alber-elektromotorni-pogon-za-invalidske-vozicke\/#primaryimage\"},\"thumbnailUrl\":\"https:\/\/www.mivam.com\/wp-content\/uploads\/2019\/02\/e-motion-2.jpg\",\"datePublished\":\"2019-02-12T11:30:14+00:00\",\"dateModified\":\"2025-06-19T02:32:03+00:00\",\"description\":\"Z elektromotornim pomo\u017enim pogonom e-motion boste mo\u010dno izbolj\u0161ali svojo neodvisnost in sposobnost gibanja. Ob pravilni uporabi Vam bo kmalu postal nepogre\u0161ljiv in Vam nudil popolnoma nepri\u010dakovane mo\u017enosti. Namestite ga na invalidski vozi\u010dek in dobili boste pomo\u010d pri potiskanju vozi\u010dka, ki vam bo vedno pri roki.\",\"breadcrumb\":{\"@id\":\"https:\/\/www.mivam.com\/izdelek\/e-motion-alber-elektromotorni-pogon-za-invalidske-vozicke\/#breadcrumb\"},\"inLanguage\":\"en-US\",\"potentialAction\":[{\"@type\":\"ReadAction\",\"target\":[\"https:\/\/www.mivam.com\/izdelek\/e-motion-alber-elektromotorni-pogon-za-invalidske-vozicke\/\"]}]},{\"@type\":\"ImageObject\",\"inLanguage\":\"en-US\",\"@id\":\"https:\/\/www.mivam.com\/izdelek\/e-motion-alber-elektromotorni-pogon-za-invalidske-vozicke\/#primaryimage\",\"url\":\"https:\/\/www.mivam.com\/wp-content\/uploads\/2019\/02\/e-motion-2.jpg\",\"contentUrl\":\"https:\/\/www.mivam.com\/wp-content\/uploads\/2019\/02\/e-motion-2.jpg\",\"width\":1000,\"height\":742},{\"@type\":\"BreadcrumbList\",\"@id\":\"https:\/\/www.mivam.com\/izdelek\/e-motion-alber-elektromotorni-pogon-za-invalidske-vozicke\/#breadcrumb\",\"itemListElement\":[{\"@type\":\"ListItem\",\"position\":1,\"name\":\"Domov\",\"item\":\"https:\/\/www.mivam.com\/\"},{\"@type\":\"ListItem\",\"position\":2,\"name\":\"Shop\",\"item\":\"https:\/\/www.mivam.com\/en\/shop\/\"},{\"@type\":\"ListItem\",\"position\":3,\"name\":\"Invalidski vozi\u010dki in skuterji\",\"item\":\"https:\/\/www.mivam.com\/kategorija-izdelka\/invalidski-vozicki-in-skuterji\/\"},{\"@type\":\"ListItem\",\"position\":4,\"name\":\"Elektri\u010dni pogon za invalidske vozi\u010dke\",\"item\":\"https:\/\/www.mivam.com\/kategorija-izdelka\/invalidski-vozicki-in-skuterji\/elektricni-pogon-za-invalidske-vozicke\/\"},{\"@type\":\"ListItem\",\"position\":5,\"name\":\"E-motion ALBER &#8211; elektromotorni pogon za invalidske vozi\u010dke\"}]},{\"@type\":\"WebSite\",\"@id\":\"https:\/\/www.mivam.com\/#website\",\"url\":\"https:\/\/www.mivam.com\/\",\"name\":\"Mi Vam\",\"description\":\"Medicinski pripomo\u010dki in re\u0161itve za manj odvisno \u017eivljenje.\",\"potentialAction\":[{\"@type\":\"SearchAction\",\"target\":{\"@type\":\"EntryPoint\",\"urlTemplate\":\"https:\/\/www.mivam.com\/?s={search_term_string}\"},\"query-input\":{\"@type\":\"PropertyValueSpecification\",\"valueRequired\":true,\"valueName\":\"search_term_string\"}}],\"inLanguage\":\"en-US\"}]}<\/script>\n<!-- \/ Yoast SEO plugin. -->","yoast_head_json":{"title":"E-motion ALBER - elektromotorni pogon za invalidske vozi\u010dke - Mi Vam","description":"Z elektromotornim pomo\u017enim pogonom e-motion boste mo\u010dno izbolj\u0161ali svojo neodvisnost in sposobnost gibanja. Ob pravilni uporabi Vam bo kmalu postal nepogre\u0161ljiv in Vam nudil popolnoma nepri\u010dakovane mo\u017enosti. Namestite ga na invalidski vozi\u010dek in dobili boste pomo\u010d pri potiskanju vozi\u010dka, ki vam bo vedno pri roki.","robots":{"index":"index","follow":"follow","max-snippet":"max-snippet:-1","max-image-preview":"max-image-preview:large","max-video-preview":"max-video-preview:-1"},"canonical":"https:\/\/www.mivam.com\/izdelek\/e-motion-alber-elektromotorni-pogon-za-invalidske-vozicke\/","og_locale":"en_US","og_type":"article","og_title":"E-motion ALBER - elektromotorni pogon za invalidske vozi\u010dke - Mi Vam","og_description":"Z elektromotornim pomo\u017enim pogonom e-motion boste mo\u010dno izbolj\u0161ali svojo neodvisnost in sposobnost gibanja. Ob pravilni uporabi Vam bo kmalu postal nepogre\u0161ljiv in Vam nudil popolnoma nepri\u010dakovane mo\u017enosti. Namestite ga na invalidski vozi\u010dek in dobili boste pomo\u010d pri potiskanju vozi\u010dka, ki vam bo vedno pri roki.","og_url":"https:\/\/www.mivam.com\/izdelek\/e-motion-alber-elektromotorni-pogon-za-invalidske-vozicke\/","og_site_name":"Mi Vam","article_modified_time":"2025-06-19T02:32:03+00:00","og_image":[{"width":1000,"height":742,"url":"https:\/\/www.mivam.com\/wp-content\/uploads\/2019\/02\/e-motion-2.jpg","type":"image\/jpeg"}],"twitter_card":"summary_large_image","twitter_misc":{"Est. reading time":"5 minutes"},"schema":{"@context":"https:\/\/schema.org","@graph":[{"@type":"WebPage","@id":"https:\/\/www.mivam.com\/izdelek\/e-motion-alber-elektromotorni-pogon-za-invalidske-vozicke\/","url":"https:\/\/www.mivam.com\/izdelek\/e-motion-alber-elektromotorni-pogon-za-invalidske-vozicke\/","name":"E-motion ALBER - elektromotorni pogon za invalidske vozi\u010dke - Mi Vam","isPartOf":{"@id":"https:\/\/www.mivam.com\/#website"},"primaryImageOfPage":{"@id":"https:\/\/www.mivam.com\/izdelek\/e-motion-alber-elektromotorni-pogon-za-invalidske-vozicke\/#primaryimage"},"image":{"@id":"https:\/\/www.mivam.com\/izdelek\/e-motion-alber-elektromotorni-pogon-za-invalidske-vozicke\/#primaryimage"},"thumbnailUrl":"https:\/\/www.mivam.com\/wp-content\/uploads\/2019\/02\/e-motion-2.jpg","datePublished":"2019-02-12T11:30:14+00:00","dateModified":"2025-06-19T02:32:03+00:00","description":"Z elektromotornim pomo\u017enim pogonom e-motion boste mo\u010dno izbolj\u0161ali svojo neodvisnost in sposobnost gibanja. Ob pravilni uporabi Vam bo kmalu postal nepogre\u0161ljiv in Vam nudil popolnoma nepri\u010dakovane mo\u017enosti. Namestite ga na invalidski vozi\u010dek in dobili boste pomo\u010d pri potiskanju vozi\u010dka, ki vam bo vedno pri roki.","breadcrumb":{"@id":"https:\/\/www.mivam.com\/izdelek\/e-motion-alber-elektromotorni-pogon-za-invalidske-vozicke\/#breadcrumb"},"inLanguage":"en-US","potentialAction":[{"@type":"ReadAction","target":["https:\/\/www.mivam.com\/izdelek\/e-motion-alber-elektromotorni-pogon-za-invalidske-vozicke\/"]}]},{"@type":"ImageObject","inLanguage":"en-US","@id":"https:\/\/www.mivam.com\/izdelek\/e-motion-alber-elektromotorni-pogon-za-invalidske-vozicke\/#primaryimage","url":"https:\/\/www.mivam.com\/wp-content\/uploads\/2019\/02\/e-motion-2.jpg","contentUrl":"https:\/\/www.mivam.com\/wp-content\/uploads\/2019\/02\/e-motion-2.jpg","width":1000,"height":742},{"@type":"BreadcrumbList","@id":"https:\/\/www.mivam.com\/izdelek\/e-motion-alber-elektromotorni-pogon-za-invalidske-vozicke\/#breadcrumb","itemListElement":[{"@type":"ListItem","position":1,"name":"Domov","item":"https:\/\/www.mivam.com\/"},{"@type":"ListItem","position":2,"name":"Shop","item":"https:\/\/www.mivam.com\/en\/shop\/"},{"@type":"ListItem","position":3,"name":"Invalidski vozi\u010dki in skuterji","item":"https:\/\/www.mivam.com\/kategorija-izdelka\/invalidski-vozicki-in-skuterji\/"},{"@type":"ListItem","position":4,"name":"Elektri\u010dni pogon za invalidske vozi\u010dke","item":"https:\/\/www.mivam.com\/kategorija-izdelka\/invalidski-vozicki-in-skuterji\/elektricni-pogon-za-invalidske-vozicke\/"},{"@type":"ListItem","position":5,"name":"E-motion ALBER &#8211; elektromotorni pogon za invalidske vozi\u010dke"}]},{"@type":"WebSite","@id":"https:\/\/www.mivam.com\/#website","url":"https:\/\/www.mivam.com\/","name":"Mi Vam","description":"Medicinski pripomo\u010dki in re\u0161itve za manj odvisno \u017eivljenje.","potentialAction":[{"@type":"SearchAction","target":{"@type":"EntryPoint","urlTemplate":"https:\/\/www.mivam.com\/?s={search_term_string}"},"query-input":{"@type":"PropertyValueSpecification","valueRequired":true,"valueName":"search_term_string"}}],"inLanguage":"en-US"}]}},"_links":{"self":[{"href":"https:\/\/www.mivam.com\/en\/wp-json\/wp\/v2\/product\/1174","targetHints":{"allow":["GET"]}}],"collection":[{"href":"https:\/\/www.mivam.com\/en\/wp-json\/wp\/v2\/product"}],"about":[{"href":"https:\/\/www.mivam.com\/en\/wp-json\/wp\/v2\/types\/product"}],"replies":[{"embeddable":true,"href":"https:\/\/www.mivam.com\/en\/wp-json\/wp\/v2\/comments?post=1174"}],"wp:featuredmedia":[{"embeddable":true,"href":"https:\/\/www.mivam.com\/en\/wp-json\/wp\/v2\/media\/1176"}],"wp:attachment":[{"href":"https:\/\/www.mivam.com\/en\/wp-json\/wp\/v2\/media?parent=1174"}],"wp:term":[{"taxonomy":"product_brand","embeddable":true,"href":"https:\/\/www.mivam.com\/en\/wp-json\/wp\/v2\/product_brand?post=1174"},{"taxonomy":"product_cat","embeddable":true,"href":"https:\/\/www.mivam.com\/en\/wp-json\/wp\/v2\/product_cat?post=1174"},{"taxonomy":"product_tag","embeddable":true,"href":"https:\/\/www.mivam.com\/en\/wp-json\/wp\/v2\/product_tag?post=1174"}],"curies":[{"name":"wp","href":"https:\/\/api.w.org\/{rel}","templated":true}]}}