{"id":1138,"date":"2019-02-12T09:29:24","date_gmt":"2019-02-12T08:29:24","guid":{"rendered":"https:\/\/www.mivam.com\/?post_type=product&#038;p=1138"},"modified":"2025-06-19T04:37:18","modified_gmt":"2025-06-19T02:37:18","slug":"invalidski-vozicek-puma-20-sunrise-medical","status":"publish","type":"product","link":"https:\/\/www.mivam.com\/en\/izdelek\/invalidski-vozicek-puma-20-sunrise-medical\/","title":{"rendered":"Invalidski vozi\u010dek Puma 20 &#8211; SUNRISE MEDICAL"},"content":{"rendered":"<h3>Opis osnovnega modela vozi\u010dka na elektromotorni pogon Puma 20:<\/h3>\n<ul>\n<li>Ogrodje vozi\u010dka je jekleno.<\/li>\n<li>Anatomsko oblikovan sede\u017e je izdelan iz ergonomsko oblikovane pene.<\/li>\n<li>Oblazinjenje sede\u017ea in hrbtnega naslona je odporno proti gorenju in ustreza predpisanim standardom.<\/li>\n<li>Pogon vozi\u010dka je na zadnjih ali sprednjih kolesih. Hitrost vozi\u010dka je 6 km\/h, mo\u017eno tudi 10 km\/h. Bateriji sta 60 Ah. Maksimalen doseg je 30 km.<\/li>\n<li>Prednji kolesi sta 10&#8243; zra\u010dnici, zadnji kolesi 14&#8243; zra\u010dnici.<\/li>\n<li>Maksimalna vi\u0161ina premagljive ovire je 6 cm. Obra\u010dalni krog je 120cm.<\/li>\n<li>Kot sede\u017ea: 0\u00b0 &#8211; 6\u00b0.<\/li>\n<li>Nagib sede\u017ea je elektronsko nastavljiv od 0\u00b0 &#8211; 25\u00b0.<\/li>\n<li>Vi\u0161ina hrbtnega naslona je od 48 cm, kot je mehansko nastavljiv na 92\u00b0, 97\u00b0, 102\u00b0 ali 107\u00b0.<\/li>\n<\/ul>\n<p>&nbsp;<\/p>\n<table>\n<tbody>\n<tr>\n<td>\u00a0<img decoding=\"async\" class=\"alignnone size-thumbnail wp-image-1156\" src=\"https:\/\/www.mivam.com\/wp-content\/uploads\/2019\/02\/sirina-sedeza1.jpg\" alt=\"\" width=\"61\" height=\"61\" \/><\/td>\n<td><img decoding=\"async\" class=\"alignnone size-thumbnail wp-image-1154\" src=\"https:\/\/www.mivam.com\/wp-content\/uploads\/2019\/02\/globina-sedeza1.jpg\" alt=\"\" width=\"61\" height=\"61\" \/><\/td>\n<td><img decoding=\"async\" class=\"alignnone size-full wp-image-1158\" src=\"https:\/\/www.mivam.com\/wp-content\/uploads\/2019\/02\/visina-sedeza1.jpg\" alt=\"\" width=\"60\" height=\"61\" \/><\/td>\n<td><img decoding=\"async\" class=\"alignnone size-thumbnail wp-image-1157\" src=\"https:\/\/www.mivam.com\/wp-content\/uploads\/2019\/02\/sirina-vozicka.jpg\" alt=\"\" width=\"61\" height=\"61\" \/><\/td>\n<td><img decoding=\"async\" class=\"alignnone size-thumbnail wp-image-1153\" src=\"https:\/\/www.mivam.com\/wp-content\/uploads\/2019\/02\/dolzina-vozicka.jpg\" alt=\"\" width=\"61\" height=\"61\" \/><\/td>\n<td><img decoding=\"async\" class=\"alignnone size-full wp-image-1155\" src=\"https:\/\/www.mivam.com\/wp-content\/uploads\/2019\/02\/max-obremenitev1.jpg\" alt=\"\" width=\"61\" height=\"61\" \/><\/td>\n<\/tr>\n<tr>\n<td>40-51 cm<\/td>\n<td>42-50 cm<\/td>\n<td>40,5 cm brez blazine<br \/>\n45,5 cm z blazino<\/td>\n<td>61 cm<\/td>\n<td>110 cm<\/td>\n<td>max.te\u017ea uporabnika: 136 kg<br \/>\nte\u017ea vozi\u010dka: 110 kg<\/td>\n<\/tr>\n<\/tbody>\n<\/table>\n","protected":false},"excerpt":{"rendered":"<p><span style=\"color: #ff0000\"><strong>Ta elektromotorni vozi\u010dek ni ve\u010d na voljo. \u0160e vedno ponujamo SERVIS in VZDR\u017dEVANJE modela.<\/strong><\/span><\/p>\n","protected":false},"featured_media":1146,"comment_status":"closed","ping_status":"closed","template":"","meta":[],"product_brand":[],"product_cat":[222,35],"product_tag":[202,203,204,46,840,45,900,901,813],"class_list":{"0":"post-1138","1":"product","2":"type-product","3":"status-publish","4":"has-post-thumbnail","6":"product_cat-invalidski-vozicki-in-skuterji","7":"product_cat-invalidski-vozicki-na-elektromotorni-pogon","8":"product_tag-202","9":"product_tag-203","10":"product_tag-204","11":"product_tag-elektricni-pogon","12":"product_tag-handicare","13":"product_tag-invalidski-vozicek","14":"product_tag-puma","15":"product_tag-puma-20","16":"product_tag-sunrise-medical","18":"first","19":"outofstock","20":"taxable","21":"shipping-taxable","22":"product-type-simple"},"yoast_head":"<!-- This site is optimized with the Yoast SEO plugin v24.0 - https:\/\/yoast.com\/wordpress\/plugins\/seo\/ -->\n<title>Invalidski vozi\u010dek Puma 20 - SUNRISE MEDICAL - Mi Vam<\/title>\n<meta name=\"description\" content=\"Ta elektromotorni vozi\u010dek ni ve\u010d na voljo. \u0160e vedno ponujamo SERVIS in VZDR\u017dEVANJE modela.\" \/>\n<meta name=\"robots\" content=\"index, follow, max-snippet:-1, max-image-preview:large, max-video-preview:-1\" \/>\n<link rel=\"canonical\" href=\"https:\/\/www.mivam.com\/izdelek\/invalidski-vozicek-puma-20-sunrise-medical\/\" \/>\n<meta property=\"og:locale\" content=\"en_US\" \/>\n<meta property=\"og:type\" content=\"article\" \/>\n<meta property=\"og:title\" content=\"Invalidski vozi\u010dek Puma 20 - SUNRISE MEDICAL - Mi Vam\" \/>\n<meta property=\"og:description\" content=\"Ta elektromotorni vozi\u010dek ni ve\u010d na voljo. \u0160e vedno ponujamo SERVIS in VZDR\u017dEVANJE modela.\" \/>\n<meta property=\"og:url\" content=\"https:\/\/www.mivam.com\/izdelek\/invalidski-vozicek-puma-20-sunrise-medical\/\" \/>\n<meta property=\"og:site_name\" content=\"Mi Vam\" \/>\n<meta property=\"article:modified_time\" content=\"2025-06-19T02:37:18+00:00\" \/>\n<meta property=\"og:image\" content=\"https:\/\/www.mivam.com\/wp-content\/uploads\/2019\/02\/puma20-1.jpg\" \/>\n\t<meta property=\"og:image:width\" content=\"1000\" \/>\n\t<meta property=\"og:image:height\" content=\"742\" \/>\n\t<meta property=\"og:image:type\" content=\"image\/jpeg\" \/>\n<meta name=\"twitter:card\" content=\"summary_large_image\" \/>\n<meta name=\"twitter:label1\" content=\"Est. reading time\" \/>\n\t<meta name=\"twitter:data1\" content=\"3 minutes\" \/>\n<script type=\"application\/ld+json\" class=\"yoast-schema-graph\">{\"@context\":\"https:\/\/schema.org\",\"@graph\":[{\"@type\":\"WebPage\",\"@id\":\"https:\/\/www.mivam.com\/izdelek\/invalidski-vozicek-puma-20-sunrise-medical\/\",\"url\":\"https:\/\/www.mivam.com\/izdelek\/invalidski-vozicek-puma-20-sunrise-medical\/\",\"name\":\"Invalidski vozi\u010dek Puma 20 - SUNRISE MEDICAL - Mi Vam\",\"isPartOf\":{\"@id\":\"https:\/\/www.mivam.com\/#website\"},\"primaryImageOfPage\":{\"@id\":\"https:\/\/www.mivam.com\/izdelek\/invalidski-vozicek-puma-20-sunrise-medical\/#primaryimage\"},\"image\":{\"@id\":\"https:\/\/www.mivam.com\/izdelek\/invalidski-vozicek-puma-20-sunrise-medical\/#primaryimage\"},\"thumbnailUrl\":\"https:\/\/www.mivam.com\/wp-content\/uploads\/2019\/02\/puma20-1.jpg\",\"datePublished\":\"2019-02-12T08:29:24+00:00\",\"dateModified\":\"2025-06-19T02:37:18+00:00\",\"description\":\"Ta elektromotorni vozi\u010dek ni ve\u010d na voljo. \u0160e vedno ponujamo SERVIS in VZDR\u017dEVANJE modela.\",\"breadcrumb\":{\"@id\":\"https:\/\/www.mivam.com\/izdelek\/invalidski-vozicek-puma-20-sunrise-medical\/#breadcrumb\"},\"inLanguage\":\"en-US\",\"potentialAction\":[{\"@type\":\"ReadAction\",\"target\":[\"https:\/\/www.mivam.com\/izdelek\/invalidski-vozicek-puma-20-sunrise-medical\/\"]}]},{\"@type\":\"ImageObject\",\"inLanguage\":\"en-US\",\"@id\":\"https:\/\/www.mivam.com\/izdelek\/invalidski-vozicek-puma-20-sunrise-medical\/#primaryimage\",\"url\":\"https:\/\/www.mivam.com\/wp-content\/uploads\/2019\/02\/puma20-1.jpg\",\"contentUrl\":\"https:\/\/www.mivam.com\/wp-content\/uploads\/2019\/02\/puma20-1.jpg\",\"width\":1000,\"height\":742},{\"@type\":\"BreadcrumbList\",\"@id\":\"https:\/\/www.mivam.com\/izdelek\/invalidski-vozicek-puma-20-sunrise-medical\/#breadcrumb\",\"itemListElement\":[{\"@type\":\"ListItem\",\"position\":1,\"name\":\"Domov\",\"item\":\"https:\/\/www.mivam.com\/\"},{\"@type\":\"ListItem\",\"position\":2,\"name\":\"Shop\",\"item\":\"https:\/\/www.mivam.com\/en\/shop\/\"},{\"@type\":\"ListItem\",\"position\":3,\"name\":\"Invalidski vozi\u010dki in skuterji\",\"item\":\"https:\/\/www.mivam.com\/kategorija-izdelka\/invalidski-vozicki-in-skuterji\/\"},{\"@type\":\"ListItem\",\"position\":4,\"name\":\"Invalidski vozi\u010dki na elektromotorni pogon\",\"item\":\"https:\/\/www.mivam.com\/kategorija-izdelka\/invalidski-vozicki-in-skuterji\/invalidski-vozicki-na-elektromotorni-pogon\/\"},{\"@type\":\"ListItem\",\"position\":5,\"name\":\"Invalidski vozi\u010dek Puma 20 &#8211; SUNRISE MEDICAL\"}]},{\"@type\":\"WebSite\",\"@id\":\"https:\/\/www.mivam.com\/#website\",\"url\":\"https:\/\/www.mivam.com\/\",\"name\":\"Mi Vam\",\"description\":\"Medicinski pripomo\u010dki in re\u0161itve za manj odvisno \u017eivljenje.\",\"potentialAction\":[{\"@type\":\"SearchAction\",\"target\":{\"@type\":\"EntryPoint\",\"urlTemplate\":\"https:\/\/www.mivam.com\/?s={search_term_string}\"},\"query-input\":{\"@type\":\"PropertyValueSpecification\",\"valueRequired\":true,\"valueName\":\"search_term_string\"}}],\"inLanguage\":\"en-US\"}]}<\/script>\n<!-- \/ Yoast SEO plugin. -->","yoast_head_json":{"title":"Invalidski vozi\u010dek Puma 20 - SUNRISE MEDICAL - Mi Vam","description":"Ta elektromotorni vozi\u010dek ni ve\u010d na voljo. \u0160e vedno ponujamo SERVIS in VZDR\u017dEVANJE modela.","robots":{"index":"index","follow":"follow","max-snippet":"max-snippet:-1","max-image-preview":"max-image-preview:large","max-video-preview":"max-video-preview:-1"},"canonical":"https:\/\/www.mivam.com\/izdelek\/invalidski-vozicek-puma-20-sunrise-medical\/","og_locale":"en_US","og_type":"article","og_title":"Invalidski vozi\u010dek Puma 20 - SUNRISE MEDICAL - Mi Vam","og_description":"Ta elektromotorni vozi\u010dek ni ve\u010d na voljo. \u0160e vedno ponujamo SERVIS in VZDR\u017dEVANJE modela.","og_url":"https:\/\/www.mivam.com\/izdelek\/invalidski-vozicek-puma-20-sunrise-medical\/","og_site_name":"Mi Vam","article_modified_time":"2025-06-19T02:37:18+00:00","og_image":[{"width":1000,"height":742,"url":"https:\/\/www.mivam.com\/wp-content\/uploads\/2019\/02\/puma20-1.jpg","type":"image\/jpeg"}],"twitter_card":"summary_large_image","twitter_misc":{"Est. reading time":"3 minutes"},"schema":{"@context":"https:\/\/schema.org","@graph":[{"@type":"WebPage","@id":"https:\/\/www.mivam.com\/izdelek\/invalidski-vozicek-puma-20-sunrise-medical\/","url":"https:\/\/www.mivam.com\/izdelek\/invalidski-vozicek-puma-20-sunrise-medical\/","name":"Invalidski vozi\u010dek Puma 20 - SUNRISE MEDICAL - Mi Vam","isPartOf":{"@id":"https:\/\/www.mivam.com\/#website"},"primaryImageOfPage":{"@id":"https:\/\/www.mivam.com\/izdelek\/invalidski-vozicek-puma-20-sunrise-medical\/#primaryimage"},"image":{"@id":"https:\/\/www.mivam.com\/izdelek\/invalidski-vozicek-puma-20-sunrise-medical\/#primaryimage"},"thumbnailUrl":"https:\/\/www.mivam.com\/wp-content\/uploads\/2019\/02\/puma20-1.jpg","datePublished":"2019-02-12T08:29:24+00:00","dateModified":"2025-06-19T02:37:18+00:00","description":"Ta elektromotorni vozi\u010dek ni ve\u010d na voljo. \u0160e vedno ponujamo SERVIS in VZDR\u017dEVANJE modela.","breadcrumb":{"@id":"https:\/\/www.mivam.com\/izdelek\/invalidski-vozicek-puma-20-sunrise-medical\/#breadcrumb"},"inLanguage":"en-US","potentialAction":[{"@type":"ReadAction","target":["https:\/\/www.mivam.com\/izdelek\/invalidski-vozicek-puma-20-sunrise-medical\/"]}]},{"@type":"ImageObject","inLanguage":"en-US","@id":"https:\/\/www.mivam.com\/izdelek\/invalidski-vozicek-puma-20-sunrise-medical\/#primaryimage","url":"https:\/\/www.mivam.com\/wp-content\/uploads\/2019\/02\/puma20-1.jpg","contentUrl":"https:\/\/www.mivam.com\/wp-content\/uploads\/2019\/02\/puma20-1.jpg","width":1000,"height":742},{"@type":"BreadcrumbList","@id":"https:\/\/www.mivam.com\/izdelek\/invalidski-vozicek-puma-20-sunrise-medical\/#breadcrumb","itemListElement":[{"@type":"ListItem","position":1,"name":"Domov","item":"https:\/\/www.mivam.com\/"},{"@type":"ListItem","position":2,"name":"Shop","item":"https:\/\/www.mivam.com\/en\/shop\/"},{"@type":"ListItem","position":3,"name":"Invalidski vozi\u010dki in skuterji","item":"https:\/\/www.mivam.com\/kategorija-izdelka\/invalidski-vozicki-in-skuterji\/"},{"@type":"ListItem","position":4,"name":"Invalidski vozi\u010dki na elektromotorni pogon","item":"https:\/\/www.mivam.com\/kategorija-izdelka\/invalidski-vozicki-in-skuterji\/invalidski-vozicki-na-elektromotorni-pogon\/"},{"@type":"ListItem","position":5,"name":"Invalidski vozi\u010dek Puma 20 &#8211; SUNRISE MEDICAL"}]},{"@type":"WebSite","@id":"https:\/\/www.mivam.com\/#website","url":"https:\/\/www.mivam.com\/","name":"Mi Vam","description":"Medicinski pripomo\u010dki in re\u0161itve za manj odvisno \u017eivljenje.","potentialAction":[{"@type":"SearchAction","target":{"@type":"EntryPoint","urlTemplate":"https:\/\/www.mivam.com\/?s={search_term_string}"},"query-input":{"@type":"PropertyValueSpecification","valueRequired":true,"valueName":"search_term_string"}}],"inLanguage":"en-US"}]}},"_links":{"self":[{"href":"https:\/\/www.mivam.com\/en\/wp-json\/wp\/v2\/product\/1138","targetHints":{"allow":["GET"]}}],"collection":[{"href":"https:\/\/www.mivam.com\/en\/wp-json\/wp\/v2\/product"}],"about":[{"href":"https:\/\/www.mivam.com\/en\/wp-json\/wp\/v2\/types\/product"}],"replies":[{"embeddable":true,"href":"https:\/\/www.mivam.com\/en\/wp-json\/wp\/v2\/comments?post=1138"}],"wp:featuredmedia":[{"embeddable":true,"href":"https:\/\/www.mivam.com\/en\/wp-json\/wp\/v2\/media\/1146"}],"wp:attachment":[{"href":"https:\/\/www.mivam.com\/en\/wp-json\/wp\/v2\/media?parent=1138"}],"wp:term":[{"taxonomy":"product_brand","embeddable":true,"href":"https:\/\/www.mivam.com\/en\/wp-json\/wp\/v2\/product_brand?post=1138"},{"taxonomy":"product_cat","embeddable":true,"href":"https:\/\/www.mivam.com\/en\/wp-json\/wp\/v2\/product_cat?post=1138"},{"taxonomy":"product_tag","embeddable":true,"href":"https:\/\/www.mivam.com\/en\/wp-json\/wp\/v2\/product_tag?post=1138"}],"curies":[{"name":"wp","href":"https:\/\/api.w.org\/{rel}","templated":true}]}}