{"id":10778,"date":"2026-03-18T12:07:23","date_gmt":"2026-03-18T11:07:23","guid":{"rendered":"https:\/\/www.mivam.com\/?post_type=product&#038;p=10778"},"modified":"2026-03-18T15:38:48","modified_gmt":"2026-03-18T14:38:48","slug":"star-sentinel","status":"publish","type":"product","link":"https:\/\/www.mivam.com\/en\/izdelek\/star-sentinel\/","title":{"rendered":"STAR SENTINEL"},"content":{"rendered":"<div class=\"wpb-content-wrapper\"><p>[vc_row full_width=&#8221;stretch_row&#8221; css=&#8221;.vc_custom_1773653757318{background-color: #fffcfc !important;}&#8221; el_class=&#8221;single-product-wide-img&#8221;][vc_column][vc_empty_space height=&#8221;60px&#8221;]\r\n        <div id=\"1773832364371-7d2d1343-a867\" class=\"ns-yt-video  standard \" data-videos='{\"videos\":[{\"video_id\":\"eCvShaXBUCE\",\"image\":\"\"}],\"type\":\"standard\"}'>\r\n                            <div class=\"ns-yt-wrapper\">\r\n                    <div id=\"eCvShaXBUCE-1773832364371-7d2d1343-a867\" class=\"ns-yt-youtube\" data-embed=\"eCvShaXBUCE\">\r\n                        <div class=\"ns-yt-play-button\"><\/div>\r\n                    <\/div>\r\n                <\/div>\r\n                    <\/div>\r\n\r\n        [vc_empty_space height=&#8221;60px&#8221;][vc_empty_space height=&#8221;60px&#8221;][vc_column_text]<\/p>\n<h2 style=\"text-align: center\">Podrobnosti:<\/h2>\n<p>[\/vc_column_text][vc_empty_space height=&#8221;60px&#8221;][vc_row_inner][vc_column_inner width=&#8221;1\/2&#8243;][vc_column_text]<\/p>\n<h3 class=\"product-page-feature-tour-header\">Omogo\u010dite si vsak dan s pametno tehnologijo<\/h3>\n<p class=\"product-page-feature-tour-header\">Sentinelova pametna, inovativna in enostavna tehnologija dvigne va\u0161o izku\u0161njo na vi\u0161jo raven, saj zagotavlja preprosto upravljanje in brezskrbnost. Nenehno spremlja zra\u010dni tlak v blazini glede na shranjeno klini\u010dno nastavljeno raven zraka in ustrezno prilagodi blazino.<br \/>\nSentinel, za nadzor in preprostost, ki omogo\u010da vsakodnevni mir.<\/p>\n<p>[\/vc_column_text][\/vc_column_inner][vc_column_inner width=&#8221;1\/2&#8243;][vc_single_image image=&#8221;10786&#8243; alignment=&#8221;center&#8221;][\/vc_column_inner][\/vc_row_inner][vc_empty_space height=&#8221;60px&#8221;][vc_row_inner][vc_column_inner width=&#8221;1\/2&#8243;][vc_single_image image=&#8221;10784&#8243; alignment=&#8221;center&#8221;][\/vc_column_inner][vc_column_inner width=&#8221;1\/2&#8243;][vc_column_text]<\/p>\n<h3 class=\"product-page-feature-tour-header\">Sentinel + StabilAir &#8211; Popolna kombinacija<\/h3>\n<p class=\"product-page-feature-tour-header\">Sentinel in StabilAir tvorita popolno kombinacijo za sede\u017eno blazino za invalidski vozi\u010dek, ki jo lahko uporabite kamor koli, brez zapletenega mehanizma zaklepanja. Skupaj zagotavljata vrhunsko zra\u010dno blazino \u2013 blazino, ki se samodejno prilagaja spremembam nadmorske vi\u0161ine ali kota nagiba invalidskega vozi\u010dka.<\/p>\n<p>[\/vc_column_text][\/vc_column_inner][\/vc_row_inner][vc_empty_space height=&#8221;60px&#8221;][vc_empty_space height=&#8221;60px&#8221;][vc_column_text]<\/p>\n<h2 style=\"text-align: center\">Zna\u010dilnosti:<\/h2>\n<p>[\/vc_column_text][vc_row_inner][vc_column_inner width=&#8221;1\/4&#8243;][vc_single_image image=&#8221;10794&#8243; img_size=&#8221;thumbnail&#8221; alignment=&#8221;center&#8221;][vc_column_text]<\/p>\n<h3 class=\"product-page-feature-tour-header\">Sistem za upravljanje zraka<\/h3>\n<p class=\"product-page-feature-tour-header\">Ko je nastavljena klini\u010dna raven tlaka, Sentinel s svojim sistemom za upravljanje zraka neprekinjeno spremlja blazino, uravnava tlak in samodejno prilagaja raven zraka spremembam v okolju.<\/p>\n<p>[\/vc_column_text][\/vc_column_inner][vc_column_inner width=&#8221;1\/4&#8243;][vc_single_image image=&#8221;10792&#8243; img_size=&#8221;thumbnail&#8221; alignment=&#8221;center&#8221;][vc_column_text]<\/p>\n<h3 class=\"product-page-feature-tour-header\">Opozorila<\/h3>\n<p class=\"product-page-feature-tour-header\">Sentinel nenehno spremlja in prilagaja navpi\u010dno zra\u010dno blazino skozi ves dan ter vas opozori na morebitne zaznane te\u017eave.<\/p>\n<p>[\/vc_column_text][\/vc_column_inner][vc_column_inner width=&#8221;1\/4&#8243;][vc_single_image image=&#8221;10790&#8243; img_size=&#8221;thumbnail&#8221; alignment=&#8221;center&#8221;][vc_column_text]<\/p>\n<h3 class=\"product-page-feature-tour-header\">Lahka in kompaktna<\/h3>\n<p class=\"product-page-feature-tour-header\">Sentinel je zaradi svoje lahkotnosti podoben mobilnemu telefonu in dovolj kompakten, da se lepo prilega v sprednji \u017eep blazin Star.<\/p>\n<p>[\/vc_column_text][\/vc_column_inner][vc_column_inner width=&#8221;1\/4&#8243;][vc_single_image image=&#8221;10788&#8243; img_size=&#8221;thumbnail&#8221; alignment=&#8221;center&#8221;][vc_column_text]<\/p>\n<h3 class=\"product-page-feature-tour-header\">Izbirna aplikacija<\/h3>\n<p class=\"product-page-feature-tour-header\">Za tiste, ki \u017eelijo nadzor \u010dez dan, Sentinel ponuja dodatno aplikacijo, v kateri lahko izberete nastavitve, ki vam ustrezajo.<\/p>\n<p>[\/vc_column_text][\/vc_column_inner][\/vc_row_inner][vc_empty_space height=&#8221;60px&#8221;][vc_empty_space height=&#8221;60px&#8221;][vc_column_text]<\/p>\n<h2 style=\"text-align: center\">Razli\u010dice:<\/h2>\n<p>[\/vc_column_text][vc_empty_space height=&#8221;60px&#8221;][vc_row_inner][vc_column_inner][vc_column_text]<\/p>\n<div class=\"specTable specTableWithHeaders\">\n<table>\n<thead>\n<tr>\n<th>Razli\u010dica<\/th>\n<th>\u0160tevilka artikla<\/th>\n<th>Vi\u0161ina (mm)<\/th>\n<th>Dol\u017eina (mm)<\/th>\n<th>Te\u017ea (kg)<\/th>\n<\/tr>\n<\/thead>\n<tbody>\n<tr class=\"specTableRowGrey\">\n<td>EU \/ Zdru\u017eeno kraljestvo<\/td>\n<td>KA0501-ST-EU<\/td>\n<td>55<\/td>\n<td>114<\/td>\n<td>0,2<\/td>\n<\/tr>\n<tr>\n<td>ZDA<\/td>\n<td>KA0501-ST-ZDA<\/td>\n<td>55<\/td>\n<td>114<\/td>\n<td>0,2<\/td>\n<\/tr>\n<tr class=\"specTableRowGrey\">\n<td>Sponka<\/td>\n<td>KA0011<\/td>\n<td>\u2013<\/td>\n<td>\u2013<\/td>\n<td>\u2013<\/td>\n<\/tr>\n<\/tbody>\n<\/table>\n<div class=\"product-page-indent-disclaimer\">\n<p><strong>Baterija:<\/strong> litij-ionska 1000 mAh<br \/>\n<strong>\u010cas polnjenja:<\/strong> 3\u20134 ure<br \/>\n<strong>\u017divljenjska doba baterije:<\/strong> 24\u201356 ur neprekinjenega delovanja<br \/>\n<strong>Vodoodpornost:<\/strong> IPX4<br \/>\n<strong>Povezljivost:<\/strong> Bluetooth<br \/>\n<strong>Omejitev te\u017ee uporabnika:<\/strong> glejte uporabni\u0161ki priro\u010dnik za blazino<br \/>\n<strong>Zdru\u017eljivost:<\/strong> enokomorne zra\u010dne blazine (npr. Star Standard Air, StabilAir)<\/p>\n<\/div>\n<\/div>\n<p>[\/vc_column_text][\/vc_column_inner][\/vc_row_inner][vc_empty_space height=&#8221;60px&#8221;][\/vc_column][\/vc_row]<\/p>\n<\/div>","protected":false},"excerpt":{"rendered":"<h3 class=\"product-page-catalyst-hero-text-title\">STAR SENTINEL &#8220;stra\u017ear&#8221;<br \/>\nPoganja Kalogon<\/h3>\n<div class=\"product-page-catalyst-hero-text-title\">Pametna, inovativna, enostavna in intuitivna tehnologija dvigne va\u0161o izku\u0161njo na vi\u0161jo raven, saj vam omogo\u010da, da brezskrbno opravljate vsakdanje \u017eivljenje brez ro\u010dnih nastavitev. Sentinel opravi delo namesto vas.<\/div>\n<div>\n<p>Sentinel vam omogo\u010da vsakdanje \u017eivljenje tako, da nenehno spremlja tlak v blazini, vas opozarja na morebitne te\u017eave in se prilagaja glede na nadmorsko vi\u0161ino in spremembe v okolju.<\/p>\n<p>Nenehno spremlja raven tlaka v blazini glede na shranjeno klini\u010dno nastavljeno raven zraka in ustrezno prilagaja blazino brez potrebe po ro\u010dnem pumpanju ali preverjanju z roko. S prilagajanjem spremembam v okolju in opozarjanjem na morebitne te\u017eave vam Sentinel omogo\u010da, da \u017eivite svoje vsakdanje \u017eivljenje, vsak dan.<\/p>\n<p>Va\u0161 osebni stra\u017ear<br \/>\n&#8216;Sentinel&#8217; je angle\u0161ka beseda, ki pomeni &#8211; stra\u017ear, ki nenehno bdi in opozarja na morebitne te\u017eave.<\/p>\n<p>S Sentinelom kot va\u0161im osebnim stra\u017earjem lahko mirno nadaljujete z vsakdanjim \u017eivljenjem.<\/p>\n<\/div>\n","protected":false},"featured_media":10781,"comment_status":"closed","ping_status":"closed","template":"","meta":[],"product_brand":[],"product_cat":[222,41],"product_tag":[267,244,243,736,739,734,735,965,92,951,85,994,993,100,921,920,992,991,160,990,101,995,98,99,97],"class_list":{"0":"post-10778","1":"product","2":"type-product","3":"status-publish","4":"has-post-thumbnail","6":"product_cat-invalidski-vozicki-in-skuterji","7":"product_cat-antidekubitusne-blazine","8":"product_tag-267","9":"product_tag-244","10":"product_tag-243","11":"product_tag-10-cm","12":"product_tag-13-cm","13":"product_tag-5-cm","14":"product_tag-735","15":"product_tag-air","16":"product_tag-antidekubitusna","17":"product_tag-axiom","18":"product_tag-blazina","19":"product_tag-blazina-zracne","20":"product_tag-blazina-zrak","21":"product_tag-etac","22":"product_tag-ki","23":"product_tag-ki-mobility","24":"product_tag-na-zrak","25":"product_tag-pripomocek-za-zracne-blazine","26":"product_tag-sedezna-blazina","27":"product_tag-sentinel","28":"product_tag-stabil-air","29":"product_tag-standard-air","30":"product_tag-star","31":"product_tag-starlock","32":"product_tag-zracne-celice","34":"first","35":"instock","36":"taxable","37":"shipping-taxable","38":"product-type-simple"},"yoast_head":"<!-- This site is optimized with the Yoast SEO plugin v24.0 - https:\/\/yoast.com\/wordpress\/plugins\/seo\/ -->\n<title>STAR SENTINEL - Mi Vam<\/title>\n<meta name=\"description\" content=\"STAR SENTINEL &quot;stra\u017ear&quot; Poganja Kalogon Pametna, inovativna, enostavna in intuitivna tehnologija dvigne va\u0161o izku\u0161njo na vi\u0161jo raven, saj vam omogo\u010da, da brezskrbno opravljate vsakdanje \u017eivljenje brez ro\u010dnih nastavitev. Sentinel opravi delo namesto vas.   Sentinel vam omogo\u010da vsakdanje \u017eivljenje tako, da nenehno spremlja tlak v blazini, vas opozarja na morebitne te\u017eave in se prilagaja glede na nadmorsko vi\u0161ino in spremembe v okolju.  Nenehno spremlja raven tlaka v blazini glede na shranjeno klini\u010dno nastavljeno raven zraka in ustrezno prilagaja blazino brez potrebe po ro\u010dnem pumpanju ali preverjanju z roko. S prilagajanjem spremembam v okolju in opozarjanjem na morebitne te\u017eave vam Sentinel omogo\u010da, da \u017eivite svoje vsakdanje \u017eivljenje, vsak dan.  Va\u0161 osebni stra\u017ear &#039;Sentinel&#039; je angle\u0161ka beseda, ki pomeni - stra\u017ear, ki nenehno bdi in opozarja na morebitne te\u017eave.  S Sentinelom kot va\u0161im osebnim stra\u017earjem lahko mirno nadaljujete z vsakdanjim \u017eivljenjem.\" \/>\n<meta name=\"robots\" content=\"index, follow, max-snippet:-1, max-image-preview:large, max-video-preview:-1\" \/>\n<link rel=\"canonical\" href=\"https:\/\/www.mivam.com\/izdelek\/star-sentinel\/\" \/>\n<meta property=\"og:locale\" content=\"en_US\" \/>\n<meta property=\"og:type\" content=\"article\" \/>\n<meta property=\"og:title\" content=\"STAR SENTINEL - Mi Vam\" \/>\n<meta property=\"og:description\" content=\"STAR SENTINEL &quot;stra\u017ear&quot; Poganja Kalogon Pametna, inovativna, enostavna in intuitivna tehnologija dvigne va\u0161o izku\u0161njo na vi\u0161jo raven, saj vam omogo\u010da, da brezskrbno opravljate vsakdanje \u017eivljenje brez ro\u010dnih nastavitev. Sentinel opravi delo namesto vas.   Sentinel vam omogo\u010da vsakdanje \u017eivljenje tako, da nenehno spremlja tlak v blazini, vas opozarja na morebitne te\u017eave in se prilagaja glede na nadmorsko vi\u0161ino in spremembe v okolju.  Nenehno spremlja raven tlaka v blazini glede na shranjeno klini\u010dno nastavljeno raven zraka in ustrezno prilagaja blazino brez potrebe po ro\u010dnem pumpanju ali preverjanju z roko. S prilagajanjem spremembam v okolju in opozarjanjem na morebitne te\u017eave vam Sentinel omogo\u010da, da \u017eivite svoje vsakdanje \u017eivljenje, vsak dan.  Va\u0161 osebni stra\u017ear &#039;Sentinel&#039; je angle\u0161ka beseda, ki pomeni - stra\u017ear, ki nenehno bdi in opozarja na morebitne te\u017eave.  S Sentinelom kot va\u0161im osebnim stra\u017earjem lahko mirno nadaljujete z vsakdanjim \u017eivljenjem.\" \/>\n<meta property=\"og:url\" content=\"https:\/\/www.mivam.com\/izdelek\/star-sentinel\/\" \/>\n<meta property=\"og:site_name\" content=\"Mi Vam\" \/>\n<meta property=\"article:modified_time\" content=\"2026-03-18T14:38:48+00:00\" \/>\n<meta property=\"og:image\" content=\"https:\/\/www.mivam.com\/wp-content\/uploads\/2026\/03\/ams_solo_02_1000x10002.webp\" \/>\n\t<meta property=\"og:image:width\" content=\"500\" \/>\n\t<meta property=\"og:image:height\" content=\"500\" \/>\n\t<meta property=\"og:image:type\" content=\"image\/webp\" \/>\n<meta name=\"twitter:card\" content=\"summary_large_image\" \/>\n<meta name=\"twitter:label1\" content=\"Est. reading time\" \/>\n\t<meta name=\"twitter:data1\" content=\"4 minutes\" \/>\n<script type=\"application\/ld+json\" class=\"yoast-schema-graph\">{\"@context\":\"https:\/\/schema.org\",\"@graph\":[{\"@type\":\"WebPage\",\"@id\":\"https:\/\/www.mivam.com\/izdelek\/star-sentinel\/\",\"url\":\"https:\/\/www.mivam.com\/izdelek\/star-sentinel\/\",\"name\":\"STAR SENTINEL - Mi Vam\",\"isPartOf\":{\"@id\":\"https:\/\/www.mivam.com\/#website\"},\"primaryImageOfPage\":{\"@id\":\"https:\/\/www.mivam.com\/izdelek\/star-sentinel\/#primaryimage\"},\"image\":{\"@id\":\"https:\/\/www.mivam.com\/izdelek\/star-sentinel\/#primaryimage\"},\"thumbnailUrl\":\"https:\/\/www.mivam.com\/wp-content\/uploads\/2026\/03\/ams_solo_02_1000x10002.webp\",\"datePublished\":\"2026-03-18T11:07:23+00:00\",\"dateModified\":\"2026-03-18T14:38:48+00:00\",\"description\":\"STAR SENTINEL \\\"stra\u017ear\\\" Poganja Kalogon Pametna, inovativna, enostavna in intuitivna tehnologija dvigne va\u0161o izku\u0161njo na vi\u0161jo raven, saj vam omogo\u010da, da brezskrbno opravljate vsakdanje \u017eivljenje brez ro\u010dnih nastavitev. Sentinel opravi delo namesto vas. Sentinel vam omogo\u010da vsakdanje \u017eivljenje tako, da nenehno spremlja tlak v blazini, vas opozarja na morebitne te\u017eave in se prilagaja glede na nadmorsko vi\u0161ino in spremembe v okolju. Nenehno spremlja raven tlaka v blazini glede na shranjeno klini\u010dno nastavljeno raven zraka in ustrezno prilagaja blazino brez potrebe po ro\u010dnem pumpanju ali preverjanju z roko. S prilagajanjem spremembam v okolju in opozarjanjem na morebitne te\u017eave vam Sentinel omogo\u010da, da \u017eivite svoje vsakdanje \u017eivljenje, vsak dan. Va\u0161 osebni stra\u017ear 'Sentinel' je angle\u0161ka beseda, ki pomeni - stra\u017ear, ki nenehno bdi in opozarja na morebitne te\u017eave. S Sentinelom kot va\u0161im osebnim stra\u017earjem lahko mirno nadaljujete z vsakdanjim \u017eivljenjem.\",\"breadcrumb\":{\"@id\":\"https:\/\/www.mivam.com\/izdelek\/star-sentinel\/#breadcrumb\"},\"inLanguage\":\"en-US\",\"potentialAction\":[{\"@type\":\"ReadAction\",\"target\":[\"https:\/\/www.mivam.com\/izdelek\/star-sentinel\/\"]}]},{\"@type\":\"ImageObject\",\"inLanguage\":\"en-US\",\"@id\":\"https:\/\/www.mivam.com\/izdelek\/star-sentinel\/#primaryimage\",\"url\":\"https:\/\/www.mivam.com\/wp-content\/uploads\/2026\/03\/ams_solo_02_1000x10002.webp\",\"contentUrl\":\"https:\/\/www.mivam.com\/wp-content\/uploads\/2026\/03\/ams_solo_02_1000x10002.webp\",\"width\":500,\"height\":500},{\"@type\":\"BreadcrumbList\",\"@id\":\"https:\/\/www.mivam.com\/izdelek\/star-sentinel\/#breadcrumb\",\"itemListElement\":[{\"@type\":\"ListItem\",\"position\":1,\"name\":\"Domov\",\"item\":\"https:\/\/www.mivam.com\/\"},{\"@type\":\"ListItem\",\"position\":2,\"name\":\"Shop\",\"item\":\"https:\/\/www.mivam.com\/en\/shop\/\"},{\"@type\":\"ListItem\",\"position\":3,\"name\":\"Invalidski vozi\u010dki in skuterji\",\"item\":\"https:\/\/www.mivam.com\/kategorija-izdelka\/invalidski-vozicki-in-skuterji\/\"},{\"@type\":\"ListItem\",\"position\":4,\"name\":\"Antidekubitusne blazine\",\"item\":\"https:\/\/www.mivam.com\/kategorija-izdelka\/invalidski-vozicki-in-skuterji\/antidekubitusne-blazine\/\"},{\"@type\":\"ListItem\",\"position\":5,\"name\":\"STAR SENTINEL\"}]},{\"@type\":\"WebSite\",\"@id\":\"https:\/\/www.mivam.com\/#website\",\"url\":\"https:\/\/www.mivam.com\/\",\"name\":\"Mi Vam\",\"description\":\"Medicinski pripomo\u010dki in re\u0161itve za manj odvisno \u017eivljenje.\",\"potentialAction\":[{\"@type\":\"SearchAction\",\"target\":{\"@type\":\"EntryPoint\",\"urlTemplate\":\"https:\/\/www.mivam.com\/?s={search_term_string}\"},\"query-input\":{\"@type\":\"PropertyValueSpecification\",\"valueRequired\":true,\"valueName\":\"search_term_string\"}}],\"inLanguage\":\"en-US\"}]}<\/script>\n<!-- \/ Yoast SEO plugin. -->","yoast_head_json":{"title":"STAR SENTINEL - Mi Vam","description":"STAR SENTINEL \"stra\u017ear\" Poganja Kalogon Pametna, inovativna, enostavna in intuitivna tehnologija dvigne va\u0161o izku\u0161njo na vi\u0161jo raven, saj vam omogo\u010da, da brezskrbno opravljate vsakdanje \u017eivljenje brez ro\u010dnih nastavitev. Sentinel opravi delo namesto vas.   Sentinel vam omogo\u010da vsakdanje \u017eivljenje tako, da nenehno spremlja tlak v blazini, vas opozarja na morebitne te\u017eave in se prilagaja glede na nadmorsko vi\u0161ino in spremembe v okolju.  Nenehno spremlja raven tlaka v blazini glede na shranjeno klini\u010dno nastavljeno raven zraka in ustrezno prilagaja blazino brez potrebe po ro\u010dnem pumpanju ali preverjanju z roko. S prilagajanjem spremembam v okolju in opozarjanjem na morebitne te\u017eave vam Sentinel omogo\u010da, da \u017eivite svoje vsakdanje \u017eivljenje, vsak dan.  Va\u0161 osebni stra\u017ear 'Sentinel' je angle\u0161ka beseda, ki pomeni - stra\u017ear, ki nenehno bdi in opozarja na morebitne te\u017eave.  S Sentinelom kot va\u0161im osebnim stra\u017earjem lahko mirno nadaljujete z vsakdanjim \u017eivljenjem.","robots":{"index":"index","follow":"follow","max-snippet":"max-snippet:-1","max-image-preview":"max-image-preview:large","max-video-preview":"max-video-preview:-1"},"canonical":"https:\/\/www.mivam.com\/izdelek\/star-sentinel\/","og_locale":"en_US","og_type":"article","og_title":"STAR SENTINEL - Mi Vam","og_description":"STAR SENTINEL \"stra\u017ear\" Poganja Kalogon Pametna, inovativna, enostavna in intuitivna tehnologija dvigne va\u0161o izku\u0161njo na vi\u0161jo raven, saj vam omogo\u010da, da brezskrbno opravljate vsakdanje \u017eivljenje brez ro\u010dnih nastavitev. Sentinel opravi delo namesto vas.   Sentinel vam omogo\u010da vsakdanje \u017eivljenje tako, da nenehno spremlja tlak v blazini, vas opozarja na morebitne te\u017eave in se prilagaja glede na nadmorsko vi\u0161ino in spremembe v okolju.  Nenehno spremlja raven tlaka v blazini glede na shranjeno klini\u010dno nastavljeno raven zraka in ustrezno prilagaja blazino brez potrebe po ro\u010dnem pumpanju ali preverjanju z roko. S prilagajanjem spremembam v okolju in opozarjanjem na morebitne te\u017eave vam Sentinel omogo\u010da, da \u017eivite svoje vsakdanje \u017eivljenje, vsak dan.  Va\u0161 osebni stra\u017ear 'Sentinel' je angle\u0161ka beseda, ki pomeni - stra\u017ear, ki nenehno bdi in opozarja na morebitne te\u017eave.  S Sentinelom kot va\u0161im osebnim stra\u017earjem lahko mirno nadaljujete z vsakdanjim \u017eivljenjem.","og_url":"https:\/\/www.mivam.com\/izdelek\/star-sentinel\/","og_site_name":"Mi Vam","article_modified_time":"2026-03-18T14:38:48+00:00","og_image":[{"width":500,"height":500,"url":"https:\/\/www.mivam.com\/wp-content\/uploads\/2026\/03\/ams_solo_02_1000x10002.webp","type":"image\/webp"}],"twitter_card":"summary_large_image","twitter_misc":{"Est. reading time":"4 minutes"},"schema":{"@context":"https:\/\/schema.org","@graph":[{"@type":"WebPage","@id":"https:\/\/www.mivam.com\/izdelek\/star-sentinel\/","url":"https:\/\/www.mivam.com\/izdelek\/star-sentinel\/","name":"STAR SENTINEL - Mi Vam","isPartOf":{"@id":"https:\/\/www.mivam.com\/#website"},"primaryImageOfPage":{"@id":"https:\/\/www.mivam.com\/izdelek\/star-sentinel\/#primaryimage"},"image":{"@id":"https:\/\/www.mivam.com\/izdelek\/star-sentinel\/#primaryimage"},"thumbnailUrl":"https:\/\/www.mivam.com\/wp-content\/uploads\/2026\/03\/ams_solo_02_1000x10002.webp","datePublished":"2026-03-18T11:07:23+00:00","dateModified":"2026-03-18T14:38:48+00:00","description":"STAR SENTINEL \"stra\u017ear\" Poganja Kalogon Pametna, inovativna, enostavna in intuitivna tehnologija dvigne va\u0161o izku\u0161njo na vi\u0161jo raven, saj vam omogo\u010da, da brezskrbno opravljate vsakdanje \u017eivljenje brez ro\u010dnih nastavitev. Sentinel opravi delo namesto vas. Sentinel vam omogo\u010da vsakdanje \u017eivljenje tako, da nenehno spremlja tlak v blazini, vas opozarja na morebitne te\u017eave in se prilagaja glede na nadmorsko vi\u0161ino in spremembe v okolju. Nenehno spremlja raven tlaka v blazini glede na shranjeno klini\u010dno nastavljeno raven zraka in ustrezno prilagaja blazino brez potrebe po ro\u010dnem pumpanju ali preverjanju z roko. S prilagajanjem spremembam v okolju in opozarjanjem na morebitne te\u017eave vam Sentinel omogo\u010da, da \u017eivite svoje vsakdanje \u017eivljenje, vsak dan. Va\u0161 osebni stra\u017ear 'Sentinel' je angle\u0161ka beseda, ki pomeni - stra\u017ear, ki nenehno bdi in opozarja na morebitne te\u017eave. S Sentinelom kot va\u0161im osebnim stra\u017earjem lahko mirno nadaljujete z vsakdanjim \u017eivljenjem.","breadcrumb":{"@id":"https:\/\/www.mivam.com\/izdelek\/star-sentinel\/#breadcrumb"},"inLanguage":"en-US","potentialAction":[{"@type":"ReadAction","target":["https:\/\/www.mivam.com\/izdelek\/star-sentinel\/"]}]},{"@type":"ImageObject","inLanguage":"en-US","@id":"https:\/\/www.mivam.com\/izdelek\/star-sentinel\/#primaryimage","url":"https:\/\/www.mivam.com\/wp-content\/uploads\/2026\/03\/ams_solo_02_1000x10002.webp","contentUrl":"https:\/\/www.mivam.com\/wp-content\/uploads\/2026\/03\/ams_solo_02_1000x10002.webp","width":500,"height":500},{"@type":"BreadcrumbList","@id":"https:\/\/www.mivam.com\/izdelek\/star-sentinel\/#breadcrumb","itemListElement":[{"@type":"ListItem","position":1,"name":"Domov","item":"https:\/\/www.mivam.com\/"},{"@type":"ListItem","position":2,"name":"Shop","item":"https:\/\/www.mivam.com\/en\/shop\/"},{"@type":"ListItem","position":3,"name":"Invalidski vozi\u010dki in skuterji","item":"https:\/\/www.mivam.com\/kategorija-izdelka\/invalidski-vozicki-in-skuterji\/"},{"@type":"ListItem","position":4,"name":"Antidekubitusne blazine","item":"https:\/\/www.mivam.com\/kategorija-izdelka\/invalidski-vozicki-in-skuterji\/antidekubitusne-blazine\/"},{"@type":"ListItem","position":5,"name":"STAR SENTINEL"}]},{"@type":"WebSite","@id":"https:\/\/www.mivam.com\/#website","url":"https:\/\/www.mivam.com\/","name":"Mi Vam","description":"Medicinski pripomo\u010dki in re\u0161itve za manj odvisno \u017eivljenje.","potentialAction":[{"@type":"SearchAction","target":{"@type":"EntryPoint","urlTemplate":"https:\/\/www.mivam.com\/?s={search_term_string}"},"query-input":{"@type":"PropertyValueSpecification","valueRequired":true,"valueName":"search_term_string"}}],"inLanguage":"en-US"}]}},"_links":{"self":[{"href":"https:\/\/www.mivam.com\/en\/wp-json\/wp\/v2\/product\/10778","targetHints":{"allow":["GET"]}}],"collection":[{"href":"https:\/\/www.mivam.com\/en\/wp-json\/wp\/v2\/product"}],"about":[{"href":"https:\/\/www.mivam.com\/en\/wp-json\/wp\/v2\/types\/product"}],"replies":[{"embeddable":true,"href":"https:\/\/www.mivam.com\/en\/wp-json\/wp\/v2\/comments?post=10778"}],"wp:featuredmedia":[{"embeddable":true,"href":"https:\/\/www.mivam.com\/en\/wp-json\/wp\/v2\/media\/10781"}],"wp:attachment":[{"href":"https:\/\/www.mivam.com\/en\/wp-json\/wp\/v2\/media?parent=10778"}],"wp:term":[{"taxonomy":"product_brand","embeddable":true,"href":"https:\/\/www.mivam.com\/en\/wp-json\/wp\/v2\/product_brand?post=10778"},{"taxonomy":"product_cat","embeddable":true,"href":"https:\/\/www.mivam.com\/en\/wp-json\/wp\/v2\/product_cat?post=10778"},{"taxonomy":"product_tag","embeddable":true,"href":"https:\/\/www.mivam.com\/en\/wp-json\/wp\/v2\/product_tag?post=10778"}],"curies":[{"name":"wp","href":"https:\/\/api.w.org\/{rel}","templated":true}]}}