{"id":10757,"date":"2026-03-18T10:49:08","date_gmt":"2026-03-18T09:49:08","guid":{"rendered":"https:\/\/www.mivam.com\/?post_type=product&#038;p=10757"},"modified":"2026-03-18T15:23:24","modified_gmt":"2026-03-18T14:23:24","slug":"v-trak-hrbtni-nasloni","status":"publish","type":"product","link":"https:\/\/www.mivam.com\/en\/izdelek\/v-trak-hrbtni-nasloni\/","title":{"rendered":"V-TRAK HRBTNI NASLON"},"content":{"rendered":"<div class=\"wpb-content-wrapper\"><p>[vc_row full_width=&#8221;stretch_row&#8221; css=&#8221;.vc_custom_1773653757318{background-color: #fffcfc !important;}&#8221; el_class=&#8221;single-product-wide-img&#8221;][vc_column][vc_empty_space height=&#8221;60px&#8221;][vc_column_text]<\/p>\n<h2 style=\"text-align: center\">Podrobnosti:<\/h2>\n<p>[\/vc_column_text][vc_empty_space height=&#8221;40px&#8221;][vc_row_inner][vc_column_inner width=&#8221;1\/2&#8243;][vc_column_text]<\/p>\n<h3 class=\"product-page-feature-tour-header\">V-TRAK Globoko konturno segmentirano<\/h3>\n<p>Globoko konturni segmentirani hrbet iz V-Traka je sestavljen iz treh posameznih kalupov (segmentov), \u200b\u200bki omogo\u010dajo izdelavo izjemnega nabora pediatri\u010dnih ali odraslih velikosti in oblik iz razli\u010dnih modularnih delov.<\/p>\n<p>Vsak segment ima vse posebnosti konturnih naslonjal. Imajo vgrajene stranske opore za ve\u010djo stabilnost, notranje trakove za ledveno profiliranje ter za nastavitev pro\u017enosti in ob\u010dutka naslonjala.<\/p>\n<p>Za razliko od naslonjal Contour je segmentirano naslonjalo opremljeno s strojno opremo V-Trak CMA za neprimerljivo raven nastavitve.[\/vc_column_text][\/vc_column_inner][vc_column_inner width=&#8221;1\/2&#8243;][vc_single_image image=&#8221;10766&#8243; alignment=&#8221;center&#8221;][\/vc_column_inner][\/vc_row_inner][vc_empty_space height=&#8221;40px&#8221;][vc_empty_space height=&#8221;40px&#8221;][vc_row_inner][vc_column_inner width=&#8221;1\/2&#8243;][vc_column_text]<\/p>\n<h3 class=\"product-page-feature-tour-header\">V-TRAK V3 Globoko konturiranje<\/h3>\n<p>V3 Deep Contour je zelo prilagodljiv, ve\u010dkrat nastavljiv hrbtni naslon znamke V-Trak.<\/p>\n<p>Srednje velik hrbtni del je na voljo v razli\u010dnih \u0161irinah in vi\u0161inah, da ustreza \u0161irokemu razponu uporabni\u0161kih zahtev. V3 uporablja tehnologijo prilagojene oblike z nastavljivo stransko oporo za prsni ko\u0161.<\/p>\n<p>Prilo\u017eena je nova strojna oprema V-Trak Lite za enostavno nastavitev in namestitev na stole z naslonjali velikosti 19 mm, 22 mm in 25 mm.[\/vc_column_text][\/vc_column_inner][vc_column_inner width=&#8221;1\/2&#8243;][vc_single_image image=&#8221;10764&#8243; alignment=&#8221;center&#8221;][\/vc_column_inner][\/vc_row_inner][vc_empty_space height=&#8221;40px&#8221;][vc_empty_space height=&#8221;40px&#8221;][vc_row_inner][vc_column_inner width=&#8221;1\/2&#8243;][vc_column_text]<\/p>\n<h3 class=\"product-page-feature-tour-header\">V-TRAK V2 Srednja kontura<\/h3>\n<p>V2 Medium Contour je zelo prilagodljiv, ve\u010dkrat nastavljiv hrbtni naslon znamke V-Trak.<\/p>\n<p>Srednje velik hrbtni del je na voljo v razli\u010dnih \u0161irinah in vi\u0161inah, da ustreza \u0161irokemu razponu uporabni\u0161kih zahtev. V2 (prej V-Trak Axxis Profile) uporablja tehnologijo po meri oblikovanja z nastavljivo stransko oporo za prsni ko\u0161.<\/p>\n<p>Prilo\u017eena je nova strojna oprema V-Trak Lite za enostavno nastavitev in namestitev na stole z naslonjali velikosti 19 mm, 22 mm in 25 mm.[\/vc_column_text][\/vc_column_inner][vc_column_inner width=&#8221;1\/2&#8243;][vc_single_image image=&#8221;10762&#8243; alignment=&#8221;center&#8221;][\/vc_column_inner][\/vc_row_inner][vc_empty_space height=&#8221;40px&#8221;][vc_empty_space height=&#8221;40px&#8221;][vc_row_inner][vc_column_inner width=&#8221;1\/2&#8243;][vc_column_text]<\/p>\n<h3 class=\"product-page-feature-tour-header\">V-TRAK V1 Plitva kontura<\/h3>\n<p>V1 Shallow Contour je zelo prilagodljiv, ve\u010dkrat nastavljiv hrbtni naslon znamke V-Trak.<\/p>\n<p>Plitva kontura hrbti\u0161\u010da je na voljo v razli\u010dnih \u0161irinah in vi\u0161inah, da ustreza \u0161irokemu razponu uporabni\u0161kih zahtev. V1 (prej V-Trak Axxis) uporablja tehnologijo po meri z nastavljivo stransko oporo prsnega ko\u0161a.<\/p>\n<p>Prilo\u017eena je nova strojna oprema V-Trak Lite za enostavno nastavitev in namestitev na stole z naslonjali velikosti 19 mm, 22 mm in 25 mm.[\/vc_column_text][\/vc_column_inner][vc_column_inner width=&#8221;1\/2&#8243;][vc_single_image image=&#8221;10760&#8243; alignment=&#8221;center&#8221;][\/vc_column_inner][\/vc_row_inner][vc_empty_space height=&#8221;40px&#8221;][vc_empty_space height=&#8221;40px&#8221;][vc_empty_space height=&#8221;40px&#8221;][vc_column_text]<\/p>\n<h2 style=\"text-align: center\">Na voljo je \u0161iroka paleta velikosti<\/h2>\n<h3 style=\"text-align: center\">Re\u0161itve za hrbet V-Trak Parallel Contour so na voljo v \u0161iroki paleti velikosti, odvisno od va\u0161ih zahtev.<\/h3>\n<p>[\/vc_column_text][vc_column_text]<\/p>\n<div class=\"specTable specTableWithHeaders\">\n<table>\n<thead>\n<tr>\n<th>Vi\u0161ina hrbta<\/th>\n<th>Majhna (\u0160irina)<\/th>\n<th>Srednja (\u0160irina)<\/th>\n<th>Velika (\u0160irina)<\/th>\n<th>Zelo velika (\u0160irina)<\/th>\n<\/tr>\n<\/thead>\n<tbody>\n<tr>\n<td>30 cm<\/td>\n<td>24\u201330 cm<\/td>\n<td>27\u201333 cm<\/td>\n<td>31\u201337 cm<\/td>\n<td>35\u201343 cm<\/td>\n<\/tr>\n<tr>\n<td>40 cm<\/td>\n<td>Ni na voljo<\/td>\n<td>27\u201333 cm<\/td>\n<td>31\u201337 cm<\/td>\n<td>35\u201343 cm<\/td>\n<\/tr>\n<tr>\n<td>50 cm<\/td>\n<td>Ni na voljo<\/td>\n<td>27\u201333 cm<\/td>\n<td>31\u201337 cm<\/td>\n<td>35\u201343 cm<\/td>\n<\/tr>\n<tr>\n<td>60 cm<\/td>\n<td>Ni na voljo<\/td>\n<td>27\u201333 cm<\/td>\n<td>31\u201337 cm<\/td>\n<td>35\u201343 cm<\/td>\n<\/tr>\n<\/tbody>\n<\/table>\n<ul>\n<li>\u010ce va\u0161e mere zgoraj ne najdete, brez skrbi; Na voljo tudi ve\u010d drugih \u0161irin na podlagi velikosti hrbtnega naslona (mere zgoraj so okvirne na podlagi najbolj popularno izbranih)<\/li>\n<\/ul>\n<\/div>\n<p>[\/vc_column_text][vc_empty_space height=&#8221;40px&#8221;][vc_empty_space height=&#8221;60px&#8221;][vc_row_inner][vc_column_inner width=&#8221;1\/2&#8243;][vc_column_text]<\/p>\n<h3 class=\"product-page-feature-tour-header\">Visoko nastavljiv<\/h3>\n<p>Tudi s pravilno izbrano velikostjo so re\u0161itve za naslonjalo V-Trak contour zelo prilagodljive, da zadovoljijo \u0161irok spekter potreb uporabnikov.<\/p>\n<p>Prilagoditve so mogo\u010de pri stranskih oporah, vi\u0161ini naslonjala in kotu vsakega segmenta, da se prilagodijo in podprejo polo\u017eaji, ki so pogosto te\u017eavni \u2013 na primer lordoza.[\/vc_column_text][\/vc_column_inner][vc_column_inner width=&#8221;1\/2&#8243;][vc_single_image image=&#8221;10773&#8243; alignment=&#8221;center&#8221;][\/vc_column_inner][\/vc_row_inner][vc_empty_space height=&#8221;60px&#8221;][vc_row_inner][vc_column_inner width=&#8221;1\/2&#8243;][vc_single_image image=&#8221;10771&#8243; alignment=&#8221;center&#8221;][\/vc_column_inner][vc_column_inner width=&#8221;1\/2&#8243;][vc_column_text]<\/p>\n<h3 class=\"product-page-feature-tour-header\">Zra\u010den material<\/h3>\n<p>Konturna naslonjala V-Trak so zasnovana tako, da so zra\u010dna. To je dose\u017eeno s \u010drno distan\u010dno tkanino, ki je dobavljena kot standard.<\/p>\n<p>Ta 3D konstrukcija materiala zmanj\u0161uje kopi\u010denje toplote, omogo\u010da enakomerno kro\u017eenje zraka in zagotavlja visok prenos vlage.[\/vc_column_text][\/vc_column_inner][\/vc_row_inner][vc_empty_space height=&#8221;60px&#8221;][vc_row_inner][vc_column_inner width=&#8221;1\/2&#8243;][vc_column_text]<\/p>\n<h3 class=\"product-page-feature-tour-header\">Ledvena opora<\/h3>\n<p>Zasnova hrbtnih naslonjal V-Trak Contour omogo\u010da enostavno nastavitev ledvenega profila s pomo\u010djo 4 notranjih vodoravnih trakov, ki jih je mogo\u010de posami\u010dno napeti.<\/p>\n<p>Ti posebej izdelani notranji in nastavljivi kompozitni podporni trakovi so zasnovani tako, da spreminjajo obliko in ob\u010dutek naslonjala za popolno re\u0161itev.[\/vc_column_text][\/vc_column_inner][vc_column_inner width=&#8221;1\/2&#8243;][vc_single_image image=&#8221;10769&#8243; alignment=&#8221;center&#8221;][\/vc_column_inner][\/vc_row_inner][vc_empty_space height=&#8221;60px&#8221;][vc_empty_space height=&#8221;60px&#8221;][vc_empty_space height=&#8221;60px&#8221;][vc_empty_space height=&#8221;60px&#8221;][\/vc_column][\/vc_row]<\/p>\n<\/div>","protected":false},"excerpt":{"rendered":"<h3 class=\"product-page-catalyst-hero-text-title\">V-TRAK je britanski proizvajalec re\u0161itev za naslonjala invalidskih vozi\u010dkov, ki je usmerjen v oblikovanje.<\/h3>\n<div class=\"product-page-catalyst-hero-text-title\">\n<p>Znani po vsestranskosti, prilagodljivosti in mo\u017enosti nastavljanja \u2013 naslonjala V-Trak so zasnovana tako, da premostijo vrzel med osnovnimi sede\u017ei za invalidske vozi\u010dke in oblikovanimi re\u0161itvami.<br \/>\nMI VAM ponuja celotno paleto naslonjal za invalidske vozi\u010dke znamke V-Trak, na povpra\u0161evanje pa so na voljo tudi testiranja ali predstavitev.<\/p>\n<\/div>\n","protected":false},"featured_media":10758,"comment_status":"closed","ping_status":"closed","template":"","meta":[],"product_brand":[],"product_cat":[222,41,36,77],"product_tag":[986,92,85,981,984,989,987,985,988],"class_list":{"0":"post-10757","1":"product","2":"type-product","3":"status-publish","4":"has-post-thumbnail","6":"product_cat-invalidski-vozicki-in-skuterji","7":"product_cat-antidekubitusne-blazine","8":"product_cat-invalidski-vozicki-na-rocni-pogon","9":"product_cat-dodatki-za-invalidski-vozicek","10":"product_tag-aktivni-hrbtni-naslon","11":"product_tag-antidekubitusna","12":"product_tag-blazina","13":"product_tag-hrbtni-nasloni","14":"product_tag-prilagodljivi-hrbtni-naslon","15":"product_tag-trak","16":"product_tag-trdi","17":"product_tag-trdi-hrbtni-naslon","18":"product_tag-v-trak","20":"first","21":"onbackorder","22":"taxable","23":"shipping-taxable","24":"product-type-simple"},"yoast_head":"<!-- This site is optimized with the Yoast SEO plugin v24.0 - https:\/\/yoast.com\/wordpress\/plugins\/seo\/ -->\n<title>V-TRAK HRBTNI NASLON - Mi Vam<\/title>\n<meta name=\"description\" content=\"V-TRAK je britanski proizvajalec re\u0161itev za naslonjala invalidskih vozi\u010dkov, ki je usmerjen v oblikovanje.   Znani po vsestranskosti, prilagodljivosti in mo\u017enosti nastavljanja \u2013 naslonjala V-Trak so zasnovana tako, da premostijo vrzel med osnovnimi sede\u017ei za invalidske vozi\u010dke in oblikovanimi re\u0161itvami. MI VAM ponuja celotno paleto naslonjal za invalidske vozi\u010dke znamke V-Trak, na povpra\u0161evanje pa so na voljo tudi testiranja ali predstavitev.\" \/>\n<meta name=\"robots\" content=\"index, follow, max-snippet:-1, max-image-preview:large, max-video-preview:-1\" \/>\n<link rel=\"canonical\" href=\"https:\/\/www.mivam.com\/izdelek\/v-trak-hrbtni-nasloni\/\" \/>\n<meta property=\"og:locale\" content=\"en_US\" \/>\n<meta property=\"og:type\" content=\"article\" \/>\n<meta property=\"og:title\" content=\"V-TRAK HRBTNI NASLON - Mi Vam\" \/>\n<meta property=\"og:description\" content=\"V-TRAK je britanski proizvajalec re\u0161itev za naslonjala invalidskih vozi\u010dkov, ki je usmerjen v oblikovanje.   Znani po vsestranskosti, prilagodljivosti in mo\u017enosti nastavljanja \u2013 naslonjala V-Trak so zasnovana tako, da premostijo vrzel med osnovnimi sede\u017ei za invalidske vozi\u010dke in oblikovanimi re\u0161itvami. MI VAM ponuja celotno paleto naslonjal za invalidske vozi\u010dke znamke V-Trak, na povpra\u0161evanje pa so na voljo tudi testiranja ali predstavitev.\" \/>\n<meta property=\"og:url\" content=\"https:\/\/www.mivam.com\/izdelek\/v-trak-hrbtni-nasloni\/\" \/>\n<meta property=\"og:site_name\" content=\"Mi Vam\" \/>\n<meta property=\"article:modified_time\" content=\"2026-03-18T14:23:24+00:00\" \/>\n<meta property=\"og:image\" content=\"https:\/\/www.mivam.com\/wp-content\/uploads\/2026\/03\/v-trak-786788.webp\" \/>\n\t<meta property=\"og:image:width\" content=\"1000\" \/>\n\t<meta property=\"og:image:height\" content=\"500\" \/>\n\t<meta property=\"og:image:type\" content=\"image\/webp\" \/>\n<meta name=\"twitter:card\" content=\"summary_large_image\" \/>\n<meta name=\"twitter:label1\" content=\"Est. reading time\" \/>\n\t<meta name=\"twitter:data1\" content=\"5 minutes\" \/>\n<script type=\"application\/ld+json\" class=\"yoast-schema-graph\">{\"@context\":\"https:\/\/schema.org\",\"@graph\":[{\"@type\":\"WebPage\",\"@id\":\"https:\/\/www.mivam.com\/izdelek\/v-trak-hrbtni-nasloni\/\",\"url\":\"https:\/\/www.mivam.com\/izdelek\/v-trak-hrbtni-nasloni\/\",\"name\":\"V-TRAK HRBTNI NASLON - Mi Vam\",\"isPartOf\":{\"@id\":\"https:\/\/www.mivam.com\/#website\"},\"primaryImageOfPage\":{\"@id\":\"https:\/\/www.mivam.com\/izdelek\/v-trak-hrbtni-nasloni\/#primaryimage\"},\"image\":{\"@id\":\"https:\/\/www.mivam.com\/izdelek\/v-trak-hrbtni-nasloni\/#primaryimage\"},\"thumbnailUrl\":\"https:\/\/www.mivam.com\/wp-content\/uploads\/2026\/03\/v-trak-786788.webp\",\"datePublished\":\"2026-03-18T09:49:08+00:00\",\"dateModified\":\"2026-03-18T14:23:24+00:00\",\"description\":\"V-TRAK je britanski proizvajalec re\u0161itev za naslonjala invalidskih vozi\u010dkov, ki je usmerjen v oblikovanje. Znani po vsestranskosti, prilagodljivosti in mo\u017enosti nastavljanja \u2013 naslonjala V-Trak so zasnovana tako, da premostijo vrzel med osnovnimi sede\u017ei za invalidske vozi\u010dke in oblikovanimi re\u0161itvami. MI VAM ponuja celotno paleto naslonjal za invalidske vozi\u010dke znamke V-Trak, na povpra\u0161evanje pa so na voljo tudi testiranja ali predstavitev.\",\"breadcrumb\":{\"@id\":\"https:\/\/www.mivam.com\/izdelek\/v-trak-hrbtni-nasloni\/#breadcrumb\"},\"inLanguage\":\"en-US\",\"potentialAction\":[{\"@type\":\"ReadAction\",\"target\":[\"https:\/\/www.mivam.com\/izdelek\/v-trak-hrbtni-nasloni\/\"]}]},{\"@type\":\"ImageObject\",\"inLanguage\":\"en-US\",\"@id\":\"https:\/\/www.mivam.com\/izdelek\/v-trak-hrbtni-nasloni\/#primaryimage\",\"url\":\"https:\/\/www.mivam.com\/wp-content\/uploads\/2026\/03\/v-trak-786788.webp\",\"contentUrl\":\"https:\/\/www.mivam.com\/wp-content\/uploads\/2026\/03\/v-trak-786788.webp\",\"width\":1000,\"height\":500},{\"@type\":\"BreadcrumbList\",\"@id\":\"https:\/\/www.mivam.com\/izdelek\/v-trak-hrbtni-nasloni\/#breadcrumb\",\"itemListElement\":[{\"@type\":\"ListItem\",\"position\":1,\"name\":\"Domov\",\"item\":\"https:\/\/www.mivam.com\/\"},{\"@type\":\"ListItem\",\"position\":2,\"name\":\"Shop\",\"item\":\"https:\/\/www.mivam.com\/en\/shop\/\"},{\"@type\":\"ListItem\",\"position\":3,\"name\":\"Invalidski vozi\u010dki in skuterji\",\"item\":\"https:\/\/www.mivam.com\/kategorija-izdelka\/invalidski-vozicki-in-skuterji\/\"},{\"@type\":\"ListItem\",\"position\":4,\"name\":\"Dodatki za invalidski vozi\u010dek\",\"item\":\"https:\/\/www.mivam.com\/kategorija-izdelka\/invalidski-vozicki-in-skuterji\/dodatki-za-invalidski-vozicek\/\"},{\"@type\":\"ListItem\",\"position\":5,\"name\":\"V-TRAK HRBTNI NASLON\"}]},{\"@type\":\"WebSite\",\"@id\":\"https:\/\/www.mivam.com\/#website\",\"url\":\"https:\/\/www.mivam.com\/\",\"name\":\"Mi Vam\",\"description\":\"Medicinski pripomo\u010dki in re\u0161itve za manj odvisno \u017eivljenje.\",\"potentialAction\":[{\"@type\":\"SearchAction\",\"target\":{\"@type\":\"EntryPoint\",\"urlTemplate\":\"https:\/\/www.mivam.com\/?s={search_term_string}\"},\"query-input\":{\"@type\":\"PropertyValueSpecification\",\"valueRequired\":true,\"valueName\":\"search_term_string\"}}],\"inLanguage\":\"en-US\"}]}<\/script>\n<!-- \/ Yoast SEO plugin. -->","yoast_head_json":{"title":"V-TRAK HRBTNI NASLON - Mi Vam","description":"V-TRAK je britanski proizvajalec re\u0161itev za naslonjala invalidskih vozi\u010dkov, ki je usmerjen v oblikovanje.   Znani po vsestranskosti, prilagodljivosti in mo\u017enosti nastavljanja \u2013 naslonjala V-Trak so zasnovana tako, da premostijo vrzel med osnovnimi sede\u017ei za invalidske vozi\u010dke in oblikovanimi re\u0161itvami. MI VAM ponuja celotno paleto naslonjal za invalidske vozi\u010dke znamke V-Trak, na povpra\u0161evanje pa so na voljo tudi testiranja ali predstavitev.","robots":{"index":"index","follow":"follow","max-snippet":"max-snippet:-1","max-image-preview":"max-image-preview:large","max-video-preview":"max-video-preview:-1"},"canonical":"https:\/\/www.mivam.com\/izdelek\/v-trak-hrbtni-nasloni\/","og_locale":"en_US","og_type":"article","og_title":"V-TRAK HRBTNI NASLON - Mi Vam","og_description":"V-TRAK je britanski proizvajalec re\u0161itev za naslonjala invalidskih vozi\u010dkov, ki je usmerjen v oblikovanje.   Znani po vsestranskosti, prilagodljivosti in mo\u017enosti nastavljanja \u2013 naslonjala V-Trak so zasnovana tako, da premostijo vrzel med osnovnimi sede\u017ei za invalidske vozi\u010dke in oblikovanimi re\u0161itvami. MI VAM ponuja celotno paleto naslonjal za invalidske vozi\u010dke znamke V-Trak, na povpra\u0161evanje pa so na voljo tudi testiranja ali predstavitev.","og_url":"https:\/\/www.mivam.com\/izdelek\/v-trak-hrbtni-nasloni\/","og_site_name":"Mi Vam","article_modified_time":"2026-03-18T14:23:24+00:00","og_image":[{"width":1000,"height":500,"url":"https:\/\/www.mivam.com\/wp-content\/uploads\/2026\/03\/v-trak-786788.webp","type":"image\/webp"}],"twitter_card":"summary_large_image","twitter_misc":{"Est. reading time":"5 minutes"},"schema":{"@context":"https:\/\/schema.org","@graph":[{"@type":"WebPage","@id":"https:\/\/www.mivam.com\/izdelek\/v-trak-hrbtni-nasloni\/","url":"https:\/\/www.mivam.com\/izdelek\/v-trak-hrbtni-nasloni\/","name":"V-TRAK HRBTNI NASLON - Mi Vam","isPartOf":{"@id":"https:\/\/www.mivam.com\/#website"},"primaryImageOfPage":{"@id":"https:\/\/www.mivam.com\/izdelek\/v-trak-hrbtni-nasloni\/#primaryimage"},"image":{"@id":"https:\/\/www.mivam.com\/izdelek\/v-trak-hrbtni-nasloni\/#primaryimage"},"thumbnailUrl":"https:\/\/www.mivam.com\/wp-content\/uploads\/2026\/03\/v-trak-786788.webp","datePublished":"2026-03-18T09:49:08+00:00","dateModified":"2026-03-18T14:23:24+00:00","description":"V-TRAK je britanski proizvajalec re\u0161itev za naslonjala invalidskih vozi\u010dkov, ki je usmerjen v oblikovanje. Znani po vsestranskosti, prilagodljivosti in mo\u017enosti nastavljanja \u2013 naslonjala V-Trak so zasnovana tako, da premostijo vrzel med osnovnimi sede\u017ei za invalidske vozi\u010dke in oblikovanimi re\u0161itvami. MI VAM ponuja celotno paleto naslonjal za invalidske vozi\u010dke znamke V-Trak, na povpra\u0161evanje pa so na voljo tudi testiranja ali predstavitev.","breadcrumb":{"@id":"https:\/\/www.mivam.com\/izdelek\/v-trak-hrbtni-nasloni\/#breadcrumb"},"inLanguage":"en-US","potentialAction":[{"@type":"ReadAction","target":["https:\/\/www.mivam.com\/izdelek\/v-trak-hrbtni-nasloni\/"]}]},{"@type":"ImageObject","inLanguage":"en-US","@id":"https:\/\/www.mivam.com\/izdelek\/v-trak-hrbtni-nasloni\/#primaryimage","url":"https:\/\/www.mivam.com\/wp-content\/uploads\/2026\/03\/v-trak-786788.webp","contentUrl":"https:\/\/www.mivam.com\/wp-content\/uploads\/2026\/03\/v-trak-786788.webp","width":1000,"height":500},{"@type":"BreadcrumbList","@id":"https:\/\/www.mivam.com\/izdelek\/v-trak-hrbtni-nasloni\/#breadcrumb","itemListElement":[{"@type":"ListItem","position":1,"name":"Domov","item":"https:\/\/www.mivam.com\/"},{"@type":"ListItem","position":2,"name":"Shop","item":"https:\/\/www.mivam.com\/en\/shop\/"},{"@type":"ListItem","position":3,"name":"Invalidski vozi\u010dki in skuterji","item":"https:\/\/www.mivam.com\/kategorija-izdelka\/invalidski-vozicki-in-skuterji\/"},{"@type":"ListItem","position":4,"name":"Dodatki za invalidski vozi\u010dek","item":"https:\/\/www.mivam.com\/kategorija-izdelka\/invalidski-vozicki-in-skuterji\/dodatki-za-invalidski-vozicek\/"},{"@type":"ListItem","position":5,"name":"V-TRAK HRBTNI NASLON"}]},{"@type":"WebSite","@id":"https:\/\/www.mivam.com\/#website","url":"https:\/\/www.mivam.com\/","name":"Mi Vam","description":"Medicinski pripomo\u010dki in re\u0161itve za manj odvisno \u017eivljenje.","potentialAction":[{"@type":"SearchAction","target":{"@type":"EntryPoint","urlTemplate":"https:\/\/www.mivam.com\/?s={search_term_string}"},"query-input":{"@type":"PropertyValueSpecification","valueRequired":true,"valueName":"search_term_string"}}],"inLanguage":"en-US"}]}},"_links":{"self":[{"href":"https:\/\/www.mivam.com\/en\/wp-json\/wp\/v2\/product\/10757","targetHints":{"allow":["GET"]}}],"collection":[{"href":"https:\/\/www.mivam.com\/en\/wp-json\/wp\/v2\/product"}],"about":[{"href":"https:\/\/www.mivam.com\/en\/wp-json\/wp\/v2\/types\/product"}],"replies":[{"embeddable":true,"href":"https:\/\/www.mivam.com\/en\/wp-json\/wp\/v2\/comments?post=10757"}],"wp:featuredmedia":[{"embeddable":true,"href":"https:\/\/www.mivam.com\/en\/wp-json\/wp\/v2\/media\/10758"}],"wp:attachment":[{"href":"https:\/\/www.mivam.com\/en\/wp-json\/wp\/v2\/media?parent=10757"}],"wp:term":[{"taxonomy":"product_brand","embeddable":true,"href":"https:\/\/www.mivam.com\/en\/wp-json\/wp\/v2\/product_brand?post=10757"},{"taxonomy":"product_cat","embeddable":true,"href":"https:\/\/www.mivam.com\/en\/wp-json\/wp\/v2\/product_cat?post=10757"},{"taxonomy":"product_tag","embeddable":true,"href":"https:\/\/www.mivam.com\/en\/wp-json\/wp\/v2\/product_tag?post=10757"}],"curies":[{"name":"wp","href":"https:\/\/api.w.org\/{rel}","templated":true}]}}