{"id":10623,"date":"2026-03-18T08:05:51","date_gmt":"2026-03-18T07:05:51","guid":{"rendered":"https:\/\/www.mivam.com\/?post_type=product&#038;p=10623"},"modified":"2026-03-18T15:36:00","modified_gmt":"2026-03-18T14:36:00","slug":"varilite","status":"publish","type":"product","link":"https:\/\/www.mivam.com\/en\/izdelek\/varilite\/","title":{"rendered":"VARILITE"},"content":{"rendered":"<div class=\"wpb-content-wrapper\"><p>[vc_row full_width=&#8221;stretch_row&#8221; css=&#8221;.vc_custom_1773653757318{background-color: #fffcfc !important;}&#8221; el_class=&#8221;single-product-wide-img&#8221;][vc_column][vc_empty_space height=&#8221;60px&#8221;][vc_column_text]<\/p>\n<h2 style=\"text-align: center\">Sede\u017ei:<\/h2>\n<p>[\/vc_column_text][vc_row_inner][vc_column_inner width=&#8221;1\/4&#8243;][vc_single_image image=&#8221;10625&#8243; alignment=&#8221;center&#8221;]\t\r\n\t\t<a href=\"https:\/\/varilite-com.translate.goog\/products\/evolution?_x_tr_sl=en&_x_tr_tl=sl&_x_tr_hl=sl&_x_tr_pto=wapp\" target=\"_blank\" class=\"btn btn-primary btn-md flex-center\" id=\"\">\r\n    Evolution\u2122<\/a>\r\n\r\n\t\t[\/vc_column_inner][vc_column_inner width=&#8221;1\/4&#8243;][vc_single_image image=&#8221;10627&#8243; alignment=&#8221;center&#8221;]\t\r\n\t\t<a href=\"https:\/\/varilite-com.translate.goog\/products\/meridian%E2%84%A2?_x_tr_sl=en&_x_tr_tl=sl&_x_tr_hl=sl&_x_tr_pto=wapp\" target=\"_blank\" class=\"btn btn-primary btn-md flex-center\" id=\"\">\r\n    Meridian\u2122<\/a>\r\n\r\n\t\t[\/vc_column_inner][vc_column_inner width=&#8221;1\/4&#8243;][vc_single_image image=&#8221;10629&#8243; alignment=&#8221;center&#8221;]\t\r\n\t\t<a href=\"https:\/\/varilite-com.translate.goog\/products\/evolution-wave%E2%84%A2?_x_tr_sl=en&_x_tr_tl=sl&_x_tr_hl=sl&_x_tr_pto=wapp\" target=\"_blank\" class=\"btn btn-primary btn-md flex-center\" id=\"\">\r\n    Evolution Wave\u2122<\/a>\r\n\r\n\t\t[\/vc_column_inner][vc_column_inner width=&#8221;1\/4&#8243;][vc_single_image image=&#8221;10631&#8243; alignment=&#8221;center&#8221;]\t\r\n\t\t<a href=\"https:\/\/varilite-com.translate.goog\/products\/meridian-wave%E2%84%A2?_x_tr_sl=en&_x_tr_tl=sl&_x_tr_hl=sl&_x_tr_pto=wapp\" target=\"_blank\" class=\"btn btn-primary btn-md flex-center\" id=\"\">\r\n    Meridian Wave\u2122<\/a>\r\n\r\n\t\t[\/vc_column_inner][\/vc_row_inner][vc_empty_space height=&#8221;60px&#8221;][vc_row_inner][vc_column_inner width=&#8221;1\/4&#8243;][vc_single_image image=&#8221;10633&#8243; alignment=&#8221;center&#8221;]\t\r\n\t\t<a href=\"https:\/\/varilite-com.translate.goog\/products\/zoid%E2%84%A2?_x_tr_sl=en&_x_tr_tl=sl&_x_tr_hl=sl&_x_tr_pto=wapp\" target=\"_blank\" class=\"btn btn-primary btn-md flex-center\" id=\"\">\r\n    Zoid\u2122<\/a>\r\n\r\n\t\t[\/vc_column_inner][vc_column_inner width=&#8221;1\/4&#8243;][vc_single_image image=&#8221;10635&#8243; alignment=&#8221;center&#8221;]\t\r\n\t\t<a href=\"https:\/\/varilite-com.translate.goog\/products\/reflex%E2%84%A2?_x_tr_sl=en&_x_tr_tl=sl&_x_tr_hl=sl&_x_tr_pto=wapp\" target=\"_blank\" class=\"btn btn-primary btn-md flex-center\" id=\"\">\r\n    Reflex\u2122<\/a>\r\n\r\n\t\t[\/vc_column_inner][vc_column_inner width=&#8221;1\/4&#8243;][vc_single_image image=&#8221;10637&#8243; alignment=&#8221;center&#8221;]\t\r\n\t\t<a href=\"https:\/\/varilite-com.translate.goog\/products\/proform-nx%E2%84%A2?_x_tr_sl=en&_x_tr_tl=sl&_x_tr_hl=sl&_x_tr_pto=wapp\" target=\"_blank\" class=\"btn btn-primary btn-md flex-center\" id=\"\">\r\n    ProForm NX\u2122<\/a>\r\n\r\n\t\t[\/vc_column_inner][vc_column_inner width=&#8221;1\/4&#8243;][vc_single_image image=&#8221;10639&#8243; alignment=&#8221;center&#8221;]\t\r\n\t\t<a href=\"https:\/\/varilite-com.translate.goog\/products\/junior-seat-cushion?_x_tr_sl=en&_x_tr_tl=sl&_x_tr_hl=sl&_x_tr_pto=wapp\" target=\"_blank\" class=\"btn btn-primary btn-md flex-center\" id=\"\">\r\n    Sede\u017ena blazina JUNIOR<\/a>\r\n\r\n\t\t[\/vc_column_inner][\/vc_row_inner][vc_empty_space height=&#8221;60px&#8221;][vc_row_inner][vc_column_inner width=&#8221;1\/4&#8243;][vc_single_image image=&#8221;10641&#8243; alignment=&#8221;center&#8221;]\t\r\n\t\t<a href=\"https:\/\/varilite-com.translate.goog\/products\/wedge?_x_tr_sl=en&_x_tr_tl=sl&_x_tr_hl=sl&_x_tr_pto=wapp\" target=\"_blank\" class=\"btn btn-primary btn-md flex-center\" id=\"\">\r\n    Klin<\/a>\r\n\r\n\t\t[\/vc_column_inner][vc_column_inner width=&#8221;1\/4&#8243;][vc_single_image image=&#8221;10643&#8243; alignment=&#8221;center&#8221;]\t\r\n\t\t<a href=\"https:\/\/varilite-com.translate.goog\/products\/rigidizer?_x_tr_sl=en&_x_tr_tl=sl&_x_tr_hl=sl&_x_tr_pto=wapp\" target=\"_blank\" class=\"btn btn-primary btn-md flex-center\" id=\"\">\r\n    Utrjevalnik<\/a>\r\n\r\n\t\t[\/vc_column_inner][vc_column_inner width=&#8221;1\/4&#8243;][vc_single_image image=&#8221;10645&#8243; alignment=&#8221;center&#8221;]\t\r\n\t\t<a href=\"https:\/\/varilite-com.translate.goog\/products\/cheat-sheets%E2%84%A2?_x_tr_sl=en&_x_tr_tl=sl&_x_tr_hl=sl&_x_tr_pto=wapp\" target=\"_blank\" class=\"btn btn-primary btn-md flex-center\" id=\"\">\r\n    Cheat Sheets\u2122<\/a>\r\n\r\n\t\t[\/vc_column_inner][vc_column_inner width=&#8221;1\/4&#8243;][\/vc_column_inner][\/vc_row_inner][vc_empty_space height=&#8221;60px&#8221;][vc_empty_space height=&#8221;60px&#8221;][vc_empty_space height=&#8221;60px&#8221;][\/vc_column][\/vc_row]<\/p>\n<\/div>","protected":false},"excerpt":{"rendered":"<h3 class=\"product-page-catalyst-hero-text-title\">Blazina kombinacije pene in zra\u010dne komore, prve izbire za uporabnike invalidskih vozi\u010dkov.<\/h3>\n<div class=\"product-page-catalyst-hero-text-title\">Neodvisne raziskave so pokazale, da je VARILITE flotacijska zra\u010dna pena tehnologija \u0161t. 1 za zmanj\u0161anje udarcev in vibracij med sedenjem (RESNA 2000).<\/div>\n","protected":false},"featured_media":10625,"comment_status":"closed","ping_status":"closed","template":"","meta":[],"product_brand":[],"product_cat":[222,41],"product_tag":[267,244,243,92,85,979,980,978,968,973,971,702,972,975,160,977,970,976,974,967,97],"class_list":{"0":"post-10623","1":"product","2":"type-product","3":"status-publish","4":"has-post-thumbnail","6":"product_cat-invalidski-vozicki-in-skuterji","7":"product_cat-antidekubitusne-blazine","8":"product_tag-267","9":"product_tag-244","10":"product_tag-243","11":"product_tag-antidekubitusna","12":"product_tag-blazina","13":"product_tag-celice","14":"product_tag-celice-pena","15":"product_tag-dvojna-zrcna","16":"product_tag-enojna-zracna","17":"product_tag-evolution","18":"product_tag-meridian","19":"product_tag-pena","20":"product_tag-proform","21":"product_tag-reflex","22":"product_tag-sedezna-blazina","23":"product_tag-t-rv","24":"product_tag-varilite","25":"product_tag-wave","26":"product_tag-zoid","27":"product_tag-zracna-blazina","28":"product_tag-zracne-celice","30":"first","31":"onbackorder","32":"taxable","33":"shipping-taxable","34":"product-type-simple"},"yoast_head":"<!-- This site is optimized with the Yoast SEO plugin v24.0 - https:\/\/yoast.com\/wordpress\/plugins\/seo\/ -->\n<title>VARILITE - Mi Vam<\/title>\n<meta name=\"description\" content=\"Blazina kombinacije pene in zra\u010dne komore, prve izbire za uporabnike invalidskih vozi\u010dkov. Neodvisne raziskave so pokazale, da je VARILITE flotacijska zra\u010dna pena tehnologija \u0161t. 1 za zmanj\u0161anje udarcev in vibracij med sedenjem (RESNA 2000).\" \/>\n<meta name=\"robots\" content=\"index, follow, max-snippet:-1, max-image-preview:large, max-video-preview:-1\" \/>\n<link rel=\"canonical\" href=\"https:\/\/www.mivam.com\/izdelek\/varilite\/\" \/>\n<meta property=\"og:locale\" content=\"en_US\" \/>\n<meta property=\"og:type\" content=\"article\" \/>\n<meta property=\"og:title\" content=\"VARILITE - Mi Vam\" \/>\n<meta property=\"og:description\" content=\"Blazina kombinacije pene in zra\u010dne komore, prve izbire za uporabnike invalidskih vozi\u010dkov. Neodvisne raziskave so pokazale, da je VARILITE flotacijska zra\u010dna pena tehnologija \u0161t. 1 za zmanj\u0161anje udarcev in vibracij med sedenjem (RESNA 2000).\" \/>\n<meta property=\"og:url\" content=\"https:\/\/www.mivam.com\/izdelek\/varilite\/\" \/>\n<meta property=\"og:site_name\" content=\"Mi Vam\" \/>\n<meta property=\"article:modified_time\" content=\"2026-03-18T14:36:00+00:00\" \/>\n<meta property=\"og:image\" content=\"https:\/\/www.mivam.com\/wp-content\/uploads\/2026\/03\/vl_seating_evolution_psv_layers.webp\" \/>\n\t<meta property=\"og:image:width\" content=\"990\" \/>\n\t<meta property=\"og:image:height\" content=\"743\" \/>\n\t<meta property=\"og:image:type\" content=\"image\/webp\" \/>\n<meta name=\"twitter:card\" content=\"summary_large_image\" \/>\n<meta name=\"twitter:label1\" content=\"Est. reading time\" \/>\n\t<meta name=\"twitter:data1\" content=\"4 minutes\" \/>\n<script type=\"application\/ld+json\" class=\"yoast-schema-graph\">{\"@context\":\"https:\/\/schema.org\",\"@graph\":[{\"@type\":\"WebPage\",\"@id\":\"https:\/\/www.mivam.com\/izdelek\/varilite\/\",\"url\":\"https:\/\/www.mivam.com\/izdelek\/varilite\/\",\"name\":\"VARILITE - Mi Vam\",\"isPartOf\":{\"@id\":\"https:\/\/www.mivam.com\/#website\"},\"primaryImageOfPage\":{\"@id\":\"https:\/\/www.mivam.com\/izdelek\/varilite\/#primaryimage\"},\"image\":{\"@id\":\"https:\/\/www.mivam.com\/izdelek\/varilite\/#primaryimage\"},\"thumbnailUrl\":\"https:\/\/www.mivam.com\/wp-content\/uploads\/2026\/03\/vl_seating_evolution_psv_layers.webp\",\"datePublished\":\"2026-03-18T07:05:51+00:00\",\"dateModified\":\"2026-03-18T14:36:00+00:00\",\"description\":\"Blazina kombinacije pene in zra\u010dne komore, prve izbire za uporabnike invalidskih vozi\u010dkov. Neodvisne raziskave so pokazale, da je VARILITE flotacijska zra\u010dna pena tehnologija \u0161t. 1 za zmanj\u0161anje udarcev in vibracij med sedenjem (RESNA 2000).\",\"breadcrumb\":{\"@id\":\"https:\/\/www.mivam.com\/izdelek\/varilite\/#breadcrumb\"},\"inLanguage\":\"en-US\",\"potentialAction\":[{\"@type\":\"ReadAction\",\"target\":[\"https:\/\/www.mivam.com\/izdelek\/varilite\/\"]}]},{\"@type\":\"ImageObject\",\"inLanguage\":\"en-US\",\"@id\":\"https:\/\/www.mivam.com\/izdelek\/varilite\/#primaryimage\",\"url\":\"https:\/\/www.mivam.com\/wp-content\/uploads\/2026\/03\/vl_seating_evolution_psv_layers.webp\",\"contentUrl\":\"https:\/\/www.mivam.com\/wp-content\/uploads\/2026\/03\/vl_seating_evolution_psv_layers.webp\",\"width\":990,\"height\":743},{\"@type\":\"BreadcrumbList\",\"@id\":\"https:\/\/www.mivam.com\/izdelek\/varilite\/#breadcrumb\",\"itemListElement\":[{\"@type\":\"ListItem\",\"position\":1,\"name\":\"Domov\",\"item\":\"https:\/\/www.mivam.com\/\"},{\"@type\":\"ListItem\",\"position\":2,\"name\":\"Shop\",\"item\":\"https:\/\/www.mivam.com\/en\/shop\/\"},{\"@type\":\"ListItem\",\"position\":3,\"name\":\"Invalidski vozi\u010dki in skuterji\",\"item\":\"https:\/\/www.mivam.com\/kategorija-izdelka\/invalidski-vozicki-in-skuterji\/\"},{\"@type\":\"ListItem\",\"position\":4,\"name\":\"Antidekubitusne blazine\",\"item\":\"https:\/\/www.mivam.com\/kategorija-izdelka\/invalidski-vozicki-in-skuterji\/antidekubitusne-blazine\/\"},{\"@type\":\"ListItem\",\"position\":5,\"name\":\"VARILITE\"}]},{\"@type\":\"WebSite\",\"@id\":\"https:\/\/www.mivam.com\/#website\",\"url\":\"https:\/\/www.mivam.com\/\",\"name\":\"Mi Vam\",\"description\":\"Medicinski pripomo\u010dki in re\u0161itve za manj odvisno \u017eivljenje.\",\"potentialAction\":[{\"@type\":\"SearchAction\",\"target\":{\"@type\":\"EntryPoint\",\"urlTemplate\":\"https:\/\/www.mivam.com\/?s={search_term_string}\"},\"query-input\":{\"@type\":\"PropertyValueSpecification\",\"valueRequired\":true,\"valueName\":\"search_term_string\"}}],\"inLanguage\":\"en-US\"}]}<\/script>\n<!-- \/ Yoast SEO plugin. -->","yoast_head_json":{"title":"VARILITE - Mi Vam","description":"Blazina kombinacije pene in zra\u010dne komore, prve izbire za uporabnike invalidskih vozi\u010dkov. Neodvisne raziskave so pokazale, da je VARILITE flotacijska zra\u010dna pena tehnologija \u0161t. 1 za zmanj\u0161anje udarcev in vibracij med sedenjem (RESNA 2000).","robots":{"index":"index","follow":"follow","max-snippet":"max-snippet:-1","max-image-preview":"max-image-preview:large","max-video-preview":"max-video-preview:-1"},"canonical":"https:\/\/www.mivam.com\/izdelek\/varilite\/","og_locale":"en_US","og_type":"article","og_title":"VARILITE - Mi Vam","og_description":"Blazina kombinacije pene in zra\u010dne komore, prve izbire za uporabnike invalidskih vozi\u010dkov. Neodvisne raziskave so pokazale, da je VARILITE flotacijska zra\u010dna pena tehnologija \u0161t. 1 za zmanj\u0161anje udarcev in vibracij med sedenjem (RESNA 2000).","og_url":"https:\/\/www.mivam.com\/izdelek\/varilite\/","og_site_name":"Mi Vam","article_modified_time":"2026-03-18T14:36:00+00:00","og_image":[{"width":990,"height":743,"url":"https:\/\/www.mivam.com\/wp-content\/uploads\/2026\/03\/vl_seating_evolution_psv_layers.webp","type":"image\/webp"}],"twitter_card":"summary_large_image","twitter_misc":{"Est. reading time":"4 minutes"},"schema":{"@context":"https:\/\/schema.org","@graph":[{"@type":"WebPage","@id":"https:\/\/www.mivam.com\/izdelek\/varilite\/","url":"https:\/\/www.mivam.com\/izdelek\/varilite\/","name":"VARILITE - Mi Vam","isPartOf":{"@id":"https:\/\/www.mivam.com\/#website"},"primaryImageOfPage":{"@id":"https:\/\/www.mivam.com\/izdelek\/varilite\/#primaryimage"},"image":{"@id":"https:\/\/www.mivam.com\/izdelek\/varilite\/#primaryimage"},"thumbnailUrl":"https:\/\/www.mivam.com\/wp-content\/uploads\/2026\/03\/vl_seating_evolution_psv_layers.webp","datePublished":"2026-03-18T07:05:51+00:00","dateModified":"2026-03-18T14:36:00+00:00","description":"Blazina kombinacije pene in zra\u010dne komore, prve izbire za uporabnike invalidskih vozi\u010dkov. Neodvisne raziskave so pokazale, da je VARILITE flotacijska zra\u010dna pena tehnologija \u0161t. 1 za zmanj\u0161anje udarcev in vibracij med sedenjem (RESNA 2000).","breadcrumb":{"@id":"https:\/\/www.mivam.com\/izdelek\/varilite\/#breadcrumb"},"inLanguage":"en-US","potentialAction":[{"@type":"ReadAction","target":["https:\/\/www.mivam.com\/izdelek\/varilite\/"]}]},{"@type":"ImageObject","inLanguage":"en-US","@id":"https:\/\/www.mivam.com\/izdelek\/varilite\/#primaryimage","url":"https:\/\/www.mivam.com\/wp-content\/uploads\/2026\/03\/vl_seating_evolution_psv_layers.webp","contentUrl":"https:\/\/www.mivam.com\/wp-content\/uploads\/2026\/03\/vl_seating_evolution_psv_layers.webp","width":990,"height":743},{"@type":"BreadcrumbList","@id":"https:\/\/www.mivam.com\/izdelek\/varilite\/#breadcrumb","itemListElement":[{"@type":"ListItem","position":1,"name":"Domov","item":"https:\/\/www.mivam.com\/"},{"@type":"ListItem","position":2,"name":"Shop","item":"https:\/\/www.mivam.com\/en\/shop\/"},{"@type":"ListItem","position":3,"name":"Invalidski vozi\u010dki in skuterji","item":"https:\/\/www.mivam.com\/kategorija-izdelka\/invalidski-vozicki-in-skuterji\/"},{"@type":"ListItem","position":4,"name":"Antidekubitusne blazine","item":"https:\/\/www.mivam.com\/kategorija-izdelka\/invalidski-vozicki-in-skuterji\/antidekubitusne-blazine\/"},{"@type":"ListItem","position":5,"name":"VARILITE"}]},{"@type":"WebSite","@id":"https:\/\/www.mivam.com\/#website","url":"https:\/\/www.mivam.com\/","name":"Mi Vam","description":"Medicinski pripomo\u010dki in re\u0161itve za manj odvisno \u017eivljenje.","potentialAction":[{"@type":"SearchAction","target":{"@type":"EntryPoint","urlTemplate":"https:\/\/www.mivam.com\/?s={search_term_string}"},"query-input":{"@type":"PropertyValueSpecification","valueRequired":true,"valueName":"search_term_string"}}],"inLanguage":"en-US"}]}},"_links":{"self":[{"href":"https:\/\/www.mivam.com\/en\/wp-json\/wp\/v2\/product\/10623","targetHints":{"allow":["GET"]}}],"collection":[{"href":"https:\/\/www.mivam.com\/en\/wp-json\/wp\/v2\/product"}],"about":[{"href":"https:\/\/www.mivam.com\/en\/wp-json\/wp\/v2\/types\/product"}],"replies":[{"embeddable":true,"href":"https:\/\/www.mivam.com\/en\/wp-json\/wp\/v2\/comments?post=10623"}],"wp:featuredmedia":[{"embeddable":true,"href":"https:\/\/www.mivam.com\/en\/wp-json\/wp\/v2\/media\/10625"}],"wp:attachment":[{"href":"https:\/\/www.mivam.com\/en\/wp-json\/wp\/v2\/media?parent=10623"}],"wp:term":[{"taxonomy":"product_brand","embeddable":true,"href":"https:\/\/www.mivam.com\/en\/wp-json\/wp\/v2\/product_brand?post=10623"},{"taxonomy":"product_cat","embeddable":true,"href":"https:\/\/www.mivam.com\/en\/wp-json\/wp\/v2\/product_cat?post=10623"},{"taxonomy":"product_tag","embeddable":true,"href":"https:\/\/www.mivam.com\/en\/wp-json\/wp\/v2\/product_tag?post=10623"}],"curies":[{"name":"wp","href":"https:\/\/api.w.org\/{rel}","templated":true}]}}