{"id":10552,"date":"2026-03-18T07:23:52","date_gmt":"2026-03-18T06:23:52","guid":{"rendered":"https:\/\/www.mivam.com\/?post_type=product&#038;p=10552"},"modified":"2026-03-18T15:39:38","modified_gmt":"2026-03-18T14:39:38","slug":"axiom-air-lte","status":"publish","type":"product","link":"https:\/\/www.mivam.com\/en\/izdelek\/axiom-air-lte\/","title":{"rendered":"AXIOM AIR LTE"},"content":{"rendered":"<div class=\"wpb-content-wrapper\"><p>[vc_row full_width=&#8221;stretch_row&#8221; css=&#8221;.vc_custom_1773653757318{background-color: #fffcfc !important;}&#8221; el_class=&#8221;single-product-wide-img&#8221;][vc_column][vc_empty_space height=&#8221;60px&#8221;][vc_column_text]<\/p>\n<h2 style=\"text-align: center\">Podrobnosti:<\/h2>\n<p>[\/vc_column_text][vc_row_inner][vc_column_inner width=&#8221;1\/2&#8243;][vc_single_image image=&#8221;10539&#8243; alignment=&#8221;center&#8221;][\/vc_column_inner][vc_column_inner width=&#8221;1\/2&#8243;][vc_column_text]<\/p>\n<h3 class=\"product-page-feature-tour-header\">Lahka in priro\u010dna<\/h3>\n<p class=\"product-page-feature-tour-header\">Zasnova z enim ventilom omogo\u010da priro\u010dno in enostavno nastavitev (prilo\u017eena je enostavna ro\u010dna \u010drpalka). S te\u017eo 0,45 kg* je ta lahka mo\u017enost vsestranska v svojih aplikacijah; ne glede na to, ali potrebujete sede\u017e za invalidski vozi\u010dek, stol v dnevni sobi ali klop v parku.<\/p>\n<p>[\/vc_column_text][\/vc_column_inner][\/vc_row_inner][vc_empty_space height=&#8221;60px&#8221;][vc_row_inner][vc_column_inner width=&#8221;1\/2&#8243;][vc_column_text]<\/p>\n<h3 class=\"product-page-feature-tour-header\">Prilega se va\u0161i obliki telesa<\/h3>\n<p class=\"product-page-feature-tour-header\">Medsebojno povezane 3-pal\u010dne zra\u010dne celice se prilagajajo edinstveni obliki in gibanju telesa. Rezultat je udobna sede\u017ena povr\u0161ina, ki lahko pomaga zmanj\u0161ati povr\u0161insko napetost in izbolj\u0161ati prerazporeditev pritiska.<\/p>\n<p>[\/vc_column_text][\/vc_column_inner][vc_column_inner width=&#8221;1\/2&#8243;][vc_single_image image=&#8221;10614&#8243; alignment=&#8221;center&#8221;][\/vc_column_inner][\/vc_row_inner][vc_empty_space height=&#8221;60px&#8221;][vc_empty_space height=&#8221;60px&#8221;][vc_column_text]<\/p>\n<h2 style=\"text-align: center\">Specifikacije:<\/h2>\n<p>[\/vc_column_text][vc_row_inner][vc_column_inner][vc_column_text]<\/p>\n<div class=\"specTable specTablefiftyfifty\">\n<table>\n<tbody>\n<tr class=\"specTableRowGrey\">\n<td class=\"specTableRowHeader\">Dimenzije<\/td>\n<td>40,6 \u00d7 40,6 cm<br \/>\n40,6 \u00d7 45,7 cm<br \/>\n45,7 \u00d7 40,6 cm<br \/>\n45,7 \u00d7 45,7 cm<\/td>\n<\/tr>\n<tr>\n<td class=\"specTableRowHeader\">Vi\u0161ina<\/td>\n<td>7,6 cm<\/td>\n<\/tr>\n<tr class=\"specTableRowGrey\">\n<td class=\"specTableRowHeader\">Te\u017ea*<\/td>\n<td>0,5 kg<\/td>\n<\/tr>\n<\/tbody>\n<\/table>\n<div class=\"product-page-feature-tour-par product-page-indent-disclaimer\">\n<div class=\"product-page-spec-footnote-item\"><span class=\"ki-red-asterik\">*<\/span> Te\u017ea izdelka se razlikuje glede na velikost blazine.<\/div>\n<\/div>\n<\/div>\n<p>[\/vc_column_text][\/vc_column_inner][\/vc_row_inner][vc_empty_space height=&#8221;60px&#8221;][vc_empty_space height=&#8221;60px&#8221;][\/vc_column][\/vc_row]<\/p>\n<\/div>","protected":false},"excerpt":{"rendered":"<h3 class=\"product-page-catalyst-hero-text-title\">Lahka. Nastavljiva. Vsestranska.<\/h3>\n<div class=\"product-page-catalyst-hero-text-title\">Axiom Air LTE ponuja enostavno nastavitev, udobje in kakovostno izdelavo, ki ustreza razli\u010dnim negovalnim okoljem. Axiom Air LTE je vsestranska re\u0161itev povsod, kjer \u017eelite udoben sede\u017e.<\/div>\n","protected":false},"featured_media":10620,"comment_status":"closed","ping_status":"closed","template":"","meta":[],"product_brand":[],"product_cat":[222,41],"product_tag":[267,244,243,965,964,92,963,85,969,968,100,921,920,966,160,967,97],"class_list":{"0":"post-10552","1":"product","2":"type-product","3":"status-publish","4":"has-post-thumbnail","6":"product_cat-invalidski-vozicki-in-skuterji","7":"product_cat-antidekubitusne-blazine","8":"product_tag-267","9":"product_tag-244","10":"product_tag-243","11":"product_tag-air","12":"product_tag-air-lte","13":"product_tag-antidekubitusna","14":"product_tag-axiom-air-lte","15":"product_tag-blazina","16":"product_tag-enojna-axiom","17":"product_tag-enojna-zracna","18":"product_tag-etac","19":"product_tag-ki","20":"product_tag-ki-mobility","21":"product_tag-lte","22":"product_tag-sedezna-blazina","23":"product_tag-zracna-blazina","24":"product_tag-zracne-celice","26":"first","27":"onbackorder","28":"taxable","29":"shipping-taxable","30":"product-type-simple"},"yoast_head":"<!-- This site is optimized with the Yoast SEO plugin v24.0 - https:\/\/yoast.com\/wordpress\/plugins\/seo\/ -->\n<title>AXIOM AIR LTE - Mi Vam<\/title>\n<meta name=\"description\" content=\"Lahka. Nastavljiva. Vsestranska. Axiom Air LTE ponuja enostavno nastavitev, udobje in kakovostno izdelavo, ki ustreza razli\u010dnim negovalnim okoljem. Axiom Air LTE je vsestranska re\u0161itev povsod, kjer \u017eelite udoben sede\u017e.\" \/>\n<meta name=\"robots\" content=\"index, follow, max-snippet:-1, max-image-preview:large, max-video-preview:-1\" \/>\n<link rel=\"canonical\" href=\"https:\/\/www.mivam.com\/izdelek\/axiom-air-lte\/\" \/>\n<meta property=\"og:locale\" content=\"en_US\" \/>\n<meta property=\"og:type\" content=\"article\" \/>\n<meta property=\"og:title\" content=\"AXIOM AIR LTE - Mi Vam\" \/>\n<meta property=\"og:description\" content=\"Lahka. Nastavljiva. Vsestranska. Axiom Air LTE ponuja enostavno nastavitev, udobje in kakovostno izdelavo, ki ustreza razli\u010dnim negovalnim okoljem. Axiom Air LTE je vsestranska re\u0161itev povsod, kjer \u017eelite udoben sede\u017e.\" \/>\n<meta property=\"og:url\" content=\"https:\/\/www.mivam.com\/izdelek\/axiom-air-lte\/\" \/>\n<meta property=\"og:site_name\" content=\"Mi Vam\" \/>\n<meta property=\"article:modified_time\" content=\"2026-03-18T14:39:38+00:00\" \/>\n<meta property=\"og:image\" content=\"https:\/\/www.mivam.com\/wp-content\/uploads\/2026\/03\/axiomairlte-coveron.png\" \/>\n\t<meta property=\"og:image:width\" content=\"1000\" \/>\n\t<meta property=\"og:image:height\" content=\"649\" \/>\n\t<meta property=\"og:image:type\" content=\"image\/png\" \/>\n<meta name=\"twitter:card\" content=\"summary_large_image\" \/>\n<meta name=\"twitter:label1\" content=\"Est. reading time\" \/>\n\t<meta name=\"twitter:data1\" content=\"2 minutes\" \/>\n<script type=\"application\/ld+json\" class=\"yoast-schema-graph\">{\"@context\":\"https:\/\/schema.org\",\"@graph\":[{\"@type\":\"WebPage\",\"@id\":\"https:\/\/www.mivam.com\/izdelek\/axiom-air-lte\/\",\"url\":\"https:\/\/www.mivam.com\/izdelek\/axiom-air-lte\/\",\"name\":\"AXIOM AIR LTE - Mi Vam\",\"isPartOf\":{\"@id\":\"https:\/\/www.mivam.com\/#website\"},\"primaryImageOfPage\":{\"@id\":\"https:\/\/www.mivam.com\/izdelek\/axiom-air-lte\/#primaryimage\"},\"image\":{\"@id\":\"https:\/\/www.mivam.com\/izdelek\/axiom-air-lte\/#primaryimage\"},\"thumbnailUrl\":\"https:\/\/www.mivam.com\/wp-content\/uploads\/2026\/03\/axiomairlte-coveron.png\",\"datePublished\":\"2026-03-18T06:23:52+00:00\",\"dateModified\":\"2026-03-18T14:39:38+00:00\",\"description\":\"Lahka. Nastavljiva. Vsestranska. Axiom Air LTE ponuja enostavno nastavitev, udobje in kakovostno izdelavo, ki ustreza razli\u010dnim negovalnim okoljem. Axiom Air LTE je vsestranska re\u0161itev povsod, kjer \u017eelite udoben sede\u017e.\",\"breadcrumb\":{\"@id\":\"https:\/\/www.mivam.com\/izdelek\/axiom-air-lte\/#breadcrumb\"},\"inLanguage\":\"en-US\",\"potentialAction\":[{\"@type\":\"ReadAction\",\"target\":[\"https:\/\/www.mivam.com\/izdelek\/axiom-air-lte\/\"]}]},{\"@type\":\"ImageObject\",\"inLanguage\":\"en-US\",\"@id\":\"https:\/\/www.mivam.com\/izdelek\/axiom-air-lte\/#primaryimage\",\"url\":\"https:\/\/www.mivam.com\/wp-content\/uploads\/2026\/03\/axiomairlte-coveron.png\",\"contentUrl\":\"https:\/\/www.mivam.com\/wp-content\/uploads\/2026\/03\/axiomairlte-coveron.png\",\"width\":1000,\"height\":649},{\"@type\":\"BreadcrumbList\",\"@id\":\"https:\/\/www.mivam.com\/izdelek\/axiom-air-lte\/#breadcrumb\",\"itemListElement\":[{\"@type\":\"ListItem\",\"position\":1,\"name\":\"Domov\",\"item\":\"https:\/\/www.mivam.com\/\"},{\"@type\":\"ListItem\",\"position\":2,\"name\":\"Shop\",\"item\":\"https:\/\/www.mivam.com\/en\/shop\/\"},{\"@type\":\"ListItem\",\"position\":3,\"name\":\"Invalidski vozi\u010dki in skuterji\",\"item\":\"https:\/\/www.mivam.com\/kategorija-izdelka\/invalidski-vozicki-in-skuterji\/\"},{\"@type\":\"ListItem\",\"position\":4,\"name\":\"Antidekubitusne blazine\",\"item\":\"https:\/\/www.mivam.com\/kategorija-izdelka\/invalidski-vozicki-in-skuterji\/antidekubitusne-blazine\/\"},{\"@type\":\"ListItem\",\"position\":5,\"name\":\"AXIOM AIR LTE\"}]},{\"@type\":\"WebSite\",\"@id\":\"https:\/\/www.mivam.com\/#website\",\"url\":\"https:\/\/www.mivam.com\/\",\"name\":\"Mi Vam\",\"description\":\"Medicinski pripomo\u010dki in re\u0161itve za manj odvisno \u017eivljenje.\",\"potentialAction\":[{\"@type\":\"SearchAction\",\"target\":{\"@type\":\"EntryPoint\",\"urlTemplate\":\"https:\/\/www.mivam.com\/?s={search_term_string}\"},\"query-input\":{\"@type\":\"PropertyValueSpecification\",\"valueRequired\":true,\"valueName\":\"search_term_string\"}}],\"inLanguage\":\"en-US\"}]}<\/script>\n<!-- \/ Yoast SEO plugin. -->","yoast_head_json":{"title":"AXIOM AIR LTE - Mi Vam","description":"Lahka. Nastavljiva. Vsestranska. Axiom Air LTE ponuja enostavno nastavitev, udobje in kakovostno izdelavo, ki ustreza razli\u010dnim negovalnim okoljem. Axiom Air LTE je vsestranska re\u0161itev povsod, kjer \u017eelite udoben sede\u017e.","robots":{"index":"index","follow":"follow","max-snippet":"max-snippet:-1","max-image-preview":"max-image-preview:large","max-video-preview":"max-video-preview:-1"},"canonical":"https:\/\/www.mivam.com\/izdelek\/axiom-air-lte\/","og_locale":"en_US","og_type":"article","og_title":"AXIOM AIR LTE - Mi Vam","og_description":"Lahka. Nastavljiva. Vsestranska. Axiom Air LTE ponuja enostavno nastavitev, udobje in kakovostno izdelavo, ki ustreza razli\u010dnim negovalnim okoljem. Axiom Air LTE je vsestranska re\u0161itev povsod, kjer \u017eelite udoben sede\u017e.","og_url":"https:\/\/www.mivam.com\/izdelek\/axiom-air-lte\/","og_site_name":"Mi Vam","article_modified_time":"2026-03-18T14:39:38+00:00","og_image":[{"width":1000,"height":649,"url":"https:\/\/www.mivam.com\/wp-content\/uploads\/2026\/03\/axiomairlte-coveron.png","type":"image\/png"}],"twitter_card":"summary_large_image","twitter_misc":{"Est. reading time":"2 minutes"},"schema":{"@context":"https:\/\/schema.org","@graph":[{"@type":"WebPage","@id":"https:\/\/www.mivam.com\/izdelek\/axiom-air-lte\/","url":"https:\/\/www.mivam.com\/izdelek\/axiom-air-lte\/","name":"AXIOM AIR LTE - Mi Vam","isPartOf":{"@id":"https:\/\/www.mivam.com\/#website"},"primaryImageOfPage":{"@id":"https:\/\/www.mivam.com\/izdelek\/axiom-air-lte\/#primaryimage"},"image":{"@id":"https:\/\/www.mivam.com\/izdelek\/axiom-air-lte\/#primaryimage"},"thumbnailUrl":"https:\/\/www.mivam.com\/wp-content\/uploads\/2026\/03\/axiomairlte-coveron.png","datePublished":"2026-03-18T06:23:52+00:00","dateModified":"2026-03-18T14:39:38+00:00","description":"Lahka. Nastavljiva. Vsestranska. Axiom Air LTE ponuja enostavno nastavitev, udobje in kakovostno izdelavo, ki ustreza razli\u010dnim negovalnim okoljem. Axiom Air LTE je vsestranska re\u0161itev povsod, kjer \u017eelite udoben sede\u017e.","breadcrumb":{"@id":"https:\/\/www.mivam.com\/izdelek\/axiom-air-lte\/#breadcrumb"},"inLanguage":"en-US","potentialAction":[{"@type":"ReadAction","target":["https:\/\/www.mivam.com\/izdelek\/axiom-air-lte\/"]}]},{"@type":"ImageObject","inLanguage":"en-US","@id":"https:\/\/www.mivam.com\/izdelek\/axiom-air-lte\/#primaryimage","url":"https:\/\/www.mivam.com\/wp-content\/uploads\/2026\/03\/axiomairlte-coveron.png","contentUrl":"https:\/\/www.mivam.com\/wp-content\/uploads\/2026\/03\/axiomairlte-coveron.png","width":1000,"height":649},{"@type":"BreadcrumbList","@id":"https:\/\/www.mivam.com\/izdelek\/axiom-air-lte\/#breadcrumb","itemListElement":[{"@type":"ListItem","position":1,"name":"Domov","item":"https:\/\/www.mivam.com\/"},{"@type":"ListItem","position":2,"name":"Shop","item":"https:\/\/www.mivam.com\/en\/shop\/"},{"@type":"ListItem","position":3,"name":"Invalidski vozi\u010dki in skuterji","item":"https:\/\/www.mivam.com\/kategorija-izdelka\/invalidski-vozicki-in-skuterji\/"},{"@type":"ListItem","position":4,"name":"Antidekubitusne blazine","item":"https:\/\/www.mivam.com\/kategorija-izdelka\/invalidski-vozicki-in-skuterji\/antidekubitusne-blazine\/"},{"@type":"ListItem","position":5,"name":"AXIOM AIR LTE"}]},{"@type":"WebSite","@id":"https:\/\/www.mivam.com\/#website","url":"https:\/\/www.mivam.com\/","name":"Mi Vam","description":"Medicinski pripomo\u010dki in re\u0161itve za manj odvisno \u017eivljenje.","potentialAction":[{"@type":"SearchAction","target":{"@type":"EntryPoint","urlTemplate":"https:\/\/www.mivam.com\/?s={search_term_string}"},"query-input":{"@type":"PropertyValueSpecification","valueRequired":true,"valueName":"search_term_string"}}],"inLanguage":"en-US"}]}},"_links":{"self":[{"href":"https:\/\/www.mivam.com\/en\/wp-json\/wp\/v2\/product\/10552","targetHints":{"allow":["GET"]}}],"collection":[{"href":"https:\/\/www.mivam.com\/en\/wp-json\/wp\/v2\/product"}],"about":[{"href":"https:\/\/www.mivam.com\/en\/wp-json\/wp\/v2\/types\/product"}],"replies":[{"embeddable":true,"href":"https:\/\/www.mivam.com\/en\/wp-json\/wp\/v2\/comments?post=10552"}],"wp:featuredmedia":[{"embeddable":true,"href":"https:\/\/www.mivam.com\/en\/wp-json\/wp\/v2\/media\/10620"}],"wp:attachment":[{"href":"https:\/\/www.mivam.com\/en\/wp-json\/wp\/v2\/media?parent=10552"}],"wp:term":[{"taxonomy":"product_brand","embeddable":true,"href":"https:\/\/www.mivam.com\/en\/wp-json\/wp\/v2\/product_brand?post=10552"},{"taxonomy":"product_cat","embeddable":true,"href":"https:\/\/www.mivam.com\/en\/wp-json\/wp\/v2\/product_cat?post=10552"},{"taxonomy":"product_tag","embeddable":true,"href":"https:\/\/www.mivam.com\/en\/wp-json\/wp\/v2\/product_tag?post=10552"}],"curies":[{"name":"wp","href":"https:\/\/api.w.org\/{rel}","templated":true}]}}