{"id":10551,"date":"2026-03-18T07:23:34","date_gmt":"2026-03-18T06:23:34","guid":{"rendered":"https:\/\/www.mivam.com\/?post_type=product&#038;p=10551"},"modified":"2026-03-18T15:41:03","modified_gmt":"2026-03-18T14:41:03","slug":"axiom-as-asp","status":"publish","type":"product","link":"https:\/\/www.mivam.com\/en\/izdelek\/axiom-as-asp\/","title":{"rendered":"AXIOM AS ASP"},"content":{"rendered":"<div class=\"wpb-content-wrapper\"><p>[vc_row full_width=&#8221;stretch_row&#8221; css=&#8221;.vc_custom_1773653757318{background-color: #fffcfc !important;}&#8221; el_class=&#8221;single-product-wide-img&#8221;][vc_column][vc_empty_space height=&#8221;60px&#8221;][vc_column_text]<\/p>\n<h2 style=\"text-align: center\">Podrobnosti:<\/h2>\n<p>[\/vc_column_text][vc_row_inner][vc_column_inner width=&#8221;1\/2&#8243;][vc_column_text]<\/p>\n<h3 class=\"product-page-feature-tour-header\">Preprosta namestitev in nastavitev<\/h3>\n<p class=\"product-page-feature-tour-header\">Anatomska oblika in masa uporabnika sta edini orodji, potrebni za zagotovitev natan\u010dnega in optimalnega prileganja. Blazina je zasnovana tako, da se odziva na te\u017eo uporabnika in narekuje potrebno stopnjo potopitve. Takoj ko je obremenitev enakomerno porazdeljena, je nastavitev kon\u010dana.<\/p>\n<p>[\/vc_column_text][\/vc_column_inner][vc_column_inner width=&#8221;1\/2&#8243;][vc_single_image image=&#8221;10606&#8243; alignment=&#8221;center&#8221;][\/vc_column_inner][\/vc_row_inner][vc_empty_space height=&#8221;60px&#8221;][vc_row_inner][vc_column_inner width=&#8221;1\/2&#8243;][vc_single_image image=&#8221;10604&#8243; alignment=&#8221;center&#8221;][\/vc_column_inner][vc_column_inner width=&#8221;1\/2&#8243;][vc_column_text]<\/p>\n<h3 class=\"product-page-feature-tour-header\">Optimizirana porazdelitev tlaka in maksimalna stabilnost<\/h3>\n<p class=\"product-page-feature-tour-header\">Blazina omogo\u010da neodvisno obremenitev stegnenic, trohanterjev in ishij. Teko\u010dina pod ishijo je posebej zasnovana za zmanj\u0161anje stri\u017ene obremenitve, trohanterni mehurji pa so napolnjeni s to\u017ejo razli\u010dico Hydrolita za stabilnost pri premikanju in doseganju.<\/p>\n<p>[\/vc_column_text][\/vc_column_inner][\/vc_row_inner][vc_empty_space height=&#8221;60px&#8221;][vc_row_inner][vc_column_inner width=&#8221;1\/2&#8243;][vc_column_text]<\/p>\n<h3 class=\"product-page-feature-tour-header\">Neverjetno lahka<\/h3>\n<p class=\"product-page-feature-tour-header\">Axiomov Hydrolite je neverjetno lahek, kar odpravlja &#8220;te\u017eo&#8221;, ki jo povzro\u010dajo drugi fluidni blazini. Poleg tega je manj ob\u010dutljiv na temperaturo, zato teko\u010dina deluje dosledno ne glede na to, kako vro\u010de ali hladno je podnebje.<\/p>\n<p>[\/vc_column_text][\/vc_column_inner][vc_column_inner width=&#8221;1\/2&#8243;][vc_single_image image=&#8221;10602&#8243; alignment=&#8221;center&#8221;][\/vc_column_inner][\/vc_row_inner][vc_empty_space height=&#8221;60px&#8221;][vc_row_inner][vc_column_inner width=&#8221;1\/2&#8243;][vc_single_image image=&#8221;10600&#8243; alignment=&#8221;center&#8221;][\/vc_column_inner][vc_column_inner width=&#8221;1\/2&#8243;][vc_column_text]<\/p>\n<h3 class=\"product-page-feature-tour-header\">Vrhunska mikroklima<\/h3>\n<p class=\"product-page-feature-tour-header\">Osnova blazine ima gosto plast mre\u017easte pene pod plastjo distan\u010dne tkanine, ki omogo\u010da pretok zraka. Penasta osnova ima zaprte celice in je zasnovana s potmi, ki omogo\u010dajo pretok vlage skozi telo in stran od njega, s \u010dimer se ohranja hladnej\u0161a in suha povr\u0161ina ko\u017ee.<\/p>\n<p>[\/vc_column_text][\/vc_column_inner][\/vc_row_inner][vc_empty_space height=&#8221;40px&#8221;][vc_row_inner][vc_column_inner width=&#8221;1\/2&#8243;][vc_column_text]<\/p>\n<h3 class=\"product-page-feature-tour-header\">Patentirana zasnova<\/h3>\n<p class=\"product-page-feature-tour-header\">1.Nagubana 4-smerna super raztegljiva prevleka iz likre za odpravo napetosti prevleke<br \/>\n2.Mikroklimatska distan\u010dna plast tkanine \u010dez plast iz mre\u017easte pene za udobno zra\u010dnost<br \/>\n3.Strukturna penasta osnova s \u200b\u200bkanali za rezervoar za teko\u010dino omogo\u010da individualno nastavitev volumna teko\u010dine<br \/>\n4.Bilateralni vlo\u017eki ishialne teko\u010dine z bolj mobilno teko\u010dino za zmanj\u0161anje striga<br \/>\n5.Neodvisni trohanteri\u010dni teko\u010dinski vlo\u017eki s tr\u0161o teko\u010dino za stabilnost<br \/>\n6.Zra\u010dniki omogo\u010dajo, da se blazina prilagodi spremembam zunanjega tlaka<\/p>\n<p>[\/vc_column_text][\/vc_column_inner][vc_column_inner width=&#8221;1\/2&#8243;][vc_single_image image=&#8221;10598&#8243; alignment=&#8221;center&#8221;][\/vc_column_inner][\/vc_row_inner][vc_empty_space height=&#8221;40px&#8221;][vc_row_inner][vc_column_inner width=&#8221;1\/2&#8243;][vc_single_image image=&#8221;10596&#8243; alignment=&#8221;center&#8221;][\/vc_column_inner][vc_column_inner width=&#8221;1\/2&#8243;][vc_column_text]<\/p>\n<h3 class=\"product-page-feature-tour-header\">Predhodno oblikovana oblika<\/h3>\n<p class=\"product-page-feature-tour-header\">Blazine Axiom so predhodno oblikovane za la\u017ejo obremenitev trohanterjev, zmanj\u0161anje obremenitve sedni\u010dnih mi\u0161ic in izbolj\u0161anje lateralne stabilnosti.<\/p>\n<p>[\/vc_column_text][\/vc_column_inner][\/vc_row_inner][vc_empty_space height=&#8221;60px&#8221;][vc_row_inner][vc_column_inner width=&#8221;1\/2&#8243;][vc_column_text]<\/p>\n<h3 class=\"product-page-feature-tour-header\">Antropometrija<\/h3>\n<p class=\"product-page-feature-tour-header\">Sodelovali smo z univerzo Georgia Tech pri preu\u010devanju dejanskih dimenzij medenice in drugih \u010dlove\u0161kih meritev. To je bilo klju\u010dnega pomena za oblikovanje kontur blazine, da bi se ustrezno prilegala \u0161irokemu krogu uporabnikov.<\/p>\n<p>[\/vc_column_text][\/vc_column_inner][vc_column_inner width=&#8221;1\/2&#8243;][vc_single_image image=&#8221;10594&#8243; alignment=&#8221;center&#8221;][\/vc_column_inner][\/vc_row_inner][vc_empty_space height=&#8221;60px&#8221;][vc_row_inner][vc_column_inner width=&#8221;1\/2&#8243;][vc_single_image image=&#8221;10592&#8243; alignment=&#8221;center&#8221;][\/vc_column_inner][vc_column_inner width=&#8221;1\/2&#8243;][vc_column_text]<\/p>\n<h3 class=\"product-page-feature-tour-header\">Zmanj\u0161anje povr\u0161inske napetosti<\/h3>\n<p class=\"product-page-feature-tour-header\">Se\u010dni mehurji le\u017eijo neposredno pod zunanjo plastjo prevleke. Z uporabo super 4-smerno raztegljivega zunanjega materiala Lycra se povr\u0161inska napetost znatno zmanj\u0161a, kar zagotavlja bolj\u0161o potopitev.<\/p>\n<p>[\/vc_column_text][\/vc_column_inner][\/vc_row_inner][vc_empty_space height=&#8221;60px&#8221;][vc_empty_space height=&#8221;60px&#8221;][vc_column_text]<\/p>\n<h2 style=\"text-align: center\">Specifikacije:<\/h2>\n<p>[\/vc_column_text][vc_row_inner][vc_column_inner][vc_column_text]<\/p>\n<div class=\"specTable specTableWithHeaders\">\n<table>\n<thead>\n<tr>\n<th><\/th>\n<th class=\"specTableColHeaderCel\">Axiom AS<\/th>\n<th class=\"specTableColHeaderCel\">Axiom ASP<\/th>\n<\/tr>\n<\/thead>\n<tbody>\n<tr class=\"specTableRowGrey\">\n<td class=\"specTableRowHeader\">\u0160irina<\/td>\n<td>35,6 \u2013 55,9 cm<\/td>\n<td>35,6 \u2013 55,9 cm<\/td>\n<\/tr>\n<tr>\n<td class=\"specTableRowHeader\">Globina<\/td>\n<td>35,6 \u2013 55,9 cm<\/td>\n<td>35,6 \u2013 55,9 cm<\/td>\n<\/tr>\n<tr class=\"specTableRowGrey\">\n<td class=\"specTableRowHeader\">Vi\u0161ina (opore za noge)<\/td>\n<td>9,5 cm<\/td>\n<td>9,5 cm<\/td>\n<\/tr>\n<tr>\n<td class=\"specTableRowHeader\">Vi\u0161ina (skupna)<\/td>\n<td>11,4 cm<\/td>\n<td>14 cm<\/td>\n<\/tr>\n<tr class=\"specTableRowGrey\">\n<td class=\"specTableRowHeader\">Te\u017ea<\/td>\n<td>1,5 kg<\/td>\n<td>1,5 kg<\/td>\n<\/tr>\n<tr>\n<td class=\"specTableRowHeader\">Nosilnost<\/td>\n<td>158,8 kg<\/td>\n<td>158,8 kg<\/td>\n<\/tr>\n<tr class=\"specTableRowGrey\">\n<td class=\"specTableRowHeader\">HCPCS<\/td>\n<td>E2622\/3<\/td>\n<td>E2624\/5<\/td>\n<\/tr>\n<\/tbody>\n<\/table>\n<\/div>\n<p>[\/vc_column_text][\/vc_column_inner][\/vc_row_inner][vc_empty_space height=&#8221;60px&#8221;][vc_empty_space height=&#8221;60px&#8221;][\/vc_column][\/vc_row]<\/p>\n<\/div>","protected":false},"excerpt":{"rendered":"<h3 class=\"product-page-catalyst-hero-text-title\">Optimalno prileganje \u017ee v prvo.<\/h3>\n<div class=\"product-page-catalyst-hero-text-title\">Na\u0161 patentiran sistem samonastavljive teko\u010dine neverjetno poenostavi namestitev in nastavitev. Uporablja telesno te\u017eo in fizi\u010dne zna\u010dilnosti uporabnika za samodejno prilagajanje koli\u010dine teko\u010dine za ustvarjanje optimalne obremenitve. Na voljo v dveh modelih, A nastavljiva podloga (AS) in A nastavljiva podloga in pozicioniranje (ASP).<\/div>\n","protected":false},"featured_media":10612,"comment_status":"closed","ping_status":"closed","template":"","meta":[],"product_brand":[],"product_cat":[222,41],"product_tag":[267,244,243,92,961,960,962,951,959,85,100,921,920,160],"class_list":{"0":"post-10551","1":"product","2":"type-product","3":"status-publish","4":"has-post-thumbnail","6":"product_cat-invalidski-vozicki-in-skuterji","7":"product_cat-antidekubitusne-blazine","8":"product_tag-267","9":"product_tag-244","10":"product_tag-243","11":"product_tag-antidekubitusna","12":"product_tag-as","13":"product_tag-as-asp","14":"product_tag-asp","15":"product_tag-axiom","16":"product_tag-axiom-as-asp","17":"product_tag-blazina","18":"product_tag-etac","19":"product_tag-ki","20":"product_tag-ki-mobility","21":"product_tag-sedezna-blazina","23":"first","24":"onbackorder","25":"taxable","26":"shipping-taxable","27":"product-type-simple"},"yoast_head":"<!-- This site is optimized with the Yoast SEO plugin v24.0 - https:\/\/yoast.com\/wordpress\/plugins\/seo\/ -->\n<title>AXIOM AS ASP - Mi Vam<\/title>\n<meta name=\"description\" content=\"Optimalno prileganje \u017ee v prvo. Na\u0161 patentiran sistem samonastavljive teko\u010dine neverjetno poenostavi namestitev in nastavitev. Uporablja telesno te\u017eo in fizi\u010dne zna\u010dilnosti uporabnika za samodejno prilagajanje koli\u010dine teko\u010dine za ustvarjanje optimalne obremenitve. Na voljo v dveh modelih, A nastavljiva podloga (AS) in A nastavljiva podloga in pozicioniranje (ASP).\" \/>\n<meta name=\"robots\" content=\"index, follow, max-snippet:-1, max-image-preview:large, max-video-preview:-1\" \/>\n<link rel=\"canonical\" href=\"https:\/\/www.mivam.com\/izdelek\/axiom-as-asp\/\" \/>\n<meta property=\"og:locale\" content=\"en_US\" \/>\n<meta property=\"og:type\" content=\"article\" \/>\n<meta property=\"og:title\" content=\"AXIOM AS ASP - Mi Vam\" \/>\n<meta property=\"og:description\" content=\"Optimalno prileganje \u017ee v prvo. Na\u0161 patentiran sistem samonastavljive teko\u010dine neverjetno poenostavi namestitev in nastavitev. Uporablja telesno te\u017eo in fizi\u010dne zna\u010dilnosti uporabnika za samodejno prilagajanje koli\u010dine teko\u010dine za ustvarjanje optimalne obremenitve. Na voljo v dveh modelih, A nastavljiva podloga (AS) in A nastavljiva podloga in pozicioniranje (ASP).\" \/>\n<meta property=\"og:url\" content=\"https:\/\/www.mivam.com\/izdelek\/axiom-as-asp\/\" \/>\n<meta property=\"og:site_name\" content=\"Mi Vam\" \/>\n<meta property=\"article:modified_time\" content=\"2026-03-18T14:41:03+00:00\" \/>\n<meta property=\"og:image\" content=\"https:\/\/www.mivam.com\/wp-content\/uploads\/2026\/03\/axasponly-hero.png\" \/>\n\t<meta property=\"og:image:width\" content=\"1000\" \/>\n\t<meta property=\"og:image:height\" content=\"649\" \/>\n\t<meta property=\"og:image:type\" content=\"image\/png\" \/>\n<meta name=\"twitter:card\" content=\"summary_large_image\" \/>\n<meta name=\"twitter:label1\" content=\"Est. reading time\" \/>\n\t<meta name=\"twitter:data1\" content=\"5 minutes\" \/>\n<script type=\"application\/ld+json\" class=\"yoast-schema-graph\">{\"@context\":\"https:\/\/schema.org\",\"@graph\":[{\"@type\":\"WebPage\",\"@id\":\"https:\/\/www.mivam.com\/izdelek\/axiom-as-asp\/\",\"url\":\"https:\/\/www.mivam.com\/izdelek\/axiom-as-asp\/\",\"name\":\"AXIOM AS ASP - Mi Vam\",\"isPartOf\":{\"@id\":\"https:\/\/www.mivam.com\/#website\"},\"primaryImageOfPage\":{\"@id\":\"https:\/\/www.mivam.com\/izdelek\/axiom-as-asp\/#primaryimage\"},\"image\":{\"@id\":\"https:\/\/www.mivam.com\/izdelek\/axiom-as-asp\/#primaryimage\"},\"thumbnailUrl\":\"https:\/\/www.mivam.com\/wp-content\/uploads\/2026\/03\/axasponly-hero.png\",\"datePublished\":\"2026-03-18T06:23:34+00:00\",\"dateModified\":\"2026-03-18T14:41:03+00:00\",\"description\":\"Optimalno prileganje \u017ee v prvo. Na\u0161 patentiran sistem samonastavljive teko\u010dine neverjetno poenostavi namestitev in nastavitev. Uporablja telesno te\u017eo in fizi\u010dne zna\u010dilnosti uporabnika za samodejno prilagajanje koli\u010dine teko\u010dine za ustvarjanje optimalne obremenitve. Na voljo v dveh modelih, A nastavljiva podloga (AS) in A nastavljiva podloga in pozicioniranje (ASP).\",\"breadcrumb\":{\"@id\":\"https:\/\/www.mivam.com\/izdelek\/axiom-as-asp\/#breadcrumb\"},\"inLanguage\":\"en-US\",\"potentialAction\":[{\"@type\":\"ReadAction\",\"target\":[\"https:\/\/www.mivam.com\/izdelek\/axiom-as-asp\/\"]}]},{\"@type\":\"ImageObject\",\"inLanguage\":\"en-US\",\"@id\":\"https:\/\/www.mivam.com\/izdelek\/axiom-as-asp\/#primaryimage\",\"url\":\"https:\/\/www.mivam.com\/wp-content\/uploads\/2026\/03\/axasponly-hero.png\",\"contentUrl\":\"https:\/\/www.mivam.com\/wp-content\/uploads\/2026\/03\/axasponly-hero.png\",\"width\":1000,\"height\":649},{\"@type\":\"BreadcrumbList\",\"@id\":\"https:\/\/www.mivam.com\/izdelek\/axiom-as-asp\/#breadcrumb\",\"itemListElement\":[{\"@type\":\"ListItem\",\"position\":1,\"name\":\"Domov\",\"item\":\"https:\/\/www.mivam.com\/\"},{\"@type\":\"ListItem\",\"position\":2,\"name\":\"Shop\",\"item\":\"https:\/\/www.mivam.com\/en\/shop\/\"},{\"@type\":\"ListItem\",\"position\":3,\"name\":\"Invalidski vozi\u010dki in skuterji\",\"item\":\"https:\/\/www.mivam.com\/kategorija-izdelka\/invalidski-vozicki-in-skuterji\/\"},{\"@type\":\"ListItem\",\"position\":4,\"name\":\"Antidekubitusne blazine\",\"item\":\"https:\/\/www.mivam.com\/kategorija-izdelka\/invalidski-vozicki-in-skuterji\/antidekubitusne-blazine\/\"},{\"@type\":\"ListItem\",\"position\":5,\"name\":\"AXIOM AS ASP\"}]},{\"@type\":\"WebSite\",\"@id\":\"https:\/\/www.mivam.com\/#website\",\"url\":\"https:\/\/www.mivam.com\/\",\"name\":\"Mi Vam\",\"description\":\"Medicinski pripomo\u010dki in re\u0161itve za manj odvisno \u017eivljenje.\",\"potentialAction\":[{\"@type\":\"SearchAction\",\"target\":{\"@type\":\"EntryPoint\",\"urlTemplate\":\"https:\/\/www.mivam.com\/?s={search_term_string}\"},\"query-input\":{\"@type\":\"PropertyValueSpecification\",\"valueRequired\":true,\"valueName\":\"search_term_string\"}}],\"inLanguage\":\"en-US\"}]}<\/script>\n<!-- \/ Yoast SEO plugin. -->","yoast_head_json":{"title":"AXIOM AS ASP - Mi Vam","description":"Optimalno prileganje \u017ee v prvo. Na\u0161 patentiran sistem samonastavljive teko\u010dine neverjetno poenostavi namestitev in nastavitev. Uporablja telesno te\u017eo in fizi\u010dne zna\u010dilnosti uporabnika za samodejno prilagajanje koli\u010dine teko\u010dine za ustvarjanje optimalne obremenitve. Na voljo v dveh modelih, A nastavljiva podloga (AS) in A nastavljiva podloga in pozicioniranje (ASP).","robots":{"index":"index","follow":"follow","max-snippet":"max-snippet:-1","max-image-preview":"max-image-preview:large","max-video-preview":"max-video-preview:-1"},"canonical":"https:\/\/www.mivam.com\/izdelek\/axiom-as-asp\/","og_locale":"en_US","og_type":"article","og_title":"AXIOM AS ASP - Mi Vam","og_description":"Optimalno prileganje \u017ee v prvo. Na\u0161 patentiran sistem samonastavljive teko\u010dine neverjetno poenostavi namestitev in nastavitev. Uporablja telesno te\u017eo in fizi\u010dne zna\u010dilnosti uporabnika za samodejno prilagajanje koli\u010dine teko\u010dine za ustvarjanje optimalne obremenitve. Na voljo v dveh modelih, A nastavljiva podloga (AS) in A nastavljiva podloga in pozicioniranje (ASP).","og_url":"https:\/\/www.mivam.com\/izdelek\/axiom-as-asp\/","og_site_name":"Mi Vam","article_modified_time":"2026-03-18T14:41:03+00:00","og_image":[{"width":1000,"height":649,"url":"https:\/\/www.mivam.com\/wp-content\/uploads\/2026\/03\/axasponly-hero.png","type":"image\/png"}],"twitter_card":"summary_large_image","twitter_misc":{"Est. reading time":"5 minutes"},"schema":{"@context":"https:\/\/schema.org","@graph":[{"@type":"WebPage","@id":"https:\/\/www.mivam.com\/izdelek\/axiom-as-asp\/","url":"https:\/\/www.mivam.com\/izdelek\/axiom-as-asp\/","name":"AXIOM AS ASP - Mi Vam","isPartOf":{"@id":"https:\/\/www.mivam.com\/#website"},"primaryImageOfPage":{"@id":"https:\/\/www.mivam.com\/izdelek\/axiom-as-asp\/#primaryimage"},"image":{"@id":"https:\/\/www.mivam.com\/izdelek\/axiom-as-asp\/#primaryimage"},"thumbnailUrl":"https:\/\/www.mivam.com\/wp-content\/uploads\/2026\/03\/axasponly-hero.png","datePublished":"2026-03-18T06:23:34+00:00","dateModified":"2026-03-18T14:41:03+00:00","description":"Optimalno prileganje \u017ee v prvo. Na\u0161 patentiran sistem samonastavljive teko\u010dine neverjetno poenostavi namestitev in nastavitev. Uporablja telesno te\u017eo in fizi\u010dne zna\u010dilnosti uporabnika za samodejno prilagajanje koli\u010dine teko\u010dine za ustvarjanje optimalne obremenitve. Na voljo v dveh modelih, A nastavljiva podloga (AS) in A nastavljiva podloga in pozicioniranje (ASP).","breadcrumb":{"@id":"https:\/\/www.mivam.com\/izdelek\/axiom-as-asp\/#breadcrumb"},"inLanguage":"en-US","potentialAction":[{"@type":"ReadAction","target":["https:\/\/www.mivam.com\/izdelek\/axiom-as-asp\/"]}]},{"@type":"ImageObject","inLanguage":"en-US","@id":"https:\/\/www.mivam.com\/izdelek\/axiom-as-asp\/#primaryimage","url":"https:\/\/www.mivam.com\/wp-content\/uploads\/2026\/03\/axasponly-hero.png","contentUrl":"https:\/\/www.mivam.com\/wp-content\/uploads\/2026\/03\/axasponly-hero.png","width":1000,"height":649},{"@type":"BreadcrumbList","@id":"https:\/\/www.mivam.com\/izdelek\/axiom-as-asp\/#breadcrumb","itemListElement":[{"@type":"ListItem","position":1,"name":"Domov","item":"https:\/\/www.mivam.com\/"},{"@type":"ListItem","position":2,"name":"Shop","item":"https:\/\/www.mivam.com\/en\/shop\/"},{"@type":"ListItem","position":3,"name":"Invalidski vozi\u010dki in skuterji","item":"https:\/\/www.mivam.com\/kategorija-izdelka\/invalidski-vozicki-in-skuterji\/"},{"@type":"ListItem","position":4,"name":"Antidekubitusne blazine","item":"https:\/\/www.mivam.com\/kategorija-izdelka\/invalidski-vozicki-in-skuterji\/antidekubitusne-blazine\/"},{"@type":"ListItem","position":5,"name":"AXIOM AS ASP"}]},{"@type":"WebSite","@id":"https:\/\/www.mivam.com\/#website","url":"https:\/\/www.mivam.com\/","name":"Mi Vam","description":"Medicinski pripomo\u010dki in re\u0161itve za manj odvisno \u017eivljenje.","potentialAction":[{"@type":"SearchAction","target":{"@type":"EntryPoint","urlTemplate":"https:\/\/www.mivam.com\/?s={search_term_string}"},"query-input":{"@type":"PropertyValueSpecification","valueRequired":true,"valueName":"search_term_string"}}],"inLanguage":"en-US"}]}},"_links":{"self":[{"href":"https:\/\/www.mivam.com\/en\/wp-json\/wp\/v2\/product\/10551","targetHints":{"allow":["GET"]}}],"collection":[{"href":"https:\/\/www.mivam.com\/en\/wp-json\/wp\/v2\/product"}],"about":[{"href":"https:\/\/www.mivam.com\/en\/wp-json\/wp\/v2\/types\/product"}],"replies":[{"embeddable":true,"href":"https:\/\/www.mivam.com\/en\/wp-json\/wp\/v2\/comments?post=10551"}],"wp:featuredmedia":[{"embeddable":true,"href":"https:\/\/www.mivam.com\/en\/wp-json\/wp\/v2\/media\/10612"}],"wp:attachment":[{"href":"https:\/\/www.mivam.com\/en\/wp-json\/wp\/v2\/media?parent=10551"}],"wp:term":[{"taxonomy":"product_brand","embeddable":true,"href":"https:\/\/www.mivam.com\/en\/wp-json\/wp\/v2\/product_brand?post=10551"},{"taxonomy":"product_cat","embeddable":true,"href":"https:\/\/www.mivam.com\/en\/wp-json\/wp\/v2\/product_cat?post=10551"},{"taxonomy":"product_tag","embeddable":true,"href":"https:\/\/www.mivam.com\/en\/wp-json\/wp\/v2\/product_tag?post=10551"}],"curies":[{"name":"wp","href":"https:\/\/api.w.org\/{rel}","templated":true}]}}