{"id":10550,"date":"2026-03-18T07:23:16","date_gmt":"2026-03-18T06:23:16","guid":{"rendered":"https:\/\/www.mivam.com\/?post_type=product&#038;p=10550"},"modified":"2026-03-18T15:43:06","modified_gmt":"2026-03-18T14:43:06","slug":"axiom-sp-fluid","status":"publish","type":"product","link":"https:\/\/www.mivam.com\/en\/izdelek\/axiom-sp-fluid\/","title":{"rendered":"AXIOM SP FLUID"},"content":{"rendered":"<div class=\"wpb-content-wrapper\"><p>[vc_row full_width=&#8221;stretch_row&#8221; css=&#8221;.vc_custom_1773653757318{background-color: #fffcfc !important;}&#8221; el_class=&#8221;single-product-wide-img&#8221;][vc_column][vc_empty_space height=&#8221;60px&#8221;][vc_column_text]<\/p>\n<h2 style=\"text-align: center\">Podrobnosti:<\/h2>\n<p>[\/vc_column_text][vc_row_inner][vc_column_inner width=&#8221;1\/2&#8243;][vc_column_text]<\/p>\n<h3 class=\"product-page-feature-tour-header\">Hydrolite teko\u010dinski vlo\u017eek<\/h3>\n<p class=\"product-page-feature-tour-header\">Axiom SP Fluid namesto viskoelasti\u010dne pene uporablja mehur\u010dek za teko\u010dino Hydrolite. Vlo\u017eek le\u017ei neposredno pod izjemno raztegljivim zunanjim pokrovom, kar mu omogo\u010da, da se prilagodi tkivom, ki podpirajo sedni\u010dne izrastke.<br \/>\nHidrolit je ne-Newtonova teko\u010dina, ki se pod silo gravitacije obna\u0161a kot trdna snov, pod obremenitvijo pa te\u010de kot viskozna teko\u010dina, kar lahko pomaga zmanj\u0161ati stri\u017ene obremenitve. Je tudi neverjetno lahka, kar odpravlja &#8220;te\u017enostno kazen&#8221; drugih teko\u010dinskih blazinic. Je manj ob\u010dutljiva na temperaturo kot druge teko\u010dine, kar pomeni, da bo zagotavljala bolj dosledno delovanje ne glede na podnebje.<\/p>\n<p>[\/vc_column_text][\/vc_column_inner][vc_column_inner width=&#8221;1\/2&#8243;][vc_single_image image=&#8221;10590&#8243; alignment=&#8221;center&#8221;][\/vc_column_inner][\/vc_row_inner][vc_empty_space height=&#8221;60px&#8221;][vc_row_inner][vc_column_inner width=&#8221;1\/2&#8243;][vc_single_image image=&#8221;10588&#8243; alignment=&#8221;center&#8221;][\/vc_column_inner][vc_column_inner width=&#8221;1\/2&#8243;][vc_column_text]<\/p>\n<h3 class=\"product-page-feature-tour-header\">Pove\u010dana ovojnica<\/h3>\n<p class=\"product-page-feature-tour-header\">Axiom SP Fluid je zasnovana tako, da zagotavlja ve\u010djo ovojnost, kar trohanterjem omogo\u010da, da prenesejo u\u010dinkovito obremenitev. To izbolj\u0161a stabilnost z raz\u0161iritvijo oporne baze in zmanj\u0161a obremenitev, ki jo mora prena\u0161ati tkivo, ki podpira sedni\u010dne izbokline.<\/p>\n<p>[\/vc_column_text][\/vc_column_inner][\/vc_row_inner][vc_empty_space height=&#8221;60px&#8221;][vc_row_inner][vc_column_inner width=&#8221;1\/2&#8243;][vc_column_text]<\/p>\n<h3 class=\"product-page-feature-tour-header\">Visokokakovostni penasti materiali<\/h3>\n<p class=\"product-page-feature-tour-header\">Axiom SP Fluid je izdelan iz pene z visokim IFD in gostoto. Osnova iz poliuretanske pene z dvojno gostoto nudi trdno oporo v spodnjem sloju, na vrhu pa je trpe\u017ena in udobna plast. Visokokakovostni materiali zagotavljajo dolgotrajen, udoben in visoko zmogljiv izdelek.<\/p>\n<p>[\/vc_column_text][\/vc_column_inner][vc_column_inner width=&#8221;1\/2&#8243;][vc_single_image image=&#8221;10586&#8243; alignment=&#8221;center&#8221;][\/vc_column_inner][\/vc_row_inner][vc_empty_space height=&#8221;60px&#8221;][vc_row_inner][vc_column_inner width=&#8221;1\/2&#8243;][vc_single_image image=&#8221;10584&#8243; alignment=&#8221;center&#8221;][\/vc_column_inner][vc_column_inner width=&#8221;1\/2&#8243;][vc_column_text]<\/p>\n<h3 class=\"product-page-feature-tour-header\">Zmanj\u0161anje povr\u0161inske napetosti<\/h3>\n<p class=\"product-page-feature-tour-header\">Hydroliteov vlo\u017eek za teko\u010dino se nahaja na vrhu vodoodporne notranje prevleke, kar zmanj\u0161uje povr\u0161insko napetost in maksimalno obdaja sedni\u010dno kost in trtico. Vlo\u017eek le\u017ei neposredno pod izjemno raztegljivim zunanjim pokrovom, kar mu omogo\u010da, da se prilagodi tkivom, ki podpirajo sedni\u010dne izrastke. Z uporabo izjemno 4-smerno raztegljivega zunanjega materiala Lycra se zmanj\u0161a povr\u0161inska napetost, kar zagotavlja bolj\u0161o potopitev v vdolbinico.<\/p>\n<p>[\/vc_column_text][\/vc_column_inner][\/vc_row_inner][vc_empty_space height=&#8221;40px&#8221;][vc_row_inner][vc_column_inner width=&#8221;1\/2&#8243;][vc_column_text]<\/p>\n<h3 class=\"product-page-feature-tour-header\">Predhodno oblikovana oblika<\/h3>\n<p class=\"product-page-feature-tour-header\">Pomembno je, da imajo vse blazine pravilno zasnovano predhodno oblikovano obliko. Zato smo sodelovali z univerzo Georgia Tech pri preu\u010devanju antropometrije. Teko\u010dina Axiom SP ima pravilno zasnovano predhodno oblikovano obliko. Teko\u010dina Axiom SP je zasnovana tako, da zagotavlja ve\u010djo potopitev, kar omogo\u010da trohanterjem, da prenesejo u\u010dinkovito obremenitev, raz\u0161iri bazo opore in zmanj\u0161a obremenitev, ki jo morajo prena\u0161ati sedni\u010dni izrastki.<\/p>\n<p>[\/vc_column_text][\/vc_column_inner][vc_column_inner width=&#8221;1\/2&#8243;][vc_single_image image=&#8221;10582&#8243; alignment=&#8221;center&#8221;][\/vc_column_inner][\/vc_row_inner][vc_empty_space height=&#8221;40px&#8221;][vc_row_inner][vc_column_inner width=&#8221;1\/2&#8243;][vc_single_image image=&#8221;10562&#8243; alignment=&#8221;center&#8221;][\/vc_column_inner][vc_column_inner width=&#8221;1\/2&#8243;][vc_column_text]<\/p>\n<h3 class=\"product-page-feature-tour-header\">Bogata naslovnica<\/h3>\n<p class=\"product-page-feature-tour-header\">Axiom SP Fluid ima inovativno prevleko, ki je estetsko privla\u010dna in hkrati funkcionalna tako za stranko kot za negovalca. Zunanja prevleka iz super 4-smerno raztegljive likre zmanj\u0161uje povr\u0161insko napetost, medtem ko je notranja prevleka z nagubano 4-smerno raztegljivo zadrgo in samozapiralno zadrgo vodoodporna in enostavna za \u010di\u0161\u010denje. Vodoodporna zadrga in zanka zadrge omogo\u010data enostavno obla\u010denje in snemanje prevleke, hkrati pa \u0161\u010ditita peno. Na sprednjem ro\u010daju je enostavno dose\u010di zanke za obe\u0161anje dodatkov.<\/p>\n<p>[\/vc_column_text][\/vc_column_inner][\/vc_row_inner][vc_empty_space height=&#8221;60px&#8221;][vc_empty_space height=&#8221;60px&#8221;][vc_column_text]<\/p>\n<h2 style=\"text-align: center\">Specifikacije:<\/h2>\n<p>[\/vc_column_text][vc_row_inner][vc_column_inner][vc_column_text]<\/p>\n<div class=\"specTable specTablefiftyfifty\">\n<table>\n<tbody>\n<tr class=\"specTableRowGrey\">\n<td class=\"specTableRowHeader\">\u0160irina<\/td>\n<td>35,6 \u2013 55,9 cm<\/td>\n<\/tr>\n<tr>\n<td class=\"specTableRowHeader\">Globina<\/td>\n<td>35,6 \u2013 55,9 cm<\/td>\n<\/tr>\n<tr class=\"specTableRowGrey\">\n<td class=\"specTableRowHeader\">Vi\u0161ina (opore za noge)<\/td>\n<td>8,3 cm<\/td>\n<\/tr>\n<tr>\n<td class=\"specTableRowHeader\">Vi\u0161ina (skupna)<\/td>\n<td>11,4 cm<\/td>\n<\/tr>\n<tr class=\"specTableRowGrey\">\n<td class=\"specTableRowHeader\">Te\u017ea<\/td>\n<td>1,6 kg<\/td>\n<\/tr>\n<tr>\n<td class=\"specTableRowHeader\">Nosilnost<\/td>\n<td>158,8 kg<\/td>\n<\/tr>\n<tr class=\"specTableRowGrey\">\n<td class=\"specTableRowHeader\">HCPCS<\/td>\n<td>E2607\/8<\/td>\n<\/tr>\n<\/tbody>\n<\/table>\n<\/div>\n<p>[\/vc_column_text][\/vc_column_inner][\/vc_row_inner][vc_empty_space height=&#8221;60px&#8221;][vc_empty_space height=&#8221;60px&#8221;][\/vc_column][\/vc_row]<\/p>\n<\/div>","protected":false},"excerpt":{"rendered":"<h3 class=\"product-page-catalyst-hero-text-title\">Manj plasti. Ve\u010d trpe\u017enosti.<\/h3>\n<div class=\"product-page-catalyst-hero-text-title\">Axiom SP Fluid izkori\u0161\u010da Axiomovo razliko in je zasnovan tako, da zagotavlja ve\u010djo potopitev in obdajajo\u010d u\u010dinek, pri \u010demer namesto viskoelasti\u010dne pene, ki se uporablja v Axiom SP Visco, uporablja Hydrolite teko\u010dinski vlo\u017eek.<\/div>\n","protected":false},"featured_media":10578,"comment_status":"closed","ping_status":"closed","template":"","meta":[],"product_brand":[],"product_cat":[222,41],"product_tag":[267,244,243,92,951,957,85,100,921,920,160,958],"class_list":{"0":"post-10550","1":"product","2":"type-product","3":"status-publish","4":"has-post-thumbnail","6":"product_cat-invalidski-vozicki-in-skuterji","7":"product_cat-antidekubitusne-blazine","8":"product_tag-267","9":"product_tag-244","10":"product_tag-243","11":"product_tag-antidekubitusna","12":"product_tag-axiom","13":"product_tag-axiom-sp-fluid","14":"product_tag-blazina","15":"product_tag-etac","16":"product_tag-ki","17":"product_tag-ki-mobility","18":"product_tag-sedezna-blazina","19":"product_tag-sp-fluid","21":"first","22":"onbackorder","23":"taxable","24":"shipping-taxable","25":"product-type-simple"},"yoast_head":"<!-- This site is optimized with the Yoast SEO plugin v24.0 - https:\/\/yoast.com\/wordpress\/plugins\/seo\/ -->\n<title>AXIOM SP FLUID - Mi Vam<\/title>\n<meta name=\"description\" content=\"Manj plasti. Ve\u010d trpe\u017enosti. Axiom SP Fluid izkori\u0161\u010da Axiomovo razliko in je zasnovan tako, da zagotavlja ve\u010djo potopitev in obdajajo\u010d u\u010dinek, pri \u010demer namesto viskoelasti\u010dne pene, ki se uporablja v Axiom SP Visco, uporablja Hydrolite teko\u010dinski vlo\u017eek.\" \/>\n<meta name=\"robots\" content=\"index, follow, max-snippet:-1, max-image-preview:large, max-video-preview:-1\" \/>\n<link rel=\"canonical\" href=\"https:\/\/www.mivam.com\/izdelek\/axiom-sp-fluid\/\" \/>\n<meta property=\"og:locale\" content=\"en_US\" \/>\n<meta property=\"og:type\" content=\"article\" \/>\n<meta property=\"og:title\" content=\"AXIOM SP FLUID - Mi Vam\" \/>\n<meta property=\"og:description\" content=\"Manj plasti. Ve\u010d trpe\u017enosti. Axiom SP Fluid izkori\u0161\u010da Axiomovo razliko in je zasnovan tako, da zagotavlja ve\u010djo potopitev in obdajajo\u010d u\u010dinek, pri \u010demer namesto viskoelasti\u010dne pene, ki se uporablja v Axiom SP Visco, uporablja Hydrolite teko\u010dinski vlo\u017eek.\" \/>\n<meta property=\"og:url\" content=\"https:\/\/www.mivam.com\/izdelek\/axiom-sp-fluid\/\" \/>\n<meta property=\"og:site_name\" content=\"Mi Vam\" \/>\n<meta property=\"article:modified_time\" content=\"2026-03-18T14:43:06+00:00\" \/>\n<meta property=\"og:image\" content=\"https:\/\/www.mivam.com\/wp-content\/uploads\/2026\/03\/axsp-hero-1.png\" \/>\n\t<meta property=\"og:image:width\" content=\"1000\" \/>\n\t<meta property=\"og:image:height\" content=\"649\" \/>\n\t<meta property=\"og:image:type\" content=\"image\/png\" \/>\n<meta name=\"twitter:card\" content=\"summary_large_image\" \/>\n<meta name=\"twitter:label1\" content=\"Est. reading time\" \/>\n\t<meta name=\"twitter:data1\" content=\"4 minutes\" \/>\n<script type=\"application\/ld+json\" class=\"yoast-schema-graph\">{\"@context\":\"https:\/\/schema.org\",\"@graph\":[{\"@type\":\"WebPage\",\"@id\":\"https:\/\/www.mivam.com\/izdelek\/axiom-sp-fluid\/\",\"url\":\"https:\/\/www.mivam.com\/izdelek\/axiom-sp-fluid\/\",\"name\":\"AXIOM SP FLUID - Mi Vam\",\"isPartOf\":{\"@id\":\"https:\/\/www.mivam.com\/#website\"},\"primaryImageOfPage\":{\"@id\":\"https:\/\/www.mivam.com\/izdelek\/axiom-sp-fluid\/#primaryimage\"},\"image\":{\"@id\":\"https:\/\/www.mivam.com\/izdelek\/axiom-sp-fluid\/#primaryimage\"},\"thumbnailUrl\":\"https:\/\/www.mivam.com\/wp-content\/uploads\/2026\/03\/axsp-hero-1.png\",\"datePublished\":\"2026-03-18T06:23:16+00:00\",\"dateModified\":\"2026-03-18T14:43:06+00:00\",\"description\":\"Manj plasti. Ve\u010d trpe\u017enosti. Axiom SP Fluid izkori\u0161\u010da Axiomovo razliko in je zasnovan tako, da zagotavlja ve\u010djo potopitev in obdajajo\u010d u\u010dinek, pri \u010demer namesto viskoelasti\u010dne pene, ki se uporablja v Axiom SP Visco, uporablja Hydrolite teko\u010dinski vlo\u017eek.\",\"breadcrumb\":{\"@id\":\"https:\/\/www.mivam.com\/izdelek\/axiom-sp-fluid\/#breadcrumb\"},\"inLanguage\":\"en-US\",\"potentialAction\":[{\"@type\":\"ReadAction\",\"target\":[\"https:\/\/www.mivam.com\/izdelek\/axiom-sp-fluid\/\"]}]},{\"@type\":\"ImageObject\",\"inLanguage\":\"en-US\",\"@id\":\"https:\/\/www.mivam.com\/izdelek\/axiom-sp-fluid\/#primaryimage\",\"url\":\"https:\/\/www.mivam.com\/wp-content\/uploads\/2026\/03\/axsp-hero-1.png\",\"contentUrl\":\"https:\/\/www.mivam.com\/wp-content\/uploads\/2026\/03\/axsp-hero-1.png\",\"width\":1000,\"height\":649},{\"@type\":\"BreadcrumbList\",\"@id\":\"https:\/\/www.mivam.com\/izdelek\/axiom-sp-fluid\/#breadcrumb\",\"itemListElement\":[{\"@type\":\"ListItem\",\"position\":1,\"name\":\"Domov\",\"item\":\"https:\/\/www.mivam.com\/\"},{\"@type\":\"ListItem\",\"position\":2,\"name\":\"Shop\",\"item\":\"https:\/\/www.mivam.com\/en\/shop\/\"},{\"@type\":\"ListItem\",\"position\":3,\"name\":\"Invalidski vozi\u010dki in skuterji\",\"item\":\"https:\/\/www.mivam.com\/kategorija-izdelka\/invalidski-vozicki-in-skuterji\/\"},{\"@type\":\"ListItem\",\"position\":4,\"name\":\"Antidekubitusne blazine\",\"item\":\"https:\/\/www.mivam.com\/kategorija-izdelka\/invalidski-vozicki-in-skuterji\/antidekubitusne-blazine\/\"},{\"@type\":\"ListItem\",\"position\":5,\"name\":\"AXIOM SP FLUID\"}]},{\"@type\":\"WebSite\",\"@id\":\"https:\/\/www.mivam.com\/#website\",\"url\":\"https:\/\/www.mivam.com\/\",\"name\":\"Mi Vam\",\"description\":\"Medicinski pripomo\u010dki in re\u0161itve za manj odvisno \u017eivljenje.\",\"potentialAction\":[{\"@type\":\"SearchAction\",\"target\":{\"@type\":\"EntryPoint\",\"urlTemplate\":\"https:\/\/www.mivam.com\/?s={search_term_string}\"},\"query-input\":{\"@type\":\"PropertyValueSpecification\",\"valueRequired\":true,\"valueName\":\"search_term_string\"}}],\"inLanguage\":\"en-US\"}]}<\/script>\n<!-- \/ Yoast SEO plugin. -->","yoast_head_json":{"title":"AXIOM SP FLUID - Mi Vam","description":"Manj plasti. Ve\u010d trpe\u017enosti. Axiom SP Fluid izkori\u0161\u010da Axiomovo razliko in je zasnovan tako, da zagotavlja ve\u010djo potopitev in obdajajo\u010d u\u010dinek, pri \u010demer namesto viskoelasti\u010dne pene, ki se uporablja v Axiom SP Visco, uporablja Hydrolite teko\u010dinski vlo\u017eek.","robots":{"index":"index","follow":"follow","max-snippet":"max-snippet:-1","max-image-preview":"max-image-preview:large","max-video-preview":"max-video-preview:-1"},"canonical":"https:\/\/www.mivam.com\/izdelek\/axiom-sp-fluid\/","og_locale":"en_US","og_type":"article","og_title":"AXIOM SP FLUID - Mi Vam","og_description":"Manj plasti. Ve\u010d trpe\u017enosti. Axiom SP Fluid izkori\u0161\u010da Axiomovo razliko in je zasnovan tako, da zagotavlja ve\u010djo potopitev in obdajajo\u010d u\u010dinek, pri \u010demer namesto viskoelasti\u010dne pene, ki se uporablja v Axiom SP Visco, uporablja Hydrolite teko\u010dinski vlo\u017eek.","og_url":"https:\/\/www.mivam.com\/izdelek\/axiom-sp-fluid\/","og_site_name":"Mi Vam","article_modified_time":"2026-03-18T14:43:06+00:00","og_image":[{"width":1000,"height":649,"url":"https:\/\/www.mivam.com\/wp-content\/uploads\/2026\/03\/axsp-hero-1.png","type":"image\/png"}],"twitter_card":"summary_large_image","twitter_misc":{"Est. reading time":"4 minutes"},"schema":{"@context":"https:\/\/schema.org","@graph":[{"@type":"WebPage","@id":"https:\/\/www.mivam.com\/izdelek\/axiom-sp-fluid\/","url":"https:\/\/www.mivam.com\/izdelek\/axiom-sp-fluid\/","name":"AXIOM SP FLUID - Mi Vam","isPartOf":{"@id":"https:\/\/www.mivam.com\/#website"},"primaryImageOfPage":{"@id":"https:\/\/www.mivam.com\/izdelek\/axiom-sp-fluid\/#primaryimage"},"image":{"@id":"https:\/\/www.mivam.com\/izdelek\/axiom-sp-fluid\/#primaryimage"},"thumbnailUrl":"https:\/\/www.mivam.com\/wp-content\/uploads\/2026\/03\/axsp-hero-1.png","datePublished":"2026-03-18T06:23:16+00:00","dateModified":"2026-03-18T14:43:06+00:00","description":"Manj plasti. Ve\u010d trpe\u017enosti. Axiom SP Fluid izkori\u0161\u010da Axiomovo razliko in je zasnovan tako, da zagotavlja ve\u010djo potopitev in obdajajo\u010d u\u010dinek, pri \u010demer namesto viskoelasti\u010dne pene, ki se uporablja v Axiom SP Visco, uporablja Hydrolite teko\u010dinski vlo\u017eek.","breadcrumb":{"@id":"https:\/\/www.mivam.com\/izdelek\/axiom-sp-fluid\/#breadcrumb"},"inLanguage":"en-US","potentialAction":[{"@type":"ReadAction","target":["https:\/\/www.mivam.com\/izdelek\/axiom-sp-fluid\/"]}]},{"@type":"ImageObject","inLanguage":"en-US","@id":"https:\/\/www.mivam.com\/izdelek\/axiom-sp-fluid\/#primaryimage","url":"https:\/\/www.mivam.com\/wp-content\/uploads\/2026\/03\/axsp-hero-1.png","contentUrl":"https:\/\/www.mivam.com\/wp-content\/uploads\/2026\/03\/axsp-hero-1.png","width":1000,"height":649},{"@type":"BreadcrumbList","@id":"https:\/\/www.mivam.com\/izdelek\/axiom-sp-fluid\/#breadcrumb","itemListElement":[{"@type":"ListItem","position":1,"name":"Domov","item":"https:\/\/www.mivam.com\/"},{"@type":"ListItem","position":2,"name":"Shop","item":"https:\/\/www.mivam.com\/en\/shop\/"},{"@type":"ListItem","position":3,"name":"Invalidski vozi\u010dki in skuterji","item":"https:\/\/www.mivam.com\/kategorija-izdelka\/invalidski-vozicki-in-skuterji\/"},{"@type":"ListItem","position":4,"name":"Antidekubitusne blazine","item":"https:\/\/www.mivam.com\/kategorija-izdelka\/invalidski-vozicki-in-skuterji\/antidekubitusne-blazine\/"},{"@type":"ListItem","position":5,"name":"AXIOM SP FLUID"}]},{"@type":"WebSite","@id":"https:\/\/www.mivam.com\/#website","url":"https:\/\/www.mivam.com\/","name":"Mi Vam","description":"Medicinski pripomo\u010dki in re\u0161itve za manj odvisno \u017eivljenje.","potentialAction":[{"@type":"SearchAction","target":{"@type":"EntryPoint","urlTemplate":"https:\/\/www.mivam.com\/?s={search_term_string}"},"query-input":{"@type":"PropertyValueSpecification","valueRequired":true,"valueName":"search_term_string"}}],"inLanguage":"en-US"}]}},"_links":{"self":[{"href":"https:\/\/www.mivam.com\/en\/wp-json\/wp\/v2\/product\/10550","targetHints":{"allow":["GET"]}}],"collection":[{"href":"https:\/\/www.mivam.com\/en\/wp-json\/wp\/v2\/product"}],"about":[{"href":"https:\/\/www.mivam.com\/en\/wp-json\/wp\/v2\/types\/product"}],"replies":[{"embeddable":true,"href":"https:\/\/www.mivam.com\/en\/wp-json\/wp\/v2\/comments?post=10550"}],"wp:featuredmedia":[{"embeddable":true,"href":"https:\/\/www.mivam.com\/en\/wp-json\/wp\/v2\/media\/10578"}],"wp:attachment":[{"href":"https:\/\/www.mivam.com\/en\/wp-json\/wp\/v2\/media?parent=10550"}],"wp:term":[{"taxonomy":"product_brand","embeddable":true,"href":"https:\/\/www.mivam.com\/en\/wp-json\/wp\/v2\/product_brand?post=10550"},{"taxonomy":"product_cat","embeddable":true,"href":"https:\/\/www.mivam.com\/en\/wp-json\/wp\/v2\/product_cat?post=10550"},{"taxonomy":"product_tag","embeddable":true,"href":"https:\/\/www.mivam.com\/en\/wp-json\/wp\/v2\/product_tag?post=10550"}],"curies":[{"name":"wp","href":"https:\/\/api.w.org\/{rel}","templated":true}]}}