{"id":10549,"date":"2026-03-18T07:22:03","date_gmt":"2026-03-18T06:22:03","guid":{"rendered":"https:\/\/www.mivam.com\/?post_type=product&#038;p=10549"},"modified":"2026-03-18T15:34:43","modified_gmt":"2026-03-18T14:34:43","slug":"axiom-sp-visco","status":"publish","type":"product","link":"https:\/\/www.mivam.com\/en\/izdelek\/axiom-sp-visco\/","title":{"rendered":"AXIOM SP VISCO"},"content":{"rendered":"<div class=\"wpb-content-wrapper\"><p>[vc_row full_width=&#8221;stretch_row&#8221; css=&#8221;.vc_custom_1773653757318{background-color: #fffcfc !important;}&#8221; el_class=&#8221;single-product-wide-img&#8221;][vc_column][vc_empty_space height=&#8221;60px&#8221;][vc_column_text]<\/p>\n<h2 style=\"text-align: center\">Podrobnosti:<\/h2>\n<p>[\/vc_column_text][vc_row_inner][vc_column_inner width=&#8221;1\/2&#8243;][vc_column_text]<\/p>\n<h3 class=\"product-page-feature-tour-header\">Viskoelasti\u010dni material<\/h3>\n<p class=\"product-page-feature-tour-header\">Viskoelasti\u010dni material je hkrati viskozen (po\u010dasi spreminja obliko) in elasti\u010den (vrne se v prvotno obliko). Deformira se in vra\u010da v prvotno obliko zelo po\u010dasi. Med deformacijo viskoelasti\u010dne pene in njeno vrnitvijo v prvotno obliko je precej\u0161en zamik. Ker se energija med \u010dasovnim zamikom u\u010dinkovito absorbira in razpr\u0161i, je po deformaciji manj\u0161a reakcijska sila, ki se potiska nazaj.<\/p>\n<p>[\/vc_column_text][\/vc_column_inner][vc_column_inner width=&#8221;1\/2&#8243;][vc_single_image image=&#8221;10572&#8243; alignment=&#8221;center&#8221;][\/vc_column_inner][\/vc_row_inner][vc_empty_space height=&#8221;60px&#8221;][vc_row_inner][vc_column_inner width=&#8221;1\/2&#8243;][vc_single_image image=&#8221;10570&#8243; alignment=&#8221;center&#8221;][\/vc_column_inner][vc_column_inner width=&#8221;1\/2&#8243;][vc_column_text]<\/p>\n<h3 class=\"product-page-feature-tour-header\">Pove\u010dana potopitev<\/h3>\n<p class=\"product-page-feature-tour-header\">Axiom SP Visco je zasnovan tako, da zagotavlja ve\u010djo potopitev, kar trohanterjem omogo\u010da, da prenesejo u\u010dinkovito obremenitev. To izbolj\u0161a stabilnost z raz\u0161iritvijo oporne baze in zmanj\u0161a obremenitev, ki jo mora prena\u0161ati tkivo, ki podpira sedni\u010dne tuberkule. Debel del posebej zasnovane viskoelasti\u010dne pene se deformira, da potopi in obda sedni\u010dne tuberkule.<\/p>\n<p>[\/vc_column_text][\/vc_column_inner][\/vc_row_inner][vc_empty_space height=&#8221;60px&#8221;][vc_row_inner][vc_column_inner width=&#8221;1\/2&#8243;][vc_column_text]<\/p>\n<h3 class=\"product-page-feature-tour-header\">Visokokakovostni penasti materiali<\/h3>\n<p class=\"product-page-feature-tour-header\">Axiom SP Visco je izdelan iz pene z visokim IFD in gostoto. Osnova iz poliuretanske pene z dvojno gostoto nudi trdno oporo v spodnjem sloju, zgornji sloj pa je trpe\u017een in udoben. Vlo\u017eek iz viskoelastike pene z edinstvenimi \u0161esterokotnimi oblikami pove\u010da oprijem in zmanj\u0161a stiskanje okoli sedalne kosti in trtice. Visokokakovostni penasti materiali zagotavljajo dolgotrajen, udoben in visoko zmogljiv izdelek.<\/p>\n<p>[\/vc_column_text][\/vc_column_inner][vc_column_inner width=&#8221;1\/2&#8243;][vc_single_image image=&#8221;10568&#8243; alignment=&#8221;center&#8221;][\/vc_column_inner][\/vc_row_inner][vc_empty_space height=&#8221;60px&#8221;][vc_row_inner][vc_column_inner width=&#8221;1\/2&#8243;][vc_single_image image=&#8221;10566&#8243; alignment=&#8221;center&#8221;][\/vc_column_inner][vc_column_inner width=&#8221;1\/2&#8243;][vc_column_text]<\/p>\n<h3 class=\"product-page-feature-tour-header\">Zmanj\u0161anje povr\u0161inske napetosti<\/h3>\n<p class=\"product-page-feature-tour-header\">Viskoelasti\u010dni penasti vlo\u017eek z edinstvenimi \u0161estkotnimi oblikami pove\u010da oprijem in zmanj\u0161a stiskanje okoli sedni\u010dne kosti in trtice. Zunanja prevleka ima mikroklimatsko distan\u010dno plast tkanine s podkvastim dizajnom okoli odprtine za zmanj\u0161anje plasti, kar omogo\u010da, da penasti vlo\u017eek le\u017ei neposredno pod nagubano 4-smerno raztegljivo prevleko iz likre za zmanj\u0161anje povr\u0161inske napetosti.<\/p>\n<p>[\/vc_column_text][\/vc_column_inner][\/vc_row_inner][vc_empty_space height=&#8221;40px&#8221;][vc_row_inner][vc_column_inner width=&#8221;1\/2&#8243;][vc_column_text]<\/p>\n<h3 class=\"product-page-feature-tour-header\">Predhodno oblikovana oblika<\/h3>\n<p class=\"product-page-feature-tour-header\">Pomembno je, da imajo vse blazine pravilno zasnovano predhodno oblikovano obliko. Zato smo sodelovali z Georgia Tech pri preu\u010devanju antropometri\u010dnih podatkov. Axiom SP Visco ima pravilno zasnovano predhodno oblikovano obliko, ki je zasnovana tako, da zagotavlja pove\u010dano potopitev, kar omogo\u010da trohanterjem, da prenesejo u\u010dinkovito obremenitev, raz\u0161iri osnovo opore in zmanj\u0161a obremenitev, ki jo morajo prena\u0161ati sedni\u010dni izrastki. Vdolbina ima tudi dve majhni obmo\u010dji, kjer se pod sedni\u010dnimi izrastki odstrani pena za la\u017ejo potopitev.<\/p>\n<p>[\/vc_column_text][\/vc_column_inner][vc_column_inner width=&#8221;1\/2&#8243;][vc_single_image image=&#8221;10564&#8243; alignment=&#8221;center&#8221;][\/vc_column_inner][\/vc_row_inner][vc_empty_space height=&#8221;40px&#8221;][vc_row_inner][vc_column_inner width=&#8221;1\/2&#8243;][vc_single_image image=&#8221;10562&#8243; alignment=&#8221;center&#8221;][\/vc_column_inner][vc_column_inner width=&#8221;1\/2&#8243;][vc_column_text]<\/p>\n<h3 class=\"product-page-feature-tour-header\">Bogati materiali<\/h3>\n<p class=\"product-page-feature-tour-header\">Blazine Axiom G, S in P imajo inovativno prevleko, ki je estetsko privla\u010dna in hkrati funkcionalna tako za stranko kot za negovalca. Vodoodporna zadrga in zanka zadrge omogo\u010data enostavno namestitev in odstranitev prevleke, hkrati pa \u0161\u010ditita peno. Na voljo je lahko dostopen sprednji ro\u010daj z zankami za obe\u0161anje dodatkov.<\/p>\n<p>[\/vc_column_text][\/vc_column_inner][\/vc_row_inner][vc_empty_space height=&#8221;60px&#8221;][vc_empty_space height=&#8221;60px&#8221;][vc_column_text]<\/p>\n<h2 style=\"text-align: center\">Specifikacije:<\/h2>\n<p>[\/vc_column_text][vc_row_inner][vc_column_inner][vc_column_text]<\/p>\n<div class=\"specTable specTablefiftyfifty\">\n<table>\n<tbody>\n<tr class=\"specTableRowGrey\">\n<td class=\"specTableRowHeader\">\u0160irina<\/td>\n<td>35,6 \u2013 55,9 cm<\/td>\n<\/tr>\n<tr>\n<td class=\"specTableRowHeader\">Globina<\/td>\n<td>35,6 \u2013 55,9 cm<\/td>\n<\/tr>\n<tr class=\"specTableRowGrey\">\n<td class=\"specTableRowHeader\">Vi\u0161ina (opore za noge)<\/td>\n<td>8,3 cm<\/td>\n<\/tr>\n<tr>\n<td class=\"specTableRowHeader\">Vi\u0161ina (skupna)<\/td>\n<td>11,4 cm<\/td>\n<\/tr>\n<tr class=\"specTableRowGrey\">\n<td class=\"specTableRowHeader\">Te\u017ea<\/td>\n<td>1,6 kg<\/td>\n<\/tr>\n<tr>\n<td class=\"specTableRowHeader\">Nosilnost<\/td>\n<td>158,8 kg<\/td>\n<\/tr>\n<tr class=\"specTableRowGrey\">\n<td class=\"specTableRowHeader\">HCPCS<\/td>\n<td>E2607\/8<\/td>\n<\/tr>\n<\/tbody>\n<\/table>\n<\/div>\n<p>[\/vc_column_text][\/vc_column_inner][\/vc_row_inner][vc_empty_space height=&#8221;60px&#8221;][vc_empty_space height=&#8221;60px&#8221;][\/vc_column][\/vc_row]<\/p>\n<\/div>","protected":false},"excerpt":{"rendered":"<h3 class=\"product-page-catalyst-hero-text-title\">Udobje. Pozicioniranje. Potopitev.<\/h3>\n<div class=\"product-page-catalyst-hero-text-title\">Axiom SP Visco izkori\u0161\u010da Axiomovo razliko in je zasnovan za ve\u010djo potopitev, saj namesto Hydrolite teko\u010dinskega vlo\u017eka, ki ga vidimo v Axiom SP Fluid, uporablja viskoelasti\u010dno peno.<\/div>\n","protected":false},"featured_media":10560,"comment_status":"closed","ping_status":"closed","template":"","meta":[],"product_brand":[],"product_cat":[222,41],"product_tag":[267,244,243,92,951,955,85,100,921,920,160,956],"class_list":{"0":"post-10549","1":"product","2":"type-product","3":"status-publish","4":"has-post-thumbnail","6":"product_cat-invalidski-vozicki-in-skuterji","7":"product_cat-antidekubitusne-blazine","8":"product_tag-267","9":"product_tag-244","10":"product_tag-243","11":"product_tag-antidekubitusna","12":"product_tag-axiom","13":"product_tag-axiom-sp-visco","14":"product_tag-blazina","15":"product_tag-etac","16":"product_tag-ki","17":"product_tag-ki-mobility","18":"product_tag-sedezna-blazina","19":"product_tag-sp-visco","21":"first","22":"onbackorder","23":"taxable","24":"shipping-taxable","25":"product-type-simple"},"yoast_head":"<!-- This site is optimized with the Yoast SEO plugin v24.0 - https:\/\/yoast.com\/wordpress\/plugins\/seo\/ -->\n<title>AXIOM SP VISCO - Mi Vam<\/title>\n<meta name=\"description\" content=\"Udobje. Pozicioniranje. Potopitev. Axiom SP Visco izkori\u0161\u010da Axiomovo razliko in je zasnovan za ve\u010djo potopitev, saj namesto Hydrolite teko\u010dinskega vlo\u017eka, ki ga vidimo v Axiom SP Fluid, uporablja viskoelasti\u010dno peno.\" \/>\n<meta name=\"robots\" content=\"index, follow, max-snippet:-1, max-image-preview:large, max-video-preview:-1\" \/>\n<link rel=\"canonical\" href=\"https:\/\/www.mivam.com\/izdelek\/axiom-sp-visco\/\" \/>\n<meta property=\"og:locale\" content=\"en_US\" \/>\n<meta property=\"og:type\" content=\"article\" \/>\n<meta property=\"og:title\" content=\"AXIOM SP VISCO - Mi Vam\" \/>\n<meta property=\"og:description\" content=\"Udobje. Pozicioniranje. Potopitev. Axiom SP Visco izkori\u0161\u010da Axiomovo razliko in je zasnovan za ve\u010djo potopitev, saj namesto Hydrolite teko\u010dinskega vlo\u017eka, ki ga vidimo v Axiom SP Fluid, uporablja viskoelasti\u010dno peno.\" \/>\n<meta property=\"og:url\" content=\"https:\/\/www.mivam.com\/izdelek\/axiom-sp-visco\/\" \/>\n<meta property=\"og:site_name\" content=\"Mi Vam\" \/>\n<meta property=\"article:modified_time\" content=\"2026-03-18T14:34:43+00:00\" \/>\n<meta property=\"og:image\" content=\"https:\/\/www.mivam.com\/wp-content\/uploads\/2026\/03\/axsp-hero.png\" \/>\n\t<meta property=\"og:image:width\" content=\"1000\" \/>\n\t<meta property=\"og:image:height\" content=\"649\" \/>\n\t<meta property=\"og:image:type\" content=\"image\/png\" \/>\n<meta name=\"twitter:card\" content=\"summary_large_image\" \/>\n<meta name=\"twitter:label1\" content=\"Est. reading time\" \/>\n\t<meta name=\"twitter:data1\" content=\"4 minutes\" \/>\n<script type=\"application\/ld+json\" class=\"yoast-schema-graph\">{\"@context\":\"https:\/\/schema.org\",\"@graph\":[{\"@type\":\"WebPage\",\"@id\":\"https:\/\/www.mivam.com\/izdelek\/axiom-sp-visco\/\",\"url\":\"https:\/\/www.mivam.com\/izdelek\/axiom-sp-visco\/\",\"name\":\"AXIOM SP VISCO - Mi Vam\",\"isPartOf\":{\"@id\":\"https:\/\/www.mivam.com\/#website\"},\"primaryImageOfPage\":{\"@id\":\"https:\/\/www.mivam.com\/izdelek\/axiom-sp-visco\/#primaryimage\"},\"image\":{\"@id\":\"https:\/\/www.mivam.com\/izdelek\/axiom-sp-visco\/#primaryimage\"},\"thumbnailUrl\":\"https:\/\/www.mivam.com\/wp-content\/uploads\/2026\/03\/axsp-hero.png\",\"datePublished\":\"2026-03-18T06:22:03+00:00\",\"dateModified\":\"2026-03-18T14:34:43+00:00\",\"description\":\"Udobje. Pozicioniranje. Potopitev. Axiom SP Visco izkori\u0161\u010da Axiomovo razliko in je zasnovan za ve\u010djo potopitev, saj namesto Hydrolite teko\u010dinskega vlo\u017eka, ki ga vidimo v Axiom SP Fluid, uporablja viskoelasti\u010dno peno.\",\"breadcrumb\":{\"@id\":\"https:\/\/www.mivam.com\/izdelek\/axiom-sp-visco\/#breadcrumb\"},\"inLanguage\":\"en-US\",\"potentialAction\":[{\"@type\":\"ReadAction\",\"target\":[\"https:\/\/www.mivam.com\/izdelek\/axiom-sp-visco\/\"]}]},{\"@type\":\"ImageObject\",\"inLanguage\":\"en-US\",\"@id\":\"https:\/\/www.mivam.com\/izdelek\/axiom-sp-visco\/#primaryimage\",\"url\":\"https:\/\/www.mivam.com\/wp-content\/uploads\/2026\/03\/axsp-hero.png\",\"contentUrl\":\"https:\/\/www.mivam.com\/wp-content\/uploads\/2026\/03\/axsp-hero.png\",\"width\":1000,\"height\":649},{\"@type\":\"BreadcrumbList\",\"@id\":\"https:\/\/www.mivam.com\/izdelek\/axiom-sp-visco\/#breadcrumb\",\"itemListElement\":[{\"@type\":\"ListItem\",\"position\":1,\"name\":\"Domov\",\"item\":\"https:\/\/www.mivam.com\/\"},{\"@type\":\"ListItem\",\"position\":2,\"name\":\"Shop\",\"item\":\"https:\/\/www.mivam.com\/en\/shop\/\"},{\"@type\":\"ListItem\",\"position\":3,\"name\":\"Invalidski vozi\u010dki in skuterji\",\"item\":\"https:\/\/www.mivam.com\/kategorija-izdelka\/invalidski-vozicki-in-skuterji\/\"},{\"@type\":\"ListItem\",\"position\":4,\"name\":\"Antidekubitusne blazine\",\"item\":\"https:\/\/www.mivam.com\/kategorija-izdelka\/invalidski-vozicki-in-skuterji\/antidekubitusne-blazine\/\"},{\"@type\":\"ListItem\",\"position\":5,\"name\":\"AXIOM SP VISCO\"}]},{\"@type\":\"WebSite\",\"@id\":\"https:\/\/www.mivam.com\/#website\",\"url\":\"https:\/\/www.mivam.com\/\",\"name\":\"Mi Vam\",\"description\":\"Medicinski pripomo\u010dki in re\u0161itve za manj odvisno \u017eivljenje.\",\"potentialAction\":[{\"@type\":\"SearchAction\",\"target\":{\"@type\":\"EntryPoint\",\"urlTemplate\":\"https:\/\/www.mivam.com\/?s={search_term_string}\"},\"query-input\":{\"@type\":\"PropertyValueSpecification\",\"valueRequired\":true,\"valueName\":\"search_term_string\"}}],\"inLanguage\":\"en-US\"}]}<\/script>\n<!-- \/ Yoast SEO plugin. -->","yoast_head_json":{"title":"AXIOM SP VISCO - Mi Vam","description":"Udobje. Pozicioniranje. Potopitev. Axiom SP Visco izkori\u0161\u010da Axiomovo razliko in je zasnovan za ve\u010djo potopitev, saj namesto Hydrolite teko\u010dinskega vlo\u017eka, ki ga vidimo v Axiom SP Fluid, uporablja viskoelasti\u010dno peno.","robots":{"index":"index","follow":"follow","max-snippet":"max-snippet:-1","max-image-preview":"max-image-preview:large","max-video-preview":"max-video-preview:-1"},"canonical":"https:\/\/www.mivam.com\/izdelek\/axiom-sp-visco\/","og_locale":"en_US","og_type":"article","og_title":"AXIOM SP VISCO - Mi Vam","og_description":"Udobje. Pozicioniranje. Potopitev. Axiom SP Visco izkori\u0161\u010da Axiomovo razliko in je zasnovan za ve\u010djo potopitev, saj namesto Hydrolite teko\u010dinskega vlo\u017eka, ki ga vidimo v Axiom SP Fluid, uporablja viskoelasti\u010dno peno.","og_url":"https:\/\/www.mivam.com\/izdelek\/axiom-sp-visco\/","og_site_name":"Mi Vam","article_modified_time":"2026-03-18T14:34:43+00:00","og_image":[{"width":1000,"height":649,"url":"https:\/\/www.mivam.com\/wp-content\/uploads\/2026\/03\/axsp-hero.png","type":"image\/png"}],"twitter_card":"summary_large_image","twitter_misc":{"Est. reading time":"4 minutes"},"schema":{"@context":"https:\/\/schema.org","@graph":[{"@type":"WebPage","@id":"https:\/\/www.mivam.com\/izdelek\/axiom-sp-visco\/","url":"https:\/\/www.mivam.com\/izdelek\/axiom-sp-visco\/","name":"AXIOM SP VISCO - Mi Vam","isPartOf":{"@id":"https:\/\/www.mivam.com\/#website"},"primaryImageOfPage":{"@id":"https:\/\/www.mivam.com\/izdelek\/axiom-sp-visco\/#primaryimage"},"image":{"@id":"https:\/\/www.mivam.com\/izdelek\/axiom-sp-visco\/#primaryimage"},"thumbnailUrl":"https:\/\/www.mivam.com\/wp-content\/uploads\/2026\/03\/axsp-hero.png","datePublished":"2026-03-18T06:22:03+00:00","dateModified":"2026-03-18T14:34:43+00:00","description":"Udobje. Pozicioniranje. Potopitev. Axiom SP Visco izkori\u0161\u010da Axiomovo razliko in je zasnovan za ve\u010djo potopitev, saj namesto Hydrolite teko\u010dinskega vlo\u017eka, ki ga vidimo v Axiom SP Fluid, uporablja viskoelasti\u010dno peno.","breadcrumb":{"@id":"https:\/\/www.mivam.com\/izdelek\/axiom-sp-visco\/#breadcrumb"},"inLanguage":"en-US","potentialAction":[{"@type":"ReadAction","target":["https:\/\/www.mivam.com\/izdelek\/axiom-sp-visco\/"]}]},{"@type":"ImageObject","inLanguage":"en-US","@id":"https:\/\/www.mivam.com\/izdelek\/axiom-sp-visco\/#primaryimage","url":"https:\/\/www.mivam.com\/wp-content\/uploads\/2026\/03\/axsp-hero.png","contentUrl":"https:\/\/www.mivam.com\/wp-content\/uploads\/2026\/03\/axsp-hero.png","width":1000,"height":649},{"@type":"BreadcrumbList","@id":"https:\/\/www.mivam.com\/izdelek\/axiom-sp-visco\/#breadcrumb","itemListElement":[{"@type":"ListItem","position":1,"name":"Domov","item":"https:\/\/www.mivam.com\/"},{"@type":"ListItem","position":2,"name":"Shop","item":"https:\/\/www.mivam.com\/en\/shop\/"},{"@type":"ListItem","position":3,"name":"Invalidski vozi\u010dki in skuterji","item":"https:\/\/www.mivam.com\/kategorija-izdelka\/invalidski-vozicki-in-skuterji\/"},{"@type":"ListItem","position":4,"name":"Antidekubitusne blazine","item":"https:\/\/www.mivam.com\/kategorija-izdelka\/invalidski-vozicki-in-skuterji\/antidekubitusne-blazine\/"},{"@type":"ListItem","position":5,"name":"AXIOM SP VISCO"}]},{"@type":"WebSite","@id":"https:\/\/www.mivam.com\/#website","url":"https:\/\/www.mivam.com\/","name":"Mi Vam","description":"Medicinski pripomo\u010dki in re\u0161itve za manj odvisno \u017eivljenje.","potentialAction":[{"@type":"SearchAction","target":{"@type":"EntryPoint","urlTemplate":"https:\/\/www.mivam.com\/?s={search_term_string}"},"query-input":{"@type":"PropertyValueSpecification","valueRequired":true,"valueName":"search_term_string"}}],"inLanguage":"en-US"}]}},"_links":{"self":[{"href":"https:\/\/www.mivam.com\/en\/wp-json\/wp\/v2\/product\/10549","targetHints":{"allow":["GET"]}}],"collection":[{"href":"https:\/\/www.mivam.com\/en\/wp-json\/wp\/v2\/product"}],"about":[{"href":"https:\/\/www.mivam.com\/en\/wp-json\/wp\/v2\/types\/product"}],"replies":[{"embeddable":true,"href":"https:\/\/www.mivam.com\/en\/wp-json\/wp\/v2\/comments?post=10549"}],"wp:featuredmedia":[{"embeddable":true,"href":"https:\/\/www.mivam.com\/en\/wp-json\/wp\/v2\/media\/10560"}],"wp:attachment":[{"href":"https:\/\/www.mivam.com\/en\/wp-json\/wp\/v2\/media?parent=10549"}],"wp:term":[{"taxonomy":"product_brand","embeddable":true,"href":"https:\/\/www.mivam.com\/en\/wp-json\/wp\/v2\/product_brand?post=10549"},{"taxonomy":"product_cat","embeddable":true,"href":"https:\/\/www.mivam.com\/en\/wp-json\/wp\/v2\/product_cat?post=10549"},{"taxonomy":"product_tag","embeddable":true,"href":"https:\/\/www.mivam.com\/en\/wp-json\/wp\/v2\/product_tag?post=10549"}],"curies":[{"name":"wp","href":"https:\/\/api.w.org\/{rel}","templated":true}]}}