{"id":10529,"date":"2026-03-18T07:09:56","date_gmt":"2026-03-18T06:09:56","guid":{"rendered":"https:\/\/www.mivam.com\/?post_type=product&#038;p=10529"},"modified":"2026-03-18T15:28:47","modified_gmt":"2026-03-18T14:28:47","slug":"axiom-g-s-p","status":"publish","type":"product","link":"https:\/\/www.mivam.com\/en\/izdelek\/axiom-g-s-p\/","title":{"rendered":"AXIOM G \/ S \/ P"},"content":{"rendered":"<div class=\"wpb-content-wrapper\"><p>[vc_row full_width=&#8221;stretch_row&#8221; css=&#8221;.vc_custom_1773653757318{background-color: #fffcfc !important;}&#8221; el_class=&#8221;single-product-wide-img&#8221;][vc_column][vc_empty_space height=&#8221;60px&#8221;][vc_column_text]<\/p>\n<h2 style=\"text-align: center\">Podrobnosti:<\/h2>\n<p>[\/vc_column_text][vc_row_inner][vc_column_inner width=&#8221;1\/2&#8243;][vc_column_text]<\/p>\n<h3 class=\"product-page-feature-tour-header\">AKSIOM G<\/h3>\n<p class=\"product-page-feature-tour-header\">Blazina za splo\u0161no uporabo, ki ponuja vse oblikovne zna\u010dilnosti Axiom Difference. Z vnaprej oblikovano obliko, dobrim zmanj\u0161evanjem povr\u0161inske napetosti in visokokakovostno peno in prevleko bo zagotovo izbira profesionalcev \u0161e vrsto let.<\/p>\n<p>[\/vc_column_text][\/vc_column_inner][vc_column_inner width=&#8221;1\/2&#8243;][vc_single_image image=&#8221;10533&#8243; alignment=&#8221;center&#8221;][\/vc_column_inner][\/vc_row_inner][vc_empty_space height=&#8221;60px&#8221;][vc_row_inner][vc_column_inner width=&#8221;1\/2&#8243;][vc_single_image image=&#8221;10539&#8243; alignment=&#8221;center&#8221;][\/vc_column_inner][vc_column_inner width=&#8221;1\/2&#8243;][vc_column_text]<\/p>\n<h3 class=\"product-page-feature-tour-header\">AKSIOM S<\/h3>\n<p class=\"product-page-feature-tour-header\">Blazina za za\u0161\u010dito ko\u017ee Axiom S ponuja oblikovne elemente Axiom Difference s poudarkom na potopitvi in \u200b\u200bobdajanju, zato je odli\u010dna blazina za za\u0161\u010dito ko\u017ee za za\u010detnike.<\/p>\n<p>[\/vc_column_text][\/vc_column_inner][\/vc_row_inner][vc_empty_space height=&#8221;60px&#8221;][vc_row_inner][vc_column_inner width=&#8221;1\/2&#8243;][vc_column_text]<\/p>\n<h3 class=\"product-page-feature-tour-header\">AKSIOM P<\/h3>\n<p class=\"product-page-feature-tour-header\">Pozicijska blazina ponuja oblikovne elemente Axiom Difference s poudarkom na medialni in lateralni stabilnosti. Z vrhunskimi lastnostmi pozicioniranja in zmanj\u0161anjem povr\u0161inske napetosti v vdolbinici Axiom P dokazuje, da so pozicijske blazine lahko \u0161e vedno udobne, hkrati pa zagotavljajo pozicioniranje in stabilnost.<\/p>\n<p>[\/vc_column_text][\/vc_column_inner][vc_column_inner width=&#8221;1\/2&#8243;][vc_single_image image=&#8221;10537&#8243; alignment=&#8221;center&#8221;][\/vc_column_inner][\/vc_row_inner][vc_empty_space height=&#8221;60px&#8221;][vc_row_inner][vc_column_inner width=&#8221;1\/2&#8243;][vc_single_image image=&#8221;10541&#8243; alignment=&#8221;center&#8221;][\/vc_column_inner][vc_column_inner width=&#8221;1\/2&#8243;][vc_column_text]<\/p>\n<h3 class=\"product-page-feature-tour-header\">Predhodno oblikovana oblika<\/h3>\n<p class=\"product-page-feature-tour-header\">V sodelovanju z Univerzo Georgia Tech pri preu\u010devanju antropometrije imajo blazine Axiom ustrezno zasnovano predhodno oblikovano obliko. Axiom G in Axiom S imata blago oblikovano vdolbino, ki podpira trohanterje, prehaja v stegnenico in obdaja sedni\u010dne izbokline in trtico za oporo in stabilnost. Zmernej\u0161a predhodno oblikovana oblika Axioma P ponuja dodatno medialno in lateralno stabilnost skozi obmo\u010dje \u017eleba za noge, hkrati pa spodbuja ve\u010djo obdajanost sedni\u010dnih izboklin in trtice za bolj\u0161i polo\u017eaj.<\/p>\n<p>[\/vc_column_text][\/vc_column_inner][\/vc_row_inner][vc_empty_space height=&#8221;40px&#8221;][vc_row_inner][vc_column_inner width=&#8221;1\/2&#8243;][vc_column_text]<\/p>\n<h3 class=\"product-page-feature-tour-header\">Zmanj\u0161anje povr\u0161inske napetosti<\/h3>\n<p class=\"product-page-feature-tour-header\">Edinstvene \u0161esterokotne oblike pene v vdolbinici zmanj\u0161ujejo povr\u0161insko napetost in pove\u010dujejo ovojnico okoli sedni\u010dne kosti in trtice. Medeni\u010dna vdolbinica Axiom S je bila zasnovana s posebnim poudarkom na obmo\u010dju, ki porazdeli pritisk okoli tkiv, ki podpirajo ko\u0161\u010dene izrastke. Globlje \u0161esterokotne oblike omogo\u010dajo ve\u010djo potopitev in bolj\u0161o ovojnico. Z uporabo samo enega nagubanega pokrova se zmanj\u0161a povr\u0161inska napetost, kar zagotavlja bolj\u0161o potopitev v vdolbinico.<\/p>\n<p>[\/vc_column_text][\/vc_column_inner][vc_column_inner width=&#8221;1\/2&#8243;][vc_single_image image=&#8221;10547&#8243; alignment=&#8221;center&#8221;][\/vc_column_inner][\/vc_row_inner][vc_empty_space height=&#8221;40px&#8221;][vc_row_inner][vc_column_inner width=&#8221;1\/2&#8243;][vc_single_image image=&#8221;10545&#8243; alignment=&#8221;center&#8221;][\/vc_column_inner][vc_column_inner width=&#8221;1\/2&#8243;][vc_column_text]<\/p>\n<h3 class=\"product-page-feature-tour-header\">Visokokakovosten material<\/h3>\n<p class=\"product-page-feature-tour-header\">Osnova blazin Axiom G, S in P je izdelana iz poliuretanske pene z visoko gostoto medfaznega praznjenja (IFD). Prevleke so izdelane iz 4-smerno raztegljive, vodoodporne, nagubane zgornje plasti z nedrse\u010do spodnjo plo\u0161\u010do in stranskimi plo\u0161\u010dami z visoko gostoto. Vsi elementi materiala zagotavljajo dolgo obstojen, udoben in funkcionalen izdelek.<\/p>\n<p>[\/vc_column_text][\/vc_column_inner][\/vc_row_inner][vc_empty_space height=&#8221;60px&#8221;][vc_row_inner][vc_column_inner width=&#8221;1\/2&#8243;][vc_column_text]<\/p>\n<h3 class=\"product-page-feature-tour-header\">Bogata naslovnica<\/h3>\n<p class=\"product-page-feature-tour-header\">Blazine Axiom G, S in P imajo inovativno prevleko, ki je estetsko privla\u010dna in hkrati funkcionalna tako za stranko kot za negovalca. Vodoodporna zadrga in zanka zadrge omogo\u010data enostavno namestitev in odstranitev prevleke, hkrati pa \u0161\u010ditita peno. Na voljo je lahko dostopen sprednji ro\u010daj z zankami za obe\u0161anje dodatkov.<\/p>\n<p>[\/vc_column_text][\/vc_column_inner][vc_column_inner width=&#8221;1\/2&#8243;][vc_single_image image=&#8221;10543&#8243; alignment=&#8221;center&#8221;][\/vc_column_inner][\/vc_row_inner][vc_empty_space height=&#8221;60px&#8221;][vc_empty_space height=&#8221;60px&#8221;][vc_column_text]<\/p>\n<h2 style=\"text-align: center\">Specifikacije:<\/h2>\n<p>[\/vc_column_text][vc_row_inner][vc_column_inner][vc_column_text]<\/p>\n<div class=\"specTable specTableWithHeaders\">\n<table>\n<thead>\n<tr>\n<th><\/th>\n<th class=\"specTableColHeaderCel\">Aksiom G<\/th>\n<th class=\"specTableColHeaderCel\">Aksiom S<\/th>\n<th class=\"specTableColHeaderCel\">Aksiom P<\/th>\n<\/tr>\n<\/thead>\n<tbody>\n<tr class=\"specTableRowGrey\">\n<td class=\"specTableRowHeader\">\u0160irina<\/td>\n<td>35,6 \u2013 55,9 cm<\/td>\n<td>35,6 \u2013 55,9 cm<\/td>\n<td>35,6 \u2013 55,9 cm<\/td>\n<\/tr>\n<tr>\n<td class=\"specTableRowHeader\">Globina<\/td>\n<td>35,6 \u2013 55,9 cm<\/td>\n<td>35,6 \u2013 55,9 cm<\/td>\n<td>35,6 \u2013 55,9 cm<\/td>\n<\/tr>\n<tr class=\"specTableRowGrey\">\n<td class=\"specTableRowHeader\">Vi\u0161ina (opore za noge)<\/td>\n<td>5,7 cm<\/td>\n<td>5,7 cm<\/td>\n<td>5,7 cm<\/td>\n<\/tr>\n<tr>\n<td class=\"specTableRowHeader\">Vi\u0161ina (skupna)<\/td>\n<td>7,6 cm<\/td>\n<td>7,6 cm<\/td>\n<td>8,9 cm<\/td>\n<\/tr>\n<tr class=\"specTableRowGrey\">\n<td class=\"specTableRowHeader\">Te\u017ea<\/td>\n<td>1 kg<\/td>\n<td>1 kg<\/td>\n<td>1 kg<\/td>\n<\/tr>\n<tr>\n<td class=\"specTableRowHeader\">Nosilnost<\/td>\n<td>158,8 kg<\/td>\n<td>158,8 kg<\/td>\n<td>158,8 kg<\/td>\n<\/tr>\n<tr class=\"specTableRowGrey\">\n<td class=\"specTableRowHeader\">HCPCS<\/td>\n<td>E2601\/2<\/td>\n<td>E2603\/4<\/td>\n<td>E2605\/6<\/td>\n<\/tr>\n<\/tbody>\n<\/table>\n<\/div>\n<p>[\/vc_column_text][\/vc_column_inner][\/vc_row_inner][vc_empty_space height=&#8221;60px&#8221;][vc_empty_space height=&#8221;60px&#8221;][\/vc_column][\/vc_row]<\/p>\n<\/div>","protected":false},"excerpt":{"rendered":"<h3 class=\"product-page-catalyst-hero-text-title\">Kjer se znanost sre\u010da z udobjem<\/h3>\n<div class=\"product-page-catalyst-hero-text-title\">Izkusite popolno ravnovesje med inovacijami, kakovostjo in podporo z blazinami za invalidske vozi\u010dke Axiom. Te blazine, zasnovane v skladu z na\u010deli Axiom Difference, zagotavljajo izjemno udobje, vzdr\u017eljivost in klini\u010dno u\u010dinkovitost \u2013 kar zagotavlja pravilno prileganje za \u0161irok spekter potreb.<\/div>\n","protected":false},"featured_media":10530,"comment_status":"closed","ping_status":"closed","template":"","meta":[],"product_brand":[],"product_cat":[222,41],"product_tag":[267,244,243,92,951,952,954,953,85,100,921,920,160],"class_list":{"0":"post-10529","1":"product","2":"type-product","3":"status-publish","4":"has-post-thumbnail","6":"product_cat-invalidski-vozicki-in-skuterji","7":"product_cat-antidekubitusne-blazine","8":"product_tag-267","9":"product_tag-244","10":"product_tag-243","11":"product_tag-antidekubitusna","12":"product_tag-axiom","13":"product_tag-axiom-g","14":"product_tag-axiom-p","15":"product_tag-axiom-s","16":"product_tag-blazina","17":"product_tag-etac","18":"product_tag-ki","19":"product_tag-ki-mobility","20":"product_tag-sedezna-blazina","22":"first","23":"onbackorder","24":"taxable","25":"shipping-taxable","26":"product-type-simple"},"yoast_head":"<!-- This site is optimized with the Yoast SEO plugin v24.0 - https:\/\/yoast.com\/wordpress\/plugins\/seo\/ -->\n<title>AXIOM G \/ S \/ P - Mi Vam<\/title>\n<meta name=\"description\" content=\"Kjer se znanost sre\u010da z udobjem Izkusite popolno ravnovesje med inovacijami, kakovostjo in podporo z blazinami za invalidske vozi\u010dke Axiom. Te blazine, zasnovane v skladu z na\u010deli Axiom Difference, zagotavljajo izjemno udobje, vzdr\u017eljivost in klini\u010dno u\u010dinkovitost \u2013 kar zagotavlja pravilno prileganje za \u0161irok spekter potreb.\" \/>\n<meta name=\"robots\" content=\"index, follow, max-snippet:-1, max-image-preview:large, max-video-preview:-1\" \/>\n<link rel=\"canonical\" href=\"https:\/\/www.mivam.com\/izdelek\/axiom-g-s-p\/\" \/>\n<meta property=\"og:locale\" content=\"en_US\" \/>\n<meta property=\"og:type\" content=\"article\" \/>\n<meta property=\"og:title\" content=\"AXIOM G \/ S \/ P - Mi Vam\" \/>\n<meta property=\"og:description\" content=\"Kjer se znanost sre\u010da z udobjem Izkusite popolno ravnovesje med inovacijami, kakovostjo in podporo z blazinami za invalidske vozi\u010dke Axiom. Te blazine, zasnovane v skladu z na\u010deli Axiom Difference, zagotavljajo izjemno udobje, vzdr\u017eljivost in klini\u010dno u\u010dinkovitost \u2013 kar zagotavlja pravilno prileganje za \u0161irok spekter potreb.\" \/>\n<meta property=\"og:url\" content=\"https:\/\/www.mivam.com\/izdelek\/axiom-g-s-p\/\" \/>\n<meta property=\"og:site_name\" content=\"Mi Vam\" \/>\n<meta property=\"article:modified_time\" content=\"2026-03-18T14:28:47+00:00\" \/>\n<meta property=\"og:image\" content=\"https:\/\/www.mivam.com\/wp-content\/uploads\/2026\/03\/mivam-axiom-g-s-p.jpg\" \/>\n\t<meta property=\"og:image:width\" content=\"1099\" \/>\n\t<meta property=\"og:image:height\" content=\"698\" \/>\n\t<meta property=\"og:image:type\" content=\"image\/jpeg\" \/>\n<meta name=\"twitter:card\" content=\"summary_large_image\" \/>\n<meta name=\"twitter:label1\" content=\"Est. reading time\" \/>\n\t<meta name=\"twitter:data1\" content=\"5 minutes\" \/>\n<script type=\"application\/ld+json\" class=\"yoast-schema-graph\">{\"@context\":\"https:\/\/schema.org\",\"@graph\":[{\"@type\":\"WebPage\",\"@id\":\"https:\/\/www.mivam.com\/izdelek\/axiom-g-s-p\/\",\"url\":\"https:\/\/www.mivam.com\/izdelek\/axiom-g-s-p\/\",\"name\":\"AXIOM G \/ S \/ P - Mi Vam\",\"isPartOf\":{\"@id\":\"https:\/\/www.mivam.com\/#website\"},\"primaryImageOfPage\":{\"@id\":\"https:\/\/www.mivam.com\/izdelek\/axiom-g-s-p\/#primaryimage\"},\"image\":{\"@id\":\"https:\/\/www.mivam.com\/izdelek\/axiom-g-s-p\/#primaryimage\"},\"thumbnailUrl\":\"https:\/\/www.mivam.com\/wp-content\/uploads\/2026\/03\/mivam-axiom-g-s-p.jpg\",\"datePublished\":\"2026-03-18T06:09:56+00:00\",\"dateModified\":\"2026-03-18T14:28:47+00:00\",\"description\":\"Kjer se znanost sre\u010da z udobjem Izkusite popolno ravnovesje med inovacijami, kakovostjo in podporo z blazinami za invalidske vozi\u010dke Axiom. Te blazine, zasnovane v skladu z na\u010deli Axiom Difference, zagotavljajo izjemno udobje, vzdr\u017eljivost in klini\u010dno u\u010dinkovitost \u2013 kar zagotavlja pravilno prileganje za \u0161irok spekter potreb.\",\"breadcrumb\":{\"@id\":\"https:\/\/www.mivam.com\/izdelek\/axiom-g-s-p\/#breadcrumb\"},\"inLanguage\":\"en-US\",\"potentialAction\":[{\"@type\":\"ReadAction\",\"target\":[\"https:\/\/www.mivam.com\/izdelek\/axiom-g-s-p\/\"]}]},{\"@type\":\"ImageObject\",\"inLanguage\":\"en-US\",\"@id\":\"https:\/\/www.mivam.com\/izdelek\/axiom-g-s-p\/#primaryimage\",\"url\":\"https:\/\/www.mivam.com\/wp-content\/uploads\/2026\/03\/mivam-axiom-g-s-p.jpg\",\"contentUrl\":\"https:\/\/www.mivam.com\/wp-content\/uploads\/2026\/03\/mivam-axiom-g-s-p.jpg\",\"width\":1099,\"height\":698},{\"@type\":\"BreadcrumbList\",\"@id\":\"https:\/\/www.mivam.com\/izdelek\/axiom-g-s-p\/#breadcrumb\",\"itemListElement\":[{\"@type\":\"ListItem\",\"position\":1,\"name\":\"Domov\",\"item\":\"https:\/\/www.mivam.com\/\"},{\"@type\":\"ListItem\",\"position\":2,\"name\":\"Shop\",\"item\":\"https:\/\/www.mivam.com\/en\/shop\/\"},{\"@type\":\"ListItem\",\"position\":3,\"name\":\"Invalidski vozi\u010dki in skuterji\",\"item\":\"https:\/\/www.mivam.com\/kategorija-izdelka\/invalidski-vozicki-in-skuterji\/\"},{\"@type\":\"ListItem\",\"position\":4,\"name\":\"Antidekubitusne blazine\",\"item\":\"https:\/\/www.mivam.com\/kategorija-izdelka\/invalidski-vozicki-in-skuterji\/antidekubitusne-blazine\/\"},{\"@type\":\"ListItem\",\"position\":5,\"name\":\"AXIOM G \/ S \/ P\"}]},{\"@type\":\"WebSite\",\"@id\":\"https:\/\/www.mivam.com\/#website\",\"url\":\"https:\/\/www.mivam.com\/\",\"name\":\"Mi Vam\",\"description\":\"Medicinski pripomo\u010dki in re\u0161itve za manj odvisno \u017eivljenje.\",\"potentialAction\":[{\"@type\":\"SearchAction\",\"target\":{\"@type\":\"EntryPoint\",\"urlTemplate\":\"https:\/\/www.mivam.com\/?s={search_term_string}\"},\"query-input\":{\"@type\":\"PropertyValueSpecification\",\"valueRequired\":true,\"valueName\":\"search_term_string\"}}],\"inLanguage\":\"en-US\"}]}<\/script>\n<!-- \/ Yoast SEO plugin. -->","yoast_head_json":{"title":"AXIOM G \/ S \/ P - Mi Vam","description":"Kjer se znanost sre\u010da z udobjem Izkusite popolno ravnovesje med inovacijami, kakovostjo in podporo z blazinami za invalidske vozi\u010dke Axiom. Te blazine, zasnovane v skladu z na\u010deli Axiom Difference, zagotavljajo izjemno udobje, vzdr\u017eljivost in klini\u010dno u\u010dinkovitost \u2013 kar zagotavlja pravilno prileganje za \u0161irok spekter potreb.","robots":{"index":"index","follow":"follow","max-snippet":"max-snippet:-1","max-image-preview":"max-image-preview:large","max-video-preview":"max-video-preview:-1"},"canonical":"https:\/\/www.mivam.com\/izdelek\/axiom-g-s-p\/","og_locale":"en_US","og_type":"article","og_title":"AXIOM G \/ S \/ P - Mi Vam","og_description":"Kjer se znanost sre\u010da z udobjem Izkusite popolno ravnovesje med inovacijami, kakovostjo in podporo z blazinami za invalidske vozi\u010dke Axiom. Te blazine, zasnovane v skladu z na\u010deli Axiom Difference, zagotavljajo izjemno udobje, vzdr\u017eljivost in klini\u010dno u\u010dinkovitost \u2013 kar zagotavlja pravilno prileganje za \u0161irok spekter potreb.","og_url":"https:\/\/www.mivam.com\/izdelek\/axiom-g-s-p\/","og_site_name":"Mi Vam","article_modified_time":"2026-03-18T14:28:47+00:00","og_image":[{"width":1099,"height":698,"url":"https:\/\/www.mivam.com\/wp-content\/uploads\/2026\/03\/mivam-axiom-g-s-p.jpg","type":"image\/jpeg"}],"twitter_card":"summary_large_image","twitter_misc":{"Est. reading time":"5 minutes"},"schema":{"@context":"https:\/\/schema.org","@graph":[{"@type":"WebPage","@id":"https:\/\/www.mivam.com\/izdelek\/axiom-g-s-p\/","url":"https:\/\/www.mivam.com\/izdelek\/axiom-g-s-p\/","name":"AXIOM G \/ S \/ P - Mi Vam","isPartOf":{"@id":"https:\/\/www.mivam.com\/#website"},"primaryImageOfPage":{"@id":"https:\/\/www.mivam.com\/izdelek\/axiom-g-s-p\/#primaryimage"},"image":{"@id":"https:\/\/www.mivam.com\/izdelek\/axiom-g-s-p\/#primaryimage"},"thumbnailUrl":"https:\/\/www.mivam.com\/wp-content\/uploads\/2026\/03\/mivam-axiom-g-s-p.jpg","datePublished":"2026-03-18T06:09:56+00:00","dateModified":"2026-03-18T14:28:47+00:00","description":"Kjer se znanost sre\u010da z udobjem Izkusite popolno ravnovesje med inovacijami, kakovostjo in podporo z blazinami za invalidske vozi\u010dke Axiom. Te blazine, zasnovane v skladu z na\u010deli Axiom Difference, zagotavljajo izjemno udobje, vzdr\u017eljivost in klini\u010dno u\u010dinkovitost \u2013 kar zagotavlja pravilno prileganje za \u0161irok spekter potreb.","breadcrumb":{"@id":"https:\/\/www.mivam.com\/izdelek\/axiom-g-s-p\/#breadcrumb"},"inLanguage":"en-US","potentialAction":[{"@type":"ReadAction","target":["https:\/\/www.mivam.com\/izdelek\/axiom-g-s-p\/"]}]},{"@type":"ImageObject","inLanguage":"en-US","@id":"https:\/\/www.mivam.com\/izdelek\/axiom-g-s-p\/#primaryimage","url":"https:\/\/www.mivam.com\/wp-content\/uploads\/2026\/03\/mivam-axiom-g-s-p.jpg","contentUrl":"https:\/\/www.mivam.com\/wp-content\/uploads\/2026\/03\/mivam-axiom-g-s-p.jpg","width":1099,"height":698},{"@type":"BreadcrumbList","@id":"https:\/\/www.mivam.com\/izdelek\/axiom-g-s-p\/#breadcrumb","itemListElement":[{"@type":"ListItem","position":1,"name":"Domov","item":"https:\/\/www.mivam.com\/"},{"@type":"ListItem","position":2,"name":"Shop","item":"https:\/\/www.mivam.com\/en\/shop\/"},{"@type":"ListItem","position":3,"name":"Invalidski vozi\u010dki in skuterji","item":"https:\/\/www.mivam.com\/kategorija-izdelka\/invalidski-vozicki-in-skuterji\/"},{"@type":"ListItem","position":4,"name":"Antidekubitusne blazine","item":"https:\/\/www.mivam.com\/kategorija-izdelka\/invalidski-vozicki-in-skuterji\/antidekubitusne-blazine\/"},{"@type":"ListItem","position":5,"name":"AXIOM G \/ S \/ P"}]},{"@type":"WebSite","@id":"https:\/\/www.mivam.com\/#website","url":"https:\/\/www.mivam.com\/","name":"Mi Vam","description":"Medicinski pripomo\u010dki in re\u0161itve za manj odvisno \u017eivljenje.","potentialAction":[{"@type":"SearchAction","target":{"@type":"EntryPoint","urlTemplate":"https:\/\/www.mivam.com\/?s={search_term_string}"},"query-input":{"@type":"PropertyValueSpecification","valueRequired":true,"valueName":"search_term_string"}}],"inLanguage":"en-US"}]}},"_links":{"self":[{"href":"https:\/\/www.mivam.com\/en\/wp-json\/wp\/v2\/product\/10529","targetHints":{"allow":["GET"]}}],"collection":[{"href":"https:\/\/www.mivam.com\/en\/wp-json\/wp\/v2\/product"}],"about":[{"href":"https:\/\/www.mivam.com\/en\/wp-json\/wp\/v2\/types\/product"}],"replies":[{"embeddable":true,"href":"https:\/\/www.mivam.com\/en\/wp-json\/wp\/v2\/comments?post=10529"}],"wp:featuredmedia":[{"embeddable":true,"href":"https:\/\/www.mivam.com\/en\/wp-json\/wp\/v2\/media\/10530"}],"wp:attachment":[{"href":"https:\/\/www.mivam.com\/en\/wp-json\/wp\/v2\/media?parent=10529"}],"wp:term":[{"taxonomy":"product_brand","embeddable":true,"href":"https:\/\/www.mivam.com\/en\/wp-json\/wp\/v2\/product_brand?post=10529"},{"taxonomy":"product_cat","embeddable":true,"href":"https:\/\/www.mivam.com\/en\/wp-json\/wp\/v2\/product_cat?post=10529"},{"taxonomy":"product_tag","embeddable":true,"href":"https:\/\/www.mivam.com\/en\/wp-json\/wp\/v2\/product_tag?post=10529"}],"curies":[{"name":"wp","href":"https:\/\/api.w.org\/{rel}","templated":true}]}}