{"id":10515,"date":"2026-03-18T07:02:06","date_gmt":"2026-03-18T06:02:06","guid":{"rendered":"https:\/\/www.mivam.com\/?post_type=product&#038;p=10515"},"modified":"2026-03-18T15:26:30","modified_gmt":"2026-03-18T14:26:30","slug":"axiom-one","status":"publish","type":"product","link":"https:\/\/www.mivam.com\/en\/izdelek\/axiom-one\/","title":{"rendered":"AXIOM ONE"},"content":{"rendered":"<div class=\"wpb-content-wrapper\"><p>[vc_row full_width=&#8221;stretch_row&#8221; css=&#8221;.vc_custom_1773653757318{background-color: #fffcfc !important;}&#8221; el_class=&#8221;single-product-wide-img&#8221;][vc_column][vc_empty_space height=&#8221;60px&#8221;][vc_column_text]<\/p>\n<h2 style=\"text-align: center\">Podrobnosti:<\/h2>\n<p>[\/vc_column_text][vc_row_inner][vc_column_inner width=&#8221;1\/2&#8243;][vc_single_image image=&#8221;10524&#8243; alignment=&#8221;center&#8221;][\/vc_column_inner][vc_column_inner width=&#8221;1\/2&#8243;][vc_column_text]<\/p>\n<h3 class=\"product-page-feature-tour-header\">Predhodno oblikovana oblika<\/h3>\n<p class=\"product-page-feature-tour-header\">Axiom One ima blago predhodno oblikovano obliko, ki izbolj\u0161a pozicioniranje in udobje, ne da bi pri tem omejeval gibanje. Njegova oblikovana oblika spodbuja oprijem z omejeno potopitvijo, kar ustvarja podporno, a neomejeno povr\u0161ino za sedenje. Po\u0161evno dno je zasnovano tako, da se brezhibno integrira z oblazinjenjem invalidskega vozi\u010dka za bolj\u0161o stabilnost in prileganje.<\/p>\n<p>[\/vc_column_text][\/vc_column_inner][\/vc_row_inner][vc_empty_space height=&#8221;40px&#8221;][vc_row_inner][vc_column_inner width=&#8221;1\/2&#8243;][vc_column_text]<\/p>\n<h3 class=\"product-page-feature-tour-header\">Nepremo\u010dljiva prevleka<\/h3>\n<p class=\"product-page-feature-tour-header\">Axiom One ima prevleko iz poliuretana, ki jo je mogo\u010de obrisati in je odporna proti inkontinenci, zasnovana za enostavno vzdr\u017eevanje in dolgotrajno za\u0161\u010dito. V kombinaciji z enako vodoodporno zadrgo, ki se uporablja v celotni liniji blazin Axiom, prevleka pomaga za\u0161\u010dititi peno, hkrati pa omogo\u010da hitro in enostavno odstranitev za \u010di\u0161\u010denje.<\/p>\n<p>[\/vc_column_text][\/vc_column_inner][vc_column_inner width=&#8221;1\/2&#8243;][vc_single_image image=&#8221;10522&#8243; alignment=&#8221;center&#8221;][\/vc_column_inner][\/vc_row_inner][vc_empty_space height=&#8221;40px&#8221;][vc_row_inner][vc_column_inner width=&#8221;1\/2&#8243;][vc_single_image image=&#8221;10526&#8243; alignment=&#8221;center&#8221;][\/vc_column_inner][vc_column_inner width=&#8221;1\/2&#8243;][vc_column_text]<\/p>\n<h3 class=\"product-page-feature-tour-header\">Visokokakovostni materiali<\/h3>\n<p class=\"product-page-feature-tour-header\">Axiom One je izdelan iz iste poliuretanske pene z visoko stopnjo IFD kot Axiom G, kar zagotavlja dolgotrajno oporo in udobje, ki ju pri\u010dakujete od Axioma. Njegova prevleka ima 4-smerno raztegljivo, vodoodporno kontaktno povr\u0161ino za vzdr\u017eljivost in enostavno vzdr\u017eevanje. Zasnovana brez je\u017ekov, nedrse\u010da spodnja plo\u0161\u010da pove\u010duje stabilnost, hkrati pa omogo\u010da zdru\u017eljivost s \u0161iroko paleto sede\u017enih povr\u0161in.<\/p>\n<p>[\/vc_column_text][\/vc_column_inner][\/vc_row_inner][vc_empty_space height=&#8221;60px&#8221;][vc_empty_space height=&#8221;60px&#8221;][vc_empty_space height=&#8221;60px&#8221;][vc_column_text]<\/p>\n<h2 style=\"text-align: center\">Specifikacije:<\/h2>\n<p>[\/vc_column_text][vc_row_inner][vc_column_inner][vc_column_text]<\/p>\n<div class=\"specTable specTablefiftyfifty\">\n<table>\n<tbody>\n<tr class=\"specTableRowGrey\">\n<td class=\"specTableRowHeader\">\u0160irina<\/td>\n<td>35,6; 40,6 \u2013 45,7; 50,8; 55,9 cm<\/td>\n<\/tr>\n<tr>\n<td class=\"specTableRowHeader\">Globina<\/td>\n<td>35,6; 40,6 \u2013 45,7; 50,8 cm<\/td>\n<\/tr>\n<tr class=\"specTableRowGrey\">\n<td class=\"specTableRowHeader\">Vi\u0161ina (opore za noge)<\/td>\n<td>3,8 cm<\/td>\n<\/tr>\n<tr>\n<td class=\"specTableRowHeader\">Vi\u0161ina (skupna)<\/td>\n<td>6,1 cm<\/td>\n<\/tr>\n<tr class=\"specTableRowGrey\">\n<td class=\"specTableRowHeader\">Te\u017ea*<\/td>\n<td>0,9 kg<\/td>\n<\/tr>\n<tr>\n<td class=\"specTableRowHeader\">Nosilnost<\/td>\n<td>158,8 kg<\/td>\n<\/tr>\n<tr class=\"specTableRowGrey\">\n<td class=\"specTableRowHeader\">HCPCS<\/td>\n<td>E2601\/2<\/td>\n<\/tr>\n<\/tbody>\n<\/table>\n<div class=\"product-page-feature-tour-par product-page-indent-disclaimer\">\n<div class=\"product-page-spec-footnote-item\"><span class=\"ki-red-asterik\">*<\/span> Izra\u010dun te\u017ee temelji na blazini velikosti 45 \u00d7 45 cm.<\/div>\n<\/div>\n<\/div>\n<p>[\/vc_column_text][\/vc_column_inner][\/vc_row_inner][vc_empty_space height=&#8221;60px&#8221;][vc_empty_space height=&#8221;60px&#8221;][\/vc_column][\/vc_row]<\/p>\n<\/div>","protected":false},"excerpt":{"rendered":"<h3 class=\"product-page-catalyst-hero-text-title\">Cenovno ugodno udobje, zaupanja vredna kakovost<\/h3>\n<div class=\"product-page-catalyst-hero-text-title\">Odkrijte Axiom One \u2013 vzglavnik za splo\u0161no uporabo, ki je zasnovan z mislijo na na\u010dela Axiom Difference. Izdelan iz enakih visokokakovostnih materialov, ki jim zaupate, Axiom One zagotavlja zanesljivo oporo, vzdr\u017eljivost in vsestranskost \u2013 brez kompromisov pokriva bistvene stvari.<\/div>\n","protected":false},"featured_media":10520,"comment_status":"closed","ping_status":"closed","template":"","meta":[],"product_brand":[],"product_cat":[222,41],"product_tag":[267,244,243,92,951,949,85,100,921,920,950,160],"class_list":{"0":"post-10515","1":"product","2":"type-product","3":"status-publish","4":"has-post-thumbnail","6":"product_cat-invalidski-vozicki-in-skuterji","7":"product_cat-antidekubitusne-blazine","8":"product_tag-267","9":"product_tag-244","10":"product_tag-243","11":"product_tag-antidekubitusna","12":"product_tag-axiom","13":"product_tag-axiom-one","14":"product_tag-blazina","15":"product_tag-etac","16":"product_tag-ki","17":"product_tag-ki-mobility","18":"product_tag-one","19":"product_tag-sedezna-blazina","21":"first","22":"onbackorder","23":"taxable","24":"shipping-taxable","25":"product-type-simple"},"yoast_head":"<!-- This site is optimized with the Yoast SEO plugin v24.0 - https:\/\/yoast.com\/wordpress\/plugins\/seo\/ -->\n<title>AXIOM ONE - Mi Vam<\/title>\n<meta name=\"description\" content=\"Cenovno ugodno udobje, zaupanja vredna kakovost Odkrijte Axiom One \u2013 vzglavnik za splo\u0161no uporabo, ki je zasnovan z mislijo na na\u010dela Axiom Difference. Izdelan iz enakih visokokakovostnih materialov, ki jim zaupate, Axiom One zagotavlja zanesljivo oporo, vzdr\u017eljivost in vsestranskost \u2013 brez kompromisov pokriva bistvene stvari.\" \/>\n<meta name=\"robots\" content=\"index, follow, max-snippet:-1, max-image-preview:large, max-video-preview:-1\" \/>\n<link rel=\"canonical\" href=\"https:\/\/www.mivam.com\/izdelek\/axiom-one\/\" \/>\n<meta property=\"og:locale\" content=\"en_US\" \/>\n<meta property=\"og:type\" content=\"article\" \/>\n<meta property=\"og:title\" content=\"AXIOM ONE - Mi Vam\" \/>\n<meta property=\"og:description\" content=\"Cenovno ugodno udobje, zaupanja vredna kakovost Odkrijte Axiom One \u2013 vzglavnik za splo\u0161no uporabo, ki je zasnovan z mislijo na na\u010dela Axiom Difference. Izdelan iz enakih visokokakovostnih materialov, ki jim zaupate, Axiom One zagotavlja zanesljivo oporo, vzdr\u017eljivost in vsestranskost \u2013 brez kompromisov pokriva bistvene stvari.\" \/>\n<meta property=\"og:url\" content=\"https:\/\/www.mivam.com\/izdelek\/axiom-one\/\" \/>\n<meta property=\"og:site_name\" content=\"Mi Vam\" \/>\n<meta property=\"article:modified_time\" content=\"2026-03-18T14:26:30+00:00\" \/>\n<meta property=\"og:image\" content=\"https:\/\/www.mivam.com\/wp-content\/uploads\/2026\/03\/axonehero.png\" \/>\n\t<meta property=\"og:image:width\" content=\"1000\" \/>\n\t<meta property=\"og:image:height\" content=\"649\" \/>\n\t<meta property=\"og:image:type\" content=\"image\/png\" \/>\n<meta name=\"twitter:card\" content=\"summary_large_image\" \/>\n<meta name=\"twitter:label1\" content=\"Est. reading time\" \/>\n\t<meta name=\"twitter:data1\" content=\"3 minutes\" \/>\n<script type=\"application\/ld+json\" class=\"yoast-schema-graph\">{\"@context\":\"https:\/\/schema.org\",\"@graph\":[{\"@type\":\"WebPage\",\"@id\":\"https:\/\/www.mivam.com\/izdelek\/axiom-one\/\",\"url\":\"https:\/\/www.mivam.com\/izdelek\/axiom-one\/\",\"name\":\"AXIOM ONE - Mi Vam\",\"isPartOf\":{\"@id\":\"https:\/\/www.mivam.com\/#website\"},\"primaryImageOfPage\":{\"@id\":\"https:\/\/www.mivam.com\/izdelek\/axiom-one\/#primaryimage\"},\"image\":{\"@id\":\"https:\/\/www.mivam.com\/izdelek\/axiom-one\/#primaryimage\"},\"thumbnailUrl\":\"https:\/\/www.mivam.com\/wp-content\/uploads\/2026\/03\/axonehero.png\",\"datePublished\":\"2026-03-18T06:02:06+00:00\",\"dateModified\":\"2026-03-18T14:26:30+00:00\",\"description\":\"Cenovno ugodno udobje, zaupanja vredna kakovost Odkrijte Axiom One \u2013 vzglavnik za splo\u0161no uporabo, ki je zasnovan z mislijo na na\u010dela Axiom Difference. Izdelan iz enakih visokokakovostnih materialov, ki jim zaupate, Axiom One zagotavlja zanesljivo oporo, vzdr\u017eljivost in vsestranskost \u2013 brez kompromisov pokriva bistvene stvari.\",\"breadcrumb\":{\"@id\":\"https:\/\/www.mivam.com\/izdelek\/axiom-one\/#breadcrumb\"},\"inLanguage\":\"en-US\",\"potentialAction\":[{\"@type\":\"ReadAction\",\"target\":[\"https:\/\/www.mivam.com\/izdelek\/axiom-one\/\"]}]},{\"@type\":\"ImageObject\",\"inLanguage\":\"en-US\",\"@id\":\"https:\/\/www.mivam.com\/izdelek\/axiom-one\/#primaryimage\",\"url\":\"https:\/\/www.mivam.com\/wp-content\/uploads\/2026\/03\/axonehero.png\",\"contentUrl\":\"https:\/\/www.mivam.com\/wp-content\/uploads\/2026\/03\/axonehero.png\",\"width\":1000,\"height\":649},{\"@type\":\"BreadcrumbList\",\"@id\":\"https:\/\/www.mivam.com\/izdelek\/axiom-one\/#breadcrumb\",\"itemListElement\":[{\"@type\":\"ListItem\",\"position\":1,\"name\":\"Domov\",\"item\":\"https:\/\/www.mivam.com\/\"},{\"@type\":\"ListItem\",\"position\":2,\"name\":\"Shop\",\"item\":\"https:\/\/www.mivam.com\/en\/shop\/\"},{\"@type\":\"ListItem\",\"position\":3,\"name\":\"Invalidski vozi\u010dki in skuterji\",\"item\":\"https:\/\/www.mivam.com\/kategorija-izdelka\/invalidski-vozicki-in-skuterji\/\"},{\"@type\":\"ListItem\",\"position\":4,\"name\":\"Antidekubitusne blazine\",\"item\":\"https:\/\/www.mivam.com\/kategorija-izdelka\/invalidski-vozicki-in-skuterji\/antidekubitusne-blazine\/\"},{\"@type\":\"ListItem\",\"position\":5,\"name\":\"AXIOM ONE\"}]},{\"@type\":\"WebSite\",\"@id\":\"https:\/\/www.mivam.com\/#website\",\"url\":\"https:\/\/www.mivam.com\/\",\"name\":\"Mi Vam\",\"description\":\"Medicinski pripomo\u010dki in re\u0161itve za manj odvisno \u017eivljenje.\",\"potentialAction\":[{\"@type\":\"SearchAction\",\"target\":{\"@type\":\"EntryPoint\",\"urlTemplate\":\"https:\/\/www.mivam.com\/?s={search_term_string}\"},\"query-input\":{\"@type\":\"PropertyValueSpecification\",\"valueRequired\":true,\"valueName\":\"search_term_string\"}}],\"inLanguage\":\"en-US\"}]}<\/script>\n<!-- \/ Yoast SEO plugin. -->","yoast_head_json":{"title":"AXIOM ONE - Mi Vam","description":"Cenovno ugodno udobje, zaupanja vredna kakovost Odkrijte Axiom One \u2013 vzglavnik za splo\u0161no uporabo, ki je zasnovan z mislijo na na\u010dela Axiom Difference. Izdelan iz enakih visokokakovostnih materialov, ki jim zaupate, Axiom One zagotavlja zanesljivo oporo, vzdr\u017eljivost in vsestranskost \u2013 brez kompromisov pokriva bistvene stvari.","robots":{"index":"index","follow":"follow","max-snippet":"max-snippet:-1","max-image-preview":"max-image-preview:large","max-video-preview":"max-video-preview:-1"},"canonical":"https:\/\/www.mivam.com\/izdelek\/axiom-one\/","og_locale":"en_US","og_type":"article","og_title":"AXIOM ONE - Mi Vam","og_description":"Cenovno ugodno udobje, zaupanja vredna kakovost Odkrijte Axiom One \u2013 vzglavnik za splo\u0161no uporabo, ki je zasnovan z mislijo na na\u010dela Axiom Difference. Izdelan iz enakih visokokakovostnih materialov, ki jim zaupate, Axiom One zagotavlja zanesljivo oporo, vzdr\u017eljivost in vsestranskost \u2013 brez kompromisov pokriva bistvene stvari.","og_url":"https:\/\/www.mivam.com\/izdelek\/axiom-one\/","og_site_name":"Mi Vam","article_modified_time":"2026-03-18T14:26:30+00:00","og_image":[{"width":1000,"height":649,"url":"https:\/\/www.mivam.com\/wp-content\/uploads\/2026\/03\/axonehero.png","type":"image\/png"}],"twitter_card":"summary_large_image","twitter_misc":{"Est. reading time":"3 minutes"},"schema":{"@context":"https:\/\/schema.org","@graph":[{"@type":"WebPage","@id":"https:\/\/www.mivam.com\/izdelek\/axiom-one\/","url":"https:\/\/www.mivam.com\/izdelek\/axiom-one\/","name":"AXIOM ONE - Mi Vam","isPartOf":{"@id":"https:\/\/www.mivam.com\/#website"},"primaryImageOfPage":{"@id":"https:\/\/www.mivam.com\/izdelek\/axiom-one\/#primaryimage"},"image":{"@id":"https:\/\/www.mivam.com\/izdelek\/axiom-one\/#primaryimage"},"thumbnailUrl":"https:\/\/www.mivam.com\/wp-content\/uploads\/2026\/03\/axonehero.png","datePublished":"2026-03-18T06:02:06+00:00","dateModified":"2026-03-18T14:26:30+00:00","description":"Cenovno ugodno udobje, zaupanja vredna kakovost Odkrijte Axiom One \u2013 vzglavnik za splo\u0161no uporabo, ki je zasnovan z mislijo na na\u010dela Axiom Difference. Izdelan iz enakih visokokakovostnih materialov, ki jim zaupate, Axiom One zagotavlja zanesljivo oporo, vzdr\u017eljivost in vsestranskost \u2013 brez kompromisov pokriva bistvene stvari.","breadcrumb":{"@id":"https:\/\/www.mivam.com\/izdelek\/axiom-one\/#breadcrumb"},"inLanguage":"en-US","potentialAction":[{"@type":"ReadAction","target":["https:\/\/www.mivam.com\/izdelek\/axiom-one\/"]}]},{"@type":"ImageObject","inLanguage":"en-US","@id":"https:\/\/www.mivam.com\/izdelek\/axiom-one\/#primaryimage","url":"https:\/\/www.mivam.com\/wp-content\/uploads\/2026\/03\/axonehero.png","contentUrl":"https:\/\/www.mivam.com\/wp-content\/uploads\/2026\/03\/axonehero.png","width":1000,"height":649},{"@type":"BreadcrumbList","@id":"https:\/\/www.mivam.com\/izdelek\/axiom-one\/#breadcrumb","itemListElement":[{"@type":"ListItem","position":1,"name":"Domov","item":"https:\/\/www.mivam.com\/"},{"@type":"ListItem","position":2,"name":"Shop","item":"https:\/\/www.mivam.com\/en\/shop\/"},{"@type":"ListItem","position":3,"name":"Invalidski vozi\u010dki in skuterji","item":"https:\/\/www.mivam.com\/kategorija-izdelka\/invalidski-vozicki-in-skuterji\/"},{"@type":"ListItem","position":4,"name":"Antidekubitusne blazine","item":"https:\/\/www.mivam.com\/kategorija-izdelka\/invalidski-vozicki-in-skuterji\/antidekubitusne-blazine\/"},{"@type":"ListItem","position":5,"name":"AXIOM ONE"}]},{"@type":"WebSite","@id":"https:\/\/www.mivam.com\/#website","url":"https:\/\/www.mivam.com\/","name":"Mi Vam","description":"Medicinski pripomo\u010dki in re\u0161itve za manj odvisno \u017eivljenje.","potentialAction":[{"@type":"SearchAction","target":{"@type":"EntryPoint","urlTemplate":"https:\/\/www.mivam.com\/?s={search_term_string}"},"query-input":{"@type":"PropertyValueSpecification","valueRequired":true,"valueName":"search_term_string"}}],"inLanguage":"en-US"}]}},"_links":{"self":[{"href":"https:\/\/www.mivam.com\/en\/wp-json\/wp\/v2\/product\/10515","targetHints":{"allow":["GET"]}}],"collection":[{"href":"https:\/\/www.mivam.com\/en\/wp-json\/wp\/v2\/product"}],"about":[{"href":"https:\/\/www.mivam.com\/en\/wp-json\/wp\/v2\/types\/product"}],"replies":[{"embeddable":true,"href":"https:\/\/www.mivam.com\/en\/wp-json\/wp\/v2\/comments?post=10515"}],"wp:featuredmedia":[{"embeddable":true,"href":"https:\/\/www.mivam.com\/en\/wp-json\/wp\/v2\/media\/10520"}],"wp:attachment":[{"href":"https:\/\/www.mivam.com\/en\/wp-json\/wp\/v2\/media?parent=10515"}],"wp:term":[{"taxonomy":"product_brand","embeddable":true,"href":"https:\/\/www.mivam.com\/en\/wp-json\/wp\/v2\/product_brand?post=10515"},{"taxonomy":"product_cat","embeddable":true,"href":"https:\/\/www.mivam.com\/en\/wp-json\/wp\/v2\/product_cat?post=10515"},{"taxonomy":"product_tag","embeddable":true,"href":"https:\/\/www.mivam.com\/en\/wp-json\/wp\/v2\/product_tag?post=10515"}],"curies":[{"name":"wp","href":"https:\/\/api.w.org\/{rel}","templated":true}]}}